{"id":46041,"date":"2018-05-18T09:54:58","date_gmt":"2023-06-05T15:03:11","guid":{"rendered":"https:\/\/cardinal.pixel-tal.de\/klebebaender\/non%20class\u00e9\/ca-352-ruban-adhesif-en-tissu-enduit-de-pe\/"},"modified":"2025-07-02T15:15:43","modified_gmt":"2025-07-02T13:15:43","slug":"ca-352-pe-bande-adhesive-tissee-enduite","status":"publish","type":"product","link":"https:\/\/cardinal-tapes.com\/fr\/rubans-adh\u00e9sifs\/rubans-adhesifs-simple-face\/ca-352-pe-bande-adhesive-tissee-enduite\/","title":{"rendered":"CA-352 Ruban adh\u00e9sif en tissu enduit de PE"},"content":{"rendered":"<p>CA-352 est un ruban adh\u00e9sif tiss\u00e9 enduit de PE, \u00e0 usage g\u00e9n\u00e9ral.<br \/>\nConvient bien aux applications int\u00e9rieures et \u00e0 presque tous les types d&#8217;applications dans l&#8217;\u00e9v\u00e9nementiel ou la construction de stands. En outre,<br \/>\n, il peut \u00eatre utilis\u00e9 de mani\u00e8re variable dans l&#8217;industrie et la construction.<\/p>\n","protected":false},"excerpt":{"rendered":"<p>CA-352 est un ruban adh\u00e9sif tiss\u00e9 enduit de PE, \u00e0 usage g\u00e9n\u00e9ral. Convient bien aux applications int\u00e9rieures et \u00e0 presque tous les types d&#8217;applications dans l&#8217;\u00e9v\u00e9nementiel ou la construction de stands. En outre, , il peut \u00eatre utilis\u00e9 de mani\u00e8re variable dans l&#8217;industrie et la construction.<\/p>\n","protected":false},"featured_media":27120,"template":"","meta":{"_acf_changed":false},"pwb-brand":[2171],"product_brand":[],"product_cat":[1836],"product_tag":[],"class_list":{"0":"post-46041","1":"product","2":"type-product","3":"status-publish","4":"has-post-thumbnail","6":"pwb-brand-cardinal-gmbh-fr","7":"product_cat-rubans-adhesifs-simple-face","9":"first","10":"instock","11":"taxable","12":"shipping-taxable","13":"purchasable","14":"product-type-variable"},"acf":[],"yoast_head":"<!-- This site is optimized with the Yoast SEO plugin v27.3 - https:\/\/yoast.com\/product\/yoast-seo-wordpress\/ -->\n<title>CA-352 Ruban adh\u00e9sif en tissu enduit de PE | Cardinal TAPES<\/title>\n<meta name=\"description\" content=\"CA-352 est un ruban adh\u00e9sif tiss\u00e9 enduit de PE, destin\u00e9 \u00e0 un usage g\u00e9n\u00e9ral. Apprenez-en plus sur notre ruban adh\u00e9sif de haute qualit\u00e9 ici.\" \/>\n<meta name=\"robots\" content=\"index, follow, max-snippet:-1, max-image-preview:large, max-video-preview:-1\" \/>\n<link rel=\"canonical\" href=\"https:\/\/cardinal-tapes.com\/fr\/rubans-adh\u00e9sifs\/rubans-adhesifs-simple-face\/ca-352-pe-bande-adhesive-tissee-enduite\/\" \/>\n<meta property=\"og:locale\" content=\"fr_FR\" \/>\n<meta property=\"og:type\" content=\"article\" \/>\n<meta property=\"og:title\" content=\"CA-352 Ruban adh\u00e9sif en tissu enduit de PE | Cardinal TAPES\" \/>\n<meta property=\"og:description\" content=\"CA-352 est un ruban adh\u00e9sif tiss\u00e9 enduit de PE, destin\u00e9 \u00e0 un usage g\u00e9n\u00e9ral. Apprenez-en plus sur notre ruban adh\u00e9sif de haute qualit\u00e9 ici.\" \/>\n<meta property=\"og:url\" content=\"https:\/\/cardinal-tapes.com\/fr\/rubans-adh\u00e9sifs\/rubans-adhesifs-simple-face\/ca-352-pe-bande-adhesive-tissee-enduite\/\" \/>\n<meta property=\"og:site_name\" content=\"cardinal TAPES\" \/>\n<meta property=\"article:modified_time\" content=\"2025-07-02T13:15:43+00:00\" \/>\n<meta property=\"og:image\" content=\"https:\/\/cardinal-tapes.com\/wp-content\/uploads\/CA_352_retouched.jpg\" \/>\n\t<meta property=\"og:image:width\" content=\"1400\" \/>\n\t<meta property=\"og:image:height\" content=\"1091\" \/>\n\t<meta property=\"og:image:type\" content=\"image\/jpeg\" \/>\n<meta name=\"twitter:card\" content=\"summary_large_image\" \/>\n<script type=\"application\/ld+json\" class=\"yoast-schema-graph\">{\"@context\":\"https:\\\/\\\/schema.org\",\"@graph\":[{\"@type\":\"WebPage\",\"@id\":\"https:\\\/\\\/cardinal-tapes.com\\\/fr\\\/rubans-adh\u00e9sifs\\\/rubans-adhesifs-simple-face\\\/ca-352-pe-bande-adhesive-tissee-enduite\\\/\",\"url\":\"https:\\\/\\\/cardinal-tapes.com\\\/fr\\\/rubans-adh\u00e9sifs\\\/rubans-adhesifs-simple-face\\\/ca-352-pe-bande-adhesive-tissee-enduite\\\/\",\"name\":\"CA-352 Ruban adh\u00e9sif en tissu enduit de PE | Cardinal TAPES\",\"isPartOf\":{\"@id\":\"https:\\\/\\\/cardinal-tapes.com\\\/#website\"},\"primaryImageOfPage\":{\"@id\":\"https:\\\/\\\/cardinal-tapes.com\\\/fr\\\/rubans-adh\u00e9sifs\\\/rubans-adhesifs-simple-face\\\/ca-352-pe-bande-adhesive-tissee-enduite\\\/#primaryimage\"},\"image\":{\"@id\":\"https:\\\/\\\/cardinal-tapes.com\\\/fr\\\/rubans-adh\u00e9sifs\\\/rubans-adhesifs-simple-face\\\/ca-352-pe-bande-adhesive-tissee-enduite\\\/#primaryimage\"},\"thumbnailUrl\":\"https:\\\/\\\/cardinal-tapes.com\\\/wp-content\\\/uploads\\\/CA_352_retouched.jpg\",\"datePublished\":\"2023-06-05T15:03:11+00:00\",\"dateModified\":\"2025-07-02T13:15:43+00:00\",\"description\":\"CA-352 est un ruban adh\u00e9sif tiss\u00e9 enduit de PE, destin\u00e9 \u00e0 un usage g\u00e9n\u00e9ral. Apprenez-en plus sur notre ruban adh\u00e9sif de haute qualit\u00e9 ici.\",\"breadcrumb\":{\"@id\":\"https:\\\/\\\/cardinal-tapes.com\\\/fr\\\/rubans-adh\u00e9sifs\\\/rubans-adhesifs-simple-face\\\/ca-352-pe-bande-adhesive-tissee-enduite\\\/#breadcrumb\"},\"inLanguage\":\"fr-FR\",\"potentialAction\":[{\"@type\":\"ReadAction\",\"target\":[\"https:\\\/\\\/cardinal-tapes.com\\\/fr\\\/rubans-adh\u00e9sifs\\\/rubans-adhesifs-simple-face\\\/ca-352-pe-bande-adhesive-tissee-enduite\\\/\"]}]},{\"@type\":\"ImageObject\",\"inLanguage\":\"fr-FR\",\"@id\":\"https:\\\/\\\/cardinal-tapes.com\\\/fr\\\/rubans-adh\u00e9sifs\\\/rubans-adhesifs-simple-face\\\/ca-352-pe-bande-adhesive-tissee-enduite\\\/#primaryimage\",\"url\":\"https:\\\/\\\/cardinal-tapes.com\\\/wp-content\\\/uploads\\\/CA_352_retouched.jpg\",\"contentUrl\":\"https:\\\/\\\/cardinal-tapes.com\\\/wp-content\\\/uploads\\\/CA_352_retouched.jpg\",\"width\":1400,\"height\":1091,\"caption\":\"Ruban adh\u00e9sif CA 352\"},{\"@type\":\"BreadcrumbList\",\"@id\":\"https:\\\/\\\/cardinal-tapes.com\\\/fr\\\/rubans-adh\u00e9sifs\\\/rubans-adhesifs-simple-face\\\/ca-352-pe-bande-adhesive-tissee-enduite\\\/#breadcrumb\",\"itemListElement\":[{\"@type\":\"ListItem\",\"position\":1,\"name\":\"Startseite\",\"item\":\"https:\\\/\\\/cardinal-tapes.com\\\/fr\\\/accueil\\\/\"},{\"@type\":\"ListItem\",\"position\":2,\"name\":\"Rubans adh\u00e9sifs\",\"item\":\"https:\\\/\\\/cardinal-tapes.com\\\/fr\\\/rubans-adhesifs-fr\\\/\"},{\"@type\":\"ListItem\",\"position\":3,\"name\":\"Einseitige Klebeb\u00e4nder\",\"item\":\"https:\\\/\\\/cardinal-tapes.com\\\/kategorie\\\/einseitige-klebebaender\\\/\"},{\"@type\":\"ListItem\",\"position\":4,\"name\":\"CA-352 Ruban adh\u00e9sif en tissu enduit de PE\"}]},{\"@type\":\"WebSite\",\"@id\":\"https:\\\/\\\/cardinal-tapes.com\\\/#website\",\"url\":\"https:\\\/\\\/cardinal-tapes.com\\\/\",\"name\":\"cardinal TAPES\",\"description\":\"Klebetechnik aus Wuppertal\",\"potentialAction\":[{\"@type\":\"SearchAction\",\"target\":{\"@type\":\"EntryPoint\",\"urlTemplate\":\"https:\\\/\\\/cardinal-tapes.com\\\/?s={search_term_string}\"},\"query-input\":{\"@type\":\"PropertyValueSpecification\",\"valueRequired\":true,\"valueName\":\"search_term_string\"}}],\"inLanguage\":\"fr-FR\"}]}<\/script>\n<!-- \/ Yoast SEO plugin. -->","yoast_head_json":{"title":"CA-352 Ruban adh\u00e9sif en tissu enduit de PE | Cardinal TAPES","description":"CA-352 est un ruban adh\u00e9sif tiss\u00e9 enduit de PE, destin\u00e9 \u00e0 un usage g\u00e9n\u00e9ral. Apprenez-en plus sur notre ruban adh\u00e9sif de haute qualit\u00e9 ici.","robots":{"index":"index","follow":"follow","max-snippet":"max-snippet:-1","max-image-preview":"max-image-preview:large","max-video-preview":"max-video-preview:-1"},"canonical":"https:\/\/cardinal-tapes.com\/fr\/rubans-adh\u00e9sifs\/rubans-adhesifs-simple-face\/ca-352-pe-bande-adhesive-tissee-enduite\/","og_locale":"fr_FR","og_type":"article","og_title":"CA-352 Ruban adh\u00e9sif en tissu enduit de PE | Cardinal TAPES","og_description":"CA-352 est un ruban adh\u00e9sif tiss\u00e9 enduit de PE, destin\u00e9 \u00e0 un usage g\u00e9n\u00e9ral. Apprenez-en plus sur notre ruban adh\u00e9sif de haute qualit\u00e9 ici.","og_url":"https:\/\/cardinal-tapes.com\/fr\/rubans-adh\u00e9sifs\/rubans-adhesifs-simple-face\/ca-352-pe-bande-adhesive-tissee-enduite\/","og_site_name":"cardinal TAPES","article_modified_time":"2025-07-02T13:15:43+00:00","og_image":[{"width":1400,"height":1091,"url":"https:\/\/cardinal-tapes.com\/wp-content\/uploads\/CA_352_retouched.jpg","type":"image\/jpeg"}],"twitter_card":"summary_large_image","schema":{"@context":"https:\/\/schema.org","@graph":[{"@type":"WebPage","@id":"https:\/\/cardinal-tapes.com\/fr\/rubans-adh\u00e9sifs\/rubans-adhesifs-simple-face\/ca-352-pe-bande-adhesive-tissee-enduite\/","url":"https:\/\/cardinal-tapes.com\/fr\/rubans-adh\u00e9sifs\/rubans-adhesifs-simple-face\/ca-352-pe-bande-adhesive-tissee-enduite\/","name":"CA-352 Ruban adh\u00e9sif en tissu enduit de PE | Cardinal TAPES","isPartOf":{"@id":"https:\/\/cardinal-tapes.com\/#website"},"primaryImageOfPage":{"@id":"https:\/\/cardinal-tapes.com\/fr\/rubans-adh\u00e9sifs\/rubans-adhesifs-simple-face\/ca-352-pe-bande-adhesive-tissee-enduite\/#primaryimage"},"image":{"@id":"https:\/\/cardinal-tapes.com\/fr\/rubans-adh\u00e9sifs\/rubans-adhesifs-simple-face\/ca-352-pe-bande-adhesive-tissee-enduite\/#primaryimage"},"thumbnailUrl":"https:\/\/cardinal-tapes.com\/wp-content\/uploads\/CA_352_retouched.jpg","datePublished":"2023-06-05T15:03:11+00:00","dateModified":"2025-07-02T13:15:43+00:00","description":"CA-352 est un ruban adh\u00e9sif tiss\u00e9 enduit de PE, destin\u00e9 \u00e0 un usage g\u00e9n\u00e9ral. Apprenez-en plus sur notre ruban adh\u00e9sif de haute qualit\u00e9 ici.","breadcrumb":{"@id":"https:\/\/cardinal-tapes.com\/fr\/rubans-adh\u00e9sifs\/rubans-adhesifs-simple-face\/ca-352-pe-bande-adhesive-tissee-enduite\/#breadcrumb"},"inLanguage":"fr-FR","potentialAction":[{"@type":"ReadAction","target":["https:\/\/cardinal-tapes.com\/fr\/rubans-adh\u00e9sifs\/rubans-adhesifs-simple-face\/ca-352-pe-bande-adhesive-tissee-enduite\/"]}]},{"@type":"ImageObject","inLanguage":"fr-FR","@id":"https:\/\/cardinal-tapes.com\/fr\/rubans-adh\u00e9sifs\/rubans-adhesifs-simple-face\/ca-352-pe-bande-adhesive-tissee-enduite\/#primaryimage","url":"https:\/\/cardinal-tapes.com\/wp-content\/uploads\/CA_352_retouched.jpg","contentUrl":"https:\/\/cardinal-tapes.com\/wp-content\/uploads\/CA_352_retouched.jpg","width":1400,"height":1091,"caption":"Ruban adh\u00e9sif CA 352"},{"@type":"BreadcrumbList","@id":"https:\/\/cardinal-tapes.com\/fr\/rubans-adh\u00e9sifs\/rubans-adhesifs-simple-face\/ca-352-pe-bande-adhesive-tissee-enduite\/#breadcrumb","itemListElement":[{"@type":"ListItem","position":1,"name":"Startseite","item":"https:\/\/cardinal-tapes.com\/fr\/accueil\/"},{"@type":"ListItem","position":2,"name":"Rubans adh\u00e9sifs","item":"https:\/\/cardinal-tapes.com\/fr\/rubans-adhesifs-fr\/"},{"@type":"ListItem","position":3,"name":"Einseitige Klebeb\u00e4nder","item":"https:\/\/cardinal-tapes.com\/kategorie\/einseitige-klebebaender\/"},{"@type":"ListItem","position":4,"name":"CA-352 Ruban adh\u00e9sif en tissu enduit de PE"}]},{"@type":"WebSite","@id":"https:\/\/cardinal-tapes.com\/#website","url":"https:\/\/cardinal-tapes.com\/","name":"cardinal TAPES","description":"Klebetechnik aus Wuppertal","potentialAction":[{"@type":"SearchAction","target":{"@type":"EntryPoint","urlTemplate":"https:\/\/cardinal-tapes.com\/?s={search_term_string}"},"query-input":{"@type":"PropertyValueSpecification","valueRequired":true,"valueName":"search_term_string"}}],"inLanguage":"fr-FR"}]}},"brands":[{"id":2171,"name":"cardinal GmbH","slug":"cardinal-gmbh-fr"}],"_links":{"self":[{"href":"https:\/\/cardinal-tapes.com\/fr\/wp-json\/wp\/v2\/product\/46041","targetHints":{"allow":["GET"]}}],"collection":[{"href":"https:\/\/cardinal-tapes.com\/fr\/wp-json\/wp\/v2\/product"}],"about":[{"href":"https:\/\/cardinal-tapes.com\/fr\/wp-json\/wp\/v2\/types\/product"}],"wp:featuredmedia":[{"embeddable":true,"href":"https:\/\/cardinal-tapes.com\/fr\/wp-json\/wp\/v2\/media\/27120"}],"wp:attachment":[{"href":"https:\/\/cardinal-tapes.com\/fr\/wp-json\/wp\/v2\/media?parent=46041"}],"wp:term":[{"taxonomy":"pwb-brand","embeddable":true,"href":"https:\/\/cardinal-tapes.com\/fr\/wp-json\/wp\/v2\/pwb-brand?post=46041"},{"taxonomy":"product_brand","embeddable":true,"href":"https:\/\/cardinal-tapes.com\/fr\/wp-json\/wp\/v2\/product_brand?post=46041"},{"taxonomy":"product_cat","embeddable":true,"href":"https:\/\/cardinal-tapes.com\/fr\/wp-json\/wp\/v2\/product_cat?post=46041"},{"taxonomy":"product_tag","embeddable":true,"href":"https:\/\/cardinal-tapes.com\/fr\/wp-json\/wp\/v2\/product_tag?post=46041"}],"curies":[{"name":"wp","href":"https:\/\/api.w.org\/{rel}","templated":true}]}}