{"id":45982,"date":"2018-05-15T15:18:01","date_gmt":"2023-06-05T15:03:09","guid":{"rendered":"https:\/\/cardinal.pixel-tal.de\/klebebaender\/non%20class\u00e9\/ca-333-ruban-adhesif-en-tissu-enduit-de-pe\/"},"modified":"2025-07-02T14:52:49","modified_gmt":"2025-07-02T12:52:49","slug":"ca-333-pe-bande-adhesive-en-tissu-enduit","status":"publish","type":"product","link":"https:\/\/cardinal-tapes.com\/fr\/rubans-adh\u00e9sifs\/rubans-adhesifs-simple-face\/ca-333-pe-bande-adhesive-en-tissu-enduit\/","title":{"rendered":"CA-333 Ruban adh\u00e9sif en tissu enduit de PE"},"content":{"rendered":"<p>CA-333 est un ruban adh\u00e9sif tiss\u00e9 rev\u00eatu de PE, enduit d&#8217;un adh\u00e9sif en caoutchouc naturel sensible \u00e0 la pression<br \/>\n. Il a \u00e9t\u00e9 con\u00e7u comme un ruban tiss\u00e9 polyvalent et imperm\u00e9able \u00e0 l&#8217;eau et peut \u00eatre utilis\u00e9 dans l&#8217;industrie (<br \/>\n) et dans la construction (<br \/>\n) pour l&#8217;\u00e9tanch\u00e9it\u00e9, le masquage temporaire et la protection g\u00e9n\u00e9rale. <\/p>\n","protected":false},"excerpt":{"rendered":"<p>CA-333 est un ruban adh\u00e9sif tiss\u00e9 rev\u00eatu de PE, enduit d&#8217;un adh\u00e9sif en caoutchouc naturel sensible \u00e0 la pression . Il a \u00e9t\u00e9 con\u00e7u comme un ruban tiss\u00e9 polyvalent et imperm\u00e9able \u00e0 l&#8217;eau et peut \u00eatre utilis\u00e9 dans l&#8217;industrie ( ) et dans la construction ( ) pour l&#8217;\u00e9tanch\u00e9it\u00e9, le masquage temporaire et la protection [&hellip;]<\/p>\n","protected":false},"featured_media":27112,"template":"","meta":{"_acf_changed":false},"pwb-brand":[2171],"product_brand":[],"product_cat":[1836],"product_tag":[],"class_list":{"0":"post-45982","1":"product","2":"type-product","3":"status-publish","4":"has-post-thumbnail","6":"pwb-brand-cardinal-gmbh-fr","7":"product_cat-rubans-adhesifs-simple-face","9":"first","10":"instock","11":"taxable","12":"shipping-taxable","13":"purchasable","14":"product-type-variable"},"acf":[],"yoast_head":"<!-- This site is optimized with the Yoast SEO plugin v27.3 - https:\/\/yoast.com\/product\/yoast-seo-wordpress\/ -->\n<title>CA-333 Ruban adh\u00e9sif en tissu enduit de PE | Cardinal TAPES<\/title>\n<meta name=\"description\" content=\"CA-333 est un ruban adh\u00e9sif en tissu enduit de PE, recouvert d&#039;un adh\u00e9sif en caoutchouc naturel sensible \u00e0 la pression. En savoir plus.\" \/>\n<meta name=\"robots\" content=\"index, follow, max-snippet:-1, max-image-preview:large, max-video-preview:-1\" \/>\n<link rel=\"canonical\" href=\"https:\/\/cardinal-tapes.com\/fr\/rubans-adh\u00e9sifs\/rubans-adhesifs-simple-face\/ca-333-pe-bande-adhesive-en-tissu-enduit\/\" \/>\n<meta property=\"og:locale\" content=\"fr_FR\" \/>\n<meta property=\"og:type\" content=\"article\" \/>\n<meta property=\"og:title\" content=\"CA-333 Ruban adh\u00e9sif en tissu enduit de PE | Cardinal TAPES\" \/>\n<meta property=\"og:description\" content=\"CA-333 est un ruban adh\u00e9sif en tissu enduit de PE, recouvert d&#039;un adh\u00e9sif en caoutchouc naturel sensible \u00e0 la pression. En savoir plus.\" \/>\n<meta property=\"og:url\" content=\"https:\/\/cardinal-tapes.com\/fr\/rubans-adh\u00e9sifs\/rubans-adhesifs-simple-face\/ca-333-pe-bande-adhesive-en-tissu-enduit\/\" \/>\n<meta property=\"og:site_name\" content=\"cardinal TAPES\" \/>\n<meta property=\"article:modified_time\" content=\"2025-07-02T12:52:49+00:00\" \/>\n<meta property=\"og:image\" content=\"https:\/\/cardinal-tapes.com\/wp-content\/uploads\/CA_333_retouched.jpg\" \/>\n\t<meta property=\"og:image:width\" content=\"1221\" \/>\n\t<meta property=\"og:image:height\" content=\"1400\" \/>\n\t<meta property=\"og:image:type\" content=\"image\/jpeg\" \/>\n<meta name=\"twitter:card\" content=\"summary_large_image\" \/>\n<script type=\"application\/ld+json\" class=\"yoast-schema-graph\">{\"@context\":\"https:\\\/\\\/schema.org\",\"@graph\":[{\"@type\":\"WebPage\",\"@id\":\"https:\\\/\\\/cardinal-tapes.com\\\/fr\\\/rubans-adh\u00e9sifs\\\/rubans-adhesifs-simple-face\\\/ca-333-pe-bande-adhesive-en-tissu-enduit\\\/\",\"url\":\"https:\\\/\\\/cardinal-tapes.com\\\/fr\\\/rubans-adh\u00e9sifs\\\/rubans-adhesifs-simple-face\\\/ca-333-pe-bande-adhesive-en-tissu-enduit\\\/\",\"name\":\"CA-333 Ruban adh\u00e9sif en tissu enduit de PE | Cardinal TAPES\",\"isPartOf\":{\"@id\":\"https:\\\/\\\/cardinal-tapes.com\\\/#website\"},\"primaryImageOfPage\":{\"@id\":\"https:\\\/\\\/cardinal-tapes.com\\\/fr\\\/rubans-adh\u00e9sifs\\\/rubans-adhesifs-simple-face\\\/ca-333-pe-bande-adhesive-en-tissu-enduit\\\/#primaryimage\"},\"image\":{\"@id\":\"https:\\\/\\\/cardinal-tapes.com\\\/fr\\\/rubans-adh\u00e9sifs\\\/rubans-adhesifs-simple-face\\\/ca-333-pe-bande-adhesive-en-tissu-enduit\\\/#primaryimage\"},\"thumbnailUrl\":\"https:\\\/\\\/cardinal-tapes.com\\\/wp-content\\\/uploads\\\/CA_333_retouched.jpg\",\"datePublished\":\"2023-06-05T15:03:09+00:00\",\"dateModified\":\"2025-07-02T12:52:49+00:00\",\"description\":\"CA-333 est un ruban adh\u00e9sif en tissu enduit de PE, recouvert d'un adh\u00e9sif en caoutchouc naturel sensible \u00e0 la pression. En savoir plus.\",\"breadcrumb\":{\"@id\":\"https:\\\/\\\/cardinal-tapes.com\\\/fr\\\/rubans-adh\u00e9sifs\\\/rubans-adhesifs-simple-face\\\/ca-333-pe-bande-adhesive-en-tissu-enduit\\\/#breadcrumb\"},\"inLanguage\":\"fr-FR\",\"potentialAction\":[{\"@type\":\"ReadAction\",\"target\":[\"https:\\\/\\\/cardinal-tapes.com\\\/fr\\\/rubans-adh\u00e9sifs\\\/rubans-adhesifs-simple-face\\\/ca-333-pe-bande-adhesive-en-tissu-enduit\\\/\"]}]},{\"@type\":\"ImageObject\",\"inLanguage\":\"fr-FR\",\"@id\":\"https:\\\/\\\/cardinal-tapes.com\\\/fr\\\/rubans-adh\u00e9sifs\\\/rubans-adhesifs-simple-face\\\/ca-333-pe-bande-adhesive-en-tissu-enduit\\\/#primaryimage\",\"url\":\"https:\\\/\\\/cardinal-tapes.com\\\/wp-content\\\/uploads\\\/CA_333_retouched.jpg\",\"contentUrl\":\"https:\\\/\\\/cardinal-tapes.com\\\/wp-content\\\/uploads\\\/CA_333_retouched.jpg\",\"width\":1221,\"height\":1400,\"caption\":\"Ruban adh\u00e9sif CA 333\"},{\"@type\":\"BreadcrumbList\",\"@id\":\"https:\\\/\\\/cardinal-tapes.com\\\/fr\\\/rubans-adh\u00e9sifs\\\/rubans-adhesifs-simple-face\\\/ca-333-pe-bande-adhesive-en-tissu-enduit\\\/#breadcrumb\",\"itemListElement\":[{\"@type\":\"ListItem\",\"position\":1,\"name\":\"Startseite\",\"item\":\"https:\\\/\\\/cardinal-tapes.com\\\/fr\\\/accueil\\\/\"},{\"@type\":\"ListItem\",\"position\":2,\"name\":\"Rubans adh\u00e9sifs\",\"item\":\"https:\\\/\\\/cardinal-tapes.com\\\/fr\\\/rubans-adhesifs-fr\\\/\"},{\"@type\":\"ListItem\",\"position\":3,\"name\":\"Einseitige Klebeb\u00e4nder\",\"item\":\"https:\\\/\\\/cardinal-tapes.com\\\/kategorie\\\/einseitige-klebebaender\\\/\"},{\"@type\":\"ListItem\",\"position\":4,\"name\":\"CA-333 Ruban adh\u00e9sif en tissu enduit de PE\"}]},{\"@type\":\"WebSite\",\"@id\":\"https:\\\/\\\/cardinal-tapes.com\\\/#website\",\"url\":\"https:\\\/\\\/cardinal-tapes.com\\\/\",\"name\":\"cardinal TAPES\",\"description\":\"Klebetechnik aus Wuppertal\",\"potentialAction\":[{\"@type\":\"SearchAction\",\"target\":{\"@type\":\"EntryPoint\",\"urlTemplate\":\"https:\\\/\\\/cardinal-tapes.com\\\/?s={search_term_string}\"},\"query-input\":{\"@type\":\"PropertyValueSpecification\",\"valueRequired\":true,\"valueName\":\"search_term_string\"}}],\"inLanguage\":\"fr-FR\"}]}<\/script>\n<!-- \/ Yoast SEO plugin. -->","yoast_head_json":{"title":"CA-333 Ruban adh\u00e9sif en tissu enduit de PE | Cardinal TAPES","description":"CA-333 est un ruban adh\u00e9sif en tissu enduit de PE, recouvert d'un adh\u00e9sif en caoutchouc naturel sensible \u00e0 la pression. En savoir plus.","robots":{"index":"index","follow":"follow","max-snippet":"max-snippet:-1","max-image-preview":"max-image-preview:large","max-video-preview":"max-video-preview:-1"},"canonical":"https:\/\/cardinal-tapes.com\/fr\/rubans-adh\u00e9sifs\/rubans-adhesifs-simple-face\/ca-333-pe-bande-adhesive-en-tissu-enduit\/","og_locale":"fr_FR","og_type":"article","og_title":"CA-333 Ruban adh\u00e9sif en tissu enduit de PE | Cardinal TAPES","og_description":"CA-333 est un ruban adh\u00e9sif en tissu enduit de PE, recouvert d'un adh\u00e9sif en caoutchouc naturel sensible \u00e0 la pression. En savoir plus.","og_url":"https:\/\/cardinal-tapes.com\/fr\/rubans-adh\u00e9sifs\/rubans-adhesifs-simple-face\/ca-333-pe-bande-adhesive-en-tissu-enduit\/","og_site_name":"cardinal TAPES","article_modified_time":"2025-07-02T12:52:49+00:00","og_image":[{"width":1221,"height":1400,"url":"https:\/\/cardinal-tapes.com\/wp-content\/uploads\/CA_333_retouched.jpg","type":"image\/jpeg"}],"twitter_card":"summary_large_image","schema":{"@context":"https:\/\/schema.org","@graph":[{"@type":"WebPage","@id":"https:\/\/cardinal-tapes.com\/fr\/rubans-adh\u00e9sifs\/rubans-adhesifs-simple-face\/ca-333-pe-bande-adhesive-en-tissu-enduit\/","url":"https:\/\/cardinal-tapes.com\/fr\/rubans-adh\u00e9sifs\/rubans-adhesifs-simple-face\/ca-333-pe-bande-adhesive-en-tissu-enduit\/","name":"CA-333 Ruban adh\u00e9sif en tissu enduit de PE | Cardinal TAPES","isPartOf":{"@id":"https:\/\/cardinal-tapes.com\/#website"},"primaryImageOfPage":{"@id":"https:\/\/cardinal-tapes.com\/fr\/rubans-adh\u00e9sifs\/rubans-adhesifs-simple-face\/ca-333-pe-bande-adhesive-en-tissu-enduit\/#primaryimage"},"image":{"@id":"https:\/\/cardinal-tapes.com\/fr\/rubans-adh\u00e9sifs\/rubans-adhesifs-simple-face\/ca-333-pe-bande-adhesive-en-tissu-enduit\/#primaryimage"},"thumbnailUrl":"https:\/\/cardinal-tapes.com\/wp-content\/uploads\/CA_333_retouched.jpg","datePublished":"2023-06-05T15:03:09+00:00","dateModified":"2025-07-02T12:52:49+00:00","description":"CA-333 est un ruban adh\u00e9sif en tissu enduit de PE, recouvert d'un adh\u00e9sif en caoutchouc naturel sensible \u00e0 la pression. En savoir plus.","breadcrumb":{"@id":"https:\/\/cardinal-tapes.com\/fr\/rubans-adh\u00e9sifs\/rubans-adhesifs-simple-face\/ca-333-pe-bande-adhesive-en-tissu-enduit\/#breadcrumb"},"inLanguage":"fr-FR","potentialAction":[{"@type":"ReadAction","target":["https:\/\/cardinal-tapes.com\/fr\/rubans-adh\u00e9sifs\/rubans-adhesifs-simple-face\/ca-333-pe-bande-adhesive-en-tissu-enduit\/"]}]},{"@type":"ImageObject","inLanguage":"fr-FR","@id":"https:\/\/cardinal-tapes.com\/fr\/rubans-adh\u00e9sifs\/rubans-adhesifs-simple-face\/ca-333-pe-bande-adhesive-en-tissu-enduit\/#primaryimage","url":"https:\/\/cardinal-tapes.com\/wp-content\/uploads\/CA_333_retouched.jpg","contentUrl":"https:\/\/cardinal-tapes.com\/wp-content\/uploads\/CA_333_retouched.jpg","width":1221,"height":1400,"caption":"Ruban adh\u00e9sif CA 333"},{"@type":"BreadcrumbList","@id":"https:\/\/cardinal-tapes.com\/fr\/rubans-adh\u00e9sifs\/rubans-adhesifs-simple-face\/ca-333-pe-bande-adhesive-en-tissu-enduit\/#breadcrumb","itemListElement":[{"@type":"ListItem","position":1,"name":"Startseite","item":"https:\/\/cardinal-tapes.com\/fr\/accueil\/"},{"@type":"ListItem","position":2,"name":"Rubans adh\u00e9sifs","item":"https:\/\/cardinal-tapes.com\/fr\/rubans-adhesifs-fr\/"},{"@type":"ListItem","position":3,"name":"Einseitige Klebeb\u00e4nder","item":"https:\/\/cardinal-tapes.com\/kategorie\/einseitige-klebebaender\/"},{"@type":"ListItem","position":4,"name":"CA-333 Ruban adh\u00e9sif en tissu enduit de PE"}]},{"@type":"WebSite","@id":"https:\/\/cardinal-tapes.com\/#website","url":"https:\/\/cardinal-tapes.com\/","name":"cardinal TAPES","description":"Klebetechnik aus Wuppertal","potentialAction":[{"@type":"SearchAction","target":{"@type":"EntryPoint","urlTemplate":"https:\/\/cardinal-tapes.com\/?s={search_term_string}"},"query-input":{"@type":"PropertyValueSpecification","valueRequired":true,"valueName":"search_term_string"}}],"inLanguage":"fr-FR"}]}},"brands":[{"id":2171,"name":"cardinal GmbH","slug":"cardinal-gmbh-fr"}],"_links":{"self":[{"href":"https:\/\/cardinal-tapes.com\/fr\/wp-json\/wp\/v2\/product\/45982","targetHints":{"allow":["GET"]}}],"collection":[{"href":"https:\/\/cardinal-tapes.com\/fr\/wp-json\/wp\/v2\/product"}],"about":[{"href":"https:\/\/cardinal-tapes.com\/fr\/wp-json\/wp\/v2\/types\/product"}],"wp:featuredmedia":[{"embeddable":true,"href":"https:\/\/cardinal-tapes.com\/fr\/wp-json\/wp\/v2\/media\/27112"}],"wp:attachment":[{"href":"https:\/\/cardinal-tapes.com\/fr\/wp-json\/wp\/v2\/media?parent=45982"}],"wp:term":[{"taxonomy":"pwb-brand","embeddable":true,"href":"https:\/\/cardinal-tapes.com\/fr\/wp-json\/wp\/v2\/pwb-brand?post=45982"},{"taxonomy":"product_brand","embeddable":true,"href":"https:\/\/cardinal-tapes.com\/fr\/wp-json\/wp\/v2\/product_brand?post=45982"},{"taxonomy":"product_cat","embeddable":true,"href":"https:\/\/cardinal-tapes.com\/fr\/wp-json\/wp\/v2\/product_cat?post=45982"},{"taxonomy":"product_tag","embeddable":true,"href":"https:\/\/cardinal-tapes.com\/fr\/wp-json\/wp\/v2\/product_tag?post=45982"}],"curies":[{"name":"wp","href":"https:\/\/api.w.org\/{rel}","templated":true}]}}