{"id":45905,"date":"2018-05-18T11:53:21","date_gmt":"2023-06-05T15:03:07","guid":{"rendered":"https:\/\/cardinal.pixel-tal.de\/klebebaender\/non class\u00e9\/ca-438-ruban-adhesif-en-papier-non-tisse\/"},"modified":"2023-06-05T17:03:07","modified_gmt":"2023-06-05T15:03:07","slug":"ca-438-bande-adhesive-en-papier-non-tisse","status":"publish","type":"product","link":"https:\/\/cardinal-tapes.com\/fr\/rubans-adh\u00e9sifs\/domaines-dapplication\/impression-graphisme\/ca-438-bande-adhesive-en-papier-non-tisse\/","title":{"rendered":"CA-438 Ruban adh\u00e9sif en papier non tiss\u00e9"},"content":{"rendered":"<p>CA-438 est un ruban adh\u00e9sif double face non tiss\u00e9, avec une adh\u00e9rence imm\u00e9diate \u00e9lev\u00e9e et une grande force de pelage sur la plupart des mat\u00e9riaux, m\u00eame ceux \u00e0 faible tension de surface. Convient pour le collage d&#8217;enseignes, de bandeaux et de graduations et pour le collage en continu de papier. Peut \u00e9galement \u00eatre utilis\u00e9 pour l&#8217;appr\u00eat autocollant des mousses.<\/p>\n","protected":false},"excerpt":{"rendered":"<p>CA-438 est un ruban adh\u00e9sif double face non tiss\u00e9, avec une adh\u00e9rence imm\u00e9diate \u00e9lev\u00e9e et une grande force de pelage sur la plupart des mat\u00e9riaux, m\u00eame ceux \u00e0 faible tension de surface. Convient pour le collage d&#8217;enseignes, de bandeaux et de graduations et pour le collage en continu de papier. Peut \u00e9galement \u00eatre utilis\u00e9 pour [&hellip;]<\/p>\n","protected":false},"featured_media":27128,"template":"","meta":{"_acf_changed":false},"pwb-brand":[2171],"product_brand":[],"product_cat":[1672,1767,1770,1833,1834],"product_tag":[],"class_list":{"0":"post-45905","1":"product","2":"type-product","3":"status-publish","4":"has-post-thumbnail","6":"pwb-brand-cardinal-gmbh-fr","7":"product_cat-impression-graphisme","8":"product_cat-ruban-depissure","9":"product_cat-industrie-textile","10":"product_cat-ruban-adhesif-non-tisse","11":"product_cat-rubans-adhesifs-double-face","13":"first","14":"instock","15":"taxable","16":"shipping-taxable","17":"purchasable","18":"product-type-variable"},"acf":[],"yoast_head":"<!-- This site is optimized with the Yoast SEO plugin v27.3 - https:\/\/yoast.com\/product\/yoast-seo-wordpress\/ -->\n<title>CA-438 Ruban adh\u00e9sif en papier non tiss\u00e9 | Cardinal TAPES<\/title>\n<meta name=\"description\" content=\"CA-438 est un ruban adh\u00e9sif double face non tiss\u00e9, avec une adh\u00e9rence imm\u00e9diate \u00e9lev\u00e9e et une grande force de pelage sur la plupart des mat\u00e9riaux. En savoir plus.\" \/>\n<meta name=\"robots\" content=\"index, follow, max-snippet:-1, max-image-preview:large, max-video-preview:-1\" \/>\n<link rel=\"canonical\" href=\"https:\/\/cardinal-tapes.com\/fr\/rubans-adh\u00e9sifs\/impression-graphisme\/ca-438-bande-adhesive-en-papier-non-tisse\/\" \/>\n<meta property=\"og:locale\" content=\"fr_FR\" \/>\n<meta property=\"og:type\" content=\"article\" \/>\n<meta property=\"og:title\" content=\"CA-438 Ruban adh\u00e9sif en papier non tiss\u00e9 | Cardinal TAPES\" \/>\n<meta property=\"og:description\" content=\"CA-438 est un ruban adh\u00e9sif double face non tiss\u00e9, avec une adh\u00e9rence imm\u00e9diate \u00e9lev\u00e9e et une grande force de pelage sur la plupart des mat\u00e9riaux. En savoir plus.\" \/>\n<meta property=\"og:url\" content=\"https:\/\/cardinal-tapes.com\/fr\/rubans-adh\u00e9sifs\/impression-graphisme\/ca-438-bande-adhesive-en-papier-non-tisse\/\" \/>\n<meta property=\"og:site_name\" content=\"cardinal TAPES\" \/>\n<meta property=\"og:image\" content=\"https:\/\/cardinal-tapes.com\/wp-content\/uploads\/CA_438_retouched.jpg\" \/>\n\t<meta property=\"og:image:width\" content=\"1256\" \/>\n\t<meta property=\"og:image:height\" content=\"1400\" \/>\n\t<meta property=\"og:image:type\" content=\"image\/jpeg\" \/>\n<meta name=\"twitter:card\" content=\"summary_large_image\" \/>\n<script type=\"application\/ld+json\" class=\"yoast-schema-graph\">{\"@context\":\"https:\\\/\\\/schema.org\",\"@graph\":[{\"@type\":\"WebPage\",\"@id\":\"https:\\\/\\\/cardinal-tapes.com\\\/fr\\\/rubans-adh\u00e9sifs\\\/impression-graphisme\\\/ca-438-bande-adhesive-en-papier-non-tisse\\\/\",\"url\":\"https:\\\/\\\/cardinal-tapes.com\\\/fr\\\/rubans-adh\u00e9sifs\\\/impression-graphisme\\\/ca-438-bande-adhesive-en-papier-non-tisse\\\/\",\"name\":\"CA-438 Ruban adh\u00e9sif en papier non tiss\u00e9 | Cardinal TAPES\",\"isPartOf\":{\"@id\":\"https:\\\/\\\/cardinal-tapes.com\\\/#website\"},\"primaryImageOfPage\":{\"@id\":\"https:\\\/\\\/cardinal-tapes.com\\\/fr\\\/rubans-adh\u00e9sifs\\\/impression-graphisme\\\/ca-438-bande-adhesive-en-papier-non-tisse\\\/#primaryimage\"},\"image\":{\"@id\":\"https:\\\/\\\/cardinal-tapes.com\\\/fr\\\/rubans-adh\u00e9sifs\\\/impression-graphisme\\\/ca-438-bande-adhesive-en-papier-non-tisse\\\/#primaryimage\"},\"thumbnailUrl\":\"https:\\\/\\\/cardinal-tapes.com\\\/wp-content\\\/uploads\\\/CA_438_retouched.jpg\",\"datePublished\":\"2023-06-05T15:03:07+00:00\",\"description\":\"CA-438 est un ruban adh\u00e9sif double face non tiss\u00e9, avec une adh\u00e9rence imm\u00e9diate \u00e9lev\u00e9e et une grande force de pelage sur la plupart des mat\u00e9riaux. En savoir plus.\",\"breadcrumb\":{\"@id\":\"https:\\\/\\\/cardinal-tapes.com\\\/fr\\\/rubans-adh\u00e9sifs\\\/impression-graphisme\\\/ca-438-bande-adhesive-en-papier-non-tisse\\\/#breadcrumb\"},\"inLanguage\":\"fr-FR\",\"potentialAction\":[{\"@type\":\"ReadAction\",\"target\":[\"https:\\\/\\\/cardinal-tapes.com\\\/fr\\\/rubans-adh\u00e9sifs\\\/impression-graphisme\\\/ca-438-bande-adhesive-en-papier-non-tisse\\\/\"]}]},{\"@type\":\"ImageObject\",\"inLanguage\":\"fr-FR\",\"@id\":\"https:\\\/\\\/cardinal-tapes.com\\\/fr\\\/rubans-adh\u00e9sifs\\\/impression-graphisme\\\/ca-438-bande-adhesive-en-papier-non-tisse\\\/#primaryimage\",\"url\":\"https:\\\/\\\/cardinal-tapes.com\\\/wp-content\\\/uploads\\\/CA_438_retouched.jpg\",\"contentUrl\":\"https:\\\/\\\/cardinal-tapes.com\\\/wp-content\\\/uploads\\\/CA_438_retouched.jpg\",\"width\":1256,\"height\":1400,\"caption\":\"Ruban adh\u00e9sif CA 438\"},{\"@type\":\"BreadcrumbList\",\"@id\":\"https:\\\/\\\/cardinal-tapes.com\\\/fr\\\/rubans-adh\u00e9sifs\\\/impression-graphisme\\\/ca-438-bande-adhesive-en-papier-non-tisse\\\/#breadcrumb\",\"itemListElement\":[{\"@type\":\"ListItem\",\"position\":1,\"name\":\"Startseite\",\"item\":\"https:\\\/\\\/cardinal-tapes.com\\\/fr\\\/accueil\\\/\"},{\"@type\":\"ListItem\",\"position\":2,\"name\":\"Rubans adh\u00e9sifs\",\"item\":\"https:\\\/\\\/cardinal-tapes.com\\\/fr\\\/rubans-adhesifs-fr\\\/\"},{\"@type\":\"ListItem\",\"position\":3,\"name\":\"Ruban d&#039;\u00e9pissure\",\"item\":\"https:\\\/\\\/cardinal-tapes.com\\\/fr\\\/catgorie\\\/ruban-depissure\\\/\"},{\"@type\":\"ListItem\",\"position\":4,\"name\":\"CA-438 Ruban adh\u00e9sif en papier non tiss\u00e9\"}]},{\"@type\":\"WebSite\",\"@id\":\"https:\\\/\\\/cardinal-tapes.com\\\/#website\",\"url\":\"https:\\\/\\\/cardinal-tapes.com\\\/\",\"name\":\"cardinal TAPES\",\"description\":\"Klebetechnik aus Wuppertal\",\"potentialAction\":[{\"@type\":\"SearchAction\",\"target\":{\"@type\":\"EntryPoint\",\"urlTemplate\":\"https:\\\/\\\/cardinal-tapes.com\\\/?s={search_term_string}\"},\"query-input\":{\"@type\":\"PropertyValueSpecification\",\"valueRequired\":true,\"valueName\":\"search_term_string\"}}],\"inLanguage\":\"fr-FR\"}]}<\/script>\n<!-- \/ Yoast SEO plugin. -->","yoast_head_json":{"title":"CA-438 Ruban adh\u00e9sif en papier non tiss\u00e9 | Cardinal TAPES","description":"CA-438 est un ruban adh\u00e9sif double face non tiss\u00e9, avec une adh\u00e9rence imm\u00e9diate \u00e9lev\u00e9e et une grande force de pelage sur la plupart des mat\u00e9riaux. En savoir plus.","robots":{"index":"index","follow":"follow","max-snippet":"max-snippet:-1","max-image-preview":"max-image-preview:large","max-video-preview":"max-video-preview:-1"},"canonical":"https:\/\/cardinal-tapes.com\/fr\/rubans-adh\u00e9sifs\/impression-graphisme\/ca-438-bande-adhesive-en-papier-non-tisse\/","og_locale":"fr_FR","og_type":"article","og_title":"CA-438 Ruban adh\u00e9sif en papier non tiss\u00e9 | Cardinal TAPES","og_description":"CA-438 est un ruban adh\u00e9sif double face non tiss\u00e9, avec une adh\u00e9rence imm\u00e9diate \u00e9lev\u00e9e et une grande force de pelage sur la plupart des mat\u00e9riaux. En savoir plus.","og_url":"https:\/\/cardinal-tapes.com\/fr\/rubans-adh\u00e9sifs\/impression-graphisme\/ca-438-bande-adhesive-en-papier-non-tisse\/","og_site_name":"cardinal TAPES","og_image":[{"width":1256,"height":1400,"url":"https:\/\/cardinal-tapes.com\/wp-content\/uploads\/CA_438_retouched.jpg","type":"image\/jpeg"}],"twitter_card":"summary_large_image","schema":{"@context":"https:\/\/schema.org","@graph":[{"@type":"WebPage","@id":"https:\/\/cardinal-tapes.com\/fr\/rubans-adh\u00e9sifs\/impression-graphisme\/ca-438-bande-adhesive-en-papier-non-tisse\/","url":"https:\/\/cardinal-tapes.com\/fr\/rubans-adh\u00e9sifs\/impression-graphisme\/ca-438-bande-adhesive-en-papier-non-tisse\/","name":"CA-438 Ruban adh\u00e9sif en papier non tiss\u00e9 | Cardinal TAPES","isPartOf":{"@id":"https:\/\/cardinal-tapes.com\/#website"},"primaryImageOfPage":{"@id":"https:\/\/cardinal-tapes.com\/fr\/rubans-adh\u00e9sifs\/impression-graphisme\/ca-438-bande-adhesive-en-papier-non-tisse\/#primaryimage"},"image":{"@id":"https:\/\/cardinal-tapes.com\/fr\/rubans-adh\u00e9sifs\/impression-graphisme\/ca-438-bande-adhesive-en-papier-non-tisse\/#primaryimage"},"thumbnailUrl":"https:\/\/cardinal-tapes.com\/wp-content\/uploads\/CA_438_retouched.jpg","datePublished":"2023-06-05T15:03:07+00:00","description":"CA-438 est un ruban adh\u00e9sif double face non tiss\u00e9, avec une adh\u00e9rence imm\u00e9diate \u00e9lev\u00e9e et une grande force de pelage sur la plupart des mat\u00e9riaux. En savoir plus.","breadcrumb":{"@id":"https:\/\/cardinal-tapes.com\/fr\/rubans-adh\u00e9sifs\/impression-graphisme\/ca-438-bande-adhesive-en-papier-non-tisse\/#breadcrumb"},"inLanguage":"fr-FR","potentialAction":[{"@type":"ReadAction","target":["https:\/\/cardinal-tapes.com\/fr\/rubans-adh\u00e9sifs\/impression-graphisme\/ca-438-bande-adhesive-en-papier-non-tisse\/"]}]},{"@type":"ImageObject","inLanguage":"fr-FR","@id":"https:\/\/cardinal-tapes.com\/fr\/rubans-adh\u00e9sifs\/impression-graphisme\/ca-438-bande-adhesive-en-papier-non-tisse\/#primaryimage","url":"https:\/\/cardinal-tapes.com\/wp-content\/uploads\/CA_438_retouched.jpg","contentUrl":"https:\/\/cardinal-tapes.com\/wp-content\/uploads\/CA_438_retouched.jpg","width":1256,"height":1400,"caption":"Ruban adh\u00e9sif CA 438"},{"@type":"BreadcrumbList","@id":"https:\/\/cardinal-tapes.com\/fr\/rubans-adh\u00e9sifs\/impression-graphisme\/ca-438-bande-adhesive-en-papier-non-tisse\/#breadcrumb","itemListElement":[{"@type":"ListItem","position":1,"name":"Startseite","item":"https:\/\/cardinal-tapes.com\/fr\/accueil\/"},{"@type":"ListItem","position":2,"name":"Rubans adh\u00e9sifs","item":"https:\/\/cardinal-tapes.com\/fr\/rubans-adhesifs-fr\/"},{"@type":"ListItem","position":3,"name":"Ruban d&#039;\u00e9pissure","item":"https:\/\/cardinal-tapes.com\/fr\/catgorie\/ruban-depissure\/"},{"@type":"ListItem","position":4,"name":"CA-438 Ruban adh\u00e9sif en papier non tiss\u00e9"}]},{"@type":"WebSite","@id":"https:\/\/cardinal-tapes.com\/#website","url":"https:\/\/cardinal-tapes.com\/","name":"cardinal TAPES","description":"Klebetechnik aus Wuppertal","potentialAction":[{"@type":"SearchAction","target":{"@type":"EntryPoint","urlTemplate":"https:\/\/cardinal-tapes.com\/?s={search_term_string}"},"query-input":{"@type":"PropertyValueSpecification","valueRequired":true,"valueName":"search_term_string"}}],"inLanguage":"fr-FR"}]}},"brands":[{"id":2171,"name":"cardinal GmbH","slug":"cardinal-gmbh-fr"}],"_links":{"self":[{"href":"https:\/\/cardinal-tapes.com\/fr\/wp-json\/wp\/v2\/product\/45905","targetHints":{"allow":["GET"]}}],"collection":[{"href":"https:\/\/cardinal-tapes.com\/fr\/wp-json\/wp\/v2\/product"}],"about":[{"href":"https:\/\/cardinal-tapes.com\/fr\/wp-json\/wp\/v2\/types\/product"}],"wp:featuredmedia":[{"embeddable":true,"href":"https:\/\/cardinal-tapes.com\/fr\/wp-json\/wp\/v2\/media\/27128"}],"wp:attachment":[{"href":"https:\/\/cardinal-tapes.com\/fr\/wp-json\/wp\/v2\/media?parent=45905"}],"wp:term":[{"taxonomy":"pwb-brand","embeddable":true,"href":"https:\/\/cardinal-tapes.com\/fr\/wp-json\/wp\/v2\/pwb-brand?post=45905"},{"taxonomy":"product_brand","embeddable":true,"href":"https:\/\/cardinal-tapes.com\/fr\/wp-json\/wp\/v2\/product_brand?post=45905"},{"taxonomy":"product_cat","embeddable":true,"href":"https:\/\/cardinal-tapes.com\/fr\/wp-json\/wp\/v2\/product_cat?post=45905"},{"taxonomy":"product_tag","embeddable":true,"href":"https:\/\/cardinal-tapes.com\/fr\/wp-json\/wp\/v2\/product_tag?post=45905"}],"curies":[{"name":"wp","href":"https:\/\/api.w.org\/{rel}","templated":true}]}}