{"id":45868,"date":"2018-05-17T13:52:13","date_gmt":"2023-06-05T15:03:06","guid":{"rendered":"https:\/\/cardinal.pixel-tal.de\/klebebaender\/non class\u00e9\/tesa-6068-devidoir-de-table-entierement-automatique\/"},"modified":"2023-06-05T17:03:06","modified_gmt":"2023-06-05T15:03:06","slug":"tesa-6068","status":"publish","type":"product","link":"https:\/\/cardinal-tapes.com\/fr\/rubans-adh\u00e9sifs\/rubans-adhesifs-double-face\/tesa-6068\/","title":{"rendered":"tesa\u00ae 6068 D\u00e9vidoir de table enti\u00e8rement automatique"},"content":{"rendered":"<p>Le <sup>tesa\u00ae<\/sup> 6068 est un d\u00e9rouleur de table enti\u00e8rement automatique qui convient pour l&#8217;utilisation de rubans <sup>tesa\u00ae<\/sup> tiss\u00e9s, filaments et strapping. Les rubans adh\u00e9sifs double face <sup>tesa\u00ae<\/sup> jusqu&#8217;\u00e0 une \u00e9paisseur maximale de 1,5 mm peuvent \u00e9galement \u00eatre utilis\u00e9s. \u00e9paisseur de 1,5mm (couverture comprise) peuvent \u00eatre donn\u00e9s.<\/p>\n<p><strong>Caract\u00e9ristiques<br \/>\n<\/strong>&#8211; Bo\u00eetier m\u00e9tallique robuste<br \/>\n&#8211; Longueur de spirale r\u00e9glable de 5mm \u00e0 999mm<br \/>\n&#8211; Contr\u00f4le par capteur pour une distribution automatique<br \/>\n&#8211; Sans logement de noyau, convient pour le traitement de diff\u00e9rents diam\u00e8tres de rouleaux<br \/>\n&#8211; Moteur puissant<br \/>\n&#8211; M\u00e9canisme de s\u00e9curit\u00e9 int\u00e9gr\u00e9, l&#8217;appareil s&#8217;arr\u00eate automatiquement en cas d&#8217;erreur d&#8217;alimentation<br \/>\n&#8211; Fonction m\u00e9moire, le dernier r\u00e9glage est enregistr\u00e9 apr\u00e8s l&#8217;extinction de l&#8217;appareil<br \/>\n&#8211; \u00c9cran num\u00e9rique, longueurs de bande programmables et m\u00e9morisables et compteur pour le nombre de pi\u00e8ces coup\u00e9es<br \/>\n&#8211; (Lors de la distribution de rubans adh\u00e9sifs double face, le couvercle doit \u00eatre retir\u00e9 manuellement)<\/p>\n<p><strong>Applications<\/strong><br \/>\n&#8211; Traitement de <sup>tesa\u00ae<\/sup> rubans tiss\u00e9s, filaments et strapping jusqu&#8217;\u00e0 une largeur de 6-50mm et un diam\u00e8tre max. de 10mm. diam\u00e8tre des rouleaux de 300 mm<br \/>\n&#8211; Les rubans adh\u00e9sifs double face <sup>tesa\u00ae<\/sup> peuvent \u00eatre utilis\u00e9s jusqu&#8217;\u00e0 une \u00e9paisseur maximale de 1 mm. \u00e9paisseur d&#8217;environ 1,5 mm.<\/p>\n<p>&nbsp;<\/p>\n","protected":false},"excerpt":{"rendered":"<p>Le tesa\u00ae 6068 est un d\u00e9rouleur de table enti\u00e8rement automatique qui convient pour l&#8217;utilisation de rubans tesa\u00ae tiss\u00e9s, filaments et strapping. Les rubans adh\u00e9sifs double face tesa\u00ae jusqu&#8217;\u00e0 une \u00e9paisseur maximale de 1,5 mm peuvent \u00e9galement \u00eatre utilis\u00e9s. \u00e9paisseur de 1,5mm (couverture comprise) peuvent \u00eatre donn\u00e9s. Caract\u00e9ristiques &#8211; Bo\u00eetier m\u00e9tallique robuste &#8211; Longueur de spirale [&hellip;]<\/p>\n","protected":false},"featured_media":27008,"template":"","meta":{"_acf_changed":false},"pwb-brand":[2165],"product_brand":[],"product_cat":[1834,1836,1859],"product_tag":[],"class_list":{"0":"post-45868","1":"product","2":"type-product","3":"status-publish","4":"has-post-thumbnail","6":"pwb-brand-tesa-fr","7":"product_cat-rubans-adhesifs-double-face","8":"product_cat-rubans-adhesifs-simple-face","9":"product_cat-systemes-demballage","11":"first","12":"instock","13":"taxable","14":"shipping-taxable","15":"purchasable","16":"product-type-simple"},"acf":[],"yoast_head":"<!-- This site is optimized with the Yoast SEO plugin v27.3 - https:\/\/yoast.com\/product\/yoast-seo-wordpress\/ -->\n<title>tesa\u00ae 6068 D\u00e9rouleur de table enti\u00e8rement automatique | Cardinal TAPES<\/title>\n<meta name=\"description\" content=\"Dertesa\u00ae 6068 est un d\u00e9rouleur de table enti\u00e8rement automatique qui convient \u00e0 l&#039;utilisation de rubans tesa tiss\u00e9s, filaments et strapping.\" \/>\n<meta name=\"robots\" content=\"index, follow, max-snippet:-1, max-image-preview:large, max-video-preview:-1\" \/>\n<link rel=\"canonical\" href=\"https:\/\/cardinal-tapes.com\/fr\/rubans-adh\u00e9sifs\/rubans-adhesifs-double-face\/tesa-6068\/\" \/>\n<meta property=\"og:locale\" content=\"fr_FR\" \/>\n<meta property=\"og:type\" content=\"article\" \/>\n<meta property=\"og:title\" content=\"tesa\u00ae 6068 D\u00e9rouleur de table enti\u00e8rement automatique | Cardinal TAPES\" \/>\n<meta property=\"og:description\" content=\"Dertesa\u00ae 6068 est un d\u00e9rouleur de table enti\u00e8rement automatique qui convient \u00e0 l&#039;utilisation de rubans tesa tiss\u00e9s, filaments et strapping.\" \/>\n<meta property=\"og:url\" content=\"https:\/\/cardinal-tapes.com\/fr\/rubans-adh\u00e9sifs\/rubans-adhesifs-double-face\/tesa-6068\/\" \/>\n<meta property=\"og:site_name\" content=\"cardinal TAPES\" \/>\n<meta property=\"og:image\" content=\"https:\/\/cardinal-tapes.com\/wp-content\/uploads\/tesa-06068-pr-001172707_canvas1x1_6.jpg\" \/>\n\t<meta property=\"og:image:width\" content=\"640\" \/>\n\t<meta property=\"og:image:height\" content=\"621\" \/>\n\t<meta property=\"og:image:type\" content=\"image\/jpeg\" \/>\n<meta name=\"twitter:card\" content=\"summary_large_image\" \/>\n<meta name=\"twitter:label1\" content=\"Dur\u00e9e de lecture estim\u00e9e\" \/>\n\t<meta name=\"twitter:data1\" content=\"1 minute\" \/>\n<script type=\"application\/ld+json\" class=\"yoast-schema-graph\">{\"@context\":\"https:\\\/\\\/schema.org\",\"@graph\":[{\"@type\":\"WebPage\",\"@id\":\"https:\\\/\\\/cardinal-tapes.com\\\/fr\\\/rubans-adh\u00e9sifs\\\/rubans-adhesifs-double-face\\\/tesa-6068\\\/\",\"url\":\"https:\\\/\\\/cardinal-tapes.com\\\/fr\\\/rubans-adh\u00e9sifs\\\/rubans-adhesifs-double-face\\\/tesa-6068\\\/\",\"name\":\"tesa\u00ae 6068 D\u00e9rouleur de table enti\u00e8rement automatique | Cardinal TAPES\",\"isPartOf\":{\"@id\":\"https:\\\/\\\/cardinal-tapes.com\\\/#website\"},\"primaryImageOfPage\":{\"@id\":\"https:\\\/\\\/cardinal-tapes.com\\\/fr\\\/rubans-adh\u00e9sifs\\\/rubans-adhesifs-double-face\\\/tesa-6068\\\/#primaryimage\"},\"image\":{\"@id\":\"https:\\\/\\\/cardinal-tapes.com\\\/fr\\\/rubans-adh\u00e9sifs\\\/rubans-adhesifs-double-face\\\/tesa-6068\\\/#primaryimage\"},\"thumbnailUrl\":\"https:\\\/\\\/cardinal-tapes.com\\\/wp-content\\\/uploads\\\/tesa-06068-pr-001172707_canvas1x1_6.jpg\",\"datePublished\":\"2023-06-05T15:03:06+00:00\",\"description\":\"Dertesa\u00ae 6068 est un d\u00e9rouleur de table enti\u00e8rement automatique qui convient \u00e0 l'utilisation de rubans tesa tiss\u00e9s, filaments et strapping.\",\"breadcrumb\":{\"@id\":\"https:\\\/\\\/cardinal-tapes.com\\\/fr\\\/rubans-adh\u00e9sifs\\\/rubans-adhesifs-double-face\\\/tesa-6068\\\/#breadcrumb\"},\"inLanguage\":\"fr-FR\",\"potentialAction\":[{\"@type\":\"ReadAction\",\"target\":[\"https:\\\/\\\/cardinal-tapes.com\\\/fr\\\/rubans-adh\u00e9sifs\\\/rubans-adhesifs-double-face\\\/tesa-6068\\\/\"]}]},{\"@type\":\"ImageObject\",\"inLanguage\":\"fr-FR\",\"@id\":\"https:\\\/\\\/cardinal-tapes.com\\\/fr\\\/rubans-adh\u00e9sifs\\\/rubans-adhesifs-double-face\\\/tesa-6068\\\/#primaryimage\",\"url\":\"https:\\\/\\\/cardinal-tapes.com\\\/wp-content\\\/uploads\\\/tesa-06068-pr-001172707_canvas1x1_6.jpg\",\"contentUrl\":\"https:\\\/\\\/cardinal-tapes.com\\\/wp-content\\\/uploads\\\/tesa-06068-pr-001172707_canvas1x1_6.jpg\",\"width\":640,\"height\":621,\"caption\":\"tesa 06068\"},{\"@type\":\"BreadcrumbList\",\"@id\":\"https:\\\/\\\/cardinal-tapes.com\\\/fr\\\/rubans-adh\u00e9sifs\\\/rubans-adhesifs-double-face\\\/tesa-6068\\\/#breadcrumb\",\"itemListElement\":[{\"@type\":\"ListItem\",\"position\":1,\"name\":\"Startseite\",\"item\":\"https:\\\/\\\/cardinal-tapes.com\\\/fr\\\/accueil\\\/\"},{\"@type\":\"ListItem\",\"position\":2,\"name\":\"Rubans adh\u00e9sifs\",\"item\":\"https:\\\/\\\/cardinal-tapes.com\\\/fr\\\/rubans-adhesifs-fr\\\/\"},{\"@type\":\"ListItem\",\"position\":3,\"name\":\"Rubans adh\u00e9sifs simple face\",\"item\":\"https:\\\/\\\/cardinal-tapes.com\\\/fr\\\/catgorie\\\/rubans-adhesifs-simple-face\\\/\"},{\"@type\":\"ListItem\",\"position\":4,\"name\":\"tesa\u00ae 6068 D\u00e9vidoir de table enti\u00e8rement automatique\"}]},{\"@type\":\"WebSite\",\"@id\":\"https:\\\/\\\/cardinal-tapes.com\\\/#website\",\"url\":\"https:\\\/\\\/cardinal-tapes.com\\\/\",\"name\":\"cardinal TAPES\",\"description\":\"Klebetechnik aus Wuppertal\",\"potentialAction\":[{\"@type\":\"SearchAction\",\"target\":{\"@type\":\"EntryPoint\",\"urlTemplate\":\"https:\\\/\\\/cardinal-tapes.com\\\/?s={search_term_string}\"},\"query-input\":{\"@type\":\"PropertyValueSpecification\",\"valueRequired\":true,\"valueName\":\"search_term_string\"}}],\"inLanguage\":\"fr-FR\"}]}<\/script>\n<!-- \/ Yoast SEO plugin. -->","yoast_head_json":{"title":"tesa\u00ae 6068 D\u00e9rouleur de table enti\u00e8rement automatique | Cardinal TAPES","description":"Dertesa\u00ae 6068 est un d\u00e9rouleur de table enti\u00e8rement automatique qui convient \u00e0 l'utilisation de rubans tesa tiss\u00e9s, filaments et strapping.","robots":{"index":"index","follow":"follow","max-snippet":"max-snippet:-1","max-image-preview":"max-image-preview:large","max-video-preview":"max-video-preview:-1"},"canonical":"https:\/\/cardinal-tapes.com\/fr\/rubans-adh\u00e9sifs\/rubans-adhesifs-double-face\/tesa-6068\/","og_locale":"fr_FR","og_type":"article","og_title":"tesa\u00ae 6068 D\u00e9rouleur de table enti\u00e8rement automatique | Cardinal TAPES","og_description":"Dertesa\u00ae 6068 est un d\u00e9rouleur de table enti\u00e8rement automatique qui convient \u00e0 l'utilisation de rubans tesa tiss\u00e9s, filaments et strapping.","og_url":"https:\/\/cardinal-tapes.com\/fr\/rubans-adh\u00e9sifs\/rubans-adhesifs-double-face\/tesa-6068\/","og_site_name":"cardinal TAPES","og_image":[{"width":640,"height":621,"url":"https:\/\/cardinal-tapes.com\/wp-content\/uploads\/tesa-06068-pr-001172707_canvas1x1_6.jpg","type":"image\/jpeg"}],"twitter_card":"summary_large_image","twitter_misc":{"Dur\u00e9e de lecture estim\u00e9e":"1 minute"},"schema":{"@context":"https:\/\/schema.org","@graph":[{"@type":"WebPage","@id":"https:\/\/cardinal-tapes.com\/fr\/rubans-adh\u00e9sifs\/rubans-adhesifs-double-face\/tesa-6068\/","url":"https:\/\/cardinal-tapes.com\/fr\/rubans-adh\u00e9sifs\/rubans-adhesifs-double-face\/tesa-6068\/","name":"tesa\u00ae 6068 D\u00e9rouleur de table enti\u00e8rement automatique | Cardinal TAPES","isPartOf":{"@id":"https:\/\/cardinal-tapes.com\/#website"},"primaryImageOfPage":{"@id":"https:\/\/cardinal-tapes.com\/fr\/rubans-adh\u00e9sifs\/rubans-adhesifs-double-face\/tesa-6068\/#primaryimage"},"image":{"@id":"https:\/\/cardinal-tapes.com\/fr\/rubans-adh\u00e9sifs\/rubans-adhesifs-double-face\/tesa-6068\/#primaryimage"},"thumbnailUrl":"https:\/\/cardinal-tapes.com\/wp-content\/uploads\/tesa-06068-pr-001172707_canvas1x1_6.jpg","datePublished":"2023-06-05T15:03:06+00:00","description":"Dertesa\u00ae 6068 est un d\u00e9rouleur de table enti\u00e8rement automatique qui convient \u00e0 l'utilisation de rubans tesa tiss\u00e9s, filaments et strapping.","breadcrumb":{"@id":"https:\/\/cardinal-tapes.com\/fr\/rubans-adh\u00e9sifs\/rubans-adhesifs-double-face\/tesa-6068\/#breadcrumb"},"inLanguage":"fr-FR","potentialAction":[{"@type":"ReadAction","target":["https:\/\/cardinal-tapes.com\/fr\/rubans-adh\u00e9sifs\/rubans-adhesifs-double-face\/tesa-6068\/"]}]},{"@type":"ImageObject","inLanguage":"fr-FR","@id":"https:\/\/cardinal-tapes.com\/fr\/rubans-adh\u00e9sifs\/rubans-adhesifs-double-face\/tesa-6068\/#primaryimage","url":"https:\/\/cardinal-tapes.com\/wp-content\/uploads\/tesa-06068-pr-001172707_canvas1x1_6.jpg","contentUrl":"https:\/\/cardinal-tapes.com\/wp-content\/uploads\/tesa-06068-pr-001172707_canvas1x1_6.jpg","width":640,"height":621,"caption":"tesa 06068"},{"@type":"BreadcrumbList","@id":"https:\/\/cardinal-tapes.com\/fr\/rubans-adh\u00e9sifs\/rubans-adhesifs-double-face\/tesa-6068\/#breadcrumb","itemListElement":[{"@type":"ListItem","position":1,"name":"Startseite","item":"https:\/\/cardinal-tapes.com\/fr\/accueil\/"},{"@type":"ListItem","position":2,"name":"Rubans adh\u00e9sifs","item":"https:\/\/cardinal-tapes.com\/fr\/rubans-adhesifs-fr\/"},{"@type":"ListItem","position":3,"name":"Rubans adh\u00e9sifs simple face","item":"https:\/\/cardinal-tapes.com\/fr\/catgorie\/rubans-adhesifs-simple-face\/"},{"@type":"ListItem","position":4,"name":"tesa\u00ae 6068 D\u00e9vidoir de table enti\u00e8rement automatique"}]},{"@type":"WebSite","@id":"https:\/\/cardinal-tapes.com\/#website","url":"https:\/\/cardinal-tapes.com\/","name":"cardinal TAPES","description":"Klebetechnik aus Wuppertal","potentialAction":[{"@type":"SearchAction","target":{"@type":"EntryPoint","urlTemplate":"https:\/\/cardinal-tapes.com\/?s={search_term_string}"},"query-input":{"@type":"PropertyValueSpecification","valueRequired":true,"valueName":"search_term_string"}}],"inLanguage":"fr-FR"}]}},"brands":[{"id":2165,"name":"tesa","slug":"tesa-fr"}],"_links":{"self":[{"href":"https:\/\/cardinal-tapes.com\/fr\/wp-json\/wp\/v2\/product\/45868","targetHints":{"allow":["GET"]}}],"collection":[{"href":"https:\/\/cardinal-tapes.com\/fr\/wp-json\/wp\/v2\/product"}],"about":[{"href":"https:\/\/cardinal-tapes.com\/fr\/wp-json\/wp\/v2\/types\/product"}],"wp:featuredmedia":[{"embeddable":true,"href":"https:\/\/cardinal-tapes.com\/fr\/wp-json\/wp\/v2\/media\/27008"}],"wp:attachment":[{"href":"https:\/\/cardinal-tapes.com\/fr\/wp-json\/wp\/v2\/media?parent=45868"}],"wp:term":[{"taxonomy":"pwb-brand","embeddable":true,"href":"https:\/\/cardinal-tapes.com\/fr\/wp-json\/wp\/v2\/pwb-brand?post=45868"},{"taxonomy":"product_brand","embeddable":true,"href":"https:\/\/cardinal-tapes.com\/fr\/wp-json\/wp\/v2\/product_brand?post=45868"},{"taxonomy":"product_cat","embeddable":true,"href":"https:\/\/cardinal-tapes.com\/fr\/wp-json\/wp\/v2\/product_cat?post=45868"},{"taxonomy":"product_tag","embeddable":true,"href":"https:\/\/cardinal-tapes.com\/fr\/wp-json\/wp\/v2\/product_tag?post=45868"}],"curies":[{"name":"wp","href":"https:\/\/api.w.org\/{rel}","templated":true}]}}