{"id":45852,"date":"2018-05-17T13:41:30","date_gmt":"2023-06-05T15:03:06","guid":{"rendered":"https:\/\/cardinal.pixel-tal.de\/klebebaender\/non class\u00e9\/tesa-6090-devidoir-de-table\/"},"modified":"2023-06-05T17:03:06","modified_gmt":"2023-06-05T15:03:06","slug":"tesa-6090-derouleur-de-table","status":"publish","type":"product","link":"https:\/\/cardinal-tapes.com\/fr\/rubans-adh\u00e9sifs\/systemes-demballage\/tesa-6090-derouleur-de-table\/","title":{"rendered":"tesa\u00ae 6090 D\u00e9vidoir de table"},"content":{"rendered":"<p>Le <sup>tesa\u00ae<\/sup> 6090 est un d\u00e9vidoir de table professionnel pour l&#8217;utilisation des rubans adh\u00e9sifs <sup>tesapack\u00ae<\/sup>, <sup>tesafilm\u00ae<\/sup> et <sup>tesa\u00ae<\/sup> Strapping.<br \/>\nLe d\u00e9vidoir <sup>tesa\u00ae <\/sup>6090 se distingue par les caract\u00e9ristiques suivantes :<\/p>\n<ul>\n<li>Bo\u00eetier m\u00e9tallique robuste<\/li>\n<li>Stabilit\u00e9 antid\u00e9rapante, pas de fixation n\u00e9cessaire<\/li>\n<li>Coupe lisse<\/li>\n<li>Pour jusqu&#8217;\u00e0 2 rouleaux (25mm x 66m)<\/li>\n<\/ul>\n","protected":false},"excerpt":{"rendered":"<p>Le tesa\u00ae 6090 est un d\u00e9vidoir de table professionnel pour l&#8217;utilisation des rubans adh\u00e9sifs tesapack\u00ae, tesafilm\u00ae et tesa\u00ae Strapping. Le d\u00e9vidoir tesa\u00ae 6090 se distingue par les caract\u00e9ristiques suivantes : Bo\u00eetier m\u00e9tallique robuste Stabilit\u00e9 antid\u00e9rapante, pas de fixation n\u00e9cessaire Coupe lisse Pour jusqu&#8217;\u00e0 2 rouleaux (25mm x 66m)<\/p>\n","protected":false},"featured_media":27004,"template":"","meta":{"_acf_changed":false},"pwb-brand":[2165],"product_brand":[],"product_cat":[1859],"product_tag":[],"class_list":{"0":"post-45852","1":"product","2":"type-product","3":"status-publish","4":"has-post-thumbnail","6":"pwb-brand-tesa-fr","7":"product_cat-systemes-demballage","9":"first","10":"instock","11":"taxable","12":"shipping-taxable","13":"purchasable","14":"product-type-simple"},"acf":[],"yoast_head":"<!-- This site is optimized with the Yoast SEO plugin v27.3 - https:\/\/yoast.com\/product\/yoast-seo-wordpress\/ -->\n<title>tesa\u00ae 6090 D\u00e9vidoir de table | Cardinal TAPES<\/title>\n<meta name=\"description\" content=\"Le tesa\u00ae 6090 est un d\u00e9vidoir de table professionnel pour l&#039;utilisation des rubans adh\u00e9sifs tesapack\u00ae, tesafilm\u00ae et tesa\u00ae Strapping. En savoir plus.\" \/>\n<meta name=\"robots\" content=\"index, follow, max-snippet:-1, max-image-preview:large, max-video-preview:-1\" \/>\n<link rel=\"canonical\" href=\"https:\/\/cardinal-tapes.com\/fr\/rubans-adh\u00e9sifs\/systemes-demballage\/tesa-6090-derouleur-de-table\/\" \/>\n<meta property=\"og:locale\" content=\"fr_FR\" \/>\n<meta property=\"og:type\" content=\"article\" \/>\n<meta property=\"og:title\" content=\"tesa\u00ae 6090 D\u00e9vidoir de table | Cardinal TAPES\" \/>\n<meta property=\"og:description\" content=\"Le tesa\u00ae 6090 est un d\u00e9vidoir de table professionnel pour l&#039;utilisation des rubans adh\u00e9sifs tesapack\u00ae, tesafilm\u00ae et tesa\u00ae Strapping. En savoir plus.\" \/>\n<meta property=\"og:url\" content=\"https:\/\/cardinal-tapes.com\/fr\/rubans-adh\u00e9sifs\/systemes-demballage\/tesa-6090-derouleur-de-table\/\" \/>\n<meta property=\"og:site_name\" content=\"cardinal TAPES\" \/>\n<meta property=\"og:image\" content=\"https:\/\/cardinal-tapes.com\/wp-content\/uploads\/tesa-06090-pr-001-fullsize172728_canvas1x1_3.jpg\" \/>\n\t<meta property=\"og:image:width\" content=\"320\" \/>\n\t<meta property=\"og:image:height\" content=\"263\" \/>\n\t<meta property=\"og:image:type\" content=\"image\/jpeg\" \/>\n<meta name=\"twitter:card\" content=\"summary_large_image\" \/>\n<script type=\"application\/ld+json\" class=\"yoast-schema-graph\">{\"@context\":\"https:\\\/\\\/schema.org\",\"@graph\":[{\"@type\":\"WebPage\",\"@id\":\"https:\\\/\\\/cardinal-tapes.com\\\/fr\\\/rubans-adh\u00e9sifs\\\/systemes-demballage\\\/tesa-6090-derouleur-de-table\\\/\",\"url\":\"https:\\\/\\\/cardinal-tapes.com\\\/fr\\\/rubans-adh\u00e9sifs\\\/systemes-demballage\\\/tesa-6090-derouleur-de-table\\\/\",\"name\":\"tesa\u00ae 6090 D\u00e9vidoir de table | Cardinal TAPES\",\"isPartOf\":{\"@id\":\"https:\\\/\\\/cardinal-tapes.com\\\/#website\"},\"primaryImageOfPage\":{\"@id\":\"https:\\\/\\\/cardinal-tapes.com\\\/fr\\\/rubans-adh\u00e9sifs\\\/systemes-demballage\\\/tesa-6090-derouleur-de-table\\\/#primaryimage\"},\"image\":{\"@id\":\"https:\\\/\\\/cardinal-tapes.com\\\/fr\\\/rubans-adh\u00e9sifs\\\/systemes-demballage\\\/tesa-6090-derouleur-de-table\\\/#primaryimage\"},\"thumbnailUrl\":\"https:\\\/\\\/cardinal-tapes.com\\\/wp-content\\\/uploads\\\/tesa-06090-pr-001-fullsize172728_canvas1x1_3.jpg\",\"datePublished\":\"2023-06-05T15:03:06+00:00\",\"description\":\"Le tesa\u00ae 6090 est un d\u00e9vidoir de table professionnel pour l'utilisation des rubans adh\u00e9sifs tesapack\u00ae, tesafilm\u00ae et tesa\u00ae Strapping. En savoir plus.\",\"breadcrumb\":{\"@id\":\"https:\\\/\\\/cardinal-tapes.com\\\/fr\\\/rubans-adh\u00e9sifs\\\/systemes-demballage\\\/tesa-6090-derouleur-de-table\\\/#breadcrumb\"},\"inLanguage\":\"fr-FR\",\"potentialAction\":[{\"@type\":\"ReadAction\",\"target\":[\"https:\\\/\\\/cardinal-tapes.com\\\/fr\\\/rubans-adh\u00e9sifs\\\/systemes-demballage\\\/tesa-6090-derouleur-de-table\\\/\"]}]},{\"@type\":\"ImageObject\",\"inLanguage\":\"fr-FR\",\"@id\":\"https:\\\/\\\/cardinal-tapes.com\\\/fr\\\/rubans-adh\u00e9sifs\\\/systemes-demballage\\\/tesa-6090-derouleur-de-table\\\/#primaryimage\",\"url\":\"https:\\\/\\\/cardinal-tapes.com\\\/wp-content\\\/uploads\\\/tesa-06090-pr-001-fullsize172728_canvas1x1_3.jpg\",\"contentUrl\":\"https:\\\/\\\/cardinal-tapes.com\\\/wp-content\\\/uploads\\\/tesa-06090-pr-001-fullsize172728_canvas1x1_3.jpg\",\"width\":320,\"height\":263,\"caption\":\"tesa 06090\"},{\"@type\":\"BreadcrumbList\",\"@id\":\"https:\\\/\\\/cardinal-tapes.com\\\/fr\\\/rubans-adh\u00e9sifs\\\/systemes-demballage\\\/tesa-6090-derouleur-de-table\\\/#breadcrumb\",\"itemListElement\":[{\"@type\":\"ListItem\",\"position\":1,\"name\":\"Startseite\",\"item\":\"https:\\\/\\\/cardinal-tapes.com\\\/fr\\\/accueil\\\/\"},{\"@type\":\"ListItem\",\"position\":2,\"name\":\"Rubans adh\u00e9sifs\",\"item\":\"https:\\\/\\\/cardinal-tapes.com\\\/fr\\\/rubans-adhesifs-fr\\\/\"},{\"@type\":\"ListItem\",\"position\":3,\"name\":\"Syst\u00e8mes d&#039;emballage\",\"item\":\"https:\\\/\\\/cardinal-tapes.com\\\/fr\\\/catgorie\\\/systemes-demballage\\\/\"},{\"@type\":\"ListItem\",\"position\":4,\"name\":\"tesa\u00ae 6090 D\u00e9vidoir de table\"}]},{\"@type\":\"WebSite\",\"@id\":\"https:\\\/\\\/cardinal-tapes.com\\\/#website\",\"url\":\"https:\\\/\\\/cardinal-tapes.com\\\/\",\"name\":\"cardinal TAPES\",\"description\":\"Klebetechnik aus Wuppertal\",\"potentialAction\":[{\"@type\":\"SearchAction\",\"target\":{\"@type\":\"EntryPoint\",\"urlTemplate\":\"https:\\\/\\\/cardinal-tapes.com\\\/?s={search_term_string}\"},\"query-input\":{\"@type\":\"PropertyValueSpecification\",\"valueRequired\":true,\"valueName\":\"search_term_string\"}}],\"inLanguage\":\"fr-FR\"}]}<\/script>\n<!-- \/ Yoast SEO plugin. -->","yoast_head_json":{"title":"tesa\u00ae 6090 D\u00e9vidoir de table | Cardinal TAPES","description":"Le tesa\u00ae 6090 est un d\u00e9vidoir de table professionnel pour l'utilisation des rubans adh\u00e9sifs tesapack\u00ae, tesafilm\u00ae et tesa\u00ae Strapping. En savoir plus.","robots":{"index":"index","follow":"follow","max-snippet":"max-snippet:-1","max-image-preview":"max-image-preview:large","max-video-preview":"max-video-preview:-1"},"canonical":"https:\/\/cardinal-tapes.com\/fr\/rubans-adh\u00e9sifs\/systemes-demballage\/tesa-6090-derouleur-de-table\/","og_locale":"fr_FR","og_type":"article","og_title":"tesa\u00ae 6090 D\u00e9vidoir de table | Cardinal TAPES","og_description":"Le tesa\u00ae 6090 est un d\u00e9vidoir de table professionnel pour l'utilisation des rubans adh\u00e9sifs tesapack\u00ae, tesafilm\u00ae et tesa\u00ae Strapping. En savoir plus.","og_url":"https:\/\/cardinal-tapes.com\/fr\/rubans-adh\u00e9sifs\/systemes-demballage\/tesa-6090-derouleur-de-table\/","og_site_name":"cardinal TAPES","og_image":[{"width":320,"height":263,"url":"https:\/\/cardinal-tapes.com\/wp-content\/uploads\/tesa-06090-pr-001-fullsize172728_canvas1x1_3.jpg","type":"image\/jpeg"}],"twitter_card":"summary_large_image","schema":{"@context":"https:\/\/schema.org","@graph":[{"@type":"WebPage","@id":"https:\/\/cardinal-tapes.com\/fr\/rubans-adh\u00e9sifs\/systemes-demballage\/tesa-6090-derouleur-de-table\/","url":"https:\/\/cardinal-tapes.com\/fr\/rubans-adh\u00e9sifs\/systemes-demballage\/tesa-6090-derouleur-de-table\/","name":"tesa\u00ae 6090 D\u00e9vidoir de table | Cardinal TAPES","isPartOf":{"@id":"https:\/\/cardinal-tapes.com\/#website"},"primaryImageOfPage":{"@id":"https:\/\/cardinal-tapes.com\/fr\/rubans-adh\u00e9sifs\/systemes-demballage\/tesa-6090-derouleur-de-table\/#primaryimage"},"image":{"@id":"https:\/\/cardinal-tapes.com\/fr\/rubans-adh\u00e9sifs\/systemes-demballage\/tesa-6090-derouleur-de-table\/#primaryimage"},"thumbnailUrl":"https:\/\/cardinal-tapes.com\/wp-content\/uploads\/tesa-06090-pr-001-fullsize172728_canvas1x1_3.jpg","datePublished":"2023-06-05T15:03:06+00:00","description":"Le tesa\u00ae 6090 est un d\u00e9vidoir de table professionnel pour l'utilisation des rubans adh\u00e9sifs tesapack\u00ae, tesafilm\u00ae et tesa\u00ae Strapping. En savoir plus.","breadcrumb":{"@id":"https:\/\/cardinal-tapes.com\/fr\/rubans-adh\u00e9sifs\/systemes-demballage\/tesa-6090-derouleur-de-table\/#breadcrumb"},"inLanguage":"fr-FR","potentialAction":[{"@type":"ReadAction","target":["https:\/\/cardinal-tapes.com\/fr\/rubans-adh\u00e9sifs\/systemes-demballage\/tesa-6090-derouleur-de-table\/"]}]},{"@type":"ImageObject","inLanguage":"fr-FR","@id":"https:\/\/cardinal-tapes.com\/fr\/rubans-adh\u00e9sifs\/systemes-demballage\/tesa-6090-derouleur-de-table\/#primaryimage","url":"https:\/\/cardinal-tapes.com\/wp-content\/uploads\/tesa-06090-pr-001-fullsize172728_canvas1x1_3.jpg","contentUrl":"https:\/\/cardinal-tapes.com\/wp-content\/uploads\/tesa-06090-pr-001-fullsize172728_canvas1x1_3.jpg","width":320,"height":263,"caption":"tesa 06090"},{"@type":"BreadcrumbList","@id":"https:\/\/cardinal-tapes.com\/fr\/rubans-adh\u00e9sifs\/systemes-demballage\/tesa-6090-derouleur-de-table\/#breadcrumb","itemListElement":[{"@type":"ListItem","position":1,"name":"Startseite","item":"https:\/\/cardinal-tapes.com\/fr\/accueil\/"},{"@type":"ListItem","position":2,"name":"Rubans adh\u00e9sifs","item":"https:\/\/cardinal-tapes.com\/fr\/rubans-adhesifs-fr\/"},{"@type":"ListItem","position":3,"name":"Syst\u00e8mes d&#039;emballage","item":"https:\/\/cardinal-tapes.com\/fr\/catgorie\/systemes-demballage\/"},{"@type":"ListItem","position":4,"name":"tesa\u00ae 6090 D\u00e9vidoir de table"}]},{"@type":"WebSite","@id":"https:\/\/cardinal-tapes.com\/#website","url":"https:\/\/cardinal-tapes.com\/","name":"cardinal TAPES","description":"Klebetechnik aus Wuppertal","potentialAction":[{"@type":"SearchAction","target":{"@type":"EntryPoint","urlTemplate":"https:\/\/cardinal-tapes.com\/?s={search_term_string}"},"query-input":{"@type":"PropertyValueSpecification","valueRequired":true,"valueName":"search_term_string"}}],"inLanguage":"fr-FR"}]}},"brands":[{"id":2165,"name":"tesa","slug":"tesa-fr"}],"_links":{"self":[{"href":"https:\/\/cardinal-tapes.com\/fr\/wp-json\/wp\/v2\/product\/45852","targetHints":{"allow":["GET"]}}],"collection":[{"href":"https:\/\/cardinal-tapes.com\/fr\/wp-json\/wp\/v2\/product"}],"about":[{"href":"https:\/\/cardinal-tapes.com\/fr\/wp-json\/wp\/v2\/types\/product"}],"wp:featuredmedia":[{"embeddable":true,"href":"https:\/\/cardinal-tapes.com\/fr\/wp-json\/wp\/v2\/media\/27004"}],"wp:attachment":[{"href":"https:\/\/cardinal-tapes.com\/fr\/wp-json\/wp\/v2\/media?parent=45852"}],"wp:term":[{"taxonomy":"pwb-brand","embeddable":true,"href":"https:\/\/cardinal-tapes.com\/fr\/wp-json\/wp\/v2\/pwb-brand?post=45852"},{"taxonomy":"product_brand","embeddable":true,"href":"https:\/\/cardinal-tapes.com\/fr\/wp-json\/wp\/v2\/product_brand?post=45852"},{"taxonomy":"product_cat","embeddable":true,"href":"https:\/\/cardinal-tapes.com\/fr\/wp-json\/wp\/v2\/product_cat?post=45852"},{"taxonomy":"product_tag","embeddable":true,"href":"https:\/\/cardinal-tapes.com\/fr\/wp-json\/wp\/v2\/product_tag?post=45852"}],"curies":[{"name":"wp","href":"https:\/\/api.w.org\/{rel}","templated":true}]}}