{"id":45151,"date":"2018-05-28T14:55:09","date_gmt":"2023-06-05T15:02:49","guid":{"rendered":"https:\/\/cardinal.pixel-tal.de\/klebebaender\/non class\u00e9\/3m-vhb-ruban-adhesif-4936-p\/"},"modified":"2023-06-05T17:02:49","modified_gmt":"2023-06-05T15:02:49","slug":"3m-4936-p-vhb-klebeband","status":"publish","type":"product","link":"https:\/\/cardinal-tapes.com\/fr\/rubans-adh\u00e9sifs\/rubans-adhesifs-double-face\/3m-4936-p-vhb-klebeband\/","title":{"rendered":"3M\u2122 VHB\u2122 Ruban adh\u00e9sif 4936 P"},"content":{"rendered":"<p>Les rubans adh\u00e9sifs haute performance 3M\u2122 VHB\u2122 sont des rubans double face fabriqu\u00e9s \u00e0 partir d&#8217;un adh\u00e9sif acrylique \u00e0 cellules ferm\u00e9es. Ils offrent une grande adaptabilit\u00e9 aux surfaces \u00e0 coller. Les surfaces lisses ou structur\u00e9es peuvent \u00eatre assembl\u00e9es sans tension sur toute leur surface. Convient id\u00e9alement \u00e0 une multitude de mat\u00e9riaux \u00e0 \u00e9nergie de surface \u00e9lev\u00e9e ou moyenne, comme les m\u00e9taux, les plastiques, les peintures ou le verre. Haute r\u00e9sistance aux plastifiants (par ex. pour les substrats en PVC).<strong><br \/>\n<\/strong><\/p>\n<p><strong>Caract\u00e9ristiques<\/strong><br \/>\n&#8211; Grande capacit\u00e9 d&#8217;adaptation<br \/>\n&#8211; Haute r\u00e9sistance aux plastifiants<br \/>\n&#8211; Tr\u00e8s haute adh\u00e9rence sur presque tous les mat\u00e9riaux<\/p>\n<p><strong>Applications<\/strong><br \/>\n&#8211; Collage de panneaux sur des cadres<br \/>\n&#8211; Collage d&#8217;\u00e9l\u00e9ments de renfort sur des panneaux<br \/>\n&#8211; Pour le collage de mat\u00e9riel de d\u00e9coration, de moulures ou de pi\u00e8ces rapport\u00e9es<br \/>\n&#8211; Pour coller des badges, des logos et des pancartes<\/p>\n","protected":false},"excerpt":{"rendered":"<p>Les rubans adh\u00e9sifs haute performance 3M\u2122 VHB\u2122 sont des rubans double face fabriqu\u00e9s \u00e0 partir d&#8217;un adh\u00e9sif acrylique \u00e0 cellules ferm\u00e9es. Ils offrent une grande adaptabilit\u00e9 aux surfaces \u00e0 coller. Les surfaces lisses ou structur\u00e9es peuvent \u00eatre assembl\u00e9es sans tension sur toute leur surface. Convient id\u00e9alement \u00e0 une multitude de mat\u00e9riaux \u00e0 \u00e9nergie de surface [&hellip;]<\/p>\n","protected":false},"featured_media":26680,"template":"","meta":{"_acf_changed":false},"pwb-brand":[2167],"product_brand":[],"product_cat":[1834],"product_tag":[],"class_list":{"0":"post-45151","1":"product","2":"type-product","3":"status-publish","4":"has-post-thumbnail","6":"pwb-brand-3m-fr","7":"product_cat-rubans-adhesifs-double-face","9":"first","10":"instock","11":"taxable","12":"shipping-taxable","13":"purchasable","14":"product-type-variable"},"acf":[],"yoast_head":"<!-- This site is optimized with the Yoast SEO plugin v27.3 - https:\/\/yoast.com\/product\/yoast-seo-wordpress\/ -->\n<title>3M\u2122 VHB\u2122 Ruban adh\u00e9sif 4936 P | Cardinal TAPES<\/title>\n<meta name=\"description\" content=\"Les rubans adh\u00e9sifs haute performance 3M VHB sont des rubans double face fabriqu\u00e9s \u00e0 partir d&#039;un adh\u00e9sif acrylique \u00e0 cellules ferm\u00e9es. En savoir plus ici.\" \/>\n<meta name=\"robots\" content=\"index, follow, max-snippet:-1, max-image-preview:large, max-video-preview:-1\" \/>\n<link rel=\"canonical\" href=\"https:\/\/cardinal-tapes.com\/fr\/rubans-adh\u00e9sifs\/rubans-adhesifs-double-face\/3m-4936-p-vhb-klebeband\/\" \/>\n<meta property=\"og:locale\" content=\"fr_FR\" \/>\n<meta property=\"og:type\" content=\"article\" \/>\n<meta property=\"og:title\" content=\"3M\u2122 VHB\u2122 Ruban adh\u00e9sif 4936 P | Cardinal TAPES\" \/>\n<meta property=\"og:description\" content=\"Les rubans adh\u00e9sifs haute performance 3M VHB sont des rubans double face fabriqu\u00e9s \u00e0 partir d&#039;un adh\u00e9sif acrylique \u00e0 cellules ferm\u00e9es. En savoir plus ici.\" \/>\n<meta property=\"og:url\" content=\"https:\/\/cardinal-tapes.com\/fr\/rubans-adh\u00e9sifs\/rubans-adhesifs-double-face\/3m-4936-p-vhb-klebeband\/\" \/>\n<meta property=\"og:site_name\" content=\"cardinal TAPES\" \/>\n<meta property=\"og:image\" content=\"https:\/\/cardinal-tapes.com\/wp-content\/uploads\/vhb-5915.jpg\" \/>\n\t<meta property=\"og:image:width\" content=\"400\" \/>\n\t<meta property=\"og:image:height\" content=\"400\" \/>\n\t<meta property=\"og:image:type\" content=\"image\/jpeg\" \/>\n<meta name=\"twitter:card\" content=\"summary_large_image\" \/>\n<meta name=\"twitter:label1\" content=\"Dur\u00e9e de lecture estim\u00e9e\" \/>\n\t<meta name=\"twitter:data1\" content=\"1 minute\" \/>\n<script type=\"application\/ld+json\" class=\"yoast-schema-graph\">{\"@context\":\"https:\\\/\\\/schema.org\",\"@graph\":[{\"@type\":\"WebPage\",\"@id\":\"https:\\\/\\\/cardinal-tapes.com\\\/fr\\\/rubans-adh\u00e9sifs\\\/rubans-adhesifs-double-face\\\/3m-4936-p-vhb-klebeband\\\/\",\"url\":\"https:\\\/\\\/cardinal-tapes.com\\\/fr\\\/rubans-adh\u00e9sifs\\\/rubans-adhesifs-double-face\\\/3m-4936-p-vhb-klebeband\\\/\",\"name\":\"3M\u2122 VHB\u2122 Ruban adh\u00e9sif 4936 P | Cardinal TAPES\",\"isPartOf\":{\"@id\":\"https:\\\/\\\/cardinal-tapes.com\\\/#website\"},\"primaryImageOfPage\":{\"@id\":\"https:\\\/\\\/cardinal-tapes.com\\\/fr\\\/rubans-adh\u00e9sifs\\\/rubans-adhesifs-double-face\\\/3m-4936-p-vhb-klebeband\\\/#primaryimage\"},\"image\":{\"@id\":\"https:\\\/\\\/cardinal-tapes.com\\\/fr\\\/rubans-adh\u00e9sifs\\\/rubans-adhesifs-double-face\\\/3m-4936-p-vhb-klebeband\\\/#primaryimage\"},\"thumbnailUrl\":\"https:\\\/\\\/cardinal-tapes.com\\\/wp-content\\\/uploads\\\/vhb-5915.jpg\",\"datePublished\":\"2023-06-05T15:02:49+00:00\",\"description\":\"Les rubans adh\u00e9sifs haute performance 3M VHB sont des rubans double face fabriqu\u00e9s \u00e0 partir d'un adh\u00e9sif acrylique \u00e0 cellules ferm\u00e9es. En savoir plus ici.\",\"breadcrumb\":{\"@id\":\"https:\\\/\\\/cardinal-tapes.com\\\/fr\\\/rubans-adh\u00e9sifs\\\/rubans-adhesifs-double-face\\\/3m-4936-p-vhb-klebeband\\\/#breadcrumb\"},\"inLanguage\":\"fr-FR\",\"potentialAction\":[{\"@type\":\"ReadAction\",\"target\":[\"https:\\\/\\\/cardinal-tapes.com\\\/fr\\\/rubans-adh\u00e9sifs\\\/rubans-adhesifs-double-face\\\/3m-4936-p-vhb-klebeband\\\/\"]}]},{\"@type\":\"ImageObject\",\"inLanguage\":\"fr-FR\",\"@id\":\"https:\\\/\\\/cardinal-tapes.com\\\/fr\\\/rubans-adh\u00e9sifs\\\/rubans-adhesifs-double-face\\\/3m-4936-p-vhb-klebeband\\\/#primaryimage\",\"url\":\"https:\\\/\\\/cardinal-tapes.com\\\/wp-content\\\/uploads\\\/vhb-5915.jpg\",\"contentUrl\":\"https:\\\/\\\/cardinal-tapes.com\\\/wp-content\\\/uploads\\\/vhb-5915.jpg\",\"width\":400,\"height\":400,\"caption\":\"vhb-5915\"},{\"@type\":\"BreadcrumbList\",\"@id\":\"https:\\\/\\\/cardinal-tapes.com\\\/fr\\\/rubans-adh\u00e9sifs\\\/rubans-adhesifs-double-face\\\/3m-4936-p-vhb-klebeband\\\/#breadcrumb\",\"itemListElement\":[{\"@type\":\"ListItem\",\"position\":1,\"name\":\"Startseite\",\"item\":\"https:\\\/\\\/cardinal-tapes.com\\\/fr\\\/accueil\\\/\"},{\"@type\":\"ListItem\",\"position\":2,\"name\":\"Rubans adh\u00e9sifs\",\"item\":\"https:\\\/\\\/cardinal-tapes.com\\\/fr\\\/rubans-adhesifs-fr\\\/\"},{\"@type\":\"ListItem\",\"position\":3,\"name\":\"Rubans adh\u00e9sifs double face\",\"item\":\"https:\\\/\\\/cardinal-tapes.com\\\/fr\\\/catgorie\\\/rubans-adhesifs-double-face\\\/\"},{\"@type\":\"ListItem\",\"position\":4,\"name\":\"3M\u2122 VHB\u2122 Ruban adh\u00e9sif 4936 P\"}]},{\"@type\":\"WebSite\",\"@id\":\"https:\\\/\\\/cardinal-tapes.com\\\/#website\",\"url\":\"https:\\\/\\\/cardinal-tapes.com\\\/\",\"name\":\"cardinal TAPES\",\"description\":\"Klebetechnik aus Wuppertal\",\"potentialAction\":[{\"@type\":\"SearchAction\",\"target\":{\"@type\":\"EntryPoint\",\"urlTemplate\":\"https:\\\/\\\/cardinal-tapes.com\\\/?s={search_term_string}\"},\"query-input\":{\"@type\":\"PropertyValueSpecification\",\"valueRequired\":true,\"valueName\":\"search_term_string\"}}],\"inLanguage\":\"fr-FR\"}]}<\/script>\n<!-- \/ Yoast SEO plugin. -->","yoast_head_json":{"title":"3M\u2122 VHB\u2122 Ruban adh\u00e9sif 4936 P | Cardinal TAPES","description":"Les rubans adh\u00e9sifs haute performance 3M VHB sont des rubans double face fabriqu\u00e9s \u00e0 partir d'un adh\u00e9sif acrylique \u00e0 cellules ferm\u00e9es. En savoir plus ici.","robots":{"index":"index","follow":"follow","max-snippet":"max-snippet:-1","max-image-preview":"max-image-preview:large","max-video-preview":"max-video-preview:-1"},"canonical":"https:\/\/cardinal-tapes.com\/fr\/rubans-adh\u00e9sifs\/rubans-adhesifs-double-face\/3m-4936-p-vhb-klebeband\/","og_locale":"fr_FR","og_type":"article","og_title":"3M\u2122 VHB\u2122 Ruban adh\u00e9sif 4936 P | Cardinal TAPES","og_description":"Les rubans adh\u00e9sifs haute performance 3M VHB sont des rubans double face fabriqu\u00e9s \u00e0 partir d'un adh\u00e9sif acrylique \u00e0 cellules ferm\u00e9es. En savoir plus ici.","og_url":"https:\/\/cardinal-tapes.com\/fr\/rubans-adh\u00e9sifs\/rubans-adhesifs-double-face\/3m-4936-p-vhb-klebeband\/","og_site_name":"cardinal TAPES","og_image":[{"width":400,"height":400,"url":"https:\/\/cardinal-tapes.com\/wp-content\/uploads\/vhb-5915.jpg","type":"image\/jpeg"}],"twitter_card":"summary_large_image","twitter_misc":{"Dur\u00e9e de lecture estim\u00e9e":"1 minute"},"schema":{"@context":"https:\/\/schema.org","@graph":[{"@type":"WebPage","@id":"https:\/\/cardinal-tapes.com\/fr\/rubans-adh\u00e9sifs\/rubans-adhesifs-double-face\/3m-4936-p-vhb-klebeband\/","url":"https:\/\/cardinal-tapes.com\/fr\/rubans-adh\u00e9sifs\/rubans-adhesifs-double-face\/3m-4936-p-vhb-klebeband\/","name":"3M\u2122 VHB\u2122 Ruban adh\u00e9sif 4936 P | Cardinal TAPES","isPartOf":{"@id":"https:\/\/cardinal-tapes.com\/#website"},"primaryImageOfPage":{"@id":"https:\/\/cardinal-tapes.com\/fr\/rubans-adh\u00e9sifs\/rubans-adhesifs-double-face\/3m-4936-p-vhb-klebeband\/#primaryimage"},"image":{"@id":"https:\/\/cardinal-tapes.com\/fr\/rubans-adh\u00e9sifs\/rubans-adhesifs-double-face\/3m-4936-p-vhb-klebeband\/#primaryimage"},"thumbnailUrl":"https:\/\/cardinal-tapes.com\/wp-content\/uploads\/vhb-5915.jpg","datePublished":"2023-06-05T15:02:49+00:00","description":"Les rubans adh\u00e9sifs haute performance 3M VHB sont des rubans double face fabriqu\u00e9s \u00e0 partir d'un adh\u00e9sif acrylique \u00e0 cellules ferm\u00e9es. En savoir plus ici.","breadcrumb":{"@id":"https:\/\/cardinal-tapes.com\/fr\/rubans-adh\u00e9sifs\/rubans-adhesifs-double-face\/3m-4936-p-vhb-klebeband\/#breadcrumb"},"inLanguage":"fr-FR","potentialAction":[{"@type":"ReadAction","target":["https:\/\/cardinal-tapes.com\/fr\/rubans-adh\u00e9sifs\/rubans-adhesifs-double-face\/3m-4936-p-vhb-klebeband\/"]}]},{"@type":"ImageObject","inLanguage":"fr-FR","@id":"https:\/\/cardinal-tapes.com\/fr\/rubans-adh\u00e9sifs\/rubans-adhesifs-double-face\/3m-4936-p-vhb-klebeband\/#primaryimage","url":"https:\/\/cardinal-tapes.com\/wp-content\/uploads\/vhb-5915.jpg","contentUrl":"https:\/\/cardinal-tapes.com\/wp-content\/uploads\/vhb-5915.jpg","width":400,"height":400,"caption":"vhb-5915"},{"@type":"BreadcrumbList","@id":"https:\/\/cardinal-tapes.com\/fr\/rubans-adh\u00e9sifs\/rubans-adhesifs-double-face\/3m-4936-p-vhb-klebeband\/#breadcrumb","itemListElement":[{"@type":"ListItem","position":1,"name":"Startseite","item":"https:\/\/cardinal-tapes.com\/fr\/accueil\/"},{"@type":"ListItem","position":2,"name":"Rubans adh\u00e9sifs","item":"https:\/\/cardinal-tapes.com\/fr\/rubans-adhesifs-fr\/"},{"@type":"ListItem","position":3,"name":"Rubans adh\u00e9sifs double face","item":"https:\/\/cardinal-tapes.com\/fr\/catgorie\/rubans-adhesifs-double-face\/"},{"@type":"ListItem","position":4,"name":"3M\u2122 VHB\u2122 Ruban adh\u00e9sif 4936 P"}]},{"@type":"WebSite","@id":"https:\/\/cardinal-tapes.com\/#website","url":"https:\/\/cardinal-tapes.com\/","name":"cardinal TAPES","description":"Klebetechnik aus Wuppertal","potentialAction":[{"@type":"SearchAction","target":{"@type":"EntryPoint","urlTemplate":"https:\/\/cardinal-tapes.com\/?s={search_term_string}"},"query-input":{"@type":"PropertyValueSpecification","valueRequired":true,"valueName":"search_term_string"}}],"inLanguage":"fr-FR"}]}},"brands":[{"id":2167,"name":"3M","slug":"3m-fr"}],"_links":{"self":[{"href":"https:\/\/cardinal-tapes.com\/fr\/wp-json\/wp\/v2\/product\/45151","targetHints":{"allow":["GET"]}}],"collection":[{"href":"https:\/\/cardinal-tapes.com\/fr\/wp-json\/wp\/v2\/product"}],"about":[{"href":"https:\/\/cardinal-tapes.com\/fr\/wp-json\/wp\/v2\/types\/product"}],"wp:featuredmedia":[{"embeddable":true,"href":"https:\/\/cardinal-tapes.com\/fr\/wp-json\/wp\/v2\/media\/26680"}],"wp:attachment":[{"href":"https:\/\/cardinal-tapes.com\/fr\/wp-json\/wp\/v2\/media?parent=45151"}],"wp:term":[{"taxonomy":"pwb-brand","embeddable":true,"href":"https:\/\/cardinal-tapes.com\/fr\/wp-json\/wp\/v2\/pwb-brand?post=45151"},{"taxonomy":"product_brand","embeddable":true,"href":"https:\/\/cardinal-tapes.com\/fr\/wp-json\/wp\/v2\/product_brand?post=45151"},{"taxonomy":"product_cat","embeddable":true,"href":"https:\/\/cardinal-tapes.com\/fr\/wp-json\/wp\/v2\/product_cat?post=45151"},{"taxonomy":"product_tag","embeddable":true,"href":"https:\/\/cardinal-tapes.com\/fr\/wp-json\/wp\/v2\/product_tag?post=45151"}],"curies":[{"name":"wp","href":"https:\/\/api.w.org\/{rel}","templated":true}]}}