{"id":45106,"date":"2018-05-29T13:14:38","date_gmt":"2023-06-05T15:02:48","guid":{"rendered":"https:\/\/cardinal.pixel-tal.de\/klebebaender\/non%20class\u00e9\/3m-vhb-ruban-adhesif-resistant-a-la-flamme-5958fr\/"},"modified":"2025-07-02T16:12:57","modified_gmt":"2025-07-02T14:12:57","slug":"3m-5958-fr-vhb-klebeband","status":"publish","type":"product","link":"https:\/\/cardinal-tapes.com\/fr\/rubans-adh\u00e9sifs\/rubans-adhesifs-double-face\/3m-5958-fr-vhb-klebeband\/","title":{"rendered":"3M\u2122 VHB\u2122 Ruban adh\u00e9sif r\u00e9sistant \u00e0 la flamme 5958FR"},"content":{"rendered":"<p>Le ruban adh\u00e9sif 3M\u2122 VHB\u2122 ignifug\u00e9 5958FR est compos\u00e9 d&#8217;un adh\u00e9sif acrylique \u00e0 effet durable et de propri\u00e9t\u00e9s visco\u00e9lastiques. Il s&#8217;agit d&#8217;un ruban adh\u00e9sif double face compos\u00e9 \u00e0 100% d&#8217;un adh\u00e9sif acrylique \u00e0 cellules ferm\u00e9es. Ce ruban adh\u00e9sif haute performance de 1 mm d&#8217;\u00e9paisseur, extr\u00eamement adaptable, est compos\u00e9 d&#8217;un adh\u00e9sif acrylique modifi\u00e9 de couleur noire et peut \u00eatre coll\u00e9 rapidement et facilement.<\/p>\n<p><strong>Propri\u00e9t\u00e9s<\/strong><br \/>\nLe ruban adh\u00e9sif 5958FR pr\u00e9sente une adh\u00e9rence extr\u00eamement \u00e9lev\u00e9e sur diff\u00e9rents mat\u00e9riaux tels que l&#8217;aluminium, l&#8217;acier inoxydable, l&#8217;acier galvanis\u00e9, les mat\u00e9riaux composites et les plastiques, l&#8217;acrylique, le polycarbonate, l&#8217;ABS et le bois peint ou vitrifi\u00e9. Ce ruban adh\u00e9sif offre une excellente r\u00e9sistance au cisaillement, une bonne adaptabilit\u00e9, une bonne adh\u00e9rence \u00e0 la surface et une bonne r\u00e9sistance \u00e0 la temp\u00e9rature. Il offre une durabilit\u00e9 puissante et durable ainsi qu&#8217;une r\u00e9sistance au feu. Utilisez ce ruban adh\u00e9sif VHB visco\u00e9lastique performant sur les surfaces les plus diverses, comme par exemple les rev\u00eatements en poudre.<\/p>\n<p><strong>Applications<\/strong><br \/>\n&#8211; \u00c9tanch\u00e9it\u00e9 permanente \u00e0 l&#8217;eau, \u00e0 l&#8217;humidit\u00e9, etc.<br \/>\n&#8211; Utilisation de mat\u00e9riaux plus fins, plus l\u00e9gers et in\u00e9gaux<br \/>\n&#8211; Application pour mat\u00e9riel de d\u00e9coration et moulures, plaques nominatives et logos, pr\u00e9sentoirs, fixations de panneaux et \u00e9l\u00e9ments de renforcement.<\/p>\n","protected":false},"excerpt":{"rendered":"<p>Le ruban adh\u00e9sif 3M\u2122 VHB\u2122 ignifug\u00e9 5958FR est compos\u00e9 d&#8217;un adh\u00e9sif acrylique \u00e0 effet durable et de propri\u00e9t\u00e9s visco\u00e9lastiques. Il s&#8217;agit d&#8217;un ruban adh\u00e9sif double face compos\u00e9 \u00e0 100% d&#8217;un adh\u00e9sif acrylique \u00e0 cellules ferm\u00e9es. Ce ruban adh\u00e9sif haute performance de 1 mm d&#8217;\u00e9paisseur, extr\u00eamement adaptable, est compos\u00e9 d&#8217;un adh\u00e9sif acrylique modifi\u00e9 de couleur noire [&hellip;]<\/p>\n","protected":false},"featured_media":27048,"template":"","meta":{"_acf_changed":false},"pwb-brand":[2167],"product_brand":[],"product_cat":[1834],"product_tag":[],"class_list":{"0":"post-45106","1":"product","2":"type-product","3":"status-publish","4":"has-post-thumbnail","6":"pwb-brand-3m-fr","7":"product_cat-rubans-adhesifs-double-face","9":"first","10":"instock","11":"taxable","12":"shipping-taxable","13":"purchasable","14":"product-type-variable"},"acf":[],"yoast_head":"<!-- This site is optimized with the Yoast SEO plugin v27.3 - https:\/\/yoast.com\/product\/yoast-seo-wordpress\/ -->\n<title>3M\u2122 VHB\u2122 Ruban adh\u00e9sif r\u00e9sistant \u00e0 la flamme 5958FR | Cardinal TAPES<\/title>\n<meta name=\"description\" content=\"Les rubans adh\u00e9sifs haute performance 3M 5958 FR VHB VHB sont des rubans double face en adh\u00e9sif acrylique \u00e0 cellules ferm\u00e9es. En savoir plus maintenant.\" \/>\n<meta name=\"robots\" content=\"index, follow, max-snippet:-1, max-image-preview:large, max-video-preview:-1\" \/>\n<link rel=\"canonical\" href=\"https:\/\/cardinal-tapes.com\/fr\/rubans-adh\u00e9sifs\/rubans-adhesifs-double-face\/3m-5958-fr-vhb-klebeband\/\" \/>\n<meta property=\"og:locale\" content=\"fr_FR\" \/>\n<meta property=\"og:type\" content=\"article\" \/>\n<meta property=\"og:title\" content=\"3M\u2122 VHB\u2122 Ruban adh\u00e9sif r\u00e9sistant \u00e0 la flamme 5958FR | Cardinal TAPES\" \/>\n<meta property=\"og:description\" content=\"Les rubans adh\u00e9sifs haute performance 3M 5958 FR VHB VHB sont des rubans double face en adh\u00e9sif acrylique \u00e0 cellules ferm\u00e9es. En savoir plus maintenant.\" \/>\n<meta property=\"og:url\" content=\"https:\/\/cardinal-tapes.com\/fr\/rubans-adh\u00e9sifs\/rubans-adhesifs-double-face\/3m-5958-fr-vhb-klebeband\/\" \/>\n<meta property=\"og:site_name\" content=\"cardinal TAPES\" \/>\n<meta property=\"article:modified_time\" content=\"2025-07-02T14:12:57+00:00\" \/>\n<meta property=\"og:image\" content=\"https:\/\/cardinal-tapes.com\/wp-content\/uploads\/3m-vhb-5958fr-black-scaled.jpg\" \/>\n\t<meta property=\"og:image:width\" content=\"2560\" \/>\n\t<meta property=\"og:image:height\" content=\"1771\" \/>\n\t<meta property=\"og:image:type\" content=\"image\/jpeg\" \/>\n<meta name=\"twitter:card\" content=\"summary_large_image\" \/>\n<meta name=\"twitter:label1\" content=\"Dur\u00e9e de lecture estim\u00e9e\" \/>\n\t<meta name=\"twitter:data1\" content=\"1 minute\" \/>\n<script type=\"application\/ld+json\" class=\"yoast-schema-graph\">{\"@context\":\"https:\\\/\\\/schema.org\",\"@graph\":[{\"@type\":\"WebPage\",\"@id\":\"https:\\\/\\\/cardinal-tapes.com\\\/fr\\\/rubans-adh\u00e9sifs\\\/rubans-adhesifs-double-face\\\/3m-5958-fr-vhb-klebeband\\\/\",\"url\":\"https:\\\/\\\/cardinal-tapes.com\\\/fr\\\/rubans-adh\u00e9sifs\\\/rubans-adhesifs-double-face\\\/3m-5958-fr-vhb-klebeband\\\/\",\"name\":\"3M\u2122 VHB\u2122 Ruban adh\u00e9sif r\u00e9sistant \u00e0 la flamme 5958FR | Cardinal TAPES\",\"isPartOf\":{\"@id\":\"https:\\\/\\\/cardinal-tapes.com\\\/#website\"},\"primaryImageOfPage\":{\"@id\":\"https:\\\/\\\/cardinal-tapes.com\\\/fr\\\/rubans-adh\u00e9sifs\\\/rubans-adhesifs-double-face\\\/3m-5958-fr-vhb-klebeband\\\/#primaryimage\"},\"image\":{\"@id\":\"https:\\\/\\\/cardinal-tapes.com\\\/fr\\\/rubans-adh\u00e9sifs\\\/rubans-adhesifs-double-face\\\/3m-5958-fr-vhb-klebeband\\\/#primaryimage\"},\"thumbnailUrl\":\"https:\\\/\\\/cardinal-tapes.com\\\/wp-content\\\/uploads\\\/3m-vhb-5958fr-black-scaled.jpg\",\"datePublished\":\"2023-06-05T15:02:48+00:00\",\"dateModified\":\"2025-07-02T14:12:57+00:00\",\"description\":\"Les rubans adh\u00e9sifs haute performance 3M 5958 FR VHB VHB sont des rubans double face en adh\u00e9sif acrylique \u00e0 cellules ferm\u00e9es. En savoir plus maintenant.\",\"breadcrumb\":{\"@id\":\"https:\\\/\\\/cardinal-tapes.com\\\/fr\\\/rubans-adh\u00e9sifs\\\/rubans-adhesifs-double-face\\\/3m-5958-fr-vhb-klebeband\\\/#breadcrumb\"},\"inLanguage\":\"fr-FR\",\"potentialAction\":[{\"@type\":\"ReadAction\",\"target\":[\"https:\\\/\\\/cardinal-tapes.com\\\/fr\\\/rubans-adh\u00e9sifs\\\/rubans-adhesifs-double-face\\\/3m-5958-fr-vhb-klebeband\\\/\"]}]},{\"@type\":\"ImageObject\",\"inLanguage\":\"fr-FR\",\"@id\":\"https:\\\/\\\/cardinal-tapes.com\\\/fr\\\/rubans-adh\u00e9sifs\\\/rubans-adhesifs-double-face\\\/3m-5958-fr-vhb-klebeband\\\/#primaryimage\",\"url\":\"https:\\\/\\\/cardinal-tapes.com\\\/wp-content\\\/uploads\\\/3m-vhb-5958fr-black-scaled.jpg\",\"contentUrl\":\"https:\\\/\\\/cardinal-tapes.com\\\/wp-content\\\/uploads\\\/3m-vhb-5958fr-black-scaled.jpg\",\"width\":2560,\"height\":1771,\"caption\":\"3M VHB 5958\"},{\"@type\":\"BreadcrumbList\",\"@id\":\"https:\\\/\\\/cardinal-tapes.com\\\/fr\\\/rubans-adh\u00e9sifs\\\/rubans-adhesifs-double-face\\\/3m-5958-fr-vhb-klebeband\\\/#breadcrumb\",\"itemListElement\":[{\"@type\":\"ListItem\",\"position\":1,\"name\":\"Startseite\",\"item\":\"https:\\\/\\\/cardinal-tapes.com\\\/fr\\\/accueil\\\/\"},{\"@type\":\"ListItem\",\"position\":2,\"name\":\"Rubans adh\u00e9sifs\",\"item\":\"https:\\\/\\\/cardinal-tapes.com\\\/fr\\\/rubans-adhesifs-fr\\\/\"},{\"@type\":\"ListItem\",\"position\":3,\"name\":\"Rubans adh\u00e9sifs double face\",\"item\":\"https:\\\/\\\/cardinal-tapes.com\\\/fr\\\/catgorie\\\/rubans-adhesifs-double-face\\\/\"},{\"@type\":\"ListItem\",\"position\":4,\"name\":\"3M\u2122 VHB\u2122 Ruban adh\u00e9sif r\u00e9sistant \u00e0 la flamme 5958FR\"}]},{\"@type\":\"WebSite\",\"@id\":\"https:\\\/\\\/cardinal-tapes.com\\\/#website\",\"url\":\"https:\\\/\\\/cardinal-tapes.com\\\/\",\"name\":\"cardinal TAPES\",\"description\":\"Klebetechnik aus Wuppertal\",\"potentialAction\":[{\"@type\":\"SearchAction\",\"target\":{\"@type\":\"EntryPoint\",\"urlTemplate\":\"https:\\\/\\\/cardinal-tapes.com\\\/?s={search_term_string}\"},\"query-input\":{\"@type\":\"PropertyValueSpecification\",\"valueRequired\":true,\"valueName\":\"search_term_string\"}}],\"inLanguage\":\"fr-FR\"}]}<\/script>\n<!-- \/ Yoast SEO plugin. -->","yoast_head_json":{"title":"3M\u2122 VHB\u2122 Ruban adh\u00e9sif r\u00e9sistant \u00e0 la flamme 5958FR | Cardinal TAPES","description":"Les rubans adh\u00e9sifs haute performance 3M 5958 FR VHB VHB sont des rubans double face en adh\u00e9sif acrylique \u00e0 cellules ferm\u00e9es. En savoir plus maintenant.","robots":{"index":"index","follow":"follow","max-snippet":"max-snippet:-1","max-image-preview":"max-image-preview:large","max-video-preview":"max-video-preview:-1"},"canonical":"https:\/\/cardinal-tapes.com\/fr\/rubans-adh\u00e9sifs\/rubans-adhesifs-double-face\/3m-5958-fr-vhb-klebeband\/","og_locale":"fr_FR","og_type":"article","og_title":"3M\u2122 VHB\u2122 Ruban adh\u00e9sif r\u00e9sistant \u00e0 la flamme 5958FR | Cardinal TAPES","og_description":"Les rubans adh\u00e9sifs haute performance 3M 5958 FR VHB VHB sont des rubans double face en adh\u00e9sif acrylique \u00e0 cellules ferm\u00e9es. En savoir plus maintenant.","og_url":"https:\/\/cardinal-tapes.com\/fr\/rubans-adh\u00e9sifs\/rubans-adhesifs-double-face\/3m-5958-fr-vhb-klebeband\/","og_site_name":"cardinal TAPES","article_modified_time":"2025-07-02T14:12:57+00:00","og_image":[{"width":2560,"height":1771,"url":"https:\/\/cardinal-tapes.com\/wp-content\/uploads\/3m-vhb-5958fr-black-scaled.jpg","type":"image\/jpeg"}],"twitter_card":"summary_large_image","twitter_misc":{"Dur\u00e9e de lecture estim\u00e9e":"1 minute"},"schema":{"@context":"https:\/\/schema.org","@graph":[{"@type":"WebPage","@id":"https:\/\/cardinal-tapes.com\/fr\/rubans-adh\u00e9sifs\/rubans-adhesifs-double-face\/3m-5958-fr-vhb-klebeband\/","url":"https:\/\/cardinal-tapes.com\/fr\/rubans-adh\u00e9sifs\/rubans-adhesifs-double-face\/3m-5958-fr-vhb-klebeband\/","name":"3M\u2122 VHB\u2122 Ruban adh\u00e9sif r\u00e9sistant \u00e0 la flamme 5958FR | Cardinal TAPES","isPartOf":{"@id":"https:\/\/cardinal-tapes.com\/#website"},"primaryImageOfPage":{"@id":"https:\/\/cardinal-tapes.com\/fr\/rubans-adh\u00e9sifs\/rubans-adhesifs-double-face\/3m-5958-fr-vhb-klebeband\/#primaryimage"},"image":{"@id":"https:\/\/cardinal-tapes.com\/fr\/rubans-adh\u00e9sifs\/rubans-adhesifs-double-face\/3m-5958-fr-vhb-klebeband\/#primaryimage"},"thumbnailUrl":"https:\/\/cardinal-tapes.com\/wp-content\/uploads\/3m-vhb-5958fr-black-scaled.jpg","datePublished":"2023-06-05T15:02:48+00:00","dateModified":"2025-07-02T14:12:57+00:00","description":"Les rubans adh\u00e9sifs haute performance 3M 5958 FR VHB VHB sont des rubans double face en adh\u00e9sif acrylique \u00e0 cellules ferm\u00e9es. En savoir plus maintenant.","breadcrumb":{"@id":"https:\/\/cardinal-tapes.com\/fr\/rubans-adh\u00e9sifs\/rubans-adhesifs-double-face\/3m-5958-fr-vhb-klebeband\/#breadcrumb"},"inLanguage":"fr-FR","potentialAction":[{"@type":"ReadAction","target":["https:\/\/cardinal-tapes.com\/fr\/rubans-adh\u00e9sifs\/rubans-adhesifs-double-face\/3m-5958-fr-vhb-klebeband\/"]}]},{"@type":"ImageObject","inLanguage":"fr-FR","@id":"https:\/\/cardinal-tapes.com\/fr\/rubans-adh\u00e9sifs\/rubans-adhesifs-double-face\/3m-5958-fr-vhb-klebeband\/#primaryimage","url":"https:\/\/cardinal-tapes.com\/wp-content\/uploads\/3m-vhb-5958fr-black-scaled.jpg","contentUrl":"https:\/\/cardinal-tapes.com\/wp-content\/uploads\/3m-vhb-5958fr-black-scaled.jpg","width":2560,"height":1771,"caption":"3M VHB 5958"},{"@type":"BreadcrumbList","@id":"https:\/\/cardinal-tapes.com\/fr\/rubans-adh\u00e9sifs\/rubans-adhesifs-double-face\/3m-5958-fr-vhb-klebeband\/#breadcrumb","itemListElement":[{"@type":"ListItem","position":1,"name":"Startseite","item":"https:\/\/cardinal-tapes.com\/fr\/accueil\/"},{"@type":"ListItem","position":2,"name":"Rubans adh\u00e9sifs","item":"https:\/\/cardinal-tapes.com\/fr\/rubans-adhesifs-fr\/"},{"@type":"ListItem","position":3,"name":"Rubans adh\u00e9sifs double face","item":"https:\/\/cardinal-tapes.com\/fr\/catgorie\/rubans-adhesifs-double-face\/"},{"@type":"ListItem","position":4,"name":"3M\u2122 VHB\u2122 Ruban adh\u00e9sif r\u00e9sistant \u00e0 la flamme 5958FR"}]},{"@type":"WebSite","@id":"https:\/\/cardinal-tapes.com\/#website","url":"https:\/\/cardinal-tapes.com\/","name":"cardinal TAPES","description":"Klebetechnik aus Wuppertal","potentialAction":[{"@type":"SearchAction","target":{"@type":"EntryPoint","urlTemplate":"https:\/\/cardinal-tapes.com\/?s={search_term_string}"},"query-input":{"@type":"PropertyValueSpecification","valueRequired":true,"valueName":"search_term_string"}}],"inLanguage":"fr-FR"}]}},"brands":[{"id":2167,"name":"3M","slug":"3m-fr"}],"_links":{"self":[{"href":"https:\/\/cardinal-tapes.com\/fr\/wp-json\/wp\/v2\/product\/45106","targetHints":{"allow":["GET"]}}],"collection":[{"href":"https:\/\/cardinal-tapes.com\/fr\/wp-json\/wp\/v2\/product"}],"about":[{"href":"https:\/\/cardinal-tapes.com\/fr\/wp-json\/wp\/v2\/types\/product"}],"wp:featuredmedia":[{"embeddable":true,"href":"https:\/\/cardinal-tapes.com\/fr\/wp-json\/wp\/v2\/media\/27048"}],"wp:attachment":[{"href":"https:\/\/cardinal-tapes.com\/fr\/wp-json\/wp\/v2\/media?parent=45106"}],"wp:term":[{"taxonomy":"pwb-brand","embeddable":true,"href":"https:\/\/cardinal-tapes.com\/fr\/wp-json\/wp\/v2\/pwb-brand?post=45106"},{"taxonomy":"product_brand","embeddable":true,"href":"https:\/\/cardinal-tapes.com\/fr\/wp-json\/wp\/v2\/product_brand?post=45106"},{"taxonomy":"product_cat","embeddable":true,"href":"https:\/\/cardinal-tapes.com\/fr\/wp-json\/wp\/v2\/product_cat?post=45106"},{"taxonomy":"product_tag","embeddable":true,"href":"https:\/\/cardinal-tapes.com\/fr\/wp-json\/wp\/v2\/product_tag?post=45106"}],"curies":[{"name":"wp","href":"https:\/\/api.w.org\/{rel}","templated":true}]}}