{"id":45102,"date":"2018-05-29T12:20:34","date_gmt":"2023-06-05T15:02:48","guid":{"rendered":"https:\/\/cardinal.pixel-tal.de\/klebebaender\/non%20class\u00e9\/3m-vhb-ruban-adhesif-5962-f\/"},"modified":"2025-07-02T16:12:57","modified_gmt":"2025-07-02T14:12:57","slug":"3m-5962-f-vhb-klebeband","status":"publish","type":"product","link":"https:\/\/cardinal-tapes.com\/fr\/rubans-adh\u00e9sifs\/rubans-adhesifs-double-face\/3m-5962-f-vhb-klebeband\/","title":{"rendered":"3M\u2122 VHB\u2122 Ruban adh\u00e9sif 5962 F"},"content":{"rendered":"<p>Les rubans adh\u00e9sifs haute performance 3M\u2122 VHB\u2122 sont des rubans double face fabriqu\u00e9s \u00e0 partir d&#8217;un adh\u00e9sif acrylique \u00e0 cellules ferm\u00e9es. Ils offrent une tr\u00e8s grande adaptabilit\u00e9 aux surfaces \u00e0 coller. Les surfaces lisses ou structur\u00e9es peuvent \u00eatre assembl\u00e9es sans tension sur toute leur surface. Convient id\u00e9alement pour de nombreuses surfaces \u00e0 faible \u00e9nergie, les surfaces peintes \u00e0 la poudre, les mati\u00e8res plastiques (pas le PVC souple) ou le verre.<\/p>\n<p><strong>Description<\/strong><br \/>\nLes syst\u00e8mes d&#8217;assemblage haute performance 3M\u2122 VHB\u2122 gris fonc\u00e9 offrent une adaptabilit\u00e9 optimale aux surfaces \u00e0 coller. Cette caract\u00e9ristique permet d&#8217;assembler sans tension des surfaces fines ou structur\u00e9es sur toute leur surface. De plus, ils se distinguent en outre par une bonne r\u00e9sistance aux chocs \u00e0 des temp\u00e9ratures n\u00e9gatives et une adh\u00e9rence imm\u00e9diate \u00e9lev\u00e9e.<\/p>\n<p><strong>Applications<\/strong><br \/>\n&#8211; collage de panneaux sur des cadres<br \/>\n&#8211; collage de raidisseurs sur des panneaux<br \/>\n&#8211; collage de mat\u00e9riel de d\u00e9coration, de moulures, de pi\u00e8ces rapport\u00e9es ou d&#8217;\u00e9crans \u00e9lectroniques<\/p>\n","protected":false},"excerpt":{"rendered":"<p>Les rubans adh\u00e9sifs haute performance 3M\u2122 VHB\u2122 sont des rubans double face fabriqu\u00e9s \u00e0 partir d&#8217;un adh\u00e9sif acrylique \u00e0 cellules ferm\u00e9es. Ils offrent une tr\u00e8s grande adaptabilit\u00e9 aux surfaces \u00e0 coller. Les surfaces lisses ou structur\u00e9es peuvent \u00eatre assembl\u00e9es sans tension sur toute leur surface. Convient id\u00e9alement pour de nombreuses surfaces \u00e0 faible \u00e9nergie, les [&hellip;]<\/p>\n","protected":false},"featured_media":26648,"template":"","meta":{"_acf_changed":false},"pwb-brand":[2167],"product_brand":[],"product_cat":[1834],"product_tag":[],"class_list":{"0":"post-45102","1":"product","2":"type-product","3":"status-publish","4":"has-post-thumbnail","6":"pwb-brand-3m-fr","7":"product_cat-rubans-adhesifs-double-face","9":"first","10":"instock","11":"taxable","12":"shipping-taxable","13":"purchasable","14":"product-type-variable"},"acf":[],"yoast_head":"<!-- This site is optimized with the Yoast SEO plugin v27.3 - https:\/\/yoast.com\/product\/yoast-seo-wordpress\/ -->\n<title>3M\u2122 VHB\u2122 Ruban adh\u00e9sif 5962 F | Cardinal TAPES<\/title>\n<meta name=\"description\" content=\"Les rubans adh\u00e9sifs haute performance 3M 5962 VHB sont des rubans double-face fabriqu\u00e9s \u00e0 partir d&#039;un adh\u00e9sif acrylique \u00e0 cellules ferm\u00e9es. En savoir plus sur le 3M 5962 F VHB\" \/>\n<meta name=\"robots\" content=\"index, follow, max-snippet:-1, max-image-preview:large, max-video-preview:-1\" \/>\n<link rel=\"canonical\" href=\"https:\/\/cardinal-tapes.com\/fr\/rubans-adh\u00e9sifs\/rubans-adhesifs-double-face\/3m-5962-f-vhb-klebeband\/\" \/>\n<meta property=\"og:locale\" content=\"fr_FR\" \/>\n<meta property=\"og:type\" content=\"article\" \/>\n<meta property=\"og:title\" content=\"3M\u2122 VHB\u2122 Ruban adh\u00e9sif 5962 F | Cardinal TAPES\" \/>\n<meta property=\"og:description\" content=\"Les rubans adh\u00e9sifs haute performance 3M 5962 VHB sont des rubans double-face fabriqu\u00e9s \u00e0 partir d&#039;un adh\u00e9sif acrylique \u00e0 cellules ferm\u00e9es. En savoir plus sur le 3M 5962 F VHB\" \/>\n<meta property=\"og:url\" content=\"https:\/\/cardinal-tapes.com\/fr\/rubans-adh\u00e9sifs\/rubans-adhesifs-double-face\/3m-5962-f-vhb-klebeband\/\" \/>\n<meta property=\"og:site_name\" content=\"cardinal TAPES\" \/>\n<meta property=\"article:modified_time\" content=\"2025-07-02T14:12:57+00:00\" \/>\n<meta property=\"og:image\" content=\"https:\/\/cardinal-tapes.com\/wp-content\/uploads\/3m-5952-f-vhb-doppelseitiges-klebeband-scaled.jpg\" \/>\n\t<meta property=\"og:image:width\" content=\"2560\" \/>\n\t<meta property=\"og:image:height\" content=\"1251\" \/>\n\t<meta property=\"og:image:type\" content=\"image\/jpeg\" \/>\n<meta name=\"twitter:card\" content=\"summary_large_image\" \/>\n<meta name=\"twitter:label1\" content=\"Dur\u00e9e de lecture estim\u00e9e\" \/>\n\t<meta name=\"twitter:data1\" content=\"1 minute\" \/>\n<script type=\"application\/ld+json\" class=\"yoast-schema-graph\">{\"@context\":\"https:\\\/\\\/schema.org\",\"@graph\":[{\"@type\":\"WebPage\",\"@id\":\"https:\\\/\\\/cardinal-tapes.com\\\/fr\\\/rubans-adh\u00e9sifs\\\/rubans-adhesifs-double-face\\\/3m-5962-f-vhb-klebeband\\\/\",\"url\":\"https:\\\/\\\/cardinal-tapes.com\\\/fr\\\/rubans-adh\u00e9sifs\\\/rubans-adhesifs-double-face\\\/3m-5962-f-vhb-klebeband\\\/\",\"name\":\"3M\u2122 VHB\u2122 Ruban adh\u00e9sif 5962 F | Cardinal TAPES\",\"isPartOf\":{\"@id\":\"https:\\\/\\\/cardinal-tapes.com\\\/#website\"},\"primaryImageOfPage\":{\"@id\":\"https:\\\/\\\/cardinal-tapes.com\\\/fr\\\/rubans-adh\u00e9sifs\\\/rubans-adhesifs-double-face\\\/3m-5962-f-vhb-klebeband\\\/#primaryimage\"},\"image\":{\"@id\":\"https:\\\/\\\/cardinal-tapes.com\\\/fr\\\/rubans-adh\u00e9sifs\\\/rubans-adhesifs-double-face\\\/3m-5962-f-vhb-klebeband\\\/#primaryimage\"},\"thumbnailUrl\":\"https:\\\/\\\/cardinal-tapes.com\\\/wp-content\\\/uploads\\\/3m-5952-f-vhb-doppelseitiges-klebeband-scaled.jpg\",\"datePublished\":\"2023-06-05T15:02:48+00:00\",\"dateModified\":\"2025-07-02T14:12:57+00:00\",\"description\":\"Les rubans adh\u00e9sifs haute performance 3M 5962 VHB sont des rubans double-face fabriqu\u00e9s \u00e0 partir d'un adh\u00e9sif acrylique \u00e0 cellules ferm\u00e9es. En savoir plus sur le 3M 5962 F VHB\",\"breadcrumb\":{\"@id\":\"https:\\\/\\\/cardinal-tapes.com\\\/fr\\\/rubans-adh\u00e9sifs\\\/rubans-adhesifs-double-face\\\/3m-5962-f-vhb-klebeband\\\/#breadcrumb\"},\"inLanguage\":\"fr-FR\",\"potentialAction\":[{\"@type\":\"ReadAction\",\"target\":[\"https:\\\/\\\/cardinal-tapes.com\\\/fr\\\/rubans-adh\u00e9sifs\\\/rubans-adhesifs-double-face\\\/3m-5962-f-vhb-klebeband\\\/\"]}]},{\"@type\":\"ImageObject\",\"inLanguage\":\"fr-FR\",\"@id\":\"https:\\\/\\\/cardinal-tapes.com\\\/fr\\\/rubans-adh\u00e9sifs\\\/rubans-adhesifs-double-face\\\/3m-5962-f-vhb-klebeband\\\/#primaryimage\",\"url\":\"https:\\\/\\\/cardinal-tapes.com\\\/wp-content\\\/uploads\\\/3m-5952-f-vhb-doppelseitiges-klebeband-scaled.jpg\",\"contentUrl\":\"https:\\\/\\\/cardinal-tapes.com\\\/wp-content\\\/uploads\\\/3m-5952-f-vhb-doppelseitiges-klebeband-scaled.jpg\",\"width\":2560,\"height\":1251,\"caption\":\"3m 5952f vhb ruban adh\u00e9sif double face\"},{\"@type\":\"BreadcrumbList\",\"@id\":\"https:\\\/\\\/cardinal-tapes.com\\\/fr\\\/rubans-adh\u00e9sifs\\\/rubans-adhesifs-double-face\\\/3m-5962-f-vhb-klebeband\\\/#breadcrumb\",\"itemListElement\":[{\"@type\":\"ListItem\",\"position\":1,\"name\":\"Startseite\",\"item\":\"https:\\\/\\\/cardinal-tapes.com\\\/fr\\\/accueil\\\/\"},{\"@type\":\"ListItem\",\"position\":2,\"name\":\"Rubans adh\u00e9sifs\",\"item\":\"https:\\\/\\\/cardinal-tapes.com\\\/fr\\\/rubans-adhesifs-fr\\\/\"},{\"@type\":\"ListItem\",\"position\":3,\"name\":\"Rubans adh\u00e9sifs double face\",\"item\":\"https:\\\/\\\/cardinal-tapes.com\\\/fr\\\/catgorie\\\/rubans-adhesifs-double-face\\\/\"},{\"@type\":\"ListItem\",\"position\":4,\"name\":\"3M\u2122 VHB\u2122 Ruban adh\u00e9sif 5962 F\"}]},{\"@type\":\"WebSite\",\"@id\":\"https:\\\/\\\/cardinal-tapes.com\\\/#website\",\"url\":\"https:\\\/\\\/cardinal-tapes.com\\\/\",\"name\":\"cardinal TAPES\",\"description\":\"Klebetechnik aus Wuppertal\",\"potentialAction\":[{\"@type\":\"SearchAction\",\"target\":{\"@type\":\"EntryPoint\",\"urlTemplate\":\"https:\\\/\\\/cardinal-tapes.com\\\/?s={search_term_string}\"},\"query-input\":{\"@type\":\"PropertyValueSpecification\",\"valueRequired\":true,\"valueName\":\"search_term_string\"}}],\"inLanguage\":\"fr-FR\"}]}<\/script>\n<!-- \/ Yoast SEO plugin. -->","yoast_head_json":{"title":"3M\u2122 VHB\u2122 Ruban adh\u00e9sif 5962 F | Cardinal TAPES","description":"Les rubans adh\u00e9sifs haute performance 3M 5962 VHB sont des rubans double-face fabriqu\u00e9s \u00e0 partir d'un adh\u00e9sif acrylique \u00e0 cellules ferm\u00e9es. En savoir plus sur le 3M 5962 F VHB","robots":{"index":"index","follow":"follow","max-snippet":"max-snippet:-1","max-image-preview":"max-image-preview:large","max-video-preview":"max-video-preview:-1"},"canonical":"https:\/\/cardinal-tapes.com\/fr\/rubans-adh\u00e9sifs\/rubans-adhesifs-double-face\/3m-5962-f-vhb-klebeband\/","og_locale":"fr_FR","og_type":"article","og_title":"3M\u2122 VHB\u2122 Ruban adh\u00e9sif 5962 F | Cardinal TAPES","og_description":"Les rubans adh\u00e9sifs haute performance 3M 5962 VHB sont des rubans double-face fabriqu\u00e9s \u00e0 partir d'un adh\u00e9sif acrylique \u00e0 cellules ferm\u00e9es. En savoir plus sur le 3M 5962 F VHB","og_url":"https:\/\/cardinal-tapes.com\/fr\/rubans-adh\u00e9sifs\/rubans-adhesifs-double-face\/3m-5962-f-vhb-klebeband\/","og_site_name":"cardinal TAPES","article_modified_time":"2025-07-02T14:12:57+00:00","og_image":[{"width":2560,"height":1251,"url":"https:\/\/cardinal-tapes.com\/wp-content\/uploads\/3m-5952-f-vhb-doppelseitiges-klebeband-scaled.jpg","type":"image\/jpeg"}],"twitter_card":"summary_large_image","twitter_misc":{"Dur\u00e9e de lecture estim\u00e9e":"1 minute"},"schema":{"@context":"https:\/\/schema.org","@graph":[{"@type":"WebPage","@id":"https:\/\/cardinal-tapes.com\/fr\/rubans-adh\u00e9sifs\/rubans-adhesifs-double-face\/3m-5962-f-vhb-klebeband\/","url":"https:\/\/cardinal-tapes.com\/fr\/rubans-adh\u00e9sifs\/rubans-adhesifs-double-face\/3m-5962-f-vhb-klebeband\/","name":"3M\u2122 VHB\u2122 Ruban adh\u00e9sif 5962 F | Cardinal TAPES","isPartOf":{"@id":"https:\/\/cardinal-tapes.com\/#website"},"primaryImageOfPage":{"@id":"https:\/\/cardinal-tapes.com\/fr\/rubans-adh\u00e9sifs\/rubans-adhesifs-double-face\/3m-5962-f-vhb-klebeband\/#primaryimage"},"image":{"@id":"https:\/\/cardinal-tapes.com\/fr\/rubans-adh\u00e9sifs\/rubans-adhesifs-double-face\/3m-5962-f-vhb-klebeband\/#primaryimage"},"thumbnailUrl":"https:\/\/cardinal-tapes.com\/wp-content\/uploads\/3m-5952-f-vhb-doppelseitiges-klebeband-scaled.jpg","datePublished":"2023-06-05T15:02:48+00:00","dateModified":"2025-07-02T14:12:57+00:00","description":"Les rubans adh\u00e9sifs haute performance 3M 5962 VHB sont des rubans double-face fabriqu\u00e9s \u00e0 partir d'un adh\u00e9sif acrylique \u00e0 cellules ferm\u00e9es. En savoir plus sur le 3M 5962 F VHB","breadcrumb":{"@id":"https:\/\/cardinal-tapes.com\/fr\/rubans-adh\u00e9sifs\/rubans-adhesifs-double-face\/3m-5962-f-vhb-klebeband\/#breadcrumb"},"inLanguage":"fr-FR","potentialAction":[{"@type":"ReadAction","target":["https:\/\/cardinal-tapes.com\/fr\/rubans-adh\u00e9sifs\/rubans-adhesifs-double-face\/3m-5962-f-vhb-klebeband\/"]}]},{"@type":"ImageObject","inLanguage":"fr-FR","@id":"https:\/\/cardinal-tapes.com\/fr\/rubans-adh\u00e9sifs\/rubans-adhesifs-double-face\/3m-5962-f-vhb-klebeband\/#primaryimage","url":"https:\/\/cardinal-tapes.com\/wp-content\/uploads\/3m-5952-f-vhb-doppelseitiges-klebeband-scaled.jpg","contentUrl":"https:\/\/cardinal-tapes.com\/wp-content\/uploads\/3m-5952-f-vhb-doppelseitiges-klebeband-scaled.jpg","width":2560,"height":1251,"caption":"3m 5952f vhb ruban adh\u00e9sif double face"},{"@type":"BreadcrumbList","@id":"https:\/\/cardinal-tapes.com\/fr\/rubans-adh\u00e9sifs\/rubans-adhesifs-double-face\/3m-5962-f-vhb-klebeband\/#breadcrumb","itemListElement":[{"@type":"ListItem","position":1,"name":"Startseite","item":"https:\/\/cardinal-tapes.com\/fr\/accueil\/"},{"@type":"ListItem","position":2,"name":"Rubans adh\u00e9sifs","item":"https:\/\/cardinal-tapes.com\/fr\/rubans-adhesifs-fr\/"},{"@type":"ListItem","position":3,"name":"Rubans adh\u00e9sifs double face","item":"https:\/\/cardinal-tapes.com\/fr\/catgorie\/rubans-adhesifs-double-face\/"},{"@type":"ListItem","position":4,"name":"3M\u2122 VHB\u2122 Ruban adh\u00e9sif 5962 F"}]},{"@type":"WebSite","@id":"https:\/\/cardinal-tapes.com\/#website","url":"https:\/\/cardinal-tapes.com\/","name":"cardinal TAPES","description":"Klebetechnik aus Wuppertal","potentialAction":[{"@type":"SearchAction","target":{"@type":"EntryPoint","urlTemplate":"https:\/\/cardinal-tapes.com\/?s={search_term_string}"},"query-input":{"@type":"PropertyValueSpecification","valueRequired":true,"valueName":"search_term_string"}}],"inLanguage":"fr-FR"}]}},"brands":[{"id":2167,"name":"3M","slug":"3m-fr"}],"_links":{"self":[{"href":"https:\/\/cardinal-tapes.com\/fr\/wp-json\/wp\/v2\/product\/45102","targetHints":{"allow":["GET"]}}],"collection":[{"href":"https:\/\/cardinal-tapes.com\/fr\/wp-json\/wp\/v2\/product"}],"about":[{"href":"https:\/\/cardinal-tapes.com\/fr\/wp-json\/wp\/v2\/types\/product"}],"wp:featuredmedia":[{"embeddable":true,"href":"https:\/\/cardinal-tapes.com\/fr\/wp-json\/wp\/v2\/media\/26648"}],"wp:attachment":[{"href":"https:\/\/cardinal-tapes.com\/fr\/wp-json\/wp\/v2\/media?parent=45102"}],"wp:term":[{"taxonomy":"pwb-brand","embeddable":true,"href":"https:\/\/cardinal-tapes.com\/fr\/wp-json\/wp\/v2\/pwb-brand?post=45102"},{"taxonomy":"product_brand","embeddable":true,"href":"https:\/\/cardinal-tapes.com\/fr\/wp-json\/wp\/v2\/product_brand?post=45102"},{"taxonomy":"product_cat","embeddable":true,"href":"https:\/\/cardinal-tapes.com\/fr\/wp-json\/wp\/v2\/product_cat?post=45102"},{"taxonomy":"product_tag","embeddable":true,"href":"https:\/\/cardinal-tapes.com\/fr\/wp-json\/wp\/v2\/product_tag?post=45102"}],"curies":[{"name":"wp","href":"https:\/\/api.w.org\/{rel}","templated":true}]}}