{"id":44694,"date":"2018-06-11T11:42:25","date_gmt":"2023-06-05T15:02:00","guid":{"rendered":"https:\/\/cardinal.pixel-tal.de\/klebebaender\/non class\u00e9\/ca-478-ruban-adhesif-en-pvc\/"},"modified":"2023-06-05T17:02:00","modified_gmt":"2023-06-05T15:02:00","slug":"ca-478-ruban-adhesif-en-pvc","status":"publish","type":"product","link":"https:\/\/cardinal-tapes.com\/fr\/rubans-adh\u00e9sifs\/domaines-dapplication\/industrie-des-matieres-plastiques\/ca-478-ruban-adhesif-en-pvc\/","title":{"rendered":"CA-478 Ruban adh\u00e9sif en PVC"},"content":{"rendered":"<p>CA-478 est un ruban adh\u00e9sif en PVC, largement r\u00e9sistant aux plastifiants, avec un tr\u00e8s bon pouvoir adh\u00e9sif sur les mat\u00e9riaux lisses et rugueux,<br \/>\npar exemple pour la fixation de profil\u00e9s de meubles, de plinthes, de chemins de c\u00e2bles, d&#8217;enseignes et de supports.<\/p>\n","protected":false},"excerpt":{"rendered":"<p>CA-478 est un ruban adh\u00e9sif en PVC, largement r\u00e9sistant aux plastifiants, avec un tr\u00e8s bon pouvoir adh\u00e9sif sur les mat\u00e9riaux lisses et rugueux, par exemple pour la fixation de profil\u00e9s de meubles, de plinthes, de chemins de c\u00e2bles, d&#8217;enseignes et de supports.<\/p>\n","protected":false},"featured_media":27084,"template":"","meta":{"_acf_changed":false},"pwb-brand":[2171],"product_brand":[],"product_cat":[1738,1834],"product_tag":[],"class_list":{"0":"post-44694","1":"product","2":"type-product","3":"status-publish","4":"has-post-thumbnail","6":"pwb-brand-cardinal-gmbh-fr","7":"product_cat-industrie-des-matieres-plastiques","8":"product_cat-rubans-adhesifs-double-face","10":"first","11":"instock","12":"taxable","13":"shipping-taxable","14":"purchasable","15":"product-type-variable"},"acf":[],"yoast_head":"<!-- This site is optimized with the Yoast SEO plugin v27.3 - https:\/\/yoast.com\/product\/yoast-seo-wordpress\/ -->\n<title>CA-478 Ruban adh\u00e9sif en PVC | Cardinal TAPES<\/title>\n<meta name=\"description\" content=\"CA-478 est un ruban adh\u00e9sif en PVC, largement r\u00e9sistant aux plastifiants, avec un tr\u00e8s bon pouvoir adh\u00e9sif sur les mat\u00e9riaux lisses et rugueux. En savoir plus.\" \/>\n<meta name=\"robots\" content=\"index, follow, max-snippet:-1, max-image-preview:large, max-video-preview:-1\" \/>\n<link rel=\"canonical\" href=\"https:\/\/cardinal-tapes.com\/fr\/rubans-adh\u00e9sifs\/industrie-des-matieres-plastiques\/ca-478-ruban-adhesif-en-pvc\/\" \/>\n<meta property=\"og:locale\" content=\"fr_FR\" \/>\n<meta property=\"og:type\" content=\"article\" \/>\n<meta property=\"og:title\" content=\"CA-478 Ruban adh\u00e9sif en PVC | Cardinal TAPES\" \/>\n<meta property=\"og:description\" content=\"CA-478 est un ruban adh\u00e9sif en PVC, largement r\u00e9sistant aux plastifiants, avec un tr\u00e8s bon pouvoir adh\u00e9sif sur les mat\u00e9riaux lisses et rugueux. En savoir plus.\" \/>\n<meta property=\"og:url\" content=\"https:\/\/cardinal-tapes.com\/fr\/rubans-adh\u00e9sifs\/industrie-des-matieres-plastiques\/ca-478-ruban-adhesif-en-pvc\/\" \/>\n<meta property=\"og:site_name\" content=\"cardinal TAPES\" \/>\n<meta property=\"og:image\" content=\"https:\/\/cardinal-tapes.com\/wp-content\/uploads\/CA_478_retouched.jpg\" \/>\n\t<meta property=\"og:image:width\" content=\"1221\" \/>\n\t<meta property=\"og:image:height\" content=\"1400\" \/>\n\t<meta property=\"og:image:type\" content=\"image\/jpeg\" \/>\n<meta name=\"twitter:card\" content=\"summary_large_image\" \/>\n<script type=\"application\/ld+json\" class=\"yoast-schema-graph\">{\"@context\":\"https:\\\/\\\/schema.org\",\"@graph\":[{\"@type\":\"WebPage\",\"@id\":\"https:\\\/\\\/cardinal-tapes.com\\\/fr\\\/rubans-adh\u00e9sifs\\\/industrie-des-matieres-plastiques\\\/ca-478-ruban-adhesif-en-pvc\\\/\",\"url\":\"https:\\\/\\\/cardinal-tapes.com\\\/fr\\\/rubans-adh\u00e9sifs\\\/industrie-des-matieres-plastiques\\\/ca-478-ruban-adhesif-en-pvc\\\/\",\"name\":\"CA-478 Ruban adh\u00e9sif en PVC | Cardinal TAPES\",\"isPartOf\":{\"@id\":\"https:\\\/\\\/cardinal-tapes.com\\\/#website\"},\"primaryImageOfPage\":{\"@id\":\"https:\\\/\\\/cardinal-tapes.com\\\/fr\\\/rubans-adh\u00e9sifs\\\/industrie-des-matieres-plastiques\\\/ca-478-ruban-adhesif-en-pvc\\\/#primaryimage\"},\"image\":{\"@id\":\"https:\\\/\\\/cardinal-tapes.com\\\/fr\\\/rubans-adh\u00e9sifs\\\/industrie-des-matieres-plastiques\\\/ca-478-ruban-adhesif-en-pvc\\\/#primaryimage\"},\"thumbnailUrl\":\"https:\\\/\\\/cardinal-tapes.com\\\/wp-content\\\/uploads\\\/CA_478_retouched.jpg\",\"datePublished\":\"2023-06-05T15:02:00+00:00\",\"description\":\"CA-478 est un ruban adh\u00e9sif en PVC, largement r\u00e9sistant aux plastifiants, avec un tr\u00e8s bon pouvoir adh\u00e9sif sur les mat\u00e9riaux lisses et rugueux. En savoir plus.\",\"breadcrumb\":{\"@id\":\"https:\\\/\\\/cardinal-tapes.com\\\/fr\\\/rubans-adh\u00e9sifs\\\/industrie-des-matieres-plastiques\\\/ca-478-ruban-adhesif-en-pvc\\\/#breadcrumb\"},\"inLanguage\":\"fr-FR\",\"potentialAction\":[{\"@type\":\"ReadAction\",\"target\":[\"https:\\\/\\\/cardinal-tapes.com\\\/fr\\\/rubans-adh\u00e9sifs\\\/industrie-des-matieres-plastiques\\\/ca-478-ruban-adhesif-en-pvc\\\/\"]}]},{\"@type\":\"ImageObject\",\"inLanguage\":\"fr-FR\",\"@id\":\"https:\\\/\\\/cardinal-tapes.com\\\/fr\\\/rubans-adh\u00e9sifs\\\/industrie-des-matieres-plastiques\\\/ca-478-ruban-adhesif-en-pvc\\\/#primaryimage\",\"url\":\"https:\\\/\\\/cardinal-tapes.com\\\/wp-content\\\/uploads\\\/CA_478_retouched.jpg\",\"contentUrl\":\"https:\\\/\\\/cardinal-tapes.com\\\/wp-content\\\/uploads\\\/CA_478_retouched.jpg\",\"width\":1221,\"height\":1400,\"caption\":\"Ruban adh\u00e9sif CA 478\"},{\"@type\":\"BreadcrumbList\",\"@id\":\"https:\\\/\\\/cardinal-tapes.com\\\/fr\\\/rubans-adh\u00e9sifs\\\/industrie-des-matieres-plastiques\\\/ca-478-ruban-adhesif-en-pvc\\\/#breadcrumb\",\"itemListElement\":[{\"@type\":\"ListItem\",\"position\":1,\"name\":\"Startseite\",\"item\":\"https:\\\/\\\/cardinal-tapes.com\\\/fr\\\/accueil\\\/\"},{\"@type\":\"ListItem\",\"position\":2,\"name\":\"Rubans adh\u00e9sifs\",\"item\":\"https:\\\/\\\/cardinal-tapes.com\\\/fr\\\/rubans-adhesifs-fr\\\/\"},{\"@type\":\"ListItem\",\"position\":3,\"name\":\"Industrie des mati\u00e8res plastiques\",\"item\":\"https:\\\/\\\/cardinal-tapes.com\\\/fr\\\/catgorie\\\/industrie-des-matieres-plastiques\\\/\"},{\"@type\":\"ListItem\",\"position\":4,\"name\":\"CA-478 Ruban adh\u00e9sif en PVC\"}]},{\"@type\":\"WebSite\",\"@id\":\"https:\\\/\\\/cardinal-tapes.com\\\/#website\",\"url\":\"https:\\\/\\\/cardinal-tapes.com\\\/\",\"name\":\"cardinal TAPES\",\"description\":\"Klebetechnik aus Wuppertal\",\"potentialAction\":[{\"@type\":\"SearchAction\",\"target\":{\"@type\":\"EntryPoint\",\"urlTemplate\":\"https:\\\/\\\/cardinal-tapes.com\\\/?s={search_term_string}\"},\"query-input\":{\"@type\":\"PropertyValueSpecification\",\"valueRequired\":true,\"valueName\":\"search_term_string\"}}],\"inLanguage\":\"fr-FR\"}]}<\/script>\n<!-- \/ Yoast SEO plugin. -->","yoast_head_json":{"title":"CA-478 Ruban adh\u00e9sif en PVC | Cardinal TAPES","description":"CA-478 est un ruban adh\u00e9sif en PVC, largement r\u00e9sistant aux plastifiants, avec un tr\u00e8s bon pouvoir adh\u00e9sif sur les mat\u00e9riaux lisses et rugueux. En savoir plus.","robots":{"index":"index","follow":"follow","max-snippet":"max-snippet:-1","max-image-preview":"max-image-preview:large","max-video-preview":"max-video-preview:-1"},"canonical":"https:\/\/cardinal-tapes.com\/fr\/rubans-adh\u00e9sifs\/industrie-des-matieres-plastiques\/ca-478-ruban-adhesif-en-pvc\/","og_locale":"fr_FR","og_type":"article","og_title":"CA-478 Ruban adh\u00e9sif en PVC | Cardinal TAPES","og_description":"CA-478 est un ruban adh\u00e9sif en PVC, largement r\u00e9sistant aux plastifiants, avec un tr\u00e8s bon pouvoir adh\u00e9sif sur les mat\u00e9riaux lisses et rugueux. En savoir plus.","og_url":"https:\/\/cardinal-tapes.com\/fr\/rubans-adh\u00e9sifs\/industrie-des-matieres-plastiques\/ca-478-ruban-adhesif-en-pvc\/","og_site_name":"cardinal TAPES","og_image":[{"width":1221,"height":1400,"url":"https:\/\/cardinal-tapes.com\/wp-content\/uploads\/CA_478_retouched.jpg","type":"image\/jpeg"}],"twitter_card":"summary_large_image","schema":{"@context":"https:\/\/schema.org","@graph":[{"@type":"WebPage","@id":"https:\/\/cardinal-tapes.com\/fr\/rubans-adh\u00e9sifs\/industrie-des-matieres-plastiques\/ca-478-ruban-adhesif-en-pvc\/","url":"https:\/\/cardinal-tapes.com\/fr\/rubans-adh\u00e9sifs\/industrie-des-matieres-plastiques\/ca-478-ruban-adhesif-en-pvc\/","name":"CA-478 Ruban adh\u00e9sif en PVC | Cardinal TAPES","isPartOf":{"@id":"https:\/\/cardinal-tapes.com\/#website"},"primaryImageOfPage":{"@id":"https:\/\/cardinal-tapes.com\/fr\/rubans-adh\u00e9sifs\/industrie-des-matieres-plastiques\/ca-478-ruban-adhesif-en-pvc\/#primaryimage"},"image":{"@id":"https:\/\/cardinal-tapes.com\/fr\/rubans-adh\u00e9sifs\/industrie-des-matieres-plastiques\/ca-478-ruban-adhesif-en-pvc\/#primaryimage"},"thumbnailUrl":"https:\/\/cardinal-tapes.com\/wp-content\/uploads\/CA_478_retouched.jpg","datePublished":"2023-06-05T15:02:00+00:00","description":"CA-478 est un ruban adh\u00e9sif en PVC, largement r\u00e9sistant aux plastifiants, avec un tr\u00e8s bon pouvoir adh\u00e9sif sur les mat\u00e9riaux lisses et rugueux. En savoir plus.","breadcrumb":{"@id":"https:\/\/cardinal-tapes.com\/fr\/rubans-adh\u00e9sifs\/industrie-des-matieres-plastiques\/ca-478-ruban-adhesif-en-pvc\/#breadcrumb"},"inLanguage":"fr-FR","potentialAction":[{"@type":"ReadAction","target":["https:\/\/cardinal-tapes.com\/fr\/rubans-adh\u00e9sifs\/industrie-des-matieres-plastiques\/ca-478-ruban-adhesif-en-pvc\/"]}]},{"@type":"ImageObject","inLanguage":"fr-FR","@id":"https:\/\/cardinal-tapes.com\/fr\/rubans-adh\u00e9sifs\/industrie-des-matieres-plastiques\/ca-478-ruban-adhesif-en-pvc\/#primaryimage","url":"https:\/\/cardinal-tapes.com\/wp-content\/uploads\/CA_478_retouched.jpg","contentUrl":"https:\/\/cardinal-tapes.com\/wp-content\/uploads\/CA_478_retouched.jpg","width":1221,"height":1400,"caption":"Ruban adh\u00e9sif CA 478"},{"@type":"BreadcrumbList","@id":"https:\/\/cardinal-tapes.com\/fr\/rubans-adh\u00e9sifs\/industrie-des-matieres-plastiques\/ca-478-ruban-adhesif-en-pvc\/#breadcrumb","itemListElement":[{"@type":"ListItem","position":1,"name":"Startseite","item":"https:\/\/cardinal-tapes.com\/fr\/accueil\/"},{"@type":"ListItem","position":2,"name":"Rubans adh\u00e9sifs","item":"https:\/\/cardinal-tapes.com\/fr\/rubans-adhesifs-fr\/"},{"@type":"ListItem","position":3,"name":"Industrie des mati\u00e8res plastiques","item":"https:\/\/cardinal-tapes.com\/fr\/catgorie\/industrie-des-matieres-plastiques\/"},{"@type":"ListItem","position":4,"name":"CA-478 Ruban adh\u00e9sif en PVC"}]},{"@type":"WebSite","@id":"https:\/\/cardinal-tapes.com\/#website","url":"https:\/\/cardinal-tapes.com\/","name":"cardinal TAPES","description":"Klebetechnik aus Wuppertal","potentialAction":[{"@type":"SearchAction","target":{"@type":"EntryPoint","urlTemplate":"https:\/\/cardinal-tapes.com\/?s={search_term_string}"},"query-input":{"@type":"PropertyValueSpecification","valueRequired":true,"valueName":"search_term_string"}}],"inLanguage":"fr-FR"}]}},"brands":[{"id":2171,"name":"cardinal GmbH","slug":"cardinal-gmbh-fr"}],"_links":{"self":[{"href":"https:\/\/cardinal-tapes.com\/fr\/wp-json\/wp\/v2\/product\/44694","targetHints":{"allow":["GET"]}}],"collection":[{"href":"https:\/\/cardinal-tapes.com\/fr\/wp-json\/wp\/v2\/product"}],"about":[{"href":"https:\/\/cardinal-tapes.com\/fr\/wp-json\/wp\/v2\/types\/product"}],"wp:featuredmedia":[{"embeddable":true,"href":"https:\/\/cardinal-tapes.com\/fr\/wp-json\/wp\/v2\/media\/27084"}],"wp:attachment":[{"href":"https:\/\/cardinal-tapes.com\/fr\/wp-json\/wp\/v2\/media?parent=44694"}],"wp:term":[{"taxonomy":"pwb-brand","embeddable":true,"href":"https:\/\/cardinal-tapes.com\/fr\/wp-json\/wp\/v2\/pwb-brand?post=44694"},{"taxonomy":"product_brand","embeddable":true,"href":"https:\/\/cardinal-tapes.com\/fr\/wp-json\/wp\/v2\/product_brand?post=44694"},{"taxonomy":"product_cat","embeddable":true,"href":"https:\/\/cardinal-tapes.com\/fr\/wp-json\/wp\/v2\/product_cat?post=44694"},{"taxonomy":"product_tag","embeddable":true,"href":"https:\/\/cardinal-tapes.com\/fr\/wp-json\/wp\/v2\/product_tag?post=44694"}],"curies":[{"name":"wp","href":"https:\/\/api.w.org\/{rel}","templated":true}]}}