{"id":44693,"date":"2018-06-11T13:17:31","date_gmt":"2018-06-11T11:17:31","guid":{"rendered":"https:\/\/cardinal.pixel-tal.de\/klebebaender\/non%20class\u00e9\/ca-914-ruban-adhesif-en-mousse-pe\/"},"modified":"2025-07-02T13:54:52","modified_gmt":"2025-07-02T11:54:52","slug":"ca-914-pe-bande-adhesive-en-mousse","status":"publish","type":"product","link":"https:\/\/cardinal-tapes.com\/fr\/rubans-adh\u00e9sifs\/domaines-dapplication\/bande-de-mousse-pe\/ca-914-pe-bande-adhesive-en-mousse\/","title":{"rendered":"CA-914 Ruban adh\u00e9sif en mousse PE"},"content":{"rendered":"<p>Le CA-914 est un ruban adh\u00e9sif double face compos\u00e9 d&#8217;une mousse PE blanche \u00e0 cellules ferm\u00e9es, enduite sur les deux faces d&#8217;un adh\u00e9sif acrylique sensible \u00e0 la pression modifi\u00e9. L&#8217;adh\u00e9sif acrylique se caract\u00e9rise par un pouvoir adh\u00e9sif initial \u00e9lev\u00e9, m\u00eame sur des surfaces de substrats rugueuses et critiques. <\/p>\n<p>Le produit est approuv\u00e9 comme ruban adh\u00e9sif pour miroir dans la fabrication de meubles.<\/p>\n","protected":false},"excerpt":{"rendered":"<p>Le CA-914 est un ruban adh\u00e9sif double face compos\u00e9 d&#8217;une mousse PE blanche \u00e0 cellules ferm\u00e9es, enduite sur les deux faces d&#8217;un adh\u00e9sif acrylique sensible \u00e0 la pression modifi\u00e9. L&#8217;adh\u00e9sif acrylique se caract\u00e9rise par un pouvoir adh\u00e9sif initial \u00e9lev\u00e9, m\u00eame sur des surfaces de substrats rugueuses et critiques. Le produit est approuv\u00e9 comme ruban adh\u00e9sif [&hellip;]<\/p>\n","protected":false},"featured_media":27156,"template":"","meta":{"_acf_changed":false},"pwb-brand":[2171],"product_brand":[],"product_cat":[1763,1764,1834],"product_tag":[],"class_list":{"0":"post-44693","1":"product","2":"type-product","3":"status-publish","4":"has-post-thumbnail","6":"pwb-brand-cardinal-gmbh-fr","7":"product_cat-bande-de-mousse-pe","8":"product_cat-bande-de-mousse-pe-fr","9":"product_cat-rubans-adhesifs-double-face","11":"first","12":"instock","13":"taxable","14":"shipping-taxable","15":"purchasable","16":"product-type-variable"},"acf":[],"yoast_head":"<!-- This site is optimized with the Yoast SEO plugin v27.3 - https:\/\/yoast.com\/product\/yoast-seo-wordpress\/ -->\n<title>CA-914 Bande adh\u00e9sive en mousse PE | Cardinal TAPES<\/title>\n<meta name=\"description\" content=\"CA-914 est un ruban double face en mousse de PE avec une force adh\u00e9sive initiale \u00e9lev\u00e9e. Le produit est homologu\u00e9 comme ruban adh\u00e9sif pour miroir.\" \/>\n<meta name=\"robots\" content=\"index, follow, max-snippet:-1, max-image-preview:large, max-video-preview:-1\" \/>\n<link rel=\"canonical\" href=\"https:\/\/cardinal-tapes.com\/fr\/rubans-adh\u00e9sifs\/domaines-dapplication\/bande-de-mousse-pe\/ca-914-pe-bande-adhesive-en-mousse\/\" \/>\n<meta property=\"og:locale\" content=\"fr_FR\" \/>\n<meta property=\"og:type\" content=\"article\" \/>\n<meta property=\"og:title\" content=\"CA-914 Bande adh\u00e9sive en mousse PE | Cardinal TAPES\" \/>\n<meta property=\"og:description\" content=\"CA-914 est un ruban double face en mousse de PE avec une force adh\u00e9sive initiale \u00e9lev\u00e9e. Le produit est homologu\u00e9 comme ruban adh\u00e9sif pour miroir.\" \/>\n<meta property=\"og:url\" content=\"https:\/\/cardinal-tapes.com\/fr\/rubans-adh\u00e9sifs\/domaines-dapplication\/bande-de-mousse-pe\/ca-914-pe-bande-adhesive-en-mousse\/\" \/>\n<meta property=\"og:site_name\" content=\"cardinal TAPES\" \/>\n<meta property=\"article:modified_time\" content=\"2025-07-02T11:54:52+00:00\" \/>\n<meta property=\"og:image\" content=\"https:\/\/cardinal-tapes.com\/wp-content\/uploads\/CA_914_retouched.jpg\" \/>\n\t<meta property=\"og:image:width\" content=\"1082\" \/>\n\t<meta property=\"og:image:height\" content=\"1400\" \/>\n\t<meta property=\"og:image:type\" content=\"image\/jpeg\" \/>\n<meta name=\"twitter:card\" content=\"summary_large_image\" \/>\n<script type=\"application\/ld+json\" class=\"yoast-schema-graph\">{\"@context\":\"https:\\\/\\\/schema.org\",\"@graph\":[{\"@type\":\"WebPage\",\"@id\":\"https:\\\/\\\/cardinal-tapes.com\\\/fr\\\/rubans-adh\u00e9sifs\\\/domaines-dapplication\\\/bande-de-mousse-pe\\\/ca-914-pe-bande-adhesive-en-mousse\\\/\",\"url\":\"https:\\\/\\\/cardinal-tapes.com\\\/fr\\\/rubans-adh\u00e9sifs\\\/domaines-dapplication\\\/bande-de-mousse-pe\\\/ca-914-pe-bande-adhesive-en-mousse\\\/\",\"name\":\"CA-914 Bande adh\u00e9sive en mousse PE | Cardinal TAPES\",\"isPartOf\":{\"@id\":\"https:\\\/\\\/cardinal-tapes.com\\\/#website\"},\"primaryImageOfPage\":{\"@id\":\"https:\\\/\\\/cardinal-tapes.com\\\/fr\\\/rubans-adh\u00e9sifs\\\/domaines-dapplication\\\/bande-de-mousse-pe\\\/ca-914-pe-bande-adhesive-en-mousse\\\/#primaryimage\"},\"image\":{\"@id\":\"https:\\\/\\\/cardinal-tapes.com\\\/fr\\\/rubans-adh\u00e9sifs\\\/domaines-dapplication\\\/bande-de-mousse-pe\\\/ca-914-pe-bande-adhesive-en-mousse\\\/#primaryimage\"},\"thumbnailUrl\":\"https:\\\/\\\/cardinal-tapes.com\\\/wp-content\\\/uploads\\\/CA_914_retouched.jpg\",\"datePublished\":\"2018-06-11T11:17:31+00:00\",\"dateModified\":\"2025-07-02T11:54:52+00:00\",\"description\":\"CA-914 est un ruban double face en mousse de PE avec une force adh\u00e9sive initiale \u00e9lev\u00e9e. Le produit est homologu\u00e9 comme ruban adh\u00e9sif pour miroir.\",\"breadcrumb\":{\"@id\":\"https:\\\/\\\/cardinal-tapes.com\\\/fr\\\/rubans-adh\u00e9sifs\\\/domaines-dapplication\\\/bande-de-mousse-pe\\\/ca-914-pe-bande-adhesive-en-mousse\\\/#breadcrumb\"},\"inLanguage\":\"fr-FR\",\"potentialAction\":[{\"@type\":\"ReadAction\",\"target\":[\"https:\\\/\\\/cardinal-tapes.com\\\/fr\\\/rubans-adh\u00e9sifs\\\/domaines-dapplication\\\/bande-de-mousse-pe\\\/ca-914-pe-bande-adhesive-en-mousse\\\/\"]}]},{\"@type\":\"ImageObject\",\"inLanguage\":\"fr-FR\",\"@id\":\"https:\\\/\\\/cardinal-tapes.com\\\/fr\\\/rubans-adh\u00e9sifs\\\/domaines-dapplication\\\/bande-de-mousse-pe\\\/ca-914-pe-bande-adhesive-en-mousse\\\/#primaryimage\",\"url\":\"https:\\\/\\\/cardinal-tapes.com\\\/wp-content\\\/uploads\\\/CA_914_retouched.jpg\",\"contentUrl\":\"https:\\\/\\\/cardinal-tapes.com\\\/wp-content\\\/uploads\\\/CA_914_retouched.jpg\",\"width\":1082,\"height\":1400,\"caption\":\"Ruban adh\u00e9sif CA 914\"},{\"@type\":\"BreadcrumbList\",\"@id\":\"https:\\\/\\\/cardinal-tapes.com\\\/fr\\\/rubans-adh\u00e9sifs\\\/domaines-dapplication\\\/bande-de-mousse-pe\\\/ca-914-pe-bande-adhesive-en-mousse\\\/#breadcrumb\",\"itemListElement\":[{\"@type\":\"ListItem\",\"position\":1,\"name\":\"Startseite\",\"item\":\"https:\\\/\\\/cardinal-tapes.com\\\/fr\\\/accueil\\\/\"},{\"@type\":\"ListItem\",\"position\":2,\"name\":\"Rubans adh\u00e9sifs\",\"item\":\"https:\\\/\\\/cardinal-tapes.com\\\/fr\\\/rubans-adhesifs-fr\\\/\"},{\"@type\":\"ListItem\",\"position\":3,\"name\":\"Domaines d&#039;application\",\"item\":\"https:\\\/\\\/cardinal-tapes.com\\\/fr\\\/catgorie\\\/domaines-dapplication\\\/\"},{\"@type\":\"ListItem\",\"position\":4,\"name\":\"Bande de mousse PE\",\"item\":\"https:\\\/\\\/cardinal-tapes.com\\\/fr\\\/catgorie\\\/bande-de-mousse-pe\\\/\"},{\"@type\":\"ListItem\",\"position\":5,\"name\":\"CA-914 Ruban adh\u00e9sif en mousse PE\"}]},{\"@type\":\"WebSite\",\"@id\":\"https:\\\/\\\/cardinal-tapes.com\\\/#website\",\"url\":\"https:\\\/\\\/cardinal-tapes.com\\\/\",\"name\":\"cardinal TAPES\",\"description\":\"Klebetechnik aus Wuppertal\",\"potentialAction\":[{\"@type\":\"SearchAction\",\"target\":{\"@type\":\"EntryPoint\",\"urlTemplate\":\"https:\\\/\\\/cardinal-tapes.com\\\/?s={search_term_string}\"},\"query-input\":{\"@type\":\"PropertyValueSpecification\",\"valueRequired\":true,\"valueName\":\"search_term_string\"}}],\"inLanguage\":\"fr-FR\"}]}<\/script>\n<!-- \/ Yoast SEO plugin. -->","yoast_head_json":{"title":"CA-914 Bande adh\u00e9sive en mousse PE | Cardinal TAPES","description":"CA-914 est un ruban double face en mousse de PE avec une force adh\u00e9sive initiale \u00e9lev\u00e9e. Le produit est homologu\u00e9 comme ruban adh\u00e9sif pour miroir.","robots":{"index":"index","follow":"follow","max-snippet":"max-snippet:-1","max-image-preview":"max-image-preview:large","max-video-preview":"max-video-preview:-1"},"canonical":"https:\/\/cardinal-tapes.com\/fr\/rubans-adh\u00e9sifs\/domaines-dapplication\/bande-de-mousse-pe\/ca-914-pe-bande-adhesive-en-mousse\/","og_locale":"fr_FR","og_type":"article","og_title":"CA-914 Bande adh\u00e9sive en mousse PE | Cardinal TAPES","og_description":"CA-914 est un ruban double face en mousse de PE avec une force adh\u00e9sive initiale \u00e9lev\u00e9e. Le produit est homologu\u00e9 comme ruban adh\u00e9sif pour miroir.","og_url":"https:\/\/cardinal-tapes.com\/fr\/rubans-adh\u00e9sifs\/domaines-dapplication\/bande-de-mousse-pe\/ca-914-pe-bande-adhesive-en-mousse\/","og_site_name":"cardinal TAPES","article_modified_time":"2025-07-02T11:54:52+00:00","og_image":[{"width":1082,"height":1400,"url":"https:\/\/cardinal-tapes.com\/wp-content\/uploads\/CA_914_retouched.jpg","type":"image\/jpeg"}],"twitter_card":"summary_large_image","schema":{"@context":"https:\/\/schema.org","@graph":[{"@type":"WebPage","@id":"https:\/\/cardinal-tapes.com\/fr\/rubans-adh\u00e9sifs\/domaines-dapplication\/bande-de-mousse-pe\/ca-914-pe-bande-adhesive-en-mousse\/","url":"https:\/\/cardinal-tapes.com\/fr\/rubans-adh\u00e9sifs\/domaines-dapplication\/bande-de-mousse-pe\/ca-914-pe-bande-adhesive-en-mousse\/","name":"CA-914 Bande adh\u00e9sive en mousse PE | Cardinal TAPES","isPartOf":{"@id":"https:\/\/cardinal-tapes.com\/#website"},"primaryImageOfPage":{"@id":"https:\/\/cardinal-tapes.com\/fr\/rubans-adh\u00e9sifs\/domaines-dapplication\/bande-de-mousse-pe\/ca-914-pe-bande-adhesive-en-mousse\/#primaryimage"},"image":{"@id":"https:\/\/cardinal-tapes.com\/fr\/rubans-adh\u00e9sifs\/domaines-dapplication\/bande-de-mousse-pe\/ca-914-pe-bande-adhesive-en-mousse\/#primaryimage"},"thumbnailUrl":"https:\/\/cardinal-tapes.com\/wp-content\/uploads\/CA_914_retouched.jpg","datePublished":"2018-06-11T11:17:31+00:00","dateModified":"2025-07-02T11:54:52+00:00","description":"CA-914 est un ruban double face en mousse de PE avec une force adh\u00e9sive initiale \u00e9lev\u00e9e. Le produit est homologu\u00e9 comme ruban adh\u00e9sif pour miroir.","breadcrumb":{"@id":"https:\/\/cardinal-tapes.com\/fr\/rubans-adh\u00e9sifs\/domaines-dapplication\/bande-de-mousse-pe\/ca-914-pe-bande-adhesive-en-mousse\/#breadcrumb"},"inLanguage":"fr-FR","potentialAction":[{"@type":"ReadAction","target":["https:\/\/cardinal-tapes.com\/fr\/rubans-adh\u00e9sifs\/domaines-dapplication\/bande-de-mousse-pe\/ca-914-pe-bande-adhesive-en-mousse\/"]}]},{"@type":"ImageObject","inLanguage":"fr-FR","@id":"https:\/\/cardinal-tapes.com\/fr\/rubans-adh\u00e9sifs\/domaines-dapplication\/bande-de-mousse-pe\/ca-914-pe-bande-adhesive-en-mousse\/#primaryimage","url":"https:\/\/cardinal-tapes.com\/wp-content\/uploads\/CA_914_retouched.jpg","contentUrl":"https:\/\/cardinal-tapes.com\/wp-content\/uploads\/CA_914_retouched.jpg","width":1082,"height":1400,"caption":"Ruban adh\u00e9sif CA 914"},{"@type":"BreadcrumbList","@id":"https:\/\/cardinal-tapes.com\/fr\/rubans-adh\u00e9sifs\/domaines-dapplication\/bande-de-mousse-pe\/ca-914-pe-bande-adhesive-en-mousse\/#breadcrumb","itemListElement":[{"@type":"ListItem","position":1,"name":"Startseite","item":"https:\/\/cardinal-tapes.com\/fr\/accueil\/"},{"@type":"ListItem","position":2,"name":"Rubans adh\u00e9sifs","item":"https:\/\/cardinal-tapes.com\/fr\/rubans-adhesifs-fr\/"},{"@type":"ListItem","position":3,"name":"Domaines d&#039;application","item":"https:\/\/cardinal-tapes.com\/fr\/catgorie\/domaines-dapplication\/"},{"@type":"ListItem","position":4,"name":"Bande de mousse PE","item":"https:\/\/cardinal-tapes.com\/fr\/catgorie\/bande-de-mousse-pe\/"},{"@type":"ListItem","position":5,"name":"CA-914 Ruban adh\u00e9sif en mousse PE"}]},{"@type":"WebSite","@id":"https:\/\/cardinal-tapes.com\/#website","url":"https:\/\/cardinal-tapes.com\/","name":"cardinal TAPES","description":"Klebetechnik aus Wuppertal","potentialAction":[{"@type":"SearchAction","target":{"@type":"EntryPoint","urlTemplate":"https:\/\/cardinal-tapes.com\/?s={search_term_string}"},"query-input":{"@type":"PropertyValueSpecification","valueRequired":true,"valueName":"search_term_string"}}],"inLanguage":"fr-FR"}]}},"brands":[{"id":2171,"name":"cardinal GmbH","slug":"cardinal-gmbh-fr"}],"_links":{"self":[{"href":"https:\/\/cardinal-tapes.com\/fr\/wp-json\/wp\/v2\/product\/44693","targetHints":{"allow":["GET"]}}],"collection":[{"href":"https:\/\/cardinal-tapes.com\/fr\/wp-json\/wp\/v2\/product"}],"about":[{"href":"https:\/\/cardinal-tapes.com\/fr\/wp-json\/wp\/v2\/types\/product"}],"wp:featuredmedia":[{"embeddable":true,"href":"https:\/\/cardinal-tapes.com\/fr\/wp-json\/wp\/v2\/media\/27156"}],"wp:attachment":[{"href":"https:\/\/cardinal-tapes.com\/fr\/wp-json\/wp\/v2\/media?parent=44693"}],"wp:term":[{"taxonomy":"pwb-brand","embeddable":true,"href":"https:\/\/cardinal-tapes.com\/fr\/wp-json\/wp\/v2\/pwb-brand?post=44693"},{"taxonomy":"product_brand","embeddable":true,"href":"https:\/\/cardinal-tapes.com\/fr\/wp-json\/wp\/v2\/product_brand?post=44693"},{"taxonomy":"product_cat","embeddable":true,"href":"https:\/\/cardinal-tapes.com\/fr\/wp-json\/wp\/v2\/product_cat?post=44693"},{"taxonomy":"product_tag","embeddable":true,"href":"https:\/\/cardinal-tapes.com\/fr\/wp-json\/wp\/v2\/product_tag?post=44693"}],"curies":[{"name":"wp","href":"https:\/\/api.w.org\/{rel}","templated":true}]}}