{"id":44691,"date":"2018-06-11T13:06:42","date_gmt":"2023-06-05T15:02:00","guid":{"rendered":"https:\/\/cardinal.pixel-tal.de\/klebebaender\/non class\u00e9\/ca-723-adhesif-pet-metallise\/"},"modified":"2023-06-05T17:02:00","modified_gmt":"2023-06-05T15:02:00","slug":"ca-723-bande-adhesive-metallisee-pour-animaux-de-compagnie","status":"publish","type":"product","link":"https:\/\/cardinal-tapes.com\/fr\/rubans-adh\u00e9sifs\/domaines-dapplication\/industrie-electrique\/ca-723-bande-adhesive-metallisee-pour-animaux-de-compagnie\/","title":{"rendered":"CA-723 Adh\u00e9sif PET m\u00e9tallis\u00e9"},"content":{"rendered":"<p>CA-723 est un ruban adh\u00e9sif sp\u00e9cial, avec une grande stabilit\u00e9 dimensionnelle gr\u00e2ce au support en PET. Le film PET peut \u00eatre utilis\u00e9 en raison<br \/>\nde m\u00e9tal peuvent \u00eatre d\u00e9tect\u00e9s par des d\u00e9tecteurs de m\u00e9taux. Les syst\u00e8mes optiques d\u00e9tectent la couleur noire. Tr\u00e8s bonne<br \/>\nPossibilit\u00e9 d&#8217;utilisation et tr\u00e8s haut pouvoir adh\u00e9sif sur diff\u00e9rents mat\u00e9riaux.<\/p>\n","protected":false},"excerpt":{"rendered":"<p>CA-723 est un ruban adh\u00e9sif sp\u00e9cial, avec une grande stabilit\u00e9 dimensionnelle gr\u00e2ce au support en PET. Le film PET peut \u00eatre utilis\u00e9 en raison de m\u00e9tal peuvent \u00eatre d\u00e9tect\u00e9s par des d\u00e9tecteurs de m\u00e9taux. Les syst\u00e8mes optiques d\u00e9tectent la couleur noire. Tr\u00e8s bonne Possibilit\u00e9 d&#8217;utilisation et tr\u00e8s haut pouvoir adh\u00e9sif sur diff\u00e9rents mat\u00e9riaux.<\/p>\n","protected":false},"featured_media":27144,"template":"","meta":{"_acf_changed":false},"pwb-brand":[2171],"product_brand":[],"product_cat":[1673,1834],"product_tag":[],"class_list":{"0":"post-44691","1":"product","2":"type-product","3":"status-publish","4":"has-post-thumbnail","6":"pwb-brand-cardinal-gmbh-fr","7":"product_cat-industrie-electrique","8":"product_cat-rubans-adhesifs-double-face","10":"first","11":"instock","12":"taxable","13":"shipping-taxable","14":"purchasable","15":"product-type-variable"},"acf":[],"yoast_head":"<!-- This site is optimized with the Yoast SEO plugin v27.3 - https:\/\/yoast.com\/product\/yoast-seo-wordpress\/ -->\n<title>CA-723 Adh\u00e9sif PET m\u00e9tallis\u00e9 | Cardinal TAPES<\/title>\n<meta name=\"description\" content=\"CA-723 est un ruban adh\u00e9sif sp\u00e9cial, avec une grande stabilit\u00e9 dimensionnelle gr\u00e2ce au support en PET. Apprenez-en plus sur le ruban adh\u00e9sif ici.\" \/>\n<meta name=\"robots\" content=\"index, follow, max-snippet:-1, max-image-preview:large, max-video-preview:-1\" \/>\n<link rel=\"canonical\" href=\"https:\/\/cardinal-tapes.com\/fr\/rubans-adh\u00e9sifs\/industrie-electrique\/ca-723-bande-adhesive-metallisee-pour-animaux-de-compagnie\/\" \/>\n<meta property=\"og:locale\" content=\"fr_FR\" \/>\n<meta property=\"og:type\" content=\"article\" \/>\n<meta property=\"og:title\" content=\"CA-723 Adh\u00e9sif PET m\u00e9tallis\u00e9 | Cardinal TAPES\" \/>\n<meta property=\"og:description\" content=\"CA-723 est un ruban adh\u00e9sif sp\u00e9cial, avec une grande stabilit\u00e9 dimensionnelle gr\u00e2ce au support en PET. Apprenez-en plus sur le ruban adh\u00e9sif ici.\" \/>\n<meta property=\"og:url\" content=\"https:\/\/cardinal-tapes.com\/fr\/rubans-adh\u00e9sifs\/industrie-electrique\/ca-723-bande-adhesive-metallisee-pour-animaux-de-compagnie\/\" \/>\n<meta property=\"og:site_name\" content=\"cardinal TAPES\" \/>\n<meta property=\"og:image\" content=\"https:\/\/cardinal-tapes.com\/wp-content\/uploads\/CA_723_retouched.jpg\" \/>\n\t<meta property=\"og:image:width\" content=\"1221\" \/>\n\t<meta property=\"og:image:height\" content=\"1400\" \/>\n\t<meta property=\"og:image:type\" content=\"image\/jpeg\" \/>\n<meta name=\"twitter:card\" content=\"summary_large_image\" \/>\n<script type=\"application\/ld+json\" class=\"yoast-schema-graph\">{\"@context\":\"https:\\\/\\\/schema.org\",\"@graph\":[{\"@type\":\"WebPage\",\"@id\":\"https:\\\/\\\/cardinal-tapes.com\\\/fr\\\/rubans-adh\u00e9sifs\\\/industrie-electrique\\\/ca-723-bande-adhesive-metallisee-pour-animaux-de-compagnie\\\/\",\"url\":\"https:\\\/\\\/cardinal-tapes.com\\\/fr\\\/rubans-adh\u00e9sifs\\\/industrie-electrique\\\/ca-723-bande-adhesive-metallisee-pour-animaux-de-compagnie\\\/\",\"name\":\"CA-723 Adh\u00e9sif PET m\u00e9tallis\u00e9 | Cardinal TAPES\",\"isPartOf\":{\"@id\":\"https:\\\/\\\/cardinal-tapes.com\\\/#website\"},\"primaryImageOfPage\":{\"@id\":\"https:\\\/\\\/cardinal-tapes.com\\\/fr\\\/rubans-adh\u00e9sifs\\\/industrie-electrique\\\/ca-723-bande-adhesive-metallisee-pour-animaux-de-compagnie\\\/#primaryimage\"},\"image\":{\"@id\":\"https:\\\/\\\/cardinal-tapes.com\\\/fr\\\/rubans-adh\u00e9sifs\\\/industrie-electrique\\\/ca-723-bande-adhesive-metallisee-pour-animaux-de-compagnie\\\/#primaryimage\"},\"thumbnailUrl\":\"https:\\\/\\\/cardinal-tapes.com\\\/wp-content\\\/uploads\\\/CA_723_retouched.jpg\",\"datePublished\":\"2023-06-05T15:02:00+00:00\",\"description\":\"CA-723 est un ruban adh\u00e9sif sp\u00e9cial, avec une grande stabilit\u00e9 dimensionnelle gr\u00e2ce au support en PET. Apprenez-en plus sur le ruban adh\u00e9sif ici.\",\"breadcrumb\":{\"@id\":\"https:\\\/\\\/cardinal-tapes.com\\\/fr\\\/rubans-adh\u00e9sifs\\\/industrie-electrique\\\/ca-723-bande-adhesive-metallisee-pour-animaux-de-compagnie\\\/#breadcrumb\"},\"inLanguage\":\"fr-FR\",\"potentialAction\":[{\"@type\":\"ReadAction\",\"target\":[\"https:\\\/\\\/cardinal-tapes.com\\\/fr\\\/rubans-adh\u00e9sifs\\\/industrie-electrique\\\/ca-723-bande-adhesive-metallisee-pour-animaux-de-compagnie\\\/\"]}]},{\"@type\":\"ImageObject\",\"inLanguage\":\"fr-FR\",\"@id\":\"https:\\\/\\\/cardinal-tapes.com\\\/fr\\\/rubans-adh\u00e9sifs\\\/industrie-electrique\\\/ca-723-bande-adhesive-metallisee-pour-animaux-de-compagnie\\\/#primaryimage\",\"url\":\"https:\\\/\\\/cardinal-tapes.com\\\/wp-content\\\/uploads\\\/CA_723_retouched.jpg\",\"contentUrl\":\"https:\\\/\\\/cardinal-tapes.com\\\/wp-content\\\/uploads\\\/CA_723_retouched.jpg\",\"width\":1221,\"height\":1400,\"caption\":\"Ruban adh\u00e9sif CA 723\"},{\"@type\":\"BreadcrumbList\",\"@id\":\"https:\\\/\\\/cardinal-tapes.com\\\/fr\\\/rubans-adh\u00e9sifs\\\/industrie-electrique\\\/ca-723-bande-adhesive-metallisee-pour-animaux-de-compagnie\\\/#breadcrumb\",\"itemListElement\":[{\"@type\":\"ListItem\",\"position\":1,\"name\":\"Startseite\",\"item\":\"https:\\\/\\\/cardinal-tapes.com\\\/fr\\\/accueil\\\/\"},{\"@type\":\"ListItem\",\"position\":2,\"name\":\"Rubans adh\u00e9sifs\",\"item\":\"https:\\\/\\\/cardinal-tapes.com\\\/fr\\\/rubans-adhesifs-fr\\\/\"},{\"@type\":\"ListItem\",\"position\":3,\"name\":\"Industrie \u00e9lectrique\",\"item\":\"https:\\\/\\\/cardinal-tapes.com\\\/fr\\\/catgorie\\\/industrie-electrique\\\/\"},{\"@type\":\"ListItem\",\"position\":4,\"name\":\"CA-723 Adh\u00e9sif PET m\u00e9tallis\u00e9\"}]},{\"@type\":\"WebSite\",\"@id\":\"https:\\\/\\\/cardinal-tapes.com\\\/#website\",\"url\":\"https:\\\/\\\/cardinal-tapes.com\\\/\",\"name\":\"cardinal TAPES\",\"description\":\"Klebetechnik aus Wuppertal\",\"potentialAction\":[{\"@type\":\"SearchAction\",\"target\":{\"@type\":\"EntryPoint\",\"urlTemplate\":\"https:\\\/\\\/cardinal-tapes.com\\\/?s={search_term_string}\"},\"query-input\":{\"@type\":\"PropertyValueSpecification\",\"valueRequired\":true,\"valueName\":\"search_term_string\"}}],\"inLanguage\":\"fr-FR\"}]}<\/script>\n<!-- \/ Yoast SEO plugin. -->","yoast_head_json":{"title":"CA-723 Adh\u00e9sif PET m\u00e9tallis\u00e9 | Cardinal TAPES","description":"CA-723 est un ruban adh\u00e9sif sp\u00e9cial, avec une grande stabilit\u00e9 dimensionnelle gr\u00e2ce au support en PET. Apprenez-en plus sur le ruban adh\u00e9sif ici.","robots":{"index":"index","follow":"follow","max-snippet":"max-snippet:-1","max-image-preview":"max-image-preview:large","max-video-preview":"max-video-preview:-1"},"canonical":"https:\/\/cardinal-tapes.com\/fr\/rubans-adh\u00e9sifs\/industrie-electrique\/ca-723-bande-adhesive-metallisee-pour-animaux-de-compagnie\/","og_locale":"fr_FR","og_type":"article","og_title":"CA-723 Adh\u00e9sif PET m\u00e9tallis\u00e9 | Cardinal TAPES","og_description":"CA-723 est un ruban adh\u00e9sif sp\u00e9cial, avec une grande stabilit\u00e9 dimensionnelle gr\u00e2ce au support en PET. Apprenez-en plus sur le ruban adh\u00e9sif ici.","og_url":"https:\/\/cardinal-tapes.com\/fr\/rubans-adh\u00e9sifs\/industrie-electrique\/ca-723-bande-adhesive-metallisee-pour-animaux-de-compagnie\/","og_site_name":"cardinal TAPES","og_image":[{"width":1221,"height":1400,"url":"https:\/\/cardinal-tapes.com\/wp-content\/uploads\/CA_723_retouched.jpg","type":"image\/jpeg"}],"twitter_card":"summary_large_image","schema":{"@context":"https:\/\/schema.org","@graph":[{"@type":"WebPage","@id":"https:\/\/cardinal-tapes.com\/fr\/rubans-adh\u00e9sifs\/industrie-electrique\/ca-723-bande-adhesive-metallisee-pour-animaux-de-compagnie\/","url":"https:\/\/cardinal-tapes.com\/fr\/rubans-adh\u00e9sifs\/industrie-electrique\/ca-723-bande-adhesive-metallisee-pour-animaux-de-compagnie\/","name":"CA-723 Adh\u00e9sif PET m\u00e9tallis\u00e9 | Cardinal TAPES","isPartOf":{"@id":"https:\/\/cardinal-tapes.com\/#website"},"primaryImageOfPage":{"@id":"https:\/\/cardinal-tapes.com\/fr\/rubans-adh\u00e9sifs\/industrie-electrique\/ca-723-bande-adhesive-metallisee-pour-animaux-de-compagnie\/#primaryimage"},"image":{"@id":"https:\/\/cardinal-tapes.com\/fr\/rubans-adh\u00e9sifs\/industrie-electrique\/ca-723-bande-adhesive-metallisee-pour-animaux-de-compagnie\/#primaryimage"},"thumbnailUrl":"https:\/\/cardinal-tapes.com\/wp-content\/uploads\/CA_723_retouched.jpg","datePublished":"2023-06-05T15:02:00+00:00","description":"CA-723 est un ruban adh\u00e9sif sp\u00e9cial, avec une grande stabilit\u00e9 dimensionnelle gr\u00e2ce au support en PET. Apprenez-en plus sur le ruban adh\u00e9sif ici.","breadcrumb":{"@id":"https:\/\/cardinal-tapes.com\/fr\/rubans-adh\u00e9sifs\/industrie-electrique\/ca-723-bande-adhesive-metallisee-pour-animaux-de-compagnie\/#breadcrumb"},"inLanguage":"fr-FR","potentialAction":[{"@type":"ReadAction","target":["https:\/\/cardinal-tapes.com\/fr\/rubans-adh\u00e9sifs\/industrie-electrique\/ca-723-bande-adhesive-metallisee-pour-animaux-de-compagnie\/"]}]},{"@type":"ImageObject","inLanguage":"fr-FR","@id":"https:\/\/cardinal-tapes.com\/fr\/rubans-adh\u00e9sifs\/industrie-electrique\/ca-723-bande-adhesive-metallisee-pour-animaux-de-compagnie\/#primaryimage","url":"https:\/\/cardinal-tapes.com\/wp-content\/uploads\/CA_723_retouched.jpg","contentUrl":"https:\/\/cardinal-tapes.com\/wp-content\/uploads\/CA_723_retouched.jpg","width":1221,"height":1400,"caption":"Ruban adh\u00e9sif CA 723"},{"@type":"BreadcrumbList","@id":"https:\/\/cardinal-tapes.com\/fr\/rubans-adh\u00e9sifs\/industrie-electrique\/ca-723-bande-adhesive-metallisee-pour-animaux-de-compagnie\/#breadcrumb","itemListElement":[{"@type":"ListItem","position":1,"name":"Startseite","item":"https:\/\/cardinal-tapes.com\/fr\/accueil\/"},{"@type":"ListItem","position":2,"name":"Rubans adh\u00e9sifs","item":"https:\/\/cardinal-tapes.com\/fr\/rubans-adhesifs-fr\/"},{"@type":"ListItem","position":3,"name":"Industrie \u00e9lectrique","item":"https:\/\/cardinal-tapes.com\/fr\/catgorie\/industrie-electrique\/"},{"@type":"ListItem","position":4,"name":"CA-723 Adh\u00e9sif PET m\u00e9tallis\u00e9"}]},{"@type":"WebSite","@id":"https:\/\/cardinal-tapes.com\/#website","url":"https:\/\/cardinal-tapes.com\/","name":"cardinal TAPES","description":"Klebetechnik aus Wuppertal","potentialAction":[{"@type":"SearchAction","target":{"@type":"EntryPoint","urlTemplate":"https:\/\/cardinal-tapes.com\/?s={search_term_string}"},"query-input":{"@type":"PropertyValueSpecification","valueRequired":true,"valueName":"search_term_string"}}],"inLanguage":"fr-FR"}]}},"brands":[{"id":2171,"name":"cardinal GmbH","slug":"cardinal-gmbh-fr"}],"_links":{"self":[{"href":"https:\/\/cardinal-tapes.com\/fr\/wp-json\/wp\/v2\/product\/44691","targetHints":{"allow":["GET"]}}],"collection":[{"href":"https:\/\/cardinal-tapes.com\/fr\/wp-json\/wp\/v2\/product"}],"about":[{"href":"https:\/\/cardinal-tapes.com\/fr\/wp-json\/wp\/v2\/types\/product"}],"wp:featuredmedia":[{"embeddable":true,"href":"https:\/\/cardinal-tapes.com\/fr\/wp-json\/wp\/v2\/media\/27144"}],"wp:attachment":[{"href":"https:\/\/cardinal-tapes.com\/fr\/wp-json\/wp\/v2\/media?parent=44691"}],"wp:term":[{"taxonomy":"pwb-brand","embeddable":true,"href":"https:\/\/cardinal-tapes.com\/fr\/wp-json\/wp\/v2\/pwb-brand?post=44691"},{"taxonomy":"product_brand","embeddable":true,"href":"https:\/\/cardinal-tapes.com\/fr\/wp-json\/wp\/v2\/product_brand?post=44691"},{"taxonomy":"product_cat","embeddable":true,"href":"https:\/\/cardinal-tapes.com\/fr\/wp-json\/wp\/v2\/product_cat?post=44691"},{"taxonomy":"product_tag","embeddable":true,"href":"https:\/\/cardinal-tapes.com\/fr\/wp-json\/wp\/v2\/product_tag?post=44691"}],"curies":[{"name":"wp","href":"https:\/\/api.w.org\/{rel}","templated":true}]}}