{"id":44690,"date":"2018-06-11T11:28:07","date_gmt":"2023-06-05T15:02:00","guid":{"rendered":"https:\/\/cardinal.pixel-tal.de\/klebebaender\/non class\u00e9\/ca-440-ruban-adhesif-en-papier-non-tisse\/"},"modified":"2023-06-05T17:02:00","modified_gmt":"2023-06-05T15:02:00","slug":"ca-440-bande-adhesive-en-papier-non-tisse","status":"publish","type":"product","link":"https:\/\/cardinal-tapes.com\/fr\/rubans-adh\u00e9sifs\/domaines-dapplication\/impression-graphisme\/ca-440-bande-adhesive-en-papier-non-tisse\/","title":{"rendered":"CA-440 Ruban adh\u00e9sif en papier non tiss\u00e9"},"content":{"rendered":"<p>CA-440 est un ruban adh\u00e9sif non tiss\u00e9, compos\u00e9 d&#8217;un support papier non tiss\u00e9, enduit sur les deux faces d&#8217;un adh\u00e9sif sensible \u00e0 la pression \u00e0 base d&#8217;acrylate de solvant modifi\u00e9, qui pr\u00e9sente une tr\u00e8s bonne r\u00e9sistance aux rayons UV, aux contraintes thermiques, aux produits chimiques et aux solvants ainsi qu&#8217;\u00e0 l&#8217;humidit\u00e9. Traitement autocollant de mousses de poly\u00e9thyl\u00e8ne, de polyester et de poly\u00e9ther, ainsi que mise \u00e0 longueur et \u00e9pissure de papier, de textile, de plastique et de films m\u00e9talliques, pour lesquels il est important d&#8217;obtenir une tr\u00e8s grande r\u00e9sistance au cisaillement et \u00e0 l&#8217;adh\u00e9rence ainsi qu&#8217;une r\u00e9sistance \u00e0 la temp\u00e9rature.<br \/>\narrive.<\/p>\n","protected":false},"excerpt":{"rendered":"<p>CA-440 est un ruban adh\u00e9sif non tiss\u00e9, compos\u00e9 d&#8217;un support papier non tiss\u00e9, enduit sur les deux faces d&#8217;un adh\u00e9sif sensible \u00e0 la pression \u00e0 base d&#8217;acrylate de solvant modifi\u00e9, qui pr\u00e9sente une tr\u00e8s bonne r\u00e9sistance aux rayons UV, aux contraintes thermiques, aux produits chimiques et aux solvants ainsi qu&#8217;\u00e0 l&#8217;humidit\u00e9. Traitement autocollant de mousses [&hellip;]<\/p>\n","protected":false},"featured_media":28892,"template":"","meta":{"_acf_changed":false},"pwb-brand":[2171],"product_brand":[],"product_cat":[1672,1765,1767,1833,1834],"product_tag":[],"class_list":{"0":"post-44690","1":"product","2":"type-product","3":"status-publish","4":"has-post-thumbnail","6":"pwb-brand-cardinal-gmbh-fr","7":"product_cat-impression-graphisme","8":"product_cat-industrie-du-papier","9":"product_cat-ruban-depissure","10":"product_cat-ruban-adhesif-non-tisse","11":"product_cat-rubans-adhesifs-double-face","13":"first","14":"instock","15":"taxable","16":"shipping-taxable","17":"purchasable","18":"product-type-variable"},"acf":[],"yoast_head":"<!-- This site is optimized with the Yoast SEO plugin v27.3 - https:\/\/yoast.com\/product\/yoast-seo-wordpress\/ -->\n<title>CA-440 Ruban adh\u00e9sif en papier non tiss\u00e9 | Cardinal TAPES<\/title>\n<meta name=\"description\" content=\"CA-440 est un ruban adh\u00e9sif non tiss\u00e9 compos\u00e9 d&#039;un support papier non tiss\u00e9 enduit sur les deux faces d&#039;un adh\u00e9sif sensible \u00e0 la pression \u00e0 base d&#039;acrylate de solvant modifi\u00e9.\" \/>\n<meta name=\"robots\" content=\"index, follow, max-snippet:-1, max-image-preview:large, max-video-preview:-1\" \/>\n<link rel=\"canonical\" href=\"https:\/\/cardinal-tapes.com\/fr\/rubans-adh\u00e9sifs\/impression-graphisme\/ca-440-bande-adhesive-en-papier-non-tisse\/\" \/>\n<meta property=\"og:locale\" content=\"fr_FR\" \/>\n<meta property=\"og:type\" content=\"article\" \/>\n<meta property=\"og:title\" content=\"CA-440 Ruban adh\u00e9sif en papier non tiss\u00e9 | Cardinal TAPES\" \/>\n<meta property=\"og:description\" content=\"CA-440 est un ruban adh\u00e9sif non tiss\u00e9 compos\u00e9 d&#039;un support papier non tiss\u00e9 enduit sur les deux faces d&#039;un adh\u00e9sif sensible \u00e0 la pression \u00e0 base d&#039;acrylate de solvant modifi\u00e9.\" \/>\n<meta property=\"og:url\" content=\"https:\/\/cardinal-tapes.com\/fr\/rubans-adh\u00e9sifs\/impression-graphisme\/ca-440-bande-adhesive-en-papier-non-tisse\/\" \/>\n<meta property=\"og:site_name\" content=\"cardinal TAPES\" \/>\n<meta property=\"og:image\" content=\"https:\/\/cardinal-tapes.com\/wp-content\/uploads\/CA-440.jpg\" \/>\n\t<meta property=\"og:image:width\" content=\"1348\" \/>\n\t<meta property=\"og:image:height\" content=\"1400\" \/>\n\t<meta property=\"og:image:type\" content=\"image\/jpeg\" \/>\n<meta name=\"twitter:card\" content=\"summary_large_image\" \/>\n<meta name=\"twitter:label1\" content=\"Dur\u00e9e de lecture estim\u00e9e\" \/>\n\t<meta name=\"twitter:data1\" content=\"1 minute\" \/>\n<script type=\"application\/ld+json\" class=\"yoast-schema-graph\">{\"@context\":\"https:\\\/\\\/schema.org\",\"@graph\":[{\"@type\":\"WebPage\",\"@id\":\"https:\\\/\\\/cardinal-tapes.com\\\/fr\\\/rubans-adh\u00e9sifs\\\/impression-graphisme\\\/ca-440-bande-adhesive-en-papier-non-tisse\\\/\",\"url\":\"https:\\\/\\\/cardinal-tapes.com\\\/fr\\\/rubans-adh\u00e9sifs\\\/impression-graphisme\\\/ca-440-bande-adhesive-en-papier-non-tisse\\\/\",\"name\":\"CA-440 Ruban adh\u00e9sif en papier non tiss\u00e9 | Cardinal TAPES\",\"isPartOf\":{\"@id\":\"https:\\\/\\\/cardinal-tapes.com\\\/#website\"},\"primaryImageOfPage\":{\"@id\":\"https:\\\/\\\/cardinal-tapes.com\\\/fr\\\/rubans-adh\u00e9sifs\\\/impression-graphisme\\\/ca-440-bande-adhesive-en-papier-non-tisse\\\/#primaryimage\"},\"image\":{\"@id\":\"https:\\\/\\\/cardinal-tapes.com\\\/fr\\\/rubans-adh\u00e9sifs\\\/impression-graphisme\\\/ca-440-bande-adhesive-en-papier-non-tisse\\\/#primaryimage\"},\"thumbnailUrl\":\"https:\\\/\\\/cardinal-tapes.com\\\/wp-content\\\/uploads\\\/CA-440.jpg\",\"datePublished\":\"2023-06-05T15:02:00+00:00\",\"description\":\"CA-440 est un ruban adh\u00e9sif non tiss\u00e9 compos\u00e9 d'un support papier non tiss\u00e9 enduit sur les deux faces d'un adh\u00e9sif sensible \u00e0 la pression \u00e0 base d'acrylate de solvant modifi\u00e9.\",\"breadcrumb\":{\"@id\":\"https:\\\/\\\/cardinal-tapes.com\\\/fr\\\/rubans-adh\u00e9sifs\\\/impression-graphisme\\\/ca-440-bande-adhesive-en-papier-non-tisse\\\/#breadcrumb\"},\"inLanguage\":\"fr-FR\",\"potentialAction\":[{\"@type\":\"ReadAction\",\"target\":[\"https:\\\/\\\/cardinal-tapes.com\\\/fr\\\/rubans-adh\u00e9sifs\\\/impression-graphisme\\\/ca-440-bande-adhesive-en-papier-non-tisse\\\/\"]}]},{\"@type\":\"ImageObject\",\"inLanguage\":\"fr-FR\",\"@id\":\"https:\\\/\\\/cardinal-tapes.com\\\/fr\\\/rubans-adh\u00e9sifs\\\/impression-graphisme\\\/ca-440-bande-adhesive-en-papier-non-tisse\\\/#primaryimage\",\"url\":\"https:\\\/\\\/cardinal-tapes.com\\\/wp-content\\\/uploads\\\/CA-440.jpg\",\"contentUrl\":\"https:\\\/\\\/cardinal-tapes.com\\\/wp-content\\\/uploads\\\/CA-440.jpg\",\"width\":1348,\"height\":1400},{\"@type\":\"BreadcrumbList\",\"@id\":\"https:\\\/\\\/cardinal-tapes.com\\\/fr\\\/rubans-adh\u00e9sifs\\\/impression-graphisme\\\/ca-440-bande-adhesive-en-papier-non-tisse\\\/#breadcrumb\",\"itemListElement\":[{\"@type\":\"ListItem\",\"position\":1,\"name\":\"Startseite\",\"item\":\"https:\\\/\\\/cardinal-tapes.com\\\/fr\\\/accueil\\\/\"},{\"@type\":\"ListItem\",\"position\":2,\"name\":\"Rubans adh\u00e9sifs\",\"item\":\"https:\\\/\\\/cardinal-tapes.com\\\/fr\\\/rubans-adhesifs-fr\\\/\"},{\"@type\":\"ListItem\",\"position\":3,\"name\":\"Impression &amp; graphisme\",\"item\":\"https:\\\/\\\/cardinal-tapes.com\\\/fr\\\/catgorie\\\/impression-graphisme\\\/\"},{\"@type\":\"ListItem\",\"position\":4,\"name\":\"CA-440 Ruban adh\u00e9sif en papier non tiss\u00e9\"}]},{\"@type\":\"WebSite\",\"@id\":\"https:\\\/\\\/cardinal-tapes.com\\\/#website\",\"url\":\"https:\\\/\\\/cardinal-tapes.com\\\/\",\"name\":\"cardinal TAPES\",\"description\":\"Klebetechnik aus Wuppertal\",\"potentialAction\":[{\"@type\":\"SearchAction\",\"target\":{\"@type\":\"EntryPoint\",\"urlTemplate\":\"https:\\\/\\\/cardinal-tapes.com\\\/?s={search_term_string}\"},\"query-input\":{\"@type\":\"PropertyValueSpecification\",\"valueRequired\":true,\"valueName\":\"search_term_string\"}}],\"inLanguage\":\"fr-FR\"}]}<\/script>\n<!-- \/ Yoast SEO plugin. -->","yoast_head_json":{"title":"CA-440 Ruban adh\u00e9sif en papier non tiss\u00e9 | Cardinal TAPES","description":"CA-440 est un ruban adh\u00e9sif non tiss\u00e9 compos\u00e9 d'un support papier non tiss\u00e9 enduit sur les deux faces d'un adh\u00e9sif sensible \u00e0 la pression \u00e0 base d'acrylate de solvant modifi\u00e9.","robots":{"index":"index","follow":"follow","max-snippet":"max-snippet:-1","max-image-preview":"max-image-preview:large","max-video-preview":"max-video-preview:-1"},"canonical":"https:\/\/cardinal-tapes.com\/fr\/rubans-adh\u00e9sifs\/impression-graphisme\/ca-440-bande-adhesive-en-papier-non-tisse\/","og_locale":"fr_FR","og_type":"article","og_title":"CA-440 Ruban adh\u00e9sif en papier non tiss\u00e9 | Cardinal TAPES","og_description":"CA-440 est un ruban adh\u00e9sif non tiss\u00e9 compos\u00e9 d'un support papier non tiss\u00e9 enduit sur les deux faces d'un adh\u00e9sif sensible \u00e0 la pression \u00e0 base d'acrylate de solvant modifi\u00e9.","og_url":"https:\/\/cardinal-tapes.com\/fr\/rubans-adh\u00e9sifs\/impression-graphisme\/ca-440-bande-adhesive-en-papier-non-tisse\/","og_site_name":"cardinal TAPES","og_image":[{"width":1348,"height":1400,"url":"https:\/\/cardinal-tapes.com\/wp-content\/uploads\/CA-440.jpg","type":"image\/jpeg"}],"twitter_card":"summary_large_image","twitter_misc":{"Dur\u00e9e de lecture estim\u00e9e":"1 minute"},"schema":{"@context":"https:\/\/schema.org","@graph":[{"@type":"WebPage","@id":"https:\/\/cardinal-tapes.com\/fr\/rubans-adh\u00e9sifs\/impression-graphisme\/ca-440-bande-adhesive-en-papier-non-tisse\/","url":"https:\/\/cardinal-tapes.com\/fr\/rubans-adh\u00e9sifs\/impression-graphisme\/ca-440-bande-adhesive-en-papier-non-tisse\/","name":"CA-440 Ruban adh\u00e9sif en papier non tiss\u00e9 | Cardinal TAPES","isPartOf":{"@id":"https:\/\/cardinal-tapes.com\/#website"},"primaryImageOfPage":{"@id":"https:\/\/cardinal-tapes.com\/fr\/rubans-adh\u00e9sifs\/impression-graphisme\/ca-440-bande-adhesive-en-papier-non-tisse\/#primaryimage"},"image":{"@id":"https:\/\/cardinal-tapes.com\/fr\/rubans-adh\u00e9sifs\/impression-graphisme\/ca-440-bande-adhesive-en-papier-non-tisse\/#primaryimage"},"thumbnailUrl":"https:\/\/cardinal-tapes.com\/wp-content\/uploads\/CA-440.jpg","datePublished":"2023-06-05T15:02:00+00:00","description":"CA-440 est un ruban adh\u00e9sif non tiss\u00e9 compos\u00e9 d'un support papier non tiss\u00e9 enduit sur les deux faces d'un adh\u00e9sif sensible \u00e0 la pression \u00e0 base d'acrylate de solvant modifi\u00e9.","breadcrumb":{"@id":"https:\/\/cardinal-tapes.com\/fr\/rubans-adh\u00e9sifs\/impression-graphisme\/ca-440-bande-adhesive-en-papier-non-tisse\/#breadcrumb"},"inLanguage":"fr-FR","potentialAction":[{"@type":"ReadAction","target":["https:\/\/cardinal-tapes.com\/fr\/rubans-adh\u00e9sifs\/impression-graphisme\/ca-440-bande-adhesive-en-papier-non-tisse\/"]}]},{"@type":"ImageObject","inLanguage":"fr-FR","@id":"https:\/\/cardinal-tapes.com\/fr\/rubans-adh\u00e9sifs\/impression-graphisme\/ca-440-bande-adhesive-en-papier-non-tisse\/#primaryimage","url":"https:\/\/cardinal-tapes.com\/wp-content\/uploads\/CA-440.jpg","contentUrl":"https:\/\/cardinal-tapes.com\/wp-content\/uploads\/CA-440.jpg","width":1348,"height":1400},{"@type":"BreadcrumbList","@id":"https:\/\/cardinal-tapes.com\/fr\/rubans-adh\u00e9sifs\/impression-graphisme\/ca-440-bande-adhesive-en-papier-non-tisse\/#breadcrumb","itemListElement":[{"@type":"ListItem","position":1,"name":"Startseite","item":"https:\/\/cardinal-tapes.com\/fr\/accueil\/"},{"@type":"ListItem","position":2,"name":"Rubans adh\u00e9sifs","item":"https:\/\/cardinal-tapes.com\/fr\/rubans-adhesifs-fr\/"},{"@type":"ListItem","position":3,"name":"Impression &amp; graphisme","item":"https:\/\/cardinal-tapes.com\/fr\/catgorie\/impression-graphisme\/"},{"@type":"ListItem","position":4,"name":"CA-440 Ruban adh\u00e9sif en papier non tiss\u00e9"}]},{"@type":"WebSite","@id":"https:\/\/cardinal-tapes.com\/#website","url":"https:\/\/cardinal-tapes.com\/","name":"cardinal TAPES","description":"Klebetechnik aus Wuppertal","potentialAction":[{"@type":"SearchAction","target":{"@type":"EntryPoint","urlTemplate":"https:\/\/cardinal-tapes.com\/?s={search_term_string}"},"query-input":{"@type":"PropertyValueSpecification","valueRequired":true,"valueName":"search_term_string"}}],"inLanguage":"fr-FR"}]}},"brands":[{"id":2171,"name":"cardinal GmbH","slug":"cardinal-gmbh-fr"}],"_links":{"self":[{"href":"https:\/\/cardinal-tapes.com\/fr\/wp-json\/wp\/v2\/product\/44690","targetHints":{"allow":["GET"]}}],"collection":[{"href":"https:\/\/cardinal-tapes.com\/fr\/wp-json\/wp\/v2\/product"}],"about":[{"href":"https:\/\/cardinal-tapes.com\/fr\/wp-json\/wp\/v2\/types\/product"}],"wp:featuredmedia":[{"embeddable":true,"href":"https:\/\/cardinal-tapes.com\/fr\/wp-json\/wp\/v2\/media\/28892"}],"wp:attachment":[{"href":"https:\/\/cardinal-tapes.com\/fr\/wp-json\/wp\/v2\/media?parent=44690"}],"wp:term":[{"taxonomy":"pwb-brand","embeddable":true,"href":"https:\/\/cardinal-tapes.com\/fr\/wp-json\/wp\/v2\/pwb-brand?post=44690"},{"taxonomy":"product_brand","embeddable":true,"href":"https:\/\/cardinal-tapes.com\/fr\/wp-json\/wp\/v2\/product_brand?post=44690"},{"taxonomy":"product_cat","embeddable":true,"href":"https:\/\/cardinal-tapes.com\/fr\/wp-json\/wp\/v2\/product_cat?post=44690"},{"taxonomy":"product_tag","embeddable":true,"href":"https:\/\/cardinal-tapes.com\/fr\/wp-json\/wp\/v2\/product_tag?post=44690"}],"curies":[{"name":"wp","href":"https:\/\/api.w.org\/{rel}","templated":true}]}}