{"id":44017,"date":"2018-06-13T13:13:52","date_gmt":"2023-06-05T15:01:43","guid":{"rendered":"https:\/\/cardinal.pixel-tal.de\/klebebaender\/non%20class\u00e9\/ca-44-pv1-ruban-adhesif-en-papier-non-tisse\/"},"modified":"2025-07-02T12:47:39","modified_gmt":"2025-07-02T10:47:39","slug":"ca-44-pv1-bande-adhesive-en-papier-non-tisse","status":"publish","type":"product","link":"https:\/\/cardinal-tapes.com\/fr\/rubans-adh\u00e9sifs\/domaines-dapplication\/industrie-du-papier\/ca-44-pv1-bande-adhesive-en-papier-non-tisse\/","title":{"rendered":"CA-44 PV1 Ruban adh\u00e9sif en papier non tiss\u00e9"},"content":{"rendered":"<p>Le CA-44 est un ruban adh\u00e9sif non tiss\u00e9 compos\u00e9 d&#8217;un support en papier non tiss\u00e9 enduit sur les deux faces d&#8217;un adh\u00e9sif sensible \u00e0 la pression, transparent, \u00e0 base d&#8217;acrylate de dispersion modifi\u00e9. L&#8217;adh\u00e9sif sensible \u00e0 la pression \u00e0 collage agressif se caract\u00e9rise par une r\u00e9sistance \u00e9lev\u00e9e au vieillissement et \u00e0 la plupart des plastifiants. Le ruban adh\u00e9sif double face est particuli\u00e8rement adapt\u00e9 au traitement du caoutchouc cellulaire, des mousses \u00e0 pores ouverts et impr\u00e9gn\u00e9es ainsi que du tissu, du feutre, du silicone et d&#8217;autres surfaces rugueuses et ouvertes. Le ruban adh\u00e9sif convient au contact alimentaire indirect selon FDA 175.105.<\/p>\n","protected":false},"excerpt":{"rendered":"<p>Le CA-44 est un ruban adh\u00e9sif non tiss\u00e9 compos\u00e9 d&#8217;un support en papier non tiss\u00e9 enduit sur les deux faces d&#8217;un adh\u00e9sif sensible \u00e0 la pression, transparent, \u00e0 base d&#8217;acrylate de dispersion modifi\u00e9. L&#8217;adh\u00e9sif sensible \u00e0 la pression \u00e0 collage agressif se caract\u00e9rise par une r\u00e9sistance \u00e9lev\u00e9e au vieillissement et \u00e0 la plupart des plastifiants. [&hellip;]<\/p>\n","protected":false},"featured_media":27096,"template":"","meta":{"_acf_changed":false},"pwb-brand":[2171],"product_brand":[],"product_cat":[1834,1765],"product_tag":[],"class_list":{"0":"post-44017","1":"product","2":"type-product","3":"status-publish","4":"has-post-thumbnail","6":"pwb-brand-cardinal-gmbh-fr","7":"product_cat-rubans-adhesifs-double-face","8":"product_cat-industrie-du-papier","10":"first","11":"instock","12":"taxable","13":"shipping-taxable","14":"purchasable","15":"product-type-variable"},"acf":[],"yoast_head":"<!-- This site is optimized with the Yoast SEO plugin v27.3 - https:\/\/yoast.com\/product\/yoast-seo-wordpress\/ -->\n<title>CA-44 PV1 Bande adh\u00e9sive en papier non tiss\u00e9 | Cardinal TAPES<\/title>\n<meta name=\"description\" content=\"CA-44 est un ruban adh\u00e9sif non tiss\u00e9, compos\u00e9 d&#039;un support papier non tiss\u00e9 enduit sur les deux faces d&#039;un adh\u00e9sif sensible \u00e0 la pression transparent \u00e0 base d&#039;acrylate de dispersion modifi\u00e9.\" \/>\n<meta name=\"robots\" content=\"index, follow, max-snippet:-1, max-image-preview:large, max-video-preview:-1\" \/>\n<link rel=\"canonical\" href=\"https:\/\/cardinal-tapes.com\/fr\/rubans-adh\u00e9sifs\/domaines-dapplication\/industrie-du-papier\/ca-44-pv1-bande-adhesive-en-papier-non-tisse\/\" \/>\n<meta property=\"og:locale\" content=\"fr_FR\" \/>\n<meta property=\"og:type\" content=\"article\" \/>\n<meta property=\"og:title\" content=\"CA-44 PV1 Bande adh\u00e9sive en papier non tiss\u00e9 | Cardinal TAPES\" \/>\n<meta property=\"og:description\" content=\"CA-44 est un ruban adh\u00e9sif non tiss\u00e9, compos\u00e9 d&#039;un support papier non tiss\u00e9 enduit sur les deux faces d&#039;un adh\u00e9sif sensible \u00e0 la pression transparent \u00e0 base d&#039;acrylate de dispersion modifi\u00e9.\" \/>\n<meta property=\"og:url\" content=\"https:\/\/cardinal-tapes.com\/fr\/rubans-adh\u00e9sifs\/domaines-dapplication\/industrie-du-papier\/ca-44-pv1-bande-adhesive-en-papier-non-tisse\/\" \/>\n<meta property=\"og:site_name\" content=\"cardinal TAPES\" \/>\n<meta property=\"article:modified_time\" content=\"2025-07-02T10:47:39+00:00\" \/>\n<meta property=\"og:image\" content=\"https:\/\/cardinal-tapes.com\/wp-content\/uploads\/CA_43-2_retouched.jpg\" \/>\n\t<meta property=\"og:image:width\" content=\"1348\" \/>\n\t<meta property=\"og:image:height\" content=\"1400\" \/>\n\t<meta property=\"og:image:type\" content=\"image\/jpeg\" \/>\n<meta name=\"twitter:card\" content=\"summary_large_image\" \/>\n<meta name=\"twitter:label1\" content=\"Dur\u00e9e de lecture estim\u00e9e\" \/>\n\t<meta name=\"twitter:data1\" content=\"1 minute\" \/>\n<script type=\"application\/ld+json\" class=\"yoast-schema-graph\">{\"@context\":\"https:\\\/\\\/schema.org\",\"@graph\":[{\"@type\":\"WebPage\",\"@id\":\"https:\\\/\\\/cardinal-tapes.com\\\/fr\\\/rubans-adh\u00e9sifs\\\/domaines-dapplication\\\/industrie-du-papier\\\/ca-44-pv1-bande-adhesive-en-papier-non-tisse\\\/\",\"url\":\"https:\\\/\\\/cardinal-tapes.com\\\/fr\\\/rubans-adh\u00e9sifs\\\/domaines-dapplication\\\/industrie-du-papier\\\/ca-44-pv1-bande-adhesive-en-papier-non-tisse\\\/\",\"name\":\"CA-44 PV1 Bande adh\u00e9sive en papier non tiss\u00e9 | Cardinal TAPES\",\"isPartOf\":{\"@id\":\"https:\\\/\\\/cardinal-tapes.com\\\/#website\"},\"primaryImageOfPage\":{\"@id\":\"https:\\\/\\\/cardinal-tapes.com\\\/fr\\\/rubans-adh\u00e9sifs\\\/domaines-dapplication\\\/industrie-du-papier\\\/ca-44-pv1-bande-adhesive-en-papier-non-tisse\\\/#primaryimage\"},\"image\":{\"@id\":\"https:\\\/\\\/cardinal-tapes.com\\\/fr\\\/rubans-adh\u00e9sifs\\\/domaines-dapplication\\\/industrie-du-papier\\\/ca-44-pv1-bande-adhesive-en-papier-non-tisse\\\/#primaryimage\"},\"thumbnailUrl\":\"https:\\\/\\\/cardinal-tapes.com\\\/wp-content\\\/uploads\\\/CA_43-2_retouched.jpg\",\"datePublished\":\"2023-06-05T15:01:43+00:00\",\"dateModified\":\"2025-07-02T10:47:39+00:00\",\"description\":\"CA-44 est un ruban adh\u00e9sif non tiss\u00e9, compos\u00e9 d'un support papier non tiss\u00e9 enduit sur les deux faces d'un adh\u00e9sif sensible \u00e0 la pression transparent \u00e0 base d'acrylate de dispersion modifi\u00e9.\",\"breadcrumb\":{\"@id\":\"https:\\\/\\\/cardinal-tapes.com\\\/fr\\\/rubans-adh\u00e9sifs\\\/domaines-dapplication\\\/industrie-du-papier\\\/ca-44-pv1-bande-adhesive-en-papier-non-tisse\\\/#breadcrumb\"},\"inLanguage\":\"fr-FR\",\"potentialAction\":[{\"@type\":\"ReadAction\",\"target\":[\"https:\\\/\\\/cardinal-tapes.com\\\/fr\\\/rubans-adh\u00e9sifs\\\/domaines-dapplication\\\/industrie-du-papier\\\/ca-44-pv1-bande-adhesive-en-papier-non-tisse\\\/\"]}]},{\"@type\":\"ImageObject\",\"inLanguage\":\"fr-FR\",\"@id\":\"https:\\\/\\\/cardinal-tapes.com\\\/fr\\\/rubans-adh\u00e9sifs\\\/domaines-dapplication\\\/industrie-du-papier\\\/ca-44-pv1-bande-adhesive-en-papier-non-tisse\\\/#primaryimage\",\"url\":\"https:\\\/\\\/cardinal-tapes.com\\\/wp-content\\\/uploads\\\/CA_43-2_retouched.jpg\",\"contentUrl\":\"https:\\\/\\\/cardinal-tapes.com\\\/wp-content\\\/uploads\\\/CA_43-2_retouched.jpg\",\"width\":1348,\"height\":1400,\"caption\":\"Ruban adh\u00e9sif CA 43\"},{\"@type\":\"BreadcrumbList\",\"@id\":\"https:\\\/\\\/cardinal-tapes.com\\\/fr\\\/rubans-adh\u00e9sifs\\\/domaines-dapplication\\\/industrie-du-papier\\\/ca-44-pv1-bande-adhesive-en-papier-non-tisse\\\/#breadcrumb\",\"itemListElement\":[{\"@type\":\"ListItem\",\"position\":1,\"name\":\"Startseite\",\"item\":\"https:\\\/\\\/cardinal-tapes.com\\\/fr\\\/accueil\\\/\"},{\"@type\":\"ListItem\",\"position\":2,\"name\":\"Rubans adh\u00e9sifs\",\"item\":\"https:\\\/\\\/cardinal-tapes.com\\\/fr\\\/rubans-adhesifs-fr\\\/\"},{\"@type\":\"ListItem\",\"position\":3,\"name\":\"Doppelseitige Klebeb\u00e4nder\",\"item\":\"https:\\\/\\\/cardinal-tapes.com\\\/kategorie\\\/doppelseitige-klebebaender\\\/\"},{\"@type\":\"ListItem\",\"position\":4,\"name\":\"CA-44 PV1 Ruban adh\u00e9sif en papier non tiss\u00e9\"}]},{\"@type\":\"WebSite\",\"@id\":\"https:\\\/\\\/cardinal-tapes.com\\\/#website\",\"url\":\"https:\\\/\\\/cardinal-tapes.com\\\/\",\"name\":\"cardinal TAPES\",\"description\":\"Klebetechnik aus Wuppertal\",\"potentialAction\":[{\"@type\":\"SearchAction\",\"target\":{\"@type\":\"EntryPoint\",\"urlTemplate\":\"https:\\\/\\\/cardinal-tapes.com\\\/?s={search_term_string}\"},\"query-input\":{\"@type\":\"PropertyValueSpecification\",\"valueRequired\":true,\"valueName\":\"search_term_string\"}}],\"inLanguage\":\"fr-FR\"}]}<\/script>\n<!-- \/ Yoast SEO plugin. -->","yoast_head_json":{"title":"CA-44 PV1 Bande adh\u00e9sive en papier non tiss\u00e9 | Cardinal TAPES","description":"CA-44 est un ruban adh\u00e9sif non tiss\u00e9, compos\u00e9 d'un support papier non tiss\u00e9 enduit sur les deux faces d'un adh\u00e9sif sensible \u00e0 la pression transparent \u00e0 base d'acrylate de dispersion modifi\u00e9.","robots":{"index":"index","follow":"follow","max-snippet":"max-snippet:-1","max-image-preview":"max-image-preview:large","max-video-preview":"max-video-preview:-1"},"canonical":"https:\/\/cardinal-tapes.com\/fr\/rubans-adh\u00e9sifs\/domaines-dapplication\/industrie-du-papier\/ca-44-pv1-bande-adhesive-en-papier-non-tisse\/","og_locale":"fr_FR","og_type":"article","og_title":"CA-44 PV1 Bande adh\u00e9sive en papier non tiss\u00e9 | Cardinal TAPES","og_description":"CA-44 est un ruban adh\u00e9sif non tiss\u00e9, compos\u00e9 d'un support papier non tiss\u00e9 enduit sur les deux faces d'un adh\u00e9sif sensible \u00e0 la pression transparent \u00e0 base d'acrylate de dispersion modifi\u00e9.","og_url":"https:\/\/cardinal-tapes.com\/fr\/rubans-adh\u00e9sifs\/domaines-dapplication\/industrie-du-papier\/ca-44-pv1-bande-adhesive-en-papier-non-tisse\/","og_site_name":"cardinal TAPES","article_modified_time":"2025-07-02T10:47:39+00:00","og_image":[{"width":1348,"height":1400,"url":"https:\/\/cardinal-tapes.com\/wp-content\/uploads\/CA_43-2_retouched.jpg","type":"image\/jpeg"}],"twitter_card":"summary_large_image","twitter_misc":{"Dur\u00e9e de lecture estim\u00e9e":"1 minute"},"schema":{"@context":"https:\/\/schema.org","@graph":[{"@type":"WebPage","@id":"https:\/\/cardinal-tapes.com\/fr\/rubans-adh\u00e9sifs\/domaines-dapplication\/industrie-du-papier\/ca-44-pv1-bande-adhesive-en-papier-non-tisse\/","url":"https:\/\/cardinal-tapes.com\/fr\/rubans-adh\u00e9sifs\/domaines-dapplication\/industrie-du-papier\/ca-44-pv1-bande-adhesive-en-papier-non-tisse\/","name":"CA-44 PV1 Bande adh\u00e9sive en papier non tiss\u00e9 | Cardinal TAPES","isPartOf":{"@id":"https:\/\/cardinal-tapes.com\/#website"},"primaryImageOfPage":{"@id":"https:\/\/cardinal-tapes.com\/fr\/rubans-adh\u00e9sifs\/domaines-dapplication\/industrie-du-papier\/ca-44-pv1-bande-adhesive-en-papier-non-tisse\/#primaryimage"},"image":{"@id":"https:\/\/cardinal-tapes.com\/fr\/rubans-adh\u00e9sifs\/domaines-dapplication\/industrie-du-papier\/ca-44-pv1-bande-adhesive-en-papier-non-tisse\/#primaryimage"},"thumbnailUrl":"https:\/\/cardinal-tapes.com\/wp-content\/uploads\/CA_43-2_retouched.jpg","datePublished":"2023-06-05T15:01:43+00:00","dateModified":"2025-07-02T10:47:39+00:00","description":"CA-44 est un ruban adh\u00e9sif non tiss\u00e9, compos\u00e9 d'un support papier non tiss\u00e9 enduit sur les deux faces d'un adh\u00e9sif sensible \u00e0 la pression transparent \u00e0 base d'acrylate de dispersion modifi\u00e9.","breadcrumb":{"@id":"https:\/\/cardinal-tapes.com\/fr\/rubans-adh\u00e9sifs\/domaines-dapplication\/industrie-du-papier\/ca-44-pv1-bande-adhesive-en-papier-non-tisse\/#breadcrumb"},"inLanguage":"fr-FR","potentialAction":[{"@type":"ReadAction","target":["https:\/\/cardinal-tapes.com\/fr\/rubans-adh\u00e9sifs\/domaines-dapplication\/industrie-du-papier\/ca-44-pv1-bande-adhesive-en-papier-non-tisse\/"]}]},{"@type":"ImageObject","inLanguage":"fr-FR","@id":"https:\/\/cardinal-tapes.com\/fr\/rubans-adh\u00e9sifs\/domaines-dapplication\/industrie-du-papier\/ca-44-pv1-bande-adhesive-en-papier-non-tisse\/#primaryimage","url":"https:\/\/cardinal-tapes.com\/wp-content\/uploads\/CA_43-2_retouched.jpg","contentUrl":"https:\/\/cardinal-tapes.com\/wp-content\/uploads\/CA_43-2_retouched.jpg","width":1348,"height":1400,"caption":"Ruban adh\u00e9sif CA 43"},{"@type":"BreadcrumbList","@id":"https:\/\/cardinal-tapes.com\/fr\/rubans-adh\u00e9sifs\/domaines-dapplication\/industrie-du-papier\/ca-44-pv1-bande-adhesive-en-papier-non-tisse\/#breadcrumb","itemListElement":[{"@type":"ListItem","position":1,"name":"Startseite","item":"https:\/\/cardinal-tapes.com\/fr\/accueil\/"},{"@type":"ListItem","position":2,"name":"Rubans adh\u00e9sifs","item":"https:\/\/cardinal-tapes.com\/fr\/rubans-adhesifs-fr\/"},{"@type":"ListItem","position":3,"name":"Doppelseitige Klebeb\u00e4nder","item":"https:\/\/cardinal-tapes.com\/kategorie\/doppelseitige-klebebaender\/"},{"@type":"ListItem","position":4,"name":"CA-44 PV1 Ruban adh\u00e9sif en papier non tiss\u00e9"}]},{"@type":"WebSite","@id":"https:\/\/cardinal-tapes.com\/#website","url":"https:\/\/cardinal-tapes.com\/","name":"cardinal TAPES","description":"Klebetechnik aus Wuppertal","potentialAction":[{"@type":"SearchAction","target":{"@type":"EntryPoint","urlTemplate":"https:\/\/cardinal-tapes.com\/?s={search_term_string}"},"query-input":{"@type":"PropertyValueSpecification","valueRequired":true,"valueName":"search_term_string"}}],"inLanguage":"fr-FR"}]}},"brands":[{"id":2171,"name":"cardinal GmbH","slug":"cardinal-gmbh-fr"}],"_links":{"self":[{"href":"https:\/\/cardinal-tapes.com\/fr\/wp-json\/wp\/v2\/product\/44017","targetHints":{"allow":["GET"]}}],"collection":[{"href":"https:\/\/cardinal-tapes.com\/fr\/wp-json\/wp\/v2\/product"}],"about":[{"href":"https:\/\/cardinal-tapes.com\/fr\/wp-json\/wp\/v2\/types\/product"}],"wp:featuredmedia":[{"embeddable":true,"href":"https:\/\/cardinal-tapes.com\/fr\/wp-json\/wp\/v2\/media\/27096"}],"wp:attachment":[{"href":"https:\/\/cardinal-tapes.com\/fr\/wp-json\/wp\/v2\/media?parent=44017"}],"wp:term":[{"taxonomy":"pwb-brand","embeddable":true,"href":"https:\/\/cardinal-tapes.com\/fr\/wp-json\/wp\/v2\/pwb-brand?post=44017"},{"taxonomy":"product_brand","embeddable":true,"href":"https:\/\/cardinal-tapes.com\/fr\/wp-json\/wp\/v2\/product_brand?post=44017"},{"taxonomy":"product_cat","embeddable":true,"href":"https:\/\/cardinal-tapes.com\/fr\/wp-json\/wp\/v2\/product_cat?post=44017"},{"taxonomy":"product_tag","embeddable":true,"href":"https:\/\/cardinal-tapes.com\/fr\/wp-json\/wp\/v2\/product_tag?post=44017"}],"curies":[{"name":"wp","href":"https:\/\/api.w.org\/{rel}","templated":true}]}}