{"id":43998,"date":"2018-06-12T08:48:11","date_gmt":"2018-06-12T06:48:11","guid":{"rendered":"https:\/\/cardinal.pixel-tal.de\/klebebaender\/non%20class\u00e9\/ca-412-pv1-ruban-adhesif-pet-fort-ouvert-faible\/"},"modified":"2026-02-23T10:09:50","modified_gmt":"2026-02-23T09:09:50","slug":"ca-412-pet-bande-adhesive-fort-ouvert-faible","status":"publish","type":"product","link":"https:\/\/cardinal-tapes.com\/fr\/rubans-adh\u00e9sifs\/rubans-adhesifs-double-face\/ca-412-pet-bande-adhesive-fort-ouvert-faible\/","title":{"rendered":"CA-412 PV1 Ruban adh\u00e9sif PET, fort (ouvert) \/ faible"},"content":{"rendered":"<p>CA-412 est un ruban adh\u00e9sif en PET, enduit sur la face ouverte d&#8217;un caoutchouc synth\u00e9tique \u00e0 adh\u00e9rence permanente et sur la face recouverte d&#8217;un adh\u00e9sif acrylique repositionnable. Le c\u00f4t\u00e9 ouvert de l&#8217;adh\u00e9sif pr\u00e9sente une tr\u00e8s bonne adh\u00e9rence initiale et finale, m\u00eame sur les surfaces \u00e0 faible \u00e9nergie. Le domaine d&#8217;application est l&#8217;\u00e9quipement autocollant de diff\u00e9rents mat\u00e9riaux qui doivent ensuite \u00eatre retir\u00e9s facilement et sans laisser de traces.<\/p>\n","protected":false},"excerpt":{"rendered":"<p>CA-412 est un ruban adh\u00e9sif en PET, enduit sur la face ouverte d&#8217;un caoutchouc synth\u00e9tique \u00e0 adh\u00e9rence permanente et sur la face recouverte d&#8217;un adh\u00e9sif acrylique repositionnable. Le c\u00f4t\u00e9 ouvert de l&#8217;adh\u00e9sif pr\u00e9sente une tr\u00e8s bonne adh\u00e9rence initiale et finale, m\u00eame sur les surfaces \u00e0 faible \u00e9nergie. Le domaine d&#8217;application est l&#8217;\u00e9quipement autocollant de diff\u00e9rents [&hellip;]<\/p>\n","protected":false},"featured_media":81355,"template":"","meta":{"_acf_changed":false},"pwb-brand":[2171],"product_brand":[],"product_cat":[1834],"product_tag":[],"class_list":{"0":"post-43998","1":"product","2":"type-product","3":"status-publish","4":"has-post-thumbnail","6":"pwb-brand-cardinal-gmbh-fr","7":"product_cat-rubans-adhesifs-double-face","9":"first","10":"instock","11":"taxable","12":"shipping-taxable","13":"purchasable","14":"product-type-variable"},"acf":[],"yoast_head":"<!-- This site is optimized with the Yoast SEO plugin v27.3 - https:\/\/yoast.com\/product\/yoast-seo-wordpress\/ -->\n<title>CA-412 Ruban adh\u00e9sif PET | Cardinal TAPES<\/title>\n<meta name=\"description\" content=\"CA-412 est un ruban adh\u00e9sif en PET enduit de caoutchouc synth\u00e9tique permanent sur la face ouverte et d&#039;un adh\u00e9sif repositionnable sur la face recouverte.\" \/>\n<meta name=\"robots\" content=\"index, follow, max-snippet:-1, max-image-preview:large, max-video-preview:-1\" \/>\n<link rel=\"canonical\" href=\"https:\/\/cardinal-tapes.com\/fr\/rubans-adh\u00e9sifs\/rubans-adhesifs-double-face\/ca-412-pet-bande-adhesive-fort-ouvert-faible\/\" \/>\n<meta property=\"og:locale\" content=\"fr_FR\" \/>\n<meta property=\"og:type\" content=\"article\" \/>\n<meta property=\"og:title\" content=\"CA-412 Ruban adh\u00e9sif PET | Cardinal TAPES\" \/>\n<meta property=\"og:description\" content=\"CA-412 est un ruban adh\u00e9sif en PET enduit de caoutchouc synth\u00e9tique permanent sur la face ouverte et d&#039;un adh\u00e9sif repositionnable sur la face recouverte.\" \/>\n<meta property=\"og:url\" content=\"https:\/\/cardinal-tapes.com\/fr\/rubans-adh\u00e9sifs\/rubans-adhesifs-double-face\/ca-412-pet-bande-adhesive-fort-ouvert-faible\/\" \/>\n<meta property=\"og:site_name\" content=\"cardinal TAPES\" \/>\n<meta property=\"article:modified_time\" content=\"2026-02-23T09:09:50+00:00\" \/>\n<meta property=\"og:image\" content=\"https:\/\/cardinal-tapes.com\/wp-content\/uploads\/ca_420_19x50mm.jpg\" \/>\n\t<meta property=\"og:image:width\" content=\"380\" \/>\n\t<meta property=\"og:image:height\" content=\"380\" \/>\n\t<meta property=\"og:image:type\" content=\"image\/jpeg\" \/>\n<meta name=\"twitter:card\" content=\"summary_large_image\" \/>\n<script type=\"application\/ld+json\" class=\"yoast-schema-graph\">{\"@context\":\"https:\\\/\\\/schema.org\",\"@graph\":[{\"@type\":\"WebPage\",\"@id\":\"https:\\\/\\\/cardinal-tapes.com\\\/fr\\\/rubans-adh\u00e9sifs\\\/rubans-adhesifs-double-face\\\/ca-412-pet-bande-adhesive-fort-ouvert-faible\\\/\",\"url\":\"https:\\\/\\\/cardinal-tapes.com\\\/fr\\\/rubans-adh\u00e9sifs\\\/rubans-adhesifs-double-face\\\/ca-412-pet-bande-adhesive-fort-ouvert-faible\\\/\",\"name\":\"CA-412 Ruban adh\u00e9sif PET | Cardinal TAPES\",\"isPartOf\":{\"@id\":\"https:\\\/\\\/cardinal-tapes.com\\\/#website\"},\"primaryImageOfPage\":{\"@id\":\"https:\\\/\\\/cardinal-tapes.com\\\/fr\\\/rubans-adh\u00e9sifs\\\/rubans-adhesifs-double-face\\\/ca-412-pet-bande-adhesive-fort-ouvert-faible\\\/#primaryimage\"},\"image\":{\"@id\":\"https:\\\/\\\/cardinal-tapes.com\\\/fr\\\/rubans-adh\u00e9sifs\\\/rubans-adhesifs-double-face\\\/ca-412-pet-bande-adhesive-fort-ouvert-faible\\\/#primaryimage\"},\"thumbnailUrl\":\"https:\\\/\\\/cardinal-tapes.com\\\/wp-content\\\/uploads\\\/ca_420_19x50mm.jpg\",\"datePublished\":\"2018-06-12T06:48:11+00:00\",\"dateModified\":\"2026-02-23T09:09:50+00:00\",\"description\":\"CA-412 est un ruban adh\u00e9sif en PET enduit de caoutchouc synth\u00e9tique permanent sur la face ouverte et d'un adh\u00e9sif repositionnable sur la face recouverte.\",\"breadcrumb\":{\"@id\":\"https:\\\/\\\/cardinal-tapes.com\\\/fr\\\/rubans-adh\u00e9sifs\\\/rubans-adhesifs-double-face\\\/ca-412-pet-bande-adhesive-fort-ouvert-faible\\\/#breadcrumb\"},\"inLanguage\":\"fr-FR\",\"potentialAction\":[{\"@type\":\"ReadAction\",\"target\":[\"https:\\\/\\\/cardinal-tapes.com\\\/fr\\\/rubans-adh\u00e9sifs\\\/rubans-adhesifs-double-face\\\/ca-412-pet-bande-adhesive-fort-ouvert-faible\\\/\"]}]},{\"@type\":\"ImageObject\",\"inLanguage\":\"fr-FR\",\"@id\":\"https:\\\/\\\/cardinal-tapes.com\\\/fr\\\/rubans-adh\u00e9sifs\\\/rubans-adhesifs-double-face\\\/ca-412-pet-bande-adhesive-fort-ouvert-faible\\\/#primaryimage\",\"url\":\"https:\\\/\\\/cardinal-tapes.com\\\/wp-content\\\/uploads\\\/ca_420_19x50mm.jpg\",\"contentUrl\":\"https:\\\/\\\/cardinal-tapes.com\\\/wp-content\\\/uploads\\\/ca_420_19x50mm.jpg\",\"width\":380,\"height\":380},{\"@type\":\"BreadcrumbList\",\"@id\":\"https:\\\/\\\/cardinal-tapes.com\\\/fr\\\/rubans-adh\u00e9sifs\\\/rubans-adhesifs-double-face\\\/ca-412-pet-bande-adhesive-fort-ouvert-faible\\\/#breadcrumb\",\"itemListElement\":[{\"@type\":\"ListItem\",\"position\":1,\"name\":\"Startseite\",\"item\":\"https:\\\/\\\/cardinal-tapes.com\\\/fr\\\/accueil\\\/\"},{\"@type\":\"ListItem\",\"position\":2,\"name\":\"Rubans adh\u00e9sifs\",\"item\":\"https:\\\/\\\/cardinal-tapes.com\\\/fr\\\/rubans-adhesifs-fr\\\/\"},{\"@type\":\"ListItem\",\"position\":3,\"name\":\"Doppelseitige Klebeb\u00e4nder\",\"item\":\"https:\\\/\\\/cardinal-tapes.com\\\/kategorie\\\/doppelseitige-klebebaender\\\/\"},{\"@type\":\"ListItem\",\"position\":4,\"name\":\"CA-412 PV1 Ruban adh\u00e9sif PET, fort (ouvert) \\\/ faible\"}]},{\"@type\":\"WebSite\",\"@id\":\"https:\\\/\\\/cardinal-tapes.com\\\/#website\",\"url\":\"https:\\\/\\\/cardinal-tapes.com\\\/\",\"name\":\"cardinal TAPES\",\"description\":\"Klebetechnik aus Wuppertal\",\"potentialAction\":[{\"@type\":\"SearchAction\",\"target\":{\"@type\":\"EntryPoint\",\"urlTemplate\":\"https:\\\/\\\/cardinal-tapes.com\\\/?s={search_term_string}\"},\"query-input\":{\"@type\":\"PropertyValueSpecification\",\"valueRequired\":true,\"valueName\":\"search_term_string\"}}],\"inLanguage\":\"fr-FR\"}]}<\/script>\n<!-- \/ Yoast SEO plugin. -->","yoast_head_json":{"title":"CA-412 Ruban adh\u00e9sif PET | Cardinal TAPES","description":"CA-412 est un ruban adh\u00e9sif en PET enduit de caoutchouc synth\u00e9tique permanent sur la face ouverte et d'un adh\u00e9sif repositionnable sur la face recouverte.","robots":{"index":"index","follow":"follow","max-snippet":"max-snippet:-1","max-image-preview":"max-image-preview:large","max-video-preview":"max-video-preview:-1"},"canonical":"https:\/\/cardinal-tapes.com\/fr\/rubans-adh\u00e9sifs\/rubans-adhesifs-double-face\/ca-412-pet-bande-adhesive-fort-ouvert-faible\/","og_locale":"fr_FR","og_type":"article","og_title":"CA-412 Ruban adh\u00e9sif PET | Cardinal TAPES","og_description":"CA-412 est un ruban adh\u00e9sif en PET enduit de caoutchouc synth\u00e9tique permanent sur la face ouverte et d'un adh\u00e9sif repositionnable sur la face recouverte.","og_url":"https:\/\/cardinal-tapes.com\/fr\/rubans-adh\u00e9sifs\/rubans-adhesifs-double-face\/ca-412-pet-bande-adhesive-fort-ouvert-faible\/","og_site_name":"cardinal TAPES","article_modified_time":"2026-02-23T09:09:50+00:00","og_image":[{"width":380,"height":380,"url":"https:\/\/cardinal-tapes.com\/wp-content\/uploads\/ca_420_19x50mm.jpg","type":"image\/jpeg"}],"twitter_card":"summary_large_image","schema":{"@context":"https:\/\/schema.org","@graph":[{"@type":"WebPage","@id":"https:\/\/cardinal-tapes.com\/fr\/rubans-adh\u00e9sifs\/rubans-adhesifs-double-face\/ca-412-pet-bande-adhesive-fort-ouvert-faible\/","url":"https:\/\/cardinal-tapes.com\/fr\/rubans-adh\u00e9sifs\/rubans-adhesifs-double-face\/ca-412-pet-bande-adhesive-fort-ouvert-faible\/","name":"CA-412 Ruban adh\u00e9sif PET | Cardinal TAPES","isPartOf":{"@id":"https:\/\/cardinal-tapes.com\/#website"},"primaryImageOfPage":{"@id":"https:\/\/cardinal-tapes.com\/fr\/rubans-adh\u00e9sifs\/rubans-adhesifs-double-face\/ca-412-pet-bande-adhesive-fort-ouvert-faible\/#primaryimage"},"image":{"@id":"https:\/\/cardinal-tapes.com\/fr\/rubans-adh\u00e9sifs\/rubans-adhesifs-double-face\/ca-412-pet-bande-adhesive-fort-ouvert-faible\/#primaryimage"},"thumbnailUrl":"https:\/\/cardinal-tapes.com\/wp-content\/uploads\/ca_420_19x50mm.jpg","datePublished":"2018-06-12T06:48:11+00:00","dateModified":"2026-02-23T09:09:50+00:00","description":"CA-412 est un ruban adh\u00e9sif en PET enduit de caoutchouc synth\u00e9tique permanent sur la face ouverte et d'un adh\u00e9sif repositionnable sur la face recouverte.","breadcrumb":{"@id":"https:\/\/cardinal-tapes.com\/fr\/rubans-adh\u00e9sifs\/rubans-adhesifs-double-face\/ca-412-pet-bande-adhesive-fort-ouvert-faible\/#breadcrumb"},"inLanguage":"fr-FR","potentialAction":[{"@type":"ReadAction","target":["https:\/\/cardinal-tapes.com\/fr\/rubans-adh\u00e9sifs\/rubans-adhesifs-double-face\/ca-412-pet-bande-adhesive-fort-ouvert-faible\/"]}]},{"@type":"ImageObject","inLanguage":"fr-FR","@id":"https:\/\/cardinal-tapes.com\/fr\/rubans-adh\u00e9sifs\/rubans-adhesifs-double-face\/ca-412-pet-bande-adhesive-fort-ouvert-faible\/#primaryimage","url":"https:\/\/cardinal-tapes.com\/wp-content\/uploads\/ca_420_19x50mm.jpg","contentUrl":"https:\/\/cardinal-tapes.com\/wp-content\/uploads\/ca_420_19x50mm.jpg","width":380,"height":380},{"@type":"BreadcrumbList","@id":"https:\/\/cardinal-tapes.com\/fr\/rubans-adh\u00e9sifs\/rubans-adhesifs-double-face\/ca-412-pet-bande-adhesive-fort-ouvert-faible\/#breadcrumb","itemListElement":[{"@type":"ListItem","position":1,"name":"Startseite","item":"https:\/\/cardinal-tapes.com\/fr\/accueil\/"},{"@type":"ListItem","position":2,"name":"Rubans adh\u00e9sifs","item":"https:\/\/cardinal-tapes.com\/fr\/rubans-adhesifs-fr\/"},{"@type":"ListItem","position":3,"name":"Doppelseitige Klebeb\u00e4nder","item":"https:\/\/cardinal-tapes.com\/kategorie\/doppelseitige-klebebaender\/"},{"@type":"ListItem","position":4,"name":"CA-412 PV1 Ruban adh\u00e9sif PET, fort (ouvert) \/ faible"}]},{"@type":"WebSite","@id":"https:\/\/cardinal-tapes.com\/#website","url":"https:\/\/cardinal-tapes.com\/","name":"cardinal TAPES","description":"Klebetechnik aus Wuppertal","potentialAction":[{"@type":"SearchAction","target":{"@type":"EntryPoint","urlTemplate":"https:\/\/cardinal-tapes.com\/?s={search_term_string}"},"query-input":{"@type":"PropertyValueSpecification","valueRequired":true,"valueName":"search_term_string"}}],"inLanguage":"fr-FR"}]}},"brands":[{"id":2171,"name":"cardinal GmbH","slug":"cardinal-gmbh-fr"}],"_links":{"self":[{"href":"https:\/\/cardinal-tapes.com\/fr\/wp-json\/wp\/v2\/product\/43998","targetHints":{"allow":["GET"]}}],"collection":[{"href":"https:\/\/cardinal-tapes.com\/fr\/wp-json\/wp\/v2\/product"}],"about":[{"href":"https:\/\/cardinal-tapes.com\/fr\/wp-json\/wp\/v2\/types\/product"}],"wp:featuredmedia":[{"embeddable":true,"href":"https:\/\/cardinal-tapes.com\/fr\/wp-json\/wp\/v2\/media\/81355"}],"wp:attachment":[{"href":"https:\/\/cardinal-tapes.com\/fr\/wp-json\/wp\/v2\/media?parent=43998"}],"wp:term":[{"taxonomy":"pwb-brand","embeddable":true,"href":"https:\/\/cardinal-tapes.com\/fr\/wp-json\/wp\/v2\/pwb-brand?post=43998"},{"taxonomy":"product_brand","embeddable":true,"href":"https:\/\/cardinal-tapes.com\/fr\/wp-json\/wp\/v2\/product_brand?post=43998"},{"taxonomy":"product_cat","embeddable":true,"href":"https:\/\/cardinal-tapes.com\/fr\/wp-json\/wp\/v2\/product_cat?post=43998"},{"taxonomy":"product_tag","embeddable":true,"href":"https:\/\/cardinal-tapes.com\/fr\/wp-json\/wp\/v2\/product_tag?post=43998"}],"curies":[{"name":"wp","href":"https:\/\/api.w.org\/{rel}","templated":true}]}}