{"id":43991,"date":"2018-06-12T07:54:35","date_gmt":"2023-06-05T15:01:42","guid":{"rendered":"https:\/\/cardinal.pixel-tal.de\/klebebaender\/non class\u00e9\/ca-786-ruban-adhesif-de-transfert\/"},"modified":"2023-06-05T17:01:42","modified_gmt":"2023-06-05T15:01:42","slug":"ca-786-bande-adhesive-de-transfert","status":"publish","type":"product","link":"https:\/\/cardinal-tapes.com\/fr\/rubans-adh\u00e9sifs\/domaines-dapplication\/ruban-adhesif-de-transfert\/ca-786-bande-adhesive-de-transfert\/","title":{"rendered":"CA-786 Ruban adh\u00e9sif de transfert"},"content":{"rendered":"<p>CA-786 est un ruban adh\u00e9sif double face en polyacrylate, avec un adh\u00e9sif sensible \u00e0 la pression durci pour une utilisation universelle.<br \/>\nCollage et fixation de membranes synth\u00e9tiques pour l&#8217;\u00e9tanch\u00e9it\u00e9 \u00e9nerg\u00e9tique des b\u00e2timents. Le produit<br \/>\nest souvent utilis\u00e9 pour l&#8217;\u00e9quipement autocollant de pare-vapeur et de l\u00e9s de sous-couverture, en particulier pour l&#8217;isolation thermique.<br \/>\nlorsqu&#8217;une force d&#8217;adh\u00e9sion initiale \u00e9lev\u00e9e est requise.<\/p>\n","protected":false},"excerpt":{"rendered":"<p>CA-786 est un ruban adh\u00e9sif double face en polyacrylate, avec un adh\u00e9sif sensible \u00e0 la pression durci pour une utilisation universelle. Collage et fixation de membranes synth\u00e9tiques pour l&#8217;\u00e9tanch\u00e9it\u00e9 \u00e9nerg\u00e9tique des b\u00e2timents. Le produit est souvent utilis\u00e9 pour l&#8217;\u00e9quipement autocollant de pare-vapeur et de l\u00e9s de sous-couverture, en particulier pour l&#8217;isolation thermique. lorsqu&#8217;une force d&#8217;adh\u00e9sion [&hellip;]<\/p>\n","protected":false},"featured_media":27152,"template":"","meta":{"_acf_changed":false},"pwb-brand":[2171],"product_brand":[],"product_cat":[1771,1834],"product_tag":[4492],"class_list":{"0":"post-43991","1":"product","2":"type-product","3":"status-publish","4":"has-post-thumbnail","6":"pwb-brand-cardinal-gmbh-fr","7":"product_cat-ruban-adhesif-de-transfert","8":"product_cat-rubans-adhesifs-double-face","9":"product_tag-ruban-adhesif-de-transfert","11":"first","12":"instock","13":"taxable","14":"shipping-taxable","15":"purchasable","16":"product-type-variable"},"acf":[],"yoast_head":"<!-- This site is optimized with the Yoast SEO plugin v27.3 - https:\/\/yoast.com\/product\/yoast-seo-wordpress\/ -->\n<title>CA-786 Ruban adh\u00e9sif de transfert | Cardinal TAPES<\/title>\n<meta name=\"description\" content=\"CA-786 est un ruban adh\u00e9sif double face en polyacrylate, avec un adh\u00e9sif sensible \u00e0 la pression durci pour le collage universel de membranes synth\u00e9tiques.\" \/>\n<meta name=\"robots\" content=\"index, follow, max-snippet:-1, max-image-preview:large, max-video-preview:-1\" \/>\n<link rel=\"canonical\" href=\"https:\/\/cardinal-tapes.com\/fr\/rubans-adh\u00e9sifs\/ruban-adhesif-de-transfert\/ca-786-bande-adhesive-de-transfert\/\" \/>\n<meta property=\"og:locale\" content=\"fr_FR\" \/>\n<meta property=\"og:type\" content=\"article\" \/>\n<meta property=\"og:title\" content=\"CA-786 Ruban adh\u00e9sif de transfert | Cardinal TAPES\" \/>\n<meta property=\"og:description\" content=\"CA-786 est un ruban adh\u00e9sif double face en polyacrylate, avec un adh\u00e9sif sensible \u00e0 la pression durci pour le collage universel de membranes synth\u00e9tiques.\" \/>\n<meta property=\"og:url\" content=\"https:\/\/cardinal-tapes.com\/fr\/rubans-adh\u00e9sifs\/ruban-adhesif-de-transfert\/ca-786-bande-adhesive-de-transfert\/\" \/>\n<meta property=\"og:site_name\" content=\"cardinal TAPES\" \/>\n<meta property=\"og:image\" content=\"https:\/\/cardinal-tapes.com\/wp-content\/uploads\/CA_786_retouched.jpg\" \/>\n\t<meta property=\"og:image:width\" content=\"1221\" \/>\n\t<meta property=\"og:image:height\" content=\"1400\" \/>\n\t<meta property=\"og:image:type\" content=\"image\/jpeg\" \/>\n<meta name=\"twitter:card\" content=\"summary_large_image\" \/>\n<script type=\"application\/ld+json\" class=\"yoast-schema-graph\">{\"@context\":\"https:\\\/\\\/schema.org\",\"@graph\":[{\"@type\":\"WebPage\",\"@id\":\"https:\\\/\\\/cardinal-tapes.com\\\/fr\\\/rubans-adh\u00e9sifs\\\/ruban-adhesif-de-transfert\\\/ca-786-bande-adhesive-de-transfert\\\/\",\"url\":\"https:\\\/\\\/cardinal-tapes.com\\\/fr\\\/rubans-adh\u00e9sifs\\\/ruban-adhesif-de-transfert\\\/ca-786-bande-adhesive-de-transfert\\\/\",\"name\":\"CA-786 Ruban adh\u00e9sif de transfert | Cardinal TAPES\",\"isPartOf\":{\"@id\":\"https:\\\/\\\/cardinal-tapes.com\\\/#website\"},\"primaryImageOfPage\":{\"@id\":\"https:\\\/\\\/cardinal-tapes.com\\\/fr\\\/rubans-adh\u00e9sifs\\\/ruban-adhesif-de-transfert\\\/ca-786-bande-adhesive-de-transfert\\\/#primaryimage\"},\"image\":{\"@id\":\"https:\\\/\\\/cardinal-tapes.com\\\/fr\\\/rubans-adh\u00e9sifs\\\/ruban-adhesif-de-transfert\\\/ca-786-bande-adhesive-de-transfert\\\/#primaryimage\"},\"thumbnailUrl\":\"https:\\\/\\\/cardinal-tapes.com\\\/wp-content\\\/uploads\\\/CA_786_retouched.jpg\",\"datePublished\":\"2023-06-05T15:01:42+00:00\",\"description\":\"CA-786 est un ruban adh\u00e9sif double face en polyacrylate, avec un adh\u00e9sif sensible \u00e0 la pression durci pour le collage universel de membranes synth\u00e9tiques.\",\"breadcrumb\":{\"@id\":\"https:\\\/\\\/cardinal-tapes.com\\\/fr\\\/rubans-adh\u00e9sifs\\\/ruban-adhesif-de-transfert\\\/ca-786-bande-adhesive-de-transfert\\\/#breadcrumb\"},\"inLanguage\":\"fr-FR\",\"potentialAction\":[{\"@type\":\"ReadAction\",\"target\":[\"https:\\\/\\\/cardinal-tapes.com\\\/fr\\\/rubans-adh\u00e9sifs\\\/ruban-adhesif-de-transfert\\\/ca-786-bande-adhesive-de-transfert\\\/\"]}]},{\"@type\":\"ImageObject\",\"inLanguage\":\"fr-FR\",\"@id\":\"https:\\\/\\\/cardinal-tapes.com\\\/fr\\\/rubans-adh\u00e9sifs\\\/ruban-adhesif-de-transfert\\\/ca-786-bande-adhesive-de-transfert\\\/#primaryimage\",\"url\":\"https:\\\/\\\/cardinal-tapes.com\\\/wp-content\\\/uploads\\\/CA_786_retouched.jpg\",\"contentUrl\":\"https:\\\/\\\/cardinal-tapes.com\\\/wp-content\\\/uploads\\\/CA_786_retouched.jpg\",\"width\":1221,\"height\":1400,\"caption\":\"Ruban adh\u00e9sif CA 786\"},{\"@type\":\"BreadcrumbList\",\"@id\":\"https:\\\/\\\/cardinal-tapes.com\\\/fr\\\/rubans-adh\u00e9sifs\\\/ruban-adhesif-de-transfert\\\/ca-786-bande-adhesive-de-transfert\\\/#breadcrumb\",\"itemListElement\":[{\"@type\":\"ListItem\",\"position\":1,\"name\":\"Startseite\",\"item\":\"https:\\\/\\\/cardinal-tapes.com\\\/fr\\\/accueil\\\/\"},{\"@type\":\"ListItem\",\"position\":2,\"name\":\"Rubans adh\u00e9sifs\",\"item\":\"https:\\\/\\\/cardinal-tapes.com\\\/fr\\\/rubans-adhesifs-fr\\\/\"},{\"@type\":\"ListItem\",\"position\":3,\"name\":\"Rubans adh\u00e9sifs double face\",\"item\":\"https:\\\/\\\/cardinal-tapes.com\\\/fr\\\/catgorie\\\/rubans-adhesifs-double-face\\\/\"},{\"@type\":\"ListItem\",\"position\":4,\"name\":\"CA-786 Ruban adh\u00e9sif de transfert\"}]},{\"@type\":\"WebSite\",\"@id\":\"https:\\\/\\\/cardinal-tapes.com\\\/#website\",\"url\":\"https:\\\/\\\/cardinal-tapes.com\\\/\",\"name\":\"cardinal TAPES\",\"description\":\"Klebetechnik aus Wuppertal\",\"potentialAction\":[{\"@type\":\"SearchAction\",\"target\":{\"@type\":\"EntryPoint\",\"urlTemplate\":\"https:\\\/\\\/cardinal-tapes.com\\\/?s={search_term_string}\"},\"query-input\":{\"@type\":\"PropertyValueSpecification\",\"valueRequired\":true,\"valueName\":\"search_term_string\"}}],\"inLanguage\":\"fr-FR\"}]}<\/script>\n<!-- \/ Yoast SEO plugin. -->","yoast_head_json":{"title":"CA-786 Ruban adh\u00e9sif de transfert | Cardinal TAPES","description":"CA-786 est un ruban adh\u00e9sif double face en polyacrylate, avec un adh\u00e9sif sensible \u00e0 la pression durci pour le collage universel de membranes synth\u00e9tiques.","robots":{"index":"index","follow":"follow","max-snippet":"max-snippet:-1","max-image-preview":"max-image-preview:large","max-video-preview":"max-video-preview:-1"},"canonical":"https:\/\/cardinal-tapes.com\/fr\/rubans-adh\u00e9sifs\/ruban-adhesif-de-transfert\/ca-786-bande-adhesive-de-transfert\/","og_locale":"fr_FR","og_type":"article","og_title":"CA-786 Ruban adh\u00e9sif de transfert | Cardinal TAPES","og_description":"CA-786 est un ruban adh\u00e9sif double face en polyacrylate, avec un adh\u00e9sif sensible \u00e0 la pression durci pour le collage universel de membranes synth\u00e9tiques.","og_url":"https:\/\/cardinal-tapes.com\/fr\/rubans-adh\u00e9sifs\/ruban-adhesif-de-transfert\/ca-786-bande-adhesive-de-transfert\/","og_site_name":"cardinal TAPES","og_image":[{"width":1221,"height":1400,"url":"https:\/\/cardinal-tapes.com\/wp-content\/uploads\/CA_786_retouched.jpg","type":"image\/jpeg"}],"twitter_card":"summary_large_image","schema":{"@context":"https:\/\/schema.org","@graph":[{"@type":"WebPage","@id":"https:\/\/cardinal-tapes.com\/fr\/rubans-adh\u00e9sifs\/ruban-adhesif-de-transfert\/ca-786-bande-adhesive-de-transfert\/","url":"https:\/\/cardinal-tapes.com\/fr\/rubans-adh\u00e9sifs\/ruban-adhesif-de-transfert\/ca-786-bande-adhesive-de-transfert\/","name":"CA-786 Ruban adh\u00e9sif de transfert | Cardinal TAPES","isPartOf":{"@id":"https:\/\/cardinal-tapes.com\/#website"},"primaryImageOfPage":{"@id":"https:\/\/cardinal-tapes.com\/fr\/rubans-adh\u00e9sifs\/ruban-adhesif-de-transfert\/ca-786-bande-adhesive-de-transfert\/#primaryimage"},"image":{"@id":"https:\/\/cardinal-tapes.com\/fr\/rubans-adh\u00e9sifs\/ruban-adhesif-de-transfert\/ca-786-bande-adhesive-de-transfert\/#primaryimage"},"thumbnailUrl":"https:\/\/cardinal-tapes.com\/wp-content\/uploads\/CA_786_retouched.jpg","datePublished":"2023-06-05T15:01:42+00:00","description":"CA-786 est un ruban adh\u00e9sif double face en polyacrylate, avec un adh\u00e9sif sensible \u00e0 la pression durci pour le collage universel de membranes synth\u00e9tiques.","breadcrumb":{"@id":"https:\/\/cardinal-tapes.com\/fr\/rubans-adh\u00e9sifs\/ruban-adhesif-de-transfert\/ca-786-bande-adhesive-de-transfert\/#breadcrumb"},"inLanguage":"fr-FR","potentialAction":[{"@type":"ReadAction","target":["https:\/\/cardinal-tapes.com\/fr\/rubans-adh\u00e9sifs\/ruban-adhesif-de-transfert\/ca-786-bande-adhesive-de-transfert\/"]}]},{"@type":"ImageObject","inLanguage":"fr-FR","@id":"https:\/\/cardinal-tapes.com\/fr\/rubans-adh\u00e9sifs\/ruban-adhesif-de-transfert\/ca-786-bande-adhesive-de-transfert\/#primaryimage","url":"https:\/\/cardinal-tapes.com\/wp-content\/uploads\/CA_786_retouched.jpg","contentUrl":"https:\/\/cardinal-tapes.com\/wp-content\/uploads\/CA_786_retouched.jpg","width":1221,"height":1400,"caption":"Ruban adh\u00e9sif CA 786"},{"@type":"BreadcrumbList","@id":"https:\/\/cardinal-tapes.com\/fr\/rubans-adh\u00e9sifs\/ruban-adhesif-de-transfert\/ca-786-bande-adhesive-de-transfert\/#breadcrumb","itemListElement":[{"@type":"ListItem","position":1,"name":"Startseite","item":"https:\/\/cardinal-tapes.com\/fr\/accueil\/"},{"@type":"ListItem","position":2,"name":"Rubans adh\u00e9sifs","item":"https:\/\/cardinal-tapes.com\/fr\/rubans-adhesifs-fr\/"},{"@type":"ListItem","position":3,"name":"Rubans adh\u00e9sifs double face","item":"https:\/\/cardinal-tapes.com\/fr\/catgorie\/rubans-adhesifs-double-face\/"},{"@type":"ListItem","position":4,"name":"CA-786 Ruban adh\u00e9sif de transfert"}]},{"@type":"WebSite","@id":"https:\/\/cardinal-tapes.com\/#website","url":"https:\/\/cardinal-tapes.com\/","name":"cardinal TAPES","description":"Klebetechnik aus Wuppertal","potentialAction":[{"@type":"SearchAction","target":{"@type":"EntryPoint","urlTemplate":"https:\/\/cardinal-tapes.com\/?s={search_term_string}"},"query-input":{"@type":"PropertyValueSpecification","valueRequired":true,"valueName":"search_term_string"}}],"inLanguage":"fr-FR"}]}},"brands":[{"id":2171,"name":"cardinal GmbH","slug":"cardinal-gmbh-fr"}],"_links":{"self":[{"href":"https:\/\/cardinal-tapes.com\/fr\/wp-json\/wp\/v2\/product\/43991","targetHints":{"allow":["GET"]}}],"collection":[{"href":"https:\/\/cardinal-tapes.com\/fr\/wp-json\/wp\/v2\/product"}],"about":[{"href":"https:\/\/cardinal-tapes.com\/fr\/wp-json\/wp\/v2\/types\/product"}],"wp:featuredmedia":[{"embeddable":true,"href":"https:\/\/cardinal-tapes.com\/fr\/wp-json\/wp\/v2\/media\/27152"}],"wp:attachment":[{"href":"https:\/\/cardinal-tapes.com\/fr\/wp-json\/wp\/v2\/media?parent=43991"}],"wp:term":[{"taxonomy":"pwb-brand","embeddable":true,"href":"https:\/\/cardinal-tapes.com\/fr\/wp-json\/wp\/v2\/pwb-brand?post=43991"},{"taxonomy":"product_brand","embeddable":true,"href":"https:\/\/cardinal-tapes.com\/fr\/wp-json\/wp\/v2\/product_brand?post=43991"},{"taxonomy":"product_cat","embeddable":true,"href":"https:\/\/cardinal-tapes.com\/fr\/wp-json\/wp\/v2\/product_cat?post=43991"},{"taxonomy":"product_tag","embeddable":true,"href":"https:\/\/cardinal-tapes.com\/fr\/wp-json\/wp\/v2\/product_tag?post=43991"}],"curies":[{"name":"wp","href":"https:\/\/api.w.org\/{rel}","templated":true}]}}