{"id":43776,"date":"2018-06-01T08:30:57","date_gmt":"2023-06-05T15:01:08","guid":{"rendered":"https:\/\/cardinal.pixel-tal.de\/klebebaender\/non%20class\u00e9\/3m-vhb-ruban-adhesif-4910-f\/"},"modified":"2025-07-02T17:24:36","modified_gmt":"2025-07-02T15:24:36","slug":"3m-4910-f-vhb-klebeband","status":"publish","type":"product","link":"https:\/\/cardinal-tapes.com\/fr\/rubans-adh\u00e9sifs\/rubans-adhesifs-double-face\/3m-4910-f-vhb-klebeband\/","title":{"rendered":"3M\u2122 VHB\u2122 Ruban adh\u00e9sif 4910 F"},"content":{"rendered":"<p>Le ruban adh\u00e9sif 3M\u2122 VHB\u2122 4910 F est un ruban adh\u00e9sif double face transparent de 1 mm d&#8217;\u00e9paisseur, compos\u00e9 d&#8217;un adh\u00e9sif acrylique. Gr\u00e2ce \u00e0 son mat\u00e9riau transparent, il est id\u00e9al pour le collage de mat\u00e9riaux transparents ou pour les applications o\u00f9 un collage color\u00e9 n&#8217;est pas souhaitable.<\/p>\n<p><strong>Caract\u00e9ristiques<\/strong><br \/>\nLe ruban adh\u00e9sif 4910 F se caract\u00e9rise par une application facile et un collage rapide, ainsi qu&#8217;une durabilit\u00e9 performante et durable. En outre, le ruban 4910 F permet d&#8217;assurer l&#8217;\u00e9tanch\u00e9it\u00e9 \u00e0 l&#8217;eau, \u00e0 l&#8217;humidit\u00e9, etc. Parall\u00e8lement, ce ruban adh\u00e9sif haute performance peut \u00e9galement remplacer des \u00e9l\u00e9ments de fixation m\u00e9caniques.<\/p>\n<p><strong>Applications<\/strong><br \/>\n&#8211; Collage de fen\u00eatres d&#8217;objectifs sur les bo\u00eetiers d&#8217;appareils photo<br \/>\n&#8211; Assemblage de mat\u00e9riaux transparents<br \/>\n&#8211; Fixation d&#8217;enseignes translucides r\u00e9tro\u00e9clair\u00e9es<br \/>\n&#8211; Collage de mat\u00e9riel de d\u00e9coration, de moulures, de pi\u00e8ces rapport\u00e9es, de plaques nominatives, de logos, d&#8217;enseignes, etc.<\/p>\n","protected":false},"excerpt":{"rendered":"<p>Le ruban adh\u00e9sif 3M\u2122 VHB\u2122 4910 F est un ruban adh\u00e9sif double face transparent de 1 mm d&#8217;\u00e9paisseur, compos\u00e9 d&#8217;un adh\u00e9sif acrylique. Gr\u00e2ce \u00e0 son mat\u00e9riau transparent, il est id\u00e9al pour le collage de mat\u00e9riaux transparents ou pour les applications o\u00f9 un collage color\u00e9 n&#8217;est pas souhaitable. Caract\u00e9ristiques Le ruban adh\u00e9sif 4910 F se caract\u00e9rise [&hellip;]<\/p>\n","protected":false},"featured_media":26636,"template":"","meta":{"_acf_changed":false},"pwb-brand":[2167],"product_brand":[],"product_cat":[1834],"product_tag":[],"class_list":{"0":"post-43776","1":"product","2":"type-product","3":"status-publish","4":"has-post-thumbnail","6":"pwb-brand-3m-fr","7":"product_cat-rubans-adhesifs-double-face","9":"first","10":"instock","11":"taxable","12":"shipping-taxable","13":"purchasable","14":"product-type-variable"},"acf":[],"yoast_head":"<!-- This site is optimized with the Yoast SEO plugin v27.3 - https:\/\/yoast.com\/product\/yoast-seo-wordpress\/ -->\n<title>3M\u2122 VHB\u2122 Ruban adh\u00e9sif 4910 F | Cardinal TAPES<\/title>\n<meta name=\"description\" content=\"Les rubans adh\u00e9sifs haute performance 3M VHB 4905, 4910, 4915 et 4918 sont des rubans double face en adh\u00e9sif acrylique \u00e0 cellules ferm\u00e9es.\" \/>\n<meta name=\"robots\" content=\"index, follow, max-snippet:-1, max-image-preview:large, max-video-preview:-1\" \/>\n<link rel=\"canonical\" href=\"https:\/\/cardinal-tapes.com\/fr\/rubans-adh\u00e9sifs\/rubans-adhesifs-double-face\/3m-4910-f-vhb-klebeband\/\" \/>\n<meta property=\"og:locale\" content=\"fr_FR\" \/>\n<meta property=\"og:type\" content=\"article\" \/>\n<meta property=\"og:title\" content=\"3M\u2122 VHB\u2122 Ruban adh\u00e9sif 4910 F | Cardinal TAPES\" \/>\n<meta property=\"og:description\" content=\"Les rubans adh\u00e9sifs haute performance 3M VHB 4905, 4910, 4915 et 4918 sont des rubans double face en adh\u00e9sif acrylique \u00e0 cellules ferm\u00e9es.\" \/>\n<meta property=\"og:url\" content=\"https:\/\/cardinal-tapes.com\/fr\/rubans-adh\u00e9sifs\/rubans-adhesifs-double-face\/3m-4910-f-vhb-klebeband\/\" \/>\n<meta property=\"og:site_name\" content=\"cardinal TAPES\" \/>\n<meta property=\"article:modified_time\" content=\"2025-07-02T15:24:36+00:00\" \/>\n<meta property=\"og:image\" content=\"https:\/\/cardinal-tapes.com\/wp-content\/uploads\/3m-4905-p-klebebander-scaled.jpg\" \/>\n\t<meta property=\"og:image:width\" content=\"2560\" \/>\n\t<meta property=\"og:image:height\" content=\"1251\" \/>\n\t<meta property=\"og:image:type\" content=\"image\/jpeg\" \/>\n<meta name=\"twitter:card\" content=\"summary_large_image\" \/>\n<meta name=\"twitter:label1\" content=\"Dur\u00e9e de lecture estim\u00e9e\" \/>\n\t<meta name=\"twitter:data1\" content=\"1 minute\" \/>\n<script type=\"application\/ld+json\" class=\"yoast-schema-graph\">{\"@context\":\"https:\\\/\\\/schema.org\",\"@graph\":[{\"@type\":\"WebPage\",\"@id\":\"https:\\\/\\\/cardinal-tapes.com\\\/fr\\\/rubans-adh\u00e9sifs\\\/rubans-adhesifs-double-face\\\/3m-4910-f-vhb-klebeband\\\/\",\"url\":\"https:\\\/\\\/cardinal-tapes.com\\\/fr\\\/rubans-adh\u00e9sifs\\\/rubans-adhesifs-double-face\\\/3m-4910-f-vhb-klebeband\\\/\",\"name\":\"3M\u2122 VHB\u2122 Ruban adh\u00e9sif 4910 F | Cardinal TAPES\",\"isPartOf\":{\"@id\":\"https:\\\/\\\/cardinal-tapes.com\\\/#website\"},\"primaryImageOfPage\":{\"@id\":\"https:\\\/\\\/cardinal-tapes.com\\\/fr\\\/rubans-adh\u00e9sifs\\\/rubans-adhesifs-double-face\\\/3m-4910-f-vhb-klebeband\\\/#primaryimage\"},\"image\":{\"@id\":\"https:\\\/\\\/cardinal-tapes.com\\\/fr\\\/rubans-adh\u00e9sifs\\\/rubans-adhesifs-double-face\\\/3m-4910-f-vhb-klebeband\\\/#primaryimage\"},\"thumbnailUrl\":\"https:\\\/\\\/cardinal-tapes.com\\\/wp-content\\\/uploads\\\/3m-4905-p-klebebander-scaled.jpg\",\"datePublished\":\"2023-06-05T15:01:08+00:00\",\"dateModified\":\"2025-07-02T15:24:36+00:00\",\"description\":\"Les rubans adh\u00e9sifs haute performance 3M VHB 4905, 4910, 4915 et 4918 sont des rubans double face en adh\u00e9sif acrylique \u00e0 cellules ferm\u00e9es.\",\"breadcrumb\":{\"@id\":\"https:\\\/\\\/cardinal-tapes.com\\\/fr\\\/rubans-adh\u00e9sifs\\\/rubans-adhesifs-double-face\\\/3m-4910-f-vhb-klebeband\\\/#breadcrumb\"},\"inLanguage\":\"fr-FR\",\"potentialAction\":[{\"@type\":\"ReadAction\",\"target\":[\"https:\\\/\\\/cardinal-tapes.com\\\/fr\\\/rubans-adh\u00e9sifs\\\/rubans-adhesifs-double-face\\\/3m-4910-f-vhb-klebeband\\\/\"]}]},{\"@type\":\"ImageObject\",\"inLanguage\":\"fr-FR\",\"@id\":\"https:\\\/\\\/cardinal-tapes.com\\\/fr\\\/rubans-adh\u00e9sifs\\\/rubans-adhesifs-double-face\\\/3m-4910-f-vhb-klebeband\\\/#primaryimage\",\"url\":\"https:\\\/\\\/cardinal-tapes.com\\\/wp-content\\\/uploads\\\/3m-4905-p-klebebander-scaled.jpg\",\"contentUrl\":\"https:\\\/\\\/cardinal-tapes.com\\\/wp-content\\\/uploads\\\/3m-4905-p-klebebander-scaled.jpg\",\"width\":2560,\"height\":1251,\"caption\":\"3m 4905-p\"},{\"@type\":\"BreadcrumbList\",\"@id\":\"https:\\\/\\\/cardinal-tapes.com\\\/fr\\\/rubans-adh\u00e9sifs\\\/rubans-adhesifs-double-face\\\/3m-4910-f-vhb-klebeband\\\/#breadcrumb\",\"itemListElement\":[{\"@type\":\"ListItem\",\"position\":1,\"name\":\"Startseite\",\"item\":\"https:\\\/\\\/cardinal-tapes.com\\\/fr\\\/accueil\\\/\"},{\"@type\":\"ListItem\",\"position\":2,\"name\":\"Rubans adh\u00e9sifs\",\"item\":\"https:\\\/\\\/cardinal-tapes.com\\\/fr\\\/rubans-adhesifs-fr\\\/\"},{\"@type\":\"ListItem\",\"position\":3,\"name\":\"Rubans adh\u00e9sifs double face\",\"item\":\"https:\\\/\\\/cardinal-tapes.com\\\/fr\\\/catgorie\\\/rubans-adhesifs-double-face\\\/\"},{\"@type\":\"ListItem\",\"position\":4,\"name\":\"3M\u2122 VHB\u2122 Ruban adh\u00e9sif 4910 F\"}]},{\"@type\":\"WebSite\",\"@id\":\"https:\\\/\\\/cardinal-tapes.com\\\/#website\",\"url\":\"https:\\\/\\\/cardinal-tapes.com\\\/\",\"name\":\"cardinal TAPES\",\"description\":\"Klebetechnik aus Wuppertal\",\"potentialAction\":[{\"@type\":\"SearchAction\",\"target\":{\"@type\":\"EntryPoint\",\"urlTemplate\":\"https:\\\/\\\/cardinal-tapes.com\\\/?s={search_term_string}\"},\"query-input\":{\"@type\":\"PropertyValueSpecification\",\"valueRequired\":true,\"valueName\":\"search_term_string\"}}],\"inLanguage\":\"fr-FR\"}]}<\/script>\n<!-- \/ Yoast SEO plugin. -->","yoast_head_json":{"title":"3M\u2122 VHB\u2122 Ruban adh\u00e9sif 4910 F | Cardinal TAPES","description":"Les rubans adh\u00e9sifs haute performance 3M VHB 4905, 4910, 4915 et 4918 sont des rubans double face en adh\u00e9sif acrylique \u00e0 cellules ferm\u00e9es.","robots":{"index":"index","follow":"follow","max-snippet":"max-snippet:-1","max-image-preview":"max-image-preview:large","max-video-preview":"max-video-preview:-1"},"canonical":"https:\/\/cardinal-tapes.com\/fr\/rubans-adh\u00e9sifs\/rubans-adhesifs-double-face\/3m-4910-f-vhb-klebeband\/","og_locale":"fr_FR","og_type":"article","og_title":"3M\u2122 VHB\u2122 Ruban adh\u00e9sif 4910 F | Cardinal TAPES","og_description":"Les rubans adh\u00e9sifs haute performance 3M VHB 4905, 4910, 4915 et 4918 sont des rubans double face en adh\u00e9sif acrylique \u00e0 cellules ferm\u00e9es.","og_url":"https:\/\/cardinal-tapes.com\/fr\/rubans-adh\u00e9sifs\/rubans-adhesifs-double-face\/3m-4910-f-vhb-klebeband\/","og_site_name":"cardinal TAPES","article_modified_time":"2025-07-02T15:24:36+00:00","og_image":[{"width":2560,"height":1251,"url":"https:\/\/cardinal-tapes.com\/wp-content\/uploads\/3m-4905-p-klebebander-scaled.jpg","type":"image\/jpeg"}],"twitter_card":"summary_large_image","twitter_misc":{"Dur\u00e9e de lecture estim\u00e9e":"1 minute"},"schema":{"@context":"https:\/\/schema.org","@graph":[{"@type":"WebPage","@id":"https:\/\/cardinal-tapes.com\/fr\/rubans-adh\u00e9sifs\/rubans-adhesifs-double-face\/3m-4910-f-vhb-klebeband\/","url":"https:\/\/cardinal-tapes.com\/fr\/rubans-adh\u00e9sifs\/rubans-adhesifs-double-face\/3m-4910-f-vhb-klebeband\/","name":"3M\u2122 VHB\u2122 Ruban adh\u00e9sif 4910 F | Cardinal TAPES","isPartOf":{"@id":"https:\/\/cardinal-tapes.com\/#website"},"primaryImageOfPage":{"@id":"https:\/\/cardinal-tapes.com\/fr\/rubans-adh\u00e9sifs\/rubans-adhesifs-double-face\/3m-4910-f-vhb-klebeband\/#primaryimage"},"image":{"@id":"https:\/\/cardinal-tapes.com\/fr\/rubans-adh\u00e9sifs\/rubans-adhesifs-double-face\/3m-4910-f-vhb-klebeband\/#primaryimage"},"thumbnailUrl":"https:\/\/cardinal-tapes.com\/wp-content\/uploads\/3m-4905-p-klebebander-scaled.jpg","datePublished":"2023-06-05T15:01:08+00:00","dateModified":"2025-07-02T15:24:36+00:00","description":"Les rubans adh\u00e9sifs haute performance 3M VHB 4905, 4910, 4915 et 4918 sont des rubans double face en adh\u00e9sif acrylique \u00e0 cellules ferm\u00e9es.","breadcrumb":{"@id":"https:\/\/cardinal-tapes.com\/fr\/rubans-adh\u00e9sifs\/rubans-adhesifs-double-face\/3m-4910-f-vhb-klebeband\/#breadcrumb"},"inLanguage":"fr-FR","potentialAction":[{"@type":"ReadAction","target":["https:\/\/cardinal-tapes.com\/fr\/rubans-adh\u00e9sifs\/rubans-adhesifs-double-face\/3m-4910-f-vhb-klebeband\/"]}]},{"@type":"ImageObject","inLanguage":"fr-FR","@id":"https:\/\/cardinal-tapes.com\/fr\/rubans-adh\u00e9sifs\/rubans-adhesifs-double-face\/3m-4910-f-vhb-klebeband\/#primaryimage","url":"https:\/\/cardinal-tapes.com\/wp-content\/uploads\/3m-4905-p-klebebander-scaled.jpg","contentUrl":"https:\/\/cardinal-tapes.com\/wp-content\/uploads\/3m-4905-p-klebebander-scaled.jpg","width":2560,"height":1251,"caption":"3m 4905-p"},{"@type":"BreadcrumbList","@id":"https:\/\/cardinal-tapes.com\/fr\/rubans-adh\u00e9sifs\/rubans-adhesifs-double-face\/3m-4910-f-vhb-klebeband\/#breadcrumb","itemListElement":[{"@type":"ListItem","position":1,"name":"Startseite","item":"https:\/\/cardinal-tapes.com\/fr\/accueil\/"},{"@type":"ListItem","position":2,"name":"Rubans adh\u00e9sifs","item":"https:\/\/cardinal-tapes.com\/fr\/rubans-adhesifs-fr\/"},{"@type":"ListItem","position":3,"name":"Rubans adh\u00e9sifs double face","item":"https:\/\/cardinal-tapes.com\/fr\/catgorie\/rubans-adhesifs-double-face\/"},{"@type":"ListItem","position":4,"name":"3M\u2122 VHB\u2122 Ruban adh\u00e9sif 4910 F"}]},{"@type":"WebSite","@id":"https:\/\/cardinal-tapes.com\/#website","url":"https:\/\/cardinal-tapes.com\/","name":"cardinal TAPES","description":"Klebetechnik aus Wuppertal","potentialAction":[{"@type":"SearchAction","target":{"@type":"EntryPoint","urlTemplate":"https:\/\/cardinal-tapes.com\/?s={search_term_string}"},"query-input":{"@type":"PropertyValueSpecification","valueRequired":true,"valueName":"search_term_string"}}],"inLanguage":"fr-FR"}]}},"brands":[{"id":2167,"name":"3M","slug":"3m-fr"}],"_links":{"self":[{"href":"https:\/\/cardinal-tapes.com\/fr\/wp-json\/wp\/v2\/product\/43776","targetHints":{"allow":["GET"]}}],"collection":[{"href":"https:\/\/cardinal-tapes.com\/fr\/wp-json\/wp\/v2\/product"}],"about":[{"href":"https:\/\/cardinal-tapes.com\/fr\/wp-json\/wp\/v2\/types\/product"}],"wp:featuredmedia":[{"embeddable":true,"href":"https:\/\/cardinal-tapes.com\/fr\/wp-json\/wp\/v2\/media\/26636"}],"wp:attachment":[{"href":"https:\/\/cardinal-tapes.com\/fr\/wp-json\/wp\/v2\/media?parent=43776"}],"wp:term":[{"taxonomy":"pwb-brand","embeddable":true,"href":"https:\/\/cardinal-tapes.com\/fr\/wp-json\/wp\/v2\/pwb-brand?post=43776"},{"taxonomy":"product_brand","embeddable":true,"href":"https:\/\/cardinal-tapes.com\/fr\/wp-json\/wp\/v2\/product_brand?post=43776"},{"taxonomy":"product_cat","embeddable":true,"href":"https:\/\/cardinal-tapes.com\/fr\/wp-json\/wp\/v2\/product_cat?post=43776"},{"taxonomy":"product_tag","embeddable":true,"href":"https:\/\/cardinal-tapes.com\/fr\/wp-json\/wp\/v2\/product_tag?post=43776"}],"curies":[{"name":"wp","href":"https:\/\/api.w.org\/{rel}","templated":true}]}}