{"id":43436,"date":"2020-11-25T10:29:41","date_gmt":"2023-06-05T14:57:09","guid":{"rendered":"https:\/\/cardinal.pixel-tal.de\/klebebaender\/non class\u00e9\/chr-2975-8r-tissu-en-fibre-de-verre-avec-silicone\/"},"modified":"2023-06-05T16:57:09","modified_gmt":"2023-06-05T14:57:09","slug":"chr-2975-8r-tissu-en-fibre-de-verre-avec-silicone","status":"publish","type":"product","link":"https:\/\/cardinal-tapes.com\/fr\/rubans-adh\u00e9sifs\/rubans-adhesifs-simple-face\/chr-2975-8r-tissu-en-fibre-de-verre-avec-silicone\/","title":{"rendered":"CHR\u00ae 2975-8R Tissu en fibre de verre avec silicone"},"content":{"rendered":"<p>Le CHR\u00ae 2975-8R est compos\u00e9 d&#8217;un tissu en fibre de verre recouvert de caoutchouc silicone et d&#8217;un adh\u00e9sif silicone r\u00e9sistant \u00e0 des temp\u00e9ratures d&#8217;utilisation tr\u00e8s \u00e9lev\u00e9es.<\/p>\n<p>Le ruban 2975 est con\u00e7u pour r\u00e9sister \u00e0 la tr\u00e8s forte abrasion provoqu\u00e9e par le sablage et aux temp\u00e9ratures\/pressions extr\u00eames telles qu&#8217;elles se produisent lors de la projection au plasma. L&#8217;adh\u00e9sif est un silicone r\u00e9sistant \u00e0 la chaleur, ce qui permet d&#8217;utiliser le produit \u00e0 des temp\u00e9ratures continues allant jusqu&#8217;\u00e0 260\u00b0C. Le silicone est un mat\u00e9riau tr\u00e8s r\u00e9sistant. Il \u00e9vite \u00e9galement que le ruban ne glisse apr\u00e8s son application. Les bandes pr\u00e9sentent une r\u00e9sistance et une flexibilit\u00e9 \u00e9lev\u00e9es, ce qui permet de les enrouler facilement autour de formes complexes et de minimiser la formation de plis lors du pliage des c\u00e2bles.<\/p>\n<div><strong>Fonctions\/avantages<\/strong><\/div>\n<div>Le ruban 2975 est con\u00e7u pour r\u00e9sister \u00e0 la tr\u00e8s forte abrasion provoqu\u00e9e par le sablage et aux temp\u00e9ratures\/pressions extr\u00eames telles qu&#8217;elles se produisent lors de la projection plasma.<\/div>\n<div>L&#8217;adh\u00e9sif est un silicone r\u00e9sistant \u00e0 la chaleur, ce qui permet d&#8217;utiliser le produit \u00e0 des temp\u00e9ratures continues allant jusqu&#8217;\u00e0 260\u00b0C. Le silicone est un mat\u00e9riau tr\u00e8s r\u00e9sistant.<\/div>\n<div>Il \u00e9vite \u00e9galement que le ruban ne glisse apr\u00e8s son application. Les bandes pr\u00e9sentent une grande r\u00e9sistance et une grande flexibilit\u00e9 et peuvent \u00eatre utilis\u00e9es dans des conditions difficiles.<\/div>\n<div>Les c\u00e2bles peuvent ainsi s&#8217;enrouler facilement autour de formes complexes et la formation de plis lors du pliage des c\u00e2bles est minimis\u00e9e.<\/div>\n<div><\/div>\n<div>\n<div class=\"page\" data-page-number=\"1\" data-loaded=\"true\">\n<div class=\"textLayer\">\n<div><strong>Domaines d&#8217;application<\/strong><\/div>\n<div>2975 est utilis\u00e9 dans la projection plasma &#8211; une m\u00e9thode de rev\u00eatement de surfaces avec de fines couches de m\u00e9tal ou de c\u00e9ramique extr\u00eamement r\u00e9sistantes \u00e0 la chaleur.<\/div>\n<div>Le rev\u00eatement est appliqu\u00e9 par pulv\u00e9risation sous haute pression et \u00e0 des temp\u00e9ratures extr\u00eames. Le ruban est appliqu\u00e9 autour des pi\u00e8ces qui sont inject\u00e9es au plasma<\/div>\n<div>sont cens\u00e9s. CHR 2975 prot\u00e8ge ces surfaces lors du sablage, qui permet de pr\u00e9parer les surfaces, et avant la projection de plasma qui suit. L&#8217;aviation est le march\u00e9 le plus important<\/div>\n<div>pour les bandes de projection plasma, notamment les fabricants de moteurs \u00e0 r\u00e9action, les centres de r\u00e9paration, les centres de maintenance des grandes compagnies a\u00e9riennes, les bases a\u00e9riennes et les installations de r\u00e9paration de l&#8217;arm\u00e9e de l&#8217;air navale.<\/div>\n<div class=\"endOfContent\"><\/div>\n<\/div>\n<\/div>\n<div class=\"page\" data-page-number=\"2\" data-loaded=\"true\"><\/div>\n<\/div>\n","protected":false},"excerpt":{"rendered":"<p>Le CHR\u00ae 2975-8R est compos\u00e9 d&#8217;un tissu en fibre de verre recouvert de caoutchouc silicone et d&#8217;un adh\u00e9sif silicone r\u00e9sistant \u00e0 des temp\u00e9ratures d&#8217;utilisation tr\u00e8s \u00e9lev\u00e9es. Le ruban 2975 est con\u00e7u pour r\u00e9sister \u00e0 la tr\u00e8s forte abrasion provoqu\u00e9e par le sablage et aux temp\u00e9ratures\/pressions extr\u00eames telles qu&#8217;elles se produisent lors de la projection au [&hellip;]<\/p>\n","protected":false},"featured_media":28584,"template":"","meta":{"_acf_changed":false},"pwb-brand":[4050,2330],"product_brand":[],"product_cat":[1836],"product_tag":[],"class_list":{"0":"post-43436","1":"product","2":"type-product","3":"status-publish","4":"has-post-thumbnail","6":"pwb-brand-saint-gobain-performance-plastics-chr-fr","7":"pwb-brand-saint-gobain-fr","8":"product_cat-rubans-adhesifs-simple-face","10":"first","11":"instock","12":"taxable","13":"shipping-taxable","14":"product-type-variable"},"acf":[],"yoast_head":"<!-- This site is optimized with the Yoast SEO plugin v27.3 - https:\/\/yoast.com\/product\/yoast-seo-wordpress\/ -->\n<title>CHR\u00ae 2975-8R Tissu de verre avec silicone | Cardinal TAPES<\/title>\n<meta name=\"description\" content=\"Le CHR\u00ae 2975-8R est compos\u00e9 d&#039;un tissu en fibre de verre recouvert de caoutchouc silicone et d&#039;un adh\u00e9sif silicone r\u00e9sistant \u00e0 des temp\u00e9ratures d&#039;utilisation tr\u00e8s \u00e9lev\u00e9es.\" \/>\n<meta name=\"robots\" content=\"index, follow, max-snippet:-1, max-image-preview:large, max-video-preview:-1\" \/>\n<link rel=\"canonical\" href=\"https:\/\/cardinal-tapes.com\/fr\/rubans-adh\u00e9sifs\/rubans-adhesifs-simple-face\/chr-2975-8r-tissu-en-fibre-de-verre-avec-silicone\/\" \/>\n<meta property=\"og:locale\" content=\"fr_FR\" \/>\n<meta property=\"og:type\" content=\"article\" \/>\n<meta property=\"og:title\" content=\"CHR\u00ae 2975-8R Tissu de verre avec silicone | Cardinal TAPES\" \/>\n<meta property=\"og:description\" content=\"Le CHR\u00ae 2975-8R est compos\u00e9 d&#039;un tissu en fibre de verre recouvert de caoutchouc silicone et d&#039;un adh\u00e9sif silicone r\u00e9sistant \u00e0 des temp\u00e9ratures d&#039;utilisation tr\u00e8s \u00e9lev\u00e9es.\" \/>\n<meta property=\"og:url\" content=\"https:\/\/cardinal-tapes.com\/fr\/rubans-adh\u00e9sifs\/rubans-adhesifs-simple-face\/chr-2975-8r-tissu-en-fibre-de-verre-avec-silicone\/\" \/>\n<meta property=\"og:site_name\" content=\"cardinal TAPES\" \/>\n<meta property=\"og:image\" content=\"https:\/\/cardinal-tapes.com\/wp-content\/uploads\/CHR-Glass-Silicone-White-A_153049.png\" \/>\n\t<meta property=\"og:image:width\" content=\"415\" \/>\n\t<meta property=\"og:image:height\" content=\"415\" \/>\n\t<meta property=\"og:image:type\" content=\"image\/png\" \/>\n<meta name=\"twitter:card\" content=\"summary_large_image\" \/>\n<meta name=\"twitter:label1\" content=\"Dur\u00e9e de lecture estim\u00e9e\" \/>\n\t<meta name=\"twitter:data1\" content=\"2 minutes\" \/>\n<script type=\"application\/ld+json\" class=\"yoast-schema-graph\">{\"@context\":\"https:\\\/\\\/schema.org\",\"@graph\":[{\"@type\":\"WebPage\",\"@id\":\"https:\\\/\\\/cardinal-tapes.com\\\/fr\\\/rubans-adh\u00e9sifs\\\/rubans-adhesifs-simple-face\\\/chr-2975-8r-tissu-en-fibre-de-verre-avec-silicone\\\/\",\"url\":\"https:\\\/\\\/cardinal-tapes.com\\\/fr\\\/rubans-adh\u00e9sifs\\\/rubans-adhesifs-simple-face\\\/chr-2975-8r-tissu-en-fibre-de-verre-avec-silicone\\\/\",\"name\":\"CHR\u00ae 2975-8R Tissu de verre avec silicone | Cardinal TAPES\",\"isPartOf\":{\"@id\":\"https:\\\/\\\/cardinal-tapes.com\\\/#website\"},\"primaryImageOfPage\":{\"@id\":\"https:\\\/\\\/cardinal-tapes.com\\\/fr\\\/rubans-adh\u00e9sifs\\\/rubans-adhesifs-simple-face\\\/chr-2975-8r-tissu-en-fibre-de-verre-avec-silicone\\\/#primaryimage\"},\"image\":{\"@id\":\"https:\\\/\\\/cardinal-tapes.com\\\/fr\\\/rubans-adh\u00e9sifs\\\/rubans-adhesifs-simple-face\\\/chr-2975-8r-tissu-en-fibre-de-verre-avec-silicone\\\/#primaryimage\"},\"thumbnailUrl\":\"https:\\\/\\\/cardinal-tapes.com\\\/wp-content\\\/uploads\\\/CHR-Glass-Silicone-White-A_153049.png\",\"datePublished\":\"2023-06-05T14:57:09+00:00\",\"description\":\"Le CHR\u00ae 2975-8R est compos\u00e9 d'un tissu en fibre de verre recouvert de caoutchouc silicone et d'un adh\u00e9sif silicone r\u00e9sistant \u00e0 des temp\u00e9ratures d'utilisation tr\u00e8s \u00e9lev\u00e9es.\",\"breadcrumb\":{\"@id\":\"https:\\\/\\\/cardinal-tapes.com\\\/fr\\\/rubans-adh\u00e9sifs\\\/rubans-adhesifs-simple-face\\\/chr-2975-8r-tissu-en-fibre-de-verre-avec-silicone\\\/#breadcrumb\"},\"inLanguage\":\"fr-FR\",\"potentialAction\":[{\"@type\":\"ReadAction\",\"target\":[\"https:\\\/\\\/cardinal-tapes.com\\\/fr\\\/rubans-adh\u00e9sifs\\\/rubans-adhesifs-simple-face\\\/chr-2975-8r-tissu-en-fibre-de-verre-avec-silicone\\\/\"]}]},{\"@type\":\"ImageObject\",\"inLanguage\":\"fr-FR\",\"@id\":\"https:\\\/\\\/cardinal-tapes.com\\\/fr\\\/rubans-adh\u00e9sifs\\\/rubans-adhesifs-simple-face\\\/chr-2975-8r-tissu-en-fibre-de-verre-avec-silicone\\\/#primaryimage\",\"url\":\"https:\\\/\\\/cardinal-tapes.com\\\/wp-content\\\/uploads\\\/CHR-Glass-Silicone-White-A_153049.png\",\"contentUrl\":\"https:\\\/\\\/cardinal-tapes.com\\\/wp-content\\\/uploads\\\/CHR-Glass-Silicone-White-A_153049.png\",\"width\":415,\"height\":415},{\"@type\":\"BreadcrumbList\",\"@id\":\"https:\\\/\\\/cardinal-tapes.com\\\/fr\\\/rubans-adh\u00e9sifs\\\/rubans-adhesifs-simple-face\\\/chr-2975-8r-tissu-en-fibre-de-verre-avec-silicone\\\/#breadcrumb\",\"itemListElement\":[{\"@type\":\"ListItem\",\"position\":1,\"name\":\"Startseite\",\"item\":\"https:\\\/\\\/cardinal-tapes.com\\\/fr\\\/accueil\\\/\"},{\"@type\":\"ListItem\",\"position\":2,\"name\":\"Rubans adh\u00e9sifs\",\"item\":\"https:\\\/\\\/cardinal-tapes.com\\\/fr\\\/rubans-adhesifs-fr\\\/\"},{\"@type\":\"ListItem\",\"position\":3,\"name\":\"Rubans adh\u00e9sifs simple face\",\"item\":\"https:\\\/\\\/cardinal-tapes.com\\\/fr\\\/catgorie\\\/rubans-adhesifs-simple-face\\\/\"},{\"@type\":\"ListItem\",\"position\":4,\"name\":\"CHR\u00ae 2975-8R Tissu en fibre de verre avec silicone\"}]},{\"@type\":\"WebSite\",\"@id\":\"https:\\\/\\\/cardinal-tapes.com\\\/#website\",\"url\":\"https:\\\/\\\/cardinal-tapes.com\\\/\",\"name\":\"cardinal TAPES\",\"description\":\"Klebetechnik aus Wuppertal\",\"potentialAction\":[{\"@type\":\"SearchAction\",\"target\":{\"@type\":\"EntryPoint\",\"urlTemplate\":\"https:\\\/\\\/cardinal-tapes.com\\\/?s={search_term_string}\"},\"query-input\":{\"@type\":\"PropertyValueSpecification\",\"valueRequired\":true,\"valueName\":\"search_term_string\"}}],\"inLanguage\":\"fr-FR\"}]}<\/script>\n<!-- \/ Yoast SEO plugin. -->","yoast_head_json":{"title":"CHR\u00ae 2975-8R Tissu de verre avec silicone | Cardinal TAPES","description":"Le CHR\u00ae 2975-8R est compos\u00e9 d'un tissu en fibre de verre recouvert de caoutchouc silicone et d'un adh\u00e9sif silicone r\u00e9sistant \u00e0 des temp\u00e9ratures d'utilisation tr\u00e8s \u00e9lev\u00e9es.","robots":{"index":"index","follow":"follow","max-snippet":"max-snippet:-1","max-image-preview":"max-image-preview:large","max-video-preview":"max-video-preview:-1"},"canonical":"https:\/\/cardinal-tapes.com\/fr\/rubans-adh\u00e9sifs\/rubans-adhesifs-simple-face\/chr-2975-8r-tissu-en-fibre-de-verre-avec-silicone\/","og_locale":"fr_FR","og_type":"article","og_title":"CHR\u00ae 2975-8R Tissu de verre avec silicone | Cardinal TAPES","og_description":"Le CHR\u00ae 2975-8R est compos\u00e9 d'un tissu en fibre de verre recouvert de caoutchouc silicone et d'un adh\u00e9sif silicone r\u00e9sistant \u00e0 des temp\u00e9ratures d'utilisation tr\u00e8s \u00e9lev\u00e9es.","og_url":"https:\/\/cardinal-tapes.com\/fr\/rubans-adh\u00e9sifs\/rubans-adhesifs-simple-face\/chr-2975-8r-tissu-en-fibre-de-verre-avec-silicone\/","og_site_name":"cardinal TAPES","og_image":[{"width":415,"height":415,"url":"https:\/\/cardinal-tapes.com\/wp-content\/uploads\/CHR-Glass-Silicone-White-A_153049.png","type":"image\/png"}],"twitter_card":"summary_large_image","twitter_misc":{"Dur\u00e9e de lecture estim\u00e9e":"2 minutes"},"schema":{"@context":"https:\/\/schema.org","@graph":[{"@type":"WebPage","@id":"https:\/\/cardinal-tapes.com\/fr\/rubans-adh\u00e9sifs\/rubans-adhesifs-simple-face\/chr-2975-8r-tissu-en-fibre-de-verre-avec-silicone\/","url":"https:\/\/cardinal-tapes.com\/fr\/rubans-adh\u00e9sifs\/rubans-adhesifs-simple-face\/chr-2975-8r-tissu-en-fibre-de-verre-avec-silicone\/","name":"CHR\u00ae 2975-8R Tissu de verre avec silicone | Cardinal TAPES","isPartOf":{"@id":"https:\/\/cardinal-tapes.com\/#website"},"primaryImageOfPage":{"@id":"https:\/\/cardinal-tapes.com\/fr\/rubans-adh\u00e9sifs\/rubans-adhesifs-simple-face\/chr-2975-8r-tissu-en-fibre-de-verre-avec-silicone\/#primaryimage"},"image":{"@id":"https:\/\/cardinal-tapes.com\/fr\/rubans-adh\u00e9sifs\/rubans-adhesifs-simple-face\/chr-2975-8r-tissu-en-fibre-de-verre-avec-silicone\/#primaryimage"},"thumbnailUrl":"https:\/\/cardinal-tapes.com\/wp-content\/uploads\/CHR-Glass-Silicone-White-A_153049.png","datePublished":"2023-06-05T14:57:09+00:00","description":"Le CHR\u00ae 2975-8R est compos\u00e9 d'un tissu en fibre de verre recouvert de caoutchouc silicone et d'un adh\u00e9sif silicone r\u00e9sistant \u00e0 des temp\u00e9ratures d'utilisation tr\u00e8s \u00e9lev\u00e9es.","breadcrumb":{"@id":"https:\/\/cardinal-tapes.com\/fr\/rubans-adh\u00e9sifs\/rubans-adhesifs-simple-face\/chr-2975-8r-tissu-en-fibre-de-verre-avec-silicone\/#breadcrumb"},"inLanguage":"fr-FR","potentialAction":[{"@type":"ReadAction","target":["https:\/\/cardinal-tapes.com\/fr\/rubans-adh\u00e9sifs\/rubans-adhesifs-simple-face\/chr-2975-8r-tissu-en-fibre-de-verre-avec-silicone\/"]}]},{"@type":"ImageObject","inLanguage":"fr-FR","@id":"https:\/\/cardinal-tapes.com\/fr\/rubans-adh\u00e9sifs\/rubans-adhesifs-simple-face\/chr-2975-8r-tissu-en-fibre-de-verre-avec-silicone\/#primaryimage","url":"https:\/\/cardinal-tapes.com\/wp-content\/uploads\/CHR-Glass-Silicone-White-A_153049.png","contentUrl":"https:\/\/cardinal-tapes.com\/wp-content\/uploads\/CHR-Glass-Silicone-White-A_153049.png","width":415,"height":415},{"@type":"BreadcrumbList","@id":"https:\/\/cardinal-tapes.com\/fr\/rubans-adh\u00e9sifs\/rubans-adhesifs-simple-face\/chr-2975-8r-tissu-en-fibre-de-verre-avec-silicone\/#breadcrumb","itemListElement":[{"@type":"ListItem","position":1,"name":"Startseite","item":"https:\/\/cardinal-tapes.com\/fr\/accueil\/"},{"@type":"ListItem","position":2,"name":"Rubans adh\u00e9sifs","item":"https:\/\/cardinal-tapes.com\/fr\/rubans-adhesifs-fr\/"},{"@type":"ListItem","position":3,"name":"Rubans adh\u00e9sifs simple face","item":"https:\/\/cardinal-tapes.com\/fr\/catgorie\/rubans-adhesifs-simple-face\/"},{"@type":"ListItem","position":4,"name":"CHR\u00ae 2975-8R Tissu en fibre de verre avec silicone"}]},{"@type":"WebSite","@id":"https:\/\/cardinal-tapes.com\/#website","url":"https:\/\/cardinal-tapes.com\/","name":"cardinal TAPES","description":"Klebetechnik aus Wuppertal","potentialAction":[{"@type":"SearchAction","target":{"@type":"EntryPoint","urlTemplate":"https:\/\/cardinal-tapes.com\/?s={search_term_string}"},"query-input":{"@type":"PropertyValueSpecification","valueRequired":true,"valueName":"search_term_string"}}],"inLanguage":"fr-FR"}]}},"brands":[{"id":4050,"name":"Saint-Gobain CHR Tape","slug":"saint-gobain-performance-plastics-chr-fr"},{"id":2330,"name":"Saint-Gobain Performance Plastics","slug":"saint-gobain-fr"}],"_links":{"self":[{"href":"https:\/\/cardinal-tapes.com\/fr\/wp-json\/wp\/v2\/product\/43436","targetHints":{"allow":["GET"]}}],"collection":[{"href":"https:\/\/cardinal-tapes.com\/fr\/wp-json\/wp\/v2\/product"}],"about":[{"href":"https:\/\/cardinal-tapes.com\/fr\/wp-json\/wp\/v2\/types\/product"}],"wp:featuredmedia":[{"embeddable":true,"href":"https:\/\/cardinal-tapes.com\/fr\/wp-json\/wp\/v2\/media\/28584"}],"wp:attachment":[{"href":"https:\/\/cardinal-tapes.com\/fr\/wp-json\/wp\/v2\/media?parent=43436"}],"wp:term":[{"taxonomy":"pwb-brand","embeddable":true,"href":"https:\/\/cardinal-tapes.com\/fr\/wp-json\/wp\/v2\/pwb-brand?post=43436"},{"taxonomy":"product_brand","embeddable":true,"href":"https:\/\/cardinal-tapes.com\/fr\/wp-json\/wp\/v2\/product_brand?post=43436"},{"taxonomy":"product_cat","embeddable":true,"href":"https:\/\/cardinal-tapes.com\/fr\/wp-json\/wp\/v2\/product_cat?post=43436"},{"taxonomy":"product_tag","embeddable":true,"href":"https:\/\/cardinal-tapes.com\/fr\/wp-json\/wp\/v2\/product_tag?post=43436"}],"curies":[{"name":"wp","href":"https:\/\/api.w.org\/{rel}","templated":true}]}}