{"id":43435,"date":"2020-11-25T10:35:05","date_gmt":"2020-11-25T09:35:05","guid":{"rendered":"https:\/\/cardinal.pixel-tal.de\/klebebaender\/non%20class\u00e9\/film-ptfe-revetu-de-silicone-chr-hm350\/"},"modified":"2025-07-02T13:25:01","modified_gmt":"2025-07-02T11:25:01","slug":"film-pptfe-revetu-de-silicone-chr-hm350","status":"publish","type":"product","link":"https:\/\/cardinal-tapes.com\/fr\/rubans-adh\u00e9sifs\/rubans-adhesifs-simple-face\/film-pptfe-revetu-de-silicone-chr-hm350\/","title":{"rendered":"Film PTFE rev\u00eatu de silicone CHR\u00ae HM350"},"content":{"rendered":"<p>Le CHR\u00ae HM350 est fabriqu\u00e9 \u00e0 partir d&#8217;un film de PTFE modifi\u00e9 haut module, rev\u00eatu d&#8217;un adh\u00e9sif silicone r\u00e9sistant \u00e0 des temp\u00e9ratures d&#8217;utilisation tr\u00e8s \u00e9lev\u00e9es.<\/p>\n<div class=\"page\" data-page-number=\"1\" data-loaded=\"true\">\n<div class=\"textLayer\">\n<div><strong>Fonctions\/avantages<\/strong><\/div>\n<div>Pour faciliter la manipulation, le film PTFE est soumis \u00e0 un traitement sp\u00e9cial qui r\u00e9duit l&#8217;\u00e9tirement et augmente la r\u00e9sistance \u00e0 la rupture. Une face est recouverte d&#8217;une couche d&#8217;acrylate\/<\/div>\n<div>L&#8217;autre c\u00f4t\u00e9 est recouvert d&#8217;une fine feuille de PTFE pr\u00e9sentant une bonne conformabilit\u00e9 et un faible coefficient de frottement. Le support en PTFE<\/div>\n<div>offre une excellente r\u00e9sistance \u00e0 la chaleur et est chimiquement inerte. Le ruban est r\u00e9sistant aux intemp\u00e9ries, stable et non toxique.<\/div>\n<div>Les CHR\u00ae HM350 et HM426 peuvent \u00eatre command\u00e9s conform\u00e9ment \u00e0 la sp\u00e9cification MIL-I-23594C Type 1, Classe 1. Le CHR HM352 pr\u00e9sente les m\u00eames<\/div>\n<div>Le HM350 pr\u00e9sente les m\u00eames propri\u00e9t\u00e9s physiques que le HM350, mais il a subi un traitement sp\u00e9cial qui permet son collage.<\/div>\n<div><\/div>\n<div><strong>Domaines d&#8217;application<\/strong><\/div>\n<div>Les CHR HM350 et HM426 sont souvent utilis\u00e9s comme rubans de masquage pour le collage des m\u00e9taux, le masquage des cylindres des extrudeuses de mati\u00e8res plastiques, etc.<\/div>\n<div>et utilis\u00e9 pour les faisceaux de c\u00e2bles fins.<\/div>\n<div class=\"endOfContent\"><\/div>\n<\/div>\n<\/div>\n<div class=\"page\" data-page-number=\"2\" data-loaded=\"true\">\n<div class=\"canvasWrapper\"><\/div>\n<div class=\"textLayer\"><\/div>\n<\/div>\n<p>&nbsp;<\/p>\n","protected":false},"excerpt":{"rendered":"<p>Le CHR\u00ae HM350 est fabriqu\u00e9 \u00e0 partir d&#8217;un film de PTFE modifi\u00e9 haut module, rev\u00eatu d&#8217;un adh\u00e9sif silicone r\u00e9sistant \u00e0 des temp\u00e9ratures d&#8217;utilisation tr\u00e8s \u00e9lev\u00e9es. Fonctions\/avantages Pour faciliter la manipulation, le film PTFE est soumis \u00e0 un traitement sp\u00e9cial qui r\u00e9duit l&#8217;\u00e9tirement et augmente la r\u00e9sistance \u00e0 la rupture. Une face est recouverte d&#8217;une couche [&hellip;]<\/p>\n","protected":false},"featured_media":28568,"template":"","meta":{"_acf_changed":false},"pwb-brand":[4050,2330],"product_brand":[],"product_cat":[1836],"product_tag":[],"class_list":{"0":"post-43435","1":"product","2":"type-product","3":"status-publish","4":"has-post-thumbnail","6":"pwb-brand-saint-gobain-performance-plastics-chr-fr","7":"pwb-brand-saint-gobain-fr","8":"product_cat-rubans-adhesifs-simple-face","10":"first","11":"instock","12":"taxable","13":"shipping-taxable","14":"product-type-variable"},"acf":[],"yoast_head":"<!-- This site is optimized with the Yoast SEO plugin v27.3 - https:\/\/yoast.com\/product\/yoast-seo-wordpress\/ -->\n<title>CHR\u00aeHM350 Film PTFE rev\u00eatu de silicone | Cardinal TAPES<\/title>\n<meta name=\"description\" content=\"Le CHR\u00ae HM350 est fabriqu\u00e9 \u00e0 partir d&#039;un film de PTFE modifi\u00e9 haut module, rev\u00eatu d&#039;un adh\u00e9sif silicone r\u00e9sistant \u00e0 des temp\u00e9ratures d&#039;utilisation tr\u00e8s \u00e9lev\u00e9es.\" \/>\n<meta name=\"robots\" content=\"index, follow, max-snippet:-1, max-image-preview:large, max-video-preview:-1\" \/>\n<link rel=\"canonical\" href=\"https:\/\/cardinal-tapes.com\/fr\/rubans-adh\u00e9sifs\/rubans-adhesifs-simple-face\/film-pptfe-revetu-de-silicone-chr-hm350\/\" \/>\n<meta property=\"og:locale\" content=\"fr_FR\" \/>\n<meta property=\"og:type\" content=\"article\" \/>\n<meta property=\"og:title\" content=\"CHR\u00aeHM350 Film PTFE rev\u00eatu de silicone | Cardinal TAPES\" \/>\n<meta property=\"og:description\" content=\"Le CHR\u00ae HM350 est fabriqu\u00e9 \u00e0 partir d&#039;un film de PTFE modifi\u00e9 haut module, rev\u00eatu d&#039;un adh\u00e9sif silicone r\u00e9sistant \u00e0 des temp\u00e9ratures d&#039;utilisation tr\u00e8s \u00e9lev\u00e9es.\" \/>\n<meta property=\"og:url\" content=\"https:\/\/cardinal-tapes.com\/fr\/rubans-adh\u00e9sifs\/rubans-adhesifs-simple-face\/film-pptfe-revetu-de-silicone-chr-hm350\/\" \/>\n<meta property=\"og:site_name\" content=\"cardinal TAPES\" \/>\n<meta property=\"article:modified_time\" content=\"2025-07-02T11:25:01+00:00\" \/>\n<meta property=\"og:image\" content=\"https:\/\/cardinal-tapes.com\/wp-content\/uploads\/CHR-TV-A_153082.png\" \/>\n\t<meta property=\"og:image:width\" content=\"415\" \/>\n\t<meta property=\"og:image:height\" content=\"415\" \/>\n\t<meta property=\"og:image:type\" content=\"image\/png\" \/>\n<meta name=\"twitter:card\" content=\"summary_large_image\" \/>\n<meta name=\"twitter:label1\" content=\"Dur\u00e9e de lecture estim\u00e9e\" \/>\n\t<meta name=\"twitter:data1\" content=\"1 minute\" \/>\n<script type=\"application\/ld+json\" class=\"yoast-schema-graph\">{\"@context\":\"https:\\\/\\\/schema.org\",\"@graph\":[{\"@type\":\"WebPage\",\"@id\":\"https:\\\/\\\/cardinal-tapes.com\\\/fr\\\/rubans-adh\u00e9sifs\\\/rubans-adhesifs-simple-face\\\/film-pptfe-revetu-de-silicone-chr-hm350\\\/\",\"url\":\"https:\\\/\\\/cardinal-tapes.com\\\/fr\\\/rubans-adh\u00e9sifs\\\/rubans-adhesifs-simple-face\\\/film-pptfe-revetu-de-silicone-chr-hm350\\\/\",\"name\":\"CHR\u00aeHM350 Film PTFE rev\u00eatu de silicone | Cardinal TAPES\",\"isPartOf\":{\"@id\":\"https:\\\/\\\/cardinal-tapes.com\\\/#website\"},\"primaryImageOfPage\":{\"@id\":\"https:\\\/\\\/cardinal-tapes.com\\\/fr\\\/rubans-adh\u00e9sifs\\\/rubans-adhesifs-simple-face\\\/film-pptfe-revetu-de-silicone-chr-hm350\\\/#primaryimage\"},\"image\":{\"@id\":\"https:\\\/\\\/cardinal-tapes.com\\\/fr\\\/rubans-adh\u00e9sifs\\\/rubans-adhesifs-simple-face\\\/film-pptfe-revetu-de-silicone-chr-hm350\\\/#primaryimage\"},\"thumbnailUrl\":\"https:\\\/\\\/cardinal-tapes.com\\\/wp-content\\\/uploads\\\/CHR-TV-A_153082.png\",\"datePublished\":\"2020-11-25T09:35:05+00:00\",\"dateModified\":\"2025-07-02T11:25:01+00:00\",\"description\":\"Le CHR\u00ae HM350 est fabriqu\u00e9 \u00e0 partir d'un film de PTFE modifi\u00e9 haut module, rev\u00eatu d'un adh\u00e9sif silicone r\u00e9sistant \u00e0 des temp\u00e9ratures d'utilisation tr\u00e8s \u00e9lev\u00e9es.\",\"breadcrumb\":{\"@id\":\"https:\\\/\\\/cardinal-tapes.com\\\/fr\\\/rubans-adh\u00e9sifs\\\/rubans-adhesifs-simple-face\\\/film-pptfe-revetu-de-silicone-chr-hm350\\\/#breadcrumb\"},\"inLanguage\":\"fr-FR\",\"potentialAction\":[{\"@type\":\"ReadAction\",\"target\":[\"https:\\\/\\\/cardinal-tapes.com\\\/fr\\\/rubans-adh\u00e9sifs\\\/rubans-adhesifs-simple-face\\\/film-pptfe-revetu-de-silicone-chr-hm350\\\/\"]}]},{\"@type\":\"ImageObject\",\"inLanguage\":\"fr-FR\",\"@id\":\"https:\\\/\\\/cardinal-tapes.com\\\/fr\\\/rubans-adh\u00e9sifs\\\/rubans-adhesifs-simple-face\\\/film-pptfe-revetu-de-silicone-chr-hm350\\\/#primaryimage\",\"url\":\"https:\\\/\\\/cardinal-tapes.com\\\/wp-content\\\/uploads\\\/CHR-TV-A_153082.png\",\"contentUrl\":\"https:\\\/\\\/cardinal-tapes.com\\\/wp-content\\\/uploads\\\/CHR-TV-A_153082.png\",\"width\":415,\"height\":415},{\"@type\":\"BreadcrumbList\",\"@id\":\"https:\\\/\\\/cardinal-tapes.com\\\/fr\\\/rubans-adh\u00e9sifs\\\/rubans-adhesifs-simple-face\\\/film-pptfe-revetu-de-silicone-chr-hm350\\\/#breadcrumb\",\"itemListElement\":[{\"@type\":\"ListItem\",\"position\":1,\"name\":\"Startseite\",\"item\":\"https:\\\/\\\/cardinal-tapes.com\\\/fr\\\/accueil\\\/\"},{\"@type\":\"ListItem\",\"position\":2,\"name\":\"Rubans adh\u00e9sifs\",\"item\":\"https:\\\/\\\/cardinal-tapes.com\\\/fr\\\/rubans-adhesifs-fr\\\/\"},{\"@type\":\"ListItem\",\"position\":3,\"name\":\"Rubans adh\u00e9sifs simple face\",\"item\":\"https:\\\/\\\/cardinal-tapes.com\\\/fr\\\/catgorie\\\/rubans-adhesifs-simple-face\\\/\"},{\"@type\":\"ListItem\",\"position\":4,\"name\":\"Film PTFE rev\u00eatu de silicone CHR\u00ae HM350\"}]},{\"@type\":\"WebSite\",\"@id\":\"https:\\\/\\\/cardinal-tapes.com\\\/#website\",\"url\":\"https:\\\/\\\/cardinal-tapes.com\\\/\",\"name\":\"cardinal TAPES\",\"description\":\"Klebetechnik aus Wuppertal\",\"potentialAction\":[{\"@type\":\"SearchAction\",\"target\":{\"@type\":\"EntryPoint\",\"urlTemplate\":\"https:\\\/\\\/cardinal-tapes.com\\\/?s={search_term_string}\"},\"query-input\":{\"@type\":\"PropertyValueSpecification\",\"valueRequired\":true,\"valueName\":\"search_term_string\"}}],\"inLanguage\":\"fr-FR\"}]}<\/script>\n<!-- \/ Yoast SEO plugin. -->","yoast_head_json":{"title":"CHR\u00aeHM350 Film PTFE rev\u00eatu de silicone | Cardinal TAPES","description":"Le CHR\u00ae HM350 est fabriqu\u00e9 \u00e0 partir d'un film de PTFE modifi\u00e9 haut module, rev\u00eatu d'un adh\u00e9sif silicone r\u00e9sistant \u00e0 des temp\u00e9ratures d'utilisation tr\u00e8s \u00e9lev\u00e9es.","robots":{"index":"index","follow":"follow","max-snippet":"max-snippet:-1","max-image-preview":"max-image-preview:large","max-video-preview":"max-video-preview:-1"},"canonical":"https:\/\/cardinal-tapes.com\/fr\/rubans-adh\u00e9sifs\/rubans-adhesifs-simple-face\/film-pptfe-revetu-de-silicone-chr-hm350\/","og_locale":"fr_FR","og_type":"article","og_title":"CHR\u00aeHM350 Film PTFE rev\u00eatu de silicone | Cardinal TAPES","og_description":"Le CHR\u00ae HM350 est fabriqu\u00e9 \u00e0 partir d'un film de PTFE modifi\u00e9 haut module, rev\u00eatu d'un adh\u00e9sif silicone r\u00e9sistant \u00e0 des temp\u00e9ratures d'utilisation tr\u00e8s \u00e9lev\u00e9es.","og_url":"https:\/\/cardinal-tapes.com\/fr\/rubans-adh\u00e9sifs\/rubans-adhesifs-simple-face\/film-pptfe-revetu-de-silicone-chr-hm350\/","og_site_name":"cardinal TAPES","article_modified_time":"2025-07-02T11:25:01+00:00","og_image":[{"width":415,"height":415,"url":"https:\/\/cardinal-tapes.com\/wp-content\/uploads\/CHR-TV-A_153082.png","type":"image\/png"}],"twitter_card":"summary_large_image","twitter_misc":{"Dur\u00e9e de lecture estim\u00e9e":"1 minute"},"schema":{"@context":"https:\/\/schema.org","@graph":[{"@type":"WebPage","@id":"https:\/\/cardinal-tapes.com\/fr\/rubans-adh\u00e9sifs\/rubans-adhesifs-simple-face\/film-pptfe-revetu-de-silicone-chr-hm350\/","url":"https:\/\/cardinal-tapes.com\/fr\/rubans-adh\u00e9sifs\/rubans-adhesifs-simple-face\/film-pptfe-revetu-de-silicone-chr-hm350\/","name":"CHR\u00aeHM350 Film PTFE rev\u00eatu de silicone | Cardinal TAPES","isPartOf":{"@id":"https:\/\/cardinal-tapes.com\/#website"},"primaryImageOfPage":{"@id":"https:\/\/cardinal-tapes.com\/fr\/rubans-adh\u00e9sifs\/rubans-adhesifs-simple-face\/film-pptfe-revetu-de-silicone-chr-hm350\/#primaryimage"},"image":{"@id":"https:\/\/cardinal-tapes.com\/fr\/rubans-adh\u00e9sifs\/rubans-adhesifs-simple-face\/film-pptfe-revetu-de-silicone-chr-hm350\/#primaryimage"},"thumbnailUrl":"https:\/\/cardinal-tapes.com\/wp-content\/uploads\/CHR-TV-A_153082.png","datePublished":"2020-11-25T09:35:05+00:00","dateModified":"2025-07-02T11:25:01+00:00","description":"Le CHR\u00ae HM350 est fabriqu\u00e9 \u00e0 partir d'un film de PTFE modifi\u00e9 haut module, rev\u00eatu d'un adh\u00e9sif silicone r\u00e9sistant \u00e0 des temp\u00e9ratures d'utilisation tr\u00e8s \u00e9lev\u00e9es.","breadcrumb":{"@id":"https:\/\/cardinal-tapes.com\/fr\/rubans-adh\u00e9sifs\/rubans-adhesifs-simple-face\/film-pptfe-revetu-de-silicone-chr-hm350\/#breadcrumb"},"inLanguage":"fr-FR","potentialAction":[{"@type":"ReadAction","target":["https:\/\/cardinal-tapes.com\/fr\/rubans-adh\u00e9sifs\/rubans-adhesifs-simple-face\/film-pptfe-revetu-de-silicone-chr-hm350\/"]}]},{"@type":"ImageObject","inLanguage":"fr-FR","@id":"https:\/\/cardinal-tapes.com\/fr\/rubans-adh\u00e9sifs\/rubans-adhesifs-simple-face\/film-pptfe-revetu-de-silicone-chr-hm350\/#primaryimage","url":"https:\/\/cardinal-tapes.com\/wp-content\/uploads\/CHR-TV-A_153082.png","contentUrl":"https:\/\/cardinal-tapes.com\/wp-content\/uploads\/CHR-TV-A_153082.png","width":415,"height":415},{"@type":"BreadcrumbList","@id":"https:\/\/cardinal-tapes.com\/fr\/rubans-adh\u00e9sifs\/rubans-adhesifs-simple-face\/film-pptfe-revetu-de-silicone-chr-hm350\/#breadcrumb","itemListElement":[{"@type":"ListItem","position":1,"name":"Startseite","item":"https:\/\/cardinal-tapes.com\/fr\/accueil\/"},{"@type":"ListItem","position":2,"name":"Rubans adh\u00e9sifs","item":"https:\/\/cardinal-tapes.com\/fr\/rubans-adhesifs-fr\/"},{"@type":"ListItem","position":3,"name":"Rubans adh\u00e9sifs simple face","item":"https:\/\/cardinal-tapes.com\/fr\/catgorie\/rubans-adhesifs-simple-face\/"},{"@type":"ListItem","position":4,"name":"Film PTFE rev\u00eatu de silicone CHR\u00ae HM350"}]},{"@type":"WebSite","@id":"https:\/\/cardinal-tapes.com\/#website","url":"https:\/\/cardinal-tapes.com\/","name":"cardinal TAPES","description":"Klebetechnik aus Wuppertal","potentialAction":[{"@type":"SearchAction","target":{"@type":"EntryPoint","urlTemplate":"https:\/\/cardinal-tapes.com\/?s={search_term_string}"},"query-input":{"@type":"PropertyValueSpecification","valueRequired":true,"valueName":"search_term_string"}}],"inLanguage":"fr-FR"}]}},"brands":[{"id":4050,"name":"Saint-Gobain CHR Tape","slug":"saint-gobain-performance-plastics-chr-fr"},{"id":2330,"name":"Saint-Gobain Performance Plastics","slug":"saint-gobain-fr"}],"_links":{"self":[{"href":"https:\/\/cardinal-tapes.com\/fr\/wp-json\/wp\/v2\/product\/43435","targetHints":{"allow":["GET"]}}],"collection":[{"href":"https:\/\/cardinal-tapes.com\/fr\/wp-json\/wp\/v2\/product"}],"about":[{"href":"https:\/\/cardinal-tapes.com\/fr\/wp-json\/wp\/v2\/types\/product"}],"wp:featuredmedia":[{"embeddable":true,"href":"https:\/\/cardinal-tapes.com\/fr\/wp-json\/wp\/v2\/media\/28568"}],"wp:attachment":[{"href":"https:\/\/cardinal-tapes.com\/fr\/wp-json\/wp\/v2\/media?parent=43435"}],"wp:term":[{"taxonomy":"pwb-brand","embeddable":true,"href":"https:\/\/cardinal-tapes.com\/fr\/wp-json\/wp\/v2\/pwb-brand?post=43435"},{"taxonomy":"product_brand","embeddable":true,"href":"https:\/\/cardinal-tapes.com\/fr\/wp-json\/wp\/v2\/product_brand?post=43435"},{"taxonomy":"product_cat","embeddable":true,"href":"https:\/\/cardinal-tapes.com\/fr\/wp-json\/wp\/v2\/product_cat?post=43435"},{"taxonomy":"product_tag","embeddable":true,"href":"https:\/\/cardinal-tapes.com\/fr\/wp-json\/wp\/v2\/product_tag?post=43435"}],"curies":[{"name":"wp","href":"https:\/\/api.w.org\/{rel}","templated":true}]}}