{"id":43433,"date":"2020-11-25T10:41:46","date_gmt":"2020-11-25T09:41:46","guid":{"rendered":"https:\/\/cardinal.pixel-tal.de\/klebebaender\/non%20class\u00e9\/film-ptfe-revetu-de-silicone-chr-hm650\/"},"modified":"2025-07-02T13:25:01","modified_gmt":"2025-07-02T11:25:01","slug":"film-pptfe-revetu-de-silicone-chr-hm650","status":"publish","type":"product","link":"https:\/\/cardinal-tapes.com\/fr\/rubans-adh\u00e9sifs\/rubans-adhesifs-simple-face\/film-pptfe-revetu-de-silicone-chr-hm650\/","title":{"rendered":"Film PTFE rev\u00eatu de silicone CHR\u00ae HM650"},"content":{"rendered":"<p>Le CHR\u00ae HM650 est fabriqu\u00e9 \u00e0 partir d&#8217;un film de PTFE modifi\u00e9 haut module, recouvert d&#8217;un adh\u00e9sif silicone r\u00e9sistant \u00e0 des temp\u00e9ratures d&#8217;utilisation tr\u00e8s \u00e9lev\u00e9es.<\/p>\n<p>Pour faciliter la manipulation, les films subissent un traitement sp\u00e9cial qui r\u00e9duit l&#8217;\u00e9tirement et augmente la r\u00e9sistance \u00e0 la rupture. Une face est recouverte d&#8217;un adh\u00e9sif sensible \u00e0 la pression \u00e0 base de silicone et l&#8217;autre pr\u00e9sente une fine feuille de PTFE avec une bonne adaptabilit\u00e9 \u00e0 la forme et un faible coefficient de frottement. Le support offre une excellente r\u00e9sistance \u00e0 la chaleur et est chimiquement inerte. Ce ruban est r\u00e9sistant aux intemp\u00e9ries, stable et non toxique.<\/p>\n<div><strong>Fonctions\/avantages<\/strong><\/div>\n<div>Pour faciliter leur manipulation, les films des CHR HM430 et HM650 sont soumis \u00e0 un traitement sp\u00e9cial qui r\u00e9duit l&#8217;\u00e9tirement et<\/div>\n<div>R\u00e9sistance \u00e0 la rupture accrue. Une face est recouverte d&#8217;un adh\u00e9sif sensible \u00e0 la pression \u00e0 base de silicone et l&#8217;autre face pr\u00e9sente une fine feuille de PTFE avec une bonne capacit\u00e9 d&#8217;adaptation \u00e0 la forme et un<\/div>\n<div>faible coefficient de frottement. Le support offre une excellente r\u00e9sistance \u00e0 la chaleur et est chimiquement inerte.<\/div>\n<div>Ce ruban est r\u00e9sistant aux intemp\u00e9ries, stable et non toxique. Le CHR HM650 est conforme aux exigences de la norme MIL-I-23594C Type 1, Classe 4.<\/div>\n<div><\/div>\n<div>\n<div class=\"page\" data-page-number=\"1\" data-loaded=\"true\">\n<div class=\"textLayer\">\n<div><strong>Domaines d&#8217;application<\/strong><\/div>\n<div>Les CHR HM430 et HM650 sont souvent utilis\u00e9s comme rubans de masquage pour le collage des m\u00e9taux, pour le masquage des cylindres des extrudeuses de plastique et pour les faisceaux de c\u00e2bles fins.<\/div>\n<div>Ils sont utilis\u00e9s dans les applications de pose \u00e0 plat qui n\u00e9cessitent des propri\u00e9t\u00e9s de glissement et une r\u00e9sistance aux solvants.<\/div>\n<div class=\"endOfContent\"><\/div>\n<\/div>\n<\/div>\n<div class=\"page\" data-page-number=\"2\" data-loaded=\"true\"><\/div>\n<\/div>\n","protected":false},"excerpt":{"rendered":"<p>Le CHR\u00ae HM650 est fabriqu\u00e9 \u00e0 partir d&#8217;un film de PTFE modifi\u00e9 haut module, recouvert d&#8217;un adh\u00e9sif silicone r\u00e9sistant \u00e0 des temp\u00e9ratures d&#8217;utilisation tr\u00e8s \u00e9lev\u00e9es. Pour faciliter la manipulation, les films subissent un traitement sp\u00e9cial qui r\u00e9duit l&#8217;\u00e9tirement et augmente la r\u00e9sistance \u00e0 la rupture. Une face est recouverte d&#8217;un adh\u00e9sif sensible \u00e0 la pression [&hellip;]<\/p>\n","protected":false},"featured_media":28568,"template":"","meta":{"_acf_changed":false},"pwb-brand":[4050,2330],"product_brand":[],"product_cat":[1836],"product_tag":[],"class_list":{"0":"post-43433","1":"product","2":"type-product","3":"status-publish","4":"has-post-thumbnail","6":"pwb-brand-saint-gobain-performance-plastics-chr-fr","7":"pwb-brand-saint-gobain-fr","8":"product_cat-rubans-adhesifs-simple-face","10":"first","11":"instock","12":"taxable","13":"shipping-taxable","14":"product-type-variable"},"acf":[],"yoast_head":"<!-- This site is optimized with the Yoast SEO plugin v27.3 - https:\/\/yoast.com\/product\/yoast-seo-wordpress\/ -->\n<title>CHR\u00aeHM650 Film PTFE rev\u00eatu de silicone | Cardinal TAPES<\/title>\n<meta name=\"description\" content=\"Le CHR\u00ae HM650 est fabriqu\u00e9 \u00e0 partir d&#039;un film de PTFE modifi\u00e9 haut module, recouvert d&#039;un adh\u00e9sif silicone r\u00e9sistant \u00e0 des temp\u00e9ratures d&#039;utilisation tr\u00e8s \u00e9lev\u00e9es.\" \/>\n<meta name=\"robots\" content=\"index, follow, max-snippet:-1, max-image-preview:large, max-video-preview:-1\" \/>\n<link rel=\"canonical\" href=\"https:\/\/cardinal-tapes.com\/fr\/rubans-adh\u00e9sifs\/rubans-adhesifs-simple-face\/film-pptfe-revetu-de-silicone-chr-hm650\/\" \/>\n<meta property=\"og:locale\" content=\"fr_FR\" \/>\n<meta property=\"og:type\" content=\"article\" \/>\n<meta property=\"og:title\" content=\"CHR\u00aeHM650 Film PTFE rev\u00eatu de silicone | Cardinal TAPES\" \/>\n<meta property=\"og:description\" content=\"Le CHR\u00ae HM650 est fabriqu\u00e9 \u00e0 partir d&#039;un film de PTFE modifi\u00e9 haut module, recouvert d&#039;un adh\u00e9sif silicone r\u00e9sistant \u00e0 des temp\u00e9ratures d&#039;utilisation tr\u00e8s \u00e9lev\u00e9es.\" \/>\n<meta property=\"og:url\" content=\"https:\/\/cardinal-tapes.com\/fr\/rubans-adh\u00e9sifs\/rubans-adhesifs-simple-face\/film-pptfe-revetu-de-silicone-chr-hm650\/\" \/>\n<meta property=\"og:site_name\" content=\"cardinal TAPES\" \/>\n<meta property=\"article:modified_time\" content=\"2025-07-02T11:25:01+00:00\" \/>\n<meta property=\"og:image\" content=\"https:\/\/cardinal-tapes.com\/wp-content\/uploads\/CHR-TV-A_153082.png\" \/>\n\t<meta property=\"og:image:width\" content=\"415\" \/>\n\t<meta property=\"og:image:height\" content=\"415\" \/>\n\t<meta property=\"og:image:type\" content=\"image\/png\" \/>\n<meta name=\"twitter:card\" content=\"summary_large_image\" \/>\n<meta name=\"twitter:label1\" content=\"Dur\u00e9e de lecture estim\u00e9e\" \/>\n\t<meta name=\"twitter:data1\" content=\"1 minute\" \/>\n<script type=\"application\/ld+json\" class=\"yoast-schema-graph\">{\"@context\":\"https:\\\/\\\/schema.org\",\"@graph\":[{\"@type\":\"WebPage\",\"@id\":\"https:\\\/\\\/cardinal-tapes.com\\\/fr\\\/rubans-adh\u00e9sifs\\\/rubans-adhesifs-simple-face\\\/film-pptfe-revetu-de-silicone-chr-hm650\\\/\",\"url\":\"https:\\\/\\\/cardinal-tapes.com\\\/fr\\\/rubans-adh\u00e9sifs\\\/rubans-adhesifs-simple-face\\\/film-pptfe-revetu-de-silicone-chr-hm650\\\/\",\"name\":\"CHR\u00aeHM650 Film PTFE rev\u00eatu de silicone | Cardinal TAPES\",\"isPartOf\":{\"@id\":\"https:\\\/\\\/cardinal-tapes.com\\\/#website\"},\"primaryImageOfPage\":{\"@id\":\"https:\\\/\\\/cardinal-tapes.com\\\/fr\\\/rubans-adh\u00e9sifs\\\/rubans-adhesifs-simple-face\\\/film-pptfe-revetu-de-silicone-chr-hm650\\\/#primaryimage\"},\"image\":{\"@id\":\"https:\\\/\\\/cardinal-tapes.com\\\/fr\\\/rubans-adh\u00e9sifs\\\/rubans-adhesifs-simple-face\\\/film-pptfe-revetu-de-silicone-chr-hm650\\\/#primaryimage\"},\"thumbnailUrl\":\"https:\\\/\\\/cardinal-tapes.com\\\/wp-content\\\/uploads\\\/CHR-TV-A_153082.png\",\"datePublished\":\"2020-11-25T09:41:46+00:00\",\"dateModified\":\"2025-07-02T11:25:01+00:00\",\"description\":\"Le CHR\u00ae HM650 est fabriqu\u00e9 \u00e0 partir d'un film de PTFE modifi\u00e9 haut module, recouvert d'un adh\u00e9sif silicone r\u00e9sistant \u00e0 des temp\u00e9ratures d'utilisation tr\u00e8s \u00e9lev\u00e9es.\",\"breadcrumb\":{\"@id\":\"https:\\\/\\\/cardinal-tapes.com\\\/fr\\\/rubans-adh\u00e9sifs\\\/rubans-adhesifs-simple-face\\\/film-pptfe-revetu-de-silicone-chr-hm650\\\/#breadcrumb\"},\"inLanguage\":\"fr-FR\",\"potentialAction\":[{\"@type\":\"ReadAction\",\"target\":[\"https:\\\/\\\/cardinal-tapes.com\\\/fr\\\/rubans-adh\u00e9sifs\\\/rubans-adhesifs-simple-face\\\/film-pptfe-revetu-de-silicone-chr-hm650\\\/\"]}]},{\"@type\":\"ImageObject\",\"inLanguage\":\"fr-FR\",\"@id\":\"https:\\\/\\\/cardinal-tapes.com\\\/fr\\\/rubans-adh\u00e9sifs\\\/rubans-adhesifs-simple-face\\\/film-pptfe-revetu-de-silicone-chr-hm650\\\/#primaryimage\",\"url\":\"https:\\\/\\\/cardinal-tapes.com\\\/wp-content\\\/uploads\\\/CHR-TV-A_153082.png\",\"contentUrl\":\"https:\\\/\\\/cardinal-tapes.com\\\/wp-content\\\/uploads\\\/CHR-TV-A_153082.png\",\"width\":415,\"height\":415},{\"@type\":\"BreadcrumbList\",\"@id\":\"https:\\\/\\\/cardinal-tapes.com\\\/fr\\\/rubans-adh\u00e9sifs\\\/rubans-adhesifs-simple-face\\\/film-pptfe-revetu-de-silicone-chr-hm650\\\/#breadcrumb\",\"itemListElement\":[{\"@type\":\"ListItem\",\"position\":1,\"name\":\"Startseite\",\"item\":\"https:\\\/\\\/cardinal-tapes.com\\\/fr\\\/accueil\\\/\"},{\"@type\":\"ListItem\",\"position\":2,\"name\":\"Rubans adh\u00e9sifs\",\"item\":\"https:\\\/\\\/cardinal-tapes.com\\\/fr\\\/rubans-adhesifs-fr\\\/\"},{\"@type\":\"ListItem\",\"position\":3,\"name\":\"Rubans adh\u00e9sifs simple face\",\"item\":\"https:\\\/\\\/cardinal-tapes.com\\\/fr\\\/catgorie\\\/rubans-adhesifs-simple-face\\\/\"},{\"@type\":\"ListItem\",\"position\":4,\"name\":\"Film PTFE rev\u00eatu de silicone CHR\u00ae HM650\"}]},{\"@type\":\"WebSite\",\"@id\":\"https:\\\/\\\/cardinal-tapes.com\\\/#website\",\"url\":\"https:\\\/\\\/cardinal-tapes.com\\\/\",\"name\":\"cardinal TAPES\",\"description\":\"Klebetechnik aus Wuppertal\",\"potentialAction\":[{\"@type\":\"SearchAction\",\"target\":{\"@type\":\"EntryPoint\",\"urlTemplate\":\"https:\\\/\\\/cardinal-tapes.com\\\/?s={search_term_string}\"},\"query-input\":{\"@type\":\"PropertyValueSpecification\",\"valueRequired\":true,\"valueName\":\"search_term_string\"}}],\"inLanguage\":\"fr-FR\"}]}<\/script>\n<!-- \/ Yoast SEO plugin. -->","yoast_head_json":{"title":"CHR\u00aeHM650 Film PTFE rev\u00eatu de silicone | Cardinal TAPES","description":"Le CHR\u00ae HM650 est fabriqu\u00e9 \u00e0 partir d'un film de PTFE modifi\u00e9 haut module, recouvert d'un adh\u00e9sif silicone r\u00e9sistant \u00e0 des temp\u00e9ratures d'utilisation tr\u00e8s \u00e9lev\u00e9es.","robots":{"index":"index","follow":"follow","max-snippet":"max-snippet:-1","max-image-preview":"max-image-preview:large","max-video-preview":"max-video-preview:-1"},"canonical":"https:\/\/cardinal-tapes.com\/fr\/rubans-adh\u00e9sifs\/rubans-adhesifs-simple-face\/film-pptfe-revetu-de-silicone-chr-hm650\/","og_locale":"fr_FR","og_type":"article","og_title":"CHR\u00aeHM650 Film PTFE rev\u00eatu de silicone | Cardinal TAPES","og_description":"Le CHR\u00ae HM650 est fabriqu\u00e9 \u00e0 partir d'un film de PTFE modifi\u00e9 haut module, recouvert d'un adh\u00e9sif silicone r\u00e9sistant \u00e0 des temp\u00e9ratures d'utilisation tr\u00e8s \u00e9lev\u00e9es.","og_url":"https:\/\/cardinal-tapes.com\/fr\/rubans-adh\u00e9sifs\/rubans-adhesifs-simple-face\/film-pptfe-revetu-de-silicone-chr-hm650\/","og_site_name":"cardinal TAPES","article_modified_time":"2025-07-02T11:25:01+00:00","og_image":[{"width":415,"height":415,"url":"https:\/\/cardinal-tapes.com\/wp-content\/uploads\/CHR-TV-A_153082.png","type":"image\/png"}],"twitter_card":"summary_large_image","twitter_misc":{"Dur\u00e9e de lecture estim\u00e9e":"1 minute"},"schema":{"@context":"https:\/\/schema.org","@graph":[{"@type":"WebPage","@id":"https:\/\/cardinal-tapes.com\/fr\/rubans-adh\u00e9sifs\/rubans-adhesifs-simple-face\/film-pptfe-revetu-de-silicone-chr-hm650\/","url":"https:\/\/cardinal-tapes.com\/fr\/rubans-adh\u00e9sifs\/rubans-adhesifs-simple-face\/film-pptfe-revetu-de-silicone-chr-hm650\/","name":"CHR\u00aeHM650 Film PTFE rev\u00eatu de silicone | Cardinal TAPES","isPartOf":{"@id":"https:\/\/cardinal-tapes.com\/#website"},"primaryImageOfPage":{"@id":"https:\/\/cardinal-tapes.com\/fr\/rubans-adh\u00e9sifs\/rubans-adhesifs-simple-face\/film-pptfe-revetu-de-silicone-chr-hm650\/#primaryimage"},"image":{"@id":"https:\/\/cardinal-tapes.com\/fr\/rubans-adh\u00e9sifs\/rubans-adhesifs-simple-face\/film-pptfe-revetu-de-silicone-chr-hm650\/#primaryimage"},"thumbnailUrl":"https:\/\/cardinal-tapes.com\/wp-content\/uploads\/CHR-TV-A_153082.png","datePublished":"2020-11-25T09:41:46+00:00","dateModified":"2025-07-02T11:25:01+00:00","description":"Le CHR\u00ae HM650 est fabriqu\u00e9 \u00e0 partir d'un film de PTFE modifi\u00e9 haut module, recouvert d'un adh\u00e9sif silicone r\u00e9sistant \u00e0 des temp\u00e9ratures d'utilisation tr\u00e8s \u00e9lev\u00e9es.","breadcrumb":{"@id":"https:\/\/cardinal-tapes.com\/fr\/rubans-adh\u00e9sifs\/rubans-adhesifs-simple-face\/film-pptfe-revetu-de-silicone-chr-hm650\/#breadcrumb"},"inLanguage":"fr-FR","potentialAction":[{"@type":"ReadAction","target":["https:\/\/cardinal-tapes.com\/fr\/rubans-adh\u00e9sifs\/rubans-adhesifs-simple-face\/film-pptfe-revetu-de-silicone-chr-hm650\/"]}]},{"@type":"ImageObject","inLanguage":"fr-FR","@id":"https:\/\/cardinal-tapes.com\/fr\/rubans-adh\u00e9sifs\/rubans-adhesifs-simple-face\/film-pptfe-revetu-de-silicone-chr-hm650\/#primaryimage","url":"https:\/\/cardinal-tapes.com\/wp-content\/uploads\/CHR-TV-A_153082.png","contentUrl":"https:\/\/cardinal-tapes.com\/wp-content\/uploads\/CHR-TV-A_153082.png","width":415,"height":415},{"@type":"BreadcrumbList","@id":"https:\/\/cardinal-tapes.com\/fr\/rubans-adh\u00e9sifs\/rubans-adhesifs-simple-face\/film-pptfe-revetu-de-silicone-chr-hm650\/#breadcrumb","itemListElement":[{"@type":"ListItem","position":1,"name":"Startseite","item":"https:\/\/cardinal-tapes.com\/fr\/accueil\/"},{"@type":"ListItem","position":2,"name":"Rubans adh\u00e9sifs","item":"https:\/\/cardinal-tapes.com\/fr\/rubans-adhesifs-fr\/"},{"@type":"ListItem","position":3,"name":"Rubans adh\u00e9sifs simple face","item":"https:\/\/cardinal-tapes.com\/fr\/catgorie\/rubans-adhesifs-simple-face\/"},{"@type":"ListItem","position":4,"name":"Film PTFE rev\u00eatu de silicone CHR\u00ae HM650"}]},{"@type":"WebSite","@id":"https:\/\/cardinal-tapes.com\/#website","url":"https:\/\/cardinal-tapes.com\/","name":"cardinal TAPES","description":"Klebetechnik aus Wuppertal","potentialAction":[{"@type":"SearchAction","target":{"@type":"EntryPoint","urlTemplate":"https:\/\/cardinal-tapes.com\/?s={search_term_string}"},"query-input":{"@type":"PropertyValueSpecification","valueRequired":true,"valueName":"search_term_string"}}],"inLanguage":"fr-FR"}]}},"brands":[{"id":4050,"name":"Saint-Gobain CHR Tape","slug":"saint-gobain-performance-plastics-chr-fr"},{"id":2330,"name":"Saint-Gobain Performance Plastics","slug":"saint-gobain-fr"}],"_links":{"self":[{"href":"https:\/\/cardinal-tapes.com\/fr\/wp-json\/wp\/v2\/product\/43433","targetHints":{"allow":["GET"]}}],"collection":[{"href":"https:\/\/cardinal-tapes.com\/fr\/wp-json\/wp\/v2\/product"}],"about":[{"href":"https:\/\/cardinal-tapes.com\/fr\/wp-json\/wp\/v2\/types\/product"}],"wp:featuredmedia":[{"embeddable":true,"href":"https:\/\/cardinal-tapes.com\/fr\/wp-json\/wp\/v2\/media\/28568"}],"wp:attachment":[{"href":"https:\/\/cardinal-tapes.com\/fr\/wp-json\/wp\/v2\/media?parent=43433"}],"wp:term":[{"taxonomy":"pwb-brand","embeddable":true,"href":"https:\/\/cardinal-tapes.com\/fr\/wp-json\/wp\/v2\/pwb-brand?post=43433"},{"taxonomy":"product_brand","embeddable":true,"href":"https:\/\/cardinal-tapes.com\/fr\/wp-json\/wp\/v2\/product_brand?post=43433"},{"taxonomy":"product_cat","embeddable":true,"href":"https:\/\/cardinal-tapes.com\/fr\/wp-json\/wp\/v2\/product_cat?post=43433"},{"taxonomy":"product_tag","embeddable":true,"href":"https:\/\/cardinal-tapes.com\/fr\/wp-json\/wp\/v2\/product_tag?post=43433"}],"curies":[{"name":"wp","href":"https:\/\/api.w.org\/{rel}","templated":true}]}}