{"id":43018,"date":"2020-11-25T14:00:05","date_gmt":"2023-06-05T14:56:57","guid":{"rendered":"https:\/\/cardinal.pixel-tal.de\/klebebaender\/non class\u00e9\/norbond-a7200-bande-de-mousse-acrylique-double-face\/"},"modified":"2023-06-05T16:56:57","modified_gmt":"2023-06-05T14:56:57","slug":"norbonda7200-adhesif-double-face-a-noyau-acrylique","status":"publish","type":"product","link":"https:\/\/cardinal-tapes.com\/fr\/rubans-adh\u00e9sifs\/rubans-adhesifs-double-face\/norbonda7200-adhesif-double-face-a-noyau-acrylique\/","title":{"rendered":"Norbond\u00ae A7200 Bande de mousse acrylique double face"},"content":{"rendered":"<p>Une fois appliqu\u00e9, le Norbond\u00ae A7200 est pratiquement invisible et r\u00e9pond ainsi aux exigences visuelles et conceptuelles les plus \u00e9lev\u00e9es pour le collage du verre et des mat\u00e9riaux transparents.<\/p>\n<p>Caract\u00e9ristiques :<br \/>\n&#8211; Grande adaptabilit\u00e9 \u00e0 la forme et extensibilit\u00e9<br \/>\n&#8211; R\u00e9sistance aux intemp\u00e9ries (UV et temp\u00e9ratures \u00e9lev\u00e9es)<br \/>\n&#8211; Force de maintien (T-Block) et r\u00e9sistance au cisaillement dynamique de premier ordre<br \/>\n&#8211; Excellente r\u00e9sistance au cisaillement statique<br \/>\n&#8211; Tenue durable \u00e0 haute temp\u00e9rature<br \/>\n&#8211; Amortissement des forces de choc et de charge<br \/>\n&#8211; collage uniforme et invisible<\/p>\n","protected":false},"excerpt":{"rendered":"<p>Une fois appliqu\u00e9, le Norbond\u00ae A7200 est pratiquement invisible et r\u00e9pond ainsi aux exigences visuelles et conceptuelles les plus \u00e9lev\u00e9es pour le collage du verre et des mat\u00e9riaux transparents. Caract\u00e9ristiques : &#8211; Grande adaptabilit\u00e9 \u00e0 la forme et extensibilit\u00e9 &#8211; R\u00e9sistance aux intemp\u00e9ries (UV et temp\u00e9ratures \u00e9lev\u00e9es) &#8211; Force de maintien (T-Block) et r\u00e9sistance au [&hellip;]<\/p>\n","protected":false},"featured_media":28480,"template":"","meta":{"_acf_changed":false},"pwb-brand":[4199,2330],"product_brand":[],"product_cat":[1834],"product_tag":[],"class_list":{"0":"post-43018","1":"product","2":"type-product","3":"status-publish","4":"has-post-thumbnail","6":"pwb-brand-saint-gobain-performance-plastics-norbond-fr","7":"pwb-brand-saint-gobain-fr","8":"product_cat-rubans-adhesifs-double-face","10":"first","11":"instock","12":"taxable","13":"shipping-taxable","14":"product-type-variable"},"acf":[],"yoast_head":"<!-- This site is optimized with the Yoast SEO plugin v27.3 - https:\/\/yoast.com\/product\/yoast-seo-wordpress\/ -->\n<title>Norbond\u00aeA7200 bande de mousse acrylique double face | Cardinal TAPES<\/title>\n<meta name=\"description\" content=\"Une fois appliqu\u00e9, le Norbond\u00ae A7200 est pratiquement invisible et r\u00e9pond ainsi aux exigences visuelles et conceptuelles les plus \u00e9lev\u00e9es pour le collage du verre et des mat\u00e9riaux transparents.\" \/>\n<meta name=\"robots\" content=\"index, follow, max-snippet:-1, max-image-preview:large, max-video-preview:-1\" \/>\n<link rel=\"canonical\" href=\"https:\/\/cardinal-tapes.com\/fr\/rubans-adh\u00e9sifs\/rubans-adhesifs-double-face\/norbonda7200-adhesif-double-face-a-noyau-acrylique\/\" \/>\n<meta property=\"og:locale\" content=\"fr_FR\" \/>\n<meta property=\"og:type\" content=\"article\" \/>\n<meta property=\"og:title\" content=\"Norbond\u00aeA7200 bande de mousse acrylique double face | Cardinal TAPES\" \/>\n<meta property=\"og:description\" content=\"Une fois appliqu\u00e9, le Norbond\u00ae A7200 est pratiquement invisible et r\u00e9pond ainsi aux exigences visuelles et conceptuelles les plus \u00e9lev\u00e9es pour le collage du verre et des mat\u00e9riaux transparents.\" \/>\n<meta property=\"og:url\" content=\"https:\/\/cardinal-tapes.com\/fr\/rubans-adh\u00e9sifs\/rubans-adhesifs-double-face\/norbonda7200-adhesif-double-face-a-noyau-acrylique\/\" \/>\n<meta property=\"og:site_name\" content=\"cardinal TAPES\" \/>\n<meta property=\"og:image\" content=\"https:\/\/cardinal-tapes.com\/wp-content\/uploads\/Norbond-Acrylic-A7200-A_153086.png\" \/>\n\t<meta property=\"og:image:width\" content=\"415\" \/>\n\t<meta property=\"og:image:height\" content=\"415\" \/>\n\t<meta property=\"og:image:type\" content=\"image\/png\" \/>\n<meta name=\"twitter:card\" content=\"summary_large_image\" \/>\n<script type=\"application\/ld+json\" class=\"yoast-schema-graph\">{\"@context\":\"https:\\\/\\\/schema.org\",\"@graph\":[{\"@type\":\"WebPage\",\"@id\":\"https:\\\/\\\/cardinal-tapes.com\\\/fr\\\/rubans-adh\u00e9sifs\\\/rubans-adhesifs-double-face\\\/norbonda7200-adhesif-double-face-a-noyau-acrylique\\\/\",\"url\":\"https:\\\/\\\/cardinal-tapes.com\\\/fr\\\/rubans-adh\u00e9sifs\\\/rubans-adhesifs-double-face\\\/norbonda7200-adhesif-double-face-a-noyau-acrylique\\\/\",\"name\":\"Norbond\u00aeA7200 bande de mousse acrylique double face | Cardinal TAPES\",\"isPartOf\":{\"@id\":\"https:\\\/\\\/cardinal-tapes.com\\\/#website\"},\"primaryImageOfPage\":{\"@id\":\"https:\\\/\\\/cardinal-tapes.com\\\/fr\\\/rubans-adh\u00e9sifs\\\/rubans-adhesifs-double-face\\\/norbonda7200-adhesif-double-face-a-noyau-acrylique\\\/#primaryimage\"},\"image\":{\"@id\":\"https:\\\/\\\/cardinal-tapes.com\\\/fr\\\/rubans-adh\u00e9sifs\\\/rubans-adhesifs-double-face\\\/norbonda7200-adhesif-double-face-a-noyau-acrylique\\\/#primaryimage\"},\"thumbnailUrl\":\"https:\\\/\\\/cardinal-tapes.com\\\/wp-content\\\/uploads\\\/Norbond-Acrylic-A7200-A_153086.png\",\"datePublished\":\"2023-06-05T14:56:57+00:00\",\"description\":\"Une fois appliqu\u00e9, le Norbond\u00ae A7200 est pratiquement invisible et r\u00e9pond ainsi aux exigences visuelles et conceptuelles les plus \u00e9lev\u00e9es pour le collage du verre et des mat\u00e9riaux transparents.\",\"breadcrumb\":{\"@id\":\"https:\\\/\\\/cardinal-tapes.com\\\/fr\\\/rubans-adh\u00e9sifs\\\/rubans-adhesifs-double-face\\\/norbonda7200-adhesif-double-face-a-noyau-acrylique\\\/#breadcrumb\"},\"inLanguage\":\"fr-FR\",\"potentialAction\":[{\"@type\":\"ReadAction\",\"target\":[\"https:\\\/\\\/cardinal-tapes.com\\\/fr\\\/rubans-adh\u00e9sifs\\\/rubans-adhesifs-double-face\\\/norbonda7200-adhesif-double-face-a-noyau-acrylique\\\/\"]}]},{\"@type\":\"ImageObject\",\"inLanguage\":\"fr-FR\",\"@id\":\"https:\\\/\\\/cardinal-tapes.com\\\/fr\\\/rubans-adh\u00e9sifs\\\/rubans-adhesifs-double-face\\\/norbonda7200-adhesif-double-face-a-noyau-acrylique\\\/#primaryimage\",\"url\":\"https:\\\/\\\/cardinal-tapes.com\\\/wp-content\\\/uploads\\\/Norbond-Acrylic-A7200-A_153086.png\",\"contentUrl\":\"https:\\\/\\\/cardinal-tapes.com\\\/wp-content\\\/uploads\\\/Norbond-Acrylic-A7200-A_153086.png\",\"width\":415,\"height\":415},{\"@type\":\"BreadcrumbList\",\"@id\":\"https:\\\/\\\/cardinal-tapes.com\\\/fr\\\/rubans-adh\u00e9sifs\\\/rubans-adhesifs-double-face\\\/norbonda7200-adhesif-double-face-a-noyau-acrylique\\\/#breadcrumb\",\"itemListElement\":[{\"@type\":\"ListItem\",\"position\":1,\"name\":\"Startseite\",\"item\":\"https:\\\/\\\/cardinal-tapes.com\\\/fr\\\/accueil\\\/\"},{\"@type\":\"ListItem\",\"position\":2,\"name\":\"Rubans adh\u00e9sifs\",\"item\":\"https:\\\/\\\/cardinal-tapes.com\\\/fr\\\/rubans-adhesifs-fr\\\/\"},{\"@type\":\"ListItem\",\"position\":3,\"name\":\"Rubans adh\u00e9sifs double face\",\"item\":\"https:\\\/\\\/cardinal-tapes.com\\\/fr\\\/catgorie\\\/rubans-adhesifs-double-face\\\/\"},{\"@type\":\"ListItem\",\"position\":4,\"name\":\"Norbond\u00ae A7200 Bande de mousse acrylique double face\"}]},{\"@type\":\"WebSite\",\"@id\":\"https:\\\/\\\/cardinal-tapes.com\\\/#website\",\"url\":\"https:\\\/\\\/cardinal-tapes.com\\\/\",\"name\":\"cardinal TAPES\",\"description\":\"Klebetechnik aus Wuppertal\",\"potentialAction\":[{\"@type\":\"SearchAction\",\"target\":{\"@type\":\"EntryPoint\",\"urlTemplate\":\"https:\\\/\\\/cardinal-tapes.com\\\/?s={search_term_string}\"},\"query-input\":{\"@type\":\"PropertyValueSpecification\",\"valueRequired\":true,\"valueName\":\"search_term_string\"}}],\"inLanguage\":\"fr-FR\"}]}<\/script>\n<!-- \/ Yoast SEO plugin. -->","yoast_head_json":{"title":"Norbond\u00aeA7200 bande de mousse acrylique double face | Cardinal TAPES","description":"Une fois appliqu\u00e9, le Norbond\u00ae A7200 est pratiquement invisible et r\u00e9pond ainsi aux exigences visuelles et conceptuelles les plus \u00e9lev\u00e9es pour le collage du verre et des mat\u00e9riaux transparents.","robots":{"index":"index","follow":"follow","max-snippet":"max-snippet:-1","max-image-preview":"max-image-preview:large","max-video-preview":"max-video-preview:-1"},"canonical":"https:\/\/cardinal-tapes.com\/fr\/rubans-adh\u00e9sifs\/rubans-adhesifs-double-face\/norbonda7200-adhesif-double-face-a-noyau-acrylique\/","og_locale":"fr_FR","og_type":"article","og_title":"Norbond\u00aeA7200 bande de mousse acrylique double face | Cardinal TAPES","og_description":"Une fois appliqu\u00e9, le Norbond\u00ae A7200 est pratiquement invisible et r\u00e9pond ainsi aux exigences visuelles et conceptuelles les plus \u00e9lev\u00e9es pour le collage du verre et des mat\u00e9riaux transparents.","og_url":"https:\/\/cardinal-tapes.com\/fr\/rubans-adh\u00e9sifs\/rubans-adhesifs-double-face\/norbonda7200-adhesif-double-face-a-noyau-acrylique\/","og_site_name":"cardinal TAPES","og_image":[{"width":415,"height":415,"url":"https:\/\/cardinal-tapes.com\/wp-content\/uploads\/Norbond-Acrylic-A7200-A_153086.png","type":"image\/png"}],"twitter_card":"summary_large_image","schema":{"@context":"https:\/\/schema.org","@graph":[{"@type":"WebPage","@id":"https:\/\/cardinal-tapes.com\/fr\/rubans-adh\u00e9sifs\/rubans-adhesifs-double-face\/norbonda7200-adhesif-double-face-a-noyau-acrylique\/","url":"https:\/\/cardinal-tapes.com\/fr\/rubans-adh\u00e9sifs\/rubans-adhesifs-double-face\/norbonda7200-adhesif-double-face-a-noyau-acrylique\/","name":"Norbond\u00aeA7200 bande de mousse acrylique double face | Cardinal TAPES","isPartOf":{"@id":"https:\/\/cardinal-tapes.com\/#website"},"primaryImageOfPage":{"@id":"https:\/\/cardinal-tapes.com\/fr\/rubans-adh\u00e9sifs\/rubans-adhesifs-double-face\/norbonda7200-adhesif-double-face-a-noyau-acrylique\/#primaryimage"},"image":{"@id":"https:\/\/cardinal-tapes.com\/fr\/rubans-adh\u00e9sifs\/rubans-adhesifs-double-face\/norbonda7200-adhesif-double-face-a-noyau-acrylique\/#primaryimage"},"thumbnailUrl":"https:\/\/cardinal-tapes.com\/wp-content\/uploads\/Norbond-Acrylic-A7200-A_153086.png","datePublished":"2023-06-05T14:56:57+00:00","description":"Une fois appliqu\u00e9, le Norbond\u00ae A7200 est pratiquement invisible et r\u00e9pond ainsi aux exigences visuelles et conceptuelles les plus \u00e9lev\u00e9es pour le collage du verre et des mat\u00e9riaux transparents.","breadcrumb":{"@id":"https:\/\/cardinal-tapes.com\/fr\/rubans-adh\u00e9sifs\/rubans-adhesifs-double-face\/norbonda7200-adhesif-double-face-a-noyau-acrylique\/#breadcrumb"},"inLanguage":"fr-FR","potentialAction":[{"@type":"ReadAction","target":["https:\/\/cardinal-tapes.com\/fr\/rubans-adh\u00e9sifs\/rubans-adhesifs-double-face\/norbonda7200-adhesif-double-face-a-noyau-acrylique\/"]}]},{"@type":"ImageObject","inLanguage":"fr-FR","@id":"https:\/\/cardinal-tapes.com\/fr\/rubans-adh\u00e9sifs\/rubans-adhesifs-double-face\/norbonda7200-adhesif-double-face-a-noyau-acrylique\/#primaryimage","url":"https:\/\/cardinal-tapes.com\/wp-content\/uploads\/Norbond-Acrylic-A7200-A_153086.png","contentUrl":"https:\/\/cardinal-tapes.com\/wp-content\/uploads\/Norbond-Acrylic-A7200-A_153086.png","width":415,"height":415},{"@type":"BreadcrumbList","@id":"https:\/\/cardinal-tapes.com\/fr\/rubans-adh\u00e9sifs\/rubans-adhesifs-double-face\/norbonda7200-adhesif-double-face-a-noyau-acrylique\/#breadcrumb","itemListElement":[{"@type":"ListItem","position":1,"name":"Startseite","item":"https:\/\/cardinal-tapes.com\/fr\/accueil\/"},{"@type":"ListItem","position":2,"name":"Rubans adh\u00e9sifs","item":"https:\/\/cardinal-tapes.com\/fr\/rubans-adhesifs-fr\/"},{"@type":"ListItem","position":3,"name":"Rubans adh\u00e9sifs double face","item":"https:\/\/cardinal-tapes.com\/fr\/catgorie\/rubans-adhesifs-double-face\/"},{"@type":"ListItem","position":4,"name":"Norbond\u00ae A7200 Bande de mousse acrylique double face"}]},{"@type":"WebSite","@id":"https:\/\/cardinal-tapes.com\/#website","url":"https:\/\/cardinal-tapes.com\/","name":"cardinal TAPES","description":"Klebetechnik aus Wuppertal","potentialAction":[{"@type":"SearchAction","target":{"@type":"EntryPoint","urlTemplate":"https:\/\/cardinal-tapes.com\/?s={search_term_string}"},"query-input":{"@type":"PropertyValueSpecification","valueRequired":true,"valueName":"search_term_string"}}],"inLanguage":"fr-FR"}]}},"brands":[{"id":4199,"name":"Saint-Gobain Norbond","slug":"saint-gobain-performance-plastics-norbond-fr"},{"id":2330,"name":"Saint-Gobain Performance Plastics","slug":"saint-gobain-fr"}],"_links":{"self":[{"href":"https:\/\/cardinal-tapes.com\/fr\/wp-json\/wp\/v2\/product\/43018","targetHints":{"allow":["GET"]}}],"collection":[{"href":"https:\/\/cardinal-tapes.com\/fr\/wp-json\/wp\/v2\/product"}],"about":[{"href":"https:\/\/cardinal-tapes.com\/fr\/wp-json\/wp\/v2\/types\/product"}],"wp:featuredmedia":[{"embeddable":true,"href":"https:\/\/cardinal-tapes.com\/fr\/wp-json\/wp\/v2\/media\/28480"}],"wp:attachment":[{"href":"https:\/\/cardinal-tapes.com\/fr\/wp-json\/wp\/v2\/media?parent=43018"}],"wp:term":[{"taxonomy":"pwb-brand","embeddable":true,"href":"https:\/\/cardinal-tapes.com\/fr\/wp-json\/wp\/v2\/pwb-brand?post=43018"},{"taxonomy":"product_brand","embeddable":true,"href":"https:\/\/cardinal-tapes.com\/fr\/wp-json\/wp\/v2\/product_brand?post=43018"},{"taxonomy":"product_cat","embeddable":true,"href":"https:\/\/cardinal-tapes.com\/fr\/wp-json\/wp\/v2\/product_cat?post=43018"},{"taxonomy":"product_tag","embeddable":true,"href":"https:\/\/cardinal-tapes.com\/fr\/wp-json\/wp\/v2\/product_tag?post=43018"}],"curies":[{"name":"wp","href":"https:\/\/api.w.org\/{rel}","templated":true}]}}