{"id":43017,"date":"2020-11-25T10:54:11","date_gmt":"2023-06-05T14:56:57","guid":{"rendered":"https:\/\/cardinal.pixel-tal.de\/klebebaender\/non class\u00e9\/chr-k100-film-polyimide-avec-adhesif-resistant-a-la-chaleur\/"},"modified":"2023-06-05T16:56:57","modified_gmt":"2023-06-05T14:56:57","slug":"chr-k100-film-polymide-avec-adhesif-silicone-resistant","status":"publish","type":"product","link":"https:\/\/cardinal-tapes.com\/fr\/rubans-adh\u00e9sifs\/rubans-adhesifs-double-face\/chr-k100-film-polymide-avec-adhesif-silicone-resistant\/","title":{"rendered":"CHR\u00ae K100 Film polyimide avec adh\u00e9sif r\u00e9sistant \u00e0 la chaleur"},"content":{"rendered":"<p>Le CHR\u00ae K100 est fabriqu\u00e9 \u00e0 partir d&#8217;un film de polyimide dont les deux faces sont recouvertes d&#8217;un adh\u00e9sif silicone r\u00e9sistant \u00e0 des temp\u00e9ratures d&#8217;utilisation tr\u00e8s \u00e9lev\u00e9es.<\/p>\n<div><strong>Fonctions\/avantages<\/strong><\/div>\n<div>Le CHR\u00ae K100 poss\u00e8de d&#8217;excellentes propri\u00e9t\u00e9s m\u00e9caniques et \u00e9lectriques ainsi qu&#8217;une excellente rigidit\u00e9 di\u00e9lectrique.<\/div>\n<div>Le CHR\u00ae K100 offre une bonne r\u00e9sistance \u00e0 la chaleur et une faible absorption de l&#8217;humidit\u00e9. Le K100 est utilis\u00e9 comme isolant haute tension.<\/div>\n<div>Le support en polyimide est conforme aux exigences de la norme MIL-P-46112B.<\/div>\n<div><\/div>\n<div>\n<div class=\"page\" data-page-number=\"1\" data-loaded=\"true\">\n<div class=\"textLayer\">\n<div><strong>Domaines d&#8217;application<\/strong><\/div>\n<div>La conception du CHR\u00ae K100 r\u00e9pond aux exigences d&#8217;un support en polyimide thermoplastique r\u00e9sistant.<\/div>\n<div>L&#8217;adh\u00e9sif silicone offre \u00e9galement une bonne r\u00e9sistance \u00e0 la chaleur, ce qui rend le produit adapt\u00e9 \u00e0 de nombreuses applications dans le montage de composants \u00e9lectroniques.<\/div>\n<div>et dans l&#8217;isolation \u00e9lectrique.<\/div>\n<div class=\"endOfContent\"><\/div>\n<\/div>\n<\/div>\n<div class=\"page\" data-page-number=\"2\" data-loaded=\"true\">\n<div class=\"canvasWrapper\"><\/div>\n<div class=\"textLayer\"><\/div>\n<\/div>\n<\/div>\n","protected":false},"excerpt":{"rendered":"<p>Le CHR\u00ae K100 est fabriqu\u00e9 \u00e0 partir d&#8217;un film de polyimide dont les deux faces sont recouvertes d&#8217;un adh\u00e9sif silicone r\u00e9sistant \u00e0 des temp\u00e9ratures d&#8217;utilisation tr\u00e8s \u00e9lev\u00e9es. Fonctions\/avantages Le CHR\u00ae K100 poss\u00e8de d&#8217;excellentes propri\u00e9t\u00e9s m\u00e9caniques et \u00e9lectriques ainsi qu&#8217;une excellente rigidit\u00e9 di\u00e9lectrique. Le CHR\u00ae K100 offre une bonne r\u00e9sistance \u00e0 la chaleur et une faible [&hellip;]<\/p>\n","protected":false},"featured_media":28564,"template":"","meta":{"_acf_changed":false},"pwb-brand":[4050,2330],"product_brand":[],"product_cat":[1834],"product_tag":[],"class_list":{"0":"post-43017","1":"product","2":"type-product","3":"status-publish","4":"has-post-thumbnail","6":"pwb-brand-saint-gobain-performance-plastics-chr-fr","7":"pwb-brand-saint-gobain-fr","8":"product_cat-rubans-adhesifs-double-face","10":"first","11":"instock","12":"taxable","13":"shipping-taxable","14":"product-type-variable"},"acf":[],"yoast_head":"<!-- This site is optimized with the Yoast SEO plugin v27.3 - https:\/\/yoast.com\/product\/yoast-seo-wordpress\/ -->\n<title>CHR\u00ae K100 Film polymide avec adh\u00e9sif silicone r\u00e9sistant | Cardinal TAPES<\/title>\n<meta name=\"description\" content=\"Le CHR\u00ae K100 est fabriqu\u00e9 \u00e0 partir d&#039;un film de polyimide dont les deux faces sont recouvertes d&#039;un adh\u00e9sif silicone r\u00e9sistant \u00e0 des temp\u00e9ratures d&#039;utilisation tr\u00e8s \u00e9lev\u00e9es.\" \/>\n<meta name=\"robots\" content=\"index, follow, max-snippet:-1, max-image-preview:large, max-video-preview:-1\" \/>\n<link rel=\"canonical\" href=\"https:\/\/cardinal-tapes.com\/fr\/rubans-adh\u00e9sifs\/rubans-adhesifs-double-face\/chr-k100-film-polymide-avec-adhesif-silicone-resistant\/\" \/>\n<meta property=\"og:locale\" content=\"fr_FR\" \/>\n<meta property=\"og:type\" content=\"article\" \/>\n<meta property=\"og:title\" content=\"CHR\u00ae K100 Film polymide avec adh\u00e9sif silicone r\u00e9sistant | Cardinal TAPES\" \/>\n<meta property=\"og:description\" content=\"Le CHR\u00ae K100 est fabriqu\u00e9 \u00e0 partir d&#039;un film de polyimide dont les deux faces sont recouvertes d&#039;un adh\u00e9sif silicone r\u00e9sistant \u00e0 des temp\u00e9ratures d&#039;utilisation tr\u00e8s \u00e9lev\u00e9es.\" \/>\n<meta property=\"og:url\" content=\"https:\/\/cardinal-tapes.com\/fr\/rubans-adh\u00e9sifs\/rubans-adhesifs-double-face\/chr-k100-film-polymide-avec-adhesif-silicone-resistant\/\" \/>\n<meta property=\"og:site_name\" content=\"cardinal TAPES\" \/>\n<meta property=\"og:image\" content=\"https:\/\/cardinal-tapes.com\/wp-content\/uploads\/CHR-K100-A_153053.png\" \/>\n\t<meta property=\"og:image:width\" content=\"415\" \/>\n\t<meta property=\"og:image:height\" content=\"415\" \/>\n\t<meta property=\"og:image:type\" content=\"image\/png\" \/>\n<meta name=\"twitter:card\" content=\"summary_large_image\" \/>\n<meta name=\"twitter:label1\" content=\"Dur\u00e9e de lecture estim\u00e9e\" \/>\n\t<meta name=\"twitter:data1\" content=\"1 minute\" \/>\n<script type=\"application\/ld+json\" class=\"yoast-schema-graph\">{\"@context\":\"https:\\\/\\\/schema.org\",\"@graph\":[{\"@type\":\"WebPage\",\"@id\":\"https:\\\/\\\/cardinal-tapes.com\\\/fr\\\/rubans-adh\u00e9sifs\\\/rubans-adhesifs-double-face\\\/chr-k100-film-polymide-avec-adhesif-silicone-resistant\\\/\",\"url\":\"https:\\\/\\\/cardinal-tapes.com\\\/fr\\\/rubans-adh\u00e9sifs\\\/rubans-adhesifs-double-face\\\/chr-k100-film-polymide-avec-adhesif-silicone-resistant\\\/\",\"name\":\"CHR\u00ae K100 Film polymide avec adh\u00e9sif silicone r\u00e9sistant | Cardinal TAPES\",\"isPartOf\":{\"@id\":\"https:\\\/\\\/cardinal-tapes.com\\\/#website\"},\"primaryImageOfPage\":{\"@id\":\"https:\\\/\\\/cardinal-tapes.com\\\/fr\\\/rubans-adh\u00e9sifs\\\/rubans-adhesifs-double-face\\\/chr-k100-film-polymide-avec-adhesif-silicone-resistant\\\/#primaryimage\"},\"image\":{\"@id\":\"https:\\\/\\\/cardinal-tapes.com\\\/fr\\\/rubans-adh\u00e9sifs\\\/rubans-adhesifs-double-face\\\/chr-k100-film-polymide-avec-adhesif-silicone-resistant\\\/#primaryimage\"},\"thumbnailUrl\":\"https:\\\/\\\/cardinal-tapes.com\\\/wp-content\\\/uploads\\\/CHR-K100-A_153053.png\",\"datePublished\":\"2023-06-05T14:56:57+00:00\",\"description\":\"Le CHR\u00ae K100 est fabriqu\u00e9 \u00e0 partir d'un film de polyimide dont les deux faces sont recouvertes d'un adh\u00e9sif silicone r\u00e9sistant \u00e0 des temp\u00e9ratures d'utilisation tr\u00e8s \u00e9lev\u00e9es.\",\"breadcrumb\":{\"@id\":\"https:\\\/\\\/cardinal-tapes.com\\\/fr\\\/rubans-adh\u00e9sifs\\\/rubans-adhesifs-double-face\\\/chr-k100-film-polymide-avec-adhesif-silicone-resistant\\\/#breadcrumb\"},\"inLanguage\":\"fr-FR\",\"potentialAction\":[{\"@type\":\"ReadAction\",\"target\":[\"https:\\\/\\\/cardinal-tapes.com\\\/fr\\\/rubans-adh\u00e9sifs\\\/rubans-adhesifs-double-face\\\/chr-k100-film-polymide-avec-adhesif-silicone-resistant\\\/\"]}]},{\"@type\":\"ImageObject\",\"inLanguage\":\"fr-FR\",\"@id\":\"https:\\\/\\\/cardinal-tapes.com\\\/fr\\\/rubans-adh\u00e9sifs\\\/rubans-adhesifs-double-face\\\/chr-k100-film-polymide-avec-adhesif-silicone-resistant\\\/#primaryimage\",\"url\":\"https:\\\/\\\/cardinal-tapes.com\\\/wp-content\\\/uploads\\\/CHR-K100-A_153053.png\",\"contentUrl\":\"https:\\\/\\\/cardinal-tapes.com\\\/wp-content\\\/uploads\\\/CHR-K100-A_153053.png\",\"width\":415,\"height\":415},{\"@type\":\"BreadcrumbList\",\"@id\":\"https:\\\/\\\/cardinal-tapes.com\\\/fr\\\/rubans-adh\u00e9sifs\\\/rubans-adhesifs-double-face\\\/chr-k100-film-polymide-avec-adhesif-silicone-resistant\\\/#breadcrumb\",\"itemListElement\":[{\"@type\":\"ListItem\",\"position\":1,\"name\":\"Startseite\",\"item\":\"https:\\\/\\\/cardinal-tapes.com\\\/fr\\\/accueil\\\/\"},{\"@type\":\"ListItem\",\"position\":2,\"name\":\"Rubans adh\u00e9sifs\",\"item\":\"https:\\\/\\\/cardinal-tapes.com\\\/fr\\\/rubans-adhesifs-fr\\\/\"},{\"@type\":\"ListItem\",\"position\":3,\"name\":\"Rubans adh\u00e9sifs double face\",\"item\":\"https:\\\/\\\/cardinal-tapes.com\\\/fr\\\/catgorie\\\/rubans-adhesifs-double-face\\\/\"},{\"@type\":\"ListItem\",\"position\":4,\"name\":\"CHR\u00ae K100 Film polyimide avec adh\u00e9sif r\u00e9sistant \u00e0 la chaleur\"}]},{\"@type\":\"WebSite\",\"@id\":\"https:\\\/\\\/cardinal-tapes.com\\\/#website\",\"url\":\"https:\\\/\\\/cardinal-tapes.com\\\/\",\"name\":\"cardinal TAPES\",\"description\":\"Klebetechnik aus Wuppertal\",\"potentialAction\":[{\"@type\":\"SearchAction\",\"target\":{\"@type\":\"EntryPoint\",\"urlTemplate\":\"https:\\\/\\\/cardinal-tapes.com\\\/?s={search_term_string}\"},\"query-input\":{\"@type\":\"PropertyValueSpecification\",\"valueRequired\":true,\"valueName\":\"search_term_string\"}}],\"inLanguage\":\"fr-FR\"}]}<\/script>\n<!-- \/ Yoast SEO plugin. -->","yoast_head_json":{"title":"CHR\u00ae K100 Film polymide avec adh\u00e9sif silicone r\u00e9sistant | Cardinal TAPES","description":"Le CHR\u00ae K100 est fabriqu\u00e9 \u00e0 partir d'un film de polyimide dont les deux faces sont recouvertes d'un adh\u00e9sif silicone r\u00e9sistant \u00e0 des temp\u00e9ratures d'utilisation tr\u00e8s \u00e9lev\u00e9es.","robots":{"index":"index","follow":"follow","max-snippet":"max-snippet:-1","max-image-preview":"max-image-preview:large","max-video-preview":"max-video-preview:-1"},"canonical":"https:\/\/cardinal-tapes.com\/fr\/rubans-adh\u00e9sifs\/rubans-adhesifs-double-face\/chr-k100-film-polymide-avec-adhesif-silicone-resistant\/","og_locale":"fr_FR","og_type":"article","og_title":"CHR\u00ae K100 Film polymide avec adh\u00e9sif silicone r\u00e9sistant | Cardinal TAPES","og_description":"Le CHR\u00ae K100 est fabriqu\u00e9 \u00e0 partir d'un film de polyimide dont les deux faces sont recouvertes d'un adh\u00e9sif silicone r\u00e9sistant \u00e0 des temp\u00e9ratures d'utilisation tr\u00e8s \u00e9lev\u00e9es.","og_url":"https:\/\/cardinal-tapes.com\/fr\/rubans-adh\u00e9sifs\/rubans-adhesifs-double-face\/chr-k100-film-polymide-avec-adhesif-silicone-resistant\/","og_site_name":"cardinal TAPES","og_image":[{"width":415,"height":415,"url":"https:\/\/cardinal-tapes.com\/wp-content\/uploads\/CHR-K100-A_153053.png","type":"image\/png"}],"twitter_card":"summary_large_image","twitter_misc":{"Dur\u00e9e de lecture estim\u00e9e":"1 minute"},"schema":{"@context":"https:\/\/schema.org","@graph":[{"@type":"WebPage","@id":"https:\/\/cardinal-tapes.com\/fr\/rubans-adh\u00e9sifs\/rubans-adhesifs-double-face\/chr-k100-film-polymide-avec-adhesif-silicone-resistant\/","url":"https:\/\/cardinal-tapes.com\/fr\/rubans-adh\u00e9sifs\/rubans-adhesifs-double-face\/chr-k100-film-polymide-avec-adhesif-silicone-resistant\/","name":"CHR\u00ae K100 Film polymide avec adh\u00e9sif silicone r\u00e9sistant | Cardinal TAPES","isPartOf":{"@id":"https:\/\/cardinal-tapes.com\/#website"},"primaryImageOfPage":{"@id":"https:\/\/cardinal-tapes.com\/fr\/rubans-adh\u00e9sifs\/rubans-adhesifs-double-face\/chr-k100-film-polymide-avec-adhesif-silicone-resistant\/#primaryimage"},"image":{"@id":"https:\/\/cardinal-tapes.com\/fr\/rubans-adh\u00e9sifs\/rubans-adhesifs-double-face\/chr-k100-film-polymide-avec-adhesif-silicone-resistant\/#primaryimage"},"thumbnailUrl":"https:\/\/cardinal-tapes.com\/wp-content\/uploads\/CHR-K100-A_153053.png","datePublished":"2023-06-05T14:56:57+00:00","description":"Le CHR\u00ae K100 est fabriqu\u00e9 \u00e0 partir d'un film de polyimide dont les deux faces sont recouvertes d'un adh\u00e9sif silicone r\u00e9sistant \u00e0 des temp\u00e9ratures d'utilisation tr\u00e8s \u00e9lev\u00e9es.","breadcrumb":{"@id":"https:\/\/cardinal-tapes.com\/fr\/rubans-adh\u00e9sifs\/rubans-adhesifs-double-face\/chr-k100-film-polymide-avec-adhesif-silicone-resistant\/#breadcrumb"},"inLanguage":"fr-FR","potentialAction":[{"@type":"ReadAction","target":["https:\/\/cardinal-tapes.com\/fr\/rubans-adh\u00e9sifs\/rubans-adhesifs-double-face\/chr-k100-film-polymide-avec-adhesif-silicone-resistant\/"]}]},{"@type":"ImageObject","inLanguage":"fr-FR","@id":"https:\/\/cardinal-tapes.com\/fr\/rubans-adh\u00e9sifs\/rubans-adhesifs-double-face\/chr-k100-film-polymide-avec-adhesif-silicone-resistant\/#primaryimage","url":"https:\/\/cardinal-tapes.com\/wp-content\/uploads\/CHR-K100-A_153053.png","contentUrl":"https:\/\/cardinal-tapes.com\/wp-content\/uploads\/CHR-K100-A_153053.png","width":415,"height":415},{"@type":"BreadcrumbList","@id":"https:\/\/cardinal-tapes.com\/fr\/rubans-adh\u00e9sifs\/rubans-adhesifs-double-face\/chr-k100-film-polymide-avec-adhesif-silicone-resistant\/#breadcrumb","itemListElement":[{"@type":"ListItem","position":1,"name":"Startseite","item":"https:\/\/cardinal-tapes.com\/fr\/accueil\/"},{"@type":"ListItem","position":2,"name":"Rubans adh\u00e9sifs","item":"https:\/\/cardinal-tapes.com\/fr\/rubans-adhesifs-fr\/"},{"@type":"ListItem","position":3,"name":"Rubans adh\u00e9sifs double face","item":"https:\/\/cardinal-tapes.com\/fr\/catgorie\/rubans-adhesifs-double-face\/"},{"@type":"ListItem","position":4,"name":"CHR\u00ae K100 Film polyimide avec adh\u00e9sif r\u00e9sistant \u00e0 la chaleur"}]},{"@type":"WebSite","@id":"https:\/\/cardinal-tapes.com\/#website","url":"https:\/\/cardinal-tapes.com\/","name":"cardinal TAPES","description":"Klebetechnik aus Wuppertal","potentialAction":[{"@type":"SearchAction","target":{"@type":"EntryPoint","urlTemplate":"https:\/\/cardinal-tapes.com\/?s={search_term_string}"},"query-input":{"@type":"PropertyValueSpecification","valueRequired":true,"valueName":"search_term_string"}}],"inLanguage":"fr-FR"}]}},"brands":[{"id":4050,"name":"Saint-Gobain CHR Tape","slug":"saint-gobain-performance-plastics-chr-fr"},{"id":2330,"name":"Saint-Gobain Performance Plastics","slug":"saint-gobain-fr"}],"_links":{"self":[{"href":"https:\/\/cardinal-tapes.com\/fr\/wp-json\/wp\/v2\/product\/43017","targetHints":{"allow":["GET"]}}],"collection":[{"href":"https:\/\/cardinal-tapes.com\/fr\/wp-json\/wp\/v2\/product"}],"about":[{"href":"https:\/\/cardinal-tapes.com\/fr\/wp-json\/wp\/v2\/types\/product"}],"wp:featuredmedia":[{"embeddable":true,"href":"https:\/\/cardinal-tapes.com\/fr\/wp-json\/wp\/v2\/media\/28564"}],"wp:attachment":[{"href":"https:\/\/cardinal-tapes.com\/fr\/wp-json\/wp\/v2\/media?parent=43017"}],"wp:term":[{"taxonomy":"pwb-brand","embeddable":true,"href":"https:\/\/cardinal-tapes.com\/fr\/wp-json\/wp\/v2\/pwb-brand?post=43017"},{"taxonomy":"product_brand","embeddable":true,"href":"https:\/\/cardinal-tapes.com\/fr\/wp-json\/wp\/v2\/product_brand?post=43017"},{"taxonomy":"product_cat","embeddable":true,"href":"https:\/\/cardinal-tapes.com\/fr\/wp-json\/wp\/v2\/product_cat?post=43017"},{"taxonomy":"product_tag","embeddable":true,"href":"https:\/\/cardinal-tapes.com\/fr\/wp-json\/wp\/v2\/product_tag?post=43017"}],"curies":[{"name":"wp","href":"https:\/\/api.w.org\/{rel}","templated":true}]}}