{"id":43014,"date":"2020-11-25T10:47:19","date_gmt":"2023-06-05T14:56:57","guid":{"rendered":"https:\/\/cardinal.pixel-tal.de\/klebebaender\/non class\u00e9\/chr-hv60-18-tissu-de-verre-enduit-de-silicone\/"},"modified":"2023-06-05T16:56:57","modified_gmt":"2023-06-05T14:56:57","slug":"chr-hv60-18-tissu-en-fibre-de-verre-revetu-de-silicone","status":"publish","type":"product","link":"https:\/\/cardinal-tapes.com\/fr\/rubans-adh\u00e9sifs\/rubans-adhesifs-simple-face\/chr-hv60-18-tissu-en-fibre-de-verre-revetu-de-silicone\/","title":{"rendered":"CHR\u00ae HV60-18 Tissu de verre enduit de silicone"},"content":{"rendered":"<p>Le CHR\u00ae HV60 est un tissu en fibre de verre enduit de silicone avec un adh\u00e9sif silicone.<\/p>\n<p><strong>Fonctions\/avantages<\/strong><\/p>\n<p>&#8211; Haute r\u00e9sistance \u00e0 la temp\u00e9rature<br \/>\n&#8211; Tr\u00e8s grande r\u00e9sistance \u00e0 l&#8217;abrasion<br \/>\n&#8211; Fonctionne comme un isolant thermique<br \/>\n&#8211; Tr\u00e8s flexible et bonne capacit\u00e9 d&#8217;adaptation \u00e0 la forme<br \/>\n&#8211; Ne laisse pas de r\u00e9sidus lors du retrait<\/p>\n<div class=\"page\" data-page-number=\"1\" data-loaded=\"true\">\n<div class=\"textLayer\">\n<div><strong>Domaines d&#8217;application<\/strong><\/div>\n<div>CHR HV60 est con\u00e7u pour \u00eatre utilis\u00e9 dans des conditions d&#8217;abrasion extr\u00eame, comme c&#8217;est le cas avec les syst\u00e8mes HVOF et de projection plasma thermique. Le produit est utilis\u00e9 dans des syst\u00e8mes avec des liquides et des<\/div>\n<div>combustibles gazeux utilis\u00e9s dans la projection de m\u00e9taux, de c\u00e9ramiques et de carbures.<\/div>\n<div class=\"endOfContent\"><\/div>\n<\/div>\n<\/div>\n<div class=\"page\" data-page-number=\"2\" data-loaded=\"true\"><\/div>\n<p>&nbsp;<\/p>\n","protected":false},"excerpt":{"rendered":"<p>Le CHR\u00ae HV60 est un tissu en fibre de verre enduit de silicone avec un adh\u00e9sif silicone. Fonctions\/avantages &#8211; Haute r\u00e9sistance \u00e0 la temp\u00e9rature &#8211; Tr\u00e8s grande r\u00e9sistance \u00e0 l&#8217;abrasion &#8211; Fonctionne comme un isolant thermique &#8211; Tr\u00e8s flexible et bonne capacit\u00e9 d&#8217;adaptation \u00e0 la forme &#8211; Ne laisse pas de r\u00e9sidus lors du retrait [&hellip;]<\/p>\n","protected":false},"featured_media":28580,"template":"","meta":{"_acf_changed":false},"pwb-brand":[4050,2330],"product_brand":[],"product_cat":[1836],"product_tag":[],"class_list":{"0":"post-43014","1":"product","2":"type-product","3":"status-publish","4":"has-post-thumbnail","6":"pwb-brand-saint-gobain-performance-plastics-chr-fr","7":"pwb-brand-saint-gobain-fr","8":"product_cat-rubans-adhesifs-simple-face","10":"first","11":"instock","12":"taxable","13":"shipping-taxable","14":"product-type-variable"},"acf":[],"yoast_head":"<!-- This site is optimized with the Yoast SEO plugin v27.3 - https:\/\/yoast.com\/product\/yoast-seo-wordpress\/ -->\n<title>CHR\u00aeHV60 Tissu de verre enduit de silicone | Cardinal TAPES<\/title>\n<meta name=\"description\" content=\"Le CHR\u00ae HV60 est un tissu en fibre de verre enduit de silicone avec un adh\u00e9sif silicone.\" \/>\n<meta name=\"robots\" content=\"index, follow, max-snippet:-1, max-image-preview:large, max-video-preview:-1\" \/>\n<link rel=\"canonical\" href=\"https:\/\/cardinal-tapes.com\/fr\/rubans-adh\u00e9sifs\/rubans-adhesifs-simple-face\/chr-hv60-18-tissu-en-fibre-de-verre-revetu-de-silicone\/\" \/>\n<meta property=\"og:locale\" content=\"fr_FR\" \/>\n<meta property=\"og:type\" content=\"article\" \/>\n<meta property=\"og:title\" content=\"CHR\u00aeHV60 Tissu de verre enduit de silicone | Cardinal TAPES\" \/>\n<meta property=\"og:description\" content=\"Le CHR\u00ae HV60 est un tissu en fibre de verre enduit de silicone avec un adh\u00e9sif silicone.\" \/>\n<meta property=\"og:url\" content=\"https:\/\/cardinal-tapes.com\/fr\/rubans-adh\u00e9sifs\/rubans-adhesifs-simple-face\/chr-hv60-18-tissu-en-fibre-de-verre-revetu-de-silicone\/\" \/>\n<meta property=\"og:site_name\" content=\"cardinal TAPES\" \/>\n<meta property=\"og:image\" content=\"https:\/\/cardinal-tapes.com\/wp-content\/uploads\/CHR-HV60-18R-A_153052.png\" \/>\n\t<meta property=\"og:image:width\" content=\"415\" \/>\n\t<meta property=\"og:image:height\" content=\"415\" \/>\n\t<meta property=\"og:image:type\" content=\"image\/png\" \/>\n<meta name=\"twitter:card\" content=\"summary_large_image\" \/>\n<meta name=\"twitter:label1\" content=\"Dur\u00e9e de lecture estim\u00e9e\" \/>\n\t<meta name=\"twitter:data1\" content=\"1 minute\" \/>\n<script type=\"application\/ld+json\" class=\"yoast-schema-graph\">{\"@context\":\"https:\\\/\\\/schema.org\",\"@graph\":[{\"@type\":\"WebPage\",\"@id\":\"https:\\\/\\\/cardinal-tapes.com\\\/fr\\\/rubans-adh\u00e9sifs\\\/rubans-adhesifs-simple-face\\\/chr-hv60-18-tissu-en-fibre-de-verre-revetu-de-silicone\\\/\",\"url\":\"https:\\\/\\\/cardinal-tapes.com\\\/fr\\\/rubans-adh\u00e9sifs\\\/rubans-adhesifs-simple-face\\\/chr-hv60-18-tissu-en-fibre-de-verre-revetu-de-silicone\\\/\",\"name\":\"CHR\u00aeHV60 Tissu de verre enduit de silicone | Cardinal TAPES\",\"isPartOf\":{\"@id\":\"https:\\\/\\\/cardinal-tapes.com\\\/#website\"},\"primaryImageOfPage\":{\"@id\":\"https:\\\/\\\/cardinal-tapes.com\\\/fr\\\/rubans-adh\u00e9sifs\\\/rubans-adhesifs-simple-face\\\/chr-hv60-18-tissu-en-fibre-de-verre-revetu-de-silicone\\\/#primaryimage\"},\"image\":{\"@id\":\"https:\\\/\\\/cardinal-tapes.com\\\/fr\\\/rubans-adh\u00e9sifs\\\/rubans-adhesifs-simple-face\\\/chr-hv60-18-tissu-en-fibre-de-verre-revetu-de-silicone\\\/#primaryimage\"},\"thumbnailUrl\":\"https:\\\/\\\/cardinal-tapes.com\\\/wp-content\\\/uploads\\\/CHR-HV60-18R-A_153052.png\",\"datePublished\":\"2023-06-05T14:56:57+00:00\",\"description\":\"Le CHR\u00ae HV60 est un tissu en fibre de verre enduit de silicone avec un adh\u00e9sif silicone.\",\"breadcrumb\":{\"@id\":\"https:\\\/\\\/cardinal-tapes.com\\\/fr\\\/rubans-adh\u00e9sifs\\\/rubans-adhesifs-simple-face\\\/chr-hv60-18-tissu-en-fibre-de-verre-revetu-de-silicone\\\/#breadcrumb\"},\"inLanguage\":\"fr-FR\",\"potentialAction\":[{\"@type\":\"ReadAction\",\"target\":[\"https:\\\/\\\/cardinal-tapes.com\\\/fr\\\/rubans-adh\u00e9sifs\\\/rubans-adhesifs-simple-face\\\/chr-hv60-18-tissu-en-fibre-de-verre-revetu-de-silicone\\\/\"]}]},{\"@type\":\"ImageObject\",\"inLanguage\":\"fr-FR\",\"@id\":\"https:\\\/\\\/cardinal-tapes.com\\\/fr\\\/rubans-adh\u00e9sifs\\\/rubans-adhesifs-simple-face\\\/chr-hv60-18-tissu-en-fibre-de-verre-revetu-de-silicone\\\/#primaryimage\",\"url\":\"https:\\\/\\\/cardinal-tapes.com\\\/wp-content\\\/uploads\\\/CHR-HV60-18R-A_153052.png\",\"contentUrl\":\"https:\\\/\\\/cardinal-tapes.com\\\/wp-content\\\/uploads\\\/CHR-HV60-18R-A_153052.png\",\"width\":415,\"height\":415},{\"@type\":\"BreadcrumbList\",\"@id\":\"https:\\\/\\\/cardinal-tapes.com\\\/fr\\\/rubans-adh\u00e9sifs\\\/rubans-adhesifs-simple-face\\\/chr-hv60-18-tissu-en-fibre-de-verre-revetu-de-silicone\\\/#breadcrumb\",\"itemListElement\":[{\"@type\":\"ListItem\",\"position\":1,\"name\":\"Startseite\",\"item\":\"https:\\\/\\\/cardinal-tapes.com\\\/fr\\\/accueil\\\/\"},{\"@type\":\"ListItem\",\"position\":2,\"name\":\"Rubans adh\u00e9sifs\",\"item\":\"https:\\\/\\\/cardinal-tapes.com\\\/fr\\\/rubans-adhesifs-fr\\\/\"},{\"@type\":\"ListItem\",\"position\":3,\"name\":\"Rubans adh\u00e9sifs simple face\",\"item\":\"https:\\\/\\\/cardinal-tapes.com\\\/fr\\\/catgorie\\\/rubans-adhesifs-simple-face\\\/\"},{\"@type\":\"ListItem\",\"position\":4,\"name\":\"CHR\u00ae HV60-18 Tissu de verre enduit de silicone\"}]},{\"@type\":\"WebSite\",\"@id\":\"https:\\\/\\\/cardinal-tapes.com\\\/#website\",\"url\":\"https:\\\/\\\/cardinal-tapes.com\\\/\",\"name\":\"cardinal TAPES\",\"description\":\"Klebetechnik aus Wuppertal\",\"potentialAction\":[{\"@type\":\"SearchAction\",\"target\":{\"@type\":\"EntryPoint\",\"urlTemplate\":\"https:\\\/\\\/cardinal-tapes.com\\\/?s={search_term_string}\"},\"query-input\":{\"@type\":\"PropertyValueSpecification\",\"valueRequired\":true,\"valueName\":\"search_term_string\"}}],\"inLanguage\":\"fr-FR\"}]}<\/script>\n<!-- \/ Yoast SEO plugin. -->","yoast_head_json":{"title":"CHR\u00aeHV60 Tissu de verre enduit de silicone | Cardinal TAPES","description":"Le CHR\u00ae HV60 est un tissu en fibre de verre enduit de silicone avec un adh\u00e9sif silicone.","robots":{"index":"index","follow":"follow","max-snippet":"max-snippet:-1","max-image-preview":"max-image-preview:large","max-video-preview":"max-video-preview:-1"},"canonical":"https:\/\/cardinal-tapes.com\/fr\/rubans-adh\u00e9sifs\/rubans-adhesifs-simple-face\/chr-hv60-18-tissu-en-fibre-de-verre-revetu-de-silicone\/","og_locale":"fr_FR","og_type":"article","og_title":"CHR\u00aeHV60 Tissu de verre enduit de silicone | Cardinal TAPES","og_description":"Le CHR\u00ae HV60 est un tissu en fibre de verre enduit de silicone avec un adh\u00e9sif silicone.","og_url":"https:\/\/cardinal-tapes.com\/fr\/rubans-adh\u00e9sifs\/rubans-adhesifs-simple-face\/chr-hv60-18-tissu-en-fibre-de-verre-revetu-de-silicone\/","og_site_name":"cardinal TAPES","og_image":[{"width":415,"height":415,"url":"https:\/\/cardinal-tapes.com\/wp-content\/uploads\/CHR-HV60-18R-A_153052.png","type":"image\/png"}],"twitter_card":"summary_large_image","twitter_misc":{"Dur\u00e9e de lecture estim\u00e9e":"1 minute"},"schema":{"@context":"https:\/\/schema.org","@graph":[{"@type":"WebPage","@id":"https:\/\/cardinal-tapes.com\/fr\/rubans-adh\u00e9sifs\/rubans-adhesifs-simple-face\/chr-hv60-18-tissu-en-fibre-de-verre-revetu-de-silicone\/","url":"https:\/\/cardinal-tapes.com\/fr\/rubans-adh\u00e9sifs\/rubans-adhesifs-simple-face\/chr-hv60-18-tissu-en-fibre-de-verre-revetu-de-silicone\/","name":"CHR\u00aeHV60 Tissu de verre enduit de silicone | Cardinal TAPES","isPartOf":{"@id":"https:\/\/cardinal-tapes.com\/#website"},"primaryImageOfPage":{"@id":"https:\/\/cardinal-tapes.com\/fr\/rubans-adh\u00e9sifs\/rubans-adhesifs-simple-face\/chr-hv60-18-tissu-en-fibre-de-verre-revetu-de-silicone\/#primaryimage"},"image":{"@id":"https:\/\/cardinal-tapes.com\/fr\/rubans-adh\u00e9sifs\/rubans-adhesifs-simple-face\/chr-hv60-18-tissu-en-fibre-de-verre-revetu-de-silicone\/#primaryimage"},"thumbnailUrl":"https:\/\/cardinal-tapes.com\/wp-content\/uploads\/CHR-HV60-18R-A_153052.png","datePublished":"2023-06-05T14:56:57+00:00","description":"Le CHR\u00ae HV60 est un tissu en fibre de verre enduit de silicone avec un adh\u00e9sif silicone.","breadcrumb":{"@id":"https:\/\/cardinal-tapes.com\/fr\/rubans-adh\u00e9sifs\/rubans-adhesifs-simple-face\/chr-hv60-18-tissu-en-fibre-de-verre-revetu-de-silicone\/#breadcrumb"},"inLanguage":"fr-FR","potentialAction":[{"@type":"ReadAction","target":["https:\/\/cardinal-tapes.com\/fr\/rubans-adh\u00e9sifs\/rubans-adhesifs-simple-face\/chr-hv60-18-tissu-en-fibre-de-verre-revetu-de-silicone\/"]}]},{"@type":"ImageObject","inLanguage":"fr-FR","@id":"https:\/\/cardinal-tapes.com\/fr\/rubans-adh\u00e9sifs\/rubans-adhesifs-simple-face\/chr-hv60-18-tissu-en-fibre-de-verre-revetu-de-silicone\/#primaryimage","url":"https:\/\/cardinal-tapes.com\/wp-content\/uploads\/CHR-HV60-18R-A_153052.png","contentUrl":"https:\/\/cardinal-tapes.com\/wp-content\/uploads\/CHR-HV60-18R-A_153052.png","width":415,"height":415},{"@type":"BreadcrumbList","@id":"https:\/\/cardinal-tapes.com\/fr\/rubans-adh\u00e9sifs\/rubans-adhesifs-simple-face\/chr-hv60-18-tissu-en-fibre-de-verre-revetu-de-silicone\/#breadcrumb","itemListElement":[{"@type":"ListItem","position":1,"name":"Startseite","item":"https:\/\/cardinal-tapes.com\/fr\/accueil\/"},{"@type":"ListItem","position":2,"name":"Rubans adh\u00e9sifs","item":"https:\/\/cardinal-tapes.com\/fr\/rubans-adhesifs-fr\/"},{"@type":"ListItem","position":3,"name":"Rubans adh\u00e9sifs simple face","item":"https:\/\/cardinal-tapes.com\/fr\/catgorie\/rubans-adhesifs-simple-face\/"},{"@type":"ListItem","position":4,"name":"CHR\u00ae HV60-18 Tissu de verre enduit de silicone"}]},{"@type":"WebSite","@id":"https:\/\/cardinal-tapes.com\/#website","url":"https:\/\/cardinal-tapes.com\/","name":"cardinal TAPES","description":"Klebetechnik aus Wuppertal","potentialAction":[{"@type":"SearchAction","target":{"@type":"EntryPoint","urlTemplate":"https:\/\/cardinal-tapes.com\/?s={search_term_string}"},"query-input":{"@type":"PropertyValueSpecification","valueRequired":true,"valueName":"search_term_string"}}],"inLanguage":"fr-FR"}]}},"brands":[{"id":4050,"name":"Saint-Gobain CHR Tape","slug":"saint-gobain-performance-plastics-chr-fr"},{"id":2330,"name":"Saint-Gobain Performance Plastics","slug":"saint-gobain-fr"}],"_links":{"self":[{"href":"https:\/\/cardinal-tapes.com\/fr\/wp-json\/wp\/v2\/product\/43014","targetHints":{"allow":["GET"]}}],"collection":[{"href":"https:\/\/cardinal-tapes.com\/fr\/wp-json\/wp\/v2\/product"}],"about":[{"href":"https:\/\/cardinal-tapes.com\/fr\/wp-json\/wp\/v2\/types\/product"}],"wp:featuredmedia":[{"embeddable":true,"href":"https:\/\/cardinal-tapes.com\/fr\/wp-json\/wp\/v2\/media\/28580"}],"wp:attachment":[{"href":"https:\/\/cardinal-tapes.com\/fr\/wp-json\/wp\/v2\/media?parent=43014"}],"wp:term":[{"taxonomy":"pwb-brand","embeddable":true,"href":"https:\/\/cardinal-tapes.com\/fr\/wp-json\/wp\/v2\/pwb-brand?post=43014"},{"taxonomy":"product_brand","embeddable":true,"href":"https:\/\/cardinal-tapes.com\/fr\/wp-json\/wp\/v2\/product_brand?post=43014"},{"taxonomy":"product_cat","embeddable":true,"href":"https:\/\/cardinal-tapes.com\/fr\/wp-json\/wp\/v2\/product_cat?post=43014"},{"taxonomy":"product_tag","embeddable":true,"href":"https:\/\/cardinal-tapes.com\/fr\/wp-json\/wp\/v2\/product_tag?post=43014"}],"curies":[{"name":"wp","href":"https:\/\/api.w.org\/{rel}","templated":true}]}}