{"id":43013,"date":"2020-11-25T11:45:12","date_gmt":"2023-06-05T14:56:57","guid":{"rendered":"https:\/\/cardinal.pixel-tal.de\/klebebaender\/non%20class\u00e9\/chr-k102-film-polyimide-avec-adhesif-resistant-a-la-chaleur\/"},"modified":"2025-07-02T13:26:31","modified_gmt":"2025-07-02T11:26:31","slug":"chr-k102-feuille-polyimide-avec-adhesif-resistant-a-la-chaleur","status":"publish","type":"product","link":"https:\/\/cardinal-tapes.com\/fr\/rubans-adh\u00e9sifs\/rubans-adhesifs-simple-face\/chr-k102-feuille-polyimide-avec-adhesif-resistant-a-la-chaleur\/","title":{"rendered":"CHR\u00ae K102 Film polyimide avec adh\u00e9sif r\u00e9sistant \u00e0 la chaleur"},"content":{"rendered":"<p>Le CHR\u00ae K102 est fabriqu\u00e9 \u00e0 partir d&#8217;un film de polyimide avec un adh\u00e9sif r\u00e9sistant \u00e0 la chaleur.<\/p>\n<p>&nbsp;<\/p>\n<p>&nbsp;<\/p>\n<p>&nbsp;<\/p>\n","protected":false},"excerpt":{"rendered":"<p>Le CHR\u00ae K102 est fabriqu\u00e9 \u00e0 partir d&#8217;un film de polyimide avec un adh\u00e9sif r\u00e9sistant \u00e0 la chaleur. &nbsp; &nbsp; &nbsp;<\/p>\n","protected":false},"featured_media":28604,"template":"","meta":{"_acf_changed":false},"pwb-brand":[4050,2330],"product_brand":[],"product_cat":[1836],"product_tag":[],"class_list":{"0":"post-43013","1":"product","2":"type-product","3":"status-publish","4":"has-post-thumbnail","6":"pwb-brand-saint-gobain-performance-plastics-chr-fr","7":"pwb-brand-saint-gobain-fr","8":"product_cat-rubans-adhesifs-simple-face","10":"first","11":"instock","12":"taxable","13":"shipping-taxable","14":"product-type-variable"},"acf":[],"yoast_head":"<!-- This site is optimized with the Yoast SEO plugin v27.3 - https:\/\/yoast.com\/product\/yoast-seo-wordpress\/ -->\n<title>CHR\u00ae K102 Film polyimide avec adh\u00e9sif r\u00e9sistant \u00e0 la chaleur | Cardinal TAPES<\/title>\n<meta name=\"description\" content=\"Le film polyimide CHR\u00aeK102 pr\u00e9sente d&#039;excellentes propri\u00e9t\u00e9s m\u00e9caniques et \u00e9lectriques ainsi qu&#039;une excellente r\u00e9sistance di\u00e9lectrique.\" \/>\n<meta name=\"robots\" content=\"index, follow, max-snippet:-1, max-image-preview:large, max-video-preview:-1\" \/>\n<link rel=\"canonical\" href=\"https:\/\/cardinal-tapes.com\/fr\/rubans-adh\u00e9sifs\/rubans-adhesifs-simple-face\/chr-k102-feuille-polyimide-avec-adhesif-resistant-a-la-chaleur\/\" \/>\n<meta property=\"og:locale\" content=\"fr_FR\" \/>\n<meta property=\"og:type\" content=\"article\" \/>\n<meta property=\"og:title\" content=\"CHR\u00ae K102 Film polyimide avec adh\u00e9sif r\u00e9sistant \u00e0 la chaleur | Cardinal TAPES\" \/>\n<meta property=\"og:description\" content=\"Le film polyimide CHR\u00aeK102 pr\u00e9sente d&#039;excellentes propri\u00e9t\u00e9s m\u00e9caniques et \u00e9lectriques ainsi qu&#039;une excellente r\u00e9sistance di\u00e9lectrique.\" \/>\n<meta property=\"og:url\" content=\"https:\/\/cardinal-tapes.com\/fr\/rubans-adh\u00e9sifs\/rubans-adhesifs-simple-face\/chr-k102-feuille-polyimide-avec-adhesif-resistant-a-la-chaleur\/\" \/>\n<meta property=\"og:site_name\" content=\"cardinal TAPES\" \/>\n<meta property=\"article:modified_time\" content=\"2025-07-02T11:26:31+00:00\" \/>\n<meta property=\"og:image\" content=\"https:\/\/cardinal-tapes.com\/wp-content\/uploads\/CHR-Film-Polyimide-Amber-A_153039-1.png\" \/>\n\t<meta property=\"og:image:width\" content=\"415\" \/>\n\t<meta property=\"og:image:height\" content=\"415\" \/>\n\t<meta property=\"og:image:type\" content=\"image\/png\" \/>\n<meta name=\"twitter:card\" content=\"summary_large_image\" \/>\n<script type=\"application\/ld+json\" class=\"yoast-schema-graph\">{\"@context\":\"https:\\\/\\\/schema.org\",\"@graph\":[{\"@type\":\"WebPage\",\"@id\":\"https:\\\/\\\/cardinal-tapes.com\\\/fr\\\/rubans-adh\u00e9sifs\\\/rubans-adhesifs-simple-face\\\/chr-k102-feuille-polyimide-avec-adhesif-resistant-a-la-chaleur\\\/\",\"url\":\"https:\\\/\\\/cardinal-tapes.com\\\/fr\\\/rubans-adh\u00e9sifs\\\/rubans-adhesifs-simple-face\\\/chr-k102-feuille-polyimide-avec-adhesif-resistant-a-la-chaleur\\\/\",\"name\":\"CHR\u00ae K102 Film polyimide avec adh\u00e9sif r\u00e9sistant \u00e0 la chaleur | Cardinal TAPES\",\"isPartOf\":{\"@id\":\"https:\\\/\\\/cardinal-tapes.com\\\/#website\"},\"primaryImageOfPage\":{\"@id\":\"https:\\\/\\\/cardinal-tapes.com\\\/fr\\\/rubans-adh\u00e9sifs\\\/rubans-adhesifs-simple-face\\\/chr-k102-feuille-polyimide-avec-adhesif-resistant-a-la-chaleur\\\/#primaryimage\"},\"image\":{\"@id\":\"https:\\\/\\\/cardinal-tapes.com\\\/fr\\\/rubans-adh\u00e9sifs\\\/rubans-adhesifs-simple-face\\\/chr-k102-feuille-polyimide-avec-adhesif-resistant-a-la-chaleur\\\/#primaryimage\"},\"thumbnailUrl\":\"https:\\\/\\\/cardinal-tapes.com\\\/wp-content\\\/uploads\\\/CHR-Film-Polyimide-Amber-A_153039-1.png\",\"datePublished\":\"2023-06-05T14:56:57+00:00\",\"dateModified\":\"2025-07-02T11:26:31+00:00\",\"description\":\"Le film polyimide CHR\u00aeK102 pr\u00e9sente d'excellentes propri\u00e9t\u00e9s m\u00e9caniques et \u00e9lectriques ainsi qu'une excellente r\u00e9sistance di\u00e9lectrique.\",\"breadcrumb\":{\"@id\":\"https:\\\/\\\/cardinal-tapes.com\\\/fr\\\/rubans-adh\u00e9sifs\\\/rubans-adhesifs-simple-face\\\/chr-k102-feuille-polyimide-avec-adhesif-resistant-a-la-chaleur\\\/#breadcrumb\"},\"inLanguage\":\"fr-FR\",\"potentialAction\":[{\"@type\":\"ReadAction\",\"target\":[\"https:\\\/\\\/cardinal-tapes.com\\\/fr\\\/rubans-adh\u00e9sifs\\\/rubans-adhesifs-simple-face\\\/chr-k102-feuille-polyimide-avec-adhesif-resistant-a-la-chaleur\\\/\"]}]},{\"@type\":\"ImageObject\",\"inLanguage\":\"fr-FR\",\"@id\":\"https:\\\/\\\/cardinal-tapes.com\\\/fr\\\/rubans-adh\u00e9sifs\\\/rubans-adhesifs-simple-face\\\/chr-k102-feuille-polyimide-avec-adhesif-resistant-a-la-chaleur\\\/#primaryimage\",\"url\":\"https:\\\/\\\/cardinal-tapes.com\\\/wp-content\\\/uploads\\\/CHR-Film-Polyimide-Amber-A_153039-1.png\",\"contentUrl\":\"https:\\\/\\\/cardinal-tapes.com\\\/wp-content\\\/uploads\\\/CHR-Film-Polyimide-Amber-A_153039-1.png\",\"width\":415,\"height\":415},{\"@type\":\"BreadcrumbList\",\"@id\":\"https:\\\/\\\/cardinal-tapes.com\\\/fr\\\/rubans-adh\u00e9sifs\\\/rubans-adhesifs-simple-face\\\/chr-k102-feuille-polyimide-avec-adhesif-resistant-a-la-chaleur\\\/#breadcrumb\",\"itemListElement\":[{\"@type\":\"ListItem\",\"position\":1,\"name\":\"Startseite\",\"item\":\"https:\\\/\\\/cardinal-tapes.com\\\/fr\\\/accueil\\\/\"},{\"@type\":\"ListItem\",\"position\":2,\"name\":\"Rubans adh\u00e9sifs\",\"item\":\"https:\\\/\\\/cardinal-tapes.com\\\/fr\\\/rubans-adhesifs-fr\\\/\"},{\"@type\":\"ListItem\",\"position\":3,\"name\":\"Rubans adh\u00e9sifs simple face\",\"item\":\"https:\\\/\\\/cardinal-tapes.com\\\/fr\\\/catgorie\\\/rubans-adhesifs-simple-face\\\/\"},{\"@type\":\"ListItem\",\"position\":4,\"name\":\"CHR\u00ae K102 Film polyimide avec adh\u00e9sif r\u00e9sistant \u00e0 la chaleur\"}]},{\"@type\":\"WebSite\",\"@id\":\"https:\\\/\\\/cardinal-tapes.com\\\/#website\",\"url\":\"https:\\\/\\\/cardinal-tapes.com\\\/\",\"name\":\"cardinal TAPES\",\"description\":\"Klebetechnik aus Wuppertal\",\"potentialAction\":[{\"@type\":\"SearchAction\",\"target\":{\"@type\":\"EntryPoint\",\"urlTemplate\":\"https:\\\/\\\/cardinal-tapes.com\\\/?s={search_term_string}\"},\"query-input\":{\"@type\":\"PropertyValueSpecification\",\"valueRequired\":true,\"valueName\":\"search_term_string\"}}],\"inLanguage\":\"fr-FR\"}]}<\/script>\n<!-- \/ Yoast SEO plugin. -->","yoast_head_json":{"title":"CHR\u00ae K102 Film polyimide avec adh\u00e9sif r\u00e9sistant \u00e0 la chaleur | Cardinal TAPES","description":"Le film polyimide CHR\u00aeK102 pr\u00e9sente d'excellentes propri\u00e9t\u00e9s m\u00e9caniques et \u00e9lectriques ainsi qu'une excellente r\u00e9sistance di\u00e9lectrique.","robots":{"index":"index","follow":"follow","max-snippet":"max-snippet:-1","max-image-preview":"max-image-preview:large","max-video-preview":"max-video-preview:-1"},"canonical":"https:\/\/cardinal-tapes.com\/fr\/rubans-adh\u00e9sifs\/rubans-adhesifs-simple-face\/chr-k102-feuille-polyimide-avec-adhesif-resistant-a-la-chaleur\/","og_locale":"fr_FR","og_type":"article","og_title":"CHR\u00ae K102 Film polyimide avec adh\u00e9sif r\u00e9sistant \u00e0 la chaleur | Cardinal TAPES","og_description":"Le film polyimide CHR\u00aeK102 pr\u00e9sente d'excellentes propri\u00e9t\u00e9s m\u00e9caniques et \u00e9lectriques ainsi qu'une excellente r\u00e9sistance di\u00e9lectrique.","og_url":"https:\/\/cardinal-tapes.com\/fr\/rubans-adh\u00e9sifs\/rubans-adhesifs-simple-face\/chr-k102-feuille-polyimide-avec-adhesif-resistant-a-la-chaleur\/","og_site_name":"cardinal TAPES","article_modified_time":"2025-07-02T11:26:31+00:00","og_image":[{"width":415,"height":415,"url":"https:\/\/cardinal-tapes.com\/wp-content\/uploads\/CHR-Film-Polyimide-Amber-A_153039-1.png","type":"image\/png"}],"twitter_card":"summary_large_image","schema":{"@context":"https:\/\/schema.org","@graph":[{"@type":"WebPage","@id":"https:\/\/cardinal-tapes.com\/fr\/rubans-adh\u00e9sifs\/rubans-adhesifs-simple-face\/chr-k102-feuille-polyimide-avec-adhesif-resistant-a-la-chaleur\/","url":"https:\/\/cardinal-tapes.com\/fr\/rubans-adh\u00e9sifs\/rubans-adhesifs-simple-face\/chr-k102-feuille-polyimide-avec-adhesif-resistant-a-la-chaleur\/","name":"CHR\u00ae K102 Film polyimide avec adh\u00e9sif r\u00e9sistant \u00e0 la chaleur | Cardinal TAPES","isPartOf":{"@id":"https:\/\/cardinal-tapes.com\/#website"},"primaryImageOfPage":{"@id":"https:\/\/cardinal-tapes.com\/fr\/rubans-adh\u00e9sifs\/rubans-adhesifs-simple-face\/chr-k102-feuille-polyimide-avec-adhesif-resistant-a-la-chaleur\/#primaryimage"},"image":{"@id":"https:\/\/cardinal-tapes.com\/fr\/rubans-adh\u00e9sifs\/rubans-adhesifs-simple-face\/chr-k102-feuille-polyimide-avec-adhesif-resistant-a-la-chaleur\/#primaryimage"},"thumbnailUrl":"https:\/\/cardinal-tapes.com\/wp-content\/uploads\/CHR-Film-Polyimide-Amber-A_153039-1.png","datePublished":"2023-06-05T14:56:57+00:00","dateModified":"2025-07-02T11:26:31+00:00","description":"Le film polyimide CHR\u00aeK102 pr\u00e9sente d'excellentes propri\u00e9t\u00e9s m\u00e9caniques et \u00e9lectriques ainsi qu'une excellente r\u00e9sistance di\u00e9lectrique.","breadcrumb":{"@id":"https:\/\/cardinal-tapes.com\/fr\/rubans-adh\u00e9sifs\/rubans-adhesifs-simple-face\/chr-k102-feuille-polyimide-avec-adhesif-resistant-a-la-chaleur\/#breadcrumb"},"inLanguage":"fr-FR","potentialAction":[{"@type":"ReadAction","target":["https:\/\/cardinal-tapes.com\/fr\/rubans-adh\u00e9sifs\/rubans-adhesifs-simple-face\/chr-k102-feuille-polyimide-avec-adhesif-resistant-a-la-chaleur\/"]}]},{"@type":"ImageObject","inLanguage":"fr-FR","@id":"https:\/\/cardinal-tapes.com\/fr\/rubans-adh\u00e9sifs\/rubans-adhesifs-simple-face\/chr-k102-feuille-polyimide-avec-adhesif-resistant-a-la-chaleur\/#primaryimage","url":"https:\/\/cardinal-tapes.com\/wp-content\/uploads\/CHR-Film-Polyimide-Amber-A_153039-1.png","contentUrl":"https:\/\/cardinal-tapes.com\/wp-content\/uploads\/CHR-Film-Polyimide-Amber-A_153039-1.png","width":415,"height":415},{"@type":"BreadcrumbList","@id":"https:\/\/cardinal-tapes.com\/fr\/rubans-adh\u00e9sifs\/rubans-adhesifs-simple-face\/chr-k102-feuille-polyimide-avec-adhesif-resistant-a-la-chaleur\/#breadcrumb","itemListElement":[{"@type":"ListItem","position":1,"name":"Startseite","item":"https:\/\/cardinal-tapes.com\/fr\/accueil\/"},{"@type":"ListItem","position":2,"name":"Rubans adh\u00e9sifs","item":"https:\/\/cardinal-tapes.com\/fr\/rubans-adhesifs-fr\/"},{"@type":"ListItem","position":3,"name":"Rubans adh\u00e9sifs simple face","item":"https:\/\/cardinal-tapes.com\/fr\/catgorie\/rubans-adhesifs-simple-face\/"},{"@type":"ListItem","position":4,"name":"CHR\u00ae K102 Film polyimide avec adh\u00e9sif r\u00e9sistant \u00e0 la chaleur"}]},{"@type":"WebSite","@id":"https:\/\/cardinal-tapes.com\/#website","url":"https:\/\/cardinal-tapes.com\/","name":"cardinal TAPES","description":"Klebetechnik aus Wuppertal","potentialAction":[{"@type":"SearchAction","target":{"@type":"EntryPoint","urlTemplate":"https:\/\/cardinal-tapes.com\/?s={search_term_string}"},"query-input":{"@type":"PropertyValueSpecification","valueRequired":true,"valueName":"search_term_string"}}],"inLanguage":"fr-FR"}]}},"brands":[{"id":4050,"name":"Saint-Gobain CHR Tape","slug":"saint-gobain-performance-plastics-chr-fr"},{"id":2330,"name":"Saint-Gobain Performance Plastics","slug":"saint-gobain-fr"}],"_links":{"self":[{"href":"https:\/\/cardinal-tapes.com\/fr\/wp-json\/wp\/v2\/product\/43013","targetHints":{"allow":["GET"]}}],"collection":[{"href":"https:\/\/cardinal-tapes.com\/fr\/wp-json\/wp\/v2\/product"}],"about":[{"href":"https:\/\/cardinal-tapes.com\/fr\/wp-json\/wp\/v2\/types\/product"}],"wp:featuredmedia":[{"embeddable":true,"href":"https:\/\/cardinal-tapes.com\/fr\/wp-json\/wp\/v2\/media\/28604"}],"wp:attachment":[{"href":"https:\/\/cardinal-tapes.com\/fr\/wp-json\/wp\/v2\/media?parent=43013"}],"wp:term":[{"taxonomy":"pwb-brand","embeddable":true,"href":"https:\/\/cardinal-tapes.com\/fr\/wp-json\/wp\/v2\/pwb-brand?post=43013"},{"taxonomy":"product_brand","embeddable":true,"href":"https:\/\/cardinal-tapes.com\/fr\/wp-json\/wp\/v2\/product_brand?post=43013"},{"taxonomy":"product_cat","embeddable":true,"href":"https:\/\/cardinal-tapes.com\/fr\/wp-json\/wp\/v2\/product_cat?post=43013"},{"taxonomy":"product_tag","embeddable":true,"href":"https:\/\/cardinal-tapes.com\/fr\/wp-json\/wp\/v2\/product_tag?post=43013"}],"curies":[{"name":"wp","href":"https:\/\/api.w.org\/{rel}","templated":true}]}}