{"id":42400,"date":"2020-11-25T14:59:11","date_gmt":"2023-06-05T14:56:40","guid":{"rendered":"https:\/\/cardinal.pixel-tal.de\/klebebaender\/non class\u00e9\/chr-2915-2916-bande-tissee-en-fibre-de-verre\/"},"modified":"2023-06-05T16:56:40","modified_gmt":"2023-06-05T14:56:40","slug":"chr-2915-2916-glasfasergewebeband","status":"publish","type":"product","link":"https:\/\/cardinal-tapes.com\/fr\/rubans-adh\u00e9sifs\/rubans-adhesifs-simple-face\/chr-2915-2916-glasfasergewebeband\/","title":{"rendered":"CHR\u00ae 2915 \/ 2916 Bande tiss\u00e9e en fibre de verre"},"content":{"rendered":"<div>Les CHR\u00ae 2915 et 2916 sont fabriqu\u00e9s \u00e0 partir d&#8217;un tissu en fibre de verre r\u00e9sistant \u00e0 la chaleur, enduit d&#8217;un adh\u00e9sif silicone r\u00e9sistant \u00e0 des temp\u00e9ratures d&#8217;utilisation tr\u00e8s \u00e9lev\u00e9es.<\/div>\n<div><\/div>\n<div><strong>Fonctions\/avantages<\/strong><\/div>\n<div>\n<div>Les CHR\u00ae 2915 et 2916 sont des bandes qui pr\u00e9sentent une r\u00e9sistance \u00e0 l&#8217;abrasion particuli\u00e8rement \u00e9lev\u00e9e et une r\u00e9sistance maximale aux solvants. Vous disposez d&#8217;une<\/div>\n<div>une excellente r\u00e9sistance \u00e0 la chaleur et sont thermiquement stables Ils peuvent \u00eatre utilis\u00e9s dans des applications avec une temp\u00e9rature continue jusqu&#8217;\u00e0 260\u00b0C. Gr\u00e2ce \u00e0 leur r\u00e9sistance \u00e0 l&#8217;abrasion, les<\/div>\n<div>les bandes sont extr\u00eamement r\u00e9sistantes. Le CHR\u00ae 2915-7 est conforme \u00e0 la sp\u00e9cification MIL-I-19166C du gouvernement am\u00e9ricain.<\/div>\n<\/div>\n<div><\/div>\n<div>\n<div class=\"page\" data-page-number=\"1\" data-loaded=\"true\">\n<div class=\"textLayer\">\n<div><strong>Domaines d&#8217;application<\/strong><\/div>\n<div>Les CHR\u00ae 2915 et 2916 sont des rubans tr\u00e8s polyvalents. Les domaines d&#8217;application vont de l&#8217;industrie g\u00e9n\u00e9rale<\/div>\n<div>des travaux de maintenance \u00e9lectrique jusqu&#8217;au soudage \u00e0 chaud et au rebobinage. Quelques exemples d&#8217;applications sp\u00e9cifiques sont le rebobinage de moteurs \u00e9lectriques, les enroulements de protection<\/div>\n<div>pour les fils et les c\u00e2bles ainsi que comme ruban de masquage r\u00e9sistant \u00e0 la chaleur lors du soudage de l&#8217;acier inoxydable.<\/div>\n<div>Les CHR\u00ae 2915 et 2916 conviennent \u00e9galement tr\u00e8s bien comme rubans de masquage lors de la pulv\u00e9risation au plasma et \u00e0 la flamme.<\/div>\n<div class=\"endOfContent\"><\/div>\n<\/div>\n<\/div>\n<div class=\"page\" data-page-number=\"2\" data-loaded=\"true\">\n<div class=\"canvasWrapper\"><\/div>\n<div class=\"textLayer\"><\/div>\n<\/div>\n<\/div>\n","protected":false},"excerpt":{"rendered":"<p>Les CHR\u00ae 2915 et 2916 sont fabriqu\u00e9s \u00e0 partir d&#8217;un tissu en fibre de verre r\u00e9sistant \u00e0 la chaleur, enduit d&#8217;un adh\u00e9sif silicone r\u00e9sistant \u00e0 des temp\u00e9ratures d&#8217;utilisation tr\u00e8s \u00e9lev\u00e9es. Fonctions\/avantages Les CHR\u00ae 2915 et 2916 sont des bandes qui pr\u00e9sentent une r\u00e9sistance \u00e0 l&#8217;abrasion particuli\u00e8rement \u00e9lev\u00e9e et une r\u00e9sistance maximale aux solvants. Vous disposez [&hellip;]<\/p>\n","protected":false},"featured_media":28560,"template":"","meta":{"_acf_changed":false},"pwb-brand":[4050,2330],"product_brand":[],"product_cat":[1836],"product_tag":[],"class_list":{"0":"post-42400","1":"product","2":"type-product","3":"status-publish","4":"has-post-thumbnail","6":"pwb-brand-saint-gobain-performance-plastics-chr-fr","7":"pwb-brand-saint-gobain-fr","8":"product_cat-rubans-adhesifs-simple-face","10":"first","11":"instock","12":"taxable","13":"shipping-taxable","14":"product-type-variable"},"acf":[],"yoast_head":"<!-- This site is optimized with the Yoast SEO plugin v27.3 - https:\/\/yoast.com\/product\/yoast-seo-wordpress\/ -->\n<title>CHR\u00ae 2915 \/ 2916 Bande tiss\u00e9e en fibre de verre | Cardinal TAPES<\/title>\n<meta name=\"description\" content=\"Les CHR\u00ae 2915 et 2916 sont des bandes qui pr\u00e9sentent une r\u00e9sistance \u00e0 l&#039;abrasion particuli\u00e8rement \u00e9lev\u00e9e et une r\u00e9sistance maximale aux solvants. Ils disposent d&#039;une excellente r\u00e9sistance \u00e0 la chaleur et sont thermiquement stables.\" \/>\n<meta name=\"robots\" content=\"index, follow, max-snippet:-1, max-image-preview:large, max-video-preview:-1\" \/>\n<link rel=\"canonical\" href=\"https:\/\/cardinal-tapes.com\/fr\/rubans-adh\u00e9sifs\/rubans-adhesifs-simple-face\/chr-2915-2916-glasfasergewebeband\/\" \/>\n<meta property=\"og:locale\" content=\"fr_FR\" \/>\n<meta property=\"og:type\" content=\"article\" \/>\n<meta property=\"og:title\" content=\"CHR\u00ae 2915 \/ 2916 Bande tiss\u00e9e en fibre de verre | Cardinal TAPES\" \/>\n<meta property=\"og:description\" content=\"Les CHR\u00ae 2915 et 2916 sont des bandes qui pr\u00e9sentent une r\u00e9sistance \u00e0 l&#039;abrasion particuli\u00e8rement \u00e9lev\u00e9e et une r\u00e9sistance maximale aux solvants. Ils disposent d&#039;une excellente r\u00e9sistance \u00e0 la chaleur et sont thermiquement stables.\" \/>\n<meta property=\"og:url\" content=\"https:\/\/cardinal-tapes.com\/fr\/rubans-adh\u00e9sifs\/rubans-adhesifs-simple-face\/chr-2915-2916-glasfasergewebeband\/\" \/>\n<meta property=\"og:site_name\" content=\"cardinal TAPES\" \/>\n<meta property=\"og:image\" content=\"https:\/\/cardinal-tapes.com\/wp-content\/uploads\/CHR-Glass-Cloth-White-A_153043.png\" \/>\n\t<meta property=\"og:image:width\" content=\"415\" \/>\n\t<meta property=\"og:image:height\" content=\"415\" \/>\n\t<meta property=\"og:image:type\" content=\"image\/png\" \/>\n<meta name=\"twitter:card\" content=\"summary_large_image\" \/>\n<meta name=\"twitter:label1\" content=\"Dur\u00e9e de lecture estim\u00e9e\" \/>\n\t<meta name=\"twitter:data1\" content=\"1 minute\" \/>\n<script type=\"application\/ld+json\" class=\"yoast-schema-graph\">{\"@context\":\"https:\\\/\\\/schema.org\",\"@graph\":[{\"@type\":\"WebPage\",\"@id\":\"https:\\\/\\\/cardinal-tapes.com\\\/fr\\\/rubans-adh\u00e9sifs\\\/rubans-adhesifs-simple-face\\\/chr-2915-2916-glasfasergewebeband\\\/\",\"url\":\"https:\\\/\\\/cardinal-tapes.com\\\/fr\\\/rubans-adh\u00e9sifs\\\/rubans-adhesifs-simple-face\\\/chr-2915-2916-glasfasergewebeband\\\/\",\"name\":\"CHR\u00ae 2915 \\\/ 2916 Bande tiss\u00e9e en fibre de verre | Cardinal TAPES\",\"isPartOf\":{\"@id\":\"https:\\\/\\\/cardinal-tapes.com\\\/#website\"},\"primaryImageOfPage\":{\"@id\":\"https:\\\/\\\/cardinal-tapes.com\\\/fr\\\/rubans-adh\u00e9sifs\\\/rubans-adhesifs-simple-face\\\/chr-2915-2916-glasfasergewebeband\\\/#primaryimage\"},\"image\":{\"@id\":\"https:\\\/\\\/cardinal-tapes.com\\\/fr\\\/rubans-adh\u00e9sifs\\\/rubans-adhesifs-simple-face\\\/chr-2915-2916-glasfasergewebeband\\\/#primaryimage\"},\"thumbnailUrl\":\"https:\\\/\\\/cardinal-tapes.com\\\/wp-content\\\/uploads\\\/CHR-Glass-Cloth-White-A_153043.png\",\"datePublished\":\"2023-06-05T14:56:40+00:00\",\"description\":\"Les CHR\u00ae 2915 et 2916 sont des bandes qui pr\u00e9sentent une r\u00e9sistance \u00e0 l'abrasion particuli\u00e8rement \u00e9lev\u00e9e et une r\u00e9sistance maximale aux solvants. Ils disposent d'une excellente r\u00e9sistance \u00e0 la chaleur et sont thermiquement stables.\",\"breadcrumb\":{\"@id\":\"https:\\\/\\\/cardinal-tapes.com\\\/fr\\\/rubans-adh\u00e9sifs\\\/rubans-adhesifs-simple-face\\\/chr-2915-2916-glasfasergewebeband\\\/#breadcrumb\"},\"inLanguage\":\"fr-FR\",\"potentialAction\":[{\"@type\":\"ReadAction\",\"target\":[\"https:\\\/\\\/cardinal-tapes.com\\\/fr\\\/rubans-adh\u00e9sifs\\\/rubans-adhesifs-simple-face\\\/chr-2915-2916-glasfasergewebeband\\\/\"]}]},{\"@type\":\"ImageObject\",\"inLanguage\":\"fr-FR\",\"@id\":\"https:\\\/\\\/cardinal-tapes.com\\\/fr\\\/rubans-adh\u00e9sifs\\\/rubans-adhesifs-simple-face\\\/chr-2915-2916-glasfasergewebeband\\\/#primaryimage\",\"url\":\"https:\\\/\\\/cardinal-tapes.com\\\/wp-content\\\/uploads\\\/CHR-Glass-Cloth-White-A_153043.png\",\"contentUrl\":\"https:\\\/\\\/cardinal-tapes.com\\\/wp-content\\\/uploads\\\/CHR-Glass-Cloth-White-A_153043.png\",\"width\":415,\"height\":415},{\"@type\":\"BreadcrumbList\",\"@id\":\"https:\\\/\\\/cardinal-tapes.com\\\/fr\\\/rubans-adh\u00e9sifs\\\/rubans-adhesifs-simple-face\\\/chr-2915-2916-glasfasergewebeband\\\/#breadcrumb\",\"itemListElement\":[{\"@type\":\"ListItem\",\"position\":1,\"name\":\"Startseite\",\"item\":\"https:\\\/\\\/cardinal-tapes.com\\\/fr\\\/accueil\\\/\"},{\"@type\":\"ListItem\",\"position\":2,\"name\":\"Rubans adh\u00e9sifs\",\"item\":\"https:\\\/\\\/cardinal-tapes.com\\\/fr\\\/rubans-adhesifs-fr\\\/\"},{\"@type\":\"ListItem\",\"position\":3,\"name\":\"Rubans adh\u00e9sifs simple face\",\"item\":\"https:\\\/\\\/cardinal-tapes.com\\\/fr\\\/catgorie\\\/rubans-adhesifs-simple-face\\\/\"},{\"@type\":\"ListItem\",\"position\":4,\"name\":\"CHR\u00ae 2915 \\\/ 2916 Bande tiss\u00e9e en fibre de verre\"}]},{\"@type\":\"WebSite\",\"@id\":\"https:\\\/\\\/cardinal-tapes.com\\\/#website\",\"url\":\"https:\\\/\\\/cardinal-tapes.com\\\/\",\"name\":\"cardinal TAPES\",\"description\":\"Klebetechnik aus Wuppertal\",\"potentialAction\":[{\"@type\":\"SearchAction\",\"target\":{\"@type\":\"EntryPoint\",\"urlTemplate\":\"https:\\\/\\\/cardinal-tapes.com\\\/?s={search_term_string}\"},\"query-input\":{\"@type\":\"PropertyValueSpecification\",\"valueRequired\":true,\"valueName\":\"search_term_string\"}}],\"inLanguage\":\"fr-FR\"}]}<\/script>\n<!-- \/ Yoast SEO plugin. -->","yoast_head_json":{"title":"CHR\u00ae 2915 \/ 2916 Bande tiss\u00e9e en fibre de verre | Cardinal TAPES","description":"Les CHR\u00ae 2915 et 2916 sont des bandes qui pr\u00e9sentent une r\u00e9sistance \u00e0 l'abrasion particuli\u00e8rement \u00e9lev\u00e9e et une r\u00e9sistance maximale aux solvants. Ils disposent d'une excellente r\u00e9sistance \u00e0 la chaleur et sont thermiquement stables.","robots":{"index":"index","follow":"follow","max-snippet":"max-snippet:-1","max-image-preview":"max-image-preview:large","max-video-preview":"max-video-preview:-1"},"canonical":"https:\/\/cardinal-tapes.com\/fr\/rubans-adh\u00e9sifs\/rubans-adhesifs-simple-face\/chr-2915-2916-glasfasergewebeband\/","og_locale":"fr_FR","og_type":"article","og_title":"CHR\u00ae 2915 \/ 2916 Bande tiss\u00e9e en fibre de verre | Cardinal TAPES","og_description":"Les CHR\u00ae 2915 et 2916 sont des bandes qui pr\u00e9sentent une r\u00e9sistance \u00e0 l'abrasion particuli\u00e8rement \u00e9lev\u00e9e et une r\u00e9sistance maximale aux solvants. Ils disposent d'une excellente r\u00e9sistance \u00e0 la chaleur et sont thermiquement stables.","og_url":"https:\/\/cardinal-tapes.com\/fr\/rubans-adh\u00e9sifs\/rubans-adhesifs-simple-face\/chr-2915-2916-glasfasergewebeband\/","og_site_name":"cardinal TAPES","og_image":[{"width":415,"height":415,"url":"https:\/\/cardinal-tapes.com\/wp-content\/uploads\/CHR-Glass-Cloth-White-A_153043.png","type":"image\/png"}],"twitter_card":"summary_large_image","twitter_misc":{"Dur\u00e9e de lecture estim\u00e9e":"1 minute"},"schema":{"@context":"https:\/\/schema.org","@graph":[{"@type":"WebPage","@id":"https:\/\/cardinal-tapes.com\/fr\/rubans-adh\u00e9sifs\/rubans-adhesifs-simple-face\/chr-2915-2916-glasfasergewebeband\/","url":"https:\/\/cardinal-tapes.com\/fr\/rubans-adh\u00e9sifs\/rubans-adhesifs-simple-face\/chr-2915-2916-glasfasergewebeband\/","name":"CHR\u00ae 2915 \/ 2916 Bande tiss\u00e9e en fibre de verre | Cardinal TAPES","isPartOf":{"@id":"https:\/\/cardinal-tapes.com\/#website"},"primaryImageOfPage":{"@id":"https:\/\/cardinal-tapes.com\/fr\/rubans-adh\u00e9sifs\/rubans-adhesifs-simple-face\/chr-2915-2916-glasfasergewebeband\/#primaryimage"},"image":{"@id":"https:\/\/cardinal-tapes.com\/fr\/rubans-adh\u00e9sifs\/rubans-adhesifs-simple-face\/chr-2915-2916-glasfasergewebeband\/#primaryimage"},"thumbnailUrl":"https:\/\/cardinal-tapes.com\/wp-content\/uploads\/CHR-Glass-Cloth-White-A_153043.png","datePublished":"2023-06-05T14:56:40+00:00","description":"Les CHR\u00ae 2915 et 2916 sont des bandes qui pr\u00e9sentent une r\u00e9sistance \u00e0 l'abrasion particuli\u00e8rement \u00e9lev\u00e9e et une r\u00e9sistance maximale aux solvants. Ils disposent d'une excellente r\u00e9sistance \u00e0 la chaleur et sont thermiquement stables.","breadcrumb":{"@id":"https:\/\/cardinal-tapes.com\/fr\/rubans-adh\u00e9sifs\/rubans-adhesifs-simple-face\/chr-2915-2916-glasfasergewebeband\/#breadcrumb"},"inLanguage":"fr-FR","potentialAction":[{"@type":"ReadAction","target":["https:\/\/cardinal-tapes.com\/fr\/rubans-adh\u00e9sifs\/rubans-adhesifs-simple-face\/chr-2915-2916-glasfasergewebeband\/"]}]},{"@type":"ImageObject","inLanguage":"fr-FR","@id":"https:\/\/cardinal-tapes.com\/fr\/rubans-adh\u00e9sifs\/rubans-adhesifs-simple-face\/chr-2915-2916-glasfasergewebeband\/#primaryimage","url":"https:\/\/cardinal-tapes.com\/wp-content\/uploads\/CHR-Glass-Cloth-White-A_153043.png","contentUrl":"https:\/\/cardinal-tapes.com\/wp-content\/uploads\/CHR-Glass-Cloth-White-A_153043.png","width":415,"height":415},{"@type":"BreadcrumbList","@id":"https:\/\/cardinal-tapes.com\/fr\/rubans-adh\u00e9sifs\/rubans-adhesifs-simple-face\/chr-2915-2916-glasfasergewebeband\/#breadcrumb","itemListElement":[{"@type":"ListItem","position":1,"name":"Startseite","item":"https:\/\/cardinal-tapes.com\/fr\/accueil\/"},{"@type":"ListItem","position":2,"name":"Rubans adh\u00e9sifs","item":"https:\/\/cardinal-tapes.com\/fr\/rubans-adhesifs-fr\/"},{"@type":"ListItem","position":3,"name":"Rubans adh\u00e9sifs simple face","item":"https:\/\/cardinal-tapes.com\/fr\/catgorie\/rubans-adhesifs-simple-face\/"},{"@type":"ListItem","position":4,"name":"CHR\u00ae 2915 \/ 2916 Bande tiss\u00e9e en fibre de verre"}]},{"@type":"WebSite","@id":"https:\/\/cardinal-tapes.com\/#website","url":"https:\/\/cardinal-tapes.com\/","name":"cardinal TAPES","description":"Klebetechnik aus Wuppertal","potentialAction":[{"@type":"SearchAction","target":{"@type":"EntryPoint","urlTemplate":"https:\/\/cardinal-tapes.com\/?s={search_term_string}"},"query-input":{"@type":"PropertyValueSpecification","valueRequired":true,"valueName":"search_term_string"}}],"inLanguage":"fr-FR"}]}},"brands":[{"id":4050,"name":"Saint-Gobain CHR Tape","slug":"saint-gobain-performance-plastics-chr-fr"},{"id":2330,"name":"Saint-Gobain Performance Plastics","slug":"saint-gobain-fr"}],"_links":{"self":[{"href":"https:\/\/cardinal-tapes.com\/fr\/wp-json\/wp\/v2\/product\/42400","targetHints":{"allow":["GET"]}}],"collection":[{"href":"https:\/\/cardinal-tapes.com\/fr\/wp-json\/wp\/v2\/product"}],"about":[{"href":"https:\/\/cardinal-tapes.com\/fr\/wp-json\/wp\/v2\/types\/product"}],"wp:featuredmedia":[{"embeddable":true,"href":"https:\/\/cardinal-tapes.com\/fr\/wp-json\/wp\/v2\/media\/28560"}],"wp:attachment":[{"href":"https:\/\/cardinal-tapes.com\/fr\/wp-json\/wp\/v2\/media?parent=42400"}],"wp:term":[{"taxonomy":"pwb-brand","embeddable":true,"href":"https:\/\/cardinal-tapes.com\/fr\/wp-json\/wp\/v2\/pwb-brand?post=42400"},{"taxonomy":"product_brand","embeddable":true,"href":"https:\/\/cardinal-tapes.com\/fr\/wp-json\/wp\/v2\/product_brand?post=42400"},{"taxonomy":"product_cat","embeddable":true,"href":"https:\/\/cardinal-tapes.com\/fr\/wp-json\/wp\/v2\/product_cat?post=42400"},{"taxonomy":"product_tag","embeddable":true,"href":"https:\/\/cardinal-tapes.com\/fr\/wp-json\/wp\/v2\/product_tag?post=42400"}],"curies":[{"name":"wp","href":"https:\/\/api.w.org\/{rel}","templated":true}]}}