{"id":42399,"date":"2020-12-10T14:32:44","date_gmt":"2023-06-05T14:56:40","guid":{"rendered":"https:\/\/cardinal.pixel-tal.de\/klebebaender\/non class\u00e9\/norbond-v2800-ruban-adhesif-en-mousse-de-polyurethane\/"},"modified":"2023-06-05T16:56:40","modified_gmt":"2023-06-05T14:56:40","slug":"ruban-adhesif-en-mousse-de-polyurethane-norbond-v2800","status":"publish","type":"product","link":"https:\/\/cardinal-tapes.com\/fr\/rubans-adh\u00e9sifs\/rubans-adhesifs-double-face\/ruban-adhesif-en-mousse-de-polyurethane-norbond-v2800\/","title":{"rendered":"Norbond\u00ae V2800 Ruban adh\u00e9sif en mousse de polyur\u00e9thane"},"content":{"rendered":"<div>Les rubans adh\u00e9sifs Saint-Gobain\u00ae Norbond\u00ae de la s\u00e9rie V2800 associent un substrat en mousse de polyur\u00e9thane noire \u00e0 un adh\u00e9sif acrylique haute performance sensible \u00e0 la pression sur les deux faces.<\/div>\n<div>Le substrat de mousse permet de r\u00e9partir l&#8217;\u00e9nergie et la tension dans le joint sur toute la longueur de l&#8217;assemblage.<\/div>\n<div>Norbond V2800 est une solution id\u00e9ale pour les applications de collage exigeantes en ext\u00e9rieur. Le produit se distingue par sa durabilit\u00e9 dans toutes les conditions m\u00e9t\u00e9orologiques et est r\u00e9sistant aux<\/div>\n<div>R\u00e9sistant aux UV, aux temp\u00e9ratures extr\u00eames, aux champignons, \u00e0 l&#8217;oxydation et \u00e0 l&#8217;ozone.<\/div>\n<div><\/div>\n<div>\n<div>La s\u00e9rie Norbond V2800 est un d\u00e9veloppement sp\u00e9cial avec les caract\u00e9ristiques suivantes :<\/div>\n<div><\/div>\n<div>&#8211; La r\u00e9partition des tensions r\u00e9duit les points de pression afin de minimiser toute d\u00e9formation<\/div>\n<div>&#8211; L&#8217;adh\u00e9sif acrylique haute performance garantit un collage solide et durable.<\/div>\n<div>&#8211; La mousse de polyur\u00e9thane confortable \u00e0 cellules ferm\u00e9es offre une excellente r\u00e9sistance aux conditions environnementales d\u00e9favorables<\/div>\n<div>&#8211; Emp\u00eache la corrosion de mat\u00e9riaux diff\u00e9rents, car ils ne peuvent pas entrer en contact les uns avec les autres<\/div>\n<div>&#8211; Le liner en polypropyl\u00e8ne de s\u00e9rie offre d&#8217;excellentes performances dans les processus de production automatis\u00e9s<\/div>\n<\/div>\n","protected":false},"excerpt":{"rendered":"<p>Les rubans adh\u00e9sifs Saint-Gobain\u00ae Norbond\u00ae de la s\u00e9rie V2800 associent un substrat en mousse de polyur\u00e9thane noire \u00e0 un adh\u00e9sif acrylique haute performance sensible \u00e0 la pression sur les deux faces. Le substrat de mousse permet de r\u00e9partir l&#8217;\u00e9nergie et la tension dans le joint sur toute la longueur de l&#8217;assemblage. Norbond V2800 est une [&hellip;]<\/p>\n","protected":false},"featured_media":28500,"template":"","meta":{"_acf_changed":false},"pwb-brand":[4199,2330],"product_brand":[],"product_cat":[1834],"product_tag":[],"class_list":{"0":"post-42399","1":"product","2":"type-product","3":"status-publish","4":"has-post-thumbnail","6":"pwb-brand-saint-gobain-performance-plastics-norbond-fr","7":"pwb-brand-saint-gobain-fr","8":"product_cat-rubans-adhesifs-double-face","10":"first","11":"instock","12":"taxable","13":"shipping-taxable","14":"product-type-variable"},"acf":[],"yoast_head":"<!-- This site is optimized with the Yoast SEO plugin v27.3 - https:\/\/yoast.com\/product\/yoast-seo-wordpress\/ -->\n<title>Norbond\u00ae V2800 Ruban adh\u00e9sif en mousse de polyur\u00e9thane | Cardinal TAPES<\/title>\n<meta name=\"description\" content=\"Les rubans adh\u00e9sifs Saint-Gobain\u00ae Norbond\u00ae de la s\u00e9rie V2800 associent un substrat en mousse de polyur\u00e9thane noire et un adh\u00e9sif acrylique haute performance sensible \u00e0 la pression sur les deux faces. Le substrat de mousse permet de r\u00e9partir l&#039;\u00e9nergie et la tension dans le joint sur toute la longueur de l&#039;assemblage.\" \/>\n<meta name=\"robots\" content=\"index, follow, max-snippet:-1, max-image-preview:large, max-video-preview:-1\" \/>\n<link rel=\"canonical\" href=\"https:\/\/cardinal-tapes.com\/fr\/rubans-adh\u00e9sifs\/rubans-adhesifs-double-face\/ruban-adhesif-en-mousse-de-polyurethane-norbond-v2800\/\" \/>\n<meta property=\"og:locale\" content=\"fr_FR\" \/>\n<meta property=\"og:type\" content=\"article\" \/>\n<meta property=\"og:title\" content=\"Norbond\u00ae V2800 Ruban adh\u00e9sif en mousse de polyur\u00e9thane | Cardinal TAPES\" \/>\n<meta property=\"og:description\" content=\"Les rubans adh\u00e9sifs Saint-Gobain\u00ae Norbond\u00ae de la s\u00e9rie V2800 associent un substrat en mousse de polyur\u00e9thane noire et un adh\u00e9sif acrylique haute performance sensible \u00e0 la pression sur les deux faces. Le substrat de mousse permet de r\u00e9partir l&#039;\u00e9nergie et la tension dans le joint sur toute la longueur de l&#039;assemblage.\" \/>\n<meta property=\"og:url\" content=\"https:\/\/cardinal-tapes.com\/fr\/rubans-adh\u00e9sifs\/rubans-adhesifs-double-face\/ruban-adhesif-en-mousse-de-polyurethane-norbond-v2800\/\" \/>\n<meta property=\"og:site_name\" content=\"cardinal TAPES\" \/>\n<meta property=\"og:image\" content=\"https:\/\/cardinal-tapes.com\/wp-content\/uploads\/Norbond-PUR-V2800-A_153106.png\" \/>\n\t<meta property=\"og:image:width\" content=\"415\" \/>\n\t<meta property=\"og:image:height\" content=\"415\" \/>\n\t<meta property=\"og:image:type\" content=\"image\/png\" \/>\n<meta name=\"twitter:card\" content=\"summary_large_image\" \/>\n<meta name=\"twitter:label1\" content=\"Dur\u00e9e de lecture estim\u00e9e\" \/>\n\t<meta name=\"twitter:data1\" content=\"1 minute\" \/>\n<script type=\"application\/ld+json\" class=\"yoast-schema-graph\">{\"@context\":\"https:\\\/\\\/schema.org\",\"@graph\":[{\"@type\":\"WebPage\",\"@id\":\"https:\\\/\\\/cardinal-tapes.com\\\/fr\\\/rubans-adh\u00e9sifs\\\/rubans-adhesifs-double-face\\\/ruban-adhesif-en-mousse-de-polyurethane-norbond-v2800\\\/\",\"url\":\"https:\\\/\\\/cardinal-tapes.com\\\/fr\\\/rubans-adh\u00e9sifs\\\/rubans-adhesifs-double-face\\\/ruban-adhesif-en-mousse-de-polyurethane-norbond-v2800\\\/\",\"name\":\"Norbond\u00ae V2800 Ruban adh\u00e9sif en mousse de polyur\u00e9thane | Cardinal TAPES\",\"isPartOf\":{\"@id\":\"https:\\\/\\\/cardinal-tapes.com\\\/#website\"},\"primaryImageOfPage\":{\"@id\":\"https:\\\/\\\/cardinal-tapes.com\\\/fr\\\/rubans-adh\u00e9sifs\\\/rubans-adhesifs-double-face\\\/ruban-adhesif-en-mousse-de-polyurethane-norbond-v2800\\\/#primaryimage\"},\"image\":{\"@id\":\"https:\\\/\\\/cardinal-tapes.com\\\/fr\\\/rubans-adh\u00e9sifs\\\/rubans-adhesifs-double-face\\\/ruban-adhesif-en-mousse-de-polyurethane-norbond-v2800\\\/#primaryimage\"},\"thumbnailUrl\":\"https:\\\/\\\/cardinal-tapes.com\\\/wp-content\\\/uploads\\\/Norbond-PUR-V2800-A_153106.png\",\"datePublished\":\"2023-06-05T14:56:40+00:00\",\"description\":\"Les rubans adh\u00e9sifs Saint-Gobain\u00ae Norbond\u00ae de la s\u00e9rie V2800 associent un substrat en mousse de polyur\u00e9thane noire et un adh\u00e9sif acrylique haute performance sensible \u00e0 la pression sur les deux faces. Le substrat de mousse permet de r\u00e9partir l'\u00e9nergie et la tension dans le joint sur toute la longueur de l'assemblage.\",\"breadcrumb\":{\"@id\":\"https:\\\/\\\/cardinal-tapes.com\\\/fr\\\/rubans-adh\u00e9sifs\\\/rubans-adhesifs-double-face\\\/ruban-adhesif-en-mousse-de-polyurethane-norbond-v2800\\\/#breadcrumb\"},\"inLanguage\":\"fr-FR\",\"potentialAction\":[{\"@type\":\"ReadAction\",\"target\":[\"https:\\\/\\\/cardinal-tapes.com\\\/fr\\\/rubans-adh\u00e9sifs\\\/rubans-adhesifs-double-face\\\/ruban-adhesif-en-mousse-de-polyurethane-norbond-v2800\\\/\"]}]},{\"@type\":\"ImageObject\",\"inLanguage\":\"fr-FR\",\"@id\":\"https:\\\/\\\/cardinal-tapes.com\\\/fr\\\/rubans-adh\u00e9sifs\\\/rubans-adhesifs-double-face\\\/ruban-adhesif-en-mousse-de-polyurethane-norbond-v2800\\\/#primaryimage\",\"url\":\"https:\\\/\\\/cardinal-tapes.com\\\/wp-content\\\/uploads\\\/Norbond-PUR-V2800-A_153106.png\",\"contentUrl\":\"https:\\\/\\\/cardinal-tapes.com\\\/wp-content\\\/uploads\\\/Norbond-PUR-V2800-A_153106.png\",\"width\":415,\"height\":415},{\"@type\":\"BreadcrumbList\",\"@id\":\"https:\\\/\\\/cardinal-tapes.com\\\/fr\\\/rubans-adh\u00e9sifs\\\/rubans-adhesifs-double-face\\\/ruban-adhesif-en-mousse-de-polyurethane-norbond-v2800\\\/#breadcrumb\",\"itemListElement\":[{\"@type\":\"ListItem\",\"position\":1,\"name\":\"Startseite\",\"item\":\"https:\\\/\\\/cardinal-tapes.com\\\/fr\\\/accueil\\\/\"},{\"@type\":\"ListItem\",\"position\":2,\"name\":\"Rubans adh\u00e9sifs\",\"item\":\"https:\\\/\\\/cardinal-tapes.com\\\/fr\\\/rubans-adhesifs-fr\\\/\"},{\"@type\":\"ListItem\",\"position\":3,\"name\":\"Rubans adh\u00e9sifs double face\",\"item\":\"https:\\\/\\\/cardinal-tapes.com\\\/fr\\\/catgorie\\\/rubans-adhesifs-double-face\\\/\"},{\"@type\":\"ListItem\",\"position\":4,\"name\":\"Norbond\u00ae V2800 Ruban adh\u00e9sif en mousse de polyur\u00e9thane\"}]},{\"@type\":\"WebSite\",\"@id\":\"https:\\\/\\\/cardinal-tapes.com\\\/#website\",\"url\":\"https:\\\/\\\/cardinal-tapes.com\\\/\",\"name\":\"cardinal TAPES\",\"description\":\"Klebetechnik aus Wuppertal\",\"potentialAction\":[{\"@type\":\"SearchAction\",\"target\":{\"@type\":\"EntryPoint\",\"urlTemplate\":\"https:\\\/\\\/cardinal-tapes.com\\\/?s={search_term_string}\"},\"query-input\":{\"@type\":\"PropertyValueSpecification\",\"valueRequired\":true,\"valueName\":\"search_term_string\"}}],\"inLanguage\":\"fr-FR\"}]}<\/script>\n<!-- \/ Yoast SEO plugin. -->","yoast_head_json":{"title":"Norbond\u00ae V2800 Ruban adh\u00e9sif en mousse de polyur\u00e9thane | Cardinal TAPES","description":"Les rubans adh\u00e9sifs Saint-Gobain\u00ae Norbond\u00ae de la s\u00e9rie V2800 associent un substrat en mousse de polyur\u00e9thane noire et un adh\u00e9sif acrylique haute performance sensible \u00e0 la pression sur les deux faces. Le substrat de mousse permet de r\u00e9partir l'\u00e9nergie et la tension dans le joint sur toute la longueur de l'assemblage.","robots":{"index":"index","follow":"follow","max-snippet":"max-snippet:-1","max-image-preview":"max-image-preview:large","max-video-preview":"max-video-preview:-1"},"canonical":"https:\/\/cardinal-tapes.com\/fr\/rubans-adh\u00e9sifs\/rubans-adhesifs-double-face\/ruban-adhesif-en-mousse-de-polyurethane-norbond-v2800\/","og_locale":"fr_FR","og_type":"article","og_title":"Norbond\u00ae V2800 Ruban adh\u00e9sif en mousse de polyur\u00e9thane | Cardinal TAPES","og_description":"Les rubans adh\u00e9sifs Saint-Gobain\u00ae Norbond\u00ae de la s\u00e9rie V2800 associent un substrat en mousse de polyur\u00e9thane noire et un adh\u00e9sif acrylique haute performance sensible \u00e0 la pression sur les deux faces. Le substrat de mousse permet de r\u00e9partir l'\u00e9nergie et la tension dans le joint sur toute la longueur de l'assemblage.","og_url":"https:\/\/cardinal-tapes.com\/fr\/rubans-adh\u00e9sifs\/rubans-adhesifs-double-face\/ruban-adhesif-en-mousse-de-polyurethane-norbond-v2800\/","og_site_name":"cardinal TAPES","og_image":[{"width":415,"height":415,"url":"https:\/\/cardinal-tapes.com\/wp-content\/uploads\/Norbond-PUR-V2800-A_153106.png","type":"image\/png"}],"twitter_card":"summary_large_image","twitter_misc":{"Dur\u00e9e de lecture estim\u00e9e":"1 minute"},"schema":{"@context":"https:\/\/schema.org","@graph":[{"@type":"WebPage","@id":"https:\/\/cardinal-tapes.com\/fr\/rubans-adh\u00e9sifs\/rubans-adhesifs-double-face\/ruban-adhesif-en-mousse-de-polyurethane-norbond-v2800\/","url":"https:\/\/cardinal-tapes.com\/fr\/rubans-adh\u00e9sifs\/rubans-adhesifs-double-face\/ruban-adhesif-en-mousse-de-polyurethane-norbond-v2800\/","name":"Norbond\u00ae V2800 Ruban adh\u00e9sif en mousse de polyur\u00e9thane | Cardinal TAPES","isPartOf":{"@id":"https:\/\/cardinal-tapes.com\/#website"},"primaryImageOfPage":{"@id":"https:\/\/cardinal-tapes.com\/fr\/rubans-adh\u00e9sifs\/rubans-adhesifs-double-face\/ruban-adhesif-en-mousse-de-polyurethane-norbond-v2800\/#primaryimage"},"image":{"@id":"https:\/\/cardinal-tapes.com\/fr\/rubans-adh\u00e9sifs\/rubans-adhesifs-double-face\/ruban-adhesif-en-mousse-de-polyurethane-norbond-v2800\/#primaryimage"},"thumbnailUrl":"https:\/\/cardinal-tapes.com\/wp-content\/uploads\/Norbond-PUR-V2800-A_153106.png","datePublished":"2023-06-05T14:56:40+00:00","description":"Les rubans adh\u00e9sifs Saint-Gobain\u00ae Norbond\u00ae de la s\u00e9rie V2800 associent un substrat en mousse de polyur\u00e9thane noire et un adh\u00e9sif acrylique haute performance sensible \u00e0 la pression sur les deux faces. Le substrat de mousse permet de r\u00e9partir l'\u00e9nergie et la tension dans le joint sur toute la longueur de l'assemblage.","breadcrumb":{"@id":"https:\/\/cardinal-tapes.com\/fr\/rubans-adh\u00e9sifs\/rubans-adhesifs-double-face\/ruban-adhesif-en-mousse-de-polyurethane-norbond-v2800\/#breadcrumb"},"inLanguage":"fr-FR","potentialAction":[{"@type":"ReadAction","target":["https:\/\/cardinal-tapes.com\/fr\/rubans-adh\u00e9sifs\/rubans-adhesifs-double-face\/ruban-adhesif-en-mousse-de-polyurethane-norbond-v2800\/"]}]},{"@type":"ImageObject","inLanguage":"fr-FR","@id":"https:\/\/cardinal-tapes.com\/fr\/rubans-adh\u00e9sifs\/rubans-adhesifs-double-face\/ruban-adhesif-en-mousse-de-polyurethane-norbond-v2800\/#primaryimage","url":"https:\/\/cardinal-tapes.com\/wp-content\/uploads\/Norbond-PUR-V2800-A_153106.png","contentUrl":"https:\/\/cardinal-tapes.com\/wp-content\/uploads\/Norbond-PUR-V2800-A_153106.png","width":415,"height":415},{"@type":"BreadcrumbList","@id":"https:\/\/cardinal-tapes.com\/fr\/rubans-adh\u00e9sifs\/rubans-adhesifs-double-face\/ruban-adhesif-en-mousse-de-polyurethane-norbond-v2800\/#breadcrumb","itemListElement":[{"@type":"ListItem","position":1,"name":"Startseite","item":"https:\/\/cardinal-tapes.com\/fr\/accueil\/"},{"@type":"ListItem","position":2,"name":"Rubans adh\u00e9sifs","item":"https:\/\/cardinal-tapes.com\/fr\/rubans-adhesifs-fr\/"},{"@type":"ListItem","position":3,"name":"Rubans adh\u00e9sifs double face","item":"https:\/\/cardinal-tapes.com\/fr\/catgorie\/rubans-adhesifs-double-face\/"},{"@type":"ListItem","position":4,"name":"Norbond\u00ae V2800 Ruban adh\u00e9sif en mousse de polyur\u00e9thane"}]},{"@type":"WebSite","@id":"https:\/\/cardinal-tapes.com\/#website","url":"https:\/\/cardinal-tapes.com\/","name":"cardinal TAPES","description":"Klebetechnik aus Wuppertal","potentialAction":[{"@type":"SearchAction","target":{"@type":"EntryPoint","urlTemplate":"https:\/\/cardinal-tapes.com\/?s={search_term_string}"},"query-input":{"@type":"PropertyValueSpecification","valueRequired":true,"valueName":"search_term_string"}}],"inLanguage":"fr-FR"}]}},"brands":[{"id":4199,"name":"Saint-Gobain Norbond","slug":"saint-gobain-performance-plastics-norbond-fr"},{"id":2330,"name":"Saint-Gobain Performance Plastics","slug":"saint-gobain-fr"}],"_links":{"self":[{"href":"https:\/\/cardinal-tapes.com\/fr\/wp-json\/wp\/v2\/product\/42399","targetHints":{"allow":["GET"]}}],"collection":[{"href":"https:\/\/cardinal-tapes.com\/fr\/wp-json\/wp\/v2\/product"}],"about":[{"href":"https:\/\/cardinal-tapes.com\/fr\/wp-json\/wp\/v2\/types\/product"}],"wp:featuredmedia":[{"embeddable":true,"href":"https:\/\/cardinal-tapes.com\/fr\/wp-json\/wp\/v2\/media\/28500"}],"wp:attachment":[{"href":"https:\/\/cardinal-tapes.com\/fr\/wp-json\/wp\/v2\/media?parent=42399"}],"wp:term":[{"taxonomy":"pwb-brand","embeddable":true,"href":"https:\/\/cardinal-tapes.com\/fr\/wp-json\/wp\/v2\/pwb-brand?post=42399"},{"taxonomy":"product_brand","embeddable":true,"href":"https:\/\/cardinal-tapes.com\/fr\/wp-json\/wp\/v2\/product_brand?post=42399"},{"taxonomy":"product_cat","embeddable":true,"href":"https:\/\/cardinal-tapes.com\/fr\/wp-json\/wp\/v2\/product_cat?post=42399"},{"taxonomy":"product_tag","embeddable":true,"href":"https:\/\/cardinal-tapes.com\/fr\/wp-json\/wp\/v2\/product_tag?post=42399"}],"curies":[{"name":"wp","href":"https:\/\/api.w.org\/{rel}","templated":true}]}}