{"id":42396,"date":"2020-12-14T08:05:41","date_gmt":"2023-06-05T14:56:40","guid":{"rendered":"https:\/\/cardinal.pixel-tal.de\/klebebaender\/non class\u00e9\/norseal-2521-mousse-pvc\/"},"modified":"2023-06-05T16:56:40","modified_gmt":"2023-06-05T14:56:40","slug":"norseal-2521-pvc-schaum","status":"publish","type":"product","link":"https:\/\/cardinal-tapes.com\/fr\/rubans-adh\u00e9sifs\/rubans-adhesifs-simple-face\/norseal-2521-pvc-schaum\/","title":{"rendered":"Norseal\u00ae 2521 Mousse PVC"},"content":{"rendered":"<div>Le Norseal\u00ae 2521 est une mousse de PVC \u00e0 cellules ferm\u00e9es d&#8217;une densit\u00e9 extr\u00eamement faible qui se comprime tr\u00e8s facilement.<\/div>\n<div><\/div>\n<div>Le Norseal 2521 permet de r\u00e9aliser une \u00e9tanch\u00e9it\u00e9 imperm\u00e9able \u00e0 l&#8217;eau avec un minimum d&#8217;efforts.<br \/>\nGr\u00e2ce \u00e0 ses caract\u00e9ristiques, il s&#8217;adapte facilement aux surfaces in\u00e9gales ou irr\u00e9guli\u00e8res. Il est \u00e9galement id\u00e9al<\/div>\n<div>pour l&#8217;\u00e9tanch\u00e9it\u00e9 des m\u00e9taux ou des plastiques fins qui se d\u00e9forment facilement sous l&#8217;effet d&#8217;une pression importante.<\/div>\n<div><\/div>\n<div>\n<div>Le Norseal 2521 est une mousse d&#8217;\u00e9tanch\u00e9it\u00e9 adh\u00e9sive sur une face avec un adh\u00e9sif acrylique soluble dans l&#8217;eau et doit donc \u00eatre appliqu\u00e9 sur des surfaces de type murales.<\/div>\n<div>sur des surfaces propres et s\u00e8ches.<\/div>\n<\/div>\n","protected":false},"excerpt":{"rendered":"<p>Le Norseal\u00ae 2521 est une mousse de PVC \u00e0 cellules ferm\u00e9es d&#8217;une densit\u00e9 extr\u00eamement faible qui se comprime tr\u00e8s facilement. Le Norseal 2521 permet de r\u00e9aliser une \u00e9tanch\u00e9it\u00e9 imperm\u00e9able \u00e0 l&#8217;eau avec un minimum d&#8217;efforts. Gr\u00e2ce \u00e0 ses caract\u00e9ristiques, il s&#8217;adapte facilement aux surfaces in\u00e9gales ou irr\u00e9guli\u00e8res. Il est \u00e9galement id\u00e9al pour l&#8217;\u00e9tanch\u00e9it\u00e9 des m\u00e9taux [&hellip;]<\/p>\n","protected":false},"featured_media":28508,"template":"","meta":{"_acf_changed":false},"pwb-brand":[3635,2330],"product_brand":[],"product_cat":[1836],"product_tag":[],"class_list":{"0":"post-42396","1":"product","2":"type-product","3":"status-publish","4":"has-post-thumbnail","6":"pwb-brand-saint-gobain-performance-plastics-norseal-fr","7":"pwb-brand-saint-gobain-fr","8":"product_cat-rubans-adhesifs-simple-face","10":"first","11":"instock","12":"taxable","13":"shipping-taxable","14":"product-type-variable"},"acf":[],"yoast_head":"<!-- This site is optimized with the Yoast SEO plugin v27.3 - https:\/\/yoast.com\/product\/yoast-seo-wordpress\/ -->\n<title>Norseal\u00ae 2521 PVC expans\u00e9 | Cardinal TAPES<\/title>\n<meta name=\"description\" content=\"Le Norseal\u00ae 2521 est une mousse de PVC \u00e0 cellules ferm\u00e9es d&#039;une densit\u00e9 extr\u00eamement faible qui se comprime tr\u00e8s facilement.\" \/>\n<meta name=\"robots\" content=\"index, follow, max-snippet:-1, max-image-preview:large, max-video-preview:-1\" \/>\n<link rel=\"canonical\" href=\"https:\/\/cardinal-tapes.com\/fr\/rubans-adh\u00e9sifs\/rubans-adhesifs-simple-face\/norseal-2521-pvc-schaum\/\" \/>\n<meta property=\"og:locale\" content=\"fr_FR\" \/>\n<meta property=\"og:type\" content=\"article\" \/>\n<meta property=\"og:title\" content=\"Norseal\u00ae 2521 PVC expans\u00e9 | Cardinal TAPES\" \/>\n<meta property=\"og:description\" content=\"Le Norseal\u00ae 2521 est une mousse de PVC \u00e0 cellules ferm\u00e9es d&#039;une densit\u00e9 extr\u00eamement faible qui se comprime tr\u00e8s facilement.\" \/>\n<meta property=\"og:url\" content=\"https:\/\/cardinal-tapes.com\/fr\/rubans-adh\u00e9sifs\/rubans-adhesifs-simple-face\/norseal-2521-pvc-schaum\/\" \/>\n<meta property=\"og:site_name\" content=\"cardinal TAPES\" \/>\n<meta property=\"og:image\" content=\"https:\/\/cardinal-tapes.com\/wp-content\/uploads\/Norseal-FS1000-A_153120.png\" \/>\n\t<meta property=\"og:image:width\" content=\"415\" \/>\n\t<meta property=\"og:image:height\" content=\"415\" \/>\n\t<meta property=\"og:image:type\" content=\"image\/png\" \/>\n<meta name=\"twitter:card\" content=\"summary_large_image\" \/>\n<meta name=\"twitter:label1\" content=\"Dur\u00e9e de lecture estim\u00e9e\" \/>\n\t<meta name=\"twitter:data1\" content=\"1 minute\" \/>\n<script type=\"application\/ld+json\" class=\"yoast-schema-graph\">{\"@context\":\"https:\\\/\\\/schema.org\",\"@graph\":[{\"@type\":\"WebPage\",\"@id\":\"https:\\\/\\\/cardinal-tapes.com\\\/fr\\\/rubans-adh\u00e9sifs\\\/rubans-adhesifs-simple-face\\\/norseal-2521-pvc-schaum\\\/\",\"url\":\"https:\\\/\\\/cardinal-tapes.com\\\/fr\\\/rubans-adh\u00e9sifs\\\/rubans-adhesifs-simple-face\\\/norseal-2521-pvc-schaum\\\/\",\"name\":\"Norseal\u00ae 2521 PVC expans\u00e9 | Cardinal TAPES\",\"isPartOf\":{\"@id\":\"https:\\\/\\\/cardinal-tapes.com\\\/#website\"},\"primaryImageOfPage\":{\"@id\":\"https:\\\/\\\/cardinal-tapes.com\\\/fr\\\/rubans-adh\u00e9sifs\\\/rubans-adhesifs-simple-face\\\/norseal-2521-pvc-schaum\\\/#primaryimage\"},\"image\":{\"@id\":\"https:\\\/\\\/cardinal-tapes.com\\\/fr\\\/rubans-adh\u00e9sifs\\\/rubans-adhesifs-simple-face\\\/norseal-2521-pvc-schaum\\\/#primaryimage\"},\"thumbnailUrl\":\"https:\\\/\\\/cardinal-tapes.com\\\/wp-content\\\/uploads\\\/Norseal-FS1000-A_153120.png\",\"datePublished\":\"2023-06-05T14:56:40+00:00\",\"description\":\"Le Norseal\u00ae 2521 est une mousse de PVC \u00e0 cellules ferm\u00e9es d'une densit\u00e9 extr\u00eamement faible qui se comprime tr\u00e8s facilement.\",\"breadcrumb\":{\"@id\":\"https:\\\/\\\/cardinal-tapes.com\\\/fr\\\/rubans-adh\u00e9sifs\\\/rubans-adhesifs-simple-face\\\/norseal-2521-pvc-schaum\\\/#breadcrumb\"},\"inLanguage\":\"fr-FR\",\"potentialAction\":[{\"@type\":\"ReadAction\",\"target\":[\"https:\\\/\\\/cardinal-tapes.com\\\/fr\\\/rubans-adh\u00e9sifs\\\/rubans-adhesifs-simple-face\\\/norseal-2521-pvc-schaum\\\/\"]}]},{\"@type\":\"ImageObject\",\"inLanguage\":\"fr-FR\",\"@id\":\"https:\\\/\\\/cardinal-tapes.com\\\/fr\\\/rubans-adh\u00e9sifs\\\/rubans-adhesifs-simple-face\\\/norseal-2521-pvc-schaum\\\/#primaryimage\",\"url\":\"https:\\\/\\\/cardinal-tapes.com\\\/wp-content\\\/uploads\\\/Norseal-FS1000-A_153120.png\",\"contentUrl\":\"https:\\\/\\\/cardinal-tapes.com\\\/wp-content\\\/uploads\\\/Norseal-FS1000-A_153120.png\",\"width\":415,\"height\":415},{\"@type\":\"BreadcrumbList\",\"@id\":\"https:\\\/\\\/cardinal-tapes.com\\\/fr\\\/rubans-adh\u00e9sifs\\\/rubans-adhesifs-simple-face\\\/norseal-2521-pvc-schaum\\\/#breadcrumb\",\"itemListElement\":[{\"@type\":\"ListItem\",\"position\":1,\"name\":\"Startseite\",\"item\":\"https:\\\/\\\/cardinal-tapes.com\\\/fr\\\/accueil\\\/\"},{\"@type\":\"ListItem\",\"position\":2,\"name\":\"Rubans adh\u00e9sifs\",\"item\":\"https:\\\/\\\/cardinal-tapes.com\\\/fr\\\/rubans-adhesifs-fr\\\/\"},{\"@type\":\"ListItem\",\"position\":3,\"name\":\"Rubans adh\u00e9sifs simple face\",\"item\":\"https:\\\/\\\/cardinal-tapes.com\\\/fr\\\/catgorie\\\/rubans-adhesifs-simple-face\\\/\"},{\"@type\":\"ListItem\",\"position\":4,\"name\":\"Norseal\u00ae 2521 Mousse PVC\"}]},{\"@type\":\"WebSite\",\"@id\":\"https:\\\/\\\/cardinal-tapes.com\\\/#website\",\"url\":\"https:\\\/\\\/cardinal-tapes.com\\\/\",\"name\":\"cardinal TAPES\",\"description\":\"Klebetechnik aus Wuppertal\",\"potentialAction\":[{\"@type\":\"SearchAction\",\"target\":{\"@type\":\"EntryPoint\",\"urlTemplate\":\"https:\\\/\\\/cardinal-tapes.com\\\/?s={search_term_string}\"},\"query-input\":{\"@type\":\"PropertyValueSpecification\",\"valueRequired\":true,\"valueName\":\"search_term_string\"}}],\"inLanguage\":\"fr-FR\"}]}<\/script>\n<!-- \/ Yoast SEO plugin. -->","yoast_head_json":{"title":"Norseal\u00ae 2521 PVC expans\u00e9 | Cardinal TAPES","description":"Le Norseal\u00ae 2521 est une mousse de PVC \u00e0 cellules ferm\u00e9es d'une densit\u00e9 extr\u00eamement faible qui se comprime tr\u00e8s facilement.","robots":{"index":"index","follow":"follow","max-snippet":"max-snippet:-1","max-image-preview":"max-image-preview:large","max-video-preview":"max-video-preview:-1"},"canonical":"https:\/\/cardinal-tapes.com\/fr\/rubans-adh\u00e9sifs\/rubans-adhesifs-simple-face\/norseal-2521-pvc-schaum\/","og_locale":"fr_FR","og_type":"article","og_title":"Norseal\u00ae 2521 PVC expans\u00e9 | Cardinal TAPES","og_description":"Le Norseal\u00ae 2521 est une mousse de PVC \u00e0 cellules ferm\u00e9es d'une densit\u00e9 extr\u00eamement faible qui se comprime tr\u00e8s facilement.","og_url":"https:\/\/cardinal-tapes.com\/fr\/rubans-adh\u00e9sifs\/rubans-adhesifs-simple-face\/norseal-2521-pvc-schaum\/","og_site_name":"cardinal TAPES","og_image":[{"width":415,"height":415,"url":"https:\/\/cardinal-tapes.com\/wp-content\/uploads\/Norseal-FS1000-A_153120.png","type":"image\/png"}],"twitter_card":"summary_large_image","twitter_misc":{"Dur\u00e9e de lecture estim\u00e9e":"1 minute"},"schema":{"@context":"https:\/\/schema.org","@graph":[{"@type":"WebPage","@id":"https:\/\/cardinal-tapes.com\/fr\/rubans-adh\u00e9sifs\/rubans-adhesifs-simple-face\/norseal-2521-pvc-schaum\/","url":"https:\/\/cardinal-tapes.com\/fr\/rubans-adh\u00e9sifs\/rubans-adhesifs-simple-face\/norseal-2521-pvc-schaum\/","name":"Norseal\u00ae 2521 PVC expans\u00e9 | Cardinal TAPES","isPartOf":{"@id":"https:\/\/cardinal-tapes.com\/#website"},"primaryImageOfPage":{"@id":"https:\/\/cardinal-tapes.com\/fr\/rubans-adh\u00e9sifs\/rubans-adhesifs-simple-face\/norseal-2521-pvc-schaum\/#primaryimage"},"image":{"@id":"https:\/\/cardinal-tapes.com\/fr\/rubans-adh\u00e9sifs\/rubans-adhesifs-simple-face\/norseal-2521-pvc-schaum\/#primaryimage"},"thumbnailUrl":"https:\/\/cardinal-tapes.com\/wp-content\/uploads\/Norseal-FS1000-A_153120.png","datePublished":"2023-06-05T14:56:40+00:00","description":"Le Norseal\u00ae 2521 est une mousse de PVC \u00e0 cellules ferm\u00e9es d'une densit\u00e9 extr\u00eamement faible qui se comprime tr\u00e8s facilement.","breadcrumb":{"@id":"https:\/\/cardinal-tapes.com\/fr\/rubans-adh\u00e9sifs\/rubans-adhesifs-simple-face\/norseal-2521-pvc-schaum\/#breadcrumb"},"inLanguage":"fr-FR","potentialAction":[{"@type":"ReadAction","target":["https:\/\/cardinal-tapes.com\/fr\/rubans-adh\u00e9sifs\/rubans-adhesifs-simple-face\/norseal-2521-pvc-schaum\/"]}]},{"@type":"ImageObject","inLanguage":"fr-FR","@id":"https:\/\/cardinal-tapes.com\/fr\/rubans-adh\u00e9sifs\/rubans-adhesifs-simple-face\/norseal-2521-pvc-schaum\/#primaryimage","url":"https:\/\/cardinal-tapes.com\/wp-content\/uploads\/Norseal-FS1000-A_153120.png","contentUrl":"https:\/\/cardinal-tapes.com\/wp-content\/uploads\/Norseal-FS1000-A_153120.png","width":415,"height":415},{"@type":"BreadcrumbList","@id":"https:\/\/cardinal-tapes.com\/fr\/rubans-adh\u00e9sifs\/rubans-adhesifs-simple-face\/norseal-2521-pvc-schaum\/#breadcrumb","itemListElement":[{"@type":"ListItem","position":1,"name":"Startseite","item":"https:\/\/cardinal-tapes.com\/fr\/accueil\/"},{"@type":"ListItem","position":2,"name":"Rubans adh\u00e9sifs","item":"https:\/\/cardinal-tapes.com\/fr\/rubans-adhesifs-fr\/"},{"@type":"ListItem","position":3,"name":"Rubans adh\u00e9sifs simple face","item":"https:\/\/cardinal-tapes.com\/fr\/catgorie\/rubans-adhesifs-simple-face\/"},{"@type":"ListItem","position":4,"name":"Norseal\u00ae 2521 Mousse PVC"}]},{"@type":"WebSite","@id":"https:\/\/cardinal-tapes.com\/#website","url":"https:\/\/cardinal-tapes.com\/","name":"cardinal TAPES","description":"Klebetechnik aus Wuppertal","potentialAction":[{"@type":"SearchAction","target":{"@type":"EntryPoint","urlTemplate":"https:\/\/cardinal-tapes.com\/?s={search_term_string}"},"query-input":{"@type":"PropertyValueSpecification","valueRequired":true,"valueName":"search_term_string"}}],"inLanguage":"fr-FR"}]}},"brands":[{"id":3635,"name":"Saint-Gobain Norseal","slug":"saint-gobain-performance-plastics-norseal-fr"},{"id":2330,"name":"Saint-Gobain Performance Plastics","slug":"saint-gobain-fr"}],"_links":{"self":[{"href":"https:\/\/cardinal-tapes.com\/fr\/wp-json\/wp\/v2\/product\/42396","targetHints":{"allow":["GET"]}}],"collection":[{"href":"https:\/\/cardinal-tapes.com\/fr\/wp-json\/wp\/v2\/product"}],"about":[{"href":"https:\/\/cardinal-tapes.com\/fr\/wp-json\/wp\/v2\/types\/product"}],"wp:featuredmedia":[{"embeddable":true,"href":"https:\/\/cardinal-tapes.com\/fr\/wp-json\/wp\/v2\/media\/28508"}],"wp:attachment":[{"href":"https:\/\/cardinal-tapes.com\/fr\/wp-json\/wp\/v2\/media?parent=42396"}],"wp:term":[{"taxonomy":"pwb-brand","embeddable":true,"href":"https:\/\/cardinal-tapes.com\/fr\/wp-json\/wp\/v2\/pwb-brand?post=42396"},{"taxonomy":"product_brand","embeddable":true,"href":"https:\/\/cardinal-tapes.com\/fr\/wp-json\/wp\/v2\/product_brand?post=42396"},{"taxonomy":"product_cat","embeddable":true,"href":"https:\/\/cardinal-tapes.com\/fr\/wp-json\/wp\/v2\/product_cat?post=42396"},{"taxonomy":"product_tag","embeddable":true,"href":"https:\/\/cardinal-tapes.com\/fr\/wp-json\/wp\/v2\/product_tag?post=42396"}],"curies":[{"name":"wp","href":"https:\/\/api.w.org\/{rel}","templated":true}]}}