{"id":42395,"date":"2020-11-25T15:22:06","date_gmt":"2023-06-05T14:56:40","guid":{"rendered":"https:\/\/cardinal.pixel-tal.de\/klebebaender\/non%20class\u00e9\/norbond-a7300-bande-de-mousse-acrylique-double-face\/"},"modified":"2025-07-02T13:29:57","modified_gmt":"2025-07-02T11:29:57","slug":"norbonda7300-bande-de-mousse-acrylique-double-face","status":"publish","type":"product","link":"https:\/\/cardinal-tapes.com\/fr\/rubans-adh\u00e9sifs\/rubans-adhesifs-double-face\/norbonda7300-bande-de-mousse-acrylique-double-face\/","title":{"rendered":"Norbond\u00ae A7300 bande de mousse acrylique double face"},"content":{"rendered":"<p>La gamme Norbond\u00ae A7300 de Saint-Gobain\u00ae est un ruban en mousse acrylique gris, enduit d&#8217;un adh\u00e9sif double face, dot\u00e9 de propri\u00e9t\u00e9s visco\u00e9lastiques et d&#8217;adh\u00e9rence exceptionnelles, id\u00e9al pour de nombreuses applications industrielles de collage en int\u00e9rieur et en ext\u00e9rieur.<\/p>\n<p>Caract\u00e9ristiques :<br \/>\n&#8211; Haute conformabilit\u00e9 et extensibilit\u00e9<br \/>\n&#8211; R\u00e9sistance aux intemp\u00e9ries (UV et temp\u00e9ratures \u00e9lev\u00e9es)<br \/>\n&#8211; Excellente force de maintien (T-Block) et r\u00e9sistance au cisaillement dynamique<br \/>\n&#8211; Excellente r\u00e9sistance au cisaillement statique<br \/>\n&#8211; Maintien durable \u00e0 haute temp\u00e9rature<br \/>\n&#8211; Amortissement des forces de choc et de contrainte<\/p>\n","protected":false},"excerpt":{"rendered":"<p>La gamme Norbond\u00ae A7300 de Saint-Gobain\u00ae est un ruban en mousse acrylique gris, enduit d&#8217;un adh\u00e9sif double face, dot\u00e9 de propri\u00e9t\u00e9s visco\u00e9lastiques et d&#8217;adh\u00e9rence exceptionnelles, id\u00e9al pour de nombreuses applications industrielles de collage en int\u00e9rieur et en ext\u00e9rieur. Caract\u00e9ristiques : &#8211; Haute conformabilit\u00e9 et extensibilit\u00e9 &#8211; R\u00e9sistance aux intemp\u00e9ries (UV et temp\u00e9ratures \u00e9lev\u00e9es) &#8211; Excellente [&hellip;]<\/p>\n","protected":false},"featured_media":28476,"template":"","meta":{"_acf_changed":false},"pwb-brand":[4199,2330],"product_brand":[],"product_cat":[1834],"product_tag":[],"class_list":{"0":"post-42395","1":"product","2":"type-product","3":"status-publish","4":"has-post-thumbnail","6":"pwb-brand-saint-gobain-performance-plastics-norbond-fr","7":"pwb-brand-saint-gobain-fr","8":"product_cat-rubans-adhesifs-double-face","10":"first","11":"instock","12":"taxable","13":"shipping-taxable","14":"product-type-variable"},"acf":[],"yoast_head":"<!-- This site is optimized with the Yoast SEO plugin v27.3 - https:\/\/yoast.com\/product\/yoast-seo-wordpress\/ -->\n<title>Norbond\u00ae A7300 Bande de mousse acrylique | Cardinal TAPES<\/title>\n<meta name=\"description\" content=\"La s\u00e9rie Norbond\u00ae A7300 de Saint-Gobain\u00ae est une bande en mousse acrylique grise, enduite d&#039;adh\u00e9sif double face, dot\u00e9e d&#039;excellentes propri\u00e9t\u00e9s visco\u00e9lastiques et d&#039;adh\u00e9rence, id\u00e9ale pour de nombreuses applications industrielles de collage en int\u00e9rieur et en ext\u00e9rieur.\" \/>\n<meta name=\"robots\" content=\"index, follow, max-snippet:-1, max-image-preview:large, max-video-preview:-1\" \/>\n<link rel=\"canonical\" href=\"https:\/\/cardinal-tapes.com\/fr\/rubans-adh\u00e9sifs\/rubans-adhesifs-double-face\/norbonda7300-bande-de-mousse-acrylique-double-face\/\" \/>\n<meta property=\"og:locale\" content=\"fr_FR\" \/>\n<meta property=\"og:type\" content=\"article\" \/>\n<meta property=\"og:title\" content=\"Norbond\u00ae A7300 Bande de mousse acrylique | Cardinal TAPES\" \/>\n<meta property=\"og:description\" content=\"La s\u00e9rie Norbond\u00ae A7300 de Saint-Gobain\u00ae est une bande en mousse acrylique grise, enduite d&#039;adh\u00e9sif double face, dot\u00e9e d&#039;excellentes propri\u00e9t\u00e9s visco\u00e9lastiques et d&#039;adh\u00e9rence, id\u00e9ale pour de nombreuses applications industrielles de collage en int\u00e9rieur et en ext\u00e9rieur.\" \/>\n<meta property=\"og:url\" content=\"https:\/\/cardinal-tapes.com\/fr\/rubans-adh\u00e9sifs\/rubans-adhesifs-double-face\/norbonda7300-bande-de-mousse-acrylique-double-face\/\" \/>\n<meta property=\"og:site_name\" content=\"cardinal TAPES\" \/>\n<meta property=\"article:modified_time\" content=\"2025-07-02T11:29:57+00:00\" \/>\n<meta property=\"og:image\" content=\"https:\/\/cardinal-tapes.com\/wp-content\/uploads\/Norbond-Acrylic-A7300-A_153087.png\" \/>\n\t<meta property=\"og:image:width\" content=\"415\" \/>\n\t<meta property=\"og:image:height\" content=\"415\" \/>\n\t<meta property=\"og:image:type\" content=\"image\/png\" \/>\n<meta name=\"twitter:card\" content=\"summary_large_image\" \/>\n<script type=\"application\/ld+json\" class=\"yoast-schema-graph\">{\"@context\":\"https:\\\/\\\/schema.org\",\"@graph\":[{\"@type\":\"WebPage\",\"@id\":\"https:\\\/\\\/cardinal-tapes.com\\\/fr\\\/rubans-adh\u00e9sifs\\\/rubans-adhesifs-double-face\\\/norbonda7300-bande-de-mousse-acrylique-double-face\\\/\",\"url\":\"https:\\\/\\\/cardinal-tapes.com\\\/fr\\\/rubans-adh\u00e9sifs\\\/rubans-adhesifs-double-face\\\/norbonda7300-bande-de-mousse-acrylique-double-face\\\/\",\"name\":\"Norbond\u00ae A7300 Bande de mousse acrylique | Cardinal TAPES\",\"isPartOf\":{\"@id\":\"https:\\\/\\\/cardinal-tapes.com\\\/#website\"},\"primaryImageOfPage\":{\"@id\":\"https:\\\/\\\/cardinal-tapes.com\\\/fr\\\/rubans-adh\u00e9sifs\\\/rubans-adhesifs-double-face\\\/norbonda7300-bande-de-mousse-acrylique-double-face\\\/#primaryimage\"},\"image\":{\"@id\":\"https:\\\/\\\/cardinal-tapes.com\\\/fr\\\/rubans-adh\u00e9sifs\\\/rubans-adhesifs-double-face\\\/norbonda7300-bande-de-mousse-acrylique-double-face\\\/#primaryimage\"},\"thumbnailUrl\":\"https:\\\/\\\/cardinal-tapes.com\\\/wp-content\\\/uploads\\\/Norbond-Acrylic-A7300-A_153087.png\",\"datePublished\":\"2023-06-05T14:56:40+00:00\",\"dateModified\":\"2025-07-02T11:29:57+00:00\",\"description\":\"La s\u00e9rie Norbond\u00ae A7300 de Saint-Gobain\u00ae est une bande en mousse acrylique grise, enduite d'adh\u00e9sif double face, dot\u00e9e d'excellentes propri\u00e9t\u00e9s visco\u00e9lastiques et d'adh\u00e9rence, id\u00e9ale pour de nombreuses applications industrielles de collage en int\u00e9rieur et en ext\u00e9rieur.\",\"breadcrumb\":{\"@id\":\"https:\\\/\\\/cardinal-tapes.com\\\/fr\\\/rubans-adh\u00e9sifs\\\/rubans-adhesifs-double-face\\\/norbonda7300-bande-de-mousse-acrylique-double-face\\\/#breadcrumb\"},\"inLanguage\":\"fr-FR\",\"potentialAction\":[{\"@type\":\"ReadAction\",\"target\":[\"https:\\\/\\\/cardinal-tapes.com\\\/fr\\\/rubans-adh\u00e9sifs\\\/rubans-adhesifs-double-face\\\/norbonda7300-bande-de-mousse-acrylique-double-face\\\/\"]}]},{\"@type\":\"ImageObject\",\"inLanguage\":\"fr-FR\",\"@id\":\"https:\\\/\\\/cardinal-tapes.com\\\/fr\\\/rubans-adh\u00e9sifs\\\/rubans-adhesifs-double-face\\\/norbonda7300-bande-de-mousse-acrylique-double-face\\\/#primaryimage\",\"url\":\"https:\\\/\\\/cardinal-tapes.com\\\/wp-content\\\/uploads\\\/Norbond-Acrylic-A7300-A_153087.png\",\"contentUrl\":\"https:\\\/\\\/cardinal-tapes.com\\\/wp-content\\\/uploads\\\/Norbond-Acrylic-A7300-A_153087.png\",\"width\":415,\"height\":415},{\"@type\":\"BreadcrumbList\",\"@id\":\"https:\\\/\\\/cardinal-tapes.com\\\/fr\\\/rubans-adh\u00e9sifs\\\/rubans-adhesifs-double-face\\\/norbonda7300-bande-de-mousse-acrylique-double-face\\\/#breadcrumb\",\"itemListElement\":[{\"@type\":\"ListItem\",\"position\":1,\"name\":\"Startseite\",\"item\":\"https:\\\/\\\/cardinal-tapes.com\\\/fr\\\/accueil\\\/\"},{\"@type\":\"ListItem\",\"position\":2,\"name\":\"Rubans adh\u00e9sifs\",\"item\":\"https:\\\/\\\/cardinal-tapes.com\\\/fr\\\/rubans-adhesifs-fr\\\/\"},{\"@type\":\"ListItem\",\"position\":3,\"name\":\"Doppelseitige Klebeb\u00e4nder\",\"item\":\"https:\\\/\\\/cardinal-tapes.com\\\/kategorie\\\/doppelseitige-klebebaender\\\/\"},{\"@type\":\"ListItem\",\"position\":4,\"name\":\"Norbond\u00ae A7300 bande de mousse acrylique double face\"}]},{\"@type\":\"WebSite\",\"@id\":\"https:\\\/\\\/cardinal-tapes.com\\\/#website\",\"url\":\"https:\\\/\\\/cardinal-tapes.com\\\/\",\"name\":\"cardinal TAPES\",\"description\":\"Klebetechnik aus Wuppertal\",\"potentialAction\":[{\"@type\":\"SearchAction\",\"target\":{\"@type\":\"EntryPoint\",\"urlTemplate\":\"https:\\\/\\\/cardinal-tapes.com\\\/?s={search_term_string}\"},\"query-input\":{\"@type\":\"PropertyValueSpecification\",\"valueRequired\":true,\"valueName\":\"search_term_string\"}}],\"inLanguage\":\"fr-FR\"}]}<\/script>\n<!-- \/ Yoast SEO plugin. -->","yoast_head_json":{"title":"Norbond\u00ae A7300 Bande de mousse acrylique | Cardinal TAPES","description":"La s\u00e9rie Norbond\u00ae A7300 de Saint-Gobain\u00ae est une bande en mousse acrylique grise, enduite d'adh\u00e9sif double face, dot\u00e9e d'excellentes propri\u00e9t\u00e9s visco\u00e9lastiques et d'adh\u00e9rence, id\u00e9ale pour de nombreuses applications industrielles de collage en int\u00e9rieur et en ext\u00e9rieur.","robots":{"index":"index","follow":"follow","max-snippet":"max-snippet:-1","max-image-preview":"max-image-preview:large","max-video-preview":"max-video-preview:-1"},"canonical":"https:\/\/cardinal-tapes.com\/fr\/rubans-adh\u00e9sifs\/rubans-adhesifs-double-face\/norbonda7300-bande-de-mousse-acrylique-double-face\/","og_locale":"fr_FR","og_type":"article","og_title":"Norbond\u00ae A7300 Bande de mousse acrylique | Cardinal TAPES","og_description":"La s\u00e9rie Norbond\u00ae A7300 de Saint-Gobain\u00ae est une bande en mousse acrylique grise, enduite d'adh\u00e9sif double face, dot\u00e9e d'excellentes propri\u00e9t\u00e9s visco\u00e9lastiques et d'adh\u00e9rence, id\u00e9ale pour de nombreuses applications industrielles de collage en int\u00e9rieur et en ext\u00e9rieur.","og_url":"https:\/\/cardinal-tapes.com\/fr\/rubans-adh\u00e9sifs\/rubans-adhesifs-double-face\/norbonda7300-bande-de-mousse-acrylique-double-face\/","og_site_name":"cardinal TAPES","article_modified_time":"2025-07-02T11:29:57+00:00","og_image":[{"width":415,"height":415,"url":"https:\/\/cardinal-tapes.com\/wp-content\/uploads\/Norbond-Acrylic-A7300-A_153087.png","type":"image\/png"}],"twitter_card":"summary_large_image","schema":{"@context":"https:\/\/schema.org","@graph":[{"@type":"WebPage","@id":"https:\/\/cardinal-tapes.com\/fr\/rubans-adh\u00e9sifs\/rubans-adhesifs-double-face\/norbonda7300-bande-de-mousse-acrylique-double-face\/","url":"https:\/\/cardinal-tapes.com\/fr\/rubans-adh\u00e9sifs\/rubans-adhesifs-double-face\/norbonda7300-bande-de-mousse-acrylique-double-face\/","name":"Norbond\u00ae A7300 Bande de mousse acrylique | Cardinal TAPES","isPartOf":{"@id":"https:\/\/cardinal-tapes.com\/#website"},"primaryImageOfPage":{"@id":"https:\/\/cardinal-tapes.com\/fr\/rubans-adh\u00e9sifs\/rubans-adhesifs-double-face\/norbonda7300-bande-de-mousse-acrylique-double-face\/#primaryimage"},"image":{"@id":"https:\/\/cardinal-tapes.com\/fr\/rubans-adh\u00e9sifs\/rubans-adhesifs-double-face\/norbonda7300-bande-de-mousse-acrylique-double-face\/#primaryimage"},"thumbnailUrl":"https:\/\/cardinal-tapes.com\/wp-content\/uploads\/Norbond-Acrylic-A7300-A_153087.png","datePublished":"2023-06-05T14:56:40+00:00","dateModified":"2025-07-02T11:29:57+00:00","description":"La s\u00e9rie Norbond\u00ae A7300 de Saint-Gobain\u00ae est une bande en mousse acrylique grise, enduite d'adh\u00e9sif double face, dot\u00e9e d'excellentes propri\u00e9t\u00e9s visco\u00e9lastiques et d'adh\u00e9rence, id\u00e9ale pour de nombreuses applications industrielles de collage en int\u00e9rieur et en ext\u00e9rieur.","breadcrumb":{"@id":"https:\/\/cardinal-tapes.com\/fr\/rubans-adh\u00e9sifs\/rubans-adhesifs-double-face\/norbonda7300-bande-de-mousse-acrylique-double-face\/#breadcrumb"},"inLanguage":"fr-FR","potentialAction":[{"@type":"ReadAction","target":["https:\/\/cardinal-tapes.com\/fr\/rubans-adh\u00e9sifs\/rubans-adhesifs-double-face\/norbonda7300-bande-de-mousse-acrylique-double-face\/"]}]},{"@type":"ImageObject","inLanguage":"fr-FR","@id":"https:\/\/cardinal-tapes.com\/fr\/rubans-adh\u00e9sifs\/rubans-adhesifs-double-face\/norbonda7300-bande-de-mousse-acrylique-double-face\/#primaryimage","url":"https:\/\/cardinal-tapes.com\/wp-content\/uploads\/Norbond-Acrylic-A7300-A_153087.png","contentUrl":"https:\/\/cardinal-tapes.com\/wp-content\/uploads\/Norbond-Acrylic-A7300-A_153087.png","width":415,"height":415},{"@type":"BreadcrumbList","@id":"https:\/\/cardinal-tapes.com\/fr\/rubans-adh\u00e9sifs\/rubans-adhesifs-double-face\/norbonda7300-bande-de-mousse-acrylique-double-face\/#breadcrumb","itemListElement":[{"@type":"ListItem","position":1,"name":"Startseite","item":"https:\/\/cardinal-tapes.com\/fr\/accueil\/"},{"@type":"ListItem","position":2,"name":"Rubans adh\u00e9sifs","item":"https:\/\/cardinal-tapes.com\/fr\/rubans-adhesifs-fr\/"},{"@type":"ListItem","position":3,"name":"Doppelseitige Klebeb\u00e4nder","item":"https:\/\/cardinal-tapes.com\/kategorie\/doppelseitige-klebebaender\/"},{"@type":"ListItem","position":4,"name":"Norbond\u00ae A7300 bande de mousse acrylique double face"}]},{"@type":"WebSite","@id":"https:\/\/cardinal-tapes.com\/#website","url":"https:\/\/cardinal-tapes.com\/","name":"cardinal TAPES","description":"Klebetechnik aus Wuppertal","potentialAction":[{"@type":"SearchAction","target":{"@type":"EntryPoint","urlTemplate":"https:\/\/cardinal-tapes.com\/?s={search_term_string}"},"query-input":{"@type":"PropertyValueSpecification","valueRequired":true,"valueName":"search_term_string"}}],"inLanguage":"fr-FR"}]}},"brands":[{"id":4199,"name":"Saint-Gobain Norbond","slug":"saint-gobain-performance-plastics-norbond-fr"},{"id":2330,"name":"Saint-Gobain Performance Plastics","slug":"saint-gobain-fr"}],"_links":{"self":[{"href":"https:\/\/cardinal-tapes.com\/fr\/wp-json\/wp\/v2\/product\/42395","targetHints":{"allow":["GET"]}}],"collection":[{"href":"https:\/\/cardinal-tapes.com\/fr\/wp-json\/wp\/v2\/product"}],"about":[{"href":"https:\/\/cardinal-tapes.com\/fr\/wp-json\/wp\/v2\/types\/product"}],"wp:featuredmedia":[{"embeddable":true,"href":"https:\/\/cardinal-tapes.com\/fr\/wp-json\/wp\/v2\/media\/28476"}],"wp:attachment":[{"href":"https:\/\/cardinal-tapes.com\/fr\/wp-json\/wp\/v2\/media?parent=42395"}],"wp:term":[{"taxonomy":"pwb-brand","embeddable":true,"href":"https:\/\/cardinal-tapes.com\/fr\/wp-json\/wp\/v2\/pwb-brand?post=42395"},{"taxonomy":"product_brand","embeddable":true,"href":"https:\/\/cardinal-tapes.com\/fr\/wp-json\/wp\/v2\/product_brand?post=42395"},{"taxonomy":"product_cat","embeddable":true,"href":"https:\/\/cardinal-tapes.com\/fr\/wp-json\/wp\/v2\/product_cat?post=42395"},{"taxonomy":"product_tag","embeddable":true,"href":"https:\/\/cardinal-tapes.com\/fr\/wp-json\/wp\/v2\/product_tag?post=42395"}],"curies":[{"name":"wp","href":"https:\/\/api.w.org\/{rel}","templated":true}]}}