{"id":42392,"date":"2020-12-14T15:10:41","date_gmt":"2023-06-05T14:56:40","guid":{"rendered":"https:\/\/cardinal.pixel-tal.de\/klebebaender\/non%20class\u00e9\/at159-bande-tissee-resistante-a-leau-avec-surface-mate\/"},"modified":"2025-07-02T13:39:21","modified_gmt":"2025-07-02T11:39:21","slug":"at159-bande-tissu-resistant-a-leau-avec-surface-matiere","status":"publish","type":"product","link":"https:\/\/cardinal-tapes.com\/fr\/rubans-adh\u00e9sifs\/rubans-adhesifs-simple-face\/ruban-enduit-de-pe\/at159-bande-tissu-resistant-a-leau-avec-surface-matiere\/","title":{"rendered":"AT159 Bande tiss\u00e9e r\u00e9sistante \u00e0 l&#8217;eau avec surface mate"},"content":{"rendered":"<p>AT159 est une bande tiss\u00e9e mate solide, extrud\u00e9e en poly\u00e9thyl\u00e8ne, enduite d&#8217;un adh\u00e9sif caoutchouc-r\u00e9sine agressif, sensible \u00e0 la pression et sans solvant. La bande tiss\u00e9e a \u00e9t\u00e9 con\u00e7ue pour les applications n\u00e9cessitant une forte adh\u00e9rence et une r\u00e9sistance \u00e0 l&#8217;abrasion.<\/p>\n<p>Ce ruban tiss\u00e9 mat convient aux applications ext\u00e9rieures et offre une grande r\u00e9sistance \u00e0 l&#8217;abrasion, \u00e0 l&#8217;eau et aux conditions climatiques d\u00e9favorables. AT159 r\u00e9siste aux intemp\u00e9ries, adh\u00e8re et s&#8217;adapte parfaitement aux surfaces lisses et rugueuses.<\/p>\n<p><strong>Applications <\/strong><\/p>\n<ul>\n<li>Reliure de livres, de dos de livres et de ch\u00e9quiers<\/li>\n<li>Fixation des pare-brise apr\u00e8s le collage jusqu&#8217;au s\u00e9chage de la colle<\/li>\n<li>Marquage de sites sportifs (Melbourne Tennis Champs)<\/li>\n<li>S\u00e9curisation et mise en faisceau de c\u00e2bles.<\/li>\n<li>S\u00e9curisation des luminaires et des appareils.<\/li>\n<li>Adh\u00e9sion et protection des pistes de danse color\u00e9es<\/li>\n<li>Etanch\u00e9it\u00e9 des tambours de fibres<\/li>\n<\/ul>\n","protected":false},"excerpt":{"rendered":"<p>AT159 est une bande tiss\u00e9e mate solide, extrud\u00e9e en poly\u00e9thyl\u00e8ne, enduite d&#8217;un adh\u00e9sif caoutchouc-r\u00e9sine agressif, sensible \u00e0 la pression et sans solvant. La bande tiss\u00e9e a \u00e9t\u00e9 con\u00e7ue pour les applications n\u00e9cessitant une forte adh\u00e9rence et une r\u00e9sistance \u00e0 l&#8217;abrasion. Ce ruban tiss\u00e9 mat convient aux applications ext\u00e9rieures et offre une grande r\u00e9sistance \u00e0 l&#8217;abrasion, [&hellip;]<\/p>\n","protected":false},"featured_media":28612,"template":"","meta":{"_acf_changed":false},"pwb-brand":[2328],"product_brand":[],"product_cat":[1838,1735,1737,1836],"product_tag":[],"class_list":{"0":"post-42392","1":"product","2":"type-product","3":"status-publish","4":"has-post-thumbnail","6":"pwb-brand-advance-tapes-fr","7":"product_cat-ruban-enduit-de-pe","8":"product_cat-ruban-adhesif-en-tissu","9":"product_cat-ruban-enduit-de-plastique","10":"product_cat-rubans-adhesifs-simple-face","12":"first","13":"instock","14":"taxable","15":"shipping-taxable","16":"purchasable","17":"product-type-variable"},"acf":[],"yoast_head":"<!-- This site is optimized with the Yoast SEO plugin v27.3 - https:\/\/yoast.com\/product\/yoast-seo-wordpress\/ -->\n<title>AT159 bande tiss\u00e9e \u00e9tanche avec surface mate | Cardinal TAPES<\/title>\n<meta name=\"description\" content=\"AT159 est une bande tiss\u00e9e mate qui convient aux applications ext\u00e9rieures et offre une grande r\u00e9sistance \u00e0 l&#039;abrasion, \u00e0 l&#039;eau et aux conditions climatiques d\u00e9favorables.\" \/>\n<meta name=\"robots\" content=\"index, follow, max-snippet:-1, max-image-preview:large, max-video-preview:-1\" \/>\n<link rel=\"canonical\" href=\"https:\/\/cardinal-tapes.com\/fr\/rubans-adh\u00e9sifs\/rubans-adhesifs-simple-face\/ruban-enduit-de-pe\/at159-bande-tissu-resistant-a-leau-avec-surface-matiere\/\" \/>\n<meta property=\"og:locale\" content=\"fr_FR\" \/>\n<meta property=\"og:type\" content=\"article\" \/>\n<meta property=\"og:title\" content=\"AT159 bande tiss\u00e9e \u00e9tanche avec surface mate | Cardinal TAPES\" \/>\n<meta property=\"og:description\" content=\"AT159 est une bande tiss\u00e9e mate qui convient aux applications ext\u00e9rieures et offre une grande r\u00e9sistance \u00e0 l&#039;abrasion, \u00e0 l&#039;eau et aux conditions climatiques d\u00e9favorables.\" \/>\n<meta property=\"og:url\" content=\"https:\/\/cardinal-tapes.com\/fr\/rubans-adh\u00e9sifs\/rubans-adhesifs-simple-face\/ruban-enduit-de-pe\/at159-bande-tissu-resistant-a-leau-avec-surface-matiere\/\" \/>\n<meta property=\"og:site_name\" content=\"cardinal TAPES\" \/>\n<meta property=\"article:modified_time\" content=\"2025-07-02T11:39:21+00:00\" \/>\n<meta property=\"og:image\" content=\"https:\/\/cardinal-tapes.com\/wp-content\/uploads\/Advance-Tapes_AT160_Group.jpg\" \/>\n\t<meta property=\"og:image:width\" content=\"600\" \/>\n\t<meta property=\"og:image:height\" content=\"600\" \/>\n\t<meta property=\"og:image:type\" content=\"image\/jpeg\" \/>\n<meta name=\"twitter:card\" content=\"summary_large_image\" \/>\n<meta name=\"twitter:label1\" content=\"Dur\u00e9e de lecture estim\u00e9e\" \/>\n\t<meta name=\"twitter:data1\" content=\"1 minute\" \/>\n<script type=\"application\/ld+json\" class=\"yoast-schema-graph\">{\"@context\":\"https:\\\/\\\/schema.org\",\"@graph\":[{\"@type\":\"WebPage\",\"@id\":\"https:\\\/\\\/cardinal-tapes.com\\\/fr\\\/rubans-adh\u00e9sifs\\\/rubans-adhesifs-simple-face\\\/ruban-enduit-de-pe\\\/at159-bande-tissu-resistant-a-leau-avec-surface-matiere\\\/\",\"url\":\"https:\\\/\\\/cardinal-tapes.com\\\/fr\\\/rubans-adh\u00e9sifs\\\/rubans-adhesifs-simple-face\\\/ruban-enduit-de-pe\\\/at159-bande-tissu-resistant-a-leau-avec-surface-matiere\\\/\",\"name\":\"AT159 bande tiss\u00e9e \u00e9tanche avec surface mate | Cardinal TAPES\",\"isPartOf\":{\"@id\":\"https:\\\/\\\/cardinal-tapes.com\\\/#website\"},\"primaryImageOfPage\":{\"@id\":\"https:\\\/\\\/cardinal-tapes.com\\\/fr\\\/rubans-adh\u00e9sifs\\\/rubans-adhesifs-simple-face\\\/ruban-enduit-de-pe\\\/at159-bande-tissu-resistant-a-leau-avec-surface-matiere\\\/#primaryimage\"},\"image\":{\"@id\":\"https:\\\/\\\/cardinal-tapes.com\\\/fr\\\/rubans-adh\u00e9sifs\\\/rubans-adhesifs-simple-face\\\/ruban-enduit-de-pe\\\/at159-bande-tissu-resistant-a-leau-avec-surface-matiere\\\/#primaryimage\"},\"thumbnailUrl\":\"https:\\\/\\\/cardinal-tapes.com\\\/wp-content\\\/uploads\\\/Advance-Tapes_AT160_Group.jpg\",\"datePublished\":\"2023-06-05T14:56:40+00:00\",\"dateModified\":\"2025-07-02T11:39:21+00:00\",\"description\":\"AT159 est une bande tiss\u00e9e mate qui convient aux applications ext\u00e9rieures et offre une grande r\u00e9sistance \u00e0 l'abrasion, \u00e0 l'eau et aux conditions climatiques d\u00e9favorables.\",\"breadcrumb\":{\"@id\":\"https:\\\/\\\/cardinal-tapes.com\\\/fr\\\/rubans-adh\u00e9sifs\\\/rubans-adhesifs-simple-face\\\/ruban-enduit-de-pe\\\/at159-bande-tissu-resistant-a-leau-avec-surface-matiere\\\/#breadcrumb\"},\"inLanguage\":\"fr-FR\",\"potentialAction\":[{\"@type\":\"ReadAction\",\"target\":[\"https:\\\/\\\/cardinal-tapes.com\\\/fr\\\/rubans-adh\u00e9sifs\\\/rubans-adhesifs-simple-face\\\/ruban-enduit-de-pe\\\/at159-bande-tissu-resistant-a-leau-avec-surface-matiere\\\/\"]}]},{\"@type\":\"ImageObject\",\"inLanguage\":\"fr-FR\",\"@id\":\"https:\\\/\\\/cardinal-tapes.com\\\/fr\\\/rubans-adh\u00e9sifs\\\/rubans-adhesifs-simple-face\\\/ruban-enduit-de-pe\\\/at159-bande-tissu-resistant-a-leau-avec-surface-matiere\\\/#primaryimage\",\"url\":\"https:\\\/\\\/cardinal-tapes.com\\\/wp-content\\\/uploads\\\/Advance-Tapes_AT160_Group.jpg\",\"contentUrl\":\"https:\\\/\\\/cardinal-tapes.com\\\/wp-content\\\/uploads\\\/Advance-Tapes_AT160_Group.jpg\",\"width\":600,\"height\":600},{\"@type\":\"BreadcrumbList\",\"@id\":\"https:\\\/\\\/cardinal-tapes.com\\\/fr\\\/rubans-adh\u00e9sifs\\\/rubans-adhesifs-simple-face\\\/ruban-enduit-de-pe\\\/at159-bande-tissu-resistant-a-leau-avec-surface-matiere\\\/#breadcrumb\",\"itemListElement\":[{\"@type\":\"ListItem\",\"position\":1,\"name\":\"Startseite\",\"item\":\"https:\\\/\\\/cardinal-tapes.com\\\/fr\\\/accueil\\\/\"},{\"@type\":\"ListItem\",\"position\":2,\"name\":\"Rubans adh\u00e9sifs\",\"item\":\"https:\\\/\\\/cardinal-tapes.com\\\/fr\\\/rubans-adhesifs-fr\\\/\"},{\"@type\":\"ListItem\",\"position\":3,\"name\":\"Einseitige Klebeb\u00e4nder\",\"item\":\"https:\\\/\\\/cardinal-tapes.com\\\/kategorie\\\/einseitige-klebebaender\\\/\"},{\"@type\":\"ListItem\",\"position\":4,\"name\":\"AT159 Bande tiss\u00e9e r\u00e9sistante \u00e0 l&#8217;eau avec surface mate\"}]},{\"@type\":\"WebSite\",\"@id\":\"https:\\\/\\\/cardinal-tapes.com\\\/#website\",\"url\":\"https:\\\/\\\/cardinal-tapes.com\\\/\",\"name\":\"cardinal TAPES\",\"description\":\"Klebetechnik aus Wuppertal\",\"potentialAction\":[{\"@type\":\"SearchAction\",\"target\":{\"@type\":\"EntryPoint\",\"urlTemplate\":\"https:\\\/\\\/cardinal-tapes.com\\\/?s={search_term_string}\"},\"query-input\":{\"@type\":\"PropertyValueSpecification\",\"valueRequired\":true,\"valueName\":\"search_term_string\"}}],\"inLanguage\":\"fr-FR\"}]}<\/script>\n<!-- \/ Yoast SEO plugin. -->","yoast_head_json":{"title":"AT159 bande tiss\u00e9e \u00e9tanche avec surface mate | Cardinal TAPES","description":"AT159 est une bande tiss\u00e9e mate qui convient aux applications ext\u00e9rieures et offre une grande r\u00e9sistance \u00e0 l'abrasion, \u00e0 l'eau et aux conditions climatiques d\u00e9favorables.","robots":{"index":"index","follow":"follow","max-snippet":"max-snippet:-1","max-image-preview":"max-image-preview:large","max-video-preview":"max-video-preview:-1"},"canonical":"https:\/\/cardinal-tapes.com\/fr\/rubans-adh\u00e9sifs\/rubans-adhesifs-simple-face\/ruban-enduit-de-pe\/at159-bande-tissu-resistant-a-leau-avec-surface-matiere\/","og_locale":"fr_FR","og_type":"article","og_title":"AT159 bande tiss\u00e9e \u00e9tanche avec surface mate | Cardinal TAPES","og_description":"AT159 est une bande tiss\u00e9e mate qui convient aux applications ext\u00e9rieures et offre une grande r\u00e9sistance \u00e0 l'abrasion, \u00e0 l'eau et aux conditions climatiques d\u00e9favorables.","og_url":"https:\/\/cardinal-tapes.com\/fr\/rubans-adh\u00e9sifs\/rubans-adhesifs-simple-face\/ruban-enduit-de-pe\/at159-bande-tissu-resistant-a-leau-avec-surface-matiere\/","og_site_name":"cardinal TAPES","article_modified_time":"2025-07-02T11:39:21+00:00","og_image":[{"width":600,"height":600,"url":"https:\/\/cardinal-tapes.com\/wp-content\/uploads\/Advance-Tapes_AT160_Group.jpg","type":"image\/jpeg"}],"twitter_card":"summary_large_image","twitter_misc":{"Dur\u00e9e de lecture estim\u00e9e":"1 minute"},"schema":{"@context":"https:\/\/schema.org","@graph":[{"@type":"WebPage","@id":"https:\/\/cardinal-tapes.com\/fr\/rubans-adh\u00e9sifs\/rubans-adhesifs-simple-face\/ruban-enduit-de-pe\/at159-bande-tissu-resistant-a-leau-avec-surface-matiere\/","url":"https:\/\/cardinal-tapes.com\/fr\/rubans-adh\u00e9sifs\/rubans-adhesifs-simple-face\/ruban-enduit-de-pe\/at159-bande-tissu-resistant-a-leau-avec-surface-matiere\/","name":"AT159 bande tiss\u00e9e \u00e9tanche avec surface mate | Cardinal TAPES","isPartOf":{"@id":"https:\/\/cardinal-tapes.com\/#website"},"primaryImageOfPage":{"@id":"https:\/\/cardinal-tapes.com\/fr\/rubans-adh\u00e9sifs\/rubans-adhesifs-simple-face\/ruban-enduit-de-pe\/at159-bande-tissu-resistant-a-leau-avec-surface-matiere\/#primaryimage"},"image":{"@id":"https:\/\/cardinal-tapes.com\/fr\/rubans-adh\u00e9sifs\/rubans-adhesifs-simple-face\/ruban-enduit-de-pe\/at159-bande-tissu-resistant-a-leau-avec-surface-matiere\/#primaryimage"},"thumbnailUrl":"https:\/\/cardinal-tapes.com\/wp-content\/uploads\/Advance-Tapes_AT160_Group.jpg","datePublished":"2023-06-05T14:56:40+00:00","dateModified":"2025-07-02T11:39:21+00:00","description":"AT159 est une bande tiss\u00e9e mate qui convient aux applications ext\u00e9rieures et offre une grande r\u00e9sistance \u00e0 l'abrasion, \u00e0 l'eau et aux conditions climatiques d\u00e9favorables.","breadcrumb":{"@id":"https:\/\/cardinal-tapes.com\/fr\/rubans-adh\u00e9sifs\/rubans-adhesifs-simple-face\/ruban-enduit-de-pe\/at159-bande-tissu-resistant-a-leau-avec-surface-matiere\/#breadcrumb"},"inLanguage":"fr-FR","potentialAction":[{"@type":"ReadAction","target":["https:\/\/cardinal-tapes.com\/fr\/rubans-adh\u00e9sifs\/rubans-adhesifs-simple-face\/ruban-enduit-de-pe\/at159-bande-tissu-resistant-a-leau-avec-surface-matiere\/"]}]},{"@type":"ImageObject","inLanguage":"fr-FR","@id":"https:\/\/cardinal-tapes.com\/fr\/rubans-adh\u00e9sifs\/rubans-adhesifs-simple-face\/ruban-enduit-de-pe\/at159-bande-tissu-resistant-a-leau-avec-surface-matiere\/#primaryimage","url":"https:\/\/cardinal-tapes.com\/wp-content\/uploads\/Advance-Tapes_AT160_Group.jpg","contentUrl":"https:\/\/cardinal-tapes.com\/wp-content\/uploads\/Advance-Tapes_AT160_Group.jpg","width":600,"height":600},{"@type":"BreadcrumbList","@id":"https:\/\/cardinal-tapes.com\/fr\/rubans-adh\u00e9sifs\/rubans-adhesifs-simple-face\/ruban-enduit-de-pe\/at159-bande-tissu-resistant-a-leau-avec-surface-matiere\/#breadcrumb","itemListElement":[{"@type":"ListItem","position":1,"name":"Startseite","item":"https:\/\/cardinal-tapes.com\/fr\/accueil\/"},{"@type":"ListItem","position":2,"name":"Rubans adh\u00e9sifs","item":"https:\/\/cardinal-tapes.com\/fr\/rubans-adhesifs-fr\/"},{"@type":"ListItem","position":3,"name":"Einseitige Klebeb\u00e4nder","item":"https:\/\/cardinal-tapes.com\/kategorie\/einseitige-klebebaender\/"},{"@type":"ListItem","position":4,"name":"AT159 Bande tiss\u00e9e r\u00e9sistante \u00e0 l&#8217;eau avec surface mate"}]},{"@type":"WebSite","@id":"https:\/\/cardinal-tapes.com\/#website","url":"https:\/\/cardinal-tapes.com\/","name":"cardinal TAPES","description":"Klebetechnik aus Wuppertal","potentialAction":[{"@type":"SearchAction","target":{"@type":"EntryPoint","urlTemplate":"https:\/\/cardinal-tapes.com\/?s={search_term_string}"},"query-input":{"@type":"PropertyValueSpecification","valueRequired":true,"valueName":"search_term_string"}}],"inLanguage":"fr-FR"}]}},"brands":[{"id":2328,"name":"Advance Tapes","slug":"advance-tapes-fr"}],"_links":{"self":[{"href":"https:\/\/cardinal-tapes.com\/fr\/wp-json\/wp\/v2\/product\/42392","targetHints":{"allow":["GET"]}}],"collection":[{"href":"https:\/\/cardinal-tapes.com\/fr\/wp-json\/wp\/v2\/product"}],"about":[{"href":"https:\/\/cardinal-tapes.com\/fr\/wp-json\/wp\/v2\/types\/product"}],"wp:featuredmedia":[{"embeddable":true,"href":"https:\/\/cardinal-tapes.com\/fr\/wp-json\/wp\/v2\/media\/28612"}],"wp:attachment":[{"href":"https:\/\/cardinal-tapes.com\/fr\/wp-json\/wp\/v2\/media?parent=42392"}],"wp:term":[{"taxonomy":"pwb-brand","embeddable":true,"href":"https:\/\/cardinal-tapes.com\/fr\/wp-json\/wp\/v2\/pwb-brand?post=42392"},{"taxonomy":"product_brand","embeddable":true,"href":"https:\/\/cardinal-tapes.com\/fr\/wp-json\/wp\/v2\/product_brand?post=42392"},{"taxonomy":"product_cat","embeddable":true,"href":"https:\/\/cardinal-tapes.com\/fr\/wp-json\/wp\/v2\/product_cat?post=42392"},{"taxonomy":"product_tag","embeddable":true,"href":"https:\/\/cardinal-tapes.com\/fr\/wp-json\/wp\/v2\/product_tag?post=42392"}],"curies":[{"name":"wp","href":"https:\/\/api.w.org\/{rel}","templated":true}]}}