{"id":41783,"date":"2021-02-03T08:53:08","date_gmt":"2023-06-05T14:56:24","guid":{"rendered":"https:\/\/cardinal.pixel-tal.de\/klebebaender\/non%20class\u00e9\/chr-sgk5-05-ruban-para-aramide-pour-faisceaux-de-cables\/"},"modified":"2025-07-02T13:48:11","modified_gmt":"2025-07-02T11:48:11","slug":"chr-sgk5-05-para-aramide-ruban-pour-cables-tendus","status":"publish","type":"product","link":"https:\/\/cardinal-tapes.com\/fr\/rubans-adh\u00e9sifs\/rubans-adhesifs-simple-face\/chr-sgk5-05-para-aramide-ruban-pour-cables-tendus\/","title":{"rendered":"CHR\u00ae SGK5-05 Ruban para-aramide pour faisceaux de c\u00e2bles"},"content":{"rendered":"<div class=\"page\" title=\"Page 1\">\n<div class=\"section\">\n<div class=\"layoutArea\">\n<div class=\"column\">\n<p>Le CHR SGK5-05 est fabriqu\u00e9 \u00e0 partir d&#8217;un tissu para-aramide (ph\u00e9nyl\u00e8ne-t\u00e9r\u00e9phtalamide) tr\u00e8s r\u00e9sistant, impr\u00e9gn\u00e9 d&#8217;une dispersion de PTFE (polyt\u00e9trafluoro\u00e9thyl\u00e8ne) antistatique. Un adh\u00e9sif silicone r\u00e9sistant aux tr\u00e8s hautes temp\u00e9ratures est ensuite appliqu\u00e9 sur une face du tissu enduit \u00e0 haute performance. La pigmentation noire assure des propri\u00e9t\u00e9s antistatiques et une protection contre les rayons UV nocifs auxquels les tissus en fibres para-aramides sont sensibles. La r\u00e9sistance sp\u00e9cifique de cette version est inf\u00e9rieure \u00e0 106 ohms\/carr\u00e9.<\/p>\n<\/div>\n<\/div>\n<\/div>\n<\/div>\n<div class=\"page\" title=\"Page 1\">\n<div class=\"section\">\n<div class=\"layoutArea\">\n<div class=\"column\">\n<p><strong>Fonctions \/ Avantages<\/strong><\/p>\n<p>Le tissu de fibres para-aramide rev\u00eatu d&#8217;un mat\u00e9riau antistatique en PTFE offre r\u00e9sistance, flexibilit\u00e9, glissement, r\u00e9sistance aux produits chimiques et stabilisation aux UV dans les applications o\u00f9 les conditions sont difficiles et o\u00f9 une protection contre l&#8217;abrasion use g\u00e9n\u00e9ralement rapidement les enroulements traditionnels pour les faisceaux de c\u00e2bles en fibre de verre. Le faible coefficient de frottement du PTFE est un atout suppl\u00e9mentaire pour l&#8217;enrobage des faisceaux de c\u00e2bles, car il permet de &#8220;glisser&#8221;. Pour ce faire, le PTFE augmente la r\u00e9sistance \u00e0 la temp\u00e9rature des tissus en para-aramide (ph\u00e9nyl\u00e8ne-t\u00e9r\u00e9phtalamide) non enduits.<\/p>\n<\/div>\n<\/div>\n<\/div>\n<\/div>\n<div class=\"page\" title=\"Page 1\">\n<div class=\"section\">\n<div class=\"layoutArea\">\n<div class=\"column\">\n<p><strong>Domaines d&#8217;application<\/strong><\/p>\n<p>CHR SGK5-05 est un mat\u00e9riau particuli\u00e8rement r\u00e9sistant \u00e0 l&#8217;abrasion, utilis\u00e9 pour l&#8217;enrobage de c\u00e2bles \u00e0 des temp\u00e9ratures \u00e9lev\u00e9es, lorsque la r\u00e9sistance aux produits chimiques et le d\u00e9tachement sans frottement des tissus en fibre de verre traditionnels ne sont pas suffisants.<\/p>\n<\/div>\n<\/div>\n<\/div>\n<\/div>\n","protected":false},"excerpt":{"rendered":"<p>Le CHR SGK5-05 est fabriqu\u00e9 \u00e0 partir d&#8217;un tissu para-aramide (ph\u00e9nyl\u00e8ne-t\u00e9r\u00e9phtalamide) tr\u00e8s r\u00e9sistant, impr\u00e9gn\u00e9 d&#8217;une dispersion de PTFE (polyt\u00e9trafluoro\u00e9thyl\u00e8ne) antistatique. Un adh\u00e9sif silicone r\u00e9sistant aux tr\u00e8s hautes temp\u00e9ratures est ensuite appliqu\u00e9 sur une face du tissu enduit \u00e0 haute performance. La pigmentation noire assure des propri\u00e9t\u00e9s antistatiques et une protection contre les rayons UV nocifs [&hellip;]<\/p>\n","protected":false},"featured_media":28532,"template":"","meta":{"_acf_changed":false},"pwb-brand":[4050,2330],"product_brand":[],"product_cat":[1836],"product_tag":[],"class_list":{"0":"post-41783","1":"product","2":"type-product","3":"status-publish","4":"has-post-thumbnail","6":"pwb-brand-saint-gobain-performance-plastics-chr-fr","7":"pwb-brand-saint-gobain-fr","8":"product_cat-rubans-adhesifs-simple-face","10":"first","11":"instock","12":"taxable","13":"shipping-taxable","14":"product-type-variable"},"acf":[],"yoast_head":"<!-- This site is optimized with the Yoast SEO plugin v27.3 - https:\/\/yoast.com\/product\/yoast-seo-wordpress\/ -->\n<title>CHR\u00ae SGK5-05 Bande para-aramide pour faisceaux de c\u00e2bles | Cardinal TAPES<\/title>\n<meta name=\"description\" content=\"Le CHR SGK5-05 est fabriqu\u00e9 \u00e0 partir d&#039;un tissu para-aramide (ph\u00e9nyl\u00e8ne-t\u00e9r\u00e9phtalamide) tr\u00e8s r\u00e9sistant, impr\u00e9gn\u00e9 d&#039;une dispersion de PTFE (polyt\u00e9trafluoro\u00e9thyl\u00e8ne) antistatique.\" \/>\n<meta name=\"robots\" content=\"index, follow, max-snippet:-1, max-image-preview:large, max-video-preview:-1\" \/>\n<link rel=\"canonical\" href=\"https:\/\/cardinal-tapes.com\/fr\/rubans-adh\u00e9sifs\/rubans-adhesifs-simple-face\/chr-sgk5-05-para-aramide-ruban-pour-cables-tendus\/\" \/>\n<meta property=\"og:locale\" content=\"fr_FR\" \/>\n<meta property=\"og:type\" content=\"article\" \/>\n<meta property=\"og:title\" content=\"CHR\u00ae SGK5-05 Bande para-aramide pour faisceaux de c\u00e2bles | Cardinal TAPES\" \/>\n<meta property=\"og:description\" content=\"Le CHR SGK5-05 est fabriqu\u00e9 \u00e0 partir d&#039;un tissu para-aramide (ph\u00e9nyl\u00e8ne-t\u00e9r\u00e9phtalamide) tr\u00e8s r\u00e9sistant, impr\u00e9gn\u00e9 d&#039;une dispersion de PTFE (polyt\u00e9trafluoro\u00e9thyl\u00e8ne) antistatique.\" \/>\n<meta property=\"og:url\" content=\"https:\/\/cardinal-tapes.com\/fr\/rubans-adh\u00e9sifs\/rubans-adhesifs-simple-face\/chr-sgk5-05-para-aramide-ruban-pour-cables-tendus\/\" \/>\n<meta property=\"og:site_name\" content=\"cardinal TAPES\" \/>\n<meta property=\"article:modified_time\" content=\"2025-07-02T11:48:11+00:00\" \/>\n<meta property=\"og:image\" content=\"https:\/\/cardinal-tapes.com\/wp-content\/uploads\/CHR-SGK5-05-A_153081.png\" \/>\n\t<meta property=\"og:image:width\" content=\"415\" \/>\n\t<meta property=\"og:image:height\" content=\"415\" \/>\n\t<meta property=\"og:image:type\" content=\"image\/png\" \/>\n<meta name=\"twitter:card\" content=\"summary_large_image\" \/>\n<meta name=\"twitter:label1\" content=\"Dur\u00e9e de lecture estim\u00e9e\" \/>\n\t<meta name=\"twitter:data1\" content=\"1 minute\" \/>\n<script type=\"application\/ld+json\" class=\"yoast-schema-graph\">{\"@context\":\"https:\\\/\\\/schema.org\",\"@graph\":[{\"@type\":\"WebPage\",\"@id\":\"https:\\\/\\\/cardinal-tapes.com\\\/fr\\\/rubans-adh\u00e9sifs\\\/rubans-adhesifs-simple-face\\\/chr-sgk5-05-para-aramide-ruban-pour-cables-tendus\\\/\",\"url\":\"https:\\\/\\\/cardinal-tapes.com\\\/fr\\\/rubans-adh\u00e9sifs\\\/rubans-adhesifs-simple-face\\\/chr-sgk5-05-para-aramide-ruban-pour-cables-tendus\\\/\",\"name\":\"CHR\u00ae SGK5-05 Bande para-aramide pour faisceaux de c\u00e2bles | Cardinal TAPES\",\"isPartOf\":{\"@id\":\"https:\\\/\\\/cardinal-tapes.com\\\/#website\"},\"primaryImageOfPage\":{\"@id\":\"https:\\\/\\\/cardinal-tapes.com\\\/fr\\\/rubans-adh\u00e9sifs\\\/rubans-adhesifs-simple-face\\\/chr-sgk5-05-para-aramide-ruban-pour-cables-tendus\\\/#primaryimage\"},\"image\":{\"@id\":\"https:\\\/\\\/cardinal-tapes.com\\\/fr\\\/rubans-adh\u00e9sifs\\\/rubans-adhesifs-simple-face\\\/chr-sgk5-05-para-aramide-ruban-pour-cables-tendus\\\/#primaryimage\"},\"thumbnailUrl\":\"https:\\\/\\\/cardinal-tapes.com\\\/wp-content\\\/uploads\\\/CHR-SGK5-05-A_153081.png\",\"datePublished\":\"2023-06-05T14:56:24+00:00\",\"dateModified\":\"2025-07-02T11:48:11+00:00\",\"description\":\"Le CHR SGK5-05 est fabriqu\u00e9 \u00e0 partir d'un tissu para-aramide (ph\u00e9nyl\u00e8ne-t\u00e9r\u00e9phtalamide) tr\u00e8s r\u00e9sistant, impr\u00e9gn\u00e9 d'une dispersion de PTFE (polyt\u00e9trafluoro\u00e9thyl\u00e8ne) antistatique.\",\"breadcrumb\":{\"@id\":\"https:\\\/\\\/cardinal-tapes.com\\\/fr\\\/rubans-adh\u00e9sifs\\\/rubans-adhesifs-simple-face\\\/chr-sgk5-05-para-aramide-ruban-pour-cables-tendus\\\/#breadcrumb\"},\"inLanguage\":\"fr-FR\",\"potentialAction\":[{\"@type\":\"ReadAction\",\"target\":[\"https:\\\/\\\/cardinal-tapes.com\\\/fr\\\/rubans-adh\u00e9sifs\\\/rubans-adhesifs-simple-face\\\/chr-sgk5-05-para-aramide-ruban-pour-cables-tendus\\\/\"]}]},{\"@type\":\"ImageObject\",\"inLanguage\":\"fr-FR\",\"@id\":\"https:\\\/\\\/cardinal-tapes.com\\\/fr\\\/rubans-adh\u00e9sifs\\\/rubans-adhesifs-simple-face\\\/chr-sgk5-05-para-aramide-ruban-pour-cables-tendus\\\/#primaryimage\",\"url\":\"https:\\\/\\\/cardinal-tapes.com\\\/wp-content\\\/uploads\\\/CHR-SGK5-05-A_153081.png\",\"contentUrl\":\"https:\\\/\\\/cardinal-tapes.com\\\/wp-content\\\/uploads\\\/CHR-SGK5-05-A_153081.png\",\"width\":415,\"height\":415},{\"@type\":\"BreadcrumbList\",\"@id\":\"https:\\\/\\\/cardinal-tapes.com\\\/fr\\\/rubans-adh\u00e9sifs\\\/rubans-adhesifs-simple-face\\\/chr-sgk5-05-para-aramide-ruban-pour-cables-tendus\\\/#breadcrumb\",\"itemListElement\":[{\"@type\":\"ListItem\",\"position\":1,\"name\":\"Startseite\",\"item\":\"https:\\\/\\\/cardinal-tapes.com\\\/fr\\\/accueil\\\/\"},{\"@type\":\"ListItem\",\"position\":2,\"name\":\"Rubans adh\u00e9sifs\",\"item\":\"https:\\\/\\\/cardinal-tapes.com\\\/fr\\\/rubans-adhesifs-fr\\\/\"},{\"@type\":\"ListItem\",\"position\":3,\"name\":\"Rubans adh\u00e9sifs simple face\",\"item\":\"https:\\\/\\\/cardinal-tapes.com\\\/fr\\\/catgorie\\\/rubans-adhesifs-simple-face\\\/\"},{\"@type\":\"ListItem\",\"position\":4,\"name\":\"CHR\u00ae SGK5-05 Ruban para-aramide pour faisceaux de c\u00e2bles\"}]},{\"@type\":\"WebSite\",\"@id\":\"https:\\\/\\\/cardinal-tapes.com\\\/#website\",\"url\":\"https:\\\/\\\/cardinal-tapes.com\\\/\",\"name\":\"cardinal TAPES\",\"description\":\"Klebetechnik aus Wuppertal\",\"potentialAction\":[{\"@type\":\"SearchAction\",\"target\":{\"@type\":\"EntryPoint\",\"urlTemplate\":\"https:\\\/\\\/cardinal-tapes.com\\\/?s={search_term_string}\"},\"query-input\":{\"@type\":\"PropertyValueSpecification\",\"valueRequired\":true,\"valueName\":\"search_term_string\"}}],\"inLanguage\":\"fr-FR\"}]}<\/script>\n<!-- \/ Yoast SEO plugin. -->","yoast_head_json":{"title":"CHR\u00ae SGK5-05 Bande para-aramide pour faisceaux de c\u00e2bles | Cardinal TAPES","description":"Le CHR SGK5-05 est fabriqu\u00e9 \u00e0 partir d'un tissu para-aramide (ph\u00e9nyl\u00e8ne-t\u00e9r\u00e9phtalamide) tr\u00e8s r\u00e9sistant, impr\u00e9gn\u00e9 d'une dispersion de PTFE (polyt\u00e9trafluoro\u00e9thyl\u00e8ne) antistatique.","robots":{"index":"index","follow":"follow","max-snippet":"max-snippet:-1","max-image-preview":"max-image-preview:large","max-video-preview":"max-video-preview:-1"},"canonical":"https:\/\/cardinal-tapes.com\/fr\/rubans-adh\u00e9sifs\/rubans-adhesifs-simple-face\/chr-sgk5-05-para-aramide-ruban-pour-cables-tendus\/","og_locale":"fr_FR","og_type":"article","og_title":"CHR\u00ae SGK5-05 Bande para-aramide pour faisceaux de c\u00e2bles | Cardinal TAPES","og_description":"Le CHR SGK5-05 est fabriqu\u00e9 \u00e0 partir d'un tissu para-aramide (ph\u00e9nyl\u00e8ne-t\u00e9r\u00e9phtalamide) tr\u00e8s r\u00e9sistant, impr\u00e9gn\u00e9 d'une dispersion de PTFE (polyt\u00e9trafluoro\u00e9thyl\u00e8ne) antistatique.","og_url":"https:\/\/cardinal-tapes.com\/fr\/rubans-adh\u00e9sifs\/rubans-adhesifs-simple-face\/chr-sgk5-05-para-aramide-ruban-pour-cables-tendus\/","og_site_name":"cardinal TAPES","article_modified_time":"2025-07-02T11:48:11+00:00","og_image":[{"width":415,"height":415,"url":"https:\/\/cardinal-tapes.com\/wp-content\/uploads\/CHR-SGK5-05-A_153081.png","type":"image\/png"}],"twitter_card":"summary_large_image","twitter_misc":{"Dur\u00e9e de lecture estim\u00e9e":"1 minute"},"schema":{"@context":"https:\/\/schema.org","@graph":[{"@type":"WebPage","@id":"https:\/\/cardinal-tapes.com\/fr\/rubans-adh\u00e9sifs\/rubans-adhesifs-simple-face\/chr-sgk5-05-para-aramide-ruban-pour-cables-tendus\/","url":"https:\/\/cardinal-tapes.com\/fr\/rubans-adh\u00e9sifs\/rubans-adhesifs-simple-face\/chr-sgk5-05-para-aramide-ruban-pour-cables-tendus\/","name":"CHR\u00ae SGK5-05 Bande para-aramide pour faisceaux de c\u00e2bles | Cardinal TAPES","isPartOf":{"@id":"https:\/\/cardinal-tapes.com\/#website"},"primaryImageOfPage":{"@id":"https:\/\/cardinal-tapes.com\/fr\/rubans-adh\u00e9sifs\/rubans-adhesifs-simple-face\/chr-sgk5-05-para-aramide-ruban-pour-cables-tendus\/#primaryimage"},"image":{"@id":"https:\/\/cardinal-tapes.com\/fr\/rubans-adh\u00e9sifs\/rubans-adhesifs-simple-face\/chr-sgk5-05-para-aramide-ruban-pour-cables-tendus\/#primaryimage"},"thumbnailUrl":"https:\/\/cardinal-tapes.com\/wp-content\/uploads\/CHR-SGK5-05-A_153081.png","datePublished":"2023-06-05T14:56:24+00:00","dateModified":"2025-07-02T11:48:11+00:00","description":"Le CHR SGK5-05 est fabriqu\u00e9 \u00e0 partir d'un tissu para-aramide (ph\u00e9nyl\u00e8ne-t\u00e9r\u00e9phtalamide) tr\u00e8s r\u00e9sistant, impr\u00e9gn\u00e9 d'une dispersion de PTFE (polyt\u00e9trafluoro\u00e9thyl\u00e8ne) antistatique.","breadcrumb":{"@id":"https:\/\/cardinal-tapes.com\/fr\/rubans-adh\u00e9sifs\/rubans-adhesifs-simple-face\/chr-sgk5-05-para-aramide-ruban-pour-cables-tendus\/#breadcrumb"},"inLanguage":"fr-FR","potentialAction":[{"@type":"ReadAction","target":["https:\/\/cardinal-tapes.com\/fr\/rubans-adh\u00e9sifs\/rubans-adhesifs-simple-face\/chr-sgk5-05-para-aramide-ruban-pour-cables-tendus\/"]}]},{"@type":"ImageObject","inLanguage":"fr-FR","@id":"https:\/\/cardinal-tapes.com\/fr\/rubans-adh\u00e9sifs\/rubans-adhesifs-simple-face\/chr-sgk5-05-para-aramide-ruban-pour-cables-tendus\/#primaryimage","url":"https:\/\/cardinal-tapes.com\/wp-content\/uploads\/CHR-SGK5-05-A_153081.png","contentUrl":"https:\/\/cardinal-tapes.com\/wp-content\/uploads\/CHR-SGK5-05-A_153081.png","width":415,"height":415},{"@type":"BreadcrumbList","@id":"https:\/\/cardinal-tapes.com\/fr\/rubans-adh\u00e9sifs\/rubans-adhesifs-simple-face\/chr-sgk5-05-para-aramide-ruban-pour-cables-tendus\/#breadcrumb","itemListElement":[{"@type":"ListItem","position":1,"name":"Startseite","item":"https:\/\/cardinal-tapes.com\/fr\/accueil\/"},{"@type":"ListItem","position":2,"name":"Rubans adh\u00e9sifs","item":"https:\/\/cardinal-tapes.com\/fr\/rubans-adhesifs-fr\/"},{"@type":"ListItem","position":3,"name":"Rubans adh\u00e9sifs simple face","item":"https:\/\/cardinal-tapes.com\/fr\/catgorie\/rubans-adhesifs-simple-face\/"},{"@type":"ListItem","position":4,"name":"CHR\u00ae SGK5-05 Ruban para-aramide pour faisceaux de c\u00e2bles"}]},{"@type":"WebSite","@id":"https:\/\/cardinal-tapes.com\/#website","url":"https:\/\/cardinal-tapes.com\/","name":"cardinal TAPES","description":"Klebetechnik aus Wuppertal","potentialAction":[{"@type":"SearchAction","target":{"@type":"EntryPoint","urlTemplate":"https:\/\/cardinal-tapes.com\/?s={search_term_string}"},"query-input":{"@type":"PropertyValueSpecification","valueRequired":true,"valueName":"search_term_string"}}],"inLanguage":"fr-FR"}]}},"brands":[{"id":4050,"name":"Saint-Gobain CHR Tape","slug":"saint-gobain-performance-plastics-chr-fr"},{"id":2330,"name":"Saint-Gobain Performance Plastics","slug":"saint-gobain-fr"}],"_links":{"self":[{"href":"https:\/\/cardinal-tapes.com\/fr\/wp-json\/wp\/v2\/product\/41783","targetHints":{"allow":["GET"]}}],"collection":[{"href":"https:\/\/cardinal-tapes.com\/fr\/wp-json\/wp\/v2\/product"}],"about":[{"href":"https:\/\/cardinal-tapes.com\/fr\/wp-json\/wp\/v2\/types\/product"}],"wp:featuredmedia":[{"embeddable":true,"href":"https:\/\/cardinal-tapes.com\/fr\/wp-json\/wp\/v2\/media\/28532"}],"wp:attachment":[{"href":"https:\/\/cardinal-tapes.com\/fr\/wp-json\/wp\/v2\/media?parent=41783"}],"wp:term":[{"taxonomy":"pwb-brand","embeddable":true,"href":"https:\/\/cardinal-tapes.com\/fr\/wp-json\/wp\/v2\/pwb-brand?post=41783"},{"taxonomy":"product_brand","embeddable":true,"href":"https:\/\/cardinal-tapes.com\/fr\/wp-json\/wp\/v2\/product_brand?post=41783"},{"taxonomy":"product_cat","embeddable":true,"href":"https:\/\/cardinal-tapes.com\/fr\/wp-json\/wp\/v2\/product_cat?post=41783"},{"taxonomy":"product_tag","embeddable":true,"href":"https:\/\/cardinal-tapes.com\/fr\/wp-json\/wp\/v2\/product_tag?post=41783"}],"curies":[{"name":"wp","href":"https:\/\/api.w.org\/{rel}","templated":true}]}}