{"id":41782,"date":"2021-01-21T13:09:21","date_gmt":"2023-06-05T14:56:24","guid":{"rendered":"https:\/\/cardinal.pixel-tal.de\/klebebaender\/non%20class\u00e9\/bande-de-mousse-norseal-fs1000\/"},"modified":"2025-07-02T13:45:51","modified_gmt":"2025-07-02T11:45:51","slug":"norseal-fs1000-bande-de-mousse","status":"publish","type":"product","link":"https:\/\/cardinal-tapes.com\/fr\/rubans-adh\u00e9sifs\/domaines-dapplication\/secteur-du-transport\/norseal-fs1000-bande-de-mousse\/","title":{"rendered":"Bande de mousse Norseal\u00ae FS1000"},"content":{"rendered":"<div>La s\u00e9rie Saint-Gobain\u00ae Norseal\u00ae FS1000 est une mousse adh\u00e9sive prot\u00e9g\u00e9e \u00e0 hautes performances.<\/div>\n<div>une combinaison unique de propri\u00e9t\u00e9s d&#8217;\u00e9tanch\u00e9it\u00e9. FS1000 est expansible et ignifuge et bloque la fum\u00e9e,<\/div>\n<div>l&#8217;air et l&#8217;eau. \u00c0 l&#8217;\u00e9tat naturel, le FS1000 est \u00e9lastique, s&#8217;adapte aux formes et s&#8217;applique facilement aux surfaces complexes.<\/div>\n<div><\/div>\n<div>\n<div><strong>Applications<\/strong><\/div>\n<div>&#8211; Construction : joints dans les murs, les sols, les plafonds, les fen\u00eatres et les portes, les syst\u00e8mes de climatisation et de nombreux autres \u00e9l\u00e9ments.<\/div>\n<div>  autres zones critiques n\u00e9cessitant des compartiments coupe-feu<\/div>\n<div><\/div>\n<div>&#8211; Construction automobile : protection des r\u00e9servoirs de carburant, packs de batteries (H)EV, etc.<\/div>\n<div><\/div>\n<div>&#8211; A\u00e9ronautique : si\u00e8ges, soutes et autres zones critiques<\/div>\n<\/div>\n","protected":false},"excerpt":{"rendered":"<p>La s\u00e9rie Saint-Gobain\u00ae Norseal\u00ae FS1000 est une mousse adh\u00e9sive prot\u00e9g\u00e9e \u00e0 hautes performances. une combinaison unique de propri\u00e9t\u00e9s d&#8217;\u00e9tanch\u00e9it\u00e9. FS1000 est expansible et ignifuge et bloque la fum\u00e9e, l&#8217;air et l&#8217;eau. \u00c0 l&#8217;\u00e9tat naturel, le FS1000 est \u00e9lastique, s&#8217;adapte aux formes et s&#8217;applique facilement aux surfaces complexes. Applications &#8211; Construction : joints dans les murs, [&hellip;]<\/p>\n","protected":false},"featured_media":28528,"template":"","meta":{"_acf_changed":false},"pwb-brand":[3635,2330],"product_brand":[],"product_cat":[1772,1836],"product_tag":[],"class_list":{"0":"post-41782","1":"product","2":"type-product","3":"status-publish","4":"has-post-thumbnail","6":"pwb-brand-saint-gobain-performance-plastics-norseal-fr","7":"pwb-brand-saint-gobain-fr","8":"product_cat-secteur-du-transport","9":"product_cat-rubans-adhesifs-simple-face","11":"first","12":"instock","13":"taxable","14":"shipping-taxable","15":"product-type-variable"},"acf":[],"yoast_head":"<!-- This site is optimized with the Yoast SEO plugin v27.3 - https:\/\/yoast.com\/product\/yoast-seo-wordpress\/ -->\n<title>Norseal\u00ae FS1000 Bande en mousse | Cardinal TAPES<\/title>\n<meta name=\"description\" content=\"La s\u00e9rie Saint-Gobain\u00ae Norseal\u00ae FS1000 est une mousse adh\u00e9sive prot\u00e9g\u00e9e et performante, con\u00e7ue avec une combinaison unique de propri\u00e9t\u00e9s d&#039;\u00e9tanch\u00e9it\u00e9. FS1000 est expansible et ignifuge et bloque la fum\u00e9e,l&#039;air et l&#039;eau. \u00c0 l&#039;\u00e9tat naturel, le FS1000 est \u00e9lastique, s&#039;adapte aux formes et s&#039;applique facilement aux surfaces complexes.\" \/>\n<meta name=\"robots\" content=\"index, follow, max-snippet:-1, max-image-preview:large, max-video-preview:-1\" \/>\n<link rel=\"canonical\" href=\"https:\/\/cardinal-tapes.com\/fr\/rubans-adh\u00e9sifs\/domaines-dapplication\/secteur-du-transport\/norseal-fs1000-bande-de-mousse\/\" \/>\n<meta property=\"og:locale\" content=\"fr_FR\" \/>\n<meta property=\"og:type\" content=\"article\" \/>\n<meta property=\"og:title\" content=\"Norseal\u00ae FS1000 Bande en mousse | Cardinal TAPES\" \/>\n<meta property=\"og:description\" content=\"La s\u00e9rie Saint-Gobain\u00ae Norseal\u00ae FS1000 est une mousse adh\u00e9sive prot\u00e9g\u00e9e et performante, con\u00e7ue avec une combinaison unique de propri\u00e9t\u00e9s d&#039;\u00e9tanch\u00e9it\u00e9. FS1000 est expansible et ignifuge et bloque la fum\u00e9e,l&#039;air et l&#039;eau. \u00c0 l&#039;\u00e9tat naturel, le FS1000 est \u00e9lastique, s&#039;adapte aux formes et s&#039;applique facilement aux surfaces complexes.\" \/>\n<meta property=\"og:url\" content=\"https:\/\/cardinal-tapes.com\/fr\/rubans-adh\u00e9sifs\/domaines-dapplication\/secteur-du-transport\/norseal-fs1000-bande-de-mousse\/\" \/>\n<meta property=\"og:site_name\" content=\"cardinal TAPES\" \/>\n<meta property=\"article:modified_time\" content=\"2025-07-02T11:45:51+00:00\" \/>\n<meta property=\"og:image\" content=\"https:\/\/cardinal-tapes.com\/wp-content\/uploads\/Norseal-FS1000-A_153120-1.png\" \/>\n\t<meta property=\"og:image:width\" content=\"415\" \/>\n\t<meta property=\"og:image:height\" content=\"415\" \/>\n\t<meta property=\"og:image:type\" content=\"image\/png\" \/>\n<meta name=\"twitter:card\" content=\"summary_large_image\" \/>\n<meta name=\"twitter:label1\" content=\"Dur\u00e9e de lecture estim\u00e9e\" \/>\n\t<meta name=\"twitter:data1\" content=\"1 minute\" \/>\n<script type=\"application\/ld+json\" class=\"yoast-schema-graph\">{\"@context\":\"https:\\\/\\\/schema.org\",\"@graph\":[{\"@type\":\"WebPage\",\"@id\":\"https:\\\/\\\/cardinal-tapes.com\\\/fr\\\/rubans-adh\u00e9sifs\\\/domaines-dapplication\\\/secteur-du-transport\\\/norseal-fs1000-bande-de-mousse\\\/\",\"url\":\"https:\\\/\\\/cardinal-tapes.com\\\/fr\\\/rubans-adh\u00e9sifs\\\/domaines-dapplication\\\/secteur-du-transport\\\/norseal-fs1000-bande-de-mousse\\\/\",\"name\":\"Norseal\u00ae FS1000 Bande en mousse | Cardinal TAPES\",\"isPartOf\":{\"@id\":\"https:\\\/\\\/cardinal-tapes.com\\\/#website\"},\"primaryImageOfPage\":{\"@id\":\"https:\\\/\\\/cardinal-tapes.com\\\/fr\\\/rubans-adh\u00e9sifs\\\/domaines-dapplication\\\/secteur-du-transport\\\/norseal-fs1000-bande-de-mousse\\\/#primaryimage\"},\"image\":{\"@id\":\"https:\\\/\\\/cardinal-tapes.com\\\/fr\\\/rubans-adh\u00e9sifs\\\/domaines-dapplication\\\/secteur-du-transport\\\/norseal-fs1000-bande-de-mousse\\\/#primaryimage\"},\"thumbnailUrl\":\"https:\\\/\\\/cardinal-tapes.com\\\/wp-content\\\/uploads\\\/Norseal-FS1000-A_153120-1.png\",\"datePublished\":\"2023-06-05T14:56:24+00:00\",\"dateModified\":\"2025-07-02T11:45:51+00:00\",\"description\":\"La s\u00e9rie Saint-Gobain\u00ae Norseal\u00ae FS1000 est une mousse adh\u00e9sive prot\u00e9g\u00e9e et performante, con\u00e7ue avec une combinaison unique de propri\u00e9t\u00e9s d'\u00e9tanch\u00e9it\u00e9. FS1000 est expansible et ignifuge et bloque la fum\u00e9e,l'air et l'eau. \u00c0 l'\u00e9tat naturel, le FS1000 est \u00e9lastique, s'adapte aux formes et s'applique facilement aux surfaces complexes.\",\"breadcrumb\":{\"@id\":\"https:\\\/\\\/cardinal-tapes.com\\\/fr\\\/rubans-adh\u00e9sifs\\\/domaines-dapplication\\\/secteur-du-transport\\\/norseal-fs1000-bande-de-mousse\\\/#breadcrumb\"},\"inLanguage\":\"fr-FR\",\"potentialAction\":[{\"@type\":\"ReadAction\",\"target\":[\"https:\\\/\\\/cardinal-tapes.com\\\/fr\\\/rubans-adh\u00e9sifs\\\/domaines-dapplication\\\/secteur-du-transport\\\/norseal-fs1000-bande-de-mousse\\\/\"]}]},{\"@type\":\"ImageObject\",\"inLanguage\":\"fr-FR\",\"@id\":\"https:\\\/\\\/cardinal-tapes.com\\\/fr\\\/rubans-adh\u00e9sifs\\\/domaines-dapplication\\\/secteur-du-transport\\\/norseal-fs1000-bande-de-mousse\\\/#primaryimage\",\"url\":\"https:\\\/\\\/cardinal-tapes.com\\\/wp-content\\\/uploads\\\/Norseal-FS1000-A_153120-1.png\",\"contentUrl\":\"https:\\\/\\\/cardinal-tapes.com\\\/wp-content\\\/uploads\\\/Norseal-FS1000-A_153120-1.png\",\"width\":415,\"height\":415},{\"@type\":\"BreadcrumbList\",\"@id\":\"https:\\\/\\\/cardinal-tapes.com\\\/fr\\\/rubans-adh\u00e9sifs\\\/domaines-dapplication\\\/secteur-du-transport\\\/norseal-fs1000-bande-de-mousse\\\/#breadcrumb\",\"itemListElement\":[{\"@type\":\"ListItem\",\"position\":1,\"name\":\"Startseite\",\"item\":\"https:\\\/\\\/cardinal-tapes.com\\\/fr\\\/accueil\\\/\"},{\"@type\":\"ListItem\",\"position\":2,\"name\":\"Rubans adh\u00e9sifs\",\"item\":\"https:\\\/\\\/cardinal-tapes.com\\\/fr\\\/rubans-adhesifs-fr\\\/\"},{\"@type\":\"ListItem\",\"position\":3,\"name\":\"Domaines d&#039;application\",\"item\":\"https:\\\/\\\/cardinal-tapes.com\\\/fr\\\/catgorie\\\/domaines-dapplication\\\/\"},{\"@type\":\"ListItem\",\"position\":4,\"name\":\"Secteur du transport\",\"item\":\"https:\\\/\\\/cardinal-tapes.com\\\/fr\\\/catgorie\\\/secteur-du-transport\\\/\"},{\"@type\":\"ListItem\",\"position\":5,\"name\":\"Bande de mousse Norseal\u00ae FS1000\"}]},{\"@type\":\"WebSite\",\"@id\":\"https:\\\/\\\/cardinal-tapes.com\\\/#website\",\"url\":\"https:\\\/\\\/cardinal-tapes.com\\\/\",\"name\":\"cardinal TAPES\",\"description\":\"Klebetechnik aus Wuppertal\",\"potentialAction\":[{\"@type\":\"SearchAction\",\"target\":{\"@type\":\"EntryPoint\",\"urlTemplate\":\"https:\\\/\\\/cardinal-tapes.com\\\/?s={search_term_string}\"},\"query-input\":{\"@type\":\"PropertyValueSpecification\",\"valueRequired\":true,\"valueName\":\"search_term_string\"}}],\"inLanguage\":\"fr-FR\"}]}<\/script>\n<!-- \/ Yoast SEO plugin. -->","yoast_head_json":{"title":"Norseal\u00ae FS1000 Bande en mousse | Cardinal TAPES","description":"La s\u00e9rie Saint-Gobain\u00ae Norseal\u00ae FS1000 est une mousse adh\u00e9sive prot\u00e9g\u00e9e et performante, con\u00e7ue avec une combinaison unique de propri\u00e9t\u00e9s d'\u00e9tanch\u00e9it\u00e9. FS1000 est expansible et ignifuge et bloque la fum\u00e9e,l'air et l'eau. \u00c0 l'\u00e9tat naturel, le FS1000 est \u00e9lastique, s'adapte aux formes et s'applique facilement aux surfaces complexes.","robots":{"index":"index","follow":"follow","max-snippet":"max-snippet:-1","max-image-preview":"max-image-preview:large","max-video-preview":"max-video-preview:-1"},"canonical":"https:\/\/cardinal-tapes.com\/fr\/rubans-adh\u00e9sifs\/domaines-dapplication\/secteur-du-transport\/norseal-fs1000-bande-de-mousse\/","og_locale":"fr_FR","og_type":"article","og_title":"Norseal\u00ae FS1000 Bande en mousse | Cardinal TAPES","og_description":"La s\u00e9rie Saint-Gobain\u00ae Norseal\u00ae FS1000 est une mousse adh\u00e9sive prot\u00e9g\u00e9e et performante, con\u00e7ue avec une combinaison unique de propri\u00e9t\u00e9s d'\u00e9tanch\u00e9it\u00e9. FS1000 est expansible et ignifuge et bloque la fum\u00e9e,l'air et l'eau. \u00c0 l'\u00e9tat naturel, le FS1000 est \u00e9lastique, s'adapte aux formes et s'applique facilement aux surfaces complexes.","og_url":"https:\/\/cardinal-tapes.com\/fr\/rubans-adh\u00e9sifs\/domaines-dapplication\/secteur-du-transport\/norseal-fs1000-bande-de-mousse\/","og_site_name":"cardinal TAPES","article_modified_time":"2025-07-02T11:45:51+00:00","og_image":[{"width":415,"height":415,"url":"https:\/\/cardinal-tapes.com\/wp-content\/uploads\/Norseal-FS1000-A_153120-1.png","type":"image\/png"}],"twitter_card":"summary_large_image","twitter_misc":{"Dur\u00e9e de lecture estim\u00e9e":"1 minute"},"schema":{"@context":"https:\/\/schema.org","@graph":[{"@type":"WebPage","@id":"https:\/\/cardinal-tapes.com\/fr\/rubans-adh\u00e9sifs\/domaines-dapplication\/secteur-du-transport\/norseal-fs1000-bande-de-mousse\/","url":"https:\/\/cardinal-tapes.com\/fr\/rubans-adh\u00e9sifs\/domaines-dapplication\/secteur-du-transport\/norseal-fs1000-bande-de-mousse\/","name":"Norseal\u00ae FS1000 Bande en mousse | Cardinal TAPES","isPartOf":{"@id":"https:\/\/cardinal-tapes.com\/#website"},"primaryImageOfPage":{"@id":"https:\/\/cardinal-tapes.com\/fr\/rubans-adh\u00e9sifs\/domaines-dapplication\/secteur-du-transport\/norseal-fs1000-bande-de-mousse\/#primaryimage"},"image":{"@id":"https:\/\/cardinal-tapes.com\/fr\/rubans-adh\u00e9sifs\/domaines-dapplication\/secteur-du-transport\/norseal-fs1000-bande-de-mousse\/#primaryimage"},"thumbnailUrl":"https:\/\/cardinal-tapes.com\/wp-content\/uploads\/Norseal-FS1000-A_153120-1.png","datePublished":"2023-06-05T14:56:24+00:00","dateModified":"2025-07-02T11:45:51+00:00","description":"La s\u00e9rie Saint-Gobain\u00ae Norseal\u00ae FS1000 est une mousse adh\u00e9sive prot\u00e9g\u00e9e et performante, con\u00e7ue avec une combinaison unique de propri\u00e9t\u00e9s d'\u00e9tanch\u00e9it\u00e9. FS1000 est expansible et ignifuge et bloque la fum\u00e9e,l'air et l'eau. \u00c0 l'\u00e9tat naturel, le FS1000 est \u00e9lastique, s'adapte aux formes et s'applique facilement aux surfaces complexes.","breadcrumb":{"@id":"https:\/\/cardinal-tapes.com\/fr\/rubans-adh\u00e9sifs\/domaines-dapplication\/secteur-du-transport\/norseal-fs1000-bande-de-mousse\/#breadcrumb"},"inLanguage":"fr-FR","potentialAction":[{"@type":"ReadAction","target":["https:\/\/cardinal-tapes.com\/fr\/rubans-adh\u00e9sifs\/domaines-dapplication\/secteur-du-transport\/norseal-fs1000-bande-de-mousse\/"]}]},{"@type":"ImageObject","inLanguage":"fr-FR","@id":"https:\/\/cardinal-tapes.com\/fr\/rubans-adh\u00e9sifs\/domaines-dapplication\/secteur-du-transport\/norseal-fs1000-bande-de-mousse\/#primaryimage","url":"https:\/\/cardinal-tapes.com\/wp-content\/uploads\/Norseal-FS1000-A_153120-1.png","contentUrl":"https:\/\/cardinal-tapes.com\/wp-content\/uploads\/Norseal-FS1000-A_153120-1.png","width":415,"height":415},{"@type":"BreadcrumbList","@id":"https:\/\/cardinal-tapes.com\/fr\/rubans-adh\u00e9sifs\/domaines-dapplication\/secteur-du-transport\/norseal-fs1000-bande-de-mousse\/#breadcrumb","itemListElement":[{"@type":"ListItem","position":1,"name":"Startseite","item":"https:\/\/cardinal-tapes.com\/fr\/accueil\/"},{"@type":"ListItem","position":2,"name":"Rubans adh\u00e9sifs","item":"https:\/\/cardinal-tapes.com\/fr\/rubans-adhesifs-fr\/"},{"@type":"ListItem","position":3,"name":"Domaines d&#039;application","item":"https:\/\/cardinal-tapes.com\/fr\/catgorie\/domaines-dapplication\/"},{"@type":"ListItem","position":4,"name":"Secteur du transport","item":"https:\/\/cardinal-tapes.com\/fr\/catgorie\/secteur-du-transport\/"},{"@type":"ListItem","position":5,"name":"Bande de mousse Norseal\u00ae FS1000"}]},{"@type":"WebSite","@id":"https:\/\/cardinal-tapes.com\/#website","url":"https:\/\/cardinal-tapes.com\/","name":"cardinal TAPES","description":"Klebetechnik aus Wuppertal","potentialAction":[{"@type":"SearchAction","target":{"@type":"EntryPoint","urlTemplate":"https:\/\/cardinal-tapes.com\/?s={search_term_string}"},"query-input":{"@type":"PropertyValueSpecification","valueRequired":true,"valueName":"search_term_string"}}],"inLanguage":"fr-FR"}]}},"brands":[{"id":3635,"name":"Saint-Gobain Norseal","slug":"saint-gobain-performance-plastics-norseal-fr"},{"id":2330,"name":"Saint-Gobain Performance Plastics","slug":"saint-gobain-fr"}],"_links":{"self":[{"href":"https:\/\/cardinal-tapes.com\/fr\/wp-json\/wp\/v2\/product\/41782","targetHints":{"allow":["GET"]}}],"collection":[{"href":"https:\/\/cardinal-tapes.com\/fr\/wp-json\/wp\/v2\/product"}],"about":[{"href":"https:\/\/cardinal-tapes.com\/fr\/wp-json\/wp\/v2\/types\/product"}],"wp:featuredmedia":[{"embeddable":true,"href":"https:\/\/cardinal-tapes.com\/fr\/wp-json\/wp\/v2\/media\/28528"}],"wp:attachment":[{"href":"https:\/\/cardinal-tapes.com\/fr\/wp-json\/wp\/v2\/media?parent=41782"}],"wp:term":[{"taxonomy":"pwb-brand","embeddable":true,"href":"https:\/\/cardinal-tapes.com\/fr\/wp-json\/wp\/v2\/pwb-brand?post=41782"},{"taxonomy":"product_brand","embeddable":true,"href":"https:\/\/cardinal-tapes.com\/fr\/wp-json\/wp\/v2\/product_brand?post=41782"},{"taxonomy":"product_cat","embeddable":true,"href":"https:\/\/cardinal-tapes.com\/fr\/wp-json\/wp\/v2\/product_cat?post=41782"},{"taxonomy":"product_tag","embeddable":true,"href":"https:\/\/cardinal-tapes.com\/fr\/wp-json\/wp\/v2\/product_tag?post=41782"}],"curies":[{"name":"wp","href":"https:\/\/api.w.org\/{rel}","templated":true}]}}