{"id":41781,"date":"2020-12-22T08:48:01","date_gmt":"2023-06-05T14:56:24","guid":{"rendered":"https:\/\/cardinal.pixel-tal.de\/klebebaender\/non class\u00e9\/systeme-de-bande-adhesive-relink-2318-b\/"},"modified":"2023-06-05T16:56:24","modified_gmt":"2023-06-05T14:56:24","slug":"systeme-de-bande-adhesive-relink-2318-b","status":"publish","type":"product","link":"https:\/\/cardinal-tapes.com\/fr\/rubans-adh\u00e9sifs\/rubans-adhesifs-double-face\/systeme-de-bande-adhesive-relink-2318-b\/","title":{"rendered":"Syst\u00e8me de bande adh\u00e9sive ReLink 2318 B"},"content":{"rendered":"<p>L&#8217;adh\u00e9sif \u00e0 forte adh\u00e9rence, qui est un acrylate modifi\u00e9, offre un bon \u00e9quilibre entre l&#8217;adh\u00e9rence et la coh\u00e9sion. Il convient pour le collage de surfaces rugueuses et structur\u00e9es, de mati\u00e8res plastiques, de textiles ainsi que de non-tiss\u00e9s. L&#8217;adh\u00e9sif repositionnable fournit un bon niveau d&#8217;adh\u00e9sivit\u00e9 et de cisaillement.<\/p>\n<p>Relink 2318B est un ruban adh\u00e9sif double face approuv\u00e9 par AIRBUS. Il a \u00e9t\u00e9 con\u00e7u pour coller les tapis d&#8217;avion au rev\u00eatement de sol. ReLink 2318B a un syst\u00e8me adh\u00e9sif diff\u00e9rentiel &#8211; une face tr\u00e8s adh\u00e9sive pour adh\u00e9rer \u00e0 la moquette et une face qui se d\u00e9colle proprement pour adh\u00e9rer \u00e0 la plaque de fond de l&#8217;avion.<br \/>\nCe produit a \u00e9t\u00e9 qualifi\u00e9 conform\u00e9ment \u00e0 la norme AIMS 10-05-014 et peut \u00eatre achet\u00e9 conform\u00e9ment \u00e0 la norme ABS 5648B. Le num\u00e9ro de liste des consommables d&#8217;Airbus est : CML # 08-118<\/p>\n<p><strong>Caract\u00e9ristiques<\/strong><br \/>\n&#8211; tr\u00e8s adh\u00e9rent<br \/>\n&#8211; se d\u00e9tache sans laisser de traces<\/p>\n<p><strong>Applications<\/strong><br \/>\n&#8211; Collage de surfaces rugueuses et structur\u00e9es, de mati\u00e8res plastiques, de textiles et de non-tiss\u00e9s<\/p>\n","protected":false},"excerpt":{"rendered":"<p>L&#8217;adh\u00e9sif \u00e0 forte adh\u00e9rence, qui est un acrylate modifi\u00e9, offre un bon \u00e9quilibre entre l&#8217;adh\u00e9rence et la coh\u00e9sion. Il convient pour le collage de surfaces rugueuses et structur\u00e9es, de mati\u00e8res plastiques, de textiles ainsi que de non-tiss\u00e9s. L&#8217;adh\u00e9sif repositionnable fournit un bon niveau d&#8217;adh\u00e9sivit\u00e9 et de cisaillement. Relink 2318B est un ruban adh\u00e9sif double face [&hellip;]<\/p>\n","protected":false},"featured_media":28516,"template":"","meta":{"_acf_changed":false},"pwb-brand":[2270,2330],"product_brand":[],"product_cat":[1834],"product_tag":[],"class_list":{"0":"post-41781","1":"product","2":"type-product","3":"status-publish","4":"has-post-thumbnail","6":"pwb-brand-biolink-fr","7":"pwb-brand-saint-gobain-fr","8":"product_cat-rubans-adhesifs-double-face","10":"first","11":"instock","12":"taxable","13":"shipping-taxable","14":"product-type-variable"},"acf":[],"yoast_head":"<!-- This site is optimized with the Yoast SEO plugin v27.4 - https:\/\/yoast.com\/product\/yoast-seo-wordpress\/ -->\n<title>ReLink 2318 B Syst\u00e8me de bande adh\u00e9sive | Cardinal TAPES<\/title>\n<meta name=\"description\" content=\"ReLink 2318 Est un syst\u00e8me de bande adh\u00e9sive avec deux faces \u00e0 adh\u00e9rence diff\u00e9rente. Relink 2318B est un ruban adh\u00e9sif double face approuv\u00e9 par AIRBUS.\" \/>\n<meta name=\"robots\" content=\"index, follow, max-snippet:-1, max-image-preview:large, max-video-preview:-1\" \/>\n<link rel=\"canonical\" href=\"https:\/\/cardinal-tapes.com\/fr\/rubans-adh\u00e9sifs\/rubans-adhesifs-double-face\/systeme-de-bande-adhesive-relink-2318-b\/\" \/>\n<meta property=\"og:locale\" content=\"fr_FR\" \/>\n<meta property=\"og:type\" content=\"article\" \/>\n<meta property=\"og:title\" content=\"ReLink 2318 B Syst\u00e8me de bande adh\u00e9sive | Cardinal TAPES\" \/>\n<meta property=\"og:description\" content=\"ReLink 2318 Est un syst\u00e8me de bande adh\u00e9sive avec deux faces \u00e0 adh\u00e9rence diff\u00e9rente. Relink 2318B est un ruban adh\u00e9sif double face approuv\u00e9 par AIRBUS.\" \/>\n<meta property=\"og:url\" content=\"https:\/\/cardinal-tapes.com\/fr\/rubans-adh\u00e9sifs\/rubans-adhesifs-double-face\/systeme-de-bande-adhesive-relink-2318-b\/\" \/>\n<meta property=\"og:site_name\" content=\"cardinal TAPES\" \/>\n<meta property=\"og:image\" content=\"https:\/\/cardinal-tapes.com\/wp-content\/uploads\/Biolink-Relink-2318-Carpet-Tape-A_173665.png\" \/>\n\t<meta property=\"og:image:width\" content=\"415\" \/>\n\t<meta property=\"og:image:height\" content=\"415\" \/>\n\t<meta property=\"og:image:type\" content=\"image\/png\" \/>\n<meta name=\"twitter:card\" content=\"summary_large_image\" \/>\n<meta name=\"twitter:label1\" content=\"Dur\u00e9e de lecture estim\u00e9e\" \/>\n\t<meta name=\"twitter:data1\" content=\"1 minute\" \/>\n<script type=\"application\/ld+json\" class=\"yoast-schema-graph\">{\"@context\":\"https:\\\/\\\/schema.org\",\"@graph\":[{\"@type\":\"WebPage\",\"@id\":\"https:\\\/\\\/cardinal-tapes.com\\\/fr\\\/rubans-adh\u00e9sifs\\\/rubans-adhesifs-double-face\\\/systeme-de-bande-adhesive-relink-2318-b\\\/\",\"url\":\"https:\\\/\\\/cardinal-tapes.com\\\/fr\\\/rubans-adh\u00e9sifs\\\/rubans-adhesifs-double-face\\\/systeme-de-bande-adhesive-relink-2318-b\\\/\",\"name\":\"ReLink 2318 B Syst\u00e8me de bande adh\u00e9sive | Cardinal TAPES\",\"isPartOf\":{\"@id\":\"https:\\\/\\\/cardinal-tapes.com\\\/#website\"},\"primaryImageOfPage\":{\"@id\":\"https:\\\/\\\/cardinal-tapes.com\\\/fr\\\/rubans-adh\u00e9sifs\\\/rubans-adhesifs-double-face\\\/systeme-de-bande-adhesive-relink-2318-b\\\/#primaryimage\"},\"image\":{\"@id\":\"https:\\\/\\\/cardinal-tapes.com\\\/fr\\\/rubans-adh\u00e9sifs\\\/rubans-adhesifs-double-face\\\/systeme-de-bande-adhesive-relink-2318-b\\\/#primaryimage\"},\"thumbnailUrl\":\"https:\\\/\\\/cardinal-tapes.com\\\/wp-content\\\/uploads\\\/Biolink-Relink-2318-Carpet-Tape-A_173665.png\",\"datePublished\":\"2023-06-05T14:56:24+00:00\",\"description\":\"ReLink 2318 Est un syst\u00e8me de bande adh\u00e9sive avec deux faces \u00e0 adh\u00e9rence diff\u00e9rente. Relink 2318B est un ruban adh\u00e9sif double face approuv\u00e9 par AIRBUS.\",\"breadcrumb\":{\"@id\":\"https:\\\/\\\/cardinal-tapes.com\\\/fr\\\/rubans-adh\u00e9sifs\\\/rubans-adhesifs-double-face\\\/systeme-de-bande-adhesive-relink-2318-b\\\/#breadcrumb\"},\"inLanguage\":\"fr-FR\",\"potentialAction\":[{\"@type\":\"ReadAction\",\"target\":[\"https:\\\/\\\/cardinal-tapes.com\\\/fr\\\/rubans-adh\u00e9sifs\\\/rubans-adhesifs-double-face\\\/systeme-de-bande-adhesive-relink-2318-b\\\/\"]}]},{\"@type\":\"ImageObject\",\"inLanguage\":\"fr-FR\",\"@id\":\"https:\\\/\\\/cardinal-tapes.com\\\/fr\\\/rubans-adh\u00e9sifs\\\/rubans-adhesifs-double-face\\\/systeme-de-bande-adhesive-relink-2318-b\\\/#primaryimage\",\"url\":\"https:\\\/\\\/cardinal-tapes.com\\\/wp-content\\\/uploads\\\/Biolink-Relink-2318-Carpet-Tape-A_173665.png\",\"contentUrl\":\"https:\\\/\\\/cardinal-tapes.com\\\/wp-content\\\/uploads\\\/Biolink-Relink-2318-Carpet-Tape-A_173665.png\",\"width\":415,\"height\":415},{\"@type\":\"BreadcrumbList\",\"@id\":\"https:\\\/\\\/cardinal-tapes.com\\\/fr\\\/rubans-adh\u00e9sifs\\\/rubans-adhesifs-double-face\\\/systeme-de-bande-adhesive-relink-2318-b\\\/#breadcrumb\",\"itemListElement\":[{\"@type\":\"ListItem\",\"position\":1,\"name\":\"Startseite\",\"item\":\"https:\\\/\\\/cardinal-tapes.com\\\/fr\\\/accueil\\\/\"},{\"@type\":\"ListItem\",\"position\":2,\"name\":\"Rubans adh\u00e9sifs\",\"item\":\"https:\\\/\\\/cardinal-tapes.com\\\/fr\\\/rubans-adhesifs-fr\\\/\"},{\"@type\":\"ListItem\",\"position\":3,\"name\":\"Rubans adh\u00e9sifs double face\",\"item\":\"https:\\\/\\\/cardinal-tapes.com\\\/fr\\\/catgorie\\\/rubans-adhesifs-double-face\\\/\"},{\"@type\":\"ListItem\",\"position\":4,\"name\":\"Syst\u00e8me de bande adh\u00e9sive ReLink 2318 B\"}]},{\"@type\":\"WebSite\",\"@id\":\"https:\\\/\\\/cardinal-tapes.com\\\/#website\",\"url\":\"https:\\\/\\\/cardinal-tapes.com\\\/\",\"name\":\"cardinal TAPES\",\"description\":\"Klebetechnik aus Wuppertal\",\"potentialAction\":[{\"@type\":\"SearchAction\",\"target\":{\"@type\":\"EntryPoint\",\"urlTemplate\":\"https:\\\/\\\/cardinal-tapes.com\\\/?s={search_term_string}\"},\"query-input\":{\"@type\":\"PropertyValueSpecification\",\"valueRequired\":true,\"valueName\":\"search_term_string\"}}],\"inLanguage\":\"fr-FR\"}]}<\/script>\n<!-- \/ Yoast SEO plugin. -->","yoast_head_json":{"title":"ReLink 2318 B Syst\u00e8me de bande adh\u00e9sive | Cardinal TAPES","description":"ReLink 2318 Est un syst\u00e8me de bande adh\u00e9sive avec deux faces \u00e0 adh\u00e9rence diff\u00e9rente. Relink 2318B est un ruban adh\u00e9sif double face approuv\u00e9 par AIRBUS.","robots":{"index":"index","follow":"follow","max-snippet":"max-snippet:-1","max-image-preview":"max-image-preview:large","max-video-preview":"max-video-preview:-1"},"canonical":"https:\/\/cardinal-tapes.com\/fr\/rubans-adh\u00e9sifs\/rubans-adhesifs-double-face\/systeme-de-bande-adhesive-relink-2318-b\/","og_locale":"fr_FR","og_type":"article","og_title":"ReLink 2318 B Syst\u00e8me de bande adh\u00e9sive | Cardinal TAPES","og_description":"ReLink 2318 Est un syst\u00e8me de bande adh\u00e9sive avec deux faces \u00e0 adh\u00e9rence diff\u00e9rente. Relink 2318B est un ruban adh\u00e9sif double face approuv\u00e9 par AIRBUS.","og_url":"https:\/\/cardinal-tapes.com\/fr\/rubans-adh\u00e9sifs\/rubans-adhesifs-double-face\/systeme-de-bande-adhesive-relink-2318-b\/","og_site_name":"cardinal TAPES","og_image":[{"width":415,"height":415,"url":"https:\/\/cardinal-tapes.com\/wp-content\/uploads\/Biolink-Relink-2318-Carpet-Tape-A_173665.png","type":"image\/png"}],"twitter_card":"summary_large_image","twitter_misc":{"Dur\u00e9e de lecture estim\u00e9e":"1 minute"},"schema":{"@context":"https:\/\/schema.org","@graph":[{"@type":"WebPage","@id":"https:\/\/cardinal-tapes.com\/fr\/rubans-adh\u00e9sifs\/rubans-adhesifs-double-face\/systeme-de-bande-adhesive-relink-2318-b\/","url":"https:\/\/cardinal-tapes.com\/fr\/rubans-adh\u00e9sifs\/rubans-adhesifs-double-face\/systeme-de-bande-adhesive-relink-2318-b\/","name":"ReLink 2318 B Syst\u00e8me de bande adh\u00e9sive | Cardinal TAPES","isPartOf":{"@id":"https:\/\/cardinal-tapes.com\/#website"},"primaryImageOfPage":{"@id":"https:\/\/cardinal-tapes.com\/fr\/rubans-adh\u00e9sifs\/rubans-adhesifs-double-face\/systeme-de-bande-adhesive-relink-2318-b\/#primaryimage"},"image":{"@id":"https:\/\/cardinal-tapes.com\/fr\/rubans-adh\u00e9sifs\/rubans-adhesifs-double-face\/systeme-de-bande-adhesive-relink-2318-b\/#primaryimage"},"thumbnailUrl":"https:\/\/cardinal-tapes.com\/wp-content\/uploads\/Biolink-Relink-2318-Carpet-Tape-A_173665.png","datePublished":"2023-06-05T14:56:24+00:00","description":"ReLink 2318 Est un syst\u00e8me de bande adh\u00e9sive avec deux faces \u00e0 adh\u00e9rence diff\u00e9rente. Relink 2318B est un ruban adh\u00e9sif double face approuv\u00e9 par AIRBUS.","breadcrumb":{"@id":"https:\/\/cardinal-tapes.com\/fr\/rubans-adh\u00e9sifs\/rubans-adhesifs-double-face\/systeme-de-bande-adhesive-relink-2318-b\/#breadcrumb"},"inLanguage":"fr-FR","potentialAction":[{"@type":"ReadAction","target":["https:\/\/cardinal-tapes.com\/fr\/rubans-adh\u00e9sifs\/rubans-adhesifs-double-face\/systeme-de-bande-adhesive-relink-2318-b\/"]}]},{"@type":"ImageObject","inLanguage":"fr-FR","@id":"https:\/\/cardinal-tapes.com\/fr\/rubans-adh\u00e9sifs\/rubans-adhesifs-double-face\/systeme-de-bande-adhesive-relink-2318-b\/#primaryimage","url":"https:\/\/cardinal-tapes.com\/wp-content\/uploads\/Biolink-Relink-2318-Carpet-Tape-A_173665.png","contentUrl":"https:\/\/cardinal-tapes.com\/wp-content\/uploads\/Biolink-Relink-2318-Carpet-Tape-A_173665.png","width":415,"height":415},{"@type":"BreadcrumbList","@id":"https:\/\/cardinal-tapes.com\/fr\/rubans-adh\u00e9sifs\/rubans-adhesifs-double-face\/systeme-de-bande-adhesive-relink-2318-b\/#breadcrumb","itemListElement":[{"@type":"ListItem","position":1,"name":"Startseite","item":"https:\/\/cardinal-tapes.com\/fr\/accueil\/"},{"@type":"ListItem","position":2,"name":"Rubans adh\u00e9sifs","item":"https:\/\/cardinal-tapes.com\/fr\/rubans-adhesifs-fr\/"},{"@type":"ListItem","position":3,"name":"Rubans adh\u00e9sifs double face","item":"https:\/\/cardinal-tapes.com\/fr\/catgorie\/rubans-adhesifs-double-face\/"},{"@type":"ListItem","position":4,"name":"Syst\u00e8me de bande adh\u00e9sive ReLink 2318 B"}]},{"@type":"WebSite","@id":"https:\/\/cardinal-tapes.com\/#website","url":"https:\/\/cardinal-tapes.com\/","name":"cardinal TAPES","description":"Klebetechnik aus Wuppertal","potentialAction":[{"@type":"SearchAction","target":{"@type":"EntryPoint","urlTemplate":"https:\/\/cardinal-tapes.com\/?s={search_term_string}"},"query-input":{"@type":"PropertyValueSpecification","valueRequired":true,"valueName":"search_term_string"}}],"inLanguage":"fr-FR"}]}},"brands":[{"id":2270,"name":"Saint-Gobain Biolink","slug":"biolink-fr"},{"id":2330,"name":"Saint-Gobain Performance Plastics","slug":"saint-gobain-fr"}],"_links":{"self":[{"href":"https:\/\/cardinal-tapes.com\/fr\/wp-json\/wp\/v2\/product\/41781","targetHints":{"allow":["GET"]}}],"collection":[{"href":"https:\/\/cardinal-tapes.com\/fr\/wp-json\/wp\/v2\/product"}],"about":[{"href":"https:\/\/cardinal-tapes.com\/fr\/wp-json\/wp\/v2\/types\/product"}],"wp:featuredmedia":[{"embeddable":true,"href":"https:\/\/cardinal-tapes.com\/fr\/wp-json\/wp\/v2\/media\/28516"}],"wp:attachment":[{"href":"https:\/\/cardinal-tapes.com\/fr\/wp-json\/wp\/v2\/media?parent=41781"}],"wp:term":[{"taxonomy":"pwb-brand","embeddable":true,"href":"https:\/\/cardinal-tapes.com\/fr\/wp-json\/wp\/v2\/pwb-brand?post=41781"},{"taxonomy":"product_brand","embeddable":true,"href":"https:\/\/cardinal-tapes.com\/fr\/wp-json\/wp\/v2\/product_brand?post=41781"},{"taxonomy":"product_cat","embeddable":true,"href":"https:\/\/cardinal-tapes.com\/fr\/wp-json\/wp\/v2\/product_cat?post=41781"},{"taxonomy":"product_tag","embeddable":true,"href":"https:\/\/cardinal-tapes.com\/fr\/wp-json\/wp\/v2\/product_tag?post=41781"}],"curies":[{"name":"wp","href":"https:\/\/api.w.org\/{rel}","templated":true}]}}