{"id":41778,"date":"2020-12-18T13:00:45","date_gmt":"2023-06-05T14:56:24","guid":{"rendered":"https:\/\/cardinal.pixel-tal.de\/klebebaender\/non%20class\u00e9\/at7-ruban-isolant-electrique-en-pvc\/"},"modified":"2025-07-02T13:34:53","modified_gmt":"2025-07-02T11:34:53","slug":"at7-pvc-bande-isolante-electrique","status":"publish","type":"product","link":"https:\/\/cardinal-tapes.com\/fr\/rubans-adh\u00e9sifs\/rubans-adhesifs-simple-face\/film-pvc\/at7-pvc-bande-isolante-electrique\/","title":{"rendered":"AT7 Ruban isolant \u00e9lectrique en PVC"},"content":{"rendered":"<div class=\"first_para_desc\">\n<p>AT7 est un ruban isolant \u00e9lectrique en PVC sans plomb, rev\u00eatu d&#8217;un adh\u00e9sif caoutchouc r\u00e9ticul\u00e9 \u00e0 base de diluant. Il convient aux travaux g\u00e9n\u00e9raux d&#8217;isolation \u00e9lectrique.<\/p>\n<\/div>\n<div class=\"rest_of_desc\">\n<p>AT7 r\u00e9pond aux exigences de la norme BS EN 60454 Type 2, est ignifuge et auto-extinguible et convient \u00e0 toutes les applications m\u00e9caniques et \u00e9lectriques. Il est facile \u00e0 d\u00e9rouler et \u00e0 d\u00e9chirer et r\u00e9duit \u00e9galement le risque de LMR. En raison de sa r\u00e9sistance \u00e0 l&#8217;eau et aux UV, il peut \u00eatre utilis\u00e9 \u00e0 l&#8217;int\u00e9rieur comme \u00e0 l&#8217;ext\u00e9rieur. Son extr\u00eame adaptabilit\u00e9 lui permet d&#8217;\u00eatre utilis\u00e9 sur des surfaces difficiles.<\/p>\n<\/div>\n<p><strong>Applications<\/strong><\/p>\n<ul>\n<li>Code couleur et isolation du c\u00e2blage \u00e9lectrique<\/li>\n<li>Codage couleur, stockage interm\u00e9diaire et produits finis pendant la fabrication<\/li>\n<li>Faisceau de c\u00e2bles, isolation, protection contre l&#8217;abrasion pour les entreprises OEM sur le march\u00e9 de l&#8217;\u00e9lectrom\u00e9nager<\/li>\n<li>Couverture pendant le rev\u00eatement chimique et galvanique<\/li>\n<li>Masquage et protection des hublots d&#8217;avion pendant la fabrication<\/li>\n<li>Masquer les roues d&#8217;avion lors du cadrage<\/li>\n<\/ul>\n","protected":false},"excerpt":{"rendered":"<p>AT7 est un ruban isolant \u00e9lectrique en PVC sans plomb, rev\u00eatu d&#8217;un adh\u00e9sif caoutchouc r\u00e9ticul\u00e9 \u00e0 base de diluant. Il convient aux travaux g\u00e9n\u00e9raux d&#8217;isolation \u00e9lectrique. AT7 r\u00e9pond aux exigences de la norme BS EN 60454 Type 2, est ignifuge et auto-extinguible et convient \u00e0 toutes les applications m\u00e9caniques et \u00e9lectriques. Il est facile \u00e0 [&hellip;]<\/p>\n","protected":false},"featured_media":28620,"template":"","meta":{"_acf_changed":false},"pwb-brand":[2328],"product_brand":[],"product_cat":[1836,1841,1673,1737],"product_tag":[],"class_list":{"0":"post-41778","1":"product","2":"type-product","3":"status-publish","4":"has-post-thumbnail","6":"pwb-brand-advance-tapes-fr","7":"product_cat-rubans-adhesifs-simple-face","8":"product_cat-film-pvc","9":"product_cat-industrie-electrique","10":"product_cat-ruban-enduit-de-plastique","12":"first","13":"instock","14":"taxable","15":"shipping-taxable","16":"purchasable","17":"product-type-variable"},"acf":[],"yoast_head":"<!-- This site is optimized with the Yoast SEO plugin v27.3 - https:\/\/yoast.com\/product\/yoast-seo-wordpress\/ -->\n<title>AT7 Ruban isolant \u00e9lectrique en PVC | Cardinal TAPES<\/title>\n<meta name=\"description\" content=\"Ruban isolant \u00e9lectrique en PVC, rev\u00eatu d&#039;un adh\u00e9sif caoutchouc-r\u00e9sine sensible \u00e0 la pression, \u00e0 r\u00e9ticulation crois\u00e9e et \u00e0 base de solvants.\" \/>\n<meta name=\"robots\" content=\"index, follow, max-snippet:-1, max-image-preview:large, max-video-preview:-1\" \/>\n<link rel=\"canonical\" href=\"https:\/\/cardinal-tapes.com\/fr\/rubans-adh\u00e9sifs\/rubans-adhesifs-simple-face\/film-pvc\/at7-pvc-bande-isolante-electrique\/\" \/>\n<meta property=\"og:locale\" content=\"fr_FR\" \/>\n<meta property=\"og:type\" content=\"article\" \/>\n<meta property=\"og:title\" content=\"AT7 Ruban isolant \u00e9lectrique en PVC | Cardinal TAPES\" \/>\n<meta property=\"og:description\" content=\"Ruban isolant \u00e9lectrique en PVC, rev\u00eatu d&#039;un adh\u00e9sif caoutchouc-r\u00e9sine sensible \u00e0 la pression, \u00e0 r\u00e9ticulation crois\u00e9e et \u00e0 base de solvants.\" \/>\n<meta property=\"og:url\" content=\"https:\/\/cardinal-tapes.com\/fr\/rubans-adh\u00e9sifs\/rubans-adhesifs-simple-face\/film-pvc\/at7-pvc-bande-isolante-electrique\/\" \/>\n<meta property=\"og:site_name\" content=\"cardinal TAPES\" \/>\n<meta property=\"article:modified_time\" content=\"2025-07-02T11:34:53+00:00\" \/>\n<meta property=\"og:image\" content=\"https:\/\/cardinal-tapes.com\/wp-content\/uploads\/Advance-Tapes_AT0007_Group.jpg\" \/>\n\t<meta property=\"og:image:width\" content=\"600\" \/>\n\t<meta property=\"og:image:height\" content=\"600\" \/>\n\t<meta property=\"og:image:type\" content=\"image\/jpeg\" \/>\n<meta name=\"twitter:card\" content=\"summary_large_image\" \/>\n<meta name=\"twitter:label1\" content=\"Dur\u00e9e de lecture estim\u00e9e\" \/>\n\t<meta name=\"twitter:data1\" content=\"1 minute\" \/>\n<script type=\"application\/ld+json\" class=\"yoast-schema-graph\">{\"@context\":\"https:\\\/\\\/schema.org\",\"@graph\":[{\"@type\":\"WebPage\",\"@id\":\"https:\\\/\\\/cardinal-tapes.com\\\/fr\\\/rubans-adh\u00e9sifs\\\/rubans-adhesifs-simple-face\\\/film-pvc\\\/at7-pvc-bande-isolante-electrique\\\/\",\"url\":\"https:\\\/\\\/cardinal-tapes.com\\\/fr\\\/rubans-adh\u00e9sifs\\\/rubans-adhesifs-simple-face\\\/film-pvc\\\/at7-pvc-bande-isolante-electrique\\\/\",\"name\":\"AT7 Ruban isolant \u00e9lectrique en PVC | Cardinal TAPES\",\"isPartOf\":{\"@id\":\"https:\\\/\\\/cardinal-tapes.com\\\/#website\"},\"primaryImageOfPage\":{\"@id\":\"https:\\\/\\\/cardinal-tapes.com\\\/fr\\\/rubans-adh\u00e9sifs\\\/rubans-adhesifs-simple-face\\\/film-pvc\\\/at7-pvc-bande-isolante-electrique\\\/#primaryimage\"},\"image\":{\"@id\":\"https:\\\/\\\/cardinal-tapes.com\\\/fr\\\/rubans-adh\u00e9sifs\\\/rubans-adhesifs-simple-face\\\/film-pvc\\\/at7-pvc-bande-isolante-electrique\\\/#primaryimage\"},\"thumbnailUrl\":\"https:\\\/\\\/cardinal-tapes.com\\\/wp-content\\\/uploads\\\/Advance-Tapes_AT0007_Group.jpg\",\"datePublished\":\"2023-06-05T14:56:24+00:00\",\"dateModified\":\"2025-07-02T11:34:53+00:00\",\"description\":\"Ruban isolant \u00e9lectrique en PVC, rev\u00eatu d'un adh\u00e9sif caoutchouc-r\u00e9sine sensible \u00e0 la pression, \u00e0 r\u00e9ticulation crois\u00e9e et \u00e0 base de solvants.\",\"breadcrumb\":{\"@id\":\"https:\\\/\\\/cardinal-tapes.com\\\/fr\\\/rubans-adh\u00e9sifs\\\/rubans-adhesifs-simple-face\\\/film-pvc\\\/at7-pvc-bande-isolante-electrique\\\/#breadcrumb\"},\"inLanguage\":\"fr-FR\",\"potentialAction\":[{\"@type\":\"ReadAction\",\"target\":[\"https:\\\/\\\/cardinal-tapes.com\\\/fr\\\/rubans-adh\u00e9sifs\\\/rubans-adhesifs-simple-face\\\/film-pvc\\\/at7-pvc-bande-isolante-electrique\\\/\"]}]},{\"@type\":\"ImageObject\",\"inLanguage\":\"fr-FR\",\"@id\":\"https:\\\/\\\/cardinal-tapes.com\\\/fr\\\/rubans-adh\u00e9sifs\\\/rubans-adhesifs-simple-face\\\/film-pvc\\\/at7-pvc-bande-isolante-electrique\\\/#primaryimage\",\"url\":\"https:\\\/\\\/cardinal-tapes.com\\\/wp-content\\\/uploads\\\/Advance-Tapes_AT0007_Group.jpg\",\"contentUrl\":\"https:\\\/\\\/cardinal-tapes.com\\\/wp-content\\\/uploads\\\/Advance-Tapes_AT0007_Group.jpg\",\"width\":600,\"height\":600},{\"@type\":\"BreadcrumbList\",\"@id\":\"https:\\\/\\\/cardinal-tapes.com\\\/fr\\\/rubans-adh\u00e9sifs\\\/rubans-adhesifs-simple-face\\\/film-pvc\\\/at7-pvc-bande-isolante-electrique\\\/#breadcrumb\",\"itemListElement\":[{\"@type\":\"ListItem\",\"position\":1,\"name\":\"Startseite\",\"item\":\"https:\\\/\\\/cardinal-tapes.com\\\/fr\\\/accueil\\\/\"},{\"@type\":\"ListItem\",\"position\":2,\"name\":\"Rubans adh\u00e9sifs\",\"item\":\"https:\\\/\\\/cardinal-tapes.com\\\/fr\\\/rubans-adhesifs-fr\\\/\"},{\"@type\":\"ListItem\",\"position\":3,\"name\":\"Domaines d&#039;application\",\"item\":\"https:\\\/\\\/cardinal-tapes.com\\\/fr\\\/catgorie\\\/domaines-dapplication\\\/\"},{\"@type\":\"ListItem\",\"position\":4,\"name\":\"Industrie \u00e9lectrique\",\"item\":\"https:\\\/\\\/cardinal-tapes.com\\\/fr\\\/catgorie\\\/industrie-electrique\\\/\"},{\"@type\":\"ListItem\",\"position\":5,\"name\":\"AT7 Ruban isolant \u00e9lectrique en PVC\"}]},{\"@type\":\"WebSite\",\"@id\":\"https:\\\/\\\/cardinal-tapes.com\\\/#website\",\"url\":\"https:\\\/\\\/cardinal-tapes.com\\\/\",\"name\":\"cardinal TAPES\",\"description\":\"Klebetechnik aus Wuppertal\",\"potentialAction\":[{\"@type\":\"SearchAction\",\"target\":{\"@type\":\"EntryPoint\",\"urlTemplate\":\"https:\\\/\\\/cardinal-tapes.com\\\/?s={search_term_string}\"},\"query-input\":{\"@type\":\"PropertyValueSpecification\",\"valueRequired\":true,\"valueName\":\"search_term_string\"}}],\"inLanguage\":\"fr-FR\"}]}<\/script>\n<!-- \/ Yoast SEO plugin. -->","yoast_head_json":{"title":"AT7 Ruban isolant \u00e9lectrique en PVC | Cardinal TAPES","description":"Ruban isolant \u00e9lectrique en PVC, rev\u00eatu d'un adh\u00e9sif caoutchouc-r\u00e9sine sensible \u00e0 la pression, \u00e0 r\u00e9ticulation crois\u00e9e et \u00e0 base de solvants.","robots":{"index":"index","follow":"follow","max-snippet":"max-snippet:-1","max-image-preview":"max-image-preview:large","max-video-preview":"max-video-preview:-1"},"canonical":"https:\/\/cardinal-tapes.com\/fr\/rubans-adh\u00e9sifs\/rubans-adhesifs-simple-face\/film-pvc\/at7-pvc-bande-isolante-electrique\/","og_locale":"fr_FR","og_type":"article","og_title":"AT7 Ruban isolant \u00e9lectrique en PVC | Cardinal TAPES","og_description":"Ruban isolant \u00e9lectrique en PVC, rev\u00eatu d'un adh\u00e9sif caoutchouc-r\u00e9sine sensible \u00e0 la pression, \u00e0 r\u00e9ticulation crois\u00e9e et \u00e0 base de solvants.","og_url":"https:\/\/cardinal-tapes.com\/fr\/rubans-adh\u00e9sifs\/rubans-adhesifs-simple-face\/film-pvc\/at7-pvc-bande-isolante-electrique\/","og_site_name":"cardinal TAPES","article_modified_time":"2025-07-02T11:34:53+00:00","og_image":[{"width":600,"height":600,"url":"https:\/\/cardinal-tapes.com\/wp-content\/uploads\/Advance-Tapes_AT0007_Group.jpg","type":"image\/jpeg"}],"twitter_card":"summary_large_image","twitter_misc":{"Dur\u00e9e de lecture estim\u00e9e":"1 minute"},"schema":{"@context":"https:\/\/schema.org","@graph":[{"@type":"WebPage","@id":"https:\/\/cardinal-tapes.com\/fr\/rubans-adh\u00e9sifs\/rubans-adhesifs-simple-face\/film-pvc\/at7-pvc-bande-isolante-electrique\/","url":"https:\/\/cardinal-tapes.com\/fr\/rubans-adh\u00e9sifs\/rubans-adhesifs-simple-face\/film-pvc\/at7-pvc-bande-isolante-electrique\/","name":"AT7 Ruban isolant \u00e9lectrique en PVC | Cardinal TAPES","isPartOf":{"@id":"https:\/\/cardinal-tapes.com\/#website"},"primaryImageOfPage":{"@id":"https:\/\/cardinal-tapes.com\/fr\/rubans-adh\u00e9sifs\/rubans-adhesifs-simple-face\/film-pvc\/at7-pvc-bande-isolante-electrique\/#primaryimage"},"image":{"@id":"https:\/\/cardinal-tapes.com\/fr\/rubans-adh\u00e9sifs\/rubans-adhesifs-simple-face\/film-pvc\/at7-pvc-bande-isolante-electrique\/#primaryimage"},"thumbnailUrl":"https:\/\/cardinal-tapes.com\/wp-content\/uploads\/Advance-Tapes_AT0007_Group.jpg","datePublished":"2023-06-05T14:56:24+00:00","dateModified":"2025-07-02T11:34:53+00:00","description":"Ruban isolant \u00e9lectrique en PVC, rev\u00eatu d'un adh\u00e9sif caoutchouc-r\u00e9sine sensible \u00e0 la pression, \u00e0 r\u00e9ticulation crois\u00e9e et \u00e0 base de solvants.","breadcrumb":{"@id":"https:\/\/cardinal-tapes.com\/fr\/rubans-adh\u00e9sifs\/rubans-adhesifs-simple-face\/film-pvc\/at7-pvc-bande-isolante-electrique\/#breadcrumb"},"inLanguage":"fr-FR","potentialAction":[{"@type":"ReadAction","target":["https:\/\/cardinal-tapes.com\/fr\/rubans-adh\u00e9sifs\/rubans-adhesifs-simple-face\/film-pvc\/at7-pvc-bande-isolante-electrique\/"]}]},{"@type":"ImageObject","inLanguage":"fr-FR","@id":"https:\/\/cardinal-tapes.com\/fr\/rubans-adh\u00e9sifs\/rubans-adhesifs-simple-face\/film-pvc\/at7-pvc-bande-isolante-electrique\/#primaryimage","url":"https:\/\/cardinal-tapes.com\/wp-content\/uploads\/Advance-Tapes_AT0007_Group.jpg","contentUrl":"https:\/\/cardinal-tapes.com\/wp-content\/uploads\/Advance-Tapes_AT0007_Group.jpg","width":600,"height":600},{"@type":"BreadcrumbList","@id":"https:\/\/cardinal-tapes.com\/fr\/rubans-adh\u00e9sifs\/rubans-adhesifs-simple-face\/film-pvc\/at7-pvc-bande-isolante-electrique\/#breadcrumb","itemListElement":[{"@type":"ListItem","position":1,"name":"Startseite","item":"https:\/\/cardinal-tapes.com\/fr\/accueil\/"},{"@type":"ListItem","position":2,"name":"Rubans adh\u00e9sifs","item":"https:\/\/cardinal-tapes.com\/fr\/rubans-adhesifs-fr\/"},{"@type":"ListItem","position":3,"name":"Domaines d&#039;application","item":"https:\/\/cardinal-tapes.com\/fr\/catgorie\/domaines-dapplication\/"},{"@type":"ListItem","position":4,"name":"Industrie \u00e9lectrique","item":"https:\/\/cardinal-tapes.com\/fr\/catgorie\/industrie-electrique\/"},{"@type":"ListItem","position":5,"name":"AT7 Ruban isolant \u00e9lectrique en PVC"}]},{"@type":"WebSite","@id":"https:\/\/cardinal-tapes.com\/#website","url":"https:\/\/cardinal-tapes.com\/","name":"cardinal TAPES","description":"Klebetechnik aus Wuppertal","potentialAction":[{"@type":"SearchAction","target":{"@type":"EntryPoint","urlTemplate":"https:\/\/cardinal-tapes.com\/?s={search_term_string}"},"query-input":{"@type":"PropertyValueSpecification","valueRequired":true,"valueName":"search_term_string"}}],"inLanguage":"fr-FR"}]}},"brands":[{"id":2328,"name":"Advance Tapes","slug":"advance-tapes-fr"}],"_links":{"self":[{"href":"https:\/\/cardinal-tapes.com\/fr\/wp-json\/wp\/v2\/product\/41778","targetHints":{"allow":["GET"]}}],"collection":[{"href":"https:\/\/cardinal-tapes.com\/fr\/wp-json\/wp\/v2\/product"}],"about":[{"href":"https:\/\/cardinal-tapes.com\/fr\/wp-json\/wp\/v2\/types\/product"}],"wp:featuredmedia":[{"embeddable":true,"href":"https:\/\/cardinal-tapes.com\/fr\/wp-json\/wp\/v2\/media\/28620"}],"wp:attachment":[{"href":"https:\/\/cardinal-tapes.com\/fr\/wp-json\/wp\/v2\/media?parent=41778"}],"wp:term":[{"taxonomy":"pwb-brand","embeddable":true,"href":"https:\/\/cardinal-tapes.com\/fr\/wp-json\/wp\/v2\/pwb-brand?post=41778"},{"taxonomy":"product_brand","embeddable":true,"href":"https:\/\/cardinal-tapes.com\/fr\/wp-json\/wp\/v2\/product_brand?post=41778"},{"taxonomy":"product_cat","embeddable":true,"href":"https:\/\/cardinal-tapes.com\/fr\/wp-json\/wp\/v2\/product_cat?post=41778"},{"taxonomy":"product_tag","embeddable":true,"href":"https:\/\/cardinal-tapes.com\/fr\/wp-json\/wp\/v2\/product_tag?post=41778"}],"curies":[{"name":"wp","href":"https:\/\/api.w.org\/{rel}","templated":true}]}}