{"id":41776,"date":"2020-12-21T08:29:22","date_gmt":"2023-06-05T14:56:24","guid":{"rendered":"https:\/\/cardinal.pixel-tal.de\/klebebaender\/non%20class\u00e9\/at132-bande-de-conduit\/"},"modified":"2025-07-02T14:15:13","modified_gmt":"2025-07-02T12:15:13","slug":"at132-duct-tape","status":"publish","type":"product","link":"https:\/\/cardinal-tapes.com\/fr\/rubans-adh\u00e9sifs\/domaines-dapplication\/industrie-du-batiment\/at132-duct-tape\/","title":{"rendered":"AT132 Bande de conduit"},"content":{"rendered":"<div class=\"first_para_desc\">\n<div class=\"first_para_desc\">\n<p>AT132 est une bande en polytiss\u00e9 lamin\u00e9e, \u00e9tanche et brillante, enduite d&#8217;un adh\u00e9sif caoutchouc agressif, sensible \u00e0 la pression et sans solvant.<\/p>\n<\/div>\n<div class=\"rest_of_desc\">\n<p>L&#8217;\u00e9paisseur du film AT132 assure une r\u00e9sistance accrue et une meilleure r\u00e9sistance \u00e0 l&#8217;abrasion. Le ruban est id\u00e9al \u00e0 l&#8217;int\u00e9rieur comme \u00e0 l&#8217;ext\u00e9rieur. Le ruban se d\u00e9chire facilement et s&#8217;adapte tr\u00e8s bien aux surfaces difficiles.<\/p>\n<p>AT132 convient \u00e0 de nombreuses applications diff\u00e9rentes pour lesquelles il est n\u00e9cessaire de promouvoir un ruban tiss\u00e9 avec un tack \u00e9lev\u00e9, une r\u00e9sistance \u00e0 l&#8217;abrasion et une d\u00e9chirure facile.<\/p>\n<p><strong>Applications<\/strong><\/p>\n<ul>\n<li>Appliquer des films, fermer des combinaisons et des sacs poubelles et pour un usage g\u00e9n\u00e9ral.<\/li>\n<li>Pour le masquage autour des doubles vitrages, pour une manipulation facile et pour fixer le mastic d&#8217;\u00e9tanch\u00e9it\u00e9.<\/li>\n<li>Pour le regroupement de mat\u00e9riaux, l&#8217;\u00e9tanch\u00e9it\u00e9 des conduits d&#8217;air et la fixation de couvercles sur les bras d&#8217;injection robotis\u00e9s dans l&#8217;industrie automobile<\/li>\n<li>Pour l&#8217;entretien, la r\u00e9paration, l&#8217;\u00e9tanch\u00e9it\u00e9, l&#8217;assemblage, le masquage et la protection de nombreuses surfaces et mat\u00e9riaux<\/li>\n<li>Maintien des plaques d&#8217;aluminium dans les unit\u00e9s de refroidissement<\/li>\n<\/ul>\n<\/div>\n<\/div>\n","protected":false},"excerpt":{"rendered":"<p>AT132 est une bande en polytiss\u00e9 lamin\u00e9e, \u00e9tanche et brillante, enduite d&#8217;un adh\u00e9sif caoutchouc agressif, sensible \u00e0 la pression et sans solvant. L&#8217;\u00e9paisseur du film AT132 assure une r\u00e9sistance accrue et une meilleure r\u00e9sistance \u00e0 l&#8217;abrasion. Le ruban est id\u00e9al \u00e0 l&#8217;int\u00e9rieur comme \u00e0 l&#8217;ext\u00e9rieur. Le ruban se d\u00e9chire facilement et s&#8217;adapte tr\u00e8s bien aux [&hellip;]<\/p>\n","protected":false},"featured_media":28660,"template":"","meta":{"_acf_changed":false},"pwb-brand":[2328],"product_brand":[],"product_cat":[1669,1735,1737,1836],"product_tag":[],"class_list":{"0":"post-41776","1":"product","2":"type-product","3":"status-publish","4":"has-post-thumbnail","6":"pwb-brand-advance-tapes-fr","7":"product_cat-industrie-du-batiment","8":"product_cat-ruban-adhesif-en-tissu","9":"product_cat-ruban-enduit-de-plastique","10":"product_cat-rubans-adhesifs-simple-face","12":"first","13":"instock","14":"taxable","15":"shipping-taxable","16":"purchasable","17":"product-type-variable"},"acf":[],"yoast_head":"<!-- This site is optimized with the Yoast SEO plugin v27.3 - https:\/\/yoast.com\/product\/yoast-seo-wordpress\/ -->\n<title>AT132 Duct-Tape Avec Tack \u00e9lev\u00e9 | Cardinal TAPES<\/title>\n<meta name=\"description\" content=\"AT132 est une bande en polytiss\u00e9 lamin\u00e9e, \u00e9tanche et brillante, enduite d&#039;un adh\u00e9sif caoutchouc agressif, sensible \u00e0 la pression et sans solvant.\" \/>\n<meta name=\"robots\" content=\"index, follow, max-snippet:-1, max-image-preview:large, max-video-preview:-1\" \/>\n<link rel=\"canonical\" href=\"https:\/\/cardinal-tapes.com\/fr\/rubans-adh\u00e9sifs\/domaines-dapplication\/industrie-du-batiment\/at132-duct-tape\/\" \/>\n<meta property=\"og:locale\" content=\"fr_FR\" \/>\n<meta property=\"og:type\" content=\"article\" \/>\n<meta property=\"og:title\" content=\"AT132 Duct-Tape Avec Tack \u00e9lev\u00e9 | Cardinal TAPES\" \/>\n<meta property=\"og:description\" content=\"AT132 est une bande en polytiss\u00e9 lamin\u00e9e, \u00e9tanche et brillante, enduite d&#039;un adh\u00e9sif caoutchouc agressif, sensible \u00e0 la pression et sans solvant.\" \/>\n<meta property=\"og:url\" content=\"https:\/\/cardinal-tapes.com\/fr\/rubans-adh\u00e9sifs\/domaines-dapplication\/industrie-du-batiment\/at132-duct-tape\/\" \/>\n<meta property=\"og:site_name\" content=\"cardinal TAPES\" \/>\n<meta property=\"article:modified_time\" content=\"2025-07-02T12:15:13+00:00\" \/>\n<meta property=\"og:image\" content=\"https:\/\/cardinal-tapes.com\/wp-content\/uploads\/Advance-Tapes_AT132_Group.jpg\" \/>\n\t<meta property=\"og:image:width\" content=\"600\" \/>\n\t<meta property=\"og:image:height\" content=\"600\" \/>\n\t<meta property=\"og:image:type\" content=\"image\/jpeg\" \/>\n<meta name=\"twitter:card\" content=\"summary_large_image\" \/>\n<meta name=\"twitter:label1\" content=\"Dur\u00e9e de lecture estim\u00e9e\" \/>\n\t<meta name=\"twitter:data1\" content=\"1 minute\" \/>\n<script type=\"application\/ld+json\" class=\"yoast-schema-graph\">{\"@context\":\"https:\\\/\\\/schema.org\",\"@graph\":[{\"@type\":\"WebPage\",\"@id\":\"https:\\\/\\\/cardinal-tapes.com\\\/fr\\\/rubans-adh\u00e9sifs\\\/domaines-dapplication\\\/industrie-du-batiment\\\/at132-duct-tape\\\/\",\"url\":\"https:\\\/\\\/cardinal-tapes.com\\\/fr\\\/rubans-adh\u00e9sifs\\\/domaines-dapplication\\\/industrie-du-batiment\\\/at132-duct-tape\\\/\",\"name\":\"AT132 Duct-Tape Avec Tack \u00e9lev\u00e9 | Cardinal TAPES\",\"isPartOf\":{\"@id\":\"https:\\\/\\\/cardinal-tapes.com\\\/#website\"},\"primaryImageOfPage\":{\"@id\":\"https:\\\/\\\/cardinal-tapes.com\\\/fr\\\/rubans-adh\u00e9sifs\\\/domaines-dapplication\\\/industrie-du-batiment\\\/at132-duct-tape\\\/#primaryimage\"},\"image\":{\"@id\":\"https:\\\/\\\/cardinal-tapes.com\\\/fr\\\/rubans-adh\u00e9sifs\\\/domaines-dapplication\\\/industrie-du-batiment\\\/at132-duct-tape\\\/#primaryimage\"},\"thumbnailUrl\":\"https:\\\/\\\/cardinal-tapes.com\\\/wp-content\\\/uploads\\\/Advance-Tapes_AT132_Group.jpg\",\"datePublished\":\"2023-06-05T14:56:24+00:00\",\"dateModified\":\"2025-07-02T12:15:13+00:00\",\"description\":\"AT132 est une bande en polytiss\u00e9 lamin\u00e9e, \u00e9tanche et brillante, enduite d'un adh\u00e9sif caoutchouc agressif, sensible \u00e0 la pression et sans solvant.\",\"breadcrumb\":{\"@id\":\"https:\\\/\\\/cardinal-tapes.com\\\/fr\\\/rubans-adh\u00e9sifs\\\/domaines-dapplication\\\/industrie-du-batiment\\\/at132-duct-tape\\\/#breadcrumb\"},\"inLanguage\":\"fr-FR\",\"potentialAction\":[{\"@type\":\"ReadAction\",\"target\":[\"https:\\\/\\\/cardinal-tapes.com\\\/fr\\\/rubans-adh\u00e9sifs\\\/domaines-dapplication\\\/industrie-du-batiment\\\/at132-duct-tape\\\/\"]}]},{\"@type\":\"ImageObject\",\"inLanguage\":\"fr-FR\",\"@id\":\"https:\\\/\\\/cardinal-tapes.com\\\/fr\\\/rubans-adh\u00e9sifs\\\/domaines-dapplication\\\/industrie-du-batiment\\\/at132-duct-tape\\\/#primaryimage\",\"url\":\"https:\\\/\\\/cardinal-tapes.com\\\/wp-content\\\/uploads\\\/Advance-Tapes_AT132_Group.jpg\",\"contentUrl\":\"https:\\\/\\\/cardinal-tapes.com\\\/wp-content\\\/uploads\\\/Advance-Tapes_AT132_Group.jpg\",\"width\":600,\"height\":600},{\"@type\":\"BreadcrumbList\",\"@id\":\"https:\\\/\\\/cardinal-tapes.com\\\/fr\\\/rubans-adh\u00e9sifs\\\/domaines-dapplication\\\/industrie-du-batiment\\\/at132-duct-tape\\\/#breadcrumb\",\"itemListElement\":[{\"@type\":\"ListItem\",\"position\":1,\"name\":\"Startseite\",\"item\":\"https:\\\/\\\/cardinal-tapes.com\\\/fr\\\/accueil\\\/\"},{\"@type\":\"ListItem\",\"position\":2,\"name\":\"Rubans adh\u00e9sifs\",\"item\":\"https:\\\/\\\/cardinal-tapes.com\\\/fr\\\/rubans-adhesifs-fr\\\/\"},{\"@type\":\"ListItem\",\"position\":3,\"name\":\"Einseitige Klebeb\u00e4nder\",\"item\":\"https:\\\/\\\/cardinal-tapes.com\\\/kategorie\\\/einseitige-klebebaender\\\/\"},{\"@type\":\"ListItem\",\"position\":4,\"name\":\"AT132 Bande de conduit\"}]},{\"@type\":\"WebSite\",\"@id\":\"https:\\\/\\\/cardinal-tapes.com\\\/#website\",\"url\":\"https:\\\/\\\/cardinal-tapes.com\\\/\",\"name\":\"cardinal TAPES\",\"description\":\"Klebetechnik aus Wuppertal\",\"potentialAction\":[{\"@type\":\"SearchAction\",\"target\":{\"@type\":\"EntryPoint\",\"urlTemplate\":\"https:\\\/\\\/cardinal-tapes.com\\\/?s={search_term_string}\"},\"query-input\":{\"@type\":\"PropertyValueSpecification\",\"valueRequired\":true,\"valueName\":\"search_term_string\"}}],\"inLanguage\":\"fr-FR\"}]}<\/script>\n<!-- \/ Yoast SEO plugin. -->","yoast_head_json":{"title":"AT132 Duct-Tape Avec Tack \u00e9lev\u00e9 | Cardinal TAPES","description":"AT132 est une bande en polytiss\u00e9 lamin\u00e9e, \u00e9tanche et brillante, enduite d'un adh\u00e9sif caoutchouc agressif, sensible \u00e0 la pression et sans solvant.","robots":{"index":"index","follow":"follow","max-snippet":"max-snippet:-1","max-image-preview":"max-image-preview:large","max-video-preview":"max-video-preview:-1"},"canonical":"https:\/\/cardinal-tapes.com\/fr\/rubans-adh\u00e9sifs\/domaines-dapplication\/industrie-du-batiment\/at132-duct-tape\/","og_locale":"fr_FR","og_type":"article","og_title":"AT132 Duct-Tape Avec Tack \u00e9lev\u00e9 | Cardinal TAPES","og_description":"AT132 est une bande en polytiss\u00e9 lamin\u00e9e, \u00e9tanche et brillante, enduite d'un adh\u00e9sif caoutchouc agressif, sensible \u00e0 la pression et sans solvant.","og_url":"https:\/\/cardinal-tapes.com\/fr\/rubans-adh\u00e9sifs\/domaines-dapplication\/industrie-du-batiment\/at132-duct-tape\/","og_site_name":"cardinal TAPES","article_modified_time":"2025-07-02T12:15:13+00:00","og_image":[{"width":600,"height":600,"url":"https:\/\/cardinal-tapes.com\/wp-content\/uploads\/Advance-Tapes_AT132_Group.jpg","type":"image\/jpeg"}],"twitter_card":"summary_large_image","twitter_misc":{"Dur\u00e9e de lecture estim\u00e9e":"1 minute"},"schema":{"@context":"https:\/\/schema.org","@graph":[{"@type":"WebPage","@id":"https:\/\/cardinal-tapes.com\/fr\/rubans-adh\u00e9sifs\/domaines-dapplication\/industrie-du-batiment\/at132-duct-tape\/","url":"https:\/\/cardinal-tapes.com\/fr\/rubans-adh\u00e9sifs\/domaines-dapplication\/industrie-du-batiment\/at132-duct-tape\/","name":"AT132 Duct-Tape Avec Tack \u00e9lev\u00e9 | Cardinal TAPES","isPartOf":{"@id":"https:\/\/cardinal-tapes.com\/#website"},"primaryImageOfPage":{"@id":"https:\/\/cardinal-tapes.com\/fr\/rubans-adh\u00e9sifs\/domaines-dapplication\/industrie-du-batiment\/at132-duct-tape\/#primaryimage"},"image":{"@id":"https:\/\/cardinal-tapes.com\/fr\/rubans-adh\u00e9sifs\/domaines-dapplication\/industrie-du-batiment\/at132-duct-tape\/#primaryimage"},"thumbnailUrl":"https:\/\/cardinal-tapes.com\/wp-content\/uploads\/Advance-Tapes_AT132_Group.jpg","datePublished":"2023-06-05T14:56:24+00:00","dateModified":"2025-07-02T12:15:13+00:00","description":"AT132 est une bande en polytiss\u00e9 lamin\u00e9e, \u00e9tanche et brillante, enduite d'un adh\u00e9sif caoutchouc agressif, sensible \u00e0 la pression et sans solvant.","breadcrumb":{"@id":"https:\/\/cardinal-tapes.com\/fr\/rubans-adh\u00e9sifs\/domaines-dapplication\/industrie-du-batiment\/at132-duct-tape\/#breadcrumb"},"inLanguage":"fr-FR","potentialAction":[{"@type":"ReadAction","target":["https:\/\/cardinal-tapes.com\/fr\/rubans-adh\u00e9sifs\/domaines-dapplication\/industrie-du-batiment\/at132-duct-tape\/"]}]},{"@type":"ImageObject","inLanguage":"fr-FR","@id":"https:\/\/cardinal-tapes.com\/fr\/rubans-adh\u00e9sifs\/domaines-dapplication\/industrie-du-batiment\/at132-duct-tape\/#primaryimage","url":"https:\/\/cardinal-tapes.com\/wp-content\/uploads\/Advance-Tapes_AT132_Group.jpg","contentUrl":"https:\/\/cardinal-tapes.com\/wp-content\/uploads\/Advance-Tapes_AT132_Group.jpg","width":600,"height":600},{"@type":"BreadcrumbList","@id":"https:\/\/cardinal-tapes.com\/fr\/rubans-adh\u00e9sifs\/domaines-dapplication\/industrie-du-batiment\/at132-duct-tape\/#breadcrumb","itemListElement":[{"@type":"ListItem","position":1,"name":"Startseite","item":"https:\/\/cardinal-tapes.com\/fr\/accueil\/"},{"@type":"ListItem","position":2,"name":"Rubans adh\u00e9sifs","item":"https:\/\/cardinal-tapes.com\/fr\/rubans-adhesifs-fr\/"},{"@type":"ListItem","position":3,"name":"Einseitige Klebeb\u00e4nder","item":"https:\/\/cardinal-tapes.com\/kategorie\/einseitige-klebebaender\/"},{"@type":"ListItem","position":4,"name":"AT132 Bande de conduit"}]},{"@type":"WebSite","@id":"https:\/\/cardinal-tapes.com\/#website","url":"https:\/\/cardinal-tapes.com\/","name":"cardinal TAPES","description":"Klebetechnik aus Wuppertal","potentialAction":[{"@type":"SearchAction","target":{"@type":"EntryPoint","urlTemplate":"https:\/\/cardinal-tapes.com\/?s={search_term_string}"},"query-input":{"@type":"PropertyValueSpecification","valueRequired":true,"valueName":"search_term_string"}}],"inLanguage":"fr-FR"}]}},"brands":[{"id":2328,"name":"Advance Tapes","slug":"advance-tapes-fr"}],"_links":{"self":[{"href":"https:\/\/cardinal-tapes.com\/fr\/wp-json\/wp\/v2\/product\/41776","targetHints":{"allow":["GET"]}}],"collection":[{"href":"https:\/\/cardinal-tapes.com\/fr\/wp-json\/wp\/v2\/product"}],"about":[{"href":"https:\/\/cardinal-tapes.com\/fr\/wp-json\/wp\/v2\/types\/product"}],"wp:featuredmedia":[{"embeddable":true,"href":"https:\/\/cardinal-tapes.com\/fr\/wp-json\/wp\/v2\/media\/28660"}],"wp:attachment":[{"href":"https:\/\/cardinal-tapes.com\/fr\/wp-json\/wp\/v2\/media?parent=41776"}],"wp:term":[{"taxonomy":"pwb-brand","embeddable":true,"href":"https:\/\/cardinal-tapes.com\/fr\/wp-json\/wp\/v2\/pwb-brand?post=41776"},{"taxonomy":"product_brand","embeddable":true,"href":"https:\/\/cardinal-tapes.com\/fr\/wp-json\/wp\/v2\/product_brand?post=41776"},{"taxonomy":"product_cat","embeddable":true,"href":"https:\/\/cardinal-tapes.com\/fr\/wp-json\/wp\/v2\/product_cat?post=41776"},{"taxonomy":"product_tag","embeddable":true,"href":"https:\/\/cardinal-tapes.com\/fr\/wp-json\/wp\/v2\/product_tag?post=41776"}],"curies":[{"name":"wp","href":"https:\/\/api.w.org\/{rel}","templated":true}]}}