{"id":41774,"date":"2020-12-21T14:15:46","date_gmt":"2023-06-05T14:56:23","guid":{"rendered":"https:\/\/cardinal.pixel-tal.de\/klebebaender\/non%20class\u00e9\/at8-bande-de-marquage-au-sol\/"},"modified":"2025-07-02T14:15:31","modified_gmt":"2025-07-02T12:15:31","slug":"bande-de-marquage-au-sol-at8","status":"publish","type":"product","link":"https:\/\/cardinal-tapes.com\/fr\/rubans-adh\u00e9sifs\/rubans-adhesifs-simple-face\/film-pvc\/bande-de-marquage-au-sol-at8\/","title":{"rendered":"AT8 Bande de marquage au sol"},"content":{"rendered":"<div class=\"first_para_desc\">\n<div class=\"first_para_desc\">\n<div class=\"first_para_desc\">\n<p>AT8 est un film PVC \u00e0 faible \u00e9tirement, enduit d&#8217;un adh\u00e9sif caoutchouc r\u00e9ticul\u00e9 \u00e0 base de diluant.<\/p>\n<\/div>\n<div class=\"rest_of_desc\">\n<p>AT8 colle tr\u00e8s bien et longtemps en raison de la grande quantit\u00e9 de colle appliqu\u00e9e sur les surfaces rugueuses. Il r\u00e9siste \u00e0 l&#8217;abrasion et aux fortes sollicitations des pi\u00e9tons et des machines. Gr\u00e2ce \u00e0 la faible \u00e9lasticit\u00e9 du film PVC, AT8 ne r\u00e9tr\u00e9cit pas une fois coll\u00e9. Il est id\u00e9al pour les zones \u00e0 fort trafic et est imm\u00e9diatement praticable sans temps de s\u00e9chage.<\/p>\n<p>Ce ruban de marquage est disponible en plusieurs couleurs. Il est id\u00e9al pour un marquage d&#8217;avertissement et un guidage efficaces \u00e0 l&#8217;int\u00e9rieur de b\u00e2timents, d&#8217;usines, d&#8217;\u00e9coles, de salles de sport et de lieux publics.<\/p>\n<\/div>\n<p><strong>Applications<br \/>\n<\/strong>&#8211; D\u00e9limitation des voies de circulation dans les usines et les entrep\u00f4ts<br \/>\n&#8211; Marquage directionnel des sols dans les h\u00f4pitaux, les \u00e9coles et autres b\u00e2timents publics<br \/>\n&#8211; Marquage des salles de sport et des tribunaux<br \/>\n&#8211; Film de masquage de lignes fines<\/p>\n<\/div>\n<\/div>\n","protected":false},"excerpt":{"rendered":"<p>AT8 est un film PVC \u00e0 faible \u00e9tirement, enduit d&#8217;un adh\u00e9sif caoutchouc r\u00e9ticul\u00e9 \u00e0 base de diluant. AT8 colle tr\u00e8s bien et longtemps en raison de la grande quantit\u00e9 de colle appliqu\u00e9e sur les surfaces rugueuses. Il r\u00e9siste \u00e0 l&#8217;abrasion et aux fortes sollicitations des pi\u00e9tons et des machines. Gr\u00e2ce \u00e0 la faible \u00e9lasticit\u00e9 du [&hellip;]<\/p>\n","protected":false},"featured_media":28616,"template":"","meta":{"_acf_changed":false},"pwb-brand":[2328],"product_brand":[],"product_cat":[1671,1735,1836,1841],"product_tag":[],"class_list":{"0":"post-41774","1":"product","2":"type-product","3":"status-publish","4":"has-post-thumbnail","6":"pwb-brand-advance-tapes-fr","7":"product_cat-ruban-adhesif-de-marquage-au-sol","8":"product_cat-ruban-adhesif-en-tissu","9":"product_cat-rubans-adhesifs-simple-face","10":"product_cat-film-pvc","12":"first","13":"instock","14":"sale","15":"taxable","16":"shipping-taxable","17":"purchasable","18":"product-type-variable"},"acf":[],"yoast_head":"<!-- This site is optimized with the Yoast SEO plugin v27.3 - https:\/\/yoast.com\/product\/yoast-seo-wordpress\/ -->\n<title>AT8 Bande de marquage au sol | Cardinal TAPES<\/title>\n<meta name=\"description\" content=\"AT8 est un film PVC \u00e0 faible \u00e9tirement, enduit d&#039;un adh\u00e9sif caoutchouc r\u00e9ticul\u00e9 \u00e0 base de diluant.\" \/>\n<meta name=\"robots\" content=\"index, follow, max-snippet:-1, max-image-preview:large, max-video-preview:-1\" \/>\n<link rel=\"canonical\" href=\"https:\/\/cardinal-tapes.com\/fr\/rubans-adh\u00e9sifs\/rubans-adhesifs-simple-face\/film-pvc\/bande-de-marquage-au-sol-at8\/\" \/>\n<meta property=\"og:locale\" content=\"fr_FR\" \/>\n<meta property=\"og:type\" content=\"article\" \/>\n<meta property=\"og:title\" content=\"AT8 Bande de marquage au sol | Cardinal TAPES\" \/>\n<meta property=\"og:description\" content=\"AT8 est un film PVC \u00e0 faible \u00e9tirement, enduit d&#039;un adh\u00e9sif caoutchouc r\u00e9ticul\u00e9 \u00e0 base de diluant.\" \/>\n<meta property=\"og:url\" content=\"https:\/\/cardinal-tapes.com\/fr\/rubans-adh\u00e9sifs\/rubans-adhesifs-simple-face\/film-pvc\/bande-de-marquage-au-sol-at8\/\" \/>\n<meta property=\"og:site_name\" content=\"cardinal TAPES\" \/>\n<meta property=\"article:modified_time\" content=\"2025-07-02T12:15:31+00:00\" \/>\n<meta property=\"og:image\" content=\"https:\/\/cardinal-tapes.com\/wp-content\/uploads\/Advance-Tapes_AT0008_Group.jpg\" \/>\n\t<meta property=\"og:image:width\" content=\"600\" \/>\n\t<meta property=\"og:image:height\" content=\"600\" \/>\n\t<meta property=\"og:image:type\" content=\"image\/jpeg\" \/>\n<meta name=\"twitter:card\" content=\"summary_large_image\" \/>\n<meta name=\"twitter:label1\" content=\"Dur\u00e9e de lecture estim\u00e9e\" \/>\n\t<meta name=\"twitter:data1\" content=\"1 minute\" \/>\n<script type=\"application\/ld+json\" class=\"yoast-schema-graph\">{\"@context\":\"https:\\\/\\\/schema.org\",\"@graph\":[{\"@type\":\"WebPage\",\"@id\":\"https:\\\/\\\/cardinal-tapes.com\\\/fr\\\/rubans-adh\u00e9sifs\\\/rubans-adhesifs-simple-face\\\/film-pvc\\\/bande-de-marquage-au-sol-at8\\\/\",\"url\":\"https:\\\/\\\/cardinal-tapes.com\\\/fr\\\/rubans-adh\u00e9sifs\\\/rubans-adhesifs-simple-face\\\/film-pvc\\\/bande-de-marquage-au-sol-at8\\\/\",\"name\":\"AT8 Bande de marquage au sol | Cardinal TAPES\",\"isPartOf\":{\"@id\":\"https:\\\/\\\/cardinal-tapes.com\\\/#website\"},\"primaryImageOfPage\":{\"@id\":\"https:\\\/\\\/cardinal-tapes.com\\\/fr\\\/rubans-adh\u00e9sifs\\\/rubans-adhesifs-simple-face\\\/film-pvc\\\/bande-de-marquage-au-sol-at8\\\/#primaryimage\"},\"image\":{\"@id\":\"https:\\\/\\\/cardinal-tapes.com\\\/fr\\\/rubans-adh\u00e9sifs\\\/rubans-adhesifs-simple-face\\\/film-pvc\\\/bande-de-marquage-au-sol-at8\\\/#primaryimage\"},\"thumbnailUrl\":\"https:\\\/\\\/cardinal-tapes.com\\\/wp-content\\\/uploads\\\/Advance-Tapes_AT0008_Group.jpg\",\"datePublished\":\"2023-06-05T14:56:23+00:00\",\"dateModified\":\"2025-07-02T12:15:31+00:00\",\"description\":\"AT8 est un film PVC \u00e0 faible \u00e9tirement, enduit d'un adh\u00e9sif caoutchouc r\u00e9ticul\u00e9 \u00e0 base de diluant.\",\"breadcrumb\":{\"@id\":\"https:\\\/\\\/cardinal-tapes.com\\\/fr\\\/rubans-adh\u00e9sifs\\\/rubans-adhesifs-simple-face\\\/film-pvc\\\/bande-de-marquage-au-sol-at8\\\/#breadcrumb\"},\"inLanguage\":\"fr-FR\",\"potentialAction\":[{\"@type\":\"ReadAction\",\"target\":[\"https:\\\/\\\/cardinal-tapes.com\\\/fr\\\/rubans-adh\u00e9sifs\\\/rubans-adhesifs-simple-face\\\/film-pvc\\\/bande-de-marquage-au-sol-at8\\\/\"]}]},{\"@type\":\"ImageObject\",\"inLanguage\":\"fr-FR\",\"@id\":\"https:\\\/\\\/cardinal-tapes.com\\\/fr\\\/rubans-adh\u00e9sifs\\\/rubans-adhesifs-simple-face\\\/film-pvc\\\/bande-de-marquage-au-sol-at8\\\/#primaryimage\",\"url\":\"https:\\\/\\\/cardinal-tapes.com\\\/wp-content\\\/uploads\\\/Advance-Tapes_AT0008_Group.jpg\",\"contentUrl\":\"https:\\\/\\\/cardinal-tapes.com\\\/wp-content\\\/uploads\\\/Advance-Tapes_AT0008_Group.jpg\",\"width\":600,\"height\":600},{\"@type\":\"BreadcrumbList\",\"@id\":\"https:\\\/\\\/cardinal-tapes.com\\\/fr\\\/rubans-adh\u00e9sifs\\\/rubans-adhesifs-simple-face\\\/film-pvc\\\/bande-de-marquage-au-sol-at8\\\/#breadcrumb\",\"itemListElement\":[{\"@type\":\"ListItem\",\"position\":1,\"name\":\"Startseite\",\"item\":\"https:\\\/\\\/cardinal-tapes.com\\\/fr\\\/accueil\\\/\"},{\"@type\":\"ListItem\",\"position\":2,\"name\":\"Rubans adh\u00e9sifs\",\"item\":\"https:\\\/\\\/cardinal-tapes.com\\\/fr\\\/rubans-adhesifs-fr\\\/\"},{\"@type\":\"ListItem\",\"position\":3,\"name\":\"Einseitige Klebeb\u00e4nder\",\"item\":\"https:\\\/\\\/cardinal-tapes.com\\\/kategorie\\\/einseitige-klebebaender\\\/\"},{\"@type\":\"ListItem\",\"position\":4,\"name\":\"AT8 Bande de marquage au sol\"}]},{\"@type\":\"WebSite\",\"@id\":\"https:\\\/\\\/cardinal-tapes.com\\\/#website\",\"url\":\"https:\\\/\\\/cardinal-tapes.com\\\/\",\"name\":\"cardinal TAPES\",\"description\":\"Klebetechnik aus Wuppertal\",\"potentialAction\":[{\"@type\":\"SearchAction\",\"target\":{\"@type\":\"EntryPoint\",\"urlTemplate\":\"https:\\\/\\\/cardinal-tapes.com\\\/?s={search_term_string}\"},\"query-input\":{\"@type\":\"PropertyValueSpecification\",\"valueRequired\":true,\"valueName\":\"search_term_string\"}}],\"inLanguage\":\"fr-FR\"}]}<\/script>\n<!-- \/ Yoast SEO plugin. -->","yoast_head_json":{"title":"AT8 Bande de marquage au sol | Cardinal TAPES","description":"AT8 est un film PVC \u00e0 faible \u00e9tirement, enduit d'un adh\u00e9sif caoutchouc r\u00e9ticul\u00e9 \u00e0 base de diluant.","robots":{"index":"index","follow":"follow","max-snippet":"max-snippet:-1","max-image-preview":"max-image-preview:large","max-video-preview":"max-video-preview:-1"},"canonical":"https:\/\/cardinal-tapes.com\/fr\/rubans-adh\u00e9sifs\/rubans-adhesifs-simple-face\/film-pvc\/bande-de-marquage-au-sol-at8\/","og_locale":"fr_FR","og_type":"article","og_title":"AT8 Bande de marquage au sol | Cardinal TAPES","og_description":"AT8 est un film PVC \u00e0 faible \u00e9tirement, enduit d'un adh\u00e9sif caoutchouc r\u00e9ticul\u00e9 \u00e0 base de diluant.","og_url":"https:\/\/cardinal-tapes.com\/fr\/rubans-adh\u00e9sifs\/rubans-adhesifs-simple-face\/film-pvc\/bande-de-marquage-au-sol-at8\/","og_site_name":"cardinal TAPES","article_modified_time":"2025-07-02T12:15:31+00:00","og_image":[{"width":600,"height":600,"url":"https:\/\/cardinal-tapes.com\/wp-content\/uploads\/Advance-Tapes_AT0008_Group.jpg","type":"image\/jpeg"}],"twitter_card":"summary_large_image","twitter_misc":{"Dur\u00e9e de lecture estim\u00e9e":"1 minute"},"schema":{"@context":"https:\/\/schema.org","@graph":[{"@type":"WebPage","@id":"https:\/\/cardinal-tapes.com\/fr\/rubans-adh\u00e9sifs\/rubans-adhesifs-simple-face\/film-pvc\/bande-de-marquage-au-sol-at8\/","url":"https:\/\/cardinal-tapes.com\/fr\/rubans-adh\u00e9sifs\/rubans-adhesifs-simple-face\/film-pvc\/bande-de-marquage-au-sol-at8\/","name":"AT8 Bande de marquage au sol | Cardinal TAPES","isPartOf":{"@id":"https:\/\/cardinal-tapes.com\/#website"},"primaryImageOfPage":{"@id":"https:\/\/cardinal-tapes.com\/fr\/rubans-adh\u00e9sifs\/rubans-adhesifs-simple-face\/film-pvc\/bande-de-marquage-au-sol-at8\/#primaryimage"},"image":{"@id":"https:\/\/cardinal-tapes.com\/fr\/rubans-adh\u00e9sifs\/rubans-adhesifs-simple-face\/film-pvc\/bande-de-marquage-au-sol-at8\/#primaryimage"},"thumbnailUrl":"https:\/\/cardinal-tapes.com\/wp-content\/uploads\/Advance-Tapes_AT0008_Group.jpg","datePublished":"2023-06-05T14:56:23+00:00","dateModified":"2025-07-02T12:15:31+00:00","description":"AT8 est un film PVC \u00e0 faible \u00e9tirement, enduit d'un adh\u00e9sif caoutchouc r\u00e9ticul\u00e9 \u00e0 base de diluant.","breadcrumb":{"@id":"https:\/\/cardinal-tapes.com\/fr\/rubans-adh\u00e9sifs\/rubans-adhesifs-simple-face\/film-pvc\/bande-de-marquage-au-sol-at8\/#breadcrumb"},"inLanguage":"fr-FR","potentialAction":[{"@type":"ReadAction","target":["https:\/\/cardinal-tapes.com\/fr\/rubans-adh\u00e9sifs\/rubans-adhesifs-simple-face\/film-pvc\/bande-de-marquage-au-sol-at8\/"]}]},{"@type":"ImageObject","inLanguage":"fr-FR","@id":"https:\/\/cardinal-tapes.com\/fr\/rubans-adh\u00e9sifs\/rubans-adhesifs-simple-face\/film-pvc\/bande-de-marquage-au-sol-at8\/#primaryimage","url":"https:\/\/cardinal-tapes.com\/wp-content\/uploads\/Advance-Tapes_AT0008_Group.jpg","contentUrl":"https:\/\/cardinal-tapes.com\/wp-content\/uploads\/Advance-Tapes_AT0008_Group.jpg","width":600,"height":600},{"@type":"BreadcrumbList","@id":"https:\/\/cardinal-tapes.com\/fr\/rubans-adh\u00e9sifs\/rubans-adhesifs-simple-face\/film-pvc\/bande-de-marquage-au-sol-at8\/#breadcrumb","itemListElement":[{"@type":"ListItem","position":1,"name":"Startseite","item":"https:\/\/cardinal-tapes.com\/fr\/accueil\/"},{"@type":"ListItem","position":2,"name":"Rubans adh\u00e9sifs","item":"https:\/\/cardinal-tapes.com\/fr\/rubans-adhesifs-fr\/"},{"@type":"ListItem","position":3,"name":"Einseitige Klebeb\u00e4nder","item":"https:\/\/cardinal-tapes.com\/kategorie\/einseitige-klebebaender\/"},{"@type":"ListItem","position":4,"name":"AT8 Bande de marquage au sol"}]},{"@type":"WebSite","@id":"https:\/\/cardinal-tapes.com\/#website","url":"https:\/\/cardinal-tapes.com\/","name":"cardinal TAPES","description":"Klebetechnik aus Wuppertal","potentialAction":[{"@type":"SearchAction","target":{"@type":"EntryPoint","urlTemplate":"https:\/\/cardinal-tapes.com\/?s={search_term_string}"},"query-input":{"@type":"PropertyValueSpecification","valueRequired":true,"valueName":"search_term_string"}}],"inLanguage":"fr-FR"}]}},"brands":[{"id":2328,"name":"Advance Tapes","slug":"advance-tapes-fr"}],"_links":{"self":[{"href":"https:\/\/cardinal-tapes.com\/fr\/wp-json\/wp\/v2\/product\/41774","targetHints":{"allow":["GET"]}}],"collection":[{"href":"https:\/\/cardinal-tapes.com\/fr\/wp-json\/wp\/v2\/product"}],"about":[{"href":"https:\/\/cardinal-tapes.com\/fr\/wp-json\/wp\/v2\/types\/product"}],"wp:featuredmedia":[{"embeddable":true,"href":"https:\/\/cardinal-tapes.com\/fr\/wp-json\/wp\/v2\/media\/28616"}],"wp:attachment":[{"href":"https:\/\/cardinal-tapes.com\/fr\/wp-json\/wp\/v2\/media?parent=41774"}],"wp:term":[{"taxonomy":"pwb-brand","embeddable":true,"href":"https:\/\/cardinal-tapes.com\/fr\/wp-json\/wp\/v2\/pwb-brand?post=41774"},{"taxonomy":"product_brand","embeddable":true,"href":"https:\/\/cardinal-tapes.com\/fr\/wp-json\/wp\/v2\/product_brand?post=41774"},{"taxonomy":"product_cat","embeddable":true,"href":"https:\/\/cardinal-tapes.com\/fr\/wp-json\/wp\/v2\/product_cat?post=41774"},{"taxonomy":"product_tag","embeddable":true,"href":"https:\/\/cardinal-tapes.com\/fr\/wp-json\/wp\/v2\/product_tag?post=41774"}],"curies":[{"name":"wp","href":"https:\/\/api.w.org\/{rel}","templated":true}]}}