{"id":41254,"date":"2021-06-15T11:38:30","date_gmt":"2023-06-05T14:56:08","guid":{"rendered":"https:\/\/cardinal.pixel-tal.de\/klebebaender\/non class\u00e9\/norseal-4031-mousse-pvc\/"},"modified":"2023-06-05T16:56:08","modified_gmt":"2023-06-05T14:56:08","slug":"norseal-4031-pvc-schaum","status":"publish","type":"product","link":"https:\/\/cardinal-tapes.com\/fr\/rubans-adh\u00e9sifs\/domaines-dapplication\/construction-de-machines\/norseal-4031-pvc-schaum\/","title":{"rendered":"Norseal\u00ae 4031 Mousse PVC"},"content":{"rendered":"<div>Le Norseal\u00ae 4031 est une mousse de PVC \u00e0 cellules ferm\u00e9es de densit\u00e9 moyenne.<\/div>\n<div><\/div>\n<div>\n<div class=\"page\" data-page-number=\"1\" data-loaded=\"true\">\n<div class=\"textLayer\">\n<div>Le Norseal 4031 a \u00e9t\u00e9 sp\u00e9cialement con\u00e7u pour travailler avec des \u00e9l\u00e9ments de fixation m\u00e9caniques.<br \/>\nCette mousse unique r\u00e9siste aux torsions dues au per\u00e7age, au rivetage ou \u00e0 d&#8217;autres travaux de fixation, ce qui la rend id\u00e9ale pour les assemblages m\u00e9tal\/m\u00e9tal. Pour garantir une \u00e9tanch\u00e9it\u00e9 ad\u00e9quate, la mousse doit \u00eatre comprim\u00e9e d&#8217;au moins 30% dans le joint final. Une fois appliqu\u00e9e, la mousse peut compenser les mouvements normaux du joint dus \u00e0 la dilatation thermique volumique ou aux influences environnementales.<\/div>\n<div><\/div>\n<div>Norseal est une mousse d&#8217;\u00e9tanch\u00e9it\u00e9 adh\u00e9sive sur une face avec un adh\u00e9sif acrylique soluble dans l&#8217;eau et doit donc \u00eatre appliqu\u00e9e sur des surfaces propres et s\u00e8ches.<\/div>\n<div>La colle maintient le joint en place.<\/div>\n<div><\/div>\n<div><strong>Version ignifug\u00e9e<\/strong><\/div>\n<div>La mousse Norseal 4031 est certifi\u00e9e B1 (DIN 4102-01, 05\/98).<\/div>\n<div class=\"endOfContent\"><\/div>\n<\/div>\n<\/div>\n<div class=\"page\" data-page-number=\"2\" data-loaded=\"true\">\n<div class=\"canvasWrapper\"><\/div>\n<div class=\"textLayer\"><\/div>\n<\/div>\n<\/div>\n","protected":false},"excerpt":{"rendered":"<p>Le Norseal\u00ae 4031 est une mousse de PVC \u00e0 cellules ferm\u00e9es de densit\u00e9 moyenne. Le Norseal 4031 a \u00e9t\u00e9 sp\u00e9cialement con\u00e7u pour travailler avec des \u00e9l\u00e9ments de fixation m\u00e9caniques. Cette mousse unique r\u00e9siste aux torsions dues au per\u00e7age, au rivetage ou \u00e0 d&#8217;autres travaux de fixation, ce qui la rend id\u00e9ale pour les assemblages m\u00e9tal\/m\u00e9tal. [&hellip;]<\/p>\n","protected":false},"featured_media":28680,"template":"","meta":{"_acf_changed":false},"pwb-brand":[3635,2330],"product_brand":[],"product_cat":[1741,1836],"product_tag":[],"class_list":{"0":"post-41254","1":"product","2":"type-product","3":"status-publish","4":"has-post-thumbnail","6":"pwb-brand-saint-gobain-performance-plastics-norseal-fr","7":"pwb-brand-saint-gobain-fr","8":"product_cat-construction-de-machines","9":"product_cat-rubans-adhesifs-simple-face","11":"first","12":"instock","13":"taxable","14":"shipping-taxable","15":"product-type-variable"},"acf":[],"yoast_head":"<!-- This site is optimized with the Yoast SEO plugin v27.3 - https:\/\/yoast.com\/product\/yoast-seo-wordpress\/ -->\n<title>Norseal\u00ae 4031 PVC expans\u00e9 | Cardinal TAPES<\/title>\n<meta name=\"description\" content=\"Le Norseal\u00ae 4031 est une mousse de PVC \u00e0 cellules ferm\u00e9es de densit\u00e9 moyenne.\" \/>\n<meta name=\"robots\" content=\"index, follow, max-snippet:-1, max-image-preview:large, max-video-preview:-1\" \/>\n<link rel=\"canonical\" href=\"https:\/\/cardinal-tapes.com\/fr\/rubans-adh\u00e9sifs\/construction-de-machines\/norseal-4031-pvc-schaum\/\" \/>\n<meta property=\"og:locale\" content=\"fr_FR\" \/>\n<meta property=\"og:type\" content=\"article\" \/>\n<meta property=\"og:title\" content=\"Norseal\u00ae 4031 PVC expans\u00e9 | Cardinal TAPES\" \/>\n<meta property=\"og:description\" content=\"Le Norseal\u00ae 4031 est une mousse de PVC \u00e0 cellules ferm\u00e9es de densit\u00e9 moyenne.\" \/>\n<meta property=\"og:url\" content=\"https:\/\/cardinal-tapes.com\/fr\/rubans-adh\u00e9sifs\/construction-de-machines\/norseal-4031-pvc-schaum\/\" \/>\n<meta property=\"og:site_name\" content=\"cardinal TAPES\" \/>\n<meta property=\"og:image\" content=\"https:\/\/cardinal-tapes.com\/wp-content\/uploads\/Norseal-PVC-Black-A_153127.png\" \/>\n\t<meta property=\"og:image:width\" content=\"415\" \/>\n\t<meta property=\"og:image:height\" content=\"415\" \/>\n\t<meta property=\"og:image:type\" content=\"image\/png\" \/>\n<meta name=\"twitter:card\" content=\"summary_large_image\" \/>\n<meta name=\"twitter:label1\" content=\"Dur\u00e9e de lecture estim\u00e9e\" \/>\n\t<meta name=\"twitter:data1\" content=\"1 minute\" \/>\n<script type=\"application\/ld+json\" class=\"yoast-schema-graph\">{\"@context\":\"https:\\\/\\\/schema.org\",\"@graph\":[{\"@type\":\"WebPage\",\"@id\":\"https:\\\/\\\/cardinal-tapes.com\\\/fr\\\/rubans-adh\u00e9sifs\\\/construction-de-machines\\\/norseal-4031-pvc-schaum\\\/\",\"url\":\"https:\\\/\\\/cardinal-tapes.com\\\/fr\\\/rubans-adh\u00e9sifs\\\/construction-de-machines\\\/norseal-4031-pvc-schaum\\\/\",\"name\":\"Norseal\u00ae 4031 PVC expans\u00e9 | Cardinal TAPES\",\"isPartOf\":{\"@id\":\"https:\\\/\\\/cardinal-tapes.com\\\/#website\"},\"primaryImageOfPage\":{\"@id\":\"https:\\\/\\\/cardinal-tapes.com\\\/fr\\\/rubans-adh\u00e9sifs\\\/construction-de-machines\\\/norseal-4031-pvc-schaum\\\/#primaryimage\"},\"image\":{\"@id\":\"https:\\\/\\\/cardinal-tapes.com\\\/fr\\\/rubans-adh\u00e9sifs\\\/construction-de-machines\\\/norseal-4031-pvc-schaum\\\/#primaryimage\"},\"thumbnailUrl\":\"https:\\\/\\\/cardinal-tapes.com\\\/wp-content\\\/uploads\\\/Norseal-PVC-Black-A_153127.png\",\"datePublished\":\"2023-06-05T14:56:08+00:00\",\"description\":\"Le Norseal\u00ae 4031 est une mousse de PVC \u00e0 cellules ferm\u00e9es de densit\u00e9 moyenne.\",\"breadcrumb\":{\"@id\":\"https:\\\/\\\/cardinal-tapes.com\\\/fr\\\/rubans-adh\u00e9sifs\\\/construction-de-machines\\\/norseal-4031-pvc-schaum\\\/#breadcrumb\"},\"inLanguage\":\"fr-FR\",\"potentialAction\":[{\"@type\":\"ReadAction\",\"target\":[\"https:\\\/\\\/cardinal-tapes.com\\\/fr\\\/rubans-adh\u00e9sifs\\\/construction-de-machines\\\/norseal-4031-pvc-schaum\\\/\"]}]},{\"@type\":\"ImageObject\",\"inLanguage\":\"fr-FR\",\"@id\":\"https:\\\/\\\/cardinal-tapes.com\\\/fr\\\/rubans-adh\u00e9sifs\\\/construction-de-machines\\\/norseal-4031-pvc-schaum\\\/#primaryimage\",\"url\":\"https:\\\/\\\/cardinal-tapes.com\\\/wp-content\\\/uploads\\\/Norseal-PVC-Black-A_153127.png\",\"contentUrl\":\"https:\\\/\\\/cardinal-tapes.com\\\/wp-content\\\/uploads\\\/Norseal-PVC-Black-A_153127.png\",\"width\":415,\"height\":415},{\"@type\":\"BreadcrumbList\",\"@id\":\"https:\\\/\\\/cardinal-tapes.com\\\/fr\\\/rubans-adh\u00e9sifs\\\/construction-de-machines\\\/norseal-4031-pvc-schaum\\\/#breadcrumb\",\"itemListElement\":[{\"@type\":\"ListItem\",\"position\":1,\"name\":\"Startseite\",\"item\":\"https:\\\/\\\/cardinal-tapes.com\\\/fr\\\/accueil\\\/\"},{\"@type\":\"ListItem\",\"position\":2,\"name\":\"Rubans adh\u00e9sifs\",\"item\":\"https:\\\/\\\/cardinal-tapes.com\\\/fr\\\/rubans-adhesifs-fr\\\/\"},{\"@type\":\"ListItem\",\"position\":3,\"name\":\"Construction de machines\",\"item\":\"https:\\\/\\\/cardinal-tapes.com\\\/fr\\\/catgorie\\\/construction-de-machines\\\/\"},{\"@type\":\"ListItem\",\"position\":4,\"name\":\"Norseal\u00ae 4031 Mousse PVC\"}]},{\"@type\":\"WebSite\",\"@id\":\"https:\\\/\\\/cardinal-tapes.com\\\/#website\",\"url\":\"https:\\\/\\\/cardinal-tapes.com\\\/\",\"name\":\"cardinal TAPES\",\"description\":\"Klebetechnik aus Wuppertal\",\"potentialAction\":[{\"@type\":\"SearchAction\",\"target\":{\"@type\":\"EntryPoint\",\"urlTemplate\":\"https:\\\/\\\/cardinal-tapes.com\\\/?s={search_term_string}\"},\"query-input\":{\"@type\":\"PropertyValueSpecification\",\"valueRequired\":true,\"valueName\":\"search_term_string\"}}],\"inLanguage\":\"fr-FR\"}]}<\/script>\n<!-- \/ Yoast SEO plugin. -->","yoast_head_json":{"title":"Norseal\u00ae 4031 PVC expans\u00e9 | Cardinal TAPES","description":"Le Norseal\u00ae 4031 est une mousse de PVC \u00e0 cellules ferm\u00e9es de densit\u00e9 moyenne.","robots":{"index":"index","follow":"follow","max-snippet":"max-snippet:-1","max-image-preview":"max-image-preview:large","max-video-preview":"max-video-preview:-1"},"canonical":"https:\/\/cardinal-tapes.com\/fr\/rubans-adh\u00e9sifs\/construction-de-machines\/norseal-4031-pvc-schaum\/","og_locale":"fr_FR","og_type":"article","og_title":"Norseal\u00ae 4031 PVC expans\u00e9 | Cardinal TAPES","og_description":"Le Norseal\u00ae 4031 est une mousse de PVC \u00e0 cellules ferm\u00e9es de densit\u00e9 moyenne.","og_url":"https:\/\/cardinal-tapes.com\/fr\/rubans-adh\u00e9sifs\/construction-de-machines\/norseal-4031-pvc-schaum\/","og_site_name":"cardinal TAPES","og_image":[{"width":415,"height":415,"url":"https:\/\/cardinal-tapes.com\/wp-content\/uploads\/Norseal-PVC-Black-A_153127.png","type":"image\/png"}],"twitter_card":"summary_large_image","twitter_misc":{"Dur\u00e9e de lecture estim\u00e9e":"1 minute"},"schema":{"@context":"https:\/\/schema.org","@graph":[{"@type":"WebPage","@id":"https:\/\/cardinal-tapes.com\/fr\/rubans-adh\u00e9sifs\/construction-de-machines\/norseal-4031-pvc-schaum\/","url":"https:\/\/cardinal-tapes.com\/fr\/rubans-adh\u00e9sifs\/construction-de-machines\/norseal-4031-pvc-schaum\/","name":"Norseal\u00ae 4031 PVC expans\u00e9 | Cardinal TAPES","isPartOf":{"@id":"https:\/\/cardinal-tapes.com\/#website"},"primaryImageOfPage":{"@id":"https:\/\/cardinal-tapes.com\/fr\/rubans-adh\u00e9sifs\/construction-de-machines\/norseal-4031-pvc-schaum\/#primaryimage"},"image":{"@id":"https:\/\/cardinal-tapes.com\/fr\/rubans-adh\u00e9sifs\/construction-de-machines\/norseal-4031-pvc-schaum\/#primaryimage"},"thumbnailUrl":"https:\/\/cardinal-tapes.com\/wp-content\/uploads\/Norseal-PVC-Black-A_153127.png","datePublished":"2023-06-05T14:56:08+00:00","description":"Le Norseal\u00ae 4031 est une mousse de PVC \u00e0 cellules ferm\u00e9es de densit\u00e9 moyenne.","breadcrumb":{"@id":"https:\/\/cardinal-tapes.com\/fr\/rubans-adh\u00e9sifs\/construction-de-machines\/norseal-4031-pvc-schaum\/#breadcrumb"},"inLanguage":"fr-FR","potentialAction":[{"@type":"ReadAction","target":["https:\/\/cardinal-tapes.com\/fr\/rubans-adh\u00e9sifs\/construction-de-machines\/norseal-4031-pvc-schaum\/"]}]},{"@type":"ImageObject","inLanguage":"fr-FR","@id":"https:\/\/cardinal-tapes.com\/fr\/rubans-adh\u00e9sifs\/construction-de-machines\/norseal-4031-pvc-schaum\/#primaryimage","url":"https:\/\/cardinal-tapes.com\/wp-content\/uploads\/Norseal-PVC-Black-A_153127.png","contentUrl":"https:\/\/cardinal-tapes.com\/wp-content\/uploads\/Norseal-PVC-Black-A_153127.png","width":415,"height":415},{"@type":"BreadcrumbList","@id":"https:\/\/cardinal-tapes.com\/fr\/rubans-adh\u00e9sifs\/construction-de-machines\/norseal-4031-pvc-schaum\/#breadcrumb","itemListElement":[{"@type":"ListItem","position":1,"name":"Startseite","item":"https:\/\/cardinal-tapes.com\/fr\/accueil\/"},{"@type":"ListItem","position":2,"name":"Rubans adh\u00e9sifs","item":"https:\/\/cardinal-tapes.com\/fr\/rubans-adhesifs-fr\/"},{"@type":"ListItem","position":3,"name":"Construction de machines","item":"https:\/\/cardinal-tapes.com\/fr\/catgorie\/construction-de-machines\/"},{"@type":"ListItem","position":4,"name":"Norseal\u00ae 4031 Mousse PVC"}]},{"@type":"WebSite","@id":"https:\/\/cardinal-tapes.com\/#website","url":"https:\/\/cardinal-tapes.com\/","name":"cardinal TAPES","description":"Klebetechnik aus Wuppertal","potentialAction":[{"@type":"SearchAction","target":{"@type":"EntryPoint","urlTemplate":"https:\/\/cardinal-tapes.com\/?s={search_term_string}"},"query-input":{"@type":"PropertyValueSpecification","valueRequired":true,"valueName":"search_term_string"}}],"inLanguage":"fr-FR"}]}},"brands":[{"id":3635,"name":"Saint-Gobain Norseal","slug":"saint-gobain-performance-plastics-norseal-fr"},{"id":2330,"name":"Saint-Gobain Performance Plastics","slug":"saint-gobain-fr"}],"_links":{"self":[{"href":"https:\/\/cardinal-tapes.com\/fr\/wp-json\/wp\/v2\/product\/41254","targetHints":{"allow":["GET"]}}],"collection":[{"href":"https:\/\/cardinal-tapes.com\/fr\/wp-json\/wp\/v2\/product"}],"about":[{"href":"https:\/\/cardinal-tapes.com\/fr\/wp-json\/wp\/v2\/types\/product"}],"wp:featuredmedia":[{"embeddable":true,"href":"https:\/\/cardinal-tapes.com\/fr\/wp-json\/wp\/v2\/media\/28680"}],"wp:attachment":[{"href":"https:\/\/cardinal-tapes.com\/fr\/wp-json\/wp\/v2\/media?parent=41254"}],"wp:term":[{"taxonomy":"pwb-brand","embeddable":true,"href":"https:\/\/cardinal-tapes.com\/fr\/wp-json\/wp\/v2\/pwb-brand?post=41254"},{"taxonomy":"product_brand","embeddable":true,"href":"https:\/\/cardinal-tapes.com\/fr\/wp-json\/wp\/v2\/product_brand?post=41254"},{"taxonomy":"product_cat","embeddable":true,"href":"https:\/\/cardinal-tapes.com\/fr\/wp-json\/wp\/v2\/product_cat?post=41254"},{"taxonomy":"product_tag","embeddable":true,"href":"https:\/\/cardinal-tapes.com\/fr\/wp-json\/wp\/v2\/product_tag?post=41254"}],"curies":[{"name":"wp","href":"https:\/\/api.w.org\/{rel}","templated":true}]}}