{"id":41251,"date":"2021-02-22T17:05:18","date_gmt":"2023-06-05T14:56:08","guid":{"rendered":"https:\/\/cardinal.pixel-tal.de\/klebebaender\/non class\u00e9\/systeme-de-bande-adhesive-relink-1300\/"},"modified":"2023-06-05T16:56:08","modified_gmt":"2023-06-05T14:56:08","slug":"systeme-de-bande-adhesive-relink-1300","status":"publish","type":"product","link":"https:\/\/cardinal-tapes.com\/fr\/rubans-adh\u00e9sifs\/rubans-adhesifs-double-face\/systeme-de-bande-adhesive-relink-1300\/","title":{"rendered":"Syst\u00e8me de bande adh\u00e9sive ReLink 1300"},"content":{"rendered":"<p><strong><span style=\"color: #0000ff;\"><span style=\"color: #000080;\">ReLink 1300 est un syst\u00e8me de bande adh\u00e9sive avec deux faces \u00e0 adh\u00e9rence diff\u00e9rente.<\/span><\/span><\/strong><\/p>\n<div>\n<div class=\"page\" title=\"Page 1\">\n<div class=\"section\">\n<div class=\"layoutArea\">\n<div class=\"column\">\n<div class=\"page\" title=\"Page 1\">\n<div class=\"section\">\n<div class=\"layoutArea\">\n<div class=\"column\">\n<p>M\u00eame pour les collages de longue dur\u00e9e, la face adh\u00e9sive faiblement adh\u00e9rente garantit un d\u00e9collement sans r\u00e9sidus, tandis que la face adh\u00e9sive fortement adh\u00e9rente garantit une adh\u00e9rence optimale sur les surfaces lisses.<\/p>\n<\/div>\n<\/div>\n<\/div>\n<\/div>\n<\/div>\n<\/div>\n<\/div>\n<\/div>\n<\/div>\n","protected":false},"excerpt":{"rendered":"<p>ReLink 1300 est un syst\u00e8me de bande adh\u00e9sive avec deux faces \u00e0 adh\u00e9rence diff\u00e9rente. M\u00eame pour les collages de longue dur\u00e9e, la face adh\u00e9sive faiblement adh\u00e9rente garantit un d\u00e9collement sans r\u00e9sidus, tandis que la face adh\u00e9sive fortement adh\u00e9rente garantit une adh\u00e9rence optimale sur les surfaces lisses.<\/p>\n","protected":false},"featured_media":0,"template":"","meta":{"_acf_changed":false},"pwb-brand":[2270,2330],"product_brand":[],"product_cat":[1834],"product_tag":[],"class_list":{"0":"post-41251","1":"product","2":"type-product","3":"status-publish","5":"pwb-brand-biolink-fr","6":"pwb-brand-saint-gobain-fr","7":"product_cat-rubans-adhesifs-double-face","9":"first","10":"instock","11":"taxable","12":"shipping-taxable","13":"product-type-variable"},"acf":[],"yoast_head":"<!-- This site is optimized with the Yoast SEO plugin v27.3 - https:\/\/yoast.com\/product\/yoast-seo-wordpress\/ -->\n<title>Syst\u00e8me de bande adh\u00e9sive ReLink 1300 | Cardinal TAPES<\/title>\n<meta name=\"description\" content=\"M\u00eame pour les collages de longue dur\u00e9e, la face adh\u00e9sive faiblement adh\u00e9rente garantit un d\u00e9collement sans r\u00e9sidus, tandis que la face adh\u00e9sive fortement adh\u00e9rente garantit une adh\u00e9rence optimale sur les surfaces lisses.\" \/>\n<meta name=\"robots\" content=\"index, follow, max-snippet:-1, max-image-preview:large, max-video-preview:-1\" \/>\n<link rel=\"canonical\" href=\"https:\/\/cardinal-tapes.com\/fr\/rubans-adh\u00e9sifs\/rubans-adhesifs-double-face\/systeme-de-bande-adhesive-relink-1300\/\" \/>\n<meta property=\"og:locale\" content=\"fr_FR\" \/>\n<meta property=\"og:type\" content=\"article\" \/>\n<meta property=\"og:title\" content=\"Syst\u00e8me de bande adh\u00e9sive ReLink 1300 | Cardinal TAPES\" \/>\n<meta property=\"og:description\" content=\"M\u00eame pour les collages de longue dur\u00e9e, la face adh\u00e9sive faiblement adh\u00e9rente garantit un d\u00e9collement sans r\u00e9sidus, tandis que la face adh\u00e9sive fortement adh\u00e9rente garantit une adh\u00e9rence optimale sur les surfaces lisses.\" \/>\n<meta property=\"og:url\" content=\"https:\/\/cardinal-tapes.com\/fr\/rubans-adh\u00e9sifs\/rubans-adhesifs-double-face\/systeme-de-bande-adhesive-relink-1300\/\" \/>\n<meta property=\"og:site_name\" content=\"cardinal TAPES\" \/>\n<meta name=\"twitter:card\" content=\"summary_large_image\" \/>\n<script type=\"application\/ld+json\" class=\"yoast-schema-graph\">{\"@context\":\"https:\\\/\\\/schema.org\",\"@graph\":[{\"@type\":\"WebPage\",\"@id\":\"https:\\\/\\\/cardinal-tapes.com\\\/fr\\\/rubans-adh\u00e9sifs\\\/rubans-adhesifs-double-face\\\/systeme-de-bande-adhesive-relink-1300\\\/\",\"url\":\"https:\\\/\\\/cardinal-tapes.com\\\/fr\\\/rubans-adh\u00e9sifs\\\/rubans-adhesifs-double-face\\\/systeme-de-bande-adhesive-relink-1300\\\/\",\"name\":\"Syst\u00e8me de bande adh\u00e9sive ReLink 1300 | Cardinal TAPES\",\"isPartOf\":{\"@id\":\"https:\\\/\\\/cardinal-tapes.com\\\/#website\"},\"datePublished\":\"2023-06-05T14:56:08+00:00\",\"description\":\"M\u00eame pour les collages de longue dur\u00e9e, la face adh\u00e9sive faiblement adh\u00e9rente garantit un d\u00e9collement sans r\u00e9sidus, tandis que la face adh\u00e9sive fortement adh\u00e9rente garantit une adh\u00e9rence optimale sur les surfaces lisses.\",\"breadcrumb\":{\"@id\":\"https:\\\/\\\/cardinal-tapes.com\\\/fr\\\/rubans-adh\u00e9sifs\\\/rubans-adhesifs-double-face\\\/systeme-de-bande-adhesive-relink-1300\\\/#breadcrumb\"},\"inLanguage\":\"fr-FR\",\"potentialAction\":[{\"@type\":\"ReadAction\",\"target\":[\"https:\\\/\\\/cardinal-tapes.com\\\/fr\\\/rubans-adh\u00e9sifs\\\/rubans-adhesifs-double-face\\\/systeme-de-bande-adhesive-relink-1300\\\/\"]}]},{\"@type\":\"BreadcrumbList\",\"@id\":\"https:\\\/\\\/cardinal-tapes.com\\\/fr\\\/rubans-adh\u00e9sifs\\\/rubans-adhesifs-double-face\\\/systeme-de-bande-adhesive-relink-1300\\\/#breadcrumb\",\"itemListElement\":[{\"@type\":\"ListItem\",\"position\":1,\"name\":\"Startseite\",\"item\":\"https:\\\/\\\/cardinal-tapes.com\\\/fr\\\/accueil\\\/\"},{\"@type\":\"ListItem\",\"position\":2,\"name\":\"Rubans adh\u00e9sifs\",\"item\":\"https:\\\/\\\/cardinal-tapes.com\\\/fr\\\/rubans-adhesifs-fr\\\/\"},{\"@type\":\"ListItem\",\"position\":3,\"name\":\"Rubans adh\u00e9sifs double face\",\"item\":\"https:\\\/\\\/cardinal-tapes.com\\\/fr\\\/catgorie\\\/rubans-adhesifs-double-face\\\/\"},{\"@type\":\"ListItem\",\"position\":4,\"name\":\"Syst\u00e8me de bande adh\u00e9sive ReLink 1300\"}]},{\"@type\":\"WebSite\",\"@id\":\"https:\\\/\\\/cardinal-tapes.com\\\/#website\",\"url\":\"https:\\\/\\\/cardinal-tapes.com\\\/\",\"name\":\"cardinal TAPES\",\"description\":\"Klebetechnik aus Wuppertal\",\"potentialAction\":[{\"@type\":\"SearchAction\",\"target\":{\"@type\":\"EntryPoint\",\"urlTemplate\":\"https:\\\/\\\/cardinal-tapes.com\\\/?s={search_term_string}\"},\"query-input\":{\"@type\":\"PropertyValueSpecification\",\"valueRequired\":true,\"valueName\":\"search_term_string\"}}],\"inLanguage\":\"fr-FR\"}]}<\/script>\n<!-- \/ Yoast SEO plugin. -->","yoast_head_json":{"title":"Syst\u00e8me de bande adh\u00e9sive ReLink 1300 | Cardinal TAPES","description":"M\u00eame pour les collages de longue dur\u00e9e, la face adh\u00e9sive faiblement adh\u00e9rente garantit un d\u00e9collement sans r\u00e9sidus, tandis que la face adh\u00e9sive fortement adh\u00e9rente garantit une adh\u00e9rence optimale sur les surfaces lisses.","robots":{"index":"index","follow":"follow","max-snippet":"max-snippet:-1","max-image-preview":"max-image-preview:large","max-video-preview":"max-video-preview:-1"},"canonical":"https:\/\/cardinal-tapes.com\/fr\/rubans-adh\u00e9sifs\/rubans-adhesifs-double-face\/systeme-de-bande-adhesive-relink-1300\/","og_locale":"fr_FR","og_type":"article","og_title":"Syst\u00e8me de bande adh\u00e9sive ReLink 1300 | Cardinal TAPES","og_description":"M\u00eame pour les collages de longue dur\u00e9e, la face adh\u00e9sive faiblement adh\u00e9rente garantit un d\u00e9collement sans r\u00e9sidus, tandis que la face adh\u00e9sive fortement adh\u00e9rente garantit une adh\u00e9rence optimale sur les surfaces lisses.","og_url":"https:\/\/cardinal-tapes.com\/fr\/rubans-adh\u00e9sifs\/rubans-adhesifs-double-face\/systeme-de-bande-adhesive-relink-1300\/","og_site_name":"cardinal TAPES","twitter_card":"summary_large_image","schema":{"@context":"https:\/\/schema.org","@graph":[{"@type":"WebPage","@id":"https:\/\/cardinal-tapes.com\/fr\/rubans-adh\u00e9sifs\/rubans-adhesifs-double-face\/systeme-de-bande-adhesive-relink-1300\/","url":"https:\/\/cardinal-tapes.com\/fr\/rubans-adh\u00e9sifs\/rubans-adhesifs-double-face\/systeme-de-bande-adhesive-relink-1300\/","name":"Syst\u00e8me de bande adh\u00e9sive ReLink 1300 | Cardinal TAPES","isPartOf":{"@id":"https:\/\/cardinal-tapes.com\/#website"},"datePublished":"2023-06-05T14:56:08+00:00","description":"M\u00eame pour les collages de longue dur\u00e9e, la face adh\u00e9sive faiblement adh\u00e9rente garantit un d\u00e9collement sans r\u00e9sidus, tandis que la face adh\u00e9sive fortement adh\u00e9rente garantit une adh\u00e9rence optimale sur les surfaces lisses.","breadcrumb":{"@id":"https:\/\/cardinal-tapes.com\/fr\/rubans-adh\u00e9sifs\/rubans-adhesifs-double-face\/systeme-de-bande-adhesive-relink-1300\/#breadcrumb"},"inLanguage":"fr-FR","potentialAction":[{"@type":"ReadAction","target":["https:\/\/cardinal-tapes.com\/fr\/rubans-adh\u00e9sifs\/rubans-adhesifs-double-face\/systeme-de-bande-adhesive-relink-1300\/"]}]},{"@type":"BreadcrumbList","@id":"https:\/\/cardinal-tapes.com\/fr\/rubans-adh\u00e9sifs\/rubans-adhesifs-double-face\/systeme-de-bande-adhesive-relink-1300\/#breadcrumb","itemListElement":[{"@type":"ListItem","position":1,"name":"Startseite","item":"https:\/\/cardinal-tapes.com\/fr\/accueil\/"},{"@type":"ListItem","position":2,"name":"Rubans adh\u00e9sifs","item":"https:\/\/cardinal-tapes.com\/fr\/rubans-adhesifs-fr\/"},{"@type":"ListItem","position":3,"name":"Rubans adh\u00e9sifs double face","item":"https:\/\/cardinal-tapes.com\/fr\/catgorie\/rubans-adhesifs-double-face\/"},{"@type":"ListItem","position":4,"name":"Syst\u00e8me de bande adh\u00e9sive ReLink 1300"}]},{"@type":"WebSite","@id":"https:\/\/cardinal-tapes.com\/#website","url":"https:\/\/cardinal-tapes.com\/","name":"cardinal TAPES","description":"Klebetechnik aus Wuppertal","potentialAction":[{"@type":"SearchAction","target":{"@type":"EntryPoint","urlTemplate":"https:\/\/cardinal-tapes.com\/?s={search_term_string}"},"query-input":{"@type":"PropertyValueSpecification","valueRequired":true,"valueName":"search_term_string"}}],"inLanguage":"fr-FR"}]}},"brands":[{"id":2270,"name":"Saint-Gobain Biolink","slug":"biolink-fr"},{"id":2330,"name":"Saint-Gobain Performance Plastics","slug":"saint-gobain-fr"}],"_links":{"self":[{"href":"https:\/\/cardinal-tapes.com\/fr\/wp-json\/wp\/v2\/product\/41251","targetHints":{"allow":["GET"]}}],"collection":[{"href":"https:\/\/cardinal-tapes.com\/fr\/wp-json\/wp\/v2\/product"}],"about":[{"href":"https:\/\/cardinal-tapes.com\/fr\/wp-json\/wp\/v2\/types\/product"}],"wp:attachment":[{"href":"https:\/\/cardinal-tapes.com\/fr\/wp-json\/wp\/v2\/media?parent=41251"}],"wp:term":[{"taxonomy":"pwb-brand","embeddable":true,"href":"https:\/\/cardinal-tapes.com\/fr\/wp-json\/wp\/v2\/pwb-brand?post=41251"},{"taxonomy":"product_brand","embeddable":true,"href":"https:\/\/cardinal-tapes.com\/fr\/wp-json\/wp\/v2\/product_brand?post=41251"},{"taxonomy":"product_cat","embeddable":true,"href":"https:\/\/cardinal-tapes.com\/fr\/wp-json\/wp\/v2\/product_cat?post=41251"},{"taxonomy":"product_tag","embeddable":true,"href":"https:\/\/cardinal-tapes.com\/fr\/wp-json\/wp\/v2\/product_tag?post=41251"}],"curies":[{"name":"wp","href":"https:\/\/api.w.org\/{rel}","templated":true}]}}