{"id":41250,"date":"2021-02-22T17:10:41","date_gmt":"2023-06-05T14:56:08","guid":{"rendered":"https:\/\/cardinal.pixel-tal.de\/klebebaender\/non%20class\u00e9\/systeme-de-bande-adhesive-relink-1292\/"},"modified":"2025-07-02T14:15:03","modified_gmt":"2025-07-02T12:15:03","slug":"systeme-de-bande-adhesive-relink-1292","status":"publish","type":"product","link":"https:\/\/cardinal-tapes.com\/fr\/rubans-adh\u00e9sifs\/rubans-adhesifs-simple-face\/systeme-de-bande-adhesive-relink-1292\/","title":{"rendered":"Syst\u00e8me de bande adh\u00e9sive ReLink 1292"},"content":{"rendered":"<p>Saint-Gobain\u00ae Biolink\u00ae relink 1292 est un ruban adh\u00e9sif simple face avec un support transparent en film polyester. L&#8217;adh\u00e9sif repositionnable offre une bonne adh\u00e9rence et une bonne r\u00e9sistance au cisaillement ainsi qu&#8217;une bonne repositionnabilit\u00e9 initiale et peut \u00eatre retir\u00e9 de la plupart des surfaces sans laisser de traces, m\u00eame apr\u00e8s une longue p\u00e9riode.<\/p>\n<p><strong>Propri\u00e9t\u00e9s<\/strong><br \/>\n&#8211; Excellente adh\u00e9rence au substrat<br \/>\n&#8211; S&#8217;enl\u00e8ve sans laisser de traces<br \/>\n&#8211; Excellente r\u00e9sistance au vieillissement, aux intemp\u00e9ries et \u00e0 la temp\u00e9rature<\/p>\n<p><strong>Applications<\/strong><br \/>\n&#8211; Utilisation dans l&#8217;industrie de l&#8217;\u00e9tiquette<br \/>\n&#8211; Collage temporaire dans les domaines les plus divers<br \/>\n&#8211; Film de protection\/aide au processus<\/p>\n","protected":false},"excerpt":{"rendered":"<p>Saint-Gobain\u00ae Biolink\u00ae relink 1292 est un ruban adh\u00e9sif simple face avec un support transparent en film polyester. L&#8217;adh\u00e9sif repositionnable offre une bonne adh\u00e9rence et une bonne r\u00e9sistance au cisaillement ainsi qu&#8217;une bonne repositionnabilit\u00e9 initiale et peut \u00eatre retir\u00e9 de la plupart des surfaces sans laisser de traces, m\u00eame apr\u00e8s une longue p\u00e9riode. Propri\u00e9t\u00e9s &#8211; Excellente [&hellip;]<\/p>\n","protected":false},"featured_media":0,"template":"","meta":{"_acf_changed":false},"pwb-brand":[2270,2330],"product_brand":[],"product_cat":[1836],"product_tag":[],"class_list":{"0":"post-41250","1":"product","2":"type-product","3":"status-publish","5":"pwb-brand-biolink-fr","6":"pwb-brand-saint-gobain-fr","7":"product_cat-rubans-adhesifs-simple-face","9":"first","10":"instock","11":"taxable","12":"shipping-taxable","13":"product-type-variable"},"acf":[],"yoast_head":"<!-- This site is optimized with the Yoast SEO plugin v27.3 - https:\/\/yoast.com\/product\/yoast-seo-wordpress\/ -->\n<title>Syst\u00e8me de bande adh\u00e9sive ReLink 1292 | Cardinal TAPES<\/title>\n<meta name=\"description\" content=\"ReLink 1292 est un ruban adh\u00e9sif simple face \u00e0 faible adh\u00e9rence, qui peut \u00eatre retir\u00e9 de la plupart des surfaces sans laisser de traces, m\u00eame apr\u00e8s une longue p\u00e9riode.\" \/>\n<meta name=\"robots\" content=\"index, follow, max-snippet:-1, max-image-preview:large, max-video-preview:-1\" \/>\n<link rel=\"canonical\" href=\"https:\/\/cardinal-tapes.com\/fr\/rubans-adh\u00e9sifs\/rubans-adhesifs-simple-face\/systeme-de-bande-adhesive-relink-1292\/\" \/>\n<meta property=\"og:locale\" content=\"fr_FR\" \/>\n<meta property=\"og:type\" content=\"article\" \/>\n<meta property=\"og:title\" content=\"Syst\u00e8me de bande adh\u00e9sive ReLink 1292 | Cardinal TAPES\" \/>\n<meta property=\"og:description\" content=\"ReLink 1292 est un ruban adh\u00e9sif simple face \u00e0 faible adh\u00e9rence, qui peut \u00eatre retir\u00e9 de la plupart des surfaces sans laisser de traces, m\u00eame apr\u00e8s une longue p\u00e9riode.\" \/>\n<meta property=\"og:url\" content=\"https:\/\/cardinal-tapes.com\/fr\/rubans-adh\u00e9sifs\/rubans-adhesifs-simple-face\/systeme-de-bande-adhesive-relink-1292\/\" \/>\n<meta property=\"og:site_name\" content=\"cardinal TAPES\" \/>\n<meta property=\"article:modified_time\" content=\"2025-07-02T12:15:03+00:00\" \/>\n<meta name=\"twitter:card\" content=\"summary_large_image\" \/>\n<meta name=\"twitter:label1\" content=\"Dur\u00e9e de lecture estim\u00e9e\" \/>\n\t<meta name=\"twitter:data1\" content=\"1 minute\" \/>\n<script type=\"application\/ld+json\" class=\"yoast-schema-graph\">{\"@context\":\"https:\\\/\\\/schema.org\",\"@graph\":[{\"@type\":\"WebPage\",\"@id\":\"https:\\\/\\\/cardinal-tapes.com\\\/fr\\\/rubans-adh\u00e9sifs\\\/rubans-adhesifs-simple-face\\\/systeme-de-bande-adhesive-relink-1292\\\/\",\"url\":\"https:\\\/\\\/cardinal-tapes.com\\\/fr\\\/rubans-adh\u00e9sifs\\\/rubans-adhesifs-simple-face\\\/systeme-de-bande-adhesive-relink-1292\\\/\",\"name\":\"Syst\u00e8me de bande adh\u00e9sive ReLink 1292 | Cardinal TAPES\",\"isPartOf\":{\"@id\":\"https:\\\/\\\/cardinal-tapes.com\\\/#website\"},\"datePublished\":\"2023-06-05T14:56:08+00:00\",\"dateModified\":\"2025-07-02T12:15:03+00:00\",\"description\":\"ReLink 1292 est un ruban adh\u00e9sif simple face \u00e0 faible adh\u00e9rence, qui peut \u00eatre retir\u00e9 de la plupart des surfaces sans laisser de traces, m\u00eame apr\u00e8s une longue p\u00e9riode.\",\"breadcrumb\":{\"@id\":\"https:\\\/\\\/cardinal-tapes.com\\\/fr\\\/rubans-adh\u00e9sifs\\\/rubans-adhesifs-simple-face\\\/systeme-de-bande-adhesive-relink-1292\\\/#breadcrumb\"},\"inLanguage\":\"fr-FR\",\"potentialAction\":[{\"@type\":\"ReadAction\",\"target\":[\"https:\\\/\\\/cardinal-tapes.com\\\/fr\\\/rubans-adh\u00e9sifs\\\/rubans-adhesifs-simple-face\\\/systeme-de-bande-adhesive-relink-1292\\\/\"]}]},{\"@type\":\"BreadcrumbList\",\"@id\":\"https:\\\/\\\/cardinal-tapes.com\\\/fr\\\/rubans-adh\u00e9sifs\\\/rubans-adhesifs-simple-face\\\/systeme-de-bande-adhesive-relink-1292\\\/#breadcrumb\",\"itemListElement\":[{\"@type\":\"ListItem\",\"position\":1,\"name\":\"Startseite\",\"item\":\"https:\\\/\\\/cardinal-tapes.com\\\/fr\\\/accueil\\\/\"},{\"@type\":\"ListItem\",\"position\":2,\"name\":\"Rubans adh\u00e9sifs\",\"item\":\"https:\\\/\\\/cardinal-tapes.com\\\/fr\\\/rubans-adhesifs-fr\\\/\"},{\"@type\":\"ListItem\",\"position\":3,\"name\":\"Einseitige Klebeb\u00e4nder\",\"item\":\"https:\\\/\\\/cardinal-tapes.com\\\/kategorie\\\/einseitige-klebebaender\\\/\"},{\"@type\":\"ListItem\",\"position\":4,\"name\":\"Syst\u00e8me de bande adh\u00e9sive ReLink 1292\"}]},{\"@type\":\"WebSite\",\"@id\":\"https:\\\/\\\/cardinal-tapes.com\\\/#website\",\"url\":\"https:\\\/\\\/cardinal-tapes.com\\\/\",\"name\":\"cardinal TAPES\",\"description\":\"Klebetechnik aus Wuppertal\",\"potentialAction\":[{\"@type\":\"SearchAction\",\"target\":{\"@type\":\"EntryPoint\",\"urlTemplate\":\"https:\\\/\\\/cardinal-tapes.com\\\/?s={search_term_string}\"},\"query-input\":{\"@type\":\"PropertyValueSpecification\",\"valueRequired\":true,\"valueName\":\"search_term_string\"}}],\"inLanguage\":\"fr-FR\"}]}<\/script>\n<!-- \/ Yoast SEO plugin. -->","yoast_head_json":{"title":"Syst\u00e8me de bande adh\u00e9sive ReLink 1292 | Cardinal TAPES","description":"ReLink 1292 est un ruban adh\u00e9sif simple face \u00e0 faible adh\u00e9rence, qui peut \u00eatre retir\u00e9 de la plupart des surfaces sans laisser de traces, m\u00eame apr\u00e8s une longue p\u00e9riode.","robots":{"index":"index","follow":"follow","max-snippet":"max-snippet:-1","max-image-preview":"max-image-preview:large","max-video-preview":"max-video-preview:-1"},"canonical":"https:\/\/cardinal-tapes.com\/fr\/rubans-adh\u00e9sifs\/rubans-adhesifs-simple-face\/systeme-de-bande-adhesive-relink-1292\/","og_locale":"fr_FR","og_type":"article","og_title":"Syst\u00e8me de bande adh\u00e9sive ReLink 1292 | Cardinal TAPES","og_description":"ReLink 1292 est un ruban adh\u00e9sif simple face \u00e0 faible adh\u00e9rence, qui peut \u00eatre retir\u00e9 de la plupart des surfaces sans laisser de traces, m\u00eame apr\u00e8s une longue p\u00e9riode.","og_url":"https:\/\/cardinal-tapes.com\/fr\/rubans-adh\u00e9sifs\/rubans-adhesifs-simple-face\/systeme-de-bande-adhesive-relink-1292\/","og_site_name":"cardinal TAPES","article_modified_time":"2025-07-02T12:15:03+00:00","twitter_card":"summary_large_image","twitter_misc":{"Dur\u00e9e de lecture estim\u00e9e":"1 minute"},"schema":{"@context":"https:\/\/schema.org","@graph":[{"@type":"WebPage","@id":"https:\/\/cardinal-tapes.com\/fr\/rubans-adh\u00e9sifs\/rubans-adhesifs-simple-face\/systeme-de-bande-adhesive-relink-1292\/","url":"https:\/\/cardinal-tapes.com\/fr\/rubans-adh\u00e9sifs\/rubans-adhesifs-simple-face\/systeme-de-bande-adhesive-relink-1292\/","name":"Syst\u00e8me de bande adh\u00e9sive ReLink 1292 | Cardinal TAPES","isPartOf":{"@id":"https:\/\/cardinal-tapes.com\/#website"},"datePublished":"2023-06-05T14:56:08+00:00","dateModified":"2025-07-02T12:15:03+00:00","description":"ReLink 1292 est un ruban adh\u00e9sif simple face \u00e0 faible adh\u00e9rence, qui peut \u00eatre retir\u00e9 de la plupart des surfaces sans laisser de traces, m\u00eame apr\u00e8s une longue p\u00e9riode.","breadcrumb":{"@id":"https:\/\/cardinal-tapes.com\/fr\/rubans-adh\u00e9sifs\/rubans-adhesifs-simple-face\/systeme-de-bande-adhesive-relink-1292\/#breadcrumb"},"inLanguage":"fr-FR","potentialAction":[{"@type":"ReadAction","target":["https:\/\/cardinal-tapes.com\/fr\/rubans-adh\u00e9sifs\/rubans-adhesifs-simple-face\/systeme-de-bande-adhesive-relink-1292\/"]}]},{"@type":"BreadcrumbList","@id":"https:\/\/cardinal-tapes.com\/fr\/rubans-adh\u00e9sifs\/rubans-adhesifs-simple-face\/systeme-de-bande-adhesive-relink-1292\/#breadcrumb","itemListElement":[{"@type":"ListItem","position":1,"name":"Startseite","item":"https:\/\/cardinal-tapes.com\/fr\/accueil\/"},{"@type":"ListItem","position":2,"name":"Rubans adh\u00e9sifs","item":"https:\/\/cardinal-tapes.com\/fr\/rubans-adhesifs-fr\/"},{"@type":"ListItem","position":3,"name":"Einseitige Klebeb\u00e4nder","item":"https:\/\/cardinal-tapes.com\/kategorie\/einseitige-klebebaender\/"},{"@type":"ListItem","position":4,"name":"Syst\u00e8me de bande adh\u00e9sive ReLink 1292"}]},{"@type":"WebSite","@id":"https:\/\/cardinal-tapes.com\/#website","url":"https:\/\/cardinal-tapes.com\/","name":"cardinal TAPES","description":"Klebetechnik aus Wuppertal","potentialAction":[{"@type":"SearchAction","target":{"@type":"EntryPoint","urlTemplate":"https:\/\/cardinal-tapes.com\/?s={search_term_string}"},"query-input":{"@type":"PropertyValueSpecification","valueRequired":true,"valueName":"search_term_string"}}],"inLanguage":"fr-FR"}]}},"brands":[{"id":2270,"name":"Saint-Gobain Biolink","slug":"biolink-fr"},{"id":2330,"name":"Saint-Gobain Performance Plastics","slug":"saint-gobain-fr"}],"_links":{"self":[{"href":"https:\/\/cardinal-tapes.com\/fr\/wp-json\/wp\/v2\/product\/41250","targetHints":{"allow":["GET"]}}],"collection":[{"href":"https:\/\/cardinal-tapes.com\/fr\/wp-json\/wp\/v2\/product"}],"about":[{"href":"https:\/\/cardinal-tapes.com\/fr\/wp-json\/wp\/v2\/types\/product"}],"wp:attachment":[{"href":"https:\/\/cardinal-tapes.com\/fr\/wp-json\/wp\/v2\/media?parent=41250"}],"wp:term":[{"taxonomy":"pwb-brand","embeddable":true,"href":"https:\/\/cardinal-tapes.com\/fr\/wp-json\/wp\/v2\/pwb-brand?post=41250"},{"taxonomy":"product_brand","embeddable":true,"href":"https:\/\/cardinal-tapes.com\/fr\/wp-json\/wp\/v2\/product_brand?post=41250"},{"taxonomy":"product_cat","embeddable":true,"href":"https:\/\/cardinal-tapes.com\/fr\/wp-json\/wp\/v2\/product_cat?post=41250"},{"taxonomy":"product_tag","embeddable":true,"href":"https:\/\/cardinal-tapes.com\/fr\/wp-json\/wp\/v2\/product_tag?post=41250"}],"curies":[{"name":"wp","href":"https:\/\/api.w.org\/{rel}","templated":true}]}}