{"id":41248,"date":"2021-06-16T11:11:05","date_gmt":"2023-06-05T14:56:08","guid":{"rendered":"https:\/\/cardinal.pixel-tal.de\/klebebaender\/non%20class\u00e9\/tesa-4414-pe-protection-de-surface\/"},"modified":"2025-07-02T12:55:35","modified_gmt":"2025-07-02T10:55:35","slug":"tesa-4414-pe-protection-de-surface","status":"publish","type":"product","link":"https:\/\/cardinal-tapes.com\/fr\/rubans-adh\u00e9sifs\/domaines-dapplication\/production-daluminium-traitement\/tesa-4414-pe-protection-de-surface\/","title":{"rendered":"tesa\u00ae 4414 PE Protection de surface"},"content":{"rendered":"<p><sup>tesa\u00ae<\/sup> 4414 est compos\u00e9 d&#8217;un support PE stabilis\u00e9 aux UV et d&#8217;une masse acrylique fortement adh\u00e9sive et repositionnable. La couleur bleue translucide offre un bon contraste avec les surfaces et facilite la reconnaissance du ruban adh\u00e9sif. L&#8217;excellente stabilit\u00e9 \u00e0 long terme en ext\u00e9rieur, jusqu&#8217;\u00e0 6 mois, permet en outre un d\u00e9collement propre.<\/p>\n<p><strong>Caract\u00e9ristiques<\/strong><br \/>\n&#8211; Grande force d&#8217;adh\u00e9rence initiale<br \/>\n&#8211; Enlevable sans laisser de traces jusqu&#8217;\u00e0 6 mois en ext\u00e9rieur<br \/>\n&#8211; Haute r\u00e9sistance \u00e0 l&#8217;abrasion et protection contre les contraintes m\u00e9caniques<br \/>\n&#8211; Bonne visibilit\u00e9 du ruban adh\u00e9sif gr\u00e2ce \u00e0 la couleur bleue translucide du support<br \/>\n&#8211; R\u00e9sistance thermique jusqu&#8217;\u00e0 70\u00b0C \/ 1 heure<br \/>\n&#8211; Facile \u00e0 utiliser<\/p>\n<p><b>Applications<\/b><br \/>\n&#8211; Pour le masquage et la protection temporaires de surfaces rev\u00eatues telles que l&#8217;aluminium, le m\u00e9tal, le verre et autres substrats<br \/>\nlors de l&#8217;assemblage, du stockage et du transport.<br \/>\n&#8211; Convient aux applications de peinture suivies d&#8217;un s\u00e9chage au four jusqu&#8217;\u00e0 70\u00b0C.<\/p>\n<div style=\"width: 1280px;\" class=\"wp-video\"><video class=\"wp-video-shortcode\" id=\"video-41248-1\" width=\"1280\" height=\"720\" preload=\"metadata\" controls=\"controls\"><source type=\"video\/mp4\" src=\"https:\/\/cardinal-tapes.com\/wp-content\/uploads\/video-4414-final-1920x1080-210421-high-resolution_9024193_73690178.mp4?_=1\" \/><a href=\"https:\/\/cardinal-tapes.com\/wp-content\/uploads\/video-4414-final-1920x1080-210421-high-resolution_9024193_73690178.mp4\">https:\/\/cardinal-tapes.com\/wp-content\/uploads\/video-4414-final-1920x1080-210421-high-resolution_9024193_73690178.mp4<\/a><\/video><\/div>\n","protected":false},"excerpt":{"rendered":"<p>tesa\u00ae 4414 est compos\u00e9 d&#8217;un support PE stabilis\u00e9 aux UV et d&#8217;une masse acrylique fortement adh\u00e9sive et repositionnable. La couleur bleue translucide offre un bon contraste avec les surfaces et facilite la reconnaissance du ruban adh\u00e9sif. L&#8217;excellente stabilit\u00e9 \u00e0 long terme en ext\u00e9rieur, jusqu&#8217;\u00e0 6 mois, permet en outre un d\u00e9collement propre. Caract\u00e9ristiques &#8211; Grande [&hellip;]<\/p>\n","protected":false},"featured_media":28688,"template":"","meta":{"_acf_changed":false},"pwb-brand":[2165],"product_brand":[],"product_cat":[1665,1836],"product_tag":[],"class_list":{"0":"post-41248","1":"product","2":"type-product","3":"status-publish","4":"has-post-thumbnail","6":"pwb-brand-tesa-fr","7":"product_cat-production-daluminium-traitement","8":"product_cat-rubans-adhesifs-simple-face","10":"first","11":"instock","12":"taxable","13":"shipping-taxable","14":"purchasable","15":"product-type-variable"},"acf":[],"yoast_head":"<!-- This site is optimized with the Yoast SEO plugin v27.3 - https:\/\/yoast.com\/product\/yoast-seo-wordpress\/ -->\n<title>tesa\u00ae 4414 PE Protection de surface| Cardinal TAPES<\/title>\n<meta name=\"description\" content=\"tesa\u00ae 4414 est compos\u00e9 d&#039;un support PE stabilis\u00e9 aux UV et d&#039;une masse acrylique fortement adh\u00e9sive et repositionnable.\" \/>\n<meta name=\"robots\" content=\"index, follow, max-snippet:-1, max-image-preview:large, max-video-preview:-1\" \/>\n<link rel=\"canonical\" href=\"https:\/\/cardinal-tapes.com\/fr\/rubans-adh\u00e9sifs\/domaines-dapplication\/production-daluminium-traitement\/tesa-4414-pe-protection-de-surface\/\" \/>\n<meta property=\"og:locale\" content=\"fr_FR\" \/>\n<meta property=\"og:type\" content=\"article\" \/>\n<meta property=\"og:title\" content=\"tesa\u00ae 4414 PE Protection de surface| Cardinal TAPES\" \/>\n<meta property=\"og:description\" content=\"tesa\u00ae 4414 est compos\u00e9 d&#039;un support PE stabilis\u00e9 aux UV et d&#039;une masse acrylique fortement adh\u00e9sive et repositionnable.\" \/>\n<meta property=\"og:url\" content=\"https:\/\/cardinal-tapes.com\/fr\/rubans-adh\u00e9sifs\/domaines-dapplication\/production-daluminium-traitement\/tesa-4414-pe-protection-de-surface\/\" \/>\n<meta property=\"og:site_name\" content=\"cardinal TAPES\" \/>\n<meta property=\"article:modified_time\" content=\"2025-07-02T10:55:35+00:00\" \/>\n<meta property=\"og:image\" content=\"https:\/\/cardinal-tapes.com\/wp-content\/uploads\/4414.jpg\" \/>\n\t<meta property=\"og:image:width\" content=\"582\" \/>\n\t<meta property=\"og:image:height\" content=\"582\" \/>\n\t<meta property=\"og:image:type\" content=\"image\/jpeg\" \/>\n<meta name=\"twitter:card\" content=\"summary_large_image\" \/>\n<meta name=\"twitter:label1\" content=\"Dur\u00e9e de lecture estim\u00e9e\" \/>\n\t<meta name=\"twitter:data1\" content=\"1 minute\" \/>\n<script type=\"application\/ld+json\" class=\"yoast-schema-graph\">{\"@context\":\"https:\\\/\\\/schema.org\",\"@graph\":[{\"@type\":\"WebPage\",\"@id\":\"https:\\\/\\\/cardinal-tapes.com\\\/fr\\\/rubans-adh\u00e9sifs\\\/domaines-dapplication\\\/production-daluminium-traitement\\\/tesa-4414-pe-protection-de-surface\\\/\",\"url\":\"https:\\\/\\\/cardinal-tapes.com\\\/fr\\\/rubans-adh\u00e9sifs\\\/domaines-dapplication\\\/production-daluminium-traitement\\\/tesa-4414-pe-protection-de-surface\\\/\",\"name\":\"tesa\u00ae 4414 PE Protection de surface| Cardinal TAPES\",\"isPartOf\":{\"@id\":\"https:\\\/\\\/cardinal-tapes.com\\\/#website\"},\"primaryImageOfPage\":{\"@id\":\"https:\\\/\\\/cardinal-tapes.com\\\/fr\\\/rubans-adh\u00e9sifs\\\/domaines-dapplication\\\/production-daluminium-traitement\\\/tesa-4414-pe-protection-de-surface\\\/#primaryimage\"},\"image\":{\"@id\":\"https:\\\/\\\/cardinal-tapes.com\\\/fr\\\/rubans-adh\u00e9sifs\\\/domaines-dapplication\\\/production-daluminium-traitement\\\/tesa-4414-pe-protection-de-surface\\\/#primaryimage\"},\"thumbnailUrl\":\"https:\\\/\\\/cardinal-tapes.com\\\/wp-content\\\/uploads\\\/4414.jpg\",\"datePublished\":\"2023-06-05T14:56:08+00:00\",\"dateModified\":\"2025-07-02T10:55:35+00:00\",\"description\":\"tesa\u00ae 4414 est compos\u00e9 d'un support PE stabilis\u00e9 aux UV et d'une masse acrylique fortement adh\u00e9sive et repositionnable.\",\"breadcrumb\":{\"@id\":\"https:\\\/\\\/cardinal-tapes.com\\\/fr\\\/rubans-adh\u00e9sifs\\\/domaines-dapplication\\\/production-daluminium-traitement\\\/tesa-4414-pe-protection-de-surface\\\/#breadcrumb\"},\"inLanguage\":\"fr-FR\",\"potentialAction\":[{\"@type\":\"ReadAction\",\"target\":[\"https:\\\/\\\/cardinal-tapes.com\\\/fr\\\/rubans-adh\u00e9sifs\\\/domaines-dapplication\\\/production-daluminium-traitement\\\/tesa-4414-pe-protection-de-surface\\\/\"]}]},{\"@type\":\"ImageObject\",\"inLanguage\":\"fr-FR\",\"@id\":\"https:\\\/\\\/cardinal-tapes.com\\\/fr\\\/rubans-adh\u00e9sifs\\\/domaines-dapplication\\\/production-daluminium-traitement\\\/tesa-4414-pe-protection-de-surface\\\/#primaryimage\",\"url\":\"https:\\\/\\\/cardinal-tapes.com\\\/wp-content\\\/uploads\\\/4414.jpg\",\"contentUrl\":\"https:\\\/\\\/cardinal-tapes.com\\\/wp-content\\\/uploads\\\/4414.jpg\",\"width\":582,\"height\":582},{\"@type\":\"BreadcrumbList\",\"@id\":\"https:\\\/\\\/cardinal-tapes.com\\\/fr\\\/rubans-adh\u00e9sifs\\\/domaines-dapplication\\\/production-daluminium-traitement\\\/tesa-4414-pe-protection-de-surface\\\/#breadcrumb\",\"itemListElement\":[{\"@type\":\"ListItem\",\"position\":1,\"name\":\"Startseite\",\"item\":\"https:\\\/\\\/cardinal-tapes.com\\\/fr\\\/accueil\\\/\"},{\"@type\":\"ListItem\",\"position\":2,\"name\":\"Rubans adh\u00e9sifs\",\"item\":\"https:\\\/\\\/cardinal-tapes.com\\\/fr\\\/rubans-adhesifs-fr\\\/\"},{\"@type\":\"ListItem\",\"position\":3,\"name\":\"Domaines d&#039;application\",\"item\":\"https:\\\/\\\/cardinal-tapes.com\\\/fr\\\/catgorie\\\/domaines-dapplication\\\/\"},{\"@type\":\"ListItem\",\"position\":4,\"name\":\"Production d&#039;aluminium \\\/ traitement\",\"item\":\"https:\\\/\\\/cardinal-tapes.com\\\/fr\\\/catgorie\\\/production-daluminium-traitement\\\/\"},{\"@type\":\"ListItem\",\"position\":5,\"name\":\"tesa\u00ae 4414 PE Protection de surface\"}]},{\"@type\":\"WebSite\",\"@id\":\"https:\\\/\\\/cardinal-tapes.com\\\/#website\",\"url\":\"https:\\\/\\\/cardinal-tapes.com\\\/\",\"name\":\"cardinal TAPES\",\"description\":\"Klebetechnik aus Wuppertal\",\"potentialAction\":[{\"@type\":\"SearchAction\",\"target\":{\"@type\":\"EntryPoint\",\"urlTemplate\":\"https:\\\/\\\/cardinal-tapes.com\\\/?s={search_term_string}\"},\"query-input\":{\"@type\":\"PropertyValueSpecification\",\"valueRequired\":true,\"valueName\":\"search_term_string\"}}],\"inLanguage\":\"fr-FR\"}]}<\/script>\n<!-- \/ Yoast SEO plugin. -->","yoast_head_json":{"title":"tesa\u00ae 4414 PE Protection de surface| Cardinal TAPES","description":"tesa\u00ae 4414 est compos\u00e9 d'un support PE stabilis\u00e9 aux UV et d'une masse acrylique fortement adh\u00e9sive et repositionnable.","robots":{"index":"index","follow":"follow","max-snippet":"max-snippet:-1","max-image-preview":"max-image-preview:large","max-video-preview":"max-video-preview:-1"},"canonical":"https:\/\/cardinal-tapes.com\/fr\/rubans-adh\u00e9sifs\/domaines-dapplication\/production-daluminium-traitement\/tesa-4414-pe-protection-de-surface\/","og_locale":"fr_FR","og_type":"article","og_title":"tesa\u00ae 4414 PE Protection de surface| Cardinal TAPES","og_description":"tesa\u00ae 4414 est compos\u00e9 d'un support PE stabilis\u00e9 aux UV et d'une masse acrylique fortement adh\u00e9sive et repositionnable.","og_url":"https:\/\/cardinal-tapes.com\/fr\/rubans-adh\u00e9sifs\/domaines-dapplication\/production-daluminium-traitement\/tesa-4414-pe-protection-de-surface\/","og_site_name":"cardinal TAPES","article_modified_time":"2025-07-02T10:55:35+00:00","og_image":[{"width":582,"height":582,"url":"https:\/\/cardinal-tapes.com\/wp-content\/uploads\/4414.jpg","type":"image\/jpeg"}],"twitter_card":"summary_large_image","twitter_misc":{"Dur\u00e9e de lecture estim\u00e9e":"1 minute"},"schema":{"@context":"https:\/\/schema.org","@graph":[{"@type":"WebPage","@id":"https:\/\/cardinal-tapes.com\/fr\/rubans-adh\u00e9sifs\/domaines-dapplication\/production-daluminium-traitement\/tesa-4414-pe-protection-de-surface\/","url":"https:\/\/cardinal-tapes.com\/fr\/rubans-adh\u00e9sifs\/domaines-dapplication\/production-daluminium-traitement\/tesa-4414-pe-protection-de-surface\/","name":"tesa\u00ae 4414 PE Protection de surface| Cardinal TAPES","isPartOf":{"@id":"https:\/\/cardinal-tapes.com\/#website"},"primaryImageOfPage":{"@id":"https:\/\/cardinal-tapes.com\/fr\/rubans-adh\u00e9sifs\/domaines-dapplication\/production-daluminium-traitement\/tesa-4414-pe-protection-de-surface\/#primaryimage"},"image":{"@id":"https:\/\/cardinal-tapes.com\/fr\/rubans-adh\u00e9sifs\/domaines-dapplication\/production-daluminium-traitement\/tesa-4414-pe-protection-de-surface\/#primaryimage"},"thumbnailUrl":"https:\/\/cardinal-tapes.com\/wp-content\/uploads\/4414.jpg","datePublished":"2023-06-05T14:56:08+00:00","dateModified":"2025-07-02T10:55:35+00:00","description":"tesa\u00ae 4414 est compos\u00e9 d'un support PE stabilis\u00e9 aux UV et d'une masse acrylique fortement adh\u00e9sive et repositionnable.","breadcrumb":{"@id":"https:\/\/cardinal-tapes.com\/fr\/rubans-adh\u00e9sifs\/domaines-dapplication\/production-daluminium-traitement\/tesa-4414-pe-protection-de-surface\/#breadcrumb"},"inLanguage":"fr-FR","potentialAction":[{"@type":"ReadAction","target":["https:\/\/cardinal-tapes.com\/fr\/rubans-adh\u00e9sifs\/domaines-dapplication\/production-daluminium-traitement\/tesa-4414-pe-protection-de-surface\/"]}]},{"@type":"ImageObject","inLanguage":"fr-FR","@id":"https:\/\/cardinal-tapes.com\/fr\/rubans-adh\u00e9sifs\/domaines-dapplication\/production-daluminium-traitement\/tesa-4414-pe-protection-de-surface\/#primaryimage","url":"https:\/\/cardinal-tapes.com\/wp-content\/uploads\/4414.jpg","contentUrl":"https:\/\/cardinal-tapes.com\/wp-content\/uploads\/4414.jpg","width":582,"height":582},{"@type":"BreadcrumbList","@id":"https:\/\/cardinal-tapes.com\/fr\/rubans-adh\u00e9sifs\/domaines-dapplication\/production-daluminium-traitement\/tesa-4414-pe-protection-de-surface\/#breadcrumb","itemListElement":[{"@type":"ListItem","position":1,"name":"Startseite","item":"https:\/\/cardinal-tapes.com\/fr\/accueil\/"},{"@type":"ListItem","position":2,"name":"Rubans adh\u00e9sifs","item":"https:\/\/cardinal-tapes.com\/fr\/rubans-adhesifs-fr\/"},{"@type":"ListItem","position":3,"name":"Domaines d&#039;application","item":"https:\/\/cardinal-tapes.com\/fr\/catgorie\/domaines-dapplication\/"},{"@type":"ListItem","position":4,"name":"Production d&#039;aluminium \/ traitement","item":"https:\/\/cardinal-tapes.com\/fr\/catgorie\/production-daluminium-traitement\/"},{"@type":"ListItem","position":5,"name":"tesa\u00ae 4414 PE Protection de surface"}]},{"@type":"WebSite","@id":"https:\/\/cardinal-tapes.com\/#website","url":"https:\/\/cardinal-tapes.com\/","name":"cardinal TAPES","description":"Klebetechnik aus Wuppertal","potentialAction":[{"@type":"SearchAction","target":{"@type":"EntryPoint","urlTemplate":"https:\/\/cardinal-tapes.com\/?s={search_term_string}"},"query-input":{"@type":"PropertyValueSpecification","valueRequired":true,"valueName":"search_term_string"}}],"inLanguage":"fr-FR"}]}},"brands":[{"id":2165,"name":"tesa","slug":"tesa-fr"}],"_links":{"self":[{"href":"https:\/\/cardinal-tapes.com\/fr\/wp-json\/wp\/v2\/product\/41248","targetHints":{"allow":["GET"]}}],"collection":[{"href":"https:\/\/cardinal-tapes.com\/fr\/wp-json\/wp\/v2\/product"}],"about":[{"href":"https:\/\/cardinal-tapes.com\/fr\/wp-json\/wp\/v2\/types\/product"}],"wp:featuredmedia":[{"embeddable":true,"href":"https:\/\/cardinal-tapes.com\/fr\/wp-json\/wp\/v2\/media\/28688"}],"wp:attachment":[{"href":"https:\/\/cardinal-tapes.com\/fr\/wp-json\/wp\/v2\/media?parent=41248"}],"wp:term":[{"taxonomy":"pwb-brand","embeddable":true,"href":"https:\/\/cardinal-tapes.com\/fr\/wp-json\/wp\/v2\/pwb-brand?post=41248"},{"taxonomy":"product_brand","embeddable":true,"href":"https:\/\/cardinal-tapes.com\/fr\/wp-json\/wp\/v2\/product_brand?post=41248"},{"taxonomy":"product_cat","embeddable":true,"href":"https:\/\/cardinal-tapes.com\/fr\/wp-json\/wp\/v2\/product_cat?post=41248"},{"taxonomy":"product_tag","embeddable":true,"href":"https:\/\/cardinal-tapes.com\/fr\/wp-json\/wp\/v2\/product_tag?post=41248"}],"curies":[{"name":"wp","href":"https:\/\/api.w.org\/{rel}","templated":true}]}}