{"id":41220,"date":"2021-05-11T07:42:04","date_gmt":"2021-05-11T05:42:04","guid":{"rendered":"https:\/\/cardinal.pixel-tal.de\/klebebaender\/non%20class\u00e9\/h-old-h-20-ruban-adhesif-kapton-polyimide\/"},"modified":"2025-07-02T13:51:18","modified_gmt":"2025-07-02T11:51:18","slug":"ruban-adhesif-polyimide-h-20-kapton","status":"publish","type":"product","link":"https:\/\/cardinal-tapes.com\/fr\/rubans-adh\u00e9sifs\/rubans-adhesifs-simple-face\/ruban-adhesif-polyimide-h-20-kapton\/","title":{"rendered":"h-old H.20 Ruban adh\u00e9sif Kapton\u00ae polyimide"},"content":{"rendered":"<p>Le h-old H.20 Le ruban adh\u00e9sif polyimide Kapton\u00ae est compos\u00e9 d&#8217;un film Kapton\u00ae de 0,025 mm d&#8217;\u00e9paisseur, enduit d&#8217;un c\u00f4t\u00e9 d&#8217;un adh\u00e9sif silicone sensible \u00e0 la pression de haute qualit\u00e9. Il est con\u00e7u pour les applications \u00e9lectriques \u00e0 haute temp\u00e9rature qui n\u00e9cessitent un support mince et adaptable combin\u00e9 \u00e0 d&#8217;excellentes propri\u00e9t\u00e9s di\u00e9lectriques. Il est \u00e9galement r\u00e9sistant aux radiations nucl\u00e9aires.<\/p>\n<p><strong>Caract\u00e9ristiques<\/strong><br \/>\n&#8211; tr\u00e8s bonne r\u00e9sistance aux temp\u00e9ratures \u00e9lev\u00e9es<br \/>\n&#8211; bonne r\u00e9sistance aux solvants et aux produits chimiques<\/p>\n<p><strong>Applications<\/strong><br \/>\n&#8211; pour les applications n\u00e9cessitant une haute r\u00e9sistance \u00e0 la temp\u00e9rature.<\/p>\n","protected":false},"excerpt":{"rendered":"<p>Le h-old H.20 Le ruban adh\u00e9sif polyimide Kapton\u00ae est compos\u00e9 d&#8217;un film Kapton\u00ae de 0,025 mm d&#8217;\u00e9paisseur, enduit d&#8217;un c\u00f4t\u00e9 d&#8217;un adh\u00e9sif silicone sensible \u00e0 la pression de haute qualit\u00e9. Il est con\u00e7u pour les applications \u00e9lectriques \u00e0 haute temp\u00e9rature qui n\u00e9cessitent un support mince et adaptable combin\u00e9 \u00e0 d&#8217;excellentes propri\u00e9t\u00e9s di\u00e9lectriques. Il est \u00e9galement [&hellip;]<\/p>\n","protected":false},"featured_media":78511,"template":"","meta":{"_acf_changed":false},"pwb-brand":[2330,2367],"product_brand":[],"product_cat":[1836],"product_tag":[],"class_list":{"0":"post-41220","1":"product","2":"type-product","3":"status-publish","4":"has-post-thumbnail","6":"pwb-brand-saint-gobain-fr","7":"pwb-brand-h-old-fr","8":"product_cat-rubans-adhesifs-simple-face","10":"first","11":"instock","12":"taxable","13":"shipping-taxable","14":"product-type-simple"},"acf":[],"yoast_head":"<!-- This site is optimized with the Yoast SEO plugin v27.3 - https:\/\/yoast.com\/product\/yoast-seo-wordpress\/ -->\n<title>h-old H.20 Ruban adh\u00e9sif Kapton\u00ae polyimide - cardinal TAPES<\/title>\n<meta name=\"robots\" content=\"index, follow, max-snippet:-1, max-image-preview:large, max-video-preview:-1\" \/>\n<link rel=\"canonical\" href=\"https:\/\/cardinal-tapes.com\/fr\/rubans-adh\u00e9sifs\/rubans-adhesifs-simple-face\/ruban-adhesif-polyimide-h-20-kapton\/\" \/>\n<meta property=\"og:locale\" content=\"fr_FR\" \/>\n<meta property=\"og:type\" content=\"article\" \/>\n<meta property=\"og:title\" content=\"h-old H.20 Ruban adh\u00e9sif Kapton\u00ae polyimide - cardinal TAPES\" \/>\n<meta property=\"og:description\" content=\"Le h-old H.20 Le ruban adh\u00e9sif polyimide Kapton\u00ae est compos\u00e9 d&#8217;un film Kapton\u00ae de 0,025 mm d&#8217;\u00e9paisseur, enduit d&#8217;un c\u00f4t\u00e9 d&#8217;un adh\u00e9sif silicone sensible \u00e0 la pression de haute qualit\u00e9. Il est con\u00e7u pour les applications \u00e9lectriques \u00e0 haute temp\u00e9rature qui n\u00e9cessitent un support mince et adaptable combin\u00e9 \u00e0 d&#8217;excellentes propri\u00e9t\u00e9s di\u00e9lectriques. Il est \u00e9galement [&hellip;]\" \/>\n<meta property=\"og:url\" content=\"https:\/\/cardinal-tapes.com\/fr\/rubans-adh\u00e9sifs\/rubans-adhesifs-simple-face\/ruban-adhesif-polyimide-h-20-kapton\/\" \/>\n<meta property=\"og:site_name\" content=\"cardinal TAPES\" \/>\n<meta property=\"article:modified_time\" content=\"2025-07-02T11:51:18+00:00\" \/>\n<meta property=\"og:image\" content=\"https:\/\/cardinal-tapes.com\/wp-content\/uploads\/H-old-Kapton-H20-H20AC-H220-H205-560-A_203724.png\" \/>\n\t<meta property=\"og:image:width\" content=\"415\" \/>\n\t<meta property=\"og:image:height\" content=\"415\" \/>\n\t<meta property=\"og:image:type\" content=\"image\/png\" \/>\n<meta name=\"twitter:card\" content=\"summary_large_image\" \/>\n<meta name=\"twitter:label1\" content=\"Dur\u00e9e de lecture estim\u00e9e\" \/>\n\t<meta name=\"twitter:data1\" content=\"1 minute\" \/>\n<script type=\"application\/ld+json\" class=\"yoast-schema-graph\">{\"@context\":\"https:\\\/\\\/schema.org\",\"@graph\":[{\"@type\":\"WebPage\",\"@id\":\"https:\\\/\\\/cardinal-tapes.com\\\/fr\\\/rubans-adh\u00e9sifs\\\/rubans-adhesifs-simple-face\\\/ruban-adhesif-polyimide-h-20-kapton\\\/\",\"url\":\"https:\\\/\\\/cardinal-tapes.com\\\/fr\\\/rubans-adh\u00e9sifs\\\/rubans-adhesifs-simple-face\\\/ruban-adhesif-polyimide-h-20-kapton\\\/\",\"name\":\"h-old H.20 Ruban adh\u00e9sif Kapton\u00ae polyimide - cardinal TAPES\",\"isPartOf\":{\"@id\":\"https:\\\/\\\/cardinal-tapes.com\\\/#website\"},\"primaryImageOfPage\":{\"@id\":\"https:\\\/\\\/cardinal-tapes.com\\\/fr\\\/rubans-adh\u00e9sifs\\\/rubans-adhesifs-simple-face\\\/ruban-adhesif-polyimide-h-20-kapton\\\/#primaryimage\"},\"image\":{\"@id\":\"https:\\\/\\\/cardinal-tapes.com\\\/fr\\\/rubans-adh\u00e9sifs\\\/rubans-adhesifs-simple-face\\\/ruban-adhesif-polyimide-h-20-kapton\\\/#primaryimage\"},\"thumbnailUrl\":\"https:\\\/\\\/cardinal-tapes.com\\\/wp-content\\\/uploads\\\/H-old-Kapton-H20-H20AC-H220-H205-560-A_203724.png\",\"datePublished\":\"2021-05-11T05:42:04+00:00\",\"dateModified\":\"2025-07-02T11:51:18+00:00\",\"breadcrumb\":{\"@id\":\"https:\\\/\\\/cardinal-tapes.com\\\/fr\\\/rubans-adh\u00e9sifs\\\/rubans-adhesifs-simple-face\\\/ruban-adhesif-polyimide-h-20-kapton\\\/#breadcrumb\"},\"inLanguage\":\"fr-FR\",\"potentialAction\":[{\"@type\":\"ReadAction\",\"target\":[\"https:\\\/\\\/cardinal-tapes.com\\\/fr\\\/rubans-adh\u00e9sifs\\\/rubans-adhesifs-simple-face\\\/ruban-adhesif-polyimide-h-20-kapton\\\/\"]}]},{\"@type\":\"ImageObject\",\"inLanguage\":\"fr-FR\",\"@id\":\"https:\\\/\\\/cardinal-tapes.com\\\/fr\\\/rubans-adh\u00e9sifs\\\/rubans-adhesifs-simple-face\\\/ruban-adhesif-polyimide-h-20-kapton\\\/#primaryimage\",\"url\":\"https:\\\/\\\/cardinal-tapes.com\\\/wp-content\\\/uploads\\\/H-old-Kapton-H20-H20AC-H220-H205-560-A_203724.png\",\"contentUrl\":\"https:\\\/\\\/cardinal-tapes.com\\\/wp-content\\\/uploads\\\/H-old-Kapton-H20-H20AC-H220-H205-560-A_203724.png\",\"width\":415,\"height\":415},{\"@type\":\"BreadcrumbList\",\"@id\":\"https:\\\/\\\/cardinal-tapes.com\\\/fr\\\/rubans-adh\u00e9sifs\\\/rubans-adhesifs-simple-face\\\/ruban-adhesif-polyimide-h-20-kapton\\\/#breadcrumb\",\"itemListElement\":[{\"@type\":\"ListItem\",\"position\":1,\"name\":\"Startseite\",\"item\":\"https:\\\/\\\/cardinal-tapes.com\\\/fr\\\/accueil\\\/\"},{\"@type\":\"ListItem\",\"position\":2,\"name\":\"Rubans adh\u00e9sifs\",\"item\":\"https:\\\/\\\/cardinal-tapes.com\\\/fr\\\/rubans-adhesifs-fr\\\/\"},{\"@type\":\"ListItem\",\"position\":3,\"name\":\"Rubans adh\u00e9sifs simple face\",\"item\":\"https:\\\/\\\/cardinal-tapes.com\\\/fr\\\/catgorie\\\/rubans-adhesifs-simple-face\\\/\"},{\"@type\":\"ListItem\",\"position\":4,\"name\":\"h-old H.20 Ruban adh\u00e9sif Kapton\u00ae polyimide\"}]},{\"@type\":\"WebSite\",\"@id\":\"https:\\\/\\\/cardinal-tapes.com\\\/#website\",\"url\":\"https:\\\/\\\/cardinal-tapes.com\\\/\",\"name\":\"cardinal TAPES\",\"description\":\"Klebetechnik aus Wuppertal\",\"potentialAction\":[{\"@type\":\"SearchAction\",\"target\":{\"@type\":\"EntryPoint\",\"urlTemplate\":\"https:\\\/\\\/cardinal-tapes.com\\\/?s={search_term_string}\"},\"query-input\":{\"@type\":\"PropertyValueSpecification\",\"valueRequired\":true,\"valueName\":\"search_term_string\"}}],\"inLanguage\":\"fr-FR\"}]}<\/script>\n<!-- \/ Yoast SEO plugin. -->","yoast_head_json":{"title":"h-old H.20 Ruban adh\u00e9sif Kapton\u00ae polyimide - cardinal TAPES","robots":{"index":"index","follow":"follow","max-snippet":"max-snippet:-1","max-image-preview":"max-image-preview:large","max-video-preview":"max-video-preview:-1"},"canonical":"https:\/\/cardinal-tapes.com\/fr\/rubans-adh\u00e9sifs\/rubans-adhesifs-simple-face\/ruban-adhesif-polyimide-h-20-kapton\/","og_locale":"fr_FR","og_type":"article","og_title":"h-old H.20 Ruban adh\u00e9sif Kapton\u00ae polyimide - cardinal TAPES","og_description":"Le h-old H.20 Le ruban adh\u00e9sif polyimide Kapton\u00ae est compos\u00e9 d&#8217;un film Kapton\u00ae de 0,025 mm d&#8217;\u00e9paisseur, enduit d&#8217;un c\u00f4t\u00e9 d&#8217;un adh\u00e9sif silicone sensible \u00e0 la pression de haute qualit\u00e9. Il est con\u00e7u pour les applications \u00e9lectriques \u00e0 haute temp\u00e9rature qui n\u00e9cessitent un support mince et adaptable combin\u00e9 \u00e0 d&#8217;excellentes propri\u00e9t\u00e9s di\u00e9lectriques. Il est \u00e9galement [&hellip;]","og_url":"https:\/\/cardinal-tapes.com\/fr\/rubans-adh\u00e9sifs\/rubans-adhesifs-simple-face\/ruban-adhesif-polyimide-h-20-kapton\/","og_site_name":"cardinal TAPES","article_modified_time":"2025-07-02T11:51:18+00:00","og_image":[{"width":415,"height":415,"url":"https:\/\/cardinal-tapes.com\/wp-content\/uploads\/H-old-Kapton-H20-H20AC-H220-H205-560-A_203724.png","type":"image\/png"}],"twitter_card":"summary_large_image","twitter_misc":{"Dur\u00e9e de lecture estim\u00e9e":"1 minute"},"schema":{"@context":"https:\/\/schema.org","@graph":[{"@type":"WebPage","@id":"https:\/\/cardinal-tapes.com\/fr\/rubans-adh\u00e9sifs\/rubans-adhesifs-simple-face\/ruban-adhesif-polyimide-h-20-kapton\/","url":"https:\/\/cardinal-tapes.com\/fr\/rubans-adh\u00e9sifs\/rubans-adhesifs-simple-face\/ruban-adhesif-polyimide-h-20-kapton\/","name":"h-old H.20 Ruban adh\u00e9sif Kapton\u00ae polyimide - cardinal TAPES","isPartOf":{"@id":"https:\/\/cardinal-tapes.com\/#website"},"primaryImageOfPage":{"@id":"https:\/\/cardinal-tapes.com\/fr\/rubans-adh\u00e9sifs\/rubans-adhesifs-simple-face\/ruban-adhesif-polyimide-h-20-kapton\/#primaryimage"},"image":{"@id":"https:\/\/cardinal-tapes.com\/fr\/rubans-adh\u00e9sifs\/rubans-adhesifs-simple-face\/ruban-adhesif-polyimide-h-20-kapton\/#primaryimage"},"thumbnailUrl":"https:\/\/cardinal-tapes.com\/wp-content\/uploads\/H-old-Kapton-H20-H20AC-H220-H205-560-A_203724.png","datePublished":"2021-05-11T05:42:04+00:00","dateModified":"2025-07-02T11:51:18+00:00","breadcrumb":{"@id":"https:\/\/cardinal-tapes.com\/fr\/rubans-adh\u00e9sifs\/rubans-adhesifs-simple-face\/ruban-adhesif-polyimide-h-20-kapton\/#breadcrumb"},"inLanguage":"fr-FR","potentialAction":[{"@type":"ReadAction","target":["https:\/\/cardinal-tapes.com\/fr\/rubans-adh\u00e9sifs\/rubans-adhesifs-simple-face\/ruban-adhesif-polyimide-h-20-kapton\/"]}]},{"@type":"ImageObject","inLanguage":"fr-FR","@id":"https:\/\/cardinal-tapes.com\/fr\/rubans-adh\u00e9sifs\/rubans-adhesifs-simple-face\/ruban-adhesif-polyimide-h-20-kapton\/#primaryimage","url":"https:\/\/cardinal-tapes.com\/wp-content\/uploads\/H-old-Kapton-H20-H20AC-H220-H205-560-A_203724.png","contentUrl":"https:\/\/cardinal-tapes.com\/wp-content\/uploads\/H-old-Kapton-H20-H20AC-H220-H205-560-A_203724.png","width":415,"height":415},{"@type":"BreadcrumbList","@id":"https:\/\/cardinal-tapes.com\/fr\/rubans-adh\u00e9sifs\/rubans-adhesifs-simple-face\/ruban-adhesif-polyimide-h-20-kapton\/#breadcrumb","itemListElement":[{"@type":"ListItem","position":1,"name":"Startseite","item":"https:\/\/cardinal-tapes.com\/fr\/accueil\/"},{"@type":"ListItem","position":2,"name":"Rubans adh\u00e9sifs","item":"https:\/\/cardinal-tapes.com\/fr\/rubans-adhesifs-fr\/"},{"@type":"ListItem","position":3,"name":"Rubans adh\u00e9sifs simple face","item":"https:\/\/cardinal-tapes.com\/fr\/catgorie\/rubans-adhesifs-simple-face\/"},{"@type":"ListItem","position":4,"name":"h-old H.20 Ruban adh\u00e9sif Kapton\u00ae polyimide"}]},{"@type":"WebSite","@id":"https:\/\/cardinal-tapes.com\/#website","url":"https:\/\/cardinal-tapes.com\/","name":"cardinal TAPES","description":"Klebetechnik aus Wuppertal","potentialAction":[{"@type":"SearchAction","target":{"@type":"EntryPoint","urlTemplate":"https:\/\/cardinal-tapes.com\/?s={search_term_string}"},"query-input":{"@type":"PropertyValueSpecification","valueRequired":true,"valueName":"search_term_string"}}],"inLanguage":"fr-FR"}]}},"brands":[{"id":2330,"name":"Saint-Gobain Performance Plastics","slug":"saint-gobain-fr"},{"id":2367,"name":"Saint-Gobain h-old","slug":"h-old-fr"}],"_links":{"self":[{"href":"https:\/\/cardinal-tapes.com\/fr\/wp-json\/wp\/v2\/product\/41220","targetHints":{"allow":["GET"]}}],"collection":[{"href":"https:\/\/cardinal-tapes.com\/fr\/wp-json\/wp\/v2\/product"}],"about":[{"href":"https:\/\/cardinal-tapes.com\/fr\/wp-json\/wp\/v2\/types\/product"}],"wp:featuredmedia":[{"embeddable":true,"href":"https:\/\/cardinal-tapes.com\/fr\/wp-json\/wp\/v2\/media\/78511"}],"wp:attachment":[{"href":"https:\/\/cardinal-tapes.com\/fr\/wp-json\/wp\/v2\/media?parent=41220"}],"wp:term":[{"taxonomy":"pwb-brand","embeddable":true,"href":"https:\/\/cardinal-tapes.com\/fr\/wp-json\/wp\/v2\/pwb-brand?post=41220"},{"taxonomy":"product_brand","embeddable":true,"href":"https:\/\/cardinal-tapes.com\/fr\/wp-json\/wp\/v2\/product_brand?post=41220"},{"taxonomy":"product_cat","embeddable":true,"href":"https:\/\/cardinal-tapes.com\/fr\/wp-json\/wp\/v2\/product_cat?post=41220"},{"taxonomy":"product_tag","embeddable":true,"href":"https:\/\/cardinal-tapes.com\/fr\/wp-json\/wp\/v2\/product_tag?post=41220"}],"curies":[{"name":"wp","href":"https:\/\/api.w.org\/{rel}","templated":true}]}}