{"id":40856,"date":"2021-09-07T10:43:26","date_gmt":"2023-06-05T14:55:55","guid":{"rendered":"https:\/\/cardinal.pixel-tal.de\/klebebaender\/non class\u00e9\/bande-de-protection-en-pvc-at45-a-faible-adherence-immediate\/"},"modified":"2023-06-05T16:55:55","modified_gmt":"2023-06-05T14:55:55","slug":"at45-bande-de-protection-en-pvc-a-faible-adherence-immediate","status":"publish","type":"product","link":"https:\/\/cardinal-tapes.com\/fr\/rubans-adh\u00e9sifs\/rubans-adhesifs-simple-face\/at45-bande-de-protection-en-pvc-a-faible-adherence-immediate\/","title":{"rendered":"Bande de protection en PVC AT45 \u00e0 faible adh\u00e9rence imm\u00e9diate"},"content":{"rendered":"<div class=\"first_para_desc\">\n<div class=\"first_para_desc\">\n<div class=\"first_para_desc\">\n<div class=\"first_para_desc\">\n<p>AT45 est un ruban fin en PVC bleu transparent, rev\u00eatu d&#8217;un adh\u00e9sif en caoutchouc et \u00e0 faible tack. Il convient \u00e0 la protection dans les domaines \u00e0 haute temp\u00e9rature tels que la construction a\u00e9ronautique, le march\u00e9 des accessoires automobiles, l&#8217;industrie du divertissement, les biens de consommation industriels, l&#8217;ing\u00e9nierie et l&#8217;industrie de la maintenance. La bande est r\u00e9sistante \u00e0 l&#8217;eau et \u00e0 l&#8217;abrasion et s&#8217;adapte aux surfaces lisses et irr\u00e9guli\u00e8res. Gr\u00e2ce \u00e0 son faible tack, AT45 peut \u00eatre retir\u00e9 de la plupart des surfaces sans laisser de traces.<\/p>\n<\/div>\n<p><strong>Applications<\/strong><\/p>\n<ul>\n<li>Pour prot\u00e9ger les produits finis, les \u00e9crans de t\u00e9l\u00e9vision et de moniteur, les plaques d&#8217;immatriculation, les luminaires et autres composants pendant le stockage et la livraison<\/li>\n<li>Protection des bords de pare-brise<\/li>\n<li>Protection des surfaces en bois peintes<\/li>\n<\/ul>\n<p><strong>Caract\u00e9ristiques<\/strong><\/p>\n<ul>\n<li>Facile \u00e0 d\u00e9rouler<\/li>\n<li>S&#8217;enl\u00e8ve sans laisser de traces<\/li>\n<li>R\u00e9sistant \u00e0 l&#8217;eau et \u00e0 l&#8217;abrasion<\/li>\n<li>Adaptable \u00e0 la forme<\/li>\n<\/ul>\n<\/div>\n<\/div>\n<\/div>\n","protected":false},"excerpt":{"rendered":"<p>AT45 est un ruban fin en PVC bleu transparent, rev\u00eatu d&#8217;un adh\u00e9sif en caoutchouc et \u00e0 faible tack. Il convient \u00e0 la protection dans les domaines \u00e0 haute temp\u00e9rature tels que la construction a\u00e9ronautique, le march\u00e9 des accessoires automobiles, l&#8217;industrie du divertissement, les biens de consommation industriels, l&#8217;ing\u00e9nierie et l&#8217;industrie de la maintenance. La bande [&hellip;]<\/p>\n","protected":false},"featured_media":28804,"template":"","meta":{"_acf_changed":false},"pwb-brand":[2328],"product_brand":[],"product_cat":[1836],"product_tag":[],"class_list":{"0":"post-40856","1":"product","2":"type-product","3":"status-publish","4":"has-post-thumbnail","6":"pwb-brand-advance-tapes-fr","7":"product_cat-rubans-adhesifs-simple-face","9":"first","10":"instock","11":"taxable","12":"shipping-taxable","13":"purchasable","14":"product-type-variable"},"acf":[],"yoast_head":"<!-- This site is optimized with the Yoast SEO plugin v27.3 - https:\/\/yoast.com\/product\/yoast-seo-wordpress\/ -->\n<title>AT45 Bande de protection en PVC \u00e0 faible adh\u00e9rence imm\u00e9diate | Cardinal TAPES<\/title>\n<meta name=\"description\" content=\"AT45 est un ruban fin en PVC bleu transparent, rev\u00eatu d&#039;un adh\u00e9sif en caoutchouc et \u00e0 faible tack.\" \/>\n<meta name=\"robots\" content=\"index, follow, max-snippet:-1, max-image-preview:large, max-video-preview:-1\" \/>\n<link rel=\"canonical\" href=\"https:\/\/cardinal-tapes.com\/fr\/rubans-adh\u00e9sifs\/rubans-adhesifs-simple-face\/at45-bande-de-protection-en-pvc-a-faible-adherence-immediate\/\" \/>\n<meta property=\"og:locale\" content=\"fr_FR\" \/>\n<meta property=\"og:type\" content=\"article\" \/>\n<meta property=\"og:title\" content=\"AT45 Bande de protection en PVC \u00e0 faible adh\u00e9rence imm\u00e9diate | Cardinal TAPES\" \/>\n<meta property=\"og:description\" content=\"AT45 est un ruban fin en PVC bleu transparent, rev\u00eatu d&#039;un adh\u00e9sif en caoutchouc et \u00e0 faible tack.\" \/>\n<meta property=\"og:url\" content=\"https:\/\/cardinal-tapes.com\/fr\/rubans-adh\u00e9sifs\/rubans-adhesifs-simple-face\/at45-bande-de-protection-en-pvc-a-faible-adherence-immediate\/\" \/>\n<meta property=\"og:site_name\" content=\"cardinal TAPES\" \/>\n<meta property=\"og:image\" content=\"https:\/\/cardinal-tapes.com\/wp-content\/uploads\/AT45-Blue-50x33-1-scaled.jpg\" \/>\n\t<meta property=\"og:image:width\" content=\"2560\" \/>\n\t<meta property=\"og:image:height\" content=\"2560\" \/>\n\t<meta property=\"og:image:type\" content=\"image\/jpeg\" \/>\n<meta name=\"twitter:card\" content=\"summary_large_image\" \/>\n<meta name=\"twitter:label1\" content=\"Dur\u00e9e de lecture estim\u00e9e\" \/>\n\t<meta name=\"twitter:data1\" content=\"1 minute\" \/>\n<script type=\"application\/ld+json\" class=\"yoast-schema-graph\">{\"@context\":\"https:\\\/\\\/schema.org\",\"@graph\":[{\"@type\":\"WebPage\",\"@id\":\"https:\\\/\\\/cardinal-tapes.com\\\/fr\\\/rubans-adh\u00e9sifs\\\/rubans-adhesifs-simple-face\\\/at45-bande-de-protection-en-pvc-a-faible-adherence-immediate\\\/\",\"url\":\"https:\\\/\\\/cardinal-tapes.com\\\/fr\\\/rubans-adh\u00e9sifs\\\/rubans-adhesifs-simple-face\\\/at45-bande-de-protection-en-pvc-a-faible-adherence-immediate\\\/\",\"name\":\"AT45 Bande de protection en PVC \u00e0 faible adh\u00e9rence imm\u00e9diate | Cardinal TAPES\",\"isPartOf\":{\"@id\":\"https:\\\/\\\/cardinal-tapes.com\\\/#website\"},\"primaryImageOfPage\":{\"@id\":\"https:\\\/\\\/cardinal-tapes.com\\\/fr\\\/rubans-adh\u00e9sifs\\\/rubans-adhesifs-simple-face\\\/at45-bande-de-protection-en-pvc-a-faible-adherence-immediate\\\/#primaryimage\"},\"image\":{\"@id\":\"https:\\\/\\\/cardinal-tapes.com\\\/fr\\\/rubans-adh\u00e9sifs\\\/rubans-adhesifs-simple-face\\\/at45-bande-de-protection-en-pvc-a-faible-adherence-immediate\\\/#primaryimage\"},\"thumbnailUrl\":\"https:\\\/\\\/cardinal-tapes.com\\\/wp-content\\\/uploads\\\/AT45-Blue-50x33-1-scaled.jpg\",\"datePublished\":\"2023-06-05T14:55:55+00:00\",\"description\":\"AT45 est un ruban fin en PVC bleu transparent, rev\u00eatu d'un adh\u00e9sif en caoutchouc et \u00e0 faible tack.\",\"breadcrumb\":{\"@id\":\"https:\\\/\\\/cardinal-tapes.com\\\/fr\\\/rubans-adh\u00e9sifs\\\/rubans-adhesifs-simple-face\\\/at45-bande-de-protection-en-pvc-a-faible-adherence-immediate\\\/#breadcrumb\"},\"inLanguage\":\"fr-FR\",\"potentialAction\":[{\"@type\":\"ReadAction\",\"target\":[\"https:\\\/\\\/cardinal-tapes.com\\\/fr\\\/rubans-adh\u00e9sifs\\\/rubans-adhesifs-simple-face\\\/at45-bande-de-protection-en-pvc-a-faible-adherence-immediate\\\/\"]}]},{\"@type\":\"ImageObject\",\"inLanguage\":\"fr-FR\",\"@id\":\"https:\\\/\\\/cardinal-tapes.com\\\/fr\\\/rubans-adh\u00e9sifs\\\/rubans-adhesifs-simple-face\\\/at45-bande-de-protection-en-pvc-a-faible-adherence-immediate\\\/#primaryimage\",\"url\":\"https:\\\/\\\/cardinal-tapes.com\\\/wp-content\\\/uploads\\\/AT45-Blue-50x33-1-scaled.jpg\",\"contentUrl\":\"https:\\\/\\\/cardinal-tapes.com\\\/wp-content\\\/uploads\\\/AT45-Blue-50x33-1-scaled.jpg\",\"width\":2560,\"height\":2560},{\"@type\":\"BreadcrumbList\",\"@id\":\"https:\\\/\\\/cardinal-tapes.com\\\/fr\\\/rubans-adh\u00e9sifs\\\/rubans-adhesifs-simple-face\\\/at45-bande-de-protection-en-pvc-a-faible-adherence-immediate\\\/#breadcrumb\",\"itemListElement\":[{\"@type\":\"ListItem\",\"position\":1,\"name\":\"Startseite\",\"item\":\"https:\\\/\\\/cardinal-tapes.com\\\/fr\\\/accueil\\\/\"},{\"@type\":\"ListItem\",\"position\":2,\"name\":\"Rubans adh\u00e9sifs\",\"item\":\"https:\\\/\\\/cardinal-tapes.com\\\/fr\\\/rubans-adhesifs-fr\\\/\"},{\"@type\":\"ListItem\",\"position\":3,\"name\":\"Rubans adh\u00e9sifs simple face\",\"item\":\"https:\\\/\\\/cardinal-tapes.com\\\/fr\\\/catgorie\\\/rubans-adhesifs-simple-face\\\/\"},{\"@type\":\"ListItem\",\"position\":4,\"name\":\"Bande de protection en PVC AT45 \u00e0 faible adh\u00e9rence imm\u00e9diate\"}]},{\"@type\":\"WebSite\",\"@id\":\"https:\\\/\\\/cardinal-tapes.com\\\/#website\",\"url\":\"https:\\\/\\\/cardinal-tapes.com\\\/\",\"name\":\"cardinal TAPES\",\"description\":\"Klebetechnik aus Wuppertal\",\"potentialAction\":[{\"@type\":\"SearchAction\",\"target\":{\"@type\":\"EntryPoint\",\"urlTemplate\":\"https:\\\/\\\/cardinal-tapes.com\\\/?s={search_term_string}\"},\"query-input\":{\"@type\":\"PropertyValueSpecification\",\"valueRequired\":true,\"valueName\":\"search_term_string\"}}],\"inLanguage\":\"fr-FR\"}]}<\/script>\n<!-- \/ Yoast SEO plugin. -->","yoast_head_json":{"title":"AT45 Bande de protection en PVC \u00e0 faible adh\u00e9rence imm\u00e9diate | Cardinal TAPES","description":"AT45 est un ruban fin en PVC bleu transparent, rev\u00eatu d'un adh\u00e9sif en caoutchouc et \u00e0 faible tack.","robots":{"index":"index","follow":"follow","max-snippet":"max-snippet:-1","max-image-preview":"max-image-preview:large","max-video-preview":"max-video-preview:-1"},"canonical":"https:\/\/cardinal-tapes.com\/fr\/rubans-adh\u00e9sifs\/rubans-adhesifs-simple-face\/at45-bande-de-protection-en-pvc-a-faible-adherence-immediate\/","og_locale":"fr_FR","og_type":"article","og_title":"AT45 Bande de protection en PVC \u00e0 faible adh\u00e9rence imm\u00e9diate | Cardinal TAPES","og_description":"AT45 est un ruban fin en PVC bleu transparent, rev\u00eatu d'un adh\u00e9sif en caoutchouc et \u00e0 faible tack.","og_url":"https:\/\/cardinal-tapes.com\/fr\/rubans-adh\u00e9sifs\/rubans-adhesifs-simple-face\/at45-bande-de-protection-en-pvc-a-faible-adherence-immediate\/","og_site_name":"cardinal TAPES","og_image":[{"width":2560,"height":2560,"url":"https:\/\/cardinal-tapes.com\/wp-content\/uploads\/AT45-Blue-50x33-1-scaled.jpg","type":"image\/jpeg"}],"twitter_card":"summary_large_image","twitter_misc":{"Dur\u00e9e de lecture estim\u00e9e":"1 minute"},"schema":{"@context":"https:\/\/schema.org","@graph":[{"@type":"WebPage","@id":"https:\/\/cardinal-tapes.com\/fr\/rubans-adh\u00e9sifs\/rubans-adhesifs-simple-face\/at45-bande-de-protection-en-pvc-a-faible-adherence-immediate\/","url":"https:\/\/cardinal-tapes.com\/fr\/rubans-adh\u00e9sifs\/rubans-adhesifs-simple-face\/at45-bande-de-protection-en-pvc-a-faible-adherence-immediate\/","name":"AT45 Bande de protection en PVC \u00e0 faible adh\u00e9rence imm\u00e9diate | Cardinal TAPES","isPartOf":{"@id":"https:\/\/cardinal-tapes.com\/#website"},"primaryImageOfPage":{"@id":"https:\/\/cardinal-tapes.com\/fr\/rubans-adh\u00e9sifs\/rubans-adhesifs-simple-face\/at45-bande-de-protection-en-pvc-a-faible-adherence-immediate\/#primaryimage"},"image":{"@id":"https:\/\/cardinal-tapes.com\/fr\/rubans-adh\u00e9sifs\/rubans-adhesifs-simple-face\/at45-bande-de-protection-en-pvc-a-faible-adherence-immediate\/#primaryimage"},"thumbnailUrl":"https:\/\/cardinal-tapes.com\/wp-content\/uploads\/AT45-Blue-50x33-1-scaled.jpg","datePublished":"2023-06-05T14:55:55+00:00","description":"AT45 est un ruban fin en PVC bleu transparent, rev\u00eatu d'un adh\u00e9sif en caoutchouc et \u00e0 faible tack.","breadcrumb":{"@id":"https:\/\/cardinal-tapes.com\/fr\/rubans-adh\u00e9sifs\/rubans-adhesifs-simple-face\/at45-bande-de-protection-en-pvc-a-faible-adherence-immediate\/#breadcrumb"},"inLanguage":"fr-FR","potentialAction":[{"@type":"ReadAction","target":["https:\/\/cardinal-tapes.com\/fr\/rubans-adh\u00e9sifs\/rubans-adhesifs-simple-face\/at45-bande-de-protection-en-pvc-a-faible-adherence-immediate\/"]}]},{"@type":"ImageObject","inLanguage":"fr-FR","@id":"https:\/\/cardinal-tapes.com\/fr\/rubans-adh\u00e9sifs\/rubans-adhesifs-simple-face\/at45-bande-de-protection-en-pvc-a-faible-adherence-immediate\/#primaryimage","url":"https:\/\/cardinal-tapes.com\/wp-content\/uploads\/AT45-Blue-50x33-1-scaled.jpg","contentUrl":"https:\/\/cardinal-tapes.com\/wp-content\/uploads\/AT45-Blue-50x33-1-scaled.jpg","width":2560,"height":2560},{"@type":"BreadcrumbList","@id":"https:\/\/cardinal-tapes.com\/fr\/rubans-adh\u00e9sifs\/rubans-adhesifs-simple-face\/at45-bande-de-protection-en-pvc-a-faible-adherence-immediate\/#breadcrumb","itemListElement":[{"@type":"ListItem","position":1,"name":"Startseite","item":"https:\/\/cardinal-tapes.com\/fr\/accueil\/"},{"@type":"ListItem","position":2,"name":"Rubans adh\u00e9sifs","item":"https:\/\/cardinal-tapes.com\/fr\/rubans-adhesifs-fr\/"},{"@type":"ListItem","position":3,"name":"Rubans adh\u00e9sifs simple face","item":"https:\/\/cardinal-tapes.com\/fr\/catgorie\/rubans-adhesifs-simple-face\/"},{"@type":"ListItem","position":4,"name":"Bande de protection en PVC AT45 \u00e0 faible adh\u00e9rence imm\u00e9diate"}]},{"@type":"WebSite","@id":"https:\/\/cardinal-tapes.com\/#website","url":"https:\/\/cardinal-tapes.com\/","name":"cardinal TAPES","description":"Klebetechnik aus Wuppertal","potentialAction":[{"@type":"SearchAction","target":{"@type":"EntryPoint","urlTemplate":"https:\/\/cardinal-tapes.com\/?s={search_term_string}"},"query-input":{"@type":"PropertyValueSpecification","valueRequired":true,"valueName":"search_term_string"}}],"inLanguage":"fr-FR"}]}},"brands":[{"id":2328,"name":"Advance Tapes","slug":"advance-tapes-fr"}],"_links":{"self":[{"href":"https:\/\/cardinal-tapes.com\/fr\/wp-json\/wp\/v2\/product\/40856","targetHints":{"allow":["GET"]}}],"collection":[{"href":"https:\/\/cardinal-tapes.com\/fr\/wp-json\/wp\/v2\/product"}],"about":[{"href":"https:\/\/cardinal-tapes.com\/fr\/wp-json\/wp\/v2\/types\/product"}],"wp:featuredmedia":[{"embeddable":true,"href":"https:\/\/cardinal-tapes.com\/fr\/wp-json\/wp\/v2\/media\/28804"}],"wp:attachment":[{"href":"https:\/\/cardinal-tapes.com\/fr\/wp-json\/wp\/v2\/media?parent=40856"}],"wp:term":[{"taxonomy":"pwb-brand","embeddable":true,"href":"https:\/\/cardinal-tapes.com\/fr\/wp-json\/wp\/v2\/pwb-brand?post=40856"},{"taxonomy":"product_brand","embeddable":true,"href":"https:\/\/cardinal-tapes.com\/fr\/wp-json\/wp\/v2\/product_brand?post=40856"},{"taxonomy":"product_cat","embeddable":true,"href":"https:\/\/cardinal-tapes.com\/fr\/wp-json\/wp\/v2\/product_cat?post=40856"},{"taxonomy":"product_tag","embeddable":true,"href":"https:\/\/cardinal-tapes.com\/fr\/wp-json\/wp\/v2\/product_tag?post=40856"}],"curies":[{"name":"wp","href":"https:\/\/api.w.org\/{rel}","templated":true}]}}