{"id":40855,"date":"2021-08-25T10:14:01","date_gmt":"2023-06-05T14:55:55","guid":{"rendered":"https:\/\/cardinal.pixel-tal.de\/klebebaender\/non class\u00e9\/at163-bande-detancheite-thermodurcissable\/"},"modified":"2023-06-05T16:55:55","modified_gmt":"2023-06-05T14:55:55","slug":"at163-bande-detancheite-thermo-regulatrice","status":"publish","type":"product","link":"https:\/\/cardinal-tapes.com\/fr\/rubans-adh\u00e9sifs\/domaines-dapplication\/ruban-adhesif-en-tissu\/at163-bande-detancheite-thermo-regulatrice\/","title":{"rendered":"AT163 Bande d&#8217;\u00e9tanch\u00e9it\u00e9 thermodurcissable"},"content":{"rendered":"<div class=\"first_para_desc\">\n<div class=\"first_para_desc\">\n<div class=\"first_para_desc\">\n<div class=\"first_para_desc\">\n<p>AT163 est une bande tiss\u00e9e en poly\u00e9thyl\u00e8ne brillant de haute qualit\u00e9, enduite d&#8217;un adh\u00e9sif caoutchouc thermodurcissable sans solvant. Il est donc tr\u00e8s r\u00e9sistant \u00e0 la chaleur et peut \u00eatre retir\u00e9 de la plupart des surfaces jusqu&#8217;\u00e0 110\u00b0C sans laisser de traces. Le ruban a un pouvoir adh\u00e9sif \u00e9lev\u00e9, une bonne r\u00e9sistance \u00e0 l&#8217;abrasion et est extr\u00eamement flexible. L&#8217;AT163 est particuli\u00e8rement r\u00e9sistant \u00e0 l&#8217;eau et \u00e0 l&#8217;eau sal\u00e9e et convient aux applications dans la marine et dans le domaine du chauffage, de la ventilation et de la climatisation.<\/p>\n<\/div>\n<p><strong>Applications<\/strong><\/p>\n<ul>\n<li>  Etanch\u00e9it\u00e9 aux chocs pour les tuyaux de ventilation en m\u00e9tal ou en plastique<\/li>\n<li>\u00c9tanch\u00e9it\u00e9 des mat\u00e9riaux isolants \u00e0 surface souple ou fibreuse<\/li>\n<li>Protection des plates-formes de forage offshore<\/li>\n<li>convient pour les petits travaux de sablage<\/li>\n<\/ul>\n<p><strong>Caract\u00e9ristiques<\/strong><\/p>\n<ul>\n<li>Forte adh\u00e9rence imm\u00e9diate<\/li>\n<li>Bonne r\u00e9sistance \u00e0 l&#8217;abrasion<\/li>\n<li>S&#8217;enl\u00e8ve sans laisser de traces jusqu&#8217;\u00e0 110\u00b0C<\/li>\n<li>Adaptable \u00e0 la forme<\/li>\n<li>R\u00e9sistant \u00e0 l&#8217;eau et \u00e0 l&#8217;eau sal\u00e9e<\/li>\n<\/ul>\n<\/div>\n<\/div>\n<\/div>\n","protected":false},"excerpt":{"rendered":"<p>AT163 est une bande tiss\u00e9e en poly\u00e9thyl\u00e8ne brillant de haute qualit\u00e9, enduite d&#8217;un adh\u00e9sif caoutchouc thermodurcissable sans solvant. Il est donc tr\u00e8s r\u00e9sistant \u00e0 la chaleur et peut \u00eatre retir\u00e9 de la plupart des surfaces jusqu&#8217;\u00e0 110\u00b0C sans laisser de traces. Le ruban a un pouvoir adh\u00e9sif \u00e9lev\u00e9, une bonne r\u00e9sistance \u00e0 l&#8217;abrasion et est [&hellip;]<\/p>\n","protected":false},"featured_media":28772,"template":"","meta":{"_acf_changed":false},"pwb-brand":[2328],"product_brand":[],"product_cat":[1735,1836],"product_tag":[],"class_list":{"0":"post-40855","1":"product","2":"type-product","3":"status-publish","4":"has-post-thumbnail","6":"pwb-brand-advance-tapes-fr","7":"product_cat-ruban-adhesif-en-tissu","8":"product_cat-rubans-adhesifs-simple-face","10":"first","11":"instock","12":"taxable","13":"shipping-taxable","14":"purchasable","15":"product-type-variable"},"acf":[],"yoast_head":"<!-- This site is optimized with the Yoast SEO plugin v27.3 - https:\/\/yoast.com\/product\/yoast-seo-wordpress\/ -->\n<title>AT163 Bande d&#039;\u00e9tanch\u00e9it\u00e9 thermodurcissable | Cardinal TAPES<\/title>\n<meta name=\"description\" content=\"AT163 est une bande d&#039;\u00e9tanch\u00e9it\u00e9 thermodurcissable pour les gaines d&#039;air et les tuyaux.\" \/>\n<meta name=\"robots\" content=\"index, follow, max-snippet:-1, max-image-preview:large, max-video-preview:-1\" \/>\n<link rel=\"canonical\" href=\"https:\/\/cardinal-tapes.com\/fr\/rubans-adh\u00e9sifs\/ruban-adhesif-en-tissu\/at163-bande-detancheite-thermo-regulatrice\/\" \/>\n<meta property=\"og:locale\" content=\"fr_FR\" \/>\n<meta property=\"og:type\" content=\"article\" \/>\n<meta property=\"og:title\" content=\"AT163 Bande d&#039;\u00e9tanch\u00e9it\u00e9 thermodurcissable | Cardinal TAPES\" \/>\n<meta property=\"og:description\" content=\"AT163 est une bande d&#039;\u00e9tanch\u00e9it\u00e9 thermodurcissable pour les gaines d&#039;air et les tuyaux.\" \/>\n<meta property=\"og:url\" content=\"https:\/\/cardinal-tapes.com\/fr\/rubans-adh\u00e9sifs\/ruban-adhesif-en-tissu\/at163-bande-detancheite-thermo-regulatrice\/\" \/>\n<meta property=\"og:site_name\" content=\"cardinal TAPES\" \/>\n<meta property=\"og:image\" content=\"https:\/\/cardinal-tapes.com\/wp-content\/uploads\/AT163-Silver-50mm-scaled.jpg\" \/>\n\t<meta property=\"og:image:width\" content=\"2560\" \/>\n\t<meta property=\"og:image:height\" content=\"2560\" \/>\n\t<meta property=\"og:image:type\" content=\"image\/jpeg\" \/>\n<meta name=\"twitter:card\" content=\"summary_large_image\" \/>\n<meta name=\"twitter:label1\" content=\"Dur\u00e9e de lecture estim\u00e9e\" \/>\n\t<meta name=\"twitter:data1\" content=\"1 minute\" \/>\n<script type=\"application\/ld+json\" class=\"yoast-schema-graph\">{\"@context\":\"https:\\\/\\\/schema.org\",\"@graph\":[{\"@type\":\"WebPage\",\"@id\":\"https:\\\/\\\/cardinal-tapes.com\\\/fr\\\/rubans-adh\u00e9sifs\\\/ruban-adhesif-en-tissu\\\/at163-bande-detancheite-thermo-regulatrice\\\/\",\"url\":\"https:\\\/\\\/cardinal-tapes.com\\\/fr\\\/rubans-adh\u00e9sifs\\\/ruban-adhesif-en-tissu\\\/at163-bande-detancheite-thermo-regulatrice\\\/\",\"name\":\"AT163 Bande d'\u00e9tanch\u00e9it\u00e9 thermodurcissable | Cardinal TAPES\",\"isPartOf\":{\"@id\":\"https:\\\/\\\/cardinal-tapes.com\\\/#website\"},\"primaryImageOfPage\":{\"@id\":\"https:\\\/\\\/cardinal-tapes.com\\\/fr\\\/rubans-adh\u00e9sifs\\\/ruban-adhesif-en-tissu\\\/at163-bande-detancheite-thermo-regulatrice\\\/#primaryimage\"},\"image\":{\"@id\":\"https:\\\/\\\/cardinal-tapes.com\\\/fr\\\/rubans-adh\u00e9sifs\\\/ruban-adhesif-en-tissu\\\/at163-bande-detancheite-thermo-regulatrice\\\/#primaryimage\"},\"thumbnailUrl\":\"https:\\\/\\\/cardinal-tapes.com\\\/wp-content\\\/uploads\\\/AT163-Silver-50mm-scaled.jpg\",\"datePublished\":\"2023-06-05T14:55:55+00:00\",\"description\":\"AT163 est une bande d'\u00e9tanch\u00e9it\u00e9 thermodurcissable pour les gaines d'air et les tuyaux.\",\"breadcrumb\":{\"@id\":\"https:\\\/\\\/cardinal-tapes.com\\\/fr\\\/rubans-adh\u00e9sifs\\\/ruban-adhesif-en-tissu\\\/at163-bande-detancheite-thermo-regulatrice\\\/#breadcrumb\"},\"inLanguage\":\"fr-FR\",\"potentialAction\":[{\"@type\":\"ReadAction\",\"target\":[\"https:\\\/\\\/cardinal-tapes.com\\\/fr\\\/rubans-adh\u00e9sifs\\\/ruban-adhesif-en-tissu\\\/at163-bande-detancheite-thermo-regulatrice\\\/\"]}]},{\"@type\":\"ImageObject\",\"inLanguage\":\"fr-FR\",\"@id\":\"https:\\\/\\\/cardinal-tapes.com\\\/fr\\\/rubans-adh\u00e9sifs\\\/ruban-adhesif-en-tissu\\\/at163-bande-detancheite-thermo-regulatrice\\\/#primaryimage\",\"url\":\"https:\\\/\\\/cardinal-tapes.com\\\/wp-content\\\/uploads\\\/AT163-Silver-50mm-scaled.jpg\",\"contentUrl\":\"https:\\\/\\\/cardinal-tapes.com\\\/wp-content\\\/uploads\\\/AT163-Silver-50mm-scaled.jpg\",\"width\":2560,\"height\":2560},{\"@type\":\"BreadcrumbList\",\"@id\":\"https:\\\/\\\/cardinal-tapes.com\\\/fr\\\/rubans-adh\u00e9sifs\\\/ruban-adhesif-en-tissu\\\/at163-bande-detancheite-thermo-regulatrice\\\/#breadcrumb\",\"itemListElement\":[{\"@type\":\"ListItem\",\"position\":1,\"name\":\"Startseite\",\"item\":\"https:\\\/\\\/cardinal-tapes.com\\\/fr\\\/accueil\\\/\"},{\"@type\":\"ListItem\",\"position\":2,\"name\":\"Rubans adh\u00e9sifs\",\"item\":\"https:\\\/\\\/cardinal-tapes.com\\\/fr\\\/rubans-adhesifs-fr\\\/\"},{\"@type\":\"ListItem\",\"position\":3,\"name\":\"Ruban adh\u00e9sif en tissu\",\"item\":\"https:\\\/\\\/cardinal-tapes.com\\\/fr\\\/catgorie\\\/ruban-adhesif-en-tissu\\\/\"},{\"@type\":\"ListItem\",\"position\":4,\"name\":\"AT163 Bande d&rsquo;\u00e9tanch\u00e9it\u00e9 thermodurcissable\"}]},{\"@type\":\"WebSite\",\"@id\":\"https:\\\/\\\/cardinal-tapes.com\\\/#website\",\"url\":\"https:\\\/\\\/cardinal-tapes.com\\\/\",\"name\":\"cardinal TAPES\",\"description\":\"Klebetechnik aus Wuppertal\",\"potentialAction\":[{\"@type\":\"SearchAction\",\"target\":{\"@type\":\"EntryPoint\",\"urlTemplate\":\"https:\\\/\\\/cardinal-tapes.com\\\/?s={search_term_string}\"},\"query-input\":{\"@type\":\"PropertyValueSpecification\",\"valueRequired\":true,\"valueName\":\"search_term_string\"}}],\"inLanguage\":\"fr-FR\"}]}<\/script>\n<!-- \/ Yoast SEO plugin. -->","yoast_head_json":{"title":"AT163 Bande d'\u00e9tanch\u00e9it\u00e9 thermodurcissable | Cardinal TAPES","description":"AT163 est une bande d'\u00e9tanch\u00e9it\u00e9 thermodurcissable pour les gaines d'air et les tuyaux.","robots":{"index":"index","follow":"follow","max-snippet":"max-snippet:-1","max-image-preview":"max-image-preview:large","max-video-preview":"max-video-preview:-1"},"canonical":"https:\/\/cardinal-tapes.com\/fr\/rubans-adh\u00e9sifs\/ruban-adhesif-en-tissu\/at163-bande-detancheite-thermo-regulatrice\/","og_locale":"fr_FR","og_type":"article","og_title":"AT163 Bande d'\u00e9tanch\u00e9it\u00e9 thermodurcissable | Cardinal TAPES","og_description":"AT163 est une bande d'\u00e9tanch\u00e9it\u00e9 thermodurcissable pour les gaines d'air et les tuyaux.","og_url":"https:\/\/cardinal-tapes.com\/fr\/rubans-adh\u00e9sifs\/ruban-adhesif-en-tissu\/at163-bande-detancheite-thermo-regulatrice\/","og_site_name":"cardinal TAPES","og_image":[{"width":2560,"height":2560,"url":"https:\/\/cardinal-tapes.com\/wp-content\/uploads\/AT163-Silver-50mm-scaled.jpg","type":"image\/jpeg"}],"twitter_card":"summary_large_image","twitter_misc":{"Dur\u00e9e de lecture estim\u00e9e":"1 minute"},"schema":{"@context":"https:\/\/schema.org","@graph":[{"@type":"WebPage","@id":"https:\/\/cardinal-tapes.com\/fr\/rubans-adh\u00e9sifs\/ruban-adhesif-en-tissu\/at163-bande-detancheite-thermo-regulatrice\/","url":"https:\/\/cardinal-tapes.com\/fr\/rubans-adh\u00e9sifs\/ruban-adhesif-en-tissu\/at163-bande-detancheite-thermo-regulatrice\/","name":"AT163 Bande d'\u00e9tanch\u00e9it\u00e9 thermodurcissable | Cardinal TAPES","isPartOf":{"@id":"https:\/\/cardinal-tapes.com\/#website"},"primaryImageOfPage":{"@id":"https:\/\/cardinal-tapes.com\/fr\/rubans-adh\u00e9sifs\/ruban-adhesif-en-tissu\/at163-bande-detancheite-thermo-regulatrice\/#primaryimage"},"image":{"@id":"https:\/\/cardinal-tapes.com\/fr\/rubans-adh\u00e9sifs\/ruban-adhesif-en-tissu\/at163-bande-detancheite-thermo-regulatrice\/#primaryimage"},"thumbnailUrl":"https:\/\/cardinal-tapes.com\/wp-content\/uploads\/AT163-Silver-50mm-scaled.jpg","datePublished":"2023-06-05T14:55:55+00:00","description":"AT163 est une bande d'\u00e9tanch\u00e9it\u00e9 thermodurcissable pour les gaines d'air et les tuyaux.","breadcrumb":{"@id":"https:\/\/cardinal-tapes.com\/fr\/rubans-adh\u00e9sifs\/ruban-adhesif-en-tissu\/at163-bande-detancheite-thermo-regulatrice\/#breadcrumb"},"inLanguage":"fr-FR","potentialAction":[{"@type":"ReadAction","target":["https:\/\/cardinal-tapes.com\/fr\/rubans-adh\u00e9sifs\/ruban-adhesif-en-tissu\/at163-bande-detancheite-thermo-regulatrice\/"]}]},{"@type":"ImageObject","inLanguage":"fr-FR","@id":"https:\/\/cardinal-tapes.com\/fr\/rubans-adh\u00e9sifs\/ruban-adhesif-en-tissu\/at163-bande-detancheite-thermo-regulatrice\/#primaryimage","url":"https:\/\/cardinal-tapes.com\/wp-content\/uploads\/AT163-Silver-50mm-scaled.jpg","contentUrl":"https:\/\/cardinal-tapes.com\/wp-content\/uploads\/AT163-Silver-50mm-scaled.jpg","width":2560,"height":2560},{"@type":"BreadcrumbList","@id":"https:\/\/cardinal-tapes.com\/fr\/rubans-adh\u00e9sifs\/ruban-adhesif-en-tissu\/at163-bande-detancheite-thermo-regulatrice\/#breadcrumb","itemListElement":[{"@type":"ListItem","position":1,"name":"Startseite","item":"https:\/\/cardinal-tapes.com\/fr\/accueil\/"},{"@type":"ListItem","position":2,"name":"Rubans adh\u00e9sifs","item":"https:\/\/cardinal-tapes.com\/fr\/rubans-adhesifs-fr\/"},{"@type":"ListItem","position":3,"name":"Ruban adh\u00e9sif en tissu","item":"https:\/\/cardinal-tapes.com\/fr\/catgorie\/ruban-adhesif-en-tissu\/"},{"@type":"ListItem","position":4,"name":"AT163 Bande d&rsquo;\u00e9tanch\u00e9it\u00e9 thermodurcissable"}]},{"@type":"WebSite","@id":"https:\/\/cardinal-tapes.com\/#website","url":"https:\/\/cardinal-tapes.com\/","name":"cardinal TAPES","description":"Klebetechnik aus Wuppertal","potentialAction":[{"@type":"SearchAction","target":{"@type":"EntryPoint","urlTemplate":"https:\/\/cardinal-tapes.com\/?s={search_term_string}"},"query-input":{"@type":"PropertyValueSpecification","valueRequired":true,"valueName":"search_term_string"}}],"inLanguage":"fr-FR"}]}},"brands":[{"id":2328,"name":"Advance Tapes","slug":"advance-tapes-fr"}],"_links":{"self":[{"href":"https:\/\/cardinal-tapes.com\/fr\/wp-json\/wp\/v2\/product\/40855","targetHints":{"allow":["GET"]}}],"collection":[{"href":"https:\/\/cardinal-tapes.com\/fr\/wp-json\/wp\/v2\/product"}],"about":[{"href":"https:\/\/cardinal-tapes.com\/fr\/wp-json\/wp\/v2\/types\/product"}],"wp:featuredmedia":[{"embeddable":true,"href":"https:\/\/cardinal-tapes.com\/fr\/wp-json\/wp\/v2\/media\/28772"}],"wp:attachment":[{"href":"https:\/\/cardinal-tapes.com\/fr\/wp-json\/wp\/v2\/media?parent=40855"}],"wp:term":[{"taxonomy":"pwb-brand","embeddable":true,"href":"https:\/\/cardinal-tapes.com\/fr\/wp-json\/wp\/v2\/pwb-brand?post=40855"},{"taxonomy":"product_brand","embeddable":true,"href":"https:\/\/cardinal-tapes.com\/fr\/wp-json\/wp\/v2\/product_brand?post=40855"},{"taxonomy":"product_cat","embeddable":true,"href":"https:\/\/cardinal-tapes.com\/fr\/wp-json\/wp\/v2\/product_cat?post=40855"},{"taxonomy":"product_tag","embeddable":true,"href":"https:\/\/cardinal-tapes.com\/fr\/wp-json\/wp\/v2\/product_tag?post=40855"}],"curies":[{"name":"wp","href":"https:\/\/api.w.org\/{rel}","templated":true}]}}