{"id":40854,"date":"2021-08-25T11:57:06","date_gmt":"2023-06-05T14:55:55","guid":{"rendered":"https:\/\/cardinal.pixel-tal.de\/klebebaender\/non class\u00e9\/at6190-bande-de-pierre-avec-adherence-immediate-extremement-forte\/"},"modified":"2023-06-05T16:55:55","modified_gmt":"2023-06-05T14:55:55","slug":"at6190-bande-de-pierre-avec-une-adherence-extreme-fort-fort-etude","status":"publish","type":"product","link":"https:\/\/cardinal-tapes.com\/fr\/rubans-adh\u00e9sifs\/rubans-adhesifs-simple-face\/at6190-bande-de-pierre-avec-une-adherence-extreme-fort-fort-etude\/","title":{"rendered":"AT6190 Bande de pierre avec adh\u00e9rence imm\u00e9diate extr\u00eamement forte"},"content":{"rendered":"<div class=\"first_para_desc\">\n<div class=\"first_para_desc\">\n<div class=\"first_para_desc\">\n<div class=\"first_para_desc\">\n<p>AT6190 est une bande de pierre super solide et r\u00e9sistante \u00e0 l&#8217;eau, enduite d&#8217;une colle au caoutchouc agressive et sans solvant. Sp\u00e9cialement con\u00e7u pour coller sur des surfaces rugueuses, sales et humides, comme la pierre, le pl\u00e2tre, les portes et fen\u00eatres en plastique, le ciment et le b\u00e9ton. AT6190 est facile \u00e0 arracher, mais il est difficile \u00e0 d\u00e9rouler, ce qui est important lorsque l&#8217;on travaille en hauteur. Le ruban s&#8217;enl\u00e8ve sans laisser de traces jusqu&#8217;\u00e0 4 jours sur la plupart des surfaces. La couleur orange assure une bonne visibilit\u00e9 sur tous les chantiers.<\/p>\n<\/div>\n<p><strong>Applications<\/strong><\/p>\n<ul>\n<li>Pour l&#8217;entretien, la r\u00e9paration, l&#8217;\u00e9tanch\u00e9it\u00e9, l&#8217;assemblage, le masquage et la protection de nombreuses surfaces et mat\u00e9riaux.<\/li>\n<li>Pour la fixation de films PE sur des murs en b\u00e9ton et en pierre, des surfaces en ciment, du pl\u00e2tre<\/li>\n<\/ul>\n<p><strong>Caract\u00e9ristiques<\/strong><\/p>\n<ul>\n<li>Adh\u00e9sion imm\u00e9diate extr\u00eame<\/li>\n<li>Facilement d\u00e9chirable<\/li>\n<li>D\u00e9roulement constant<\/li>\n<li>R\u00e9sistant \u00e0 l&#8217;eau et aux UV<\/li>\n<li>R\u00e9sistant \u00e0 l&#8217;abrasion<\/li>\n<li>S&#8217;enl\u00e8ve jusqu&#8217;\u00e0 4 jours sans laisser de traces<\/li>\n<\/ul>\n<\/div>\n<\/div>\n<\/div>\n","protected":false},"excerpt":{"rendered":"<p>AT6190 est une bande de pierre super solide et r\u00e9sistante \u00e0 l&#8217;eau, enduite d&#8217;une colle au caoutchouc agressive et sans solvant. Sp\u00e9cialement con\u00e7u pour coller sur des surfaces rugueuses, sales et humides, comme la pierre, le pl\u00e2tre, les portes et fen\u00eatres en plastique, le ciment et le b\u00e9ton. AT6190 est facile \u00e0 arracher, mais il [&hellip;]<\/p>\n","protected":false},"featured_media":28776,"template":"","meta":{"_acf_changed":false},"pwb-brand":[2328],"product_brand":[],"product_cat":[1836],"product_tag":[],"class_list":{"0":"post-40854","1":"product","2":"type-product","3":"status-publish","4":"has-post-thumbnail","6":"pwb-brand-advance-tapes-fr","7":"product_cat-rubans-adhesifs-simple-face","9":"first","10":"instock","11":"taxable","12":"shipping-taxable","13":"purchasable","14":"product-type-variable"},"acf":[],"yoast_head":"<!-- This site is optimized with the Yoast SEO plugin v27.3 - https:\/\/yoast.com\/product\/yoast-seo-wordpress\/ -->\n<title>AT6190 Bande de pierre | Cardinal TAPES<\/title>\n<meta name=\"description\" content=\"AT6190 est une bande de pierre super solide et r\u00e9sistante \u00e0 l&#039;eau, enduite d&#039;un adh\u00e9sif caoutchouc agressif et sans solvant.\" \/>\n<meta name=\"robots\" content=\"index, follow, max-snippet:-1, max-image-preview:large, max-video-preview:-1\" \/>\n<link rel=\"canonical\" href=\"https:\/\/cardinal-tapes.com\/fr\/rubans-adh\u00e9sifs\/rubans-adhesifs-simple-face\/at6190-bande-de-pierre-avec-une-adherence-extreme-fort-fort-etude\/\" \/>\n<meta property=\"og:locale\" content=\"fr_FR\" \/>\n<meta property=\"og:type\" content=\"article\" \/>\n<meta property=\"og:title\" content=\"AT6190 Bande de pierre | Cardinal TAPES\" \/>\n<meta property=\"og:description\" content=\"AT6190 est une bande de pierre super solide et r\u00e9sistante \u00e0 l&#039;eau, enduite d&#039;un adh\u00e9sif caoutchouc agressif et sans solvant.\" \/>\n<meta property=\"og:url\" content=\"https:\/\/cardinal-tapes.com\/fr\/rubans-adh\u00e9sifs\/rubans-adhesifs-simple-face\/at6190-bande-de-pierre-avec-une-adherence-extreme-fort-fort-etude\/\" \/>\n<meta property=\"og:site_name\" content=\"cardinal TAPES\" \/>\n<meta property=\"og:image\" content=\"https:\/\/cardinal-tapes.com\/wp-content\/uploads\/AT6190-1.jpg\" \/>\n\t<meta property=\"og:image:width\" content=\"2000\" \/>\n\t<meta property=\"og:image:height\" content=\"2000\" \/>\n\t<meta property=\"og:image:type\" content=\"image\/jpeg\" \/>\n<meta name=\"twitter:card\" content=\"summary_large_image\" \/>\n<meta name=\"twitter:label1\" content=\"Dur\u00e9e de lecture estim\u00e9e\" \/>\n\t<meta name=\"twitter:data1\" content=\"1 minute\" \/>\n<script type=\"application\/ld+json\" class=\"yoast-schema-graph\">{\"@context\":\"https:\\\/\\\/schema.org\",\"@graph\":[{\"@type\":\"WebPage\",\"@id\":\"https:\\\/\\\/cardinal-tapes.com\\\/fr\\\/rubans-adh\u00e9sifs\\\/rubans-adhesifs-simple-face\\\/at6190-bande-de-pierre-avec-une-adherence-extreme-fort-fort-etude\\\/\",\"url\":\"https:\\\/\\\/cardinal-tapes.com\\\/fr\\\/rubans-adh\u00e9sifs\\\/rubans-adhesifs-simple-face\\\/at6190-bande-de-pierre-avec-une-adherence-extreme-fort-fort-etude\\\/\",\"name\":\"AT6190 Bande de pierre | Cardinal TAPES\",\"isPartOf\":{\"@id\":\"https:\\\/\\\/cardinal-tapes.com\\\/#website\"},\"primaryImageOfPage\":{\"@id\":\"https:\\\/\\\/cardinal-tapes.com\\\/fr\\\/rubans-adh\u00e9sifs\\\/rubans-adhesifs-simple-face\\\/at6190-bande-de-pierre-avec-une-adherence-extreme-fort-fort-etude\\\/#primaryimage\"},\"image\":{\"@id\":\"https:\\\/\\\/cardinal-tapes.com\\\/fr\\\/rubans-adh\u00e9sifs\\\/rubans-adhesifs-simple-face\\\/at6190-bande-de-pierre-avec-une-adherence-extreme-fort-fort-etude\\\/#primaryimage\"},\"thumbnailUrl\":\"https:\\\/\\\/cardinal-tapes.com\\\/wp-content\\\/uploads\\\/AT6190-1.jpg\",\"datePublished\":\"2023-06-05T14:55:55+00:00\",\"description\":\"AT6190 est une bande de pierre super solide et r\u00e9sistante \u00e0 l'eau, enduite d'un adh\u00e9sif caoutchouc agressif et sans solvant.\",\"breadcrumb\":{\"@id\":\"https:\\\/\\\/cardinal-tapes.com\\\/fr\\\/rubans-adh\u00e9sifs\\\/rubans-adhesifs-simple-face\\\/at6190-bande-de-pierre-avec-une-adherence-extreme-fort-fort-etude\\\/#breadcrumb\"},\"inLanguage\":\"fr-FR\",\"potentialAction\":[{\"@type\":\"ReadAction\",\"target\":[\"https:\\\/\\\/cardinal-tapes.com\\\/fr\\\/rubans-adh\u00e9sifs\\\/rubans-adhesifs-simple-face\\\/at6190-bande-de-pierre-avec-une-adherence-extreme-fort-fort-etude\\\/\"]}]},{\"@type\":\"ImageObject\",\"inLanguage\":\"fr-FR\",\"@id\":\"https:\\\/\\\/cardinal-tapes.com\\\/fr\\\/rubans-adh\u00e9sifs\\\/rubans-adhesifs-simple-face\\\/at6190-bande-de-pierre-avec-une-adherence-extreme-fort-fort-etude\\\/#primaryimage\",\"url\":\"https:\\\/\\\/cardinal-tapes.com\\\/wp-content\\\/uploads\\\/AT6190-1.jpg\",\"contentUrl\":\"https:\\\/\\\/cardinal-tapes.com\\\/wp-content\\\/uploads\\\/AT6190-1.jpg\",\"width\":2000,\"height\":2000},{\"@type\":\"BreadcrumbList\",\"@id\":\"https:\\\/\\\/cardinal-tapes.com\\\/fr\\\/rubans-adh\u00e9sifs\\\/rubans-adhesifs-simple-face\\\/at6190-bande-de-pierre-avec-une-adherence-extreme-fort-fort-etude\\\/#breadcrumb\",\"itemListElement\":[{\"@type\":\"ListItem\",\"position\":1,\"name\":\"Startseite\",\"item\":\"https:\\\/\\\/cardinal-tapes.com\\\/fr\\\/accueil\\\/\"},{\"@type\":\"ListItem\",\"position\":2,\"name\":\"Rubans adh\u00e9sifs\",\"item\":\"https:\\\/\\\/cardinal-tapes.com\\\/fr\\\/rubans-adhesifs-fr\\\/\"},{\"@type\":\"ListItem\",\"position\":3,\"name\":\"Rubans adh\u00e9sifs simple face\",\"item\":\"https:\\\/\\\/cardinal-tapes.com\\\/fr\\\/catgorie\\\/rubans-adhesifs-simple-face\\\/\"},{\"@type\":\"ListItem\",\"position\":4,\"name\":\"AT6190 Bande de pierre avec adh\u00e9rence imm\u00e9diate extr\u00eamement forte\"}]},{\"@type\":\"WebSite\",\"@id\":\"https:\\\/\\\/cardinal-tapes.com\\\/#website\",\"url\":\"https:\\\/\\\/cardinal-tapes.com\\\/\",\"name\":\"cardinal TAPES\",\"description\":\"Klebetechnik aus Wuppertal\",\"potentialAction\":[{\"@type\":\"SearchAction\",\"target\":{\"@type\":\"EntryPoint\",\"urlTemplate\":\"https:\\\/\\\/cardinal-tapes.com\\\/?s={search_term_string}\"},\"query-input\":{\"@type\":\"PropertyValueSpecification\",\"valueRequired\":true,\"valueName\":\"search_term_string\"}}],\"inLanguage\":\"fr-FR\"}]}<\/script>\n<!-- \/ Yoast SEO plugin. -->","yoast_head_json":{"title":"AT6190 Bande de pierre | Cardinal TAPES","description":"AT6190 est une bande de pierre super solide et r\u00e9sistante \u00e0 l'eau, enduite d'un adh\u00e9sif caoutchouc agressif et sans solvant.","robots":{"index":"index","follow":"follow","max-snippet":"max-snippet:-1","max-image-preview":"max-image-preview:large","max-video-preview":"max-video-preview:-1"},"canonical":"https:\/\/cardinal-tapes.com\/fr\/rubans-adh\u00e9sifs\/rubans-adhesifs-simple-face\/at6190-bande-de-pierre-avec-une-adherence-extreme-fort-fort-etude\/","og_locale":"fr_FR","og_type":"article","og_title":"AT6190 Bande de pierre | Cardinal TAPES","og_description":"AT6190 est une bande de pierre super solide et r\u00e9sistante \u00e0 l'eau, enduite d'un adh\u00e9sif caoutchouc agressif et sans solvant.","og_url":"https:\/\/cardinal-tapes.com\/fr\/rubans-adh\u00e9sifs\/rubans-adhesifs-simple-face\/at6190-bande-de-pierre-avec-une-adherence-extreme-fort-fort-etude\/","og_site_name":"cardinal TAPES","og_image":[{"width":2000,"height":2000,"url":"https:\/\/cardinal-tapes.com\/wp-content\/uploads\/AT6190-1.jpg","type":"image\/jpeg"}],"twitter_card":"summary_large_image","twitter_misc":{"Dur\u00e9e de lecture estim\u00e9e":"1 minute"},"schema":{"@context":"https:\/\/schema.org","@graph":[{"@type":"WebPage","@id":"https:\/\/cardinal-tapes.com\/fr\/rubans-adh\u00e9sifs\/rubans-adhesifs-simple-face\/at6190-bande-de-pierre-avec-une-adherence-extreme-fort-fort-etude\/","url":"https:\/\/cardinal-tapes.com\/fr\/rubans-adh\u00e9sifs\/rubans-adhesifs-simple-face\/at6190-bande-de-pierre-avec-une-adherence-extreme-fort-fort-etude\/","name":"AT6190 Bande de pierre | Cardinal TAPES","isPartOf":{"@id":"https:\/\/cardinal-tapes.com\/#website"},"primaryImageOfPage":{"@id":"https:\/\/cardinal-tapes.com\/fr\/rubans-adh\u00e9sifs\/rubans-adhesifs-simple-face\/at6190-bande-de-pierre-avec-une-adherence-extreme-fort-fort-etude\/#primaryimage"},"image":{"@id":"https:\/\/cardinal-tapes.com\/fr\/rubans-adh\u00e9sifs\/rubans-adhesifs-simple-face\/at6190-bande-de-pierre-avec-une-adherence-extreme-fort-fort-etude\/#primaryimage"},"thumbnailUrl":"https:\/\/cardinal-tapes.com\/wp-content\/uploads\/AT6190-1.jpg","datePublished":"2023-06-05T14:55:55+00:00","description":"AT6190 est une bande de pierre super solide et r\u00e9sistante \u00e0 l'eau, enduite d'un adh\u00e9sif caoutchouc agressif et sans solvant.","breadcrumb":{"@id":"https:\/\/cardinal-tapes.com\/fr\/rubans-adh\u00e9sifs\/rubans-adhesifs-simple-face\/at6190-bande-de-pierre-avec-une-adherence-extreme-fort-fort-etude\/#breadcrumb"},"inLanguage":"fr-FR","potentialAction":[{"@type":"ReadAction","target":["https:\/\/cardinal-tapes.com\/fr\/rubans-adh\u00e9sifs\/rubans-adhesifs-simple-face\/at6190-bande-de-pierre-avec-une-adherence-extreme-fort-fort-etude\/"]}]},{"@type":"ImageObject","inLanguage":"fr-FR","@id":"https:\/\/cardinal-tapes.com\/fr\/rubans-adh\u00e9sifs\/rubans-adhesifs-simple-face\/at6190-bande-de-pierre-avec-une-adherence-extreme-fort-fort-etude\/#primaryimage","url":"https:\/\/cardinal-tapes.com\/wp-content\/uploads\/AT6190-1.jpg","contentUrl":"https:\/\/cardinal-tapes.com\/wp-content\/uploads\/AT6190-1.jpg","width":2000,"height":2000},{"@type":"BreadcrumbList","@id":"https:\/\/cardinal-tapes.com\/fr\/rubans-adh\u00e9sifs\/rubans-adhesifs-simple-face\/at6190-bande-de-pierre-avec-une-adherence-extreme-fort-fort-etude\/#breadcrumb","itemListElement":[{"@type":"ListItem","position":1,"name":"Startseite","item":"https:\/\/cardinal-tapes.com\/fr\/accueil\/"},{"@type":"ListItem","position":2,"name":"Rubans adh\u00e9sifs","item":"https:\/\/cardinal-tapes.com\/fr\/rubans-adhesifs-fr\/"},{"@type":"ListItem","position":3,"name":"Rubans adh\u00e9sifs simple face","item":"https:\/\/cardinal-tapes.com\/fr\/catgorie\/rubans-adhesifs-simple-face\/"},{"@type":"ListItem","position":4,"name":"AT6190 Bande de pierre avec adh\u00e9rence imm\u00e9diate extr\u00eamement forte"}]},{"@type":"WebSite","@id":"https:\/\/cardinal-tapes.com\/#website","url":"https:\/\/cardinal-tapes.com\/","name":"cardinal TAPES","description":"Klebetechnik aus Wuppertal","potentialAction":[{"@type":"SearchAction","target":{"@type":"EntryPoint","urlTemplate":"https:\/\/cardinal-tapes.com\/?s={search_term_string}"},"query-input":{"@type":"PropertyValueSpecification","valueRequired":true,"valueName":"search_term_string"}}],"inLanguage":"fr-FR"}]}},"brands":[{"id":2328,"name":"Advance Tapes","slug":"advance-tapes-fr"}],"_links":{"self":[{"href":"https:\/\/cardinal-tapes.com\/fr\/wp-json\/wp\/v2\/product\/40854","targetHints":{"allow":["GET"]}}],"collection":[{"href":"https:\/\/cardinal-tapes.com\/fr\/wp-json\/wp\/v2\/product"}],"about":[{"href":"https:\/\/cardinal-tapes.com\/fr\/wp-json\/wp\/v2\/types\/product"}],"wp:featuredmedia":[{"embeddable":true,"href":"https:\/\/cardinal-tapes.com\/fr\/wp-json\/wp\/v2\/media\/28776"}],"wp:attachment":[{"href":"https:\/\/cardinal-tapes.com\/fr\/wp-json\/wp\/v2\/media?parent=40854"}],"wp:term":[{"taxonomy":"pwb-brand","embeddable":true,"href":"https:\/\/cardinal-tapes.com\/fr\/wp-json\/wp\/v2\/pwb-brand?post=40854"},{"taxonomy":"product_brand","embeddable":true,"href":"https:\/\/cardinal-tapes.com\/fr\/wp-json\/wp\/v2\/product_brand?post=40854"},{"taxonomy":"product_cat","embeddable":true,"href":"https:\/\/cardinal-tapes.com\/fr\/wp-json\/wp\/v2\/product_cat?post=40854"},{"taxonomy":"product_tag","embeddable":true,"href":"https:\/\/cardinal-tapes.com\/fr\/wp-json\/wp\/v2\/product_tag?post=40854"}],"curies":[{"name":"wp","href":"https:\/\/api.w.org\/{rel}","templated":true}]}}