{"id":40853,"date":"2021-09-06T12:04:17","date_gmt":"2023-06-05T14:55:55","guid":{"rendered":"https:\/\/cardinal.pixel-tal.de\/klebebaender\/non class\u00e9\/at2002-bande-de-tissu-ignifuge\/"},"modified":"2023-06-05T16:55:55","modified_gmt":"2023-06-05T14:55:55","slug":"at2002-bande-tissee-ignifugee","status":"publish","type":"product","link":"https:\/\/cardinal-tapes.com\/fr\/rubans-adh\u00e9sifs\/domaines-dapplication\/ruban-adhesif-en-tissu\/at2002-bande-tissee-ignifugee\/","title":{"rendered":"AT2002 Bande de tissu ignifug\u00e9"},"content":{"rendered":"<div class=\"first_para_desc\">\n<div class=\"first_para_desc\">\n<div class=\"first_para_desc\">\n<div class=\"first_para_desc\">\n<p>AT2002 est une bande tiss\u00e9e lamin\u00e9e ignifuge avec des propri\u00e9t\u00e9s auto-extinguibles. Il est recouvert d&#8217;un adh\u00e9sif caoutchouc sp\u00e9cial, sensible \u00e0 la pression et sans solvant. Ce produit est id\u00e9al pour une utilisation dans l&#8217;aviation et la marine. Le ruban s&#8217;adapte bien aux surfaces lisses et irr\u00e9guli\u00e8res. Il est en outre conforme aux dispositions de la Federal Aviation FAR 25.853 (a) en mati\u00e8re d&#8217;ignifugation. Cette sp\u00e9cification est imprim\u00e9e sur la bande, ce qui permet de l&#8217;identifier facilement.<\/p>\n<\/div>\n<p><strong>Applications<\/strong><\/p>\n<ul>\n<li>la protection et la connexion lors de la construction ou de l&#8217;entretien d&#8217;avions, de navires, de sous-marins et de trains<\/li>\n<li>Etanch\u00e9it\u00e9 entre panneaux difficilement inflammables<\/li>\n<li>Assemblage de parois en fibres dures dans les cales, connu sous le nom de &#8220;cargo tape&#8221;.<\/li>\n<\/ul>\n<p><strong>Caract\u00e9ristiques<\/strong><\/p>\n<ul>\n<li>Sp\u00e9cifi\u00e9 selon RA 25.853<\/li>\n<li>S&#8217;enl\u00e8ve sans laisser de traces pendant 4 jours \u00e0 50\u00b0C<\/li>\n<li>R\u00e9sistant \u00e0 l&#8217;eau<\/li>\n<li>Bonne r\u00e9sistance \u00e0 l&#8217;abrasion<\/li>\n<li>Excellent pouvoir adh\u00e9sif<\/li>\n<\/ul>\n<\/div>\n<\/div>\n<\/div>\n","protected":false},"excerpt":{"rendered":"<p>AT2002 est une bande tiss\u00e9e lamin\u00e9e ignifuge avec des propri\u00e9t\u00e9s auto-extinguibles. Il est recouvert d&#8217;un adh\u00e9sif caoutchouc sp\u00e9cial, sensible \u00e0 la pression et sans solvant. Ce produit est id\u00e9al pour une utilisation dans l&#8217;aviation et la marine. Le ruban s&#8217;adapte bien aux surfaces lisses et irr\u00e9guli\u00e8res. Il est en outre conforme aux dispositions de la [&hellip;]<\/p>\n","protected":false},"featured_media":28792,"template":"","meta":{"_acf_changed":false},"pwb-brand":[2328],"product_brand":[],"product_cat":[1735,1737,1836],"product_tag":[],"class_list":{"0":"post-40853","1":"product","2":"type-product","3":"status-publish","4":"has-post-thumbnail","6":"pwb-brand-advance-tapes-fr","7":"product_cat-ruban-adhesif-en-tissu","8":"product_cat-ruban-enduit-de-plastique","9":"product_cat-rubans-adhesifs-simple-face","11":"first","12":"instock","13":"taxable","14":"shipping-taxable","15":"purchasable","16":"product-type-variable"},"acf":[],"yoast_head":"<!-- This site is optimized with the Yoast SEO plugin v27.3 - https:\/\/yoast.com\/product\/yoast-seo-wordpress\/ -->\n<title>AT2002 bande tiss\u00e9e ignifug\u00e9e | Cardinal TAPES<\/title>\n<meta name=\"description\" content=\"AT2002 est une bande tiss\u00e9e lamin\u00e9e ignifuge avec des propri\u00e9t\u00e9s auto-extinguibles.\" \/>\n<meta name=\"robots\" content=\"index, follow, max-snippet:-1, max-image-preview:large, max-video-preview:-1\" \/>\n<link rel=\"canonical\" href=\"https:\/\/cardinal-tapes.com\/fr\/rubans-adh\u00e9sifs\/ruban-adhesif-en-tissu\/at2002-bande-tissee-ignifugee\/\" \/>\n<meta property=\"og:locale\" content=\"fr_FR\" \/>\n<meta property=\"og:type\" content=\"article\" \/>\n<meta property=\"og:title\" content=\"AT2002 bande tiss\u00e9e ignifug\u00e9e | Cardinal TAPES\" \/>\n<meta property=\"og:description\" content=\"AT2002 est une bande tiss\u00e9e lamin\u00e9e ignifuge avec des propri\u00e9t\u00e9s auto-extinguibles.\" \/>\n<meta property=\"og:url\" content=\"https:\/\/cardinal-tapes.com\/fr\/rubans-adh\u00e9sifs\/ruban-adhesif-en-tissu\/at2002-bande-tissee-ignifugee\/\" \/>\n<meta property=\"og:site_name\" content=\"cardinal TAPES\" \/>\n<meta property=\"og:image\" content=\"https:\/\/cardinal-tapes.com\/wp-content\/uploads\/AT2002_6-scaled.jpg\" \/>\n\t<meta property=\"og:image:width\" content=\"2560\" \/>\n\t<meta property=\"og:image:height\" content=\"1707\" \/>\n\t<meta property=\"og:image:type\" content=\"image\/jpeg\" \/>\n<meta name=\"twitter:card\" content=\"summary_large_image\" \/>\n<meta name=\"twitter:label1\" content=\"Dur\u00e9e de lecture estim\u00e9e\" \/>\n\t<meta name=\"twitter:data1\" content=\"1 minute\" \/>\n<script type=\"application\/ld+json\" class=\"yoast-schema-graph\">{\"@context\":\"https:\\\/\\\/schema.org\",\"@graph\":[{\"@type\":\"WebPage\",\"@id\":\"https:\\\/\\\/cardinal-tapes.com\\\/fr\\\/rubans-adh\u00e9sifs\\\/ruban-adhesif-en-tissu\\\/at2002-bande-tissee-ignifugee\\\/\",\"url\":\"https:\\\/\\\/cardinal-tapes.com\\\/fr\\\/rubans-adh\u00e9sifs\\\/ruban-adhesif-en-tissu\\\/at2002-bande-tissee-ignifugee\\\/\",\"name\":\"AT2002 bande tiss\u00e9e ignifug\u00e9e | Cardinal TAPES\",\"isPartOf\":{\"@id\":\"https:\\\/\\\/cardinal-tapes.com\\\/#website\"},\"primaryImageOfPage\":{\"@id\":\"https:\\\/\\\/cardinal-tapes.com\\\/fr\\\/rubans-adh\u00e9sifs\\\/ruban-adhesif-en-tissu\\\/at2002-bande-tissee-ignifugee\\\/#primaryimage\"},\"image\":{\"@id\":\"https:\\\/\\\/cardinal-tapes.com\\\/fr\\\/rubans-adh\u00e9sifs\\\/ruban-adhesif-en-tissu\\\/at2002-bande-tissee-ignifugee\\\/#primaryimage\"},\"thumbnailUrl\":\"https:\\\/\\\/cardinal-tapes.com\\\/wp-content\\\/uploads\\\/AT2002_6-scaled.jpg\",\"datePublished\":\"2023-06-05T14:55:55+00:00\",\"description\":\"AT2002 est une bande tiss\u00e9e lamin\u00e9e ignifuge avec des propri\u00e9t\u00e9s auto-extinguibles.\",\"breadcrumb\":{\"@id\":\"https:\\\/\\\/cardinal-tapes.com\\\/fr\\\/rubans-adh\u00e9sifs\\\/ruban-adhesif-en-tissu\\\/at2002-bande-tissee-ignifugee\\\/#breadcrumb\"},\"inLanguage\":\"fr-FR\",\"potentialAction\":[{\"@type\":\"ReadAction\",\"target\":[\"https:\\\/\\\/cardinal-tapes.com\\\/fr\\\/rubans-adh\u00e9sifs\\\/ruban-adhesif-en-tissu\\\/at2002-bande-tissee-ignifugee\\\/\"]}]},{\"@type\":\"ImageObject\",\"inLanguage\":\"fr-FR\",\"@id\":\"https:\\\/\\\/cardinal-tapes.com\\\/fr\\\/rubans-adh\u00e9sifs\\\/ruban-adhesif-en-tissu\\\/at2002-bande-tissee-ignifugee\\\/#primaryimage\",\"url\":\"https:\\\/\\\/cardinal-tapes.com\\\/wp-content\\\/uploads\\\/AT2002_6-scaled.jpg\",\"contentUrl\":\"https:\\\/\\\/cardinal-tapes.com\\\/wp-content\\\/uploads\\\/AT2002_6-scaled.jpg\",\"width\":2560,\"height\":1707},{\"@type\":\"BreadcrumbList\",\"@id\":\"https:\\\/\\\/cardinal-tapes.com\\\/fr\\\/rubans-adh\u00e9sifs\\\/ruban-adhesif-en-tissu\\\/at2002-bande-tissee-ignifugee\\\/#breadcrumb\",\"itemListElement\":[{\"@type\":\"ListItem\",\"position\":1,\"name\":\"Startseite\",\"item\":\"https:\\\/\\\/cardinal-tapes.com\\\/fr\\\/accueil\\\/\"},{\"@type\":\"ListItem\",\"position\":2,\"name\":\"Rubans adh\u00e9sifs\",\"item\":\"https:\\\/\\\/cardinal-tapes.com\\\/fr\\\/rubans-adhesifs-fr\\\/\"},{\"@type\":\"ListItem\",\"position\":3,\"name\":\"Ruban adh\u00e9sif en tissu\",\"item\":\"https:\\\/\\\/cardinal-tapes.com\\\/fr\\\/catgorie\\\/ruban-adhesif-en-tissu\\\/\"},{\"@type\":\"ListItem\",\"position\":4,\"name\":\"AT2002 Bande de tissu ignifug\u00e9\"}]},{\"@type\":\"WebSite\",\"@id\":\"https:\\\/\\\/cardinal-tapes.com\\\/#website\",\"url\":\"https:\\\/\\\/cardinal-tapes.com\\\/\",\"name\":\"cardinal TAPES\",\"description\":\"Klebetechnik aus Wuppertal\",\"potentialAction\":[{\"@type\":\"SearchAction\",\"target\":{\"@type\":\"EntryPoint\",\"urlTemplate\":\"https:\\\/\\\/cardinal-tapes.com\\\/?s={search_term_string}\"},\"query-input\":{\"@type\":\"PropertyValueSpecification\",\"valueRequired\":true,\"valueName\":\"search_term_string\"}}],\"inLanguage\":\"fr-FR\"}]}<\/script>\n<!-- \/ Yoast SEO plugin. -->","yoast_head_json":{"title":"AT2002 bande tiss\u00e9e ignifug\u00e9e | Cardinal TAPES","description":"AT2002 est une bande tiss\u00e9e lamin\u00e9e ignifuge avec des propri\u00e9t\u00e9s auto-extinguibles.","robots":{"index":"index","follow":"follow","max-snippet":"max-snippet:-1","max-image-preview":"max-image-preview:large","max-video-preview":"max-video-preview:-1"},"canonical":"https:\/\/cardinal-tapes.com\/fr\/rubans-adh\u00e9sifs\/ruban-adhesif-en-tissu\/at2002-bande-tissee-ignifugee\/","og_locale":"fr_FR","og_type":"article","og_title":"AT2002 bande tiss\u00e9e ignifug\u00e9e | Cardinal TAPES","og_description":"AT2002 est une bande tiss\u00e9e lamin\u00e9e ignifuge avec des propri\u00e9t\u00e9s auto-extinguibles.","og_url":"https:\/\/cardinal-tapes.com\/fr\/rubans-adh\u00e9sifs\/ruban-adhesif-en-tissu\/at2002-bande-tissee-ignifugee\/","og_site_name":"cardinal TAPES","og_image":[{"width":2560,"height":1707,"url":"https:\/\/cardinal-tapes.com\/wp-content\/uploads\/AT2002_6-scaled.jpg","type":"image\/jpeg"}],"twitter_card":"summary_large_image","twitter_misc":{"Dur\u00e9e de lecture estim\u00e9e":"1 minute"},"schema":{"@context":"https:\/\/schema.org","@graph":[{"@type":"WebPage","@id":"https:\/\/cardinal-tapes.com\/fr\/rubans-adh\u00e9sifs\/ruban-adhesif-en-tissu\/at2002-bande-tissee-ignifugee\/","url":"https:\/\/cardinal-tapes.com\/fr\/rubans-adh\u00e9sifs\/ruban-adhesif-en-tissu\/at2002-bande-tissee-ignifugee\/","name":"AT2002 bande tiss\u00e9e ignifug\u00e9e | Cardinal TAPES","isPartOf":{"@id":"https:\/\/cardinal-tapes.com\/#website"},"primaryImageOfPage":{"@id":"https:\/\/cardinal-tapes.com\/fr\/rubans-adh\u00e9sifs\/ruban-adhesif-en-tissu\/at2002-bande-tissee-ignifugee\/#primaryimage"},"image":{"@id":"https:\/\/cardinal-tapes.com\/fr\/rubans-adh\u00e9sifs\/ruban-adhesif-en-tissu\/at2002-bande-tissee-ignifugee\/#primaryimage"},"thumbnailUrl":"https:\/\/cardinal-tapes.com\/wp-content\/uploads\/AT2002_6-scaled.jpg","datePublished":"2023-06-05T14:55:55+00:00","description":"AT2002 est une bande tiss\u00e9e lamin\u00e9e ignifuge avec des propri\u00e9t\u00e9s auto-extinguibles.","breadcrumb":{"@id":"https:\/\/cardinal-tapes.com\/fr\/rubans-adh\u00e9sifs\/ruban-adhesif-en-tissu\/at2002-bande-tissee-ignifugee\/#breadcrumb"},"inLanguage":"fr-FR","potentialAction":[{"@type":"ReadAction","target":["https:\/\/cardinal-tapes.com\/fr\/rubans-adh\u00e9sifs\/ruban-adhesif-en-tissu\/at2002-bande-tissee-ignifugee\/"]}]},{"@type":"ImageObject","inLanguage":"fr-FR","@id":"https:\/\/cardinal-tapes.com\/fr\/rubans-adh\u00e9sifs\/ruban-adhesif-en-tissu\/at2002-bande-tissee-ignifugee\/#primaryimage","url":"https:\/\/cardinal-tapes.com\/wp-content\/uploads\/AT2002_6-scaled.jpg","contentUrl":"https:\/\/cardinal-tapes.com\/wp-content\/uploads\/AT2002_6-scaled.jpg","width":2560,"height":1707},{"@type":"BreadcrumbList","@id":"https:\/\/cardinal-tapes.com\/fr\/rubans-adh\u00e9sifs\/ruban-adhesif-en-tissu\/at2002-bande-tissee-ignifugee\/#breadcrumb","itemListElement":[{"@type":"ListItem","position":1,"name":"Startseite","item":"https:\/\/cardinal-tapes.com\/fr\/accueil\/"},{"@type":"ListItem","position":2,"name":"Rubans adh\u00e9sifs","item":"https:\/\/cardinal-tapes.com\/fr\/rubans-adhesifs-fr\/"},{"@type":"ListItem","position":3,"name":"Ruban adh\u00e9sif en tissu","item":"https:\/\/cardinal-tapes.com\/fr\/catgorie\/ruban-adhesif-en-tissu\/"},{"@type":"ListItem","position":4,"name":"AT2002 Bande de tissu ignifug\u00e9"}]},{"@type":"WebSite","@id":"https:\/\/cardinal-tapes.com\/#website","url":"https:\/\/cardinal-tapes.com\/","name":"cardinal TAPES","description":"Klebetechnik aus Wuppertal","potentialAction":[{"@type":"SearchAction","target":{"@type":"EntryPoint","urlTemplate":"https:\/\/cardinal-tapes.com\/?s={search_term_string}"},"query-input":{"@type":"PropertyValueSpecification","valueRequired":true,"valueName":"search_term_string"}}],"inLanguage":"fr-FR"}]}},"brands":[{"id":2328,"name":"Advance Tapes","slug":"advance-tapes-fr"}],"_links":{"self":[{"href":"https:\/\/cardinal-tapes.com\/fr\/wp-json\/wp\/v2\/product\/40853","targetHints":{"allow":["GET"]}}],"collection":[{"href":"https:\/\/cardinal-tapes.com\/fr\/wp-json\/wp\/v2\/product"}],"about":[{"href":"https:\/\/cardinal-tapes.com\/fr\/wp-json\/wp\/v2\/types\/product"}],"wp:featuredmedia":[{"embeddable":true,"href":"https:\/\/cardinal-tapes.com\/fr\/wp-json\/wp\/v2\/media\/28792"}],"wp:attachment":[{"href":"https:\/\/cardinal-tapes.com\/fr\/wp-json\/wp\/v2\/media?parent=40853"}],"wp:term":[{"taxonomy":"pwb-brand","embeddable":true,"href":"https:\/\/cardinal-tapes.com\/fr\/wp-json\/wp\/v2\/pwb-brand?post=40853"},{"taxonomy":"product_brand","embeddable":true,"href":"https:\/\/cardinal-tapes.com\/fr\/wp-json\/wp\/v2\/product_brand?post=40853"},{"taxonomy":"product_cat","embeddable":true,"href":"https:\/\/cardinal-tapes.com\/fr\/wp-json\/wp\/v2\/product_cat?post=40853"},{"taxonomy":"product_tag","embeddable":true,"href":"https:\/\/cardinal-tapes.com\/fr\/wp-json\/wp\/v2\/product_tag?post=40853"}],"curies":[{"name":"wp","href":"https:\/\/api.w.org\/{rel}","templated":true}]}}