{"id":40850,"date":"2021-07-08T09:29:32","date_gmt":"2023-06-05T14:55:55","guid":{"rendered":"https:\/\/cardinal.pixel-tal.de\/klebebaender\/non%20class\u00e9\/h-old-as-40-ruban-adhesif-en-aluminium\/"},"modified":"2025-07-02T12:41:34","modified_gmt":"2025-07-02T10:41:34","slug":"ruban-adhesif-en-aluminium-h-old-as-40","status":"publish","type":"product","link":"https:\/\/cardinal-tapes.com\/fr\/rubans-adh\u00e9sifs\/domaines-dapplication\/ruban-adhesif-en-aluminium\/ruban-adhesif-en-aluminium-h-old-as-40\/","title":{"rendered":"h-old AS.40 Ruban adh\u00e9sif en aluminium"},"content":{"rendered":"<p>Le H-Old AS.040 est un ruban adh\u00e9sif en aluminium pur, enduit d&#8217;un c\u00f4t\u00e9 d&#8217;une colle acrylate sans couverture en papier silicon\u00e9. Il est utilis\u00e9 comme ruban de masquage, pour l&#8217;isolation et la r\u00e9flexion de la chaleur.<\/p>\n<p><strong>Propri\u00e9t\u00e9s<\/strong><br \/>\n&#8211; bonne r\u00e9sistance aux UV et au vieillissement<br \/>\n&#8211; pouvoir adh\u00e9sif tr\u00e8s \u00e9lev\u00e9 \u00e0 basse temp\u00e9rature<\/p>\n<p><strong>Applications<\/strong><br \/>\n&#8211; R\u00e9paration de conduites en aluminium<br \/>\n&#8211; Isolation contre la chaleur<\/p>\n","protected":false},"excerpt":{"rendered":"<p>Le H-Old AS.040 est un ruban adh\u00e9sif en aluminium pur, enduit d&#8217;un c\u00f4t\u00e9 d&#8217;une colle acrylate sans couverture en papier silicon\u00e9. Il est utilis\u00e9 comme ruban de masquage, pour l&#8217;isolation et la r\u00e9flexion de la chaleur. Propri\u00e9t\u00e9s &#8211; bonne r\u00e9sistance aux UV et au vieillissement &#8211; pouvoir adh\u00e9sif tr\u00e8s \u00e9lev\u00e9 \u00e0 basse temp\u00e9rature Applications &#8211; [&hellip;]<\/p>\n","protected":false},"featured_media":28736,"template":"","meta":{"_acf_changed":false},"pwb-brand":[2330,2367],"product_brand":[],"product_cat":[1666,1836],"product_tag":[],"class_list":{"0":"post-40850","1":"product","2":"type-product","3":"status-publish","4":"has-post-thumbnail","6":"pwb-brand-saint-gobain-fr","7":"pwb-brand-h-old-fr","8":"product_cat-ruban-adhesif-en-aluminium","9":"product_cat-rubans-adhesifs-simple-face","11":"first","12":"instock","13":"taxable","14":"shipping-taxable","15":"product-type-simple"},"acf":[],"yoast_head":"<!-- This site is optimized with the Yoast SEO plugin v27.3 - https:\/\/yoast.com\/product\/yoast-seo-wordpress\/ -->\n<title>h-old AS.40 Ruban adh\u00e9sif en aluminium - cardinal TAPES<\/title>\n<meta name=\"robots\" content=\"index, follow, max-snippet:-1, max-image-preview:large, max-video-preview:-1\" \/>\n<link rel=\"canonical\" href=\"https:\/\/cardinal-tapes.com\/fr\/rubans-adh\u00e9sifs\/domaines-dapplication\/ruban-adhesif-en-aluminium\/ruban-adhesif-en-aluminium-h-old-as-40\/\" \/>\n<meta property=\"og:locale\" content=\"fr_FR\" \/>\n<meta property=\"og:type\" content=\"article\" \/>\n<meta property=\"og:title\" content=\"h-old AS.40 Ruban adh\u00e9sif en aluminium - cardinal TAPES\" \/>\n<meta property=\"og:description\" content=\"Le H-Old AS.040 est un ruban adh\u00e9sif en aluminium pur, enduit d&#8217;un c\u00f4t\u00e9 d&#8217;une colle acrylate sans couverture en papier silicon\u00e9. Il est utilis\u00e9 comme ruban de masquage, pour l&#8217;isolation et la r\u00e9flexion de la chaleur. Propri\u00e9t\u00e9s &#8211; bonne r\u00e9sistance aux UV et au vieillissement &#8211; pouvoir adh\u00e9sif tr\u00e8s \u00e9lev\u00e9 \u00e0 basse temp\u00e9rature Applications &#8211; [&hellip;]\" \/>\n<meta property=\"og:url\" content=\"https:\/\/cardinal-tapes.com\/fr\/rubans-adh\u00e9sifs\/domaines-dapplication\/ruban-adhesif-en-aluminium\/ruban-adhesif-en-aluminium-h-old-as-40\/\" \/>\n<meta property=\"og:site_name\" content=\"cardinal TAPES\" \/>\n<meta property=\"article:modified_time\" content=\"2025-07-02T10:41:34+00:00\" \/>\n<meta property=\"og:image\" content=\"https:\/\/cardinal-tapes.com\/wp-content\/uploads\/as-50-ok_3.jpg\" \/>\n\t<meta property=\"og:image:width\" content=\"458\" \/>\n\t<meta property=\"og:image:height\" content=\"512\" \/>\n\t<meta property=\"og:image:type\" content=\"image\/jpeg\" \/>\n<meta name=\"twitter:card\" content=\"summary_large_image\" \/>\n<script type=\"application\/ld+json\" class=\"yoast-schema-graph\">{\"@context\":\"https:\\\/\\\/schema.org\",\"@graph\":[{\"@type\":\"WebPage\",\"@id\":\"https:\\\/\\\/cardinal-tapes.com\\\/fr\\\/rubans-adh\u00e9sifs\\\/domaines-dapplication\\\/ruban-adhesif-en-aluminium\\\/ruban-adhesif-en-aluminium-h-old-as-40\\\/\",\"url\":\"https:\\\/\\\/cardinal-tapes.com\\\/fr\\\/rubans-adh\u00e9sifs\\\/domaines-dapplication\\\/ruban-adhesif-en-aluminium\\\/ruban-adhesif-en-aluminium-h-old-as-40\\\/\",\"name\":\"h-old AS.40 Ruban adh\u00e9sif en aluminium - cardinal TAPES\",\"isPartOf\":{\"@id\":\"https:\\\/\\\/cardinal-tapes.com\\\/#website\"},\"primaryImageOfPage\":{\"@id\":\"https:\\\/\\\/cardinal-tapes.com\\\/fr\\\/rubans-adh\u00e9sifs\\\/domaines-dapplication\\\/ruban-adhesif-en-aluminium\\\/ruban-adhesif-en-aluminium-h-old-as-40\\\/#primaryimage\"},\"image\":{\"@id\":\"https:\\\/\\\/cardinal-tapes.com\\\/fr\\\/rubans-adh\u00e9sifs\\\/domaines-dapplication\\\/ruban-adhesif-en-aluminium\\\/ruban-adhesif-en-aluminium-h-old-as-40\\\/#primaryimage\"},\"thumbnailUrl\":\"https:\\\/\\\/cardinal-tapes.com\\\/wp-content\\\/uploads\\\/as-50-ok_3.jpg\",\"datePublished\":\"2023-06-05T14:55:55+00:00\",\"dateModified\":\"2025-07-02T10:41:34+00:00\",\"breadcrumb\":{\"@id\":\"https:\\\/\\\/cardinal-tapes.com\\\/fr\\\/rubans-adh\u00e9sifs\\\/domaines-dapplication\\\/ruban-adhesif-en-aluminium\\\/ruban-adhesif-en-aluminium-h-old-as-40\\\/#breadcrumb\"},\"inLanguage\":\"fr-FR\",\"potentialAction\":[{\"@type\":\"ReadAction\",\"target\":[\"https:\\\/\\\/cardinal-tapes.com\\\/fr\\\/rubans-adh\u00e9sifs\\\/domaines-dapplication\\\/ruban-adhesif-en-aluminium\\\/ruban-adhesif-en-aluminium-h-old-as-40\\\/\"]}]},{\"@type\":\"ImageObject\",\"inLanguage\":\"fr-FR\",\"@id\":\"https:\\\/\\\/cardinal-tapes.com\\\/fr\\\/rubans-adh\u00e9sifs\\\/domaines-dapplication\\\/ruban-adhesif-en-aluminium\\\/ruban-adhesif-en-aluminium-h-old-as-40\\\/#primaryimage\",\"url\":\"https:\\\/\\\/cardinal-tapes.com\\\/wp-content\\\/uploads\\\/as-50-ok_3.jpg\",\"contentUrl\":\"https:\\\/\\\/cardinal-tapes.com\\\/wp-content\\\/uploads\\\/as-50-ok_3.jpg\",\"width\":458,\"height\":512},{\"@type\":\"BreadcrumbList\",\"@id\":\"https:\\\/\\\/cardinal-tapes.com\\\/fr\\\/rubans-adh\u00e9sifs\\\/domaines-dapplication\\\/ruban-adhesif-en-aluminium\\\/ruban-adhesif-en-aluminium-h-old-as-40\\\/#breadcrumb\",\"itemListElement\":[{\"@type\":\"ListItem\",\"position\":1,\"name\":\"Startseite\",\"item\":\"https:\\\/\\\/cardinal-tapes.com\\\/fr\\\/accueil\\\/\"},{\"@type\":\"ListItem\",\"position\":2,\"name\":\"Rubans adh\u00e9sifs\",\"item\":\"https:\\\/\\\/cardinal-tapes.com\\\/fr\\\/rubans-adhesifs-fr\\\/\"},{\"@type\":\"ListItem\",\"position\":3,\"name\":\"Domaines d&#039;application\",\"item\":\"https:\\\/\\\/cardinal-tapes.com\\\/fr\\\/catgorie\\\/domaines-dapplication\\\/\"},{\"@type\":\"ListItem\",\"position\":4,\"name\":\"Ruban adh\u00e9sif en aluminium\",\"item\":\"https:\\\/\\\/cardinal-tapes.com\\\/fr\\\/catgorie\\\/ruban-adhesif-en-aluminium\\\/\"},{\"@type\":\"ListItem\",\"position\":5,\"name\":\"h-old AS.40 Ruban adh\u00e9sif en aluminium\"}]},{\"@type\":\"WebSite\",\"@id\":\"https:\\\/\\\/cardinal-tapes.com\\\/#website\",\"url\":\"https:\\\/\\\/cardinal-tapes.com\\\/\",\"name\":\"cardinal TAPES\",\"description\":\"Klebetechnik aus Wuppertal\",\"potentialAction\":[{\"@type\":\"SearchAction\",\"target\":{\"@type\":\"EntryPoint\",\"urlTemplate\":\"https:\\\/\\\/cardinal-tapes.com\\\/?s={search_term_string}\"},\"query-input\":{\"@type\":\"PropertyValueSpecification\",\"valueRequired\":true,\"valueName\":\"search_term_string\"}}],\"inLanguage\":\"fr-FR\"}]}<\/script>\n<!-- \/ Yoast SEO plugin. -->","yoast_head_json":{"title":"h-old AS.40 Ruban adh\u00e9sif en aluminium - cardinal TAPES","robots":{"index":"index","follow":"follow","max-snippet":"max-snippet:-1","max-image-preview":"max-image-preview:large","max-video-preview":"max-video-preview:-1"},"canonical":"https:\/\/cardinal-tapes.com\/fr\/rubans-adh\u00e9sifs\/domaines-dapplication\/ruban-adhesif-en-aluminium\/ruban-adhesif-en-aluminium-h-old-as-40\/","og_locale":"fr_FR","og_type":"article","og_title":"h-old AS.40 Ruban adh\u00e9sif en aluminium - cardinal TAPES","og_description":"Le H-Old AS.040 est un ruban adh\u00e9sif en aluminium pur, enduit d&#8217;un c\u00f4t\u00e9 d&#8217;une colle acrylate sans couverture en papier silicon\u00e9. Il est utilis\u00e9 comme ruban de masquage, pour l&#8217;isolation et la r\u00e9flexion de la chaleur. Propri\u00e9t\u00e9s &#8211; bonne r\u00e9sistance aux UV et au vieillissement &#8211; pouvoir adh\u00e9sif tr\u00e8s \u00e9lev\u00e9 \u00e0 basse temp\u00e9rature Applications &#8211; [&hellip;]","og_url":"https:\/\/cardinal-tapes.com\/fr\/rubans-adh\u00e9sifs\/domaines-dapplication\/ruban-adhesif-en-aluminium\/ruban-adhesif-en-aluminium-h-old-as-40\/","og_site_name":"cardinal TAPES","article_modified_time":"2025-07-02T10:41:34+00:00","og_image":[{"width":458,"height":512,"url":"https:\/\/cardinal-tapes.com\/wp-content\/uploads\/as-50-ok_3.jpg","type":"image\/jpeg"}],"twitter_card":"summary_large_image","schema":{"@context":"https:\/\/schema.org","@graph":[{"@type":"WebPage","@id":"https:\/\/cardinal-tapes.com\/fr\/rubans-adh\u00e9sifs\/domaines-dapplication\/ruban-adhesif-en-aluminium\/ruban-adhesif-en-aluminium-h-old-as-40\/","url":"https:\/\/cardinal-tapes.com\/fr\/rubans-adh\u00e9sifs\/domaines-dapplication\/ruban-adhesif-en-aluminium\/ruban-adhesif-en-aluminium-h-old-as-40\/","name":"h-old AS.40 Ruban adh\u00e9sif en aluminium - cardinal TAPES","isPartOf":{"@id":"https:\/\/cardinal-tapes.com\/#website"},"primaryImageOfPage":{"@id":"https:\/\/cardinal-tapes.com\/fr\/rubans-adh\u00e9sifs\/domaines-dapplication\/ruban-adhesif-en-aluminium\/ruban-adhesif-en-aluminium-h-old-as-40\/#primaryimage"},"image":{"@id":"https:\/\/cardinal-tapes.com\/fr\/rubans-adh\u00e9sifs\/domaines-dapplication\/ruban-adhesif-en-aluminium\/ruban-adhesif-en-aluminium-h-old-as-40\/#primaryimage"},"thumbnailUrl":"https:\/\/cardinal-tapes.com\/wp-content\/uploads\/as-50-ok_3.jpg","datePublished":"2023-06-05T14:55:55+00:00","dateModified":"2025-07-02T10:41:34+00:00","breadcrumb":{"@id":"https:\/\/cardinal-tapes.com\/fr\/rubans-adh\u00e9sifs\/domaines-dapplication\/ruban-adhesif-en-aluminium\/ruban-adhesif-en-aluminium-h-old-as-40\/#breadcrumb"},"inLanguage":"fr-FR","potentialAction":[{"@type":"ReadAction","target":["https:\/\/cardinal-tapes.com\/fr\/rubans-adh\u00e9sifs\/domaines-dapplication\/ruban-adhesif-en-aluminium\/ruban-adhesif-en-aluminium-h-old-as-40\/"]}]},{"@type":"ImageObject","inLanguage":"fr-FR","@id":"https:\/\/cardinal-tapes.com\/fr\/rubans-adh\u00e9sifs\/domaines-dapplication\/ruban-adhesif-en-aluminium\/ruban-adhesif-en-aluminium-h-old-as-40\/#primaryimage","url":"https:\/\/cardinal-tapes.com\/wp-content\/uploads\/as-50-ok_3.jpg","contentUrl":"https:\/\/cardinal-tapes.com\/wp-content\/uploads\/as-50-ok_3.jpg","width":458,"height":512},{"@type":"BreadcrumbList","@id":"https:\/\/cardinal-tapes.com\/fr\/rubans-adh\u00e9sifs\/domaines-dapplication\/ruban-adhesif-en-aluminium\/ruban-adhesif-en-aluminium-h-old-as-40\/#breadcrumb","itemListElement":[{"@type":"ListItem","position":1,"name":"Startseite","item":"https:\/\/cardinal-tapes.com\/fr\/accueil\/"},{"@type":"ListItem","position":2,"name":"Rubans adh\u00e9sifs","item":"https:\/\/cardinal-tapes.com\/fr\/rubans-adhesifs-fr\/"},{"@type":"ListItem","position":3,"name":"Domaines d&#039;application","item":"https:\/\/cardinal-tapes.com\/fr\/catgorie\/domaines-dapplication\/"},{"@type":"ListItem","position":4,"name":"Ruban adh\u00e9sif en aluminium","item":"https:\/\/cardinal-tapes.com\/fr\/catgorie\/ruban-adhesif-en-aluminium\/"},{"@type":"ListItem","position":5,"name":"h-old AS.40 Ruban adh\u00e9sif en aluminium"}]},{"@type":"WebSite","@id":"https:\/\/cardinal-tapes.com\/#website","url":"https:\/\/cardinal-tapes.com\/","name":"cardinal TAPES","description":"Klebetechnik aus Wuppertal","potentialAction":[{"@type":"SearchAction","target":{"@type":"EntryPoint","urlTemplate":"https:\/\/cardinal-tapes.com\/?s={search_term_string}"},"query-input":{"@type":"PropertyValueSpecification","valueRequired":true,"valueName":"search_term_string"}}],"inLanguage":"fr-FR"}]}},"brands":[{"id":2330,"name":"Saint-Gobain Performance Plastics","slug":"saint-gobain-fr"},{"id":2367,"name":"Saint-Gobain h-old","slug":"h-old-fr"}],"_links":{"self":[{"href":"https:\/\/cardinal-tapes.com\/fr\/wp-json\/wp\/v2\/product\/40850","targetHints":{"allow":["GET"]}}],"collection":[{"href":"https:\/\/cardinal-tapes.com\/fr\/wp-json\/wp\/v2\/product"}],"about":[{"href":"https:\/\/cardinal-tapes.com\/fr\/wp-json\/wp\/v2\/types\/product"}],"wp:featuredmedia":[{"embeddable":true,"href":"https:\/\/cardinal-tapes.com\/fr\/wp-json\/wp\/v2\/media\/28736"}],"wp:attachment":[{"href":"https:\/\/cardinal-tapes.com\/fr\/wp-json\/wp\/v2\/media?parent=40850"}],"wp:term":[{"taxonomy":"pwb-brand","embeddable":true,"href":"https:\/\/cardinal-tapes.com\/fr\/wp-json\/wp\/v2\/pwb-brand?post=40850"},{"taxonomy":"product_brand","embeddable":true,"href":"https:\/\/cardinal-tapes.com\/fr\/wp-json\/wp\/v2\/product_brand?post=40850"},{"taxonomy":"product_cat","embeddable":true,"href":"https:\/\/cardinal-tapes.com\/fr\/wp-json\/wp\/v2\/product_cat?post=40850"},{"taxonomy":"product_tag","embeddable":true,"href":"https:\/\/cardinal-tapes.com\/fr\/wp-json\/wp\/v2\/product_tag?post=40850"}],"curies":[{"name":"wp","href":"https:\/\/api.w.org\/{rel}","templated":true}]}}