{"id":40763,"date":"2021-06-17T11:27:26","date_gmt":"2023-06-05T14:55:52","guid":{"rendered":"https:\/\/cardinal.pixel-tal.de\/klebebaender\/non%20class\u00e9\/at123-bande-de-tissu-de-rayonne\/"},"modified":"2025-07-02T12:44:40","modified_gmt":"2025-07-02T10:44:40","slug":"at123-rayon-bande-tissee","status":"publish","type":"product","link":"https:\/\/cardinal-tapes.com\/fr\/rubans-adh\u00e9sifs\/domaines-dapplication\/ruban-adhesif-en-tissu\/at123-rayon-bande-tissee\/","title":{"rendered":"AT123 Bande de tissu de rayonne"},"content":{"rendered":"<div class=\"first_para_desc\">\n<div class=\"first_para_desc\">\n<div class=\"first_para_desc\">\n<p>AT123 est un ruban en tissu de rayonne solide, tiss\u00e9 serr\u00e9, non blanchi et non enduit, recouvert d&#8217;un adh\u00e9sif caoutchouc transparent, agressif, sensible \u00e0 la pression et sans solvant. Le ruban est enti\u00e8rement biod\u00e9gradable.<\/p>\n<p><strong>Applications<\/strong><\/p>\n<ul>\n<li><span id=\"[0,5]\" class=\"word\">Id\u00e9al<\/span> <span id=\"[10,13]\" class=\"word\">pour<\/span> <span id=\"[14,23]\" class=\"word\">couvrir<\/span> <span id=\"[24,27]\" class=\"word\">les<\/span> <span id=\"[28,53]\" class=\"word\">joints d&#8217;empilage de tissu<\/span> <span id=\"[54,56]\" class=\"word\">dans<\/span> <span id=\"[57,60]\" class=\"word\">l<\/span> <span id=\"[61,75]\" class=\"word\">&#8216;industrie du meuble<\/span><span id=\"[77,79]\" class=\"word\">et<\/span> <span id=\"[80,89]\" class=\"word\">le cerclage<\/span> <span id=\"[90,93]\" class=\"word\">des<\/span> <span id=\"[94,112]\" class=\"word\">poign\u00e9es d&#8217;\u00e9quipements sportifs<\/span>.<\/li>\n<\/ul>\n<\/div>\n<\/div>\n<\/div>\n","protected":false},"excerpt":{"rendered":"<p>AT123 est un ruban en tissu de rayonne solide, tiss\u00e9 serr\u00e9, non blanchi et non enduit, recouvert d&#8217;un adh\u00e9sif caoutchouc transparent, agressif, sensible \u00e0 la pression et sans solvant. Le ruban est enti\u00e8rement biod\u00e9gradable. Applications Id\u00e9al pour couvrir les joints d&#8217;empilage de tissu dans l &#8216;industrie du meubleet le cerclage des poign\u00e9es d&#8217;\u00e9quipements sportifs.<\/p>\n","protected":false},"featured_media":28700,"template":"","meta":{"_acf_changed":false},"pwb-brand":[2328],"product_brand":[],"product_cat":[1836,1735,1737],"product_tag":[],"class_list":{"0":"post-40763","1":"product","2":"type-product","3":"status-publish","4":"has-post-thumbnail","6":"pwb-brand-advance-tapes-fr","7":"product_cat-rubans-adhesifs-simple-face","8":"product_cat-ruban-adhesif-en-tissu","9":"product_cat-ruban-enduit-de-plastique","11":"first","12":"instock","13":"taxable","14":"shipping-taxable","15":"purchasable","16":"product-type-variable"},"acf":[],"yoast_head":"<!-- This site is optimized with the Yoast SEO plugin v27.3 - https:\/\/yoast.com\/product\/yoast-seo-wordpress\/ -->\n<title>AT123Bande tiss\u00e9e Rayon | Cardinal TAPES<\/title>\n<meta name=\"description\" content=\"AT123 est un ruban en tissu de rayonne solide, tiss\u00e9 serr\u00e9, non blanchi et non enduit, recouvert d&#039;un adh\u00e9sif en caoutchouc transparent.\" \/>\n<meta name=\"robots\" content=\"index, follow, max-snippet:-1, max-image-preview:large, max-video-preview:-1\" \/>\n<link rel=\"canonical\" href=\"https:\/\/cardinal-tapes.com\/fr\/rubans-adh\u00e9sifs\/domaines-dapplication\/ruban-adhesif-en-tissu\/at123-rayon-bande-tissee\/\" \/>\n<meta property=\"og:locale\" content=\"fr_FR\" \/>\n<meta property=\"og:type\" content=\"article\" \/>\n<meta property=\"og:title\" content=\"AT123Bande tiss\u00e9e Rayon | Cardinal TAPES\" \/>\n<meta property=\"og:description\" content=\"AT123 est un ruban en tissu de rayonne solide, tiss\u00e9 serr\u00e9, non blanchi et non enduit, recouvert d&#039;un adh\u00e9sif en caoutchouc transparent.\" \/>\n<meta property=\"og:url\" content=\"https:\/\/cardinal-tapes.com\/fr\/rubans-adh\u00e9sifs\/domaines-dapplication\/ruban-adhesif-en-tissu\/at123-rayon-bande-tissee\/\" \/>\n<meta property=\"og:site_name\" content=\"cardinal TAPES\" \/>\n<meta property=\"article:modified_time\" content=\"2025-07-02T10:44:40+00:00\" \/>\n<meta property=\"og:image\" content=\"https:\/\/cardinal-tapes.com\/wp-content\/uploads\/Advance-Tapes_AT123_Black.jpg\" \/>\n\t<meta property=\"og:image:width\" content=\"600\" \/>\n\t<meta property=\"og:image:height\" content=\"600\" \/>\n\t<meta property=\"og:image:type\" content=\"image\/jpeg\" \/>\n<meta name=\"twitter:card\" content=\"summary_large_image\" \/>\n<script type=\"application\/ld+json\" class=\"yoast-schema-graph\">{\"@context\":\"https:\\\/\\\/schema.org\",\"@graph\":[{\"@type\":\"WebPage\",\"@id\":\"https:\\\/\\\/cardinal-tapes.com\\\/fr\\\/rubans-adh\u00e9sifs\\\/domaines-dapplication\\\/ruban-adhesif-en-tissu\\\/at123-rayon-bande-tissee\\\/\",\"url\":\"https:\\\/\\\/cardinal-tapes.com\\\/fr\\\/rubans-adh\u00e9sifs\\\/domaines-dapplication\\\/ruban-adhesif-en-tissu\\\/at123-rayon-bande-tissee\\\/\",\"name\":\"AT123Bande tiss\u00e9e Rayon | Cardinal TAPES\",\"isPartOf\":{\"@id\":\"https:\\\/\\\/cardinal-tapes.com\\\/#website\"},\"primaryImageOfPage\":{\"@id\":\"https:\\\/\\\/cardinal-tapes.com\\\/fr\\\/rubans-adh\u00e9sifs\\\/domaines-dapplication\\\/ruban-adhesif-en-tissu\\\/at123-rayon-bande-tissee\\\/#primaryimage\"},\"image\":{\"@id\":\"https:\\\/\\\/cardinal-tapes.com\\\/fr\\\/rubans-adh\u00e9sifs\\\/domaines-dapplication\\\/ruban-adhesif-en-tissu\\\/at123-rayon-bande-tissee\\\/#primaryimage\"},\"thumbnailUrl\":\"https:\\\/\\\/cardinal-tapes.com\\\/wp-content\\\/uploads\\\/Advance-Tapes_AT123_Black.jpg\",\"datePublished\":\"2023-06-05T14:55:52+00:00\",\"dateModified\":\"2025-07-02T10:44:40+00:00\",\"description\":\"AT123 est un ruban en tissu de rayonne solide, tiss\u00e9 serr\u00e9, non blanchi et non enduit, recouvert d'un adh\u00e9sif en caoutchouc transparent.\",\"breadcrumb\":{\"@id\":\"https:\\\/\\\/cardinal-tapes.com\\\/fr\\\/rubans-adh\u00e9sifs\\\/domaines-dapplication\\\/ruban-adhesif-en-tissu\\\/at123-rayon-bande-tissee\\\/#breadcrumb\"},\"inLanguage\":\"fr-FR\",\"potentialAction\":[{\"@type\":\"ReadAction\",\"target\":[\"https:\\\/\\\/cardinal-tapes.com\\\/fr\\\/rubans-adh\u00e9sifs\\\/domaines-dapplication\\\/ruban-adhesif-en-tissu\\\/at123-rayon-bande-tissee\\\/\"]}]},{\"@type\":\"ImageObject\",\"inLanguage\":\"fr-FR\",\"@id\":\"https:\\\/\\\/cardinal-tapes.com\\\/fr\\\/rubans-adh\u00e9sifs\\\/domaines-dapplication\\\/ruban-adhesif-en-tissu\\\/at123-rayon-bande-tissee\\\/#primaryimage\",\"url\":\"https:\\\/\\\/cardinal-tapes.com\\\/wp-content\\\/uploads\\\/Advance-Tapes_AT123_Black.jpg\",\"contentUrl\":\"https:\\\/\\\/cardinal-tapes.com\\\/wp-content\\\/uploads\\\/Advance-Tapes_AT123_Black.jpg\",\"width\":600,\"height\":600},{\"@type\":\"BreadcrumbList\",\"@id\":\"https:\\\/\\\/cardinal-tapes.com\\\/fr\\\/rubans-adh\u00e9sifs\\\/domaines-dapplication\\\/ruban-adhesif-en-tissu\\\/at123-rayon-bande-tissee\\\/#breadcrumb\",\"itemListElement\":[{\"@type\":\"ListItem\",\"position\":1,\"name\":\"Startseite\",\"item\":\"https:\\\/\\\/cardinal-tapes.com\\\/fr\\\/accueil\\\/\"},{\"@type\":\"ListItem\",\"position\":2,\"name\":\"Rubans adh\u00e9sifs\",\"item\":\"https:\\\/\\\/cardinal-tapes.com\\\/fr\\\/rubans-adhesifs-fr\\\/\"},{\"@type\":\"ListItem\",\"position\":3,\"name\":\"Domaines d&#039;application\",\"item\":\"https:\\\/\\\/cardinal-tapes.com\\\/fr\\\/catgorie\\\/domaines-dapplication\\\/\"},{\"@type\":\"ListItem\",\"position\":4,\"name\":\"Ruban adh\u00e9sif en tissu\",\"item\":\"https:\\\/\\\/cardinal-tapes.com\\\/fr\\\/catgorie\\\/ruban-adhesif-en-tissu\\\/\"},{\"@type\":\"ListItem\",\"position\":5,\"name\":\"AT123 Bande de tissu de rayonne\"}]},{\"@type\":\"WebSite\",\"@id\":\"https:\\\/\\\/cardinal-tapes.com\\\/#website\",\"url\":\"https:\\\/\\\/cardinal-tapes.com\\\/\",\"name\":\"cardinal TAPES\",\"description\":\"Klebetechnik aus Wuppertal\",\"potentialAction\":[{\"@type\":\"SearchAction\",\"target\":{\"@type\":\"EntryPoint\",\"urlTemplate\":\"https:\\\/\\\/cardinal-tapes.com\\\/?s={search_term_string}\"},\"query-input\":{\"@type\":\"PropertyValueSpecification\",\"valueRequired\":true,\"valueName\":\"search_term_string\"}}],\"inLanguage\":\"fr-FR\"}]}<\/script>\n<!-- \/ Yoast SEO plugin. -->","yoast_head_json":{"title":"AT123Bande tiss\u00e9e Rayon | Cardinal TAPES","description":"AT123 est un ruban en tissu de rayonne solide, tiss\u00e9 serr\u00e9, non blanchi et non enduit, recouvert d'un adh\u00e9sif en caoutchouc transparent.","robots":{"index":"index","follow":"follow","max-snippet":"max-snippet:-1","max-image-preview":"max-image-preview:large","max-video-preview":"max-video-preview:-1"},"canonical":"https:\/\/cardinal-tapes.com\/fr\/rubans-adh\u00e9sifs\/domaines-dapplication\/ruban-adhesif-en-tissu\/at123-rayon-bande-tissee\/","og_locale":"fr_FR","og_type":"article","og_title":"AT123Bande tiss\u00e9e Rayon | Cardinal TAPES","og_description":"AT123 est un ruban en tissu de rayonne solide, tiss\u00e9 serr\u00e9, non blanchi et non enduit, recouvert d'un adh\u00e9sif en caoutchouc transparent.","og_url":"https:\/\/cardinal-tapes.com\/fr\/rubans-adh\u00e9sifs\/domaines-dapplication\/ruban-adhesif-en-tissu\/at123-rayon-bande-tissee\/","og_site_name":"cardinal TAPES","article_modified_time":"2025-07-02T10:44:40+00:00","og_image":[{"width":600,"height":600,"url":"https:\/\/cardinal-tapes.com\/wp-content\/uploads\/Advance-Tapes_AT123_Black.jpg","type":"image\/jpeg"}],"twitter_card":"summary_large_image","schema":{"@context":"https:\/\/schema.org","@graph":[{"@type":"WebPage","@id":"https:\/\/cardinal-tapes.com\/fr\/rubans-adh\u00e9sifs\/domaines-dapplication\/ruban-adhesif-en-tissu\/at123-rayon-bande-tissee\/","url":"https:\/\/cardinal-tapes.com\/fr\/rubans-adh\u00e9sifs\/domaines-dapplication\/ruban-adhesif-en-tissu\/at123-rayon-bande-tissee\/","name":"AT123Bande tiss\u00e9e Rayon | Cardinal TAPES","isPartOf":{"@id":"https:\/\/cardinal-tapes.com\/#website"},"primaryImageOfPage":{"@id":"https:\/\/cardinal-tapes.com\/fr\/rubans-adh\u00e9sifs\/domaines-dapplication\/ruban-adhesif-en-tissu\/at123-rayon-bande-tissee\/#primaryimage"},"image":{"@id":"https:\/\/cardinal-tapes.com\/fr\/rubans-adh\u00e9sifs\/domaines-dapplication\/ruban-adhesif-en-tissu\/at123-rayon-bande-tissee\/#primaryimage"},"thumbnailUrl":"https:\/\/cardinal-tapes.com\/wp-content\/uploads\/Advance-Tapes_AT123_Black.jpg","datePublished":"2023-06-05T14:55:52+00:00","dateModified":"2025-07-02T10:44:40+00:00","description":"AT123 est un ruban en tissu de rayonne solide, tiss\u00e9 serr\u00e9, non blanchi et non enduit, recouvert d'un adh\u00e9sif en caoutchouc transparent.","breadcrumb":{"@id":"https:\/\/cardinal-tapes.com\/fr\/rubans-adh\u00e9sifs\/domaines-dapplication\/ruban-adhesif-en-tissu\/at123-rayon-bande-tissee\/#breadcrumb"},"inLanguage":"fr-FR","potentialAction":[{"@type":"ReadAction","target":["https:\/\/cardinal-tapes.com\/fr\/rubans-adh\u00e9sifs\/domaines-dapplication\/ruban-adhesif-en-tissu\/at123-rayon-bande-tissee\/"]}]},{"@type":"ImageObject","inLanguage":"fr-FR","@id":"https:\/\/cardinal-tapes.com\/fr\/rubans-adh\u00e9sifs\/domaines-dapplication\/ruban-adhesif-en-tissu\/at123-rayon-bande-tissee\/#primaryimage","url":"https:\/\/cardinal-tapes.com\/wp-content\/uploads\/Advance-Tapes_AT123_Black.jpg","contentUrl":"https:\/\/cardinal-tapes.com\/wp-content\/uploads\/Advance-Tapes_AT123_Black.jpg","width":600,"height":600},{"@type":"BreadcrumbList","@id":"https:\/\/cardinal-tapes.com\/fr\/rubans-adh\u00e9sifs\/domaines-dapplication\/ruban-adhesif-en-tissu\/at123-rayon-bande-tissee\/#breadcrumb","itemListElement":[{"@type":"ListItem","position":1,"name":"Startseite","item":"https:\/\/cardinal-tapes.com\/fr\/accueil\/"},{"@type":"ListItem","position":2,"name":"Rubans adh\u00e9sifs","item":"https:\/\/cardinal-tapes.com\/fr\/rubans-adhesifs-fr\/"},{"@type":"ListItem","position":3,"name":"Domaines d&#039;application","item":"https:\/\/cardinal-tapes.com\/fr\/catgorie\/domaines-dapplication\/"},{"@type":"ListItem","position":4,"name":"Ruban adh\u00e9sif en tissu","item":"https:\/\/cardinal-tapes.com\/fr\/catgorie\/ruban-adhesif-en-tissu\/"},{"@type":"ListItem","position":5,"name":"AT123 Bande de tissu de rayonne"}]},{"@type":"WebSite","@id":"https:\/\/cardinal-tapes.com\/#website","url":"https:\/\/cardinal-tapes.com\/","name":"cardinal TAPES","description":"Klebetechnik aus Wuppertal","potentialAction":[{"@type":"SearchAction","target":{"@type":"EntryPoint","urlTemplate":"https:\/\/cardinal-tapes.com\/?s={search_term_string}"},"query-input":{"@type":"PropertyValueSpecification","valueRequired":true,"valueName":"search_term_string"}}],"inLanguage":"fr-FR"}]}},"brands":[{"id":2328,"name":"Advance Tapes","slug":"advance-tapes-fr"}],"_links":{"self":[{"href":"https:\/\/cardinal-tapes.com\/fr\/wp-json\/wp\/v2\/product\/40763","targetHints":{"allow":["GET"]}}],"collection":[{"href":"https:\/\/cardinal-tapes.com\/fr\/wp-json\/wp\/v2\/product"}],"about":[{"href":"https:\/\/cardinal-tapes.com\/fr\/wp-json\/wp\/v2\/types\/product"}],"wp:featuredmedia":[{"embeddable":true,"href":"https:\/\/cardinal-tapes.com\/fr\/wp-json\/wp\/v2\/media\/28700"}],"wp:attachment":[{"href":"https:\/\/cardinal-tapes.com\/fr\/wp-json\/wp\/v2\/media?parent=40763"}],"wp:term":[{"taxonomy":"pwb-brand","embeddable":true,"href":"https:\/\/cardinal-tapes.com\/fr\/wp-json\/wp\/v2\/pwb-brand?post=40763"},{"taxonomy":"product_brand","embeddable":true,"href":"https:\/\/cardinal-tapes.com\/fr\/wp-json\/wp\/v2\/product_brand?post=40763"},{"taxonomy":"product_cat","embeddable":true,"href":"https:\/\/cardinal-tapes.com\/fr\/wp-json\/wp\/v2\/product_cat?post=40763"},{"taxonomy":"product_tag","embeddable":true,"href":"https:\/\/cardinal-tapes.com\/fr\/wp-json\/wp\/v2\/product_tag?post=40763"}],"curies":[{"name":"wp","href":"https:\/\/api.w.org\/{rel}","templated":true}]}}