{"id":40589,"date":"2022-07-05T15:13:20","date_gmt":"2023-06-05T14:55:39","guid":{"rendered":"https:\/\/cardinal.pixel-tal.de\/klebebaender\/non class\u00e9\/norseal-6050-mousse-pvc\/"},"modified":"2023-06-05T16:55:39","modified_gmt":"2023-06-05T14:55:39","slug":"norseal-6050-pvc-mousse-copie","status":"publish","type":"product","link":"https:\/\/cardinal-tapes.com\/fr\/rubans-adh\u00e9sifs\/domaines-dapplication\/construction-de-machines\/norseal-6050-pvc-mousse-copie\/","title":{"rendered":"Norseal\u00ae 6050 Mousse PVC"},"content":{"rendered":"<div>Le Norseal\u00ae 6050 est une mousse PVC haute densit\u00e9 \u00e0 cellules ferm\u00e9es.<\/div>\n<div><\/div>\n<div>Le Norseal 6050 est id\u00e9al pour l&#8217;\u00e9tanch\u00e9it\u00e9 et la r\u00e9duction des chocs.<br \/>\net ind\u00e9formable m\u00eame sous de lourdes charges. Pour obtenir une \u00e9tanch\u00e9it\u00e9 suffisante, la mousse doit \u00eatre<br \/>\n\u00eatre comprim\u00e9e d&#8217;au moins 30% (en fonction de la forme du joint d&#8217;\u00e9tanch\u00e9it\u00e9 du joint ainsi que de l&#8217;\u00e9tat de surface).<\/div>\n<div>\n<div class=\"page\" data-page-number=\"1\" data-loaded=\"true\">\n<div class=\"textLayer\">\n<div class=\"endOfContent\"><\/div>\n<\/div>\n<\/div>\n<div class=\"page\" data-page-number=\"2\" data-loaded=\"true\">\n<div class=\"canvasWrapper\"><\/div>\n<div class=\"textLayer\"><\/div>\n<\/div>\n<\/div>\n","protected":false},"excerpt":{"rendered":"<p>Le Norseal\u00ae 6050 est une mousse PVC haute densit\u00e9 \u00e0 cellules ferm\u00e9es. Le Norseal 6050 est id\u00e9al pour l&#8217;\u00e9tanch\u00e9it\u00e9 et la r\u00e9duction des chocs. et ind\u00e9formable m\u00eame sous de lourdes charges. Pour obtenir une \u00e9tanch\u00e9it\u00e9 suffisante, la mousse doit \u00eatre \u00eatre comprim\u00e9e d&#8217;au moins 30% (en fonction de la forme du joint d&#8217;\u00e9tanch\u00e9it\u00e9 du joint [&hellip;]<\/p>\n","protected":false},"featured_media":28680,"template":"","meta":{"_acf_changed":false},"pwb-brand":[3635,2330],"product_brand":[],"product_cat":[1741,1836],"product_tag":[],"class_list":{"0":"post-40589","1":"product","2":"type-product","3":"status-publish","4":"has-post-thumbnail","6":"pwb-brand-saint-gobain-performance-plastics-norseal-fr","7":"pwb-brand-saint-gobain-fr","8":"product_cat-construction-de-machines","9":"product_cat-rubans-adhesifs-simple-face","11":"first","12":"instock","13":"taxable","14":"shipping-taxable","15":"product-type-variable"},"acf":[],"yoast_head":"<!-- This site is optimized with the Yoast SEO plugin v27.3 - https:\/\/yoast.com\/product\/yoast-seo-wordpress\/ -->\n<title>Norseal\u00ae 6050 PVC expans\u00e9 | Cardinal TAPES<\/title>\n<meta name=\"description\" content=\"Norseal\u00ae 5041 est une mousse de PVC haute densit\u00e9 \u00e0 cellules ferm\u00e9es.Norseal\u00ae 6050 est une mousse de PVC haute densit\u00e9 \u00e0 cellules ferm\u00e9es.\" \/>\n<meta name=\"robots\" content=\"index, follow, max-snippet:-1, max-image-preview:large, max-video-preview:-1\" \/>\n<link rel=\"canonical\" href=\"https:\/\/cardinal-tapes.com\/fr\/rubans-adh\u00e9sifs\/construction-de-machines\/norseal-6050-pvc-mousse-copie\/\" \/>\n<meta property=\"og:locale\" content=\"fr_FR\" \/>\n<meta property=\"og:type\" content=\"article\" \/>\n<meta property=\"og:title\" content=\"Norseal\u00ae 6050 PVC expans\u00e9 | Cardinal TAPES\" \/>\n<meta property=\"og:description\" content=\"Norseal\u00ae 5041 est une mousse de PVC haute densit\u00e9 \u00e0 cellules ferm\u00e9es.Norseal\u00ae 6050 est une mousse de PVC haute densit\u00e9 \u00e0 cellules ferm\u00e9es.\" \/>\n<meta property=\"og:url\" content=\"https:\/\/cardinal-tapes.com\/fr\/rubans-adh\u00e9sifs\/construction-de-machines\/norseal-6050-pvc-mousse-copie\/\" \/>\n<meta property=\"og:site_name\" content=\"cardinal TAPES\" \/>\n<meta property=\"og:image\" content=\"https:\/\/cardinal-tapes.com\/wp-content\/uploads\/Norseal-PVC-Black-A_153127.png\" \/>\n\t<meta property=\"og:image:width\" content=\"415\" \/>\n\t<meta property=\"og:image:height\" content=\"415\" \/>\n\t<meta property=\"og:image:type\" content=\"image\/png\" \/>\n<meta name=\"twitter:card\" content=\"summary_large_image\" \/>\n<script type=\"application\/ld+json\" class=\"yoast-schema-graph\">{\"@context\":\"https:\\\/\\\/schema.org\",\"@graph\":[{\"@type\":\"WebPage\",\"@id\":\"https:\\\/\\\/cardinal-tapes.com\\\/fr\\\/rubans-adh\u00e9sifs\\\/construction-de-machines\\\/norseal-6050-pvc-mousse-copie\\\/\",\"url\":\"https:\\\/\\\/cardinal-tapes.com\\\/fr\\\/rubans-adh\u00e9sifs\\\/construction-de-machines\\\/norseal-6050-pvc-mousse-copie\\\/\",\"name\":\"Norseal\u00ae 6050 PVC expans\u00e9 | Cardinal TAPES\",\"isPartOf\":{\"@id\":\"https:\\\/\\\/cardinal-tapes.com\\\/#website\"},\"primaryImageOfPage\":{\"@id\":\"https:\\\/\\\/cardinal-tapes.com\\\/fr\\\/rubans-adh\u00e9sifs\\\/construction-de-machines\\\/norseal-6050-pvc-mousse-copie\\\/#primaryimage\"},\"image\":{\"@id\":\"https:\\\/\\\/cardinal-tapes.com\\\/fr\\\/rubans-adh\u00e9sifs\\\/construction-de-machines\\\/norseal-6050-pvc-mousse-copie\\\/#primaryimage\"},\"thumbnailUrl\":\"https:\\\/\\\/cardinal-tapes.com\\\/wp-content\\\/uploads\\\/Norseal-PVC-Black-A_153127.png\",\"datePublished\":\"2023-06-05T14:55:39+00:00\",\"description\":\"Norseal\u00ae 5041 est une mousse de PVC haute densit\u00e9 \u00e0 cellules ferm\u00e9es.Norseal\u00ae 6050 est une mousse de PVC haute densit\u00e9 \u00e0 cellules ferm\u00e9es.\",\"breadcrumb\":{\"@id\":\"https:\\\/\\\/cardinal-tapes.com\\\/fr\\\/rubans-adh\u00e9sifs\\\/construction-de-machines\\\/norseal-6050-pvc-mousse-copie\\\/#breadcrumb\"},\"inLanguage\":\"fr-FR\",\"potentialAction\":[{\"@type\":\"ReadAction\",\"target\":[\"https:\\\/\\\/cardinal-tapes.com\\\/fr\\\/rubans-adh\u00e9sifs\\\/construction-de-machines\\\/norseal-6050-pvc-mousse-copie\\\/\"]}]},{\"@type\":\"ImageObject\",\"inLanguage\":\"fr-FR\",\"@id\":\"https:\\\/\\\/cardinal-tapes.com\\\/fr\\\/rubans-adh\u00e9sifs\\\/construction-de-machines\\\/norseal-6050-pvc-mousse-copie\\\/#primaryimage\",\"url\":\"https:\\\/\\\/cardinal-tapes.com\\\/wp-content\\\/uploads\\\/Norseal-PVC-Black-A_153127.png\",\"contentUrl\":\"https:\\\/\\\/cardinal-tapes.com\\\/wp-content\\\/uploads\\\/Norseal-PVC-Black-A_153127.png\",\"width\":415,\"height\":415},{\"@type\":\"BreadcrumbList\",\"@id\":\"https:\\\/\\\/cardinal-tapes.com\\\/fr\\\/rubans-adh\u00e9sifs\\\/construction-de-machines\\\/norseal-6050-pvc-mousse-copie\\\/#breadcrumb\",\"itemListElement\":[{\"@type\":\"ListItem\",\"position\":1,\"name\":\"Startseite\",\"item\":\"https:\\\/\\\/cardinal-tapes.com\\\/fr\\\/accueil\\\/\"},{\"@type\":\"ListItem\",\"position\":2,\"name\":\"Rubans adh\u00e9sifs\",\"item\":\"https:\\\/\\\/cardinal-tapes.com\\\/fr\\\/rubans-adhesifs-fr\\\/\"},{\"@type\":\"ListItem\",\"position\":3,\"name\":\"Construction de machines\",\"item\":\"https:\\\/\\\/cardinal-tapes.com\\\/fr\\\/catgorie\\\/construction-de-machines\\\/\"},{\"@type\":\"ListItem\",\"position\":4,\"name\":\"Norseal\u00ae 6050 Mousse PVC\"}]},{\"@type\":\"WebSite\",\"@id\":\"https:\\\/\\\/cardinal-tapes.com\\\/#website\",\"url\":\"https:\\\/\\\/cardinal-tapes.com\\\/\",\"name\":\"cardinal TAPES\",\"description\":\"Klebetechnik aus Wuppertal\",\"potentialAction\":[{\"@type\":\"SearchAction\",\"target\":{\"@type\":\"EntryPoint\",\"urlTemplate\":\"https:\\\/\\\/cardinal-tapes.com\\\/?s={search_term_string}\"},\"query-input\":{\"@type\":\"PropertyValueSpecification\",\"valueRequired\":true,\"valueName\":\"search_term_string\"}}],\"inLanguage\":\"fr-FR\"}]}<\/script>\n<!-- \/ Yoast SEO plugin. -->","yoast_head_json":{"title":"Norseal\u00ae 6050 PVC expans\u00e9 | Cardinal TAPES","description":"Norseal\u00ae 5041 est une mousse de PVC haute densit\u00e9 \u00e0 cellules ferm\u00e9es.Norseal\u00ae 6050 est une mousse de PVC haute densit\u00e9 \u00e0 cellules ferm\u00e9es.","robots":{"index":"index","follow":"follow","max-snippet":"max-snippet:-1","max-image-preview":"max-image-preview:large","max-video-preview":"max-video-preview:-1"},"canonical":"https:\/\/cardinal-tapes.com\/fr\/rubans-adh\u00e9sifs\/construction-de-machines\/norseal-6050-pvc-mousse-copie\/","og_locale":"fr_FR","og_type":"article","og_title":"Norseal\u00ae 6050 PVC expans\u00e9 | Cardinal TAPES","og_description":"Norseal\u00ae 5041 est une mousse de PVC haute densit\u00e9 \u00e0 cellules ferm\u00e9es.Norseal\u00ae 6050 est une mousse de PVC haute densit\u00e9 \u00e0 cellules ferm\u00e9es.","og_url":"https:\/\/cardinal-tapes.com\/fr\/rubans-adh\u00e9sifs\/construction-de-machines\/norseal-6050-pvc-mousse-copie\/","og_site_name":"cardinal TAPES","og_image":[{"width":415,"height":415,"url":"https:\/\/cardinal-tapes.com\/wp-content\/uploads\/Norseal-PVC-Black-A_153127.png","type":"image\/png"}],"twitter_card":"summary_large_image","schema":{"@context":"https:\/\/schema.org","@graph":[{"@type":"WebPage","@id":"https:\/\/cardinal-tapes.com\/fr\/rubans-adh\u00e9sifs\/construction-de-machines\/norseal-6050-pvc-mousse-copie\/","url":"https:\/\/cardinal-tapes.com\/fr\/rubans-adh\u00e9sifs\/construction-de-machines\/norseal-6050-pvc-mousse-copie\/","name":"Norseal\u00ae 6050 PVC expans\u00e9 | Cardinal TAPES","isPartOf":{"@id":"https:\/\/cardinal-tapes.com\/#website"},"primaryImageOfPage":{"@id":"https:\/\/cardinal-tapes.com\/fr\/rubans-adh\u00e9sifs\/construction-de-machines\/norseal-6050-pvc-mousse-copie\/#primaryimage"},"image":{"@id":"https:\/\/cardinal-tapes.com\/fr\/rubans-adh\u00e9sifs\/construction-de-machines\/norseal-6050-pvc-mousse-copie\/#primaryimage"},"thumbnailUrl":"https:\/\/cardinal-tapes.com\/wp-content\/uploads\/Norseal-PVC-Black-A_153127.png","datePublished":"2023-06-05T14:55:39+00:00","description":"Norseal\u00ae 5041 est une mousse de PVC haute densit\u00e9 \u00e0 cellules ferm\u00e9es.Norseal\u00ae 6050 est une mousse de PVC haute densit\u00e9 \u00e0 cellules ferm\u00e9es.","breadcrumb":{"@id":"https:\/\/cardinal-tapes.com\/fr\/rubans-adh\u00e9sifs\/construction-de-machines\/norseal-6050-pvc-mousse-copie\/#breadcrumb"},"inLanguage":"fr-FR","potentialAction":[{"@type":"ReadAction","target":["https:\/\/cardinal-tapes.com\/fr\/rubans-adh\u00e9sifs\/construction-de-machines\/norseal-6050-pvc-mousse-copie\/"]}]},{"@type":"ImageObject","inLanguage":"fr-FR","@id":"https:\/\/cardinal-tapes.com\/fr\/rubans-adh\u00e9sifs\/construction-de-machines\/norseal-6050-pvc-mousse-copie\/#primaryimage","url":"https:\/\/cardinal-tapes.com\/wp-content\/uploads\/Norseal-PVC-Black-A_153127.png","contentUrl":"https:\/\/cardinal-tapes.com\/wp-content\/uploads\/Norseal-PVC-Black-A_153127.png","width":415,"height":415},{"@type":"BreadcrumbList","@id":"https:\/\/cardinal-tapes.com\/fr\/rubans-adh\u00e9sifs\/construction-de-machines\/norseal-6050-pvc-mousse-copie\/#breadcrumb","itemListElement":[{"@type":"ListItem","position":1,"name":"Startseite","item":"https:\/\/cardinal-tapes.com\/fr\/accueil\/"},{"@type":"ListItem","position":2,"name":"Rubans adh\u00e9sifs","item":"https:\/\/cardinal-tapes.com\/fr\/rubans-adhesifs-fr\/"},{"@type":"ListItem","position":3,"name":"Construction de machines","item":"https:\/\/cardinal-tapes.com\/fr\/catgorie\/construction-de-machines\/"},{"@type":"ListItem","position":4,"name":"Norseal\u00ae 6050 Mousse PVC"}]},{"@type":"WebSite","@id":"https:\/\/cardinal-tapes.com\/#website","url":"https:\/\/cardinal-tapes.com\/","name":"cardinal TAPES","description":"Klebetechnik aus Wuppertal","potentialAction":[{"@type":"SearchAction","target":{"@type":"EntryPoint","urlTemplate":"https:\/\/cardinal-tapes.com\/?s={search_term_string}"},"query-input":{"@type":"PropertyValueSpecification","valueRequired":true,"valueName":"search_term_string"}}],"inLanguage":"fr-FR"}]}},"brands":[{"id":3635,"name":"Saint-Gobain Norseal","slug":"saint-gobain-performance-plastics-norseal-fr"},{"id":2330,"name":"Saint-Gobain Performance Plastics","slug":"saint-gobain-fr"}],"_links":{"self":[{"href":"https:\/\/cardinal-tapes.com\/fr\/wp-json\/wp\/v2\/product\/40589","targetHints":{"allow":["GET"]}}],"collection":[{"href":"https:\/\/cardinal-tapes.com\/fr\/wp-json\/wp\/v2\/product"}],"about":[{"href":"https:\/\/cardinal-tapes.com\/fr\/wp-json\/wp\/v2\/types\/product"}],"wp:featuredmedia":[{"embeddable":true,"href":"https:\/\/cardinal-tapes.com\/fr\/wp-json\/wp\/v2\/media\/28680"}],"wp:attachment":[{"href":"https:\/\/cardinal-tapes.com\/fr\/wp-json\/wp\/v2\/media?parent=40589"}],"wp:term":[{"taxonomy":"pwb-brand","embeddable":true,"href":"https:\/\/cardinal-tapes.com\/fr\/wp-json\/wp\/v2\/pwb-brand?post=40589"},{"taxonomy":"product_brand","embeddable":true,"href":"https:\/\/cardinal-tapes.com\/fr\/wp-json\/wp\/v2\/product_brand?post=40589"},{"taxonomy":"product_cat","embeddable":true,"href":"https:\/\/cardinal-tapes.com\/fr\/wp-json\/wp\/v2\/product_cat?post=40589"},{"taxonomy":"product_tag","embeddable":true,"href":"https:\/\/cardinal-tapes.com\/fr\/wp-json\/wp\/v2\/product_tag?post=40589"}],"curies":[{"name":"wp","href":"https:\/\/api.w.org\/{rel}","templated":true}]}}