{"id":40586,"date":"2022-01-05T12:38:37","date_gmt":"2023-06-05T14:55:39","guid":{"rendered":"https:\/\/cardinal.pixel-tal.de\/klebebaender\/non%20class\u00e9\/h-old-sp-110-ruban-de-masquage-en-papier\/"},"modified":"2025-07-02T12:33:10","modified_gmt":"2025-07-02T10:33:10","slug":"ruban-de-masquage-en-papier-h-old-sp-110","status":"publish","type":"product","link":"https:\/\/cardinal-tapes.com\/fr\/rubans-adh\u00e9sifs\/rubans-adhesifs-simple-face\/ruban-de-masquage-en-papier-h-old-sp-110\/","title":{"rendered":"h-old\u00ae SP.110 Ruban de masquage en papier"},"content":{"rendered":"<p>Le h-old\u00ae SP.110 se compose d&#8217;un  <span id=\"[25,36]\" class=\"word\">papier cr\u00eap\u00e9<\/span><span id=\"[11,24]\" class=\"word\">impr\u00e9gn\u00e9<\/span>, qui  <span id=\"[101,111]\" class=\"word\">est rev\u00eatu<\/span><span id=\"[38,47]\" class=\"word\">sur une face<\/span> <span id=\"[48,51]\" class=\"word\">d<\/span> &#8216; <span id=\"[52,57]\" class=\"word\">un<\/span> <span id=\"[77,99]\" class=\"word\">syst\u00e8me adh\u00e9sif silicone<\/span> <span id=\"[58,76]\" class=\"word\">sensible \u00e0 la pression<\/span>.  <span id=\"[114,124]\" class=\"word\">Con\u00e7u<\/span> <span id=\"[125,128]\" class=\"word\">pour<\/span> les <span id=\"[129,166]\" class=\"word\">applications de marquage \u00e0 haute temp\u00e9rature<\/span>, b<span id=\"[172,177]\" class=\"word\">qui<\/span> <span id=\"[178,182]\" class=\"word\">pr\u00e9sentent une<\/span> <span id=\"[194,207]\" class=\"word\">r\u00e9sistance<\/span> <span id=\"[183,193]\" class=\"word\">thermique<\/span> \u00e9lev\u00e9e et une<span id=\"[209,211]\" class=\"word\">nd<\/span> <span id=\"[212,216]\" class=\"word\">bon<\/span> <span id=\"[217,228]\" class=\"word\">Conformit\u00e9 <\/span><span id=\"[230,242]\" class=\"word\">sont n\u00e9cessaires.<\/span><\/p>\n","protected":false},"excerpt":{"rendered":"<p>Le h-old\u00ae SP.110 se compose d&#8217;un papier cr\u00eap\u00e9impr\u00e9gn\u00e9, qui est rev\u00eatusur une face d &#8216; un syst\u00e8me adh\u00e9sif silicone sensible \u00e0 la pression. Con\u00e7u pour les applications de marquage \u00e0 haute temp\u00e9rature, bqui pr\u00e9sentent une r\u00e9sistance thermique \u00e9lev\u00e9e et unend bon Conformit\u00e9 sont n\u00e9cessaires.<\/p>\n","protected":false},"featured_media":0,"template":"","meta":{"_acf_changed":false},"pwb-brand":[2330,2367],"product_brand":[],"product_cat":[1836],"product_tag":[],"class_list":{"0":"post-40586","1":"product","2":"type-product","3":"status-publish","5":"pwb-brand-saint-gobain-fr","6":"pwb-brand-h-old-fr","7":"product_cat-rubans-adhesifs-simple-face","9":"first","10":"instock","11":"taxable","12":"shipping-taxable","13":"product-type-simple"},"acf":[],"yoast_head":"<!-- This site is optimized with the Yoast SEO plugin v27.3 - https:\/\/yoast.com\/product\/yoast-seo-wordpress\/ -->\n<title>h-old\u00ae SP.110 Ruban de masquage en papier | Cardinal TAPES<\/title>\n<meta name=\"description\" content=\"Le ruban adh\u00e9sif en polyester hold P.40 est un ruban adh\u00e9sif de 0,06 mm d&#039;\u00e9paisseur, compos\u00e9 d&#039;un support en film polyester enduit d&#039;une colle silicone de haute qualit\u00e9.\" \/>\n<meta name=\"robots\" content=\"index, follow, max-snippet:-1, max-image-preview:large, max-video-preview:-1\" \/>\n<link rel=\"canonical\" href=\"https:\/\/cardinal-tapes.com\/fr\/rubans-adh\u00e9sifs\/rubans-adhesifs-simple-face\/ruban-de-masquage-en-papier-h-old-sp-110\/\" \/>\n<meta property=\"og:locale\" content=\"fr_FR\" \/>\n<meta property=\"og:type\" content=\"article\" \/>\n<meta property=\"og:title\" content=\"h-old\u00ae SP.110 Ruban de masquage en papier | Cardinal TAPES\" \/>\n<meta property=\"og:description\" content=\"Le ruban adh\u00e9sif en polyester hold P.40 est un ruban adh\u00e9sif de 0,06 mm d&#039;\u00e9paisseur, compos\u00e9 d&#039;un support en film polyester enduit d&#039;une colle silicone de haute qualit\u00e9.\" \/>\n<meta property=\"og:url\" content=\"https:\/\/cardinal-tapes.com\/fr\/rubans-adh\u00e9sifs\/rubans-adhesifs-simple-face\/ruban-de-masquage-en-papier-h-old-sp-110\/\" \/>\n<meta property=\"og:site_name\" content=\"cardinal TAPES\" \/>\n<meta property=\"article:modified_time\" content=\"2025-07-02T10:33:10+00:00\" \/>\n<meta name=\"twitter:card\" content=\"summary_large_image\" \/>\n<script type=\"application\/ld+json\" class=\"yoast-schema-graph\">{\"@context\":\"https:\\\/\\\/schema.org\",\"@graph\":[{\"@type\":\"WebPage\",\"@id\":\"https:\\\/\\\/cardinal-tapes.com\\\/fr\\\/rubans-adh\u00e9sifs\\\/rubans-adhesifs-simple-face\\\/ruban-de-masquage-en-papier-h-old-sp-110\\\/\",\"url\":\"https:\\\/\\\/cardinal-tapes.com\\\/fr\\\/rubans-adh\u00e9sifs\\\/rubans-adhesifs-simple-face\\\/ruban-de-masquage-en-papier-h-old-sp-110\\\/\",\"name\":\"h-old\u00ae SP.110 Ruban de masquage en papier | Cardinal TAPES\",\"isPartOf\":{\"@id\":\"https:\\\/\\\/cardinal-tapes.com\\\/#website\"},\"datePublished\":\"2023-06-05T14:55:39+00:00\",\"dateModified\":\"2025-07-02T10:33:10+00:00\",\"description\":\"Le ruban adh\u00e9sif en polyester hold P.40 est un ruban adh\u00e9sif de 0,06 mm d'\u00e9paisseur, compos\u00e9 d'un support en film polyester enduit d'une colle silicone de haute qualit\u00e9.\",\"breadcrumb\":{\"@id\":\"https:\\\/\\\/cardinal-tapes.com\\\/fr\\\/rubans-adh\u00e9sifs\\\/rubans-adhesifs-simple-face\\\/ruban-de-masquage-en-papier-h-old-sp-110\\\/#breadcrumb\"},\"inLanguage\":\"fr-FR\",\"potentialAction\":[{\"@type\":\"ReadAction\",\"target\":[\"https:\\\/\\\/cardinal-tapes.com\\\/fr\\\/rubans-adh\u00e9sifs\\\/rubans-adhesifs-simple-face\\\/ruban-de-masquage-en-papier-h-old-sp-110\\\/\"]}]},{\"@type\":\"BreadcrumbList\",\"@id\":\"https:\\\/\\\/cardinal-tapes.com\\\/fr\\\/rubans-adh\u00e9sifs\\\/rubans-adhesifs-simple-face\\\/ruban-de-masquage-en-papier-h-old-sp-110\\\/#breadcrumb\",\"itemListElement\":[{\"@type\":\"ListItem\",\"position\":1,\"name\":\"Startseite\",\"item\":\"https:\\\/\\\/cardinal-tapes.com\\\/fr\\\/accueil\\\/\"},{\"@type\":\"ListItem\",\"position\":2,\"name\":\"Rubans adh\u00e9sifs\",\"item\":\"https:\\\/\\\/cardinal-tapes.com\\\/fr\\\/rubans-adhesifs-fr\\\/\"},{\"@type\":\"ListItem\",\"position\":3,\"name\":\"Rubans adh\u00e9sifs simple face\",\"item\":\"https:\\\/\\\/cardinal-tapes.com\\\/fr\\\/catgorie\\\/rubans-adhesifs-simple-face\\\/\"},{\"@type\":\"ListItem\",\"position\":4,\"name\":\"h-old\u00ae SP.110 Ruban de masquage en papier\"}]},{\"@type\":\"WebSite\",\"@id\":\"https:\\\/\\\/cardinal-tapes.com\\\/#website\",\"url\":\"https:\\\/\\\/cardinal-tapes.com\\\/\",\"name\":\"cardinal TAPES\",\"description\":\"Klebetechnik aus Wuppertal\",\"potentialAction\":[{\"@type\":\"SearchAction\",\"target\":{\"@type\":\"EntryPoint\",\"urlTemplate\":\"https:\\\/\\\/cardinal-tapes.com\\\/?s={search_term_string}\"},\"query-input\":{\"@type\":\"PropertyValueSpecification\",\"valueRequired\":true,\"valueName\":\"search_term_string\"}}],\"inLanguage\":\"fr-FR\"}]}<\/script>\n<!-- \/ Yoast SEO plugin. -->","yoast_head_json":{"title":"h-old\u00ae SP.110 Ruban de masquage en papier | Cardinal TAPES","description":"Le ruban adh\u00e9sif en polyester hold P.40 est un ruban adh\u00e9sif de 0,06 mm d'\u00e9paisseur, compos\u00e9 d'un support en film polyester enduit d'une colle silicone de haute qualit\u00e9.","robots":{"index":"index","follow":"follow","max-snippet":"max-snippet:-1","max-image-preview":"max-image-preview:large","max-video-preview":"max-video-preview:-1"},"canonical":"https:\/\/cardinal-tapes.com\/fr\/rubans-adh\u00e9sifs\/rubans-adhesifs-simple-face\/ruban-de-masquage-en-papier-h-old-sp-110\/","og_locale":"fr_FR","og_type":"article","og_title":"h-old\u00ae SP.110 Ruban de masquage en papier | Cardinal TAPES","og_description":"Le ruban adh\u00e9sif en polyester hold P.40 est un ruban adh\u00e9sif de 0,06 mm d'\u00e9paisseur, compos\u00e9 d'un support en film polyester enduit d'une colle silicone de haute qualit\u00e9.","og_url":"https:\/\/cardinal-tapes.com\/fr\/rubans-adh\u00e9sifs\/rubans-adhesifs-simple-face\/ruban-de-masquage-en-papier-h-old-sp-110\/","og_site_name":"cardinal TAPES","article_modified_time":"2025-07-02T10:33:10+00:00","twitter_card":"summary_large_image","schema":{"@context":"https:\/\/schema.org","@graph":[{"@type":"WebPage","@id":"https:\/\/cardinal-tapes.com\/fr\/rubans-adh\u00e9sifs\/rubans-adhesifs-simple-face\/ruban-de-masquage-en-papier-h-old-sp-110\/","url":"https:\/\/cardinal-tapes.com\/fr\/rubans-adh\u00e9sifs\/rubans-adhesifs-simple-face\/ruban-de-masquage-en-papier-h-old-sp-110\/","name":"h-old\u00ae SP.110 Ruban de masquage en papier | Cardinal TAPES","isPartOf":{"@id":"https:\/\/cardinal-tapes.com\/#website"},"datePublished":"2023-06-05T14:55:39+00:00","dateModified":"2025-07-02T10:33:10+00:00","description":"Le ruban adh\u00e9sif en polyester hold P.40 est un ruban adh\u00e9sif de 0,06 mm d'\u00e9paisseur, compos\u00e9 d'un support en film polyester enduit d'une colle silicone de haute qualit\u00e9.","breadcrumb":{"@id":"https:\/\/cardinal-tapes.com\/fr\/rubans-adh\u00e9sifs\/rubans-adhesifs-simple-face\/ruban-de-masquage-en-papier-h-old-sp-110\/#breadcrumb"},"inLanguage":"fr-FR","potentialAction":[{"@type":"ReadAction","target":["https:\/\/cardinal-tapes.com\/fr\/rubans-adh\u00e9sifs\/rubans-adhesifs-simple-face\/ruban-de-masquage-en-papier-h-old-sp-110\/"]}]},{"@type":"BreadcrumbList","@id":"https:\/\/cardinal-tapes.com\/fr\/rubans-adh\u00e9sifs\/rubans-adhesifs-simple-face\/ruban-de-masquage-en-papier-h-old-sp-110\/#breadcrumb","itemListElement":[{"@type":"ListItem","position":1,"name":"Startseite","item":"https:\/\/cardinal-tapes.com\/fr\/accueil\/"},{"@type":"ListItem","position":2,"name":"Rubans adh\u00e9sifs","item":"https:\/\/cardinal-tapes.com\/fr\/rubans-adhesifs-fr\/"},{"@type":"ListItem","position":3,"name":"Rubans adh\u00e9sifs simple face","item":"https:\/\/cardinal-tapes.com\/fr\/catgorie\/rubans-adhesifs-simple-face\/"},{"@type":"ListItem","position":4,"name":"h-old\u00ae SP.110 Ruban de masquage en papier"}]},{"@type":"WebSite","@id":"https:\/\/cardinal-tapes.com\/#website","url":"https:\/\/cardinal-tapes.com\/","name":"cardinal TAPES","description":"Klebetechnik aus Wuppertal","potentialAction":[{"@type":"SearchAction","target":{"@type":"EntryPoint","urlTemplate":"https:\/\/cardinal-tapes.com\/?s={search_term_string}"},"query-input":{"@type":"PropertyValueSpecification","valueRequired":true,"valueName":"search_term_string"}}],"inLanguage":"fr-FR"}]}},"brands":[{"id":2330,"name":"Saint-Gobain Performance Plastics","slug":"saint-gobain-fr"},{"id":2367,"name":"Saint-Gobain h-old","slug":"h-old-fr"}],"_links":{"self":[{"href":"https:\/\/cardinal-tapes.com\/fr\/wp-json\/wp\/v2\/product\/40586","targetHints":{"allow":["GET"]}}],"collection":[{"href":"https:\/\/cardinal-tapes.com\/fr\/wp-json\/wp\/v2\/product"}],"about":[{"href":"https:\/\/cardinal-tapes.com\/fr\/wp-json\/wp\/v2\/types\/product"}],"wp:attachment":[{"href":"https:\/\/cardinal-tapes.com\/fr\/wp-json\/wp\/v2\/media?parent=40586"}],"wp:term":[{"taxonomy":"pwb-brand","embeddable":true,"href":"https:\/\/cardinal-tapes.com\/fr\/wp-json\/wp\/v2\/pwb-brand?post=40586"},{"taxonomy":"product_brand","embeddable":true,"href":"https:\/\/cardinal-tapes.com\/fr\/wp-json\/wp\/v2\/product_brand?post=40586"},{"taxonomy":"product_cat","embeddable":true,"href":"https:\/\/cardinal-tapes.com\/fr\/wp-json\/wp\/v2\/product_cat?post=40586"},{"taxonomy":"product_tag","embeddable":true,"href":"https:\/\/cardinal-tapes.com\/fr\/wp-json\/wp\/v2\/product_tag?post=40586"}],"curies":[{"name":"wp","href":"https:\/\/api.w.org\/{rel}","templated":true}]}}