{"id":40585,"date":"2022-01-05T11:15:10","date_gmt":"2023-06-05T14:55:39","guid":{"rendered":"https:\/\/cardinal.pixel-tal.de\/klebebaender\/non%20class\u00e9\/h-old-4440-ruban-adhesif-en-aluminium\/"},"modified":"2025-07-02T12:29:43","modified_gmt":"2025-07-02T10:29:43","slug":"ruban-adhesif-en-aluminium-h-old-4440","status":"publish","type":"product","link":"https:\/\/cardinal-tapes.com\/fr\/rubans-adh\u00e9sifs\/rubans-adhesifs-simple-face\/film-pet\/ruban-adhesif-en-aluminium-h-old-4440\/","title":{"rendered":"h-old\u00ae 4440 Ruban adh\u00e9sif en aluminium"},"content":{"rendered":"<p>Le ruban adh\u00e9sif en aluminium h-old\u00ae 4040 est <g id=\"gid_3\"><g id=\"gid_4\">recouvert<\/g><\/g> <g id=\"gid_1\">d&#8217;un<\/g> syst\u00e8me adh\u00e9sif acrylique <g id=\"gid_2\">\u00e0 base de solvant<\/g> et <g id=\"gid_6\">prot\u00e9g\u00e9 par un papier blanc <g id=\"gid_5\">silicon\u00e9<\/g><\/g> Il est <span id=\"[11,14]\" class=\"word\">utilis\u00e9 pour<\/span> <span id=\"[15,18]\" class=\"word\">l&#8217;<\/span> <span id=\"[19,29]\" class=\"word\">\u00e9tanch\u00e9it\u00e9<\/span> <span id=\"[30,33]\" class=\"word\">des<\/span> <span id=\"[34,45]\" class=\"word\">conduits de fum\u00e9e<\/span>, l&#8217;<span id=\"[47,60]\" class=\"word\">obturation<\/span> <span id=\"[61,64]\" class=\"word\">des<\/span> <span id=\"[65,76]\" class=\"word\">gaines d&#8217;air<\/span> et l <span id=\"[77,87]\" class=\"word\">&#8216;isolation<\/span> <span id=\"[88,90]\" class=\"word\">dans les<\/span> b\u00e2timents. <span id=\"[91,94]\" class=\"word\">HVAC et comme protection thermique k<span id=\"[0,10]\" class=\"word\">on\u00e7ue. En outre, il peut a<\/span><\/span>ous l&#8217;utilisons <span id=\"[110,114]\" class=\"word\">\u00e9galement<\/span> <span id=\"[122,144]\" class=\"word\">dans l&#8217;industrie du divertissement<\/span> <span id=\"[145,148]\" class=\"word\">pour<\/span> <span id=\"[149,161]\" class=\"word\">emp\u00eacher<\/span> <span id=\"[166,179]\" class=\"word\">les fuites de lumi\u00e8re<\/span> <span id=\"[180,183]\" class=\"word\">des<\/span> <span id=\"[184,194]\" class=\"word\">bo\u00eetes de sol<\/span>,  <span id=\"[196,199]\" class=\"word\">pour<\/span> <span id=\"[200,211]\" class=\"word\">fixation<\/span> <span id=\"[212,216]\" class=\"word\">ou<\/span> <span id=\"[217,220]\" class=\"word\">pour<\/span> <span id=\"[221,227]\" class=\"word\">Moulage<\/span> <span id=\"[228,231]\" class=\"word\">de<\/span> <span id=\"[232,245]\" class=\"word\">portes de grange<\/span> <span id=\"[246,255]\" class=\"word\">peuvent \u00eatre utilis\u00e9s.<\/span><\/p>\n<p>&nbsp;<\/p>\n","protected":false},"excerpt":{"rendered":"<p>Le ruban adh\u00e9sif en aluminium h-old\u00ae 4040 est recouvert d&#8217;un syst\u00e8me adh\u00e9sif acrylique \u00e0 base de solvant et prot\u00e9g\u00e9 par un papier blanc silicon\u00e9 Il est utilis\u00e9 pour l&#8217; \u00e9tanch\u00e9it\u00e9 des conduits de fum\u00e9e, l&#8217;obturation des gaines d&#8217;air et l &#8216;isolation dans les b\u00e2timents. HVAC et comme protection thermique kon\u00e7ue. En outre, il peut aous [&hellip;]<\/p>\n","protected":false},"featured_media":29032,"template":"","meta":{"_acf_changed":false},"pwb-brand":[2330,2367],"product_brand":[],"product_cat":[1836,1839],"product_tag":[],"class_list":{"0":"post-40585","1":"product","2":"type-product","3":"status-publish","4":"has-post-thumbnail","6":"pwb-brand-saint-gobain-fr","7":"pwb-brand-h-old-fr","8":"product_cat-rubans-adhesifs-simple-face","9":"product_cat-film-pet","11":"first","12":"instock","13":"taxable","14":"shipping-taxable","15":"product-type-simple"},"acf":[],"yoast_head":"<!-- This site is optimized with the Yoast SEO plugin v27.3 - https:\/\/yoast.com\/product\/yoast-seo-wordpress\/ -->\n<title>h-old\u00ae 4440 Ruban adh\u00e9sif en aluminium | Cardinal TAPES<\/title>\n<meta name=\"description\" content=\"Le ruban adh\u00e9sif en polyester hold P.40 est un ruban adh\u00e9sif de 0,06 mm d&#039;\u00e9paisseur, compos\u00e9 d&#039;un support en film polyester enduit d&#039;une colle silicone de haute qualit\u00e9.\" \/>\n<meta name=\"robots\" content=\"index, follow, max-snippet:-1, max-image-preview:large, max-video-preview:-1\" \/>\n<link rel=\"canonical\" href=\"https:\/\/cardinal-tapes.com\/fr\/rubans-adh\u00e9sifs\/rubans-adhesifs-simple-face\/film-pet\/ruban-adhesif-en-aluminium-h-old-4440\/\" \/>\n<meta property=\"og:locale\" content=\"fr_FR\" \/>\n<meta property=\"og:type\" content=\"article\" \/>\n<meta property=\"og:title\" content=\"h-old\u00ae 4440 Ruban adh\u00e9sif en aluminium | Cardinal TAPES\" \/>\n<meta property=\"og:description\" content=\"Le ruban adh\u00e9sif en polyester hold P.40 est un ruban adh\u00e9sif de 0,06 mm d&#039;\u00e9paisseur, compos\u00e9 d&#039;un support en film polyester enduit d&#039;une colle silicone de haute qualit\u00e9.\" \/>\n<meta property=\"og:url\" content=\"https:\/\/cardinal-tapes.com\/fr\/rubans-adh\u00e9sifs\/rubans-adhesifs-simple-face\/film-pet\/ruban-adhesif-en-aluminium-h-old-4440\/\" \/>\n<meta property=\"og:site_name\" content=\"cardinal TAPES\" \/>\n<meta property=\"article:modified_time\" content=\"2025-07-02T10:29:43+00:00\" \/>\n<meta property=\"og:image\" content=\"https:\/\/cardinal-tapes.com\/wp-content\/uploads\/hold.png\" \/>\n\t<meta property=\"og:image:width\" content=\"437\" \/>\n\t<meta property=\"og:image:height\" content=\"426\" \/>\n\t<meta property=\"og:image:type\" content=\"image\/png\" \/>\n<meta name=\"twitter:card\" content=\"summary_large_image\" \/>\n<script type=\"application\/ld+json\" class=\"yoast-schema-graph\">{\"@context\":\"https:\\\/\\\/schema.org\",\"@graph\":[{\"@type\":\"WebPage\",\"@id\":\"https:\\\/\\\/cardinal-tapes.com\\\/fr\\\/rubans-adh\u00e9sifs\\\/rubans-adhesifs-simple-face\\\/film-pet\\\/ruban-adhesif-en-aluminium-h-old-4440\\\/\",\"url\":\"https:\\\/\\\/cardinal-tapes.com\\\/fr\\\/rubans-adh\u00e9sifs\\\/rubans-adhesifs-simple-face\\\/film-pet\\\/ruban-adhesif-en-aluminium-h-old-4440\\\/\",\"name\":\"h-old\u00ae 4440 Ruban adh\u00e9sif en aluminium | Cardinal TAPES\",\"isPartOf\":{\"@id\":\"https:\\\/\\\/cardinal-tapes.com\\\/#website\"},\"primaryImageOfPage\":{\"@id\":\"https:\\\/\\\/cardinal-tapes.com\\\/fr\\\/rubans-adh\u00e9sifs\\\/rubans-adhesifs-simple-face\\\/film-pet\\\/ruban-adhesif-en-aluminium-h-old-4440\\\/#primaryimage\"},\"image\":{\"@id\":\"https:\\\/\\\/cardinal-tapes.com\\\/fr\\\/rubans-adh\u00e9sifs\\\/rubans-adhesifs-simple-face\\\/film-pet\\\/ruban-adhesif-en-aluminium-h-old-4440\\\/#primaryimage\"},\"thumbnailUrl\":\"https:\\\/\\\/cardinal-tapes.com\\\/wp-content\\\/uploads\\\/hold.png\",\"datePublished\":\"2023-06-05T14:55:39+00:00\",\"dateModified\":\"2025-07-02T10:29:43+00:00\",\"description\":\"Le ruban adh\u00e9sif en polyester hold P.40 est un ruban adh\u00e9sif de 0,06 mm d'\u00e9paisseur, compos\u00e9 d'un support en film polyester enduit d'une colle silicone de haute qualit\u00e9.\",\"breadcrumb\":{\"@id\":\"https:\\\/\\\/cardinal-tapes.com\\\/fr\\\/rubans-adh\u00e9sifs\\\/rubans-adhesifs-simple-face\\\/film-pet\\\/ruban-adhesif-en-aluminium-h-old-4440\\\/#breadcrumb\"},\"inLanguage\":\"fr-FR\",\"potentialAction\":[{\"@type\":\"ReadAction\",\"target\":[\"https:\\\/\\\/cardinal-tapes.com\\\/fr\\\/rubans-adh\u00e9sifs\\\/rubans-adhesifs-simple-face\\\/film-pet\\\/ruban-adhesif-en-aluminium-h-old-4440\\\/\"]}]},{\"@type\":\"ImageObject\",\"inLanguage\":\"fr-FR\",\"@id\":\"https:\\\/\\\/cardinal-tapes.com\\\/fr\\\/rubans-adh\u00e9sifs\\\/rubans-adhesifs-simple-face\\\/film-pet\\\/ruban-adhesif-en-aluminium-h-old-4440\\\/#primaryimage\",\"url\":\"https:\\\/\\\/cardinal-tapes.com\\\/wp-content\\\/uploads\\\/hold.png\",\"contentUrl\":\"https:\\\/\\\/cardinal-tapes.com\\\/wp-content\\\/uploads\\\/hold.png\",\"width\":437,\"height\":426},{\"@type\":\"BreadcrumbList\",\"@id\":\"https:\\\/\\\/cardinal-tapes.com\\\/fr\\\/rubans-adh\u00e9sifs\\\/rubans-adhesifs-simple-face\\\/film-pet\\\/ruban-adhesif-en-aluminium-h-old-4440\\\/#breadcrumb\",\"itemListElement\":[{\"@type\":\"ListItem\",\"position\":1,\"name\":\"Startseite\",\"item\":\"https:\\\/\\\/cardinal-tapes.com\\\/fr\\\/accueil\\\/\"},{\"@type\":\"ListItem\",\"position\":2,\"name\":\"Rubans adh\u00e9sifs\",\"item\":\"https:\\\/\\\/cardinal-tapes.com\\\/fr\\\/rubans-adhesifs-fr\\\/\"},{\"@type\":\"ListItem\",\"position\":3,\"name\":\"Rubans adh\u00e9sifs simple face\",\"item\":\"https:\\\/\\\/cardinal-tapes.com\\\/fr\\\/catgorie\\\/rubans-adhesifs-simple-face\\\/\"},{\"@type\":\"ListItem\",\"position\":4,\"name\":\"Film PET\",\"item\":\"https:\\\/\\\/cardinal-tapes.com\\\/fr\\\/catgorie\\\/film-pet\\\/\"},{\"@type\":\"ListItem\",\"position\":5,\"name\":\"h-old\u00ae 4440 Ruban adh\u00e9sif en aluminium\"}]},{\"@type\":\"WebSite\",\"@id\":\"https:\\\/\\\/cardinal-tapes.com\\\/#website\",\"url\":\"https:\\\/\\\/cardinal-tapes.com\\\/\",\"name\":\"cardinal TAPES\",\"description\":\"Klebetechnik aus Wuppertal\",\"potentialAction\":[{\"@type\":\"SearchAction\",\"target\":{\"@type\":\"EntryPoint\",\"urlTemplate\":\"https:\\\/\\\/cardinal-tapes.com\\\/?s={search_term_string}\"},\"query-input\":{\"@type\":\"PropertyValueSpecification\",\"valueRequired\":true,\"valueName\":\"search_term_string\"}}],\"inLanguage\":\"fr-FR\"}]}<\/script>\n<!-- \/ Yoast SEO plugin. -->","yoast_head_json":{"title":"h-old\u00ae 4440 Ruban adh\u00e9sif en aluminium | Cardinal TAPES","description":"Le ruban adh\u00e9sif en polyester hold P.40 est un ruban adh\u00e9sif de 0,06 mm d'\u00e9paisseur, compos\u00e9 d'un support en film polyester enduit d'une colle silicone de haute qualit\u00e9.","robots":{"index":"index","follow":"follow","max-snippet":"max-snippet:-1","max-image-preview":"max-image-preview:large","max-video-preview":"max-video-preview:-1"},"canonical":"https:\/\/cardinal-tapes.com\/fr\/rubans-adh\u00e9sifs\/rubans-adhesifs-simple-face\/film-pet\/ruban-adhesif-en-aluminium-h-old-4440\/","og_locale":"fr_FR","og_type":"article","og_title":"h-old\u00ae 4440 Ruban adh\u00e9sif en aluminium | Cardinal TAPES","og_description":"Le ruban adh\u00e9sif en polyester hold P.40 est un ruban adh\u00e9sif de 0,06 mm d'\u00e9paisseur, compos\u00e9 d'un support en film polyester enduit d'une colle silicone de haute qualit\u00e9.","og_url":"https:\/\/cardinal-tapes.com\/fr\/rubans-adh\u00e9sifs\/rubans-adhesifs-simple-face\/film-pet\/ruban-adhesif-en-aluminium-h-old-4440\/","og_site_name":"cardinal TAPES","article_modified_time":"2025-07-02T10:29:43+00:00","og_image":[{"width":437,"height":426,"url":"https:\/\/cardinal-tapes.com\/wp-content\/uploads\/hold.png","type":"image\/png"}],"twitter_card":"summary_large_image","schema":{"@context":"https:\/\/schema.org","@graph":[{"@type":"WebPage","@id":"https:\/\/cardinal-tapes.com\/fr\/rubans-adh\u00e9sifs\/rubans-adhesifs-simple-face\/film-pet\/ruban-adhesif-en-aluminium-h-old-4440\/","url":"https:\/\/cardinal-tapes.com\/fr\/rubans-adh\u00e9sifs\/rubans-adhesifs-simple-face\/film-pet\/ruban-adhesif-en-aluminium-h-old-4440\/","name":"h-old\u00ae 4440 Ruban adh\u00e9sif en aluminium | Cardinal TAPES","isPartOf":{"@id":"https:\/\/cardinal-tapes.com\/#website"},"primaryImageOfPage":{"@id":"https:\/\/cardinal-tapes.com\/fr\/rubans-adh\u00e9sifs\/rubans-adhesifs-simple-face\/film-pet\/ruban-adhesif-en-aluminium-h-old-4440\/#primaryimage"},"image":{"@id":"https:\/\/cardinal-tapes.com\/fr\/rubans-adh\u00e9sifs\/rubans-adhesifs-simple-face\/film-pet\/ruban-adhesif-en-aluminium-h-old-4440\/#primaryimage"},"thumbnailUrl":"https:\/\/cardinal-tapes.com\/wp-content\/uploads\/hold.png","datePublished":"2023-06-05T14:55:39+00:00","dateModified":"2025-07-02T10:29:43+00:00","description":"Le ruban adh\u00e9sif en polyester hold P.40 est un ruban adh\u00e9sif de 0,06 mm d'\u00e9paisseur, compos\u00e9 d'un support en film polyester enduit d'une colle silicone de haute qualit\u00e9.","breadcrumb":{"@id":"https:\/\/cardinal-tapes.com\/fr\/rubans-adh\u00e9sifs\/rubans-adhesifs-simple-face\/film-pet\/ruban-adhesif-en-aluminium-h-old-4440\/#breadcrumb"},"inLanguage":"fr-FR","potentialAction":[{"@type":"ReadAction","target":["https:\/\/cardinal-tapes.com\/fr\/rubans-adh\u00e9sifs\/rubans-adhesifs-simple-face\/film-pet\/ruban-adhesif-en-aluminium-h-old-4440\/"]}]},{"@type":"ImageObject","inLanguage":"fr-FR","@id":"https:\/\/cardinal-tapes.com\/fr\/rubans-adh\u00e9sifs\/rubans-adhesifs-simple-face\/film-pet\/ruban-adhesif-en-aluminium-h-old-4440\/#primaryimage","url":"https:\/\/cardinal-tapes.com\/wp-content\/uploads\/hold.png","contentUrl":"https:\/\/cardinal-tapes.com\/wp-content\/uploads\/hold.png","width":437,"height":426},{"@type":"BreadcrumbList","@id":"https:\/\/cardinal-tapes.com\/fr\/rubans-adh\u00e9sifs\/rubans-adhesifs-simple-face\/film-pet\/ruban-adhesif-en-aluminium-h-old-4440\/#breadcrumb","itemListElement":[{"@type":"ListItem","position":1,"name":"Startseite","item":"https:\/\/cardinal-tapes.com\/fr\/accueil\/"},{"@type":"ListItem","position":2,"name":"Rubans adh\u00e9sifs","item":"https:\/\/cardinal-tapes.com\/fr\/rubans-adhesifs-fr\/"},{"@type":"ListItem","position":3,"name":"Rubans adh\u00e9sifs simple face","item":"https:\/\/cardinal-tapes.com\/fr\/catgorie\/rubans-adhesifs-simple-face\/"},{"@type":"ListItem","position":4,"name":"Film PET","item":"https:\/\/cardinal-tapes.com\/fr\/catgorie\/film-pet\/"},{"@type":"ListItem","position":5,"name":"h-old\u00ae 4440 Ruban adh\u00e9sif en aluminium"}]},{"@type":"WebSite","@id":"https:\/\/cardinal-tapes.com\/#website","url":"https:\/\/cardinal-tapes.com\/","name":"cardinal TAPES","description":"Klebetechnik aus Wuppertal","potentialAction":[{"@type":"SearchAction","target":{"@type":"EntryPoint","urlTemplate":"https:\/\/cardinal-tapes.com\/?s={search_term_string}"},"query-input":{"@type":"PropertyValueSpecification","valueRequired":true,"valueName":"search_term_string"}}],"inLanguage":"fr-FR"}]}},"brands":[{"id":2330,"name":"Saint-Gobain Performance Plastics","slug":"saint-gobain-fr"},{"id":2367,"name":"Saint-Gobain h-old","slug":"h-old-fr"}],"_links":{"self":[{"href":"https:\/\/cardinal-tapes.com\/fr\/wp-json\/wp\/v2\/product\/40585","targetHints":{"allow":["GET"]}}],"collection":[{"href":"https:\/\/cardinal-tapes.com\/fr\/wp-json\/wp\/v2\/product"}],"about":[{"href":"https:\/\/cardinal-tapes.com\/fr\/wp-json\/wp\/v2\/types\/product"}],"wp:featuredmedia":[{"embeddable":true,"href":"https:\/\/cardinal-tapes.com\/fr\/wp-json\/wp\/v2\/media\/29032"}],"wp:attachment":[{"href":"https:\/\/cardinal-tapes.com\/fr\/wp-json\/wp\/v2\/media?parent=40585"}],"wp:term":[{"taxonomy":"pwb-brand","embeddable":true,"href":"https:\/\/cardinal-tapes.com\/fr\/wp-json\/wp\/v2\/pwb-brand?post=40585"},{"taxonomy":"product_brand","embeddable":true,"href":"https:\/\/cardinal-tapes.com\/fr\/wp-json\/wp\/v2\/product_brand?post=40585"},{"taxonomy":"product_cat","embeddable":true,"href":"https:\/\/cardinal-tapes.com\/fr\/wp-json\/wp\/v2\/product_cat?post=40585"},{"taxonomy":"product_tag","embeddable":true,"href":"https:\/\/cardinal-tapes.com\/fr\/wp-json\/wp\/v2\/product_tag?post=40585"}],"curies":[{"name":"wp","href":"https:\/\/api.w.org\/{rel}","templated":true}]}}