{"id":40581,"date":"2022-01-05T12:58:04","date_gmt":"2023-06-05T14:55:39","guid":{"rendered":"https:\/\/cardinal.pixel-tal.de\/klebebaender\/non%20class\u00e9\/h-old-2131-bande-en-mousse-de-pe\/"},"modified":"2025-07-02T12:34:02","modified_gmt":"2025-07-02T10:34:02","slug":"h-old-2131-pe-schaumband","status":"publish","type":"product","link":"https:\/\/cardinal-tapes.com\/fr\/rubans-adh\u00e9sifs\/rubans-adhesifs-double-face\/h-old-2131-pe-schaumband\/","title":{"rendered":"h-old\u00ae 2131 Bande en mousse de PE"},"content":{"rendered":"<p><span id=\"[37,48]\" class=\"word\">La bande de mousse PE h-old\u00ae 2131 est une<\/span> <span id=\"[49,58]\" class=\"word\">mousse PE<\/span> haute densit\u00e9<span id=\"[60,70]\" class=\"word\">enduite <\/span> <span id=\"[75,80]\" class=\"word\">d&#8217;un<\/span> <span id=\"[81,116]\" class=\"word\">syst\u00e8me adh\u00e9sif acrylique haute performance<\/span><span id=\"[118,120]\" class=\"word\">.<\/span><br \/>\n<span id=\"[153,166]\" class=\"word\"> <span id=\"[122,131]\" class=\"word\">est prot\u00e9g\u00e9<\/span><\/span><span id=\"[132,137]\" class=\"word\">par<\/span> un film de s\u00e9paration en PE <span id=\"[138,152]\" class=\"word\">silicon\u00e9<\/span>. C&#8217;est k<span id=\"[168,178]\" class=\"word\">Con\u00e7u<\/span> <span id=\"[179,182]\" class=\"word\">pour<\/span> <span id=\"[183,186]\" class=\"word\">le<\/span> <span id=\"[187,194]\" class=\"word\">montage<\/span> <span id=\"[207,210]\" class=\"word\">de<\/span> <span id=\"[211,219]\" class=\"word\">pr\u00e9sentoirs<\/span>, <span id=\"[221,229]\" class=\"word\">d&#8217;embl\u00e8mes<\/span>, de <span id=\"[231,242]\" class=\"word\">profil\u00e9s de porte<\/span>, de <span id=\"[245,256]\" class=\"word\">moulures<\/span>, <span id=\"[258,261]\" class=\"word\">etc<\/span>.  <span id=\"[263,268]\" class=\"word\">Id\u00e9al<\/span> <span id=\"[269,272]\" class=\"word\">pour<\/span> <span id=\"[273,277]\" class=\"word\">toutes les<\/span> <span id=\"[278,289]\" class=\"word\">applications<\/span>, bLes <span id=\"[295,300]\" class=\"word\">produits<\/span> de <span id=\"[301,305]\" class=\"word\">la<\/span> gamme de produits <span id=\"[306,321]\" class=\"word\">de l<\/span> &#8216;entreprise sont destin\u00e9s aux applications qui <span id=\"[353,357]\" class=\"word\">requi\u00e8rent<\/span> une r\u00e9sistance \u00e9lev\u00e9e au cisaillement<span id=\"[323,325]\" class=\"word\">et<\/span> <span id=\"[326,342]\" class=\"word\">aux UV<\/span>.<\/p>\n","protected":false},"excerpt":{"rendered":"<p>La bande de mousse PE h-old\u00ae 2131 est une mousse PE haute densit\u00e9enduite d&#8217;un syst\u00e8me adh\u00e9sif acrylique haute performance. est prot\u00e9g\u00e9par un film de s\u00e9paration en PE silicon\u00e9. C&#8217;est kCon\u00e7u pour le montage de pr\u00e9sentoirs, d&#8217;embl\u00e8mes, de profil\u00e9s de porte, de moulures, etc. Id\u00e9al pour toutes les applications, bLes produits de la gamme de produits [&hellip;]<\/p>\n","protected":false},"featured_media":28500,"template":"","meta":{"_acf_changed":false},"pwb-brand":[2330,2367],"product_brand":[],"product_cat":[1834],"product_tag":[],"class_list":{"0":"post-40581","1":"product","2":"type-product","3":"status-publish","4":"has-post-thumbnail","6":"pwb-brand-saint-gobain-fr","7":"pwb-brand-h-old-fr","8":"product_cat-rubans-adhesifs-double-face","10":"first","11":"instock","12":"taxable","13":"shipping-taxable","14":"product-type-simple"},"acf":[],"yoast_head":"<!-- This site is optimized with the Yoast SEO plugin v27.3 - https:\/\/yoast.com\/product\/yoast-seo-wordpress\/ -->\n<title>h-old P.40 Ruban adh\u00e9sif en polyester | Cardinal TAPES<\/title>\n<meta name=\"description\" content=\"Le ruban adh\u00e9sif en polyester hold P.40 est un ruban adh\u00e9sif de 0,06 mm d&#039;\u00e9paisseur, compos\u00e9 d&#039;un support en film polyester enduit d&#039;une colle silicone de haute qualit\u00e9.\" \/>\n<meta name=\"robots\" content=\"index, follow, max-snippet:-1, max-image-preview:large, max-video-preview:-1\" \/>\n<link rel=\"canonical\" href=\"https:\/\/cardinal-tapes.com\/fr\/rubans-adh\u00e9sifs\/rubans-adhesifs-double-face\/h-old-2131-pe-schaumband\/\" \/>\n<meta property=\"og:locale\" content=\"fr_FR\" \/>\n<meta property=\"og:type\" content=\"article\" \/>\n<meta property=\"og:title\" content=\"h-old P.40 Ruban adh\u00e9sif en polyester | Cardinal TAPES\" \/>\n<meta property=\"og:description\" content=\"Le ruban adh\u00e9sif en polyester hold P.40 est un ruban adh\u00e9sif de 0,06 mm d&#039;\u00e9paisseur, compos\u00e9 d&#039;un support en film polyester enduit d&#039;une colle silicone de haute qualit\u00e9.\" \/>\n<meta property=\"og:url\" content=\"https:\/\/cardinal-tapes.com\/fr\/rubans-adh\u00e9sifs\/rubans-adhesifs-double-face\/h-old-2131-pe-schaumband\/\" \/>\n<meta property=\"og:site_name\" content=\"cardinal TAPES\" \/>\n<meta property=\"article:modified_time\" content=\"2025-07-02T10:34:02+00:00\" \/>\n<meta property=\"og:image\" content=\"https:\/\/cardinal-tapes.com\/wp-content\/uploads\/Norbond-PUR-V2800-A_153106.png\" \/>\n\t<meta property=\"og:image:width\" content=\"415\" \/>\n\t<meta property=\"og:image:height\" content=\"415\" \/>\n\t<meta property=\"og:image:type\" content=\"image\/png\" \/>\n<meta name=\"twitter:card\" content=\"summary_large_image\" \/>\n<script type=\"application\/ld+json\" class=\"yoast-schema-graph\">{\"@context\":\"https:\\\/\\\/schema.org\",\"@graph\":[{\"@type\":\"WebPage\",\"@id\":\"https:\\\/\\\/cardinal-tapes.com\\\/fr\\\/rubans-adh\u00e9sifs\\\/rubans-adhesifs-double-face\\\/h-old-2131-pe-schaumband\\\/\",\"url\":\"https:\\\/\\\/cardinal-tapes.com\\\/fr\\\/rubans-adh\u00e9sifs\\\/rubans-adhesifs-double-face\\\/h-old-2131-pe-schaumband\\\/\",\"name\":\"h-old P.40 Ruban adh\u00e9sif en polyester | Cardinal TAPES\",\"isPartOf\":{\"@id\":\"https:\\\/\\\/cardinal-tapes.com\\\/#website\"},\"primaryImageOfPage\":{\"@id\":\"https:\\\/\\\/cardinal-tapes.com\\\/fr\\\/rubans-adh\u00e9sifs\\\/rubans-adhesifs-double-face\\\/h-old-2131-pe-schaumband\\\/#primaryimage\"},\"image\":{\"@id\":\"https:\\\/\\\/cardinal-tapes.com\\\/fr\\\/rubans-adh\u00e9sifs\\\/rubans-adhesifs-double-face\\\/h-old-2131-pe-schaumband\\\/#primaryimage\"},\"thumbnailUrl\":\"https:\\\/\\\/cardinal-tapes.com\\\/wp-content\\\/uploads\\\/Norbond-PUR-V2800-A_153106.png\",\"datePublished\":\"2023-06-05T14:55:39+00:00\",\"dateModified\":\"2025-07-02T10:34:02+00:00\",\"description\":\"Le ruban adh\u00e9sif en polyester hold P.40 est un ruban adh\u00e9sif de 0,06 mm d'\u00e9paisseur, compos\u00e9 d'un support en film polyester enduit d'une colle silicone de haute qualit\u00e9.\",\"breadcrumb\":{\"@id\":\"https:\\\/\\\/cardinal-tapes.com\\\/fr\\\/rubans-adh\u00e9sifs\\\/rubans-adhesifs-double-face\\\/h-old-2131-pe-schaumband\\\/#breadcrumb\"},\"inLanguage\":\"fr-FR\",\"potentialAction\":[{\"@type\":\"ReadAction\",\"target\":[\"https:\\\/\\\/cardinal-tapes.com\\\/fr\\\/rubans-adh\u00e9sifs\\\/rubans-adhesifs-double-face\\\/h-old-2131-pe-schaumband\\\/\"]}]},{\"@type\":\"ImageObject\",\"inLanguage\":\"fr-FR\",\"@id\":\"https:\\\/\\\/cardinal-tapes.com\\\/fr\\\/rubans-adh\u00e9sifs\\\/rubans-adhesifs-double-face\\\/h-old-2131-pe-schaumband\\\/#primaryimage\",\"url\":\"https:\\\/\\\/cardinal-tapes.com\\\/wp-content\\\/uploads\\\/Norbond-PUR-V2800-A_153106.png\",\"contentUrl\":\"https:\\\/\\\/cardinal-tapes.com\\\/wp-content\\\/uploads\\\/Norbond-PUR-V2800-A_153106.png\",\"width\":415,\"height\":415},{\"@type\":\"BreadcrumbList\",\"@id\":\"https:\\\/\\\/cardinal-tapes.com\\\/fr\\\/rubans-adh\u00e9sifs\\\/rubans-adhesifs-double-face\\\/h-old-2131-pe-schaumband\\\/#breadcrumb\",\"itemListElement\":[{\"@type\":\"ListItem\",\"position\":1,\"name\":\"Startseite\",\"item\":\"https:\\\/\\\/cardinal-tapes.com\\\/fr\\\/accueil\\\/\"},{\"@type\":\"ListItem\",\"position\":2,\"name\":\"Rubans adh\u00e9sifs\",\"item\":\"https:\\\/\\\/cardinal-tapes.com\\\/fr\\\/rubans-adhesifs-fr\\\/\"},{\"@type\":\"ListItem\",\"position\":3,\"name\":\"Rubans adh\u00e9sifs double face\",\"item\":\"https:\\\/\\\/cardinal-tapes.com\\\/fr\\\/catgorie\\\/rubans-adhesifs-double-face\\\/\"},{\"@type\":\"ListItem\",\"position\":4,\"name\":\"h-old\u00ae 2131 Bande en mousse de PE\"}]},{\"@type\":\"WebSite\",\"@id\":\"https:\\\/\\\/cardinal-tapes.com\\\/#website\",\"url\":\"https:\\\/\\\/cardinal-tapes.com\\\/\",\"name\":\"cardinal TAPES\",\"description\":\"Klebetechnik aus Wuppertal\",\"potentialAction\":[{\"@type\":\"SearchAction\",\"target\":{\"@type\":\"EntryPoint\",\"urlTemplate\":\"https:\\\/\\\/cardinal-tapes.com\\\/?s={search_term_string}\"},\"query-input\":{\"@type\":\"PropertyValueSpecification\",\"valueRequired\":true,\"valueName\":\"search_term_string\"}}],\"inLanguage\":\"fr-FR\"}]}<\/script>\n<!-- \/ Yoast SEO plugin. -->","yoast_head_json":{"title":"h-old P.40 Ruban adh\u00e9sif en polyester | Cardinal TAPES","description":"Le ruban adh\u00e9sif en polyester hold P.40 est un ruban adh\u00e9sif de 0,06 mm d'\u00e9paisseur, compos\u00e9 d'un support en film polyester enduit d'une colle silicone de haute qualit\u00e9.","robots":{"index":"index","follow":"follow","max-snippet":"max-snippet:-1","max-image-preview":"max-image-preview:large","max-video-preview":"max-video-preview:-1"},"canonical":"https:\/\/cardinal-tapes.com\/fr\/rubans-adh\u00e9sifs\/rubans-adhesifs-double-face\/h-old-2131-pe-schaumband\/","og_locale":"fr_FR","og_type":"article","og_title":"h-old P.40 Ruban adh\u00e9sif en polyester | Cardinal TAPES","og_description":"Le ruban adh\u00e9sif en polyester hold P.40 est un ruban adh\u00e9sif de 0,06 mm d'\u00e9paisseur, compos\u00e9 d'un support en film polyester enduit d'une colle silicone de haute qualit\u00e9.","og_url":"https:\/\/cardinal-tapes.com\/fr\/rubans-adh\u00e9sifs\/rubans-adhesifs-double-face\/h-old-2131-pe-schaumband\/","og_site_name":"cardinal TAPES","article_modified_time":"2025-07-02T10:34:02+00:00","og_image":[{"width":415,"height":415,"url":"https:\/\/cardinal-tapes.com\/wp-content\/uploads\/Norbond-PUR-V2800-A_153106.png","type":"image\/png"}],"twitter_card":"summary_large_image","schema":{"@context":"https:\/\/schema.org","@graph":[{"@type":"WebPage","@id":"https:\/\/cardinal-tapes.com\/fr\/rubans-adh\u00e9sifs\/rubans-adhesifs-double-face\/h-old-2131-pe-schaumband\/","url":"https:\/\/cardinal-tapes.com\/fr\/rubans-adh\u00e9sifs\/rubans-adhesifs-double-face\/h-old-2131-pe-schaumband\/","name":"h-old P.40 Ruban adh\u00e9sif en polyester | Cardinal TAPES","isPartOf":{"@id":"https:\/\/cardinal-tapes.com\/#website"},"primaryImageOfPage":{"@id":"https:\/\/cardinal-tapes.com\/fr\/rubans-adh\u00e9sifs\/rubans-adhesifs-double-face\/h-old-2131-pe-schaumband\/#primaryimage"},"image":{"@id":"https:\/\/cardinal-tapes.com\/fr\/rubans-adh\u00e9sifs\/rubans-adhesifs-double-face\/h-old-2131-pe-schaumband\/#primaryimage"},"thumbnailUrl":"https:\/\/cardinal-tapes.com\/wp-content\/uploads\/Norbond-PUR-V2800-A_153106.png","datePublished":"2023-06-05T14:55:39+00:00","dateModified":"2025-07-02T10:34:02+00:00","description":"Le ruban adh\u00e9sif en polyester hold P.40 est un ruban adh\u00e9sif de 0,06 mm d'\u00e9paisseur, compos\u00e9 d'un support en film polyester enduit d'une colle silicone de haute qualit\u00e9.","breadcrumb":{"@id":"https:\/\/cardinal-tapes.com\/fr\/rubans-adh\u00e9sifs\/rubans-adhesifs-double-face\/h-old-2131-pe-schaumband\/#breadcrumb"},"inLanguage":"fr-FR","potentialAction":[{"@type":"ReadAction","target":["https:\/\/cardinal-tapes.com\/fr\/rubans-adh\u00e9sifs\/rubans-adhesifs-double-face\/h-old-2131-pe-schaumband\/"]}]},{"@type":"ImageObject","inLanguage":"fr-FR","@id":"https:\/\/cardinal-tapes.com\/fr\/rubans-adh\u00e9sifs\/rubans-adhesifs-double-face\/h-old-2131-pe-schaumband\/#primaryimage","url":"https:\/\/cardinal-tapes.com\/wp-content\/uploads\/Norbond-PUR-V2800-A_153106.png","contentUrl":"https:\/\/cardinal-tapes.com\/wp-content\/uploads\/Norbond-PUR-V2800-A_153106.png","width":415,"height":415},{"@type":"BreadcrumbList","@id":"https:\/\/cardinal-tapes.com\/fr\/rubans-adh\u00e9sifs\/rubans-adhesifs-double-face\/h-old-2131-pe-schaumband\/#breadcrumb","itemListElement":[{"@type":"ListItem","position":1,"name":"Startseite","item":"https:\/\/cardinal-tapes.com\/fr\/accueil\/"},{"@type":"ListItem","position":2,"name":"Rubans adh\u00e9sifs","item":"https:\/\/cardinal-tapes.com\/fr\/rubans-adhesifs-fr\/"},{"@type":"ListItem","position":3,"name":"Rubans adh\u00e9sifs double face","item":"https:\/\/cardinal-tapes.com\/fr\/catgorie\/rubans-adhesifs-double-face\/"},{"@type":"ListItem","position":4,"name":"h-old\u00ae 2131 Bande en mousse de PE"}]},{"@type":"WebSite","@id":"https:\/\/cardinal-tapes.com\/#website","url":"https:\/\/cardinal-tapes.com\/","name":"cardinal TAPES","description":"Klebetechnik aus Wuppertal","potentialAction":[{"@type":"SearchAction","target":{"@type":"EntryPoint","urlTemplate":"https:\/\/cardinal-tapes.com\/?s={search_term_string}"},"query-input":{"@type":"PropertyValueSpecification","valueRequired":true,"valueName":"search_term_string"}}],"inLanguage":"fr-FR"}]}},"brands":[{"id":2330,"name":"Saint-Gobain Performance Plastics","slug":"saint-gobain-fr"},{"id":2367,"name":"Saint-Gobain h-old","slug":"h-old-fr"}],"_links":{"self":[{"href":"https:\/\/cardinal-tapes.com\/fr\/wp-json\/wp\/v2\/product\/40581","targetHints":{"allow":["GET"]}}],"collection":[{"href":"https:\/\/cardinal-tapes.com\/fr\/wp-json\/wp\/v2\/product"}],"about":[{"href":"https:\/\/cardinal-tapes.com\/fr\/wp-json\/wp\/v2\/types\/product"}],"wp:featuredmedia":[{"embeddable":true,"href":"https:\/\/cardinal-tapes.com\/fr\/wp-json\/wp\/v2\/media\/28500"}],"wp:attachment":[{"href":"https:\/\/cardinal-tapes.com\/fr\/wp-json\/wp\/v2\/media?parent=40581"}],"wp:term":[{"taxonomy":"pwb-brand","embeddable":true,"href":"https:\/\/cardinal-tapes.com\/fr\/wp-json\/wp\/v2\/pwb-brand?post=40581"},{"taxonomy":"product_brand","embeddable":true,"href":"https:\/\/cardinal-tapes.com\/fr\/wp-json\/wp\/v2\/product_brand?post=40581"},{"taxonomy":"product_cat","embeddable":true,"href":"https:\/\/cardinal-tapes.com\/fr\/wp-json\/wp\/v2\/product_cat?post=40581"},{"taxonomy":"product_tag","embeddable":true,"href":"https:\/\/cardinal-tapes.com\/fr\/wp-json\/wp\/v2\/product_tag?post=40581"}],"curies":[{"name":"wp","href":"https:\/\/api.w.org\/{rel}","templated":true}]}}