{"id":40580,"date":"2022-01-05T11:07:29","date_gmt":"2023-06-05T14:55:39","guid":{"rendered":"https:\/\/cardinal.pixel-tal.de\/klebebaender\/non%20class\u00e9\/h-old-4010-ruban-adhesif-en-aluminium\/"},"modified":"2025-07-02T12:29:43","modified_gmt":"2025-07-02T10:29:43","slug":"ruban-adhesif-en-aluminium-h-old-4010","status":"publish","type":"product","link":"https:\/\/cardinal-tapes.com\/fr\/rubans-adh\u00e9sifs\/rubans-adhesifs-simple-face\/film-pet\/ruban-adhesif-en-aluminium-h-old-4010\/","title":{"rendered":"h-old\u00ae 4010 Ruban adh\u00e9sif en aluminium"},"content":{"rendered":"<p>Le ruban adh\u00e9sif h-old\u00ae 4010 pour aluminium est <span id=\"[77,97]\" class=\"word\"><span id=\"[33,43]\" class=\"word\">enduit<\/span> d<\/span> <span id=\"[48,53]\" class=\"word\">&#8216;un<\/span> syst\u00e8me adh\u00e9sif acrylique <span id=\"[54,76]\" class=\"word\">\u00e0 base de solvant<\/span>. Il est <span id=\"[110,113]\" class=\"word\">destin\u00e9 \u00e0 la<\/span> <span id=\"[114,125]\" class=\"word\">fixation<\/span> <span id=\"[126,129]\" class=\"word\">des<\/span> <span id=\"[145,156]\" class=\"word\">tubes<\/span> <span id=\"[130,139]\" class=\"word\">en aluminium<\/span><br \/>\net en cuivre <span id=\"[142,144]\" class=\"word\">.<\/span>   <span id=\"[161,164]\" class=\"word\">Dans la<\/span> <span id=\"[165,176]\" class=\"word\">fabrication<\/span> <span id=\"[177,180]\" class=\"word\">de<\/span> <span id=\"[181,188]\" class=\"word\">cong\u00e9lateurs<\/span> et <span id=\"[194,207]\" class=\"word\">de r\u00e9frig\u00e9rateurs<\/span>, l&#8217;<span id=\"[209,219]\" class=\"word\">\u00e9tanch\u00e9it\u00e9<\/span> <span id=\"[220,223]\" class=\"word\">des<\/span> <span id=\"[224,244]\" class=\"word\">plaques de polycarbonate<\/span>, l&#8217;<span id=\"[246,259]\" class=\"word\">obturation<\/span> <span id=\"[260,263]\" class=\"word\">des<\/span> <span id=\"[264,275]\" class=\"word\">conduits d&#8217;air<\/span>.<br \/>\n<span id=\"[277,287]\" class=\"word\">Isolation<\/span> <span id=\"[288,290]\" class=\"word\">dans le<\/span> <span id=\"[291,302]\" class=\"word\">domaine HVAC<\/span>, <span id=\"[304,313]\" class=\"word\">\u00e9pissure<\/span> <span id=\"[314,317]\" class=\"word\">de<\/span> <span id=\"[318,324]\" class=\"word\">films<\/span><span id=\"[326,328]\" class=\"word\">et<\/span> <span id=\"[329,335]\" class=\"word\">de feuilles<\/span>, <span id=\"[337,348]\" class=\"word\">gainage<\/span><span id=\"[350,352]\" class=\"word\">et<\/span> <span id=\"[353,362]\" class=\"word\">mise en faisceau<span id=\"[99,109]\" class=\"word\">.<\/span><\/span><\/p>\n","protected":false},"excerpt":{"rendered":"<p>Le ruban adh\u00e9sif h-old\u00ae 4010 pour aluminium est enduit d &#8216;un syst\u00e8me adh\u00e9sif acrylique \u00e0 base de solvant. Il est destin\u00e9 \u00e0 la fixation des tubes en aluminium et en cuivre . Dans la fabrication de cong\u00e9lateurs et de r\u00e9frig\u00e9rateurs, l&#8217;\u00e9tanch\u00e9it\u00e9 des plaques de polycarbonate, l&#8217;obturation des conduits d&#8217;air. Isolation dans le domaine HVAC, \u00e9pissure [&hellip;]<\/p>\n","protected":false},"featured_media":29028,"template":"","meta":{"_acf_changed":false},"pwb-brand":[2330,2367],"product_brand":[],"product_cat":[1836,1839],"product_tag":[],"class_list":{"0":"post-40580","1":"product","2":"type-product","3":"status-publish","4":"has-post-thumbnail","6":"pwb-brand-saint-gobain-fr","7":"pwb-brand-h-old-fr","8":"product_cat-rubans-adhesifs-simple-face","9":"product_cat-film-pet","11":"first","12":"instock","13":"taxable","14":"shipping-taxable","15":"product-type-simple"},"acf":[],"yoast_head":"<!-- This site is optimized with the Yoast SEO plugin v27.3 - https:\/\/yoast.com\/product\/yoast-seo-wordpress\/ -->\n<title>h-old-4010-ruban adh\u00e9sif en aluminium | Cardinal TAPES<\/title>\n<meta name=\"description\" content=\"Le ruban adh\u00e9sif en polyester hold P.40 est un ruban adh\u00e9sif de 0,06 mm d&#039;\u00e9paisseur, compos\u00e9 d&#039;un support en film polyester enduit d&#039;une colle silicone de haute qualit\u00e9.\" \/>\n<meta name=\"robots\" content=\"index, follow, max-snippet:-1, max-image-preview:large, max-video-preview:-1\" \/>\n<link rel=\"canonical\" href=\"https:\/\/cardinal-tapes.com\/fr\/rubans-adh\u00e9sifs\/rubans-adhesifs-simple-face\/film-pet\/ruban-adhesif-en-aluminium-h-old-4010\/\" \/>\n<meta property=\"og:locale\" content=\"fr_FR\" \/>\n<meta property=\"og:type\" content=\"article\" \/>\n<meta property=\"og:title\" content=\"h-old-4010-ruban adh\u00e9sif en aluminium | Cardinal TAPES\" \/>\n<meta property=\"og:description\" content=\"Le ruban adh\u00e9sif en polyester hold P.40 est un ruban adh\u00e9sif de 0,06 mm d&#039;\u00e9paisseur, compos\u00e9 d&#039;un support en film polyester enduit d&#039;une colle silicone de haute qualit\u00e9.\" \/>\n<meta property=\"og:url\" content=\"https:\/\/cardinal-tapes.com\/fr\/rubans-adh\u00e9sifs\/rubans-adhesifs-simple-face\/film-pet\/ruban-adhesif-en-aluminium-h-old-4010\/\" \/>\n<meta property=\"og:site_name\" content=\"cardinal TAPES\" \/>\n<meta property=\"article:modified_time\" content=\"2025-07-02T10:29:43+00:00\" \/>\n<meta property=\"og:image\" content=\"https:\/\/cardinal-tapes.com\/wp-content\/uploads\/H-Old-Aluminum-AL-50-A_53.jpg\" \/>\n\t<meta property=\"og:image:width\" content=\"380\" \/>\n\t<meta property=\"og:image:height\" content=\"380\" \/>\n\t<meta property=\"og:image:type\" content=\"image\/jpeg\" \/>\n<meta name=\"twitter:card\" content=\"summary_large_image\" \/>\n<script type=\"application\/ld+json\" class=\"yoast-schema-graph\">{\"@context\":\"https:\\\/\\\/schema.org\",\"@graph\":[{\"@type\":\"WebPage\",\"@id\":\"https:\\\/\\\/cardinal-tapes.com\\\/fr\\\/rubans-adh\u00e9sifs\\\/rubans-adhesifs-simple-face\\\/film-pet\\\/ruban-adhesif-en-aluminium-h-old-4010\\\/\",\"url\":\"https:\\\/\\\/cardinal-tapes.com\\\/fr\\\/rubans-adh\u00e9sifs\\\/rubans-adhesifs-simple-face\\\/film-pet\\\/ruban-adhesif-en-aluminium-h-old-4010\\\/\",\"name\":\"h-old-4010-ruban adh\u00e9sif en aluminium | Cardinal TAPES\",\"isPartOf\":{\"@id\":\"https:\\\/\\\/cardinal-tapes.com\\\/#website\"},\"primaryImageOfPage\":{\"@id\":\"https:\\\/\\\/cardinal-tapes.com\\\/fr\\\/rubans-adh\u00e9sifs\\\/rubans-adhesifs-simple-face\\\/film-pet\\\/ruban-adhesif-en-aluminium-h-old-4010\\\/#primaryimage\"},\"image\":{\"@id\":\"https:\\\/\\\/cardinal-tapes.com\\\/fr\\\/rubans-adh\u00e9sifs\\\/rubans-adhesifs-simple-face\\\/film-pet\\\/ruban-adhesif-en-aluminium-h-old-4010\\\/#primaryimage\"},\"thumbnailUrl\":\"https:\\\/\\\/cardinal-tapes.com\\\/wp-content\\\/uploads\\\/H-Old-Aluminum-AL-50-A_53.jpg\",\"datePublished\":\"2023-06-05T14:55:39+00:00\",\"dateModified\":\"2025-07-02T10:29:43+00:00\",\"description\":\"Le ruban adh\u00e9sif en polyester hold P.40 est un ruban adh\u00e9sif de 0,06 mm d'\u00e9paisseur, compos\u00e9 d'un support en film polyester enduit d'une colle silicone de haute qualit\u00e9.\",\"breadcrumb\":{\"@id\":\"https:\\\/\\\/cardinal-tapes.com\\\/fr\\\/rubans-adh\u00e9sifs\\\/rubans-adhesifs-simple-face\\\/film-pet\\\/ruban-adhesif-en-aluminium-h-old-4010\\\/#breadcrumb\"},\"inLanguage\":\"fr-FR\",\"potentialAction\":[{\"@type\":\"ReadAction\",\"target\":[\"https:\\\/\\\/cardinal-tapes.com\\\/fr\\\/rubans-adh\u00e9sifs\\\/rubans-adhesifs-simple-face\\\/film-pet\\\/ruban-adhesif-en-aluminium-h-old-4010\\\/\"]}]},{\"@type\":\"ImageObject\",\"inLanguage\":\"fr-FR\",\"@id\":\"https:\\\/\\\/cardinal-tapes.com\\\/fr\\\/rubans-adh\u00e9sifs\\\/rubans-adhesifs-simple-face\\\/film-pet\\\/ruban-adhesif-en-aluminium-h-old-4010\\\/#primaryimage\",\"url\":\"https:\\\/\\\/cardinal-tapes.com\\\/wp-content\\\/uploads\\\/H-Old-Aluminum-AL-50-A_53.jpg\",\"contentUrl\":\"https:\\\/\\\/cardinal-tapes.com\\\/wp-content\\\/uploads\\\/H-Old-Aluminum-AL-50-A_53.jpg\",\"width\":380,\"height\":380},{\"@type\":\"BreadcrumbList\",\"@id\":\"https:\\\/\\\/cardinal-tapes.com\\\/fr\\\/rubans-adh\u00e9sifs\\\/rubans-adhesifs-simple-face\\\/film-pet\\\/ruban-adhesif-en-aluminium-h-old-4010\\\/#breadcrumb\",\"itemListElement\":[{\"@type\":\"ListItem\",\"position\":1,\"name\":\"Startseite\",\"item\":\"https:\\\/\\\/cardinal-tapes.com\\\/fr\\\/accueil\\\/\"},{\"@type\":\"ListItem\",\"position\":2,\"name\":\"Rubans adh\u00e9sifs\",\"item\":\"https:\\\/\\\/cardinal-tapes.com\\\/fr\\\/rubans-adhesifs-fr\\\/\"},{\"@type\":\"ListItem\",\"position\":3,\"name\":\"Rubans adh\u00e9sifs simple face\",\"item\":\"https:\\\/\\\/cardinal-tapes.com\\\/fr\\\/catgorie\\\/rubans-adhesifs-simple-face\\\/\"},{\"@type\":\"ListItem\",\"position\":4,\"name\":\"Film PET\",\"item\":\"https:\\\/\\\/cardinal-tapes.com\\\/fr\\\/catgorie\\\/film-pet\\\/\"},{\"@type\":\"ListItem\",\"position\":5,\"name\":\"h-old\u00ae 4010 Ruban adh\u00e9sif en aluminium\"}]},{\"@type\":\"WebSite\",\"@id\":\"https:\\\/\\\/cardinal-tapes.com\\\/#website\",\"url\":\"https:\\\/\\\/cardinal-tapes.com\\\/\",\"name\":\"cardinal TAPES\",\"description\":\"Klebetechnik aus Wuppertal\",\"potentialAction\":[{\"@type\":\"SearchAction\",\"target\":{\"@type\":\"EntryPoint\",\"urlTemplate\":\"https:\\\/\\\/cardinal-tapes.com\\\/?s={search_term_string}\"},\"query-input\":{\"@type\":\"PropertyValueSpecification\",\"valueRequired\":true,\"valueName\":\"search_term_string\"}}],\"inLanguage\":\"fr-FR\"}]}<\/script>\n<!-- \/ Yoast SEO plugin. -->","yoast_head_json":{"title":"h-old-4010-ruban adh\u00e9sif en aluminium | Cardinal TAPES","description":"Le ruban adh\u00e9sif en polyester hold P.40 est un ruban adh\u00e9sif de 0,06 mm d'\u00e9paisseur, compos\u00e9 d'un support en film polyester enduit d'une colle silicone de haute qualit\u00e9.","robots":{"index":"index","follow":"follow","max-snippet":"max-snippet:-1","max-image-preview":"max-image-preview:large","max-video-preview":"max-video-preview:-1"},"canonical":"https:\/\/cardinal-tapes.com\/fr\/rubans-adh\u00e9sifs\/rubans-adhesifs-simple-face\/film-pet\/ruban-adhesif-en-aluminium-h-old-4010\/","og_locale":"fr_FR","og_type":"article","og_title":"h-old-4010-ruban adh\u00e9sif en aluminium | Cardinal TAPES","og_description":"Le ruban adh\u00e9sif en polyester hold P.40 est un ruban adh\u00e9sif de 0,06 mm d'\u00e9paisseur, compos\u00e9 d'un support en film polyester enduit d'une colle silicone de haute qualit\u00e9.","og_url":"https:\/\/cardinal-tapes.com\/fr\/rubans-adh\u00e9sifs\/rubans-adhesifs-simple-face\/film-pet\/ruban-adhesif-en-aluminium-h-old-4010\/","og_site_name":"cardinal TAPES","article_modified_time":"2025-07-02T10:29:43+00:00","og_image":[{"width":380,"height":380,"url":"https:\/\/cardinal-tapes.com\/wp-content\/uploads\/H-Old-Aluminum-AL-50-A_53.jpg","type":"image\/jpeg"}],"twitter_card":"summary_large_image","schema":{"@context":"https:\/\/schema.org","@graph":[{"@type":"WebPage","@id":"https:\/\/cardinal-tapes.com\/fr\/rubans-adh\u00e9sifs\/rubans-adhesifs-simple-face\/film-pet\/ruban-adhesif-en-aluminium-h-old-4010\/","url":"https:\/\/cardinal-tapes.com\/fr\/rubans-adh\u00e9sifs\/rubans-adhesifs-simple-face\/film-pet\/ruban-adhesif-en-aluminium-h-old-4010\/","name":"h-old-4010-ruban adh\u00e9sif en aluminium | Cardinal TAPES","isPartOf":{"@id":"https:\/\/cardinal-tapes.com\/#website"},"primaryImageOfPage":{"@id":"https:\/\/cardinal-tapes.com\/fr\/rubans-adh\u00e9sifs\/rubans-adhesifs-simple-face\/film-pet\/ruban-adhesif-en-aluminium-h-old-4010\/#primaryimage"},"image":{"@id":"https:\/\/cardinal-tapes.com\/fr\/rubans-adh\u00e9sifs\/rubans-adhesifs-simple-face\/film-pet\/ruban-adhesif-en-aluminium-h-old-4010\/#primaryimage"},"thumbnailUrl":"https:\/\/cardinal-tapes.com\/wp-content\/uploads\/H-Old-Aluminum-AL-50-A_53.jpg","datePublished":"2023-06-05T14:55:39+00:00","dateModified":"2025-07-02T10:29:43+00:00","description":"Le ruban adh\u00e9sif en polyester hold P.40 est un ruban adh\u00e9sif de 0,06 mm d'\u00e9paisseur, compos\u00e9 d'un support en film polyester enduit d'une colle silicone de haute qualit\u00e9.","breadcrumb":{"@id":"https:\/\/cardinal-tapes.com\/fr\/rubans-adh\u00e9sifs\/rubans-adhesifs-simple-face\/film-pet\/ruban-adhesif-en-aluminium-h-old-4010\/#breadcrumb"},"inLanguage":"fr-FR","potentialAction":[{"@type":"ReadAction","target":["https:\/\/cardinal-tapes.com\/fr\/rubans-adh\u00e9sifs\/rubans-adhesifs-simple-face\/film-pet\/ruban-adhesif-en-aluminium-h-old-4010\/"]}]},{"@type":"ImageObject","inLanguage":"fr-FR","@id":"https:\/\/cardinal-tapes.com\/fr\/rubans-adh\u00e9sifs\/rubans-adhesifs-simple-face\/film-pet\/ruban-adhesif-en-aluminium-h-old-4010\/#primaryimage","url":"https:\/\/cardinal-tapes.com\/wp-content\/uploads\/H-Old-Aluminum-AL-50-A_53.jpg","contentUrl":"https:\/\/cardinal-tapes.com\/wp-content\/uploads\/H-Old-Aluminum-AL-50-A_53.jpg","width":380,"height":380},{"@type":"BreadcrumbList","@id":"https:\/\/cardinal-tapes.com\/fr\/rubans-adh\u00e9sifs\/rubans-adhesifs-simple-face\/film-pet\/ruban-adhesif-en-aluminium-h-old-4010\/#breadcrumb","itemListElement":[{"@type":"ListItem","position":1,"name":"Startseite","item":"https:\/\/cardinal-tapes.com\/fr\/accueil\/"},{"@type":"ListItem","position":2,"name":"Rubans adh\u00e9sifs","item":"https:\/\/cardinal-tapes.com\/fr\/rubans-adhesifs-fr\/"},{"@type":"ListItem","position":3,"name":"Rubans adh\u00e9sifs simple face","item":"https:\/\/cardinal-tapes.com\/fr\/catgorie\/rubans-adhesifs-simple-face\/"},{"@type":"ListItem","position":4,"name":"Film PET","item":"https:\/\/cardinal-tapes.com\/fr\/catgorie\/film-pet\/"},{"@type":"ListItem","position":5,"name":"h-old\u00ae 4010 Ruban adh\u00e9sif en aluminium"}]},{"@type":"WebSite","@id":"https:\/\/cardinal-tapes.com\/#website","url":"https:\/\/cardinal-tapes.com\/","name":"cardinal TAPES","description":"Klebetechnik aus Wuppertal","potentialAction":[{"@type":"SearchAction","target":{"@type":"EntryPoint","urlTemplate":"https:\/\/cardinal-tapes.com\/?s={search_term_string}"},"query-input":{"@type":"PropertyValueSpecification","valueRequired":true,"valueName":"search_term_string"}}],"inLanguage":"fr-FR"}]}},"brands":[{"id":2330,"name":"Saint-Gobain Performance Plastics","slug":"saint-gobain-fr"},{"id":2367,"name":"Saint-Gobain h-old","slug":"h-old-fr"}],"_links":{"self":[{"href":"https:\/\/cardinal-tapes.com\/fr\/wp-json\/wp\/v2\/product\/40580","targetHints":{"allow":["GET"]}}],"collection":[{"href":"https:\/\/cardinal-tapes.com\/fr\/wp-json\/wp\/v2\/product"}],"about":[{"href":"https:\/\/cardinal-tapes.com\/fr\/wp-json\/wp\/v2\/types\/product"}],"wp:featuredmedia":[{"embeddable":true,"href":"https:\/\/cardinal-tapes.com\/fr\/wp-json\/wp\/v2\/media\/29028"}],"wp:attachment":[{"href":"https:\/\/cardinal-tapes.com\/fr\/wp-json\/wp\/v2\/media?parent=40580"}],"wp:term":[{"taxonomy":"pwb-brand","embeddable":true,"href":"https:\/\/cardinal-tapes.com\/fr\/wp-json\/wp\/v2\/pwb-brand?post=40580"},{"taxonomy":"product_brand","embeddable":true,"href":"https:\/\/cardinal-tapes.com\/fr\/wp-json\/wp\/v2\/product_brand?post=40580"},{"taxonomy":"product_cat","embeddable":true,"href":"https:\/\/cardinal-tapes.com\/fr\/wp-json\/wp\/v2\/product_cat?post=40580"},{"taxonomy":"product_tag","embeddable":true,"href":"https:\/\/cardinal-tapes.com\/fr\/wp-json\/wp\/v2\/product_tag?post=40580"}],"curies":[{"name":"wp","href":"https:\/\/api.w.org\/{rel}","templated":true}]}}